{"id":63789,"date":"2023-01-19T16:01:11","date_gmt":"2023-01-19T15:01:11","guid":{"rendered":"https:\/\/www.inoxforniture.it\/charniere-inox-aisi-304-a-cavalier-plaque-ronde-et-ecrou-reglable\/"},"modified":"2026-01-23T18:38:02","modified_gmt":"2026-01-23T17:38:02","slug":"charniere-inox-aisi-304-a-cavalier-plaque-ronde-et-ecrou-reglable","status":"publish","type":"product","link":"https:\/\/www.inoxforniture.it\/fr\/charniere-inox-aisi-304-a-cavalier-plaque-ronde-et-ecrou-reglable\/","title":{"rendered":"CHARNI\u00c8RE INOX AISI 304 \u00c0 CAVALIER PLAQUE RONDE ET \u00c9CROU R\u00c9GLABLE"},"content":{"rendered":"<p>Charni\u00e8re inox AISI 304 pour portails avec plaque ronde.<br \/>\nPossibilit\u00e9 de r\u00e9glage de la charni\u00e8re en longueur.<\/p>\n<p><img fetchpriority=\"high\" decoding=\"async\" class=\"size-full wp-image-40276\" src=\"https:\/\/www.inoxforniture.it\/wp-content\/uploads\/2023\/01\/9180017_2.jpg\" alt=\"Charni\u00e8re \u00e0 cavalier inox AISI 304 pour portails avec plaque ronde.\" width=\"600\" height=\"600\" srcset=\"https:\/\/www.inoxforniture.it\/wp-content\/uploads\/2023\/01\/9180017_2.jpg 600w, https:\/\/www.inoxforniture.it\/wp-content\/uploads\/2023\/01\/9180017_2-400x400.jpg 400w\" sizes=\"(max-width: 600px) 100vw, 600px\" \/><\/p>\n","protected":false},"excerpt":{"rendered":"<p>Charni\u00e8re inox AISI 304 pour portails avec plaque ronde.<\/p>\n","protected":false},"featured_media":63790,"template":"","meta":{"_acf_changed":false},"product_brand":[],"product_cat":[4102],"product_tag":[],"class_list":{"0":"post-63789","1":"product","2":"type-product","3":"status-publish","4":"has-post-thumbnail","6":"product_cat-composants-pour-portails","7":"pa_prodotto-m16-plaque-o-46","8":"pa_prodotto-m20-plaque-o-52","10":"first","11":"onbackorder","12":"taxable","13":"shipping-taxable","14":"purchasable","15":"product-type-variable"},"acf":[],"yoast_head":"<!-- This site is optimized with the Yoast SEO plugin v27.3 - https:\/\/yoast.com\/product\/yoast-seo-wordpress\/ -->\n<title>CHARNI\u00c8RE INOX AISI 304 \u00c0 CAVALIER PLAQUE RONDE<\/title>\n<meta name=\"description\" content=\"INOX FORNITURE - Charni\u00e8re inox AISI 304 pour portails avec plaque ronde. Possibilit\u00e9 de r\u00e9glage de la charni\u00e8re en longueur.\" \/>\n<meta name=\"robots\" content=\"index, follow, max-snippet:-1, max-image-preview:large, max-video-preview:-1\" \/>\n<link rel=\"canonical\" href=\"https:\/\/www.inoxforniture.it\/fr\/charniere-inox-aisi-304-a-cavalier-plaque-ronde-et-ecrou-reglable\/\" \/>\n<meta property=\"og:locale\" content=\"fr_FR\" \/>\n<meta property=\"og:type\" content=\"article\" \/>\n<meta property=\"og:title\" content=\"CHARNI\u00c8RE INOX AISI 304 \u00c0 CAVALIER PLAQUE RONDE\" \/>\n<meta property=\"og:description\" content=\"INOX FORNITURE - Charni\u00e8re inox AISI 304 pour portails avec plaque ronde. Possibilit\u00e9 de r\u00e9glage de la charni\u00e8re en longueur.\" \/>\n<meta property=\"og:url\" content=\"https:\/\/www.inoxforniture.it\/fr\/charniere-inox-aisi-304-a-cavalier-plaque-ronde-et-ecrou-reglable\/\" \/>\n<meta property=\"og:site_name\" content=\"Inox Forniture\" \/>\n<meta property=\"article:publisher\" content=\"https:\/\/www.facebook.com\/Inox.Forniture\" \/>\n<meta property=\"article:modified_time\" content=\"2026-01-23T17:38:02+00:00\" \/>\n<meta property=\"og:image\" content=\"https:\/\/www.inoxforniture.it\/wp-content\/uploads\/2023\/01\/9180017_1.jpg\" \/>\n\t<meta property=\"og:image:width\" content=\"480\" \/>\n\t<meta property=\"og:image:height\" content=\"480\" \/>\n\t<meta property=\"og:image:type\" content=\"image\/jpeg\" \/>\n<meta name=\"twitter:card\" content=\"summary_large_image\" \/>\n<meta name=\"twitter:site\" content=\"@InoxForniture\" \/>\n<script type=\"application\/ld+json\" class=\"yoast-schema-graph\">{\"@context\":\"https:\\\/\\\/schema.org\",\"@graph\":[{\"@type\":\"WebPage\",\"@id\":\"https:\\\/\\\/www.inoxforniture.it\\\/fr\\\/charniere-inox-aisi-304-a-cavalier-plaque-ronde-et-ecrou-reglable\\\/\",\"url\":\"https:\\\/\\\/www.inoxforniture.it\\\/fr\\\/charniere-inox-aisi-304-a-cavalier-plaque-ronde-et-ecrou-reglable\\\/\",\"name\":\"CHARNI\u00c8RE INOX AISI 304 \u00c0 CAVALIER PLAQUE RONDE\",\"isPartOf\":{\"@id\":\"https:\\\/\\\/www.inoxforniture.it\\\/#website\"},\"primaryImageOfPage\":{\"@id\":\"https:\\\/\\\/www.inoxforniture.it\\\/fr\\\/charniere-inox-aisi-304-a-cavalier-plaque-ronde-et-ecrou-reglable\\\/#primaryimage\"},\"image\":{\"@id\":\"https:\\\/\\\/www.inoxforniture.it\\\/fr\\\/charniere-inox-aisi-304-a-cavalier-plaque-ronde-et-ecrou-reglable\\\/#primaryimage\"},\"thumbnailUrl\":\"https:\\\/\\\/www.inoxforniture.it\\\/wp-content\\\/uploads\\\/2023\\\/01\\\/9180017_1.jpg\",\"datePublished\":\"2023-01-19T15:01:11+00:00\",\"dateModified\":\"2026-01-23T17:38:02+00:00\",\"description\":\"INOX FORNITURE - Charni\u00e8re inox AISI 304 pour portails avec plaque ronde. Possibilit\u00e9 de r\u00e9glage de la charni\u00e8re en longueur.\",\"breadcrumb\":{\"@id\":\"https:\\\/\\\/www.inoxforniture.it\\\/fr\\\/charniere-inox-aisi-304-a-cavalier-plaque-ronde-et-ecrou-reglable\\\/#breadcrumb\"},\"inLanguage\":\"fr-FR\",\"potentialAction\":[{\"@type\":\"ReadAction\",\"target\":[\"https:\\\/\\\/www.inoxforniture.it\\\/fr\\\/charniere-inox-aisi-304-a-cavalier-plaque-ronde-et-ecrou-reglable\\\/\"]}]},{\"@type\":\"ImageObject\",\"inLanguage\":\"fr-FR\",\"@id\":\"https:\\\/\\\/www.inoxforniture.it\\\/fr\\\/charniere-inox-aisi-304-a-cavalier-plaque-ronde-et-ecrou-reglable\\\/#primaryimage\",\"url\":\"https:\\\/\\\/www.inoxforniture.it\\\/wp-content\\\/uploads\\\/2023\\\/01\\\/9180017_1.jpg\",\"contentUrl\":\"https:\\\/\\\/www.inoxforniture.it\\\/wp-content\\\/uploads\\\/2023\\\/01\\\/9180017_1.jpg\",\"width\":480,\"height\":480,\"caption\":\"Charni\u00e8re \u00e0 cavalier inox AISI 304 pour portails avec plaque ronde.\"},{\"@type\":\"BreadcrumbList\",\"@id\":\"https:\\\/\\\/www.inoxforniture.it\\\/fr\\\/charniere-inox-aisi-304-a-cavalier-plaque-ronde-et-ecrou-reglable\\\/#breadcrumb\",\"itemListElement\":[{\"@type\":\"ListItem\",\"position\":1,\"name\":\"Accueil\",\"item\":\"https:\\\/\\\/www.inoxforniture.it\\\/\"},{\"@type\":\"ListItem\",\"position\":2,\"name\":\"Boutique\",\"item\":\"https:\\\/\\\/www.inoxforniture.it\\\/fr\\\/boutique\\\/\"},{\"@type\":\"ListItem\",\"position\":3,\"name\":\"Ferramenta inox\",\"item\":\"https:\\\/\\\/www.inoxforniture.it\\\/ferramenta-inox\\\/\"},{\"@type\":\"ListItem\",\"position\":4,\"name\":\"Componenti per cancelli\",\"item\":\"https:\\\/\\\/www.inoxforniture.it\\\/componenti-per-cancelli\\\/\"},{\"@type\":\"ListItem\",\"position\":5,\"name\":\"CHARNI\u00c8RE INOX AISI 304 \u00c0 CAVALIER PLAQUE RONDE ET \u00c9CROU R\u00c9GLABLE\"}]},{\"@type\":\"WebSite\",\"@id\":\"https:\\\/\\\/www.inoxforniture.it\\\/#website\",\"url\":\"https:\\\/\\\/www.inoxforniture.it\\\/\",\"name\":\"Inox Forniture\",\"description\":\"\",\"publisher\":{\"@id\":\"https:\\\/\\\/www.inoxforniture.it\\\/#organization\"},\"potentialAction\":[{\"@type\":\"SearchAction\",\"target\":{\"@type\":\"EntryPoint\",\"urlTemplate\":\"https:\\\/\\\/www.inoxforniture.it\\\/?s={search_term_string}\"},\"query-input\":{\"@type\":\"PropertyValueSpecification\",\"valueRequired\":true,\"valueName\":\"search_term_string\"}}],\"inLanguage\":\"fr-FR\"},{\"@type\":\"Organization\",\"@id\":\"https:\\\/\\\/www.inoxforniture.it\\\/#organization\",\"name\":\"Inox Forniture srl\",\"url\":\"https:\\\/\\\/www.inoxforniture.it\\\/\",\"logo\":{\"@type\":\"ImageObject\",\"inLanguage\":\"fr-FR\",\"@id\":\"https:\\\/\\\/www.inoxforniture.it\\\/#\\\/schema\\\/logo\\\/image\\\/\",\"url\":\"https:\\\/\\\/www.inoxforniture.it\\\/wp-content\\\/uploads\\\/2021\\\/01\\\/logo_inox.png\",\"contentUrl\":\"https:\\\/\\\/www.inoxforniture.it\\\/wp-content\\\/uploads\\\/2021\\\/01\\\/logo_inox.png\",\"width\":230,\"height\":44,\"caption\":\"Inox Forniture srl\"},\"image\":{\"@id\":\"https:\\\/\\\/www.inoxforniture.it\\\/#\\\/schema\\\/logo\\\/image\\\/\"},\"sameAs\":[\"https:\\\/\\\/www.facebook.com\\\/Inox.Forniture\",\"https:\\\/\\\/x.com\\\/InoxForniture\"]}]}<\/script>\n<!-- \/ Yoast SEO plugin. -->","yoast_head_json":{"title":"CHARNI\u00c8RE INOX AISI 304 \u00c0 CAVALIER PLAQUE RONDE","description":"INOX FORNITURE - Charni\u00e8re inox AISI 304 pour portails avec plaque ronde. Possibilit\u00e9 de r\u00e9glage de la charni\u00e8re en longueur.","robots":{"index":"index","follow":"follow","max-snippet":"max-snippet:-1","max-image-preview":"max-image-preview:large","max-video-preview":"max-video-preview:-1"},"canonical":"https:\/\/www.inoxforniture.it\/fr\/charniere-inox-aisi-304-a-cavalier-plaque-ronde-et-ecrou-reglable\/","og_locale":"fr_FR","og_type":"article","og_title":"CHARNI\u00c8RE INOX AISI 304 \u00c0 CAVALIER PLAQUE RONDE","og_description":"INOX FORNITURE - Charni\u00e8re inox AISI 304 pour portails avec plaque ronde. Possibilit\u00e9 de r\u00e9glage de la charni\u00e8re en longueur.","og_url":"https:\/\/www.inoxforniture.it\/fr\/charniere-inox-aisi-304-a-cavalier-plaque-ronde-et-ecrou-reglable\/","og_site_name":"Inox Forniture","article_publisher":"https:\/\/www.facebook.com\/Inox.Forniture","article_modified_time":"2026-01-23T17:38:02+00:00","og_image":[{"width":480,"height":480,"url":"https:\/\/www.inoxforniture.it\/wp-content\/uploads\/2023\/01\/9180017_1.jpg","type":"image\/jpeg"}],"twitter_card":"summary_large_image","twitter_site":"@InoxForniture","schema":{"@context":"https:\/\/schema.org","@graph":[{"@type":"WebPage","@id":"https:\/\/www.inoxforniture.it\/fr\/charniere-inox-aisi-304-a-cavalier-plaque-ronde-et-ecrou-reglable\/","url":"https:\/\/www.inoxforniture.it\/fr\/charniere-inox-aisi-304-a-cavalier-plaque-ronde-et-ecrou-reglable\/","name":"CHARNI\u00c8RE INOX AISI 304 \u00c0 CAVALIER PLAQUE RONDE","isPartOf":{"@id":"https:\/\/www.inoxforniture.it\/#website"},"primaryImageOfPage":{"@id":"https:\/\/www.inoxforniture.it\/fr\/charniere-inox-aisi-304-a-cavalier-plaque-ronde-et-ecrou-reglable\/#primaryimage"},"image":{"@id":"https:\/\/www.inoxforniture.it\/fr\/charniere-inox-aisi-304-a-cavalier-plaque-ronde-et-ecrou-reglable\/#primaryimage"},"thumbnailUrl":"https:\/\/www.inoxforniture.it\/wp-content\/uploads\/2023\/01\/9180017_1.jpg","datePublished":"2023-01-19T15:01:11+00:00","dateModified":"2026-01-23T17:38:02+00:00","description":"INOX FORNITURE - Charni\u00e8re inox AISI 304 pour portails avec plaque ronde. Possibilit\u00e9 de r\u00e9glage de la charni\u00e8re en longueur.","breadcrumb":{"@id":"https:\/\/www.inoxforniture.it\/fr\/charniere-inox-aisi-304-a-cavalier-plaque-ronde-et-ecrou-reglable\/#breadcrumb"},"inLanguage":"fr-FR","potentialAction":[{"@type":"ReadAction","target":["https:\/\/www.inoxforniture.it\/fr\/charniere-inox-aisi-304-a-cavalier-plaque-ronde-et-ecrou-reglable\/"]}]},{"@type":"ImageObject","inLanguage":"fr-FR","@id":"https:\/\/www.inoxforniture.it\/fr\/charniere-inox-aisi-304-a-cavalier-plaque-ronde-et-ecrou-reglable\/#primaryimage","url":"https:\/\/www.inoxforniture.it\/wp-content\/uploads\/2023\/01\/9180017_1.jpg","contentUrl":"https:\/\/www.inoxforniture.it\/wp-content\/uploads\/2023\/01\/9180017_1.jpg","width":480,"height":480,"caption":"Charni\u00e8re \u00e0 cavalier inox AISI 304 pour portails avec plaque ronde."},{"@type":"BreadcrumbList","@id":"https:\/\/www.inoxforniture.it\/fr\/charniere-inox-aisi-304-a-cavalier-plaque-ronde-et-ecrou-reglable\/#breadcrumb","itemListElement":[{"@type":"ListItem","position":1,"name":"Accueil","item":"https:\/\/www.inoxforniture.it\/"},{"@type":"ListItem","position":2,"name":"Boutique","item":"https:\/\/www.inoxforniture.it\/fr\/boutique\/"},{"@type":"ListItem","position":3,"name":"Ferramenta inox","item":"https:\/\/www.inoxforniture.it\/ferramenta-inox\/"},{"@type":"ListItem","position":4,"name":"Componenti per cancelli","item":"https:\/\/www.inoxforniture.it\/componenti-per-cancelli\/"},{"@type":"ListItem","position":5,"name":"CHARNI\u00c8RE INOX AISI 304 \u00c0 CAVALIER PLAQUE RONDE ET \u00c9CROU R\u00c9GLABLE"}]},{"@type":"WebSite","@id":"https:\/\/www.inoxforniture.it\/#website","url":"https:\/\/www.inoxforniture.it\/","name":"Inox Forniture","description":"","publisher":{"@id":"https:\/\/www.inoxforniture.it\/#organization"},"potentialAction":[{"@type":"SearchAction","target":{"@type":"EntryPoint","urlTemplate":"https:\/\/www.inoxforniture.it\/?s={search_term_string}"},"query-input":{"@type":"PropertyValueSpecification","valueRequired":true,"valueName":"search_term_string"}}],"inLanguage":"fr-FR"},{"@type":"Organization","@id":"https:\/\/www.inoxforniture.it\/#organization","name":"Inox Forniture srl","url":"https:\/\/www.inoxforniture.it\/","logo":{"@type":"ImageObject","inLanguage":"fr-FR","@id":"https:\/\/www.inoxforniture.it\/#\/schema\/logo\/image\/","url":"https:\/\/www.inoxforniture.it\/wp-content\/uploads\/2021\/01\/logo_inox.png","contentUrl":"https:\/\/www.inoxforniture.it\/wp-content\/uploads\/2021\/01\/logo_inox.png","width":230,"height":44,"caption":"Inox Forniture srl"},"image":{"@id":"https:\/\/www.inoxforniture.it\/#\/schema\/logo\/image\/"},"sameAs":["https:\/\/www.facebook.com\/Inox.Forniture","https:\/\/x.com\/InoxForniture"]}]}},"df_price":17.64,"df_sale_price":"","df_regular_price":17.64,"df_image_link":"https:\/\/www.inoxforniture.it\/wp-content\/uploads\/2023\/01\/9180017_1-300x300.jpg","tiered_pricing_type":"fixed","tiered_pricing_fixed_rules":[],"tiered_pricing_product_settings":{"layout":"default","base_unit_name":{"singular":null,"plural":null},"default_variation":null},"tiered_pricing_minimum_quantity":null,"tiered_pricing_roles_data":{"privato":{"product_id":63789,"role":"privato","pricing_type":"flat","regular_price":null,"sale_price":null,"discount":null,"discount_type":"sale_price","tiered_pricing_type":"fixed","percentage_rules":[],"fixed_rules":[],"minimum":null},"azienda":{"product_id":63789,"role":"azienda","pricing_type":"flat","regular_price":null,"sale_price":null,"discount":null,"discount_type":"sale_price","tiered_pricing_type":"fixed","percentage_rules":[],"fixed_rules":[],"minimum":null},"azienda_premium":{"product_id":63789,"role":"azienda_premium","pricing_type":"flat","regular_price":null,"sale_price":null,"discount":null,"discount_type":"sale_price","tiered_pricing_type":"fixed","percentage_rules":[],"fixed_rules":[],"minimum":null}},"tiered_pricing_percentage_rules":[],"tiered_pricing_maximum_quantity":null,"tiered_pricing_quantity_step":null,"_links":{"self":[{"href":"https:\/\/www.inoxforniture.it\/fr\/wp-json\/wp\/v2\/product\/63789","targetHints":{"allow":["GET"]}}],"collection":[{"href":"https:\/\/www.inoxforniture.it\/fr\/wp-json\/wp\/v2\/product"}],"about":[{"href":"https:\/\/www.inoxforniture.it\/fr\/wp-json\/wp\/v2\/types\/product"}],"wp:featuredmedia":[{"embeddable":true,"href":"https:\/\/www.inoxforniture.it\/fr\/wp-json\/wp\/v2\/media\/63790"}],"wp:attachment":[{"href":"https:\/\/www.inoxforniture.it\/fr\/wp-json\/wp\/v2\/media?parent=63789"}],"wp:term":[{"taxonomy":"product_brand","embeddable":true,"href":"https:\/\/www.inoxforniture.it\/fr\/wp-json\/wp\/v2\/product_brand?post=63789"},{"taxonomy":"product_cat","embeddable":true,"href":"https:\/\/www.inoxforniture.it\/fr\/wp-json\/wp\/v2\/product_cat?post=63789"},{"taxonomy":"product_tag","embeddable":true,"href":"https:\/\/www.inoxforniture.it\/fr\/wp-json\/wp\/v2\/product_tag?post=63789"}],"curies":[{"name":"wp","href":"https:\/\/api.w.org\/{rel}","templated":true}]}}