{"id":63711,"date":"2023-12-13T15:22:10","date_gmt":"2023-12-13T14:22:10","guid":{"rendered":"https:\/\/www.inoxforniture.it\/tube-inox-aisi-316-brossee-o-424x20-trous-borgnes-o-1225-entraxe-110\/"},"modified":"2026-01-23T18:38:15","modified_gmt":"2026-01-23T17:38:15","slug":"tube-inox-aisi-316-brossee-o-424x20-trous-borgnes-o-1225-entraxe-110","status":"publish","type":"product","link":"https:\/\/www.inoxforniture.it\/fr\/tube-inox-aisi-316-brossee-o-424x20-trous-borgnes-o-1225-entraxe-110\/","title":{"rendered":"TUBE INOX AISI 316 BROSS\u00c9E \u00d8 42,4X2,0 Trous borgnes \u00d8 12,25 Entraxe 110"},"content":{"rendered":"<p>TUBE \u00d8 42,4X2,0 Trous borgnes \u00d8 12,25 Entraxe 110 AISI 316 BROSS\u00c9E.<br \/>\nId\u00e9al pour construire des panneaux avec des lisses de \u00d8 12 mm \u00e0 souder une fois ins\u00e9r\u00e9es dans les trous de \u00d812,25 mm.<br \/>\nDisponible en longueurs standard de 950, 1450, 1950, 2950 mm.<br \/>\nN&rsquo;h\u00e9sitez pas \u00e0 nous contacter pour demander des longueurs et des per\u00e7ages sur mesure.<\/p>\n<figure id=\"attachment_20626\" aria-describedby=\"caption-attachment-20626\" style=\"width: 480px\" class=\"wp-caption alignnone\"><img fetchpriority=\"high\" decoding=\"async\" class=\"size-full wp-image-20626\" src=\"https:\/\/www.inoxforniture.it\/wp-content\/uploads\/2021\/08\/P110637-0_1.jpg\" alt=\"{%ALT_TEXT%}\" width=\"480\" height=\"480\" srcset=\"https:\/\/www.inoxforniture.it\/wp-content\/uploads\/2021\/08\/P110637-0_1.jpg 480w, https:\/\/www.inoxforniture.it\/wp-content\/uploads\/2021\/08\/P110637-0_1-400x400.jpg 400w\" sizes=\"(max-width: 480px) 100vw, 480px\" \/><figcaption id=\"caption-attachment-20626\" class=\"wp-caption-text\">{%CAPTION%}<\/figcaption><\/figure>\n<p>&nbsp;<\/p>\n","protected":false},"excerpt":{"rendered":"<p>TUBE \u00d8 42,4X2,0 Trous borgnes \u00d8 12,25 Entraxe 110 AISI 316 BROSS\u00c9E.<br \/>\nId\u00e9al pour construire des panneaux avec des lisses de \u00d8 12 mm \u00e0 souder une fois ins\u00e9r\u00e9es dans les trous de \u00d812,25 mm.<br \/>\nDisponible en longueurs standard de 950, 1450, 1950, 2950 mm.<\/p>\n","protected":false},"featured_media":63490,"template":"","meta":{"_acf_changed":false},"product_brand":[],"product_cat":[4139],"product_tag":[],"class_list":{"0":"post-63711","1":"product","2":"type-product","3":"status-publish","4":"has-post-thumbnail","6":"product_cat-produits-semi-finis","7":"pa_prodotto-l-1450","8":"pa_prodotto-l-1950","9":"pa_prodotto-l-2950","10":"pa_prodotto-l-950","12":"first","13":"onbackorder","14":"taxable","15":"shipping-taxable","16":"purchasable","17":"product-type-variable"},"acf":[],"yoast_head":"<!-- This site is optimized with the Yoast SEO plugin v27.3 - https:\/\/yoast.com\/product\/yoast-seo-wordpress\/ -->\n<title>TUBE INOX AISI 316 BROSS\u00c9E \u00d8 42,4X2,0 Trous borgnes \u00d8 12,25 Entraxe 110 - Inox Forniture<\/title>\n<meta name=\"description\" content=\"Achetez en ligne TUBE \u00d8 42,4X2,0 Trous borgnes \u00d8 12,25 Entraxe 110 AISI 316 BROSS\u00c9E. Id\u00e9al pour construire des panneaux avec des lisses de \u00d8 12 mm.\" \/>\n<meta name=\"robots\" content=\"index, follow, max-snippet:-1, max-image-preview:large, max-video-preview:-1\" \/>\n<link rel=\"canonical\" href=\"https:\/\/www.inoxforniture.it\/fr\/tube-inox-aisi-316-brossee-o-424x20-trous-borgnes-o-1225-entraxe-110\/\" \/>\n<meta property=\"og:locale\" content=\"fr_FR\" \/>\n<meta property=\"og:type\" content=\"article\" \/>\n<meta property=\"og:title\" content=\"TUBE INOX AISI 316 BROSS\u00c9E \u00d8 42,4X2,0 Trous borgnes \u00d8 12,25 Entraxe 110 - Inox Forniture\" \/>\n<meta property=\"og:description\" content=\"Achetez en ligne TUBE \u00d8 42,4X2,0 Trous borgnes \u00d8 12,25 Entraxe 110 AISI 316 BROSS\u00c9E. Id\u00e9al pour construire des panneaux avec des lisses de \u00d8 12 mm.\" \/>\n<meta property=\"og:url\" content=\"https:\/\/www.inoxforniture.it\/fr\/tube-inox-aisi-316-brossee-o-424x20-trous-borgnes-o-1225-entraxe-110\/\" \/>\n<meta property=\"og:site_name\" content=\"Inox Forniture\" \/>\n<meta property=\"article:publisher\" content=\"https:\/\/www.facebook.com\/Inox.Forniture\" \/>\n<meta property=\"article:modified_time\" content=\"2026-01-23T17:38:15+00:00\" \/>\n<meta property=\"og:image\" content=\"https:\/\/www.inoxforniture.it\/wp-content\/uploads\/2021\/08\/P110637-0_1.jpg\" \/>\n\t<meta property=\"og:image:width\" content=\"480\" \/>\n\t<meta property=\"og:image:height\" content=\"480\" \/>\n\t<meta property=\"og:image:type\" content=\"image\/jpeg\" \/>\n<meta name=\"twitter:card\" content=\"summary_large_image\" \/>\n<meta name=\"twitter:site\" content=\"@InoxForniture\" \/>\n<script type=\"application\/ld+json\" class=\"yoast-schema-graph\">{\"@context\":\"https:\\\/\\\/schema.org\",\"@graph\":[{\"@type\":\"WebPage\",\"@id\":\"https:\\\/\\\/www.inoxforniture.it\\\/fr\\\/tube-inox-aisi-316-brossee-o-424x20-trous-borgnes-o-1225-entraxe-110\\\/\",\"url\":\"https:\\\/\\\/www.inoxforniture.it\\\/fr\\\/tube-inox-aisi-316-brossee-o-424x20-trous-borgnes-o-1225-entraxe-110\\\/\",\"name\":\"TUBE INOX AISI 316 BROSS\u00c9E \u00d8 42,4X2,0 Trous borgnes \u00d8 12,25 Entraxe 110 - Inox Forniture\",\"isPartOf\":{\"@id\":\"https:\\\/\\\/www.inoxforniture.it\\\/#website\"},\"primaryImageOfPage\":{\"@id\":\"https:\\\/\\\/www.inoxforniture.it\\\/fr\\\/tube-inox-aisi-316-brossee-o-424x20-trous-borgnes-o-1225-entraxe-110\\\/#primaryimage\"},\"image\":{\"@id\":\"https:\\\/\\\/www.inoxforniture.it\\\/fr\\\/tube-inox-aisi-316-brossee-o-424x20-trous-borgnes-o-1225-entraxe-110\\\/#primaryimage\"},\"thumbnailUrl\":\"https:\\\/\\\/www.inoxforniture.it\\\/wp-content\\\/uploads\\\/2021\\\/08\\\/P110637-0_1.jpg\",\"datePublished\":\"2023-12-13T14:22:10+00:00\",\"dateModified\":\"2026-01-23T17:38:15+00:00\",\"description\":\"Achetez en ligne TUBE \u00d8 42,4X2,0 Trous borgnes \u00d8 12,25 Entraxe 110 AISI 316 BROSS\u00c9E. Id\u00e9al pour construire des panneaux avec des lisses de \u00d8 12 mm.\",\"breadcrumb\":{\"@id\":\"https:\\\/\\\/www.inoxforniture.it\\\/fr\\\/tube-inox-aisi-316-brossee-o-424x20-trous-borgnes-o-1225-entraxe-110\\\/#breadcrumb\"},\"inLanguage\":\"fr-FR\",\"potentialAction\":[{\"@type\":\"ReadAction\",\"target\":[\"https:\\\/\\\/www.inoxforniture.it\\\/fr\\\/tube-inox-aisi-316-brossee-o-424x20-trous-borgnes-o-1225-entraxe-110\\\/\"]}]},{\"@type\":\"ImageObject\",\"inLanguage\":\"fr-FR\",\"@id\":\"https:\\\/\\\/www.inoxforniture.it\\\/fr\\\/tube-inox-aisi-316-brossee-o-424x20-trous-borgnes-o-1225-entraxe-110\\\/#primaryimage\",\"url\":\"https:\\\/\\\/www.inoxforniture.it\\\/wp-content\\\/uploads\\\/2021\\\/08\\\/P110637-0_1.jpg\",\"contentUrl\":\"https:\\\/\\\/www.inoxforniture.it\\\/wp-content\\\/uploads\\\/2021\\\/08\\\/P110637-0_1.jpg\",\"width\":480,\"height\":480,\"caption\":\"tube inox avec trous borgnes de 12,25 mm.\"},{\"@type\":\"BreadcrumbList\",\"@id\":\"https:\\\/\\\/www.inoxforniture.it\\\/fr\\\/tube-inox-aisi-316-brossee-o-424x20-trous-borgnes-o-1225-entraxe-110\\\/#breadcrumb\",\"itemListElement\":[{\"@type\":\"ListItem\",\"position\":1,\"name\":\"Accueil\",\"item\":\"https:\\\/\\\/www.inoxforniture.it\\\/\"},{\"@type\":\"ListItem\",\"position\":2,\"name\":\"Boutique\",\"item\":\"https:\\\/\\\/www.inoxforniture.it\\\/fr\\\/boutique\\\/\"},{\"@type\":\"ListItem\",\"position\":3,\"name\":\"Sistemi per ringhiere e balaustre\",\"item\":\"https:\\\/\\\/www.inoxforniture.it\\\/sistemi-per-ringhiere-e-balaustre\\\/\"},{\"@type\":\"ListItem\",\"position\":4,\"name\":\"Semilavorati\",\"item\":\"https:\\\/\\\/www.inoxforniture.it\\\/semilavorati\\\/\"},{\"@type\":\"ListItem\",\"position\":5,\"name\":\"TUBE INOX AISI 316 BROSS\u00c9E \u00d8 42,4X2,0 Trous borgnes \u00d8 12,25 Entraxe 110\"}]},{\"@type\":\"WebSite\",\"@id\":\"https:\\\/\\\/www.inoxforniture.it\\\/#website\",\"url\":\"https:\\\/\\\/www.inoxforniture.it\\\/\",\"name\":\"Inox Forniture\",\"description\":\"\",\"publisher\":{\"@id\":\"https:\\\/\\\/www.inoxforniture.it\\\/#organization\"},\"potentialAction\":[{\"@type\":\"SearchAction\",\"target\":{\"@type\":\"EntryPoint\",\"urlTemplate\":\"https:\\\/\\\/www.inoxforniture.it\\\/?s={search_term_string}\"},\"query-input\":{\"@type\":\"PropertyValueSpecification\",\"valueRequired\":true,\"valueName\":\"search_term_string\"}}],\"inLanguage\":\"fr-FR\"},{\"@type\":\"Organization\",\"@id\":\"https:\\\/\\\/www.inoxforniture.it\\\/#organization\",\"name\":\"Inox Forniture srl\",\"url\":\"https:\\\/\\\/www.inoxforniture.it\\\/\",\"logo\":{\"@type\":\"ImageObject\",\"inLanguage\":\"fr-FR\",\"@id\":\"https:\\\/\\\/www.inoxforniture.it\\\/#\\\/schema\\\/logo\\\/image\\\/\",\"url\":\"https:\\\/\\\/www.inoxforniture.it\\\/wp-content\\\/uploads\\\/2021\\\/01\\\/logo_inox.png\",\"contentUrl\":\"https:\\\/\\\/www.inoxforniture.it\\\/wp-content\\\/uploads\\\/2021\\\/01\\\/logo_inox.png\",\"width\":230,\"height\":44,\"caption\":\"Inox Forniture srl\"},\"image\":{\"@id\":\"https:\\\/\\\/www.inoxforniture.it\\\/#\\\/schema\\\/logo\\\/image\\\/\"},\"sameAs\":[\"https:\\\/\\\/www.facebook.com\\\/Inox.Forniture\",\"https:\\\/\\\/x.com\\\/InoxForniture\"]}]}<\/script>\n<!-- \/ Yoast SEO plugin. -->","yoast_head_json":{"title":"TUBE INOX AISI 316 BROSS\u00c9E \u00d8 42,4X2,0 Trous borgnes \u00d8 12,25 Entraxe 110 - Inox Forniture","description":"Achetez en ligne TUBE \u00d8 42,4X2,0 Trous borgnes \u00d8 12,25 Entraxe 110 AISI 316 BROSS\u00c9E. Id\u00e9al pour construire des panneaux avec des lisses de \u00d8 12 mm.","robots":{"index":"index","follow":"follow","max-snippet":"max-snippet:-1","max-image-preview":"max-image-preview:large","max-video-preview":"max-video-preview:-1"},"canonical":"https:\/\/www.inoxforniture.it\/fr\/tube-inox-aisi-316-brossee-o-424x20-trous-borgnes-o-1225-entraxe-110\/","og_locale":"fr_FR","og_type":"article","og_title":"TUBE INOX AISI 316 BROSS\u00c9E \u00d8 42,4X2,0 Trous borgnes \u00d8 12,25 Entraxe 110 - Inox Forniture","og_description":"Achetez en ligne TUBE \u00d8 42,4X2,0 Trous borgnes \u00d8 12,25 Entraxe 110 AISI 316 BROSS\u00c9E. Id\u00e9al pour construire des panneaux avec des lisses de \u00d8 12 mm.","og_url":"https:\/\/www.inoxforniture.it\/fr\/tube-inox-aisi-316-brossee-o-424x20-trous-borgnes-o-1225-entraxe-110\/","og_site_name":"Inox Forniture","article_publisher":"https:\/\/www.facebook.com\/Inox.Forniture","article_modified_time":"2026-01-23T17:38:15+00:00","og_image":[{"width":480,"height":480,"url":"https:\/\/www.inoxforniture.it\/wp-content\/uploads\/2021\/08\/P110637-0_1.jpg","type":"image\/jpeg"}],"twitter_card":"summary_large_image","twitter_site":"@InoxForniture","schema":{"@context":"https:\/\/schema.org","@graph":[{"@type":"WebPage","@id":"https:\/\/www.inoxforniture.it\/fr\/tube-inox-aisi-316-brossee-o-424x20-trous-borgnes-o-1225-entraxe-110\/","url":"https:\/\/www.inoxforniture.it\/fr\/tube-inox-aisi-316-brossee-o-424x20-trous-borgnes-o-1225-entraxe-110\/","name":"TUBE INOX AISI 316 BROSS\u00c9E \u00d8 42,4X2,0 Trous borgnes \u00d8 12,25 Entraxe 110 - Inox Forniture","isPartOf":{"@id":"https:\/\/www.inoxforniture.it\/#website"},"primaryImageOfPage":{"@id":"https:\/\/www.inoxforniture.it\/fr\/tube-inox-aisi-316-brossee-o-424x20-trous-borgnes-o-1225-entraxe-110\/#primaryimage"},"image":{"@id":"https:\/\/www.inoxforniture.it\/fr\/tube-inox-aisi-316-brossee-o-424x20-trous-borgnes-o-1225-entraxe-110\/#primaryimage"},"thumbnailUrl":"https:\/\/www.inoxforniture.it\/wp-content\/uploads\/2021\/08\/P110637-0_1.jpg","datePublished":"2023-12-13T14:22:10+00:00","dateModified":"2026-01-23T17:38:15+00:00","description":"Achetez en ligne TUBE \u00d8 42,4X2,0 Trous borgnes \u00d8 12,25 Entraxe 110 AISI 316 BROSS\u00c9E. Id\u00e9al pour construire des panneaux avec des lisses de \u00d8 12 mm.","breadcrumb":{"@id":"https:\/\/www.inoxforniture.it\/fr\/tube-inox-aisi-316-brossee-o-424x20-trous-borgnes-o-1225-entraxe-110\/#breadcrumb"},"inLanguage":"fr-FR","potentialAction":[{"@type":"ReadAction","target":["https:\/\/www.inoxforniture.it\/fr\/tube-inox-aisi-316-brossee-o-424x20-trous-borgnes-o-1225-entraxe-110\/"]}]},{"@type":"ImageObject","inLanguage":"fr-FR","@id":"https:\/\/www.inoxforniture.it\/fr\/tube-inox-aisi-316-brossee-o-424x20-trous-borgnes-o-1225-entraxe-110\/#primaryimage","url":"https:\/\/www.inoxforniture.it\/wp-content\/uploads\/2021\/08\/P110637-0_1.jpg","contentUrl":"https:\/\/www.inoxforniture.it\/wp-content\/uploads\/2021\/08\/P110637-0_1.jpg","width":480,"height":480,"caption":"tube inox avec trous borgnes de 12,25 mm."},{"@type":"BreadcrumbList","@id":"https:\/\/www.inoxforniture.it\/fr\/tube-inox-aisi-316-brossee-o-424x20-trous-borgnes-o-1225-entraxe-110\/#breadcrumb","itemListElement":[{"@type":"ListItem","position":1,"name":"Accueil","item":"https:\/\/www.inoxforniture.it\/"},{"@type":"ListItem","position":2,"name":"Boutique","item":"https:\/\/www.inoxforniture.it\/fr\/boutique\/"},{"@type":"ListItem","position":3,"name":"Sistemi per ringhiere e balaustre","item":"https:\/\/www.inoxforniture.it\/sistemi-per-ringhiere-e-balaustre\/"},{"@type":"ListItem","position":4,"name":"Semilavorati","item":"https:\/\/www.inoxforniture.it\/semilavorati\/"},{"@type":"ListItem","position":5,"name":"TUBE INOX AISI 316 BROSS\u00c9E \u00d8 42,4X2,0 Trous borgnes \u00d8 12,25 Entraxe 110"}]},{"@type":"WebSite","@id":"https:\/\/www.inoxforniture.it\/#website","url":"https:\/\/www.inoxforniture.it\/","name":"Inox Forniture","description":"","publisher":{"@id":"https:\/\/www.inoxforniture.it\/#organization"},"potentialAction":[{"@type":"SearchAction","target":{"@type":"EntryPoint","urlTemplate":"https:\/\/www.inoxforniture.it\/?s={search_term_string}"},"query-input":{"@type":"PropertyValueSpecification","valueRequired":true,"valueName":"search_term_string"}}],"inLanguage":"fr-FR"},{"@type":"Organization","@id":"https:\/\/www.inoxforniture.it\/#organization","name":"Inox Forniture srl","url":"https:\/\/www.inoxforniture.it\/","logo":{"@type":"ImageObject","inLanguage":"fr-FR","@id":"https:\/\/www.inoxforniture.it\/#\/schema\/logo\/image\/","url":"https:\/\/www.inoxforniture.it\/wp-content\/uploads\/2021\/01\/logo_inox.png","contentUrl":"https:\/\/www.inoxforniture.it\/wp-content\/uploads\/2021\/01\/logo_inox.png","width":230,"height":44,"caption":"Inox Forniture srl"},"image":{"@id":"https:\/\/www.inoxforniture.it\/#\/schema\/logo\/image\/"},"sameAs":["https:\/\/www.facebook.com\/Inox.Forniture","https:\/\/x.com\/InoxForniture"]}]}},"df_price":36,"df_sale_price":"","df_regular_price":36,"df_image_link":"https:\/\/www.inoxforniture.it\/wp-content\/uploads\/2021\/08\/P110637-0_1-300x300.jpg","tiered_pricing_type":"fixed","tiered_pricing_fixed_rules":[],"tiered_pricing_product_settings":{"layout":"default","base_unit_name":{"singular":null,"plural":null},"default_variation":null},"tiered_pricing_minimum_quantity":null,"tiered_pricing_roles_data":{"privato":{"product_id":63711,"role":"privato","pricing_type":"flat","regular_price":null,"sale_price":null,"discount":null,"discount_type":"sale_price","tiered_pricing_type":"fixed","percentage_rules":[],"fixed_rules":[],"minimum":null},"azienda":{"product_id":63711,"role":"azienda","pricing_type":"flat","regular_price":null,"sale_price":null,"discount":null,"discount_type":"sale_price","tiered_pricing_type":"fixed","percentage_rules":[],"fixed_rules":[],"minimum":null},"azienda_premium":{"product_id":63711,"role":"azienda_premium","pricing_type":"flat","regular_price":null,"sale_price":null,"discount":null,"discount_type":"sale_price","tiered_pricing_type":"fixed","percentage_rules":[],"fixed_rules":[],"minimum":null}},"tiered_pricing_percentage_rules":[],"tiered_pricing_maximum_quantity":null,"tiered_pricing_quantity_step":null,"_links":{"self":[{"href":"https:\/\/www.inoxforniture.it\/fr\/wp-json\/wp\/v2\/product\/63711","targetHints":{"allow":["GET"]}}],"collection":[{"href":"https:\/\/www.inoxforniture.it\/fr\/wp-json\/wp\/v2\/product"}],"about":[{"href":"https:\/\/www.inoxforniture.it\/fr\/wp-json\/wp\/v2\/types\/product"}],"wp:featuredmedia":[{"embeddable":true,"href":"https:\/\/www.inoxforniture.it\/fr\/wp-json\/wp\/v2\/media\/63490"}],"wp:attachment":[{"href":"https:\/\/www.inoxforniture.it\/fr\/wp-json\/wp\/v2\/media?parent=63711"}],"wp:term":[{"taxonomy":"product_brand","embeddable":true,"href":"https:\/\/www.inoxforniture.it\/fr\/wp-json\/wp\/v2\/product_brand?post=63711"},{"taxonomy":"product_cat","embeddable":true,"href":"https:\/\/www.inoxforniture.it\/fr\/wp-json\/wp\/v2\/product_cat?post=63711"},{"taxonomy":"product_tag","embeddable":true,"href":"https:\/\/www.inoxforniture.it\/fr\/wp-json\/wp\/v2\/product_tag?post=63711"}],"curies":[{"name":"wp","href":"https:\/\/api.w.org\/{rel}","templated":true}]}}