{"id":63672,"date":"2017-02-10T15:12:23","date_gmt":"2017-02-10T14:12:23","guid":{"rendered":"https:\/\/www.inoxforniture.it\/chaine-genoise-grade-43-en-acier-inox-aisi-316\/"},"modified":"2026-01-23T18:37:16","modified_gmt":"2026-01-23T17:37:16","slug":"chaine-genoise-grade-43-en-acier-inox-aisi-316","status":"publish","type":"product","link":"https:\/\/www.inoxforniture.it\/fr\/chaine-genoise-grade-43-en-acier-inox-aisi-316\/","title":{"rendered":"CHA\u00ceNE G\u00c9NOISE GRADE 43 EN ACIER INOX AISI 316"},"content":{"rendered":"<p>Cha\u00eene g\u00e9noise grade 43 en acier inox AISI 316<\/p>\n<table style=\"width: 700px;\" border=\"0\">\n<tbody>\n<tr>\n<td>\n<p><img fetchpriority=\"high\" decoding=\"async\" class=\" size-full wp-image-9319\" title=\"Cha\u00eene g\u00e9noise inox\" src=\"https:\/\/www.inoxforniture.it\/wp-content\/uploads\/2017\/02\/N710000.jpg\" alt=\"Cha\u00eene g\u00e9noise en acier inox AISI 316\" width=\"750\" height=\"298\" srcset=\"https:\/\/www.inoxforniture.it\/wp-content\/uploads\/2017\/02\/N710000.jpg 750w, https:\/\/www.inoxforniture.it\/wp-content\/uploads\/2017\/02\/N710000-640x254.jpg 640w, https:\/\/www.inoxforniture.it\/wp-content\/uploads\/2017\/02\/N710000-400x159.jpg 400w, https:\/\/www.inoxforniture.it\/wp-content\/uploads\/2017\/02\/N710000-600x238.jpg 600w\" sizes=\"(max-width: 750px) 100vw, 750px\" \/><\/p>\n<\/td>\n<\/tr>\n<tr>\n<td><img decoding=\"async\" class=\" size-full wp-image-9320\" title=\"Tableau Cha\u00eene g\u00e9noise inox\" src=\"https:\/\/www.inoxforniture.it\/wp-content\/uploads\/2017\/02\/Tab_N710000.jpg\" alt=\"Tableau Cha\u00eene g\u00e9noise en acier inox AISI 316\" width=\"750\" height=\"327\" srcset=\"https:\/\/www.inoxforniture.it\/wp-content\/uploads\/2017\/02\/Tab_N710000.jpg 750w, https:\/\/www.inoxforniture.it\/wp-content\/uploads\/2017\/02\/Tab_N710000-640x279.jpg 640w, https:\/\/www.inoxforniture.it\/wp-content\/uploads\/2017\/02\/Tab_N710000-400x174.jpg 400w, https:\/\/www.inoxforniture.it\/wp-content\/uploads\/2017\/02\/Tab_N710000-600x262.jpg 600w\" sizes=\"(max-width: 750px) 100vw, 750px\" \/><\/td>\n<\/tr>\n<\/tbody>\n<\/table>\n<p>&nbsp;<\/p>\n","protected":false},"excerpt":{"rendered":"<p>&#8211; Cet article est vendu en bobines. La longueur de la bobine est indiqu\u00e9e sur \u00ab\u00a0choisir la taille\u00a0\u00bb. <\/p>\n","protected":false},"featured_media":63673,"template":"","meta":{"_acf_changed":false},"product_brand":[],"product_cat":[4086],"product_tag":[],"class_list":{"0":"post-63672","1":"product","2":"type-product","3":"status-publish","4":"has-post-thumbnail","6":"product_cat-accessoires-pour-cables-et-chaines","7":"pa_marchio-inox-forniture","8":"pa_prodotto-o-20-maillon-145-x-45-metres-50","9":"pa_prodotto-o-30-maillon-19-x-7-metres-50","10":"pa_prodotto-o-38-maillon-225-x-55-metres-50","11":"pa_prodotto-o-50-maillon-24-x-105-metres-25","12":"pa_prodotto-o-60-maillon-28-x-11-metres-25","13":"pa_prodotto-o-80-maillon-28-x-13-metres-20","15":"first","16":"instock","17":"taxable","18":"shipping-taxable","19":"purchasable","20":"product-type-variable"},"acf":[],"yoast_head":"<!-- This site is optimized with the Yoast SEO plugin v27.3 - https:\/\/yoast.com\/product\/yoast-seo-wordpress\/ -->\n<title>CHA\u00ceNE G\u00c9NOISE GRADE 43 EN ACIER INOX AISI 316 - Inox Forniture<\/title>\n<meta name=\"robots\" content=\"index, follow, max-snippet:-1, max-image-preview:large, max-video-preview:-1\" \/>\n<link rel=\"canonical\" href=\"https:\/\/www.inoxforniture.it\/fr\/chaine-genoise-grade-43-en-acier-inox-aisi-316\/\" \/>\n<meta property=\"og:locale\" content=\"fr_FR\" \/>\n<meta property=\"og:type\" content=\"article\" \/>\n<meta property=\"og:title\" content=\"CHA\u00ceNE G\u00c9NOISE GRADE 43 EN ACIER INOX AISI 316 - Inox Forniture\" \/>\n<meta property=\"og:description\" content=\"- Cet article est vendu en bobines. La longueur de la bobine est indiqu\u00e9e sur &quot;choisir la taille&quot;.\" \/>\n<meta property=\"og:url\" content=\"https:\/\/www.inoxforniture.it\/fr\/chaine-genoise-grade-43-en-acier-inox-aisi-316\/\" \/>\n<meta property=\"og:site_name\" content=\"Inox Forniture\" \/>\n<meta property=\"article:publisher\" content=\"https:\/\/www.facebook.com\/Inox.Forniture\" \/>\n<meta property=\"article:modified_time\" content=\"2026-01-23T17:37:16+00:00\" \/>\n<meta property=\"og:image\" content=\"https:\/\/www.inoxforniture.it\/wp-content\/uploads\/2017\/02\/n710000_1.jpg\" \/>\n\t<meta property=\"og:image:width\" content=\"480\" \/>\n\t<meta property=\"og:image:height\" content=\"480\" \/>\n\t<meta property=\"og:image:type\" content=\"image\/jpeg\" \/>\n<meta name=\"twitter:card\" content=\"summary_large_image\" \/>\n<meta name=\"twitter:site\" content=\"@InoxForniture\" \/>\n<script type=\"application\/ld+json\" class=\"yoast-schema-graph\">{\"@context\":\"https:\\\/\\\/schema.org\",\"@graph\":[{\"@type\":\"WebPage\",\"@id\":\"https:\\\/\\\/www.inoxforniture.it\\\/fr\\\/chaine-genoise-grade-43-en-acier-inox-aisi-316\\\/\",\"url\":\"https:\\\/\\\/www.inoxforniture.it\\\/fr\\\/chaine-genoise-grade-43-en-acier-inox-aisi-316\\\/\",\"name\":\"CHA\u00ceNE G\u00c9NOISE GRADE 43 EN ACIER INOX AISI 316 - Inox Forniture\",\"isPartOf\":{\"@id\":\"https:\\\/\\\/www.inoxforniture.it\\\/#website\"},\"primaryImageOfPage\":{\"@id\":\"https:\\\/\\\/www.inoxforniture.it\\\/fr\\\/chaine-genoise-grade-43-en-acier-inox-aisi-316\\\/#primaryimage\"},\"image\":{\"@id\":\"https:\\\/\\\/www.inoxforniture.it\\\/fr\\\/chaine-genoise-grade-43-en-acier-inox-aisi-316\\\/#primaryimage\"},\"thumbnailUrl\":\"https:\\\/\\\/www.inoxforniture.it\\\/wp-content\\\/uploads\\\/2017\\\/02\\\/n710000_1.jpg\",\"datePublished\":\"2017-02-10T14:12:23+00:00\",\"dateModified\":\"2026-01-23T17:37:16+00:00\",\"breadcrumb\":{\"@id\":\"https:\\\/\\\/www.inoxforniture.it\\\/fr\\\/chaine-genoise-grade-43-en-acier-inox-aisi-316\\\/#breadcrumb\"},\"inLanguage\":\"fr-FR\",\"potentialAction\":[{\"@type\":\"ReadAction\",\"target\":[\"https:\\\/\\\/www.inoxforniture.it\\\/fr\\\/chaine-genoise-grade-43-en-acier-inox-aisi-316\\\/\"]}]},{\"@type\":\"ImageObject\",\"inLanguage\":\"fr-FR\",\"@id\":\"https:\\\/\\\/www.inoxforniture.it\\\/fr\\\/chaine-genoise-grade-43-en-acier-inox-aisi-316\\\/#primaryimage\",\"url\":\"https:\\\/\\\/www.inoxforniture.it\\\/wp-content\\\/uploads\\\/2017\\\/02\\\/n710000_1.jpg\",\"contentUrl\":\"https:\\\/\\\/www.inoxforniture.it\\\/wp-content\\\/uploads\\\/2017\\\/02\\\/n710000_1.jpg\",\"width\":480,\"height\":480,\"caption\":\"CHA\u00ceNE G\u00c9NOISE GRADE 43 EN ACIER INOX AISI 316-0\"},{\"@type\":\"BreadcrumbList\",\"@id\":\"https:\\\/\\\/www.inoxforniture.it\\\/fr\\\/chaine-genoise-grade-43-en-acier-inox-aisi-316\\\/#breadcrumb\",\"itemListElement\":[{\"@type\":\"ListItem\",\"position\":1,\"name\":\"Accueil\",\"item\":\"https:\\\/\\\/www.inoxforniture.it\\\/\"},{\"@type\":\"ListItem\",\"position\":2,\"name\":\"Boutique\",\"item\":\"https:\\\/\\\/www.inoxforniture.it\\\/fr\\\/boutique\\\/\"},{\"@type\":\"ListItem\",\"position\":3,\"name\":\"Quincaillerie inox\",\"item\":\"https:\\\/\\\/www.inoxforniture.it\\\/fr\\\/quincaillerie-inox\\\/\"},{\"@type\":\"ListItem\",\"position\":4,\"name\":\"Accessoires pour c\u00e2bles et cha\u00eenes\",\"item\":\"https:\\\/\\\/www.inoxforniture.it\\\/fr\\\/accessoires-pour-cables-et-chaines\\\/\"},{\"@type\":\"ListItem\",\"position\":5,\"name\":\"CHA\u00ceNE G\u00c9NOISE GRADE 43 EN ACIER INOX AISI 316\"}]},{\"@type\":\"WebSite\",\"@id\":\"https:\\\/\\\/www.inoxforniture.it\\\/#website\",\"url\":\"https:\\\/\\\/www.inoxforniture.it\\\/\",\"name\":\"Inox Forniture\",\"description\":\"\",\"publisher\":{\"@id\":\"https:\\\/\\\/www.inoxforniture.it\\\/#organization\"},\"potentialAction\":[{\"@type\":\"SearchAction\",\"target\":{\"@type\":\"EntryPoint\",\"urlTemplate\":\"https:\\\/\\\/www.inoxforniture.it\\\/?s={search_term_string}\"},\"query-input\":{\"@type\":\"PropertyValueSpecification\",\"valueRequired\":true,\"valueName\":\"search_term_string\"}}],\"inLanguage\":\"fr-FR\"},{\"@type\":\"Organization\",\"@id\":\"https:\\\/\\\/www.inoxforniture.it\\\/#organization\",\"name\":\"Inox Forniture srl\",\"url\":\"https:\\\/\\\/www.inoxforniture.it\\\/\",\"logo\":{\"@type\":\"ImageObject\",\"inLanguage\":\"fr-FR\",\"@id\":\"https:\\\/\\\/www.inoxforniture.it\\\/#\\\/schema\\\/logo\\\/image\\\/\",\"url\":\"https:\\\/\\\/www.inoxforniture.it\\\/wp-content\\\/uploads\\\/2021\\\/01\\\/logo_inox.png\",\"contentUrl\":\"https:\\\/\\\/www.inoxforniture.it\\\/wp-content\\\/uploads\\\/2021\\\/01\\\/logo_inox.png\",\"width\":230,\"height\":44,\"caption\":\"Inox Forniture srl\"},\"image\":{\"@id\":\"https:\\\/\\\/www.inoxforniture.it\\\/#\\\/schema\\\/logo\\\/image\\\/\"},\"sameAs\":[\"https:\\\/\\\/www.facebook.com\\\/Inox.Forniture\",\"https:\\\/\\\/x.com\\\/InoxForniture\"]}]}<\/script>\n<!-- \/ Yoast SEO plugin. -->","yoast_head_json":{"title":"CHA\u00ceNE G\u00c9NOISE GRADE 43 EN ACIER INOX AISI 316 - Inox Forniture","robots":{"index":"index","follow":"follow","max-snippet":"max-snippet:-1","max-image-preview":"max-image-preview:large","max-video-preview":"max-video-preview:-1"},"canonical":"https:\/\/www.inoxforniture.it\/fr\/chaine-genoise-grade-43-en-acier-inox-aisi-316\/","og_locale":"fr_FR","og_type":"article","og_title":"CHA\u00ceNE G\u00c9NOISE GRADE 43 EN ACIER INOX AISI 316 - Inox Forniture","og_description":"- Cet article est vendu en bobines. La longueur de la bobine est indiqu\u00e9e sur \"choisir la taille\".","og_url":"https:\/\/www.inoxforniture.it\/fr\/chaine-genoise-grade-43-en-acier-inox-aisi-316\/","og_site_name":"Inox Forniture","article_publisher":"https:\/\/www.facebook.com\/Inox.Forniture","article_modified_time":"2026-01-23T17:37:16+00:00","og_image":[{"width":480,"height":480,"url":"https:\/\/www.inoxforniture.it\/wp-content\/uploads\/2017\/02\/n710000_1.jpg","type":"image\/jpeg"}],"twitter_card":"summary_large_image","twitter_site":"@InoxForniture","schema":{"@context":"https:\/\/schema.org","@graph":[{"@type":"WebPage","@id":"https:\/\/www.inoxforniture.it\/fr\/chaine-genoise-grade-43-en-acier-inox-aisi-316\/","url":"https:\/\/www.inoxforniture.it\/fr\/chaine-genoise-grade-43-en-acier-inox-aisi-316\/","name":"CHA\u00ceNE G\u00c9NOISE GRADE 43 EN ACIER INOX AISI 316 - Inox Forniture","isPartOf":{"@id":"https:\/\/www.inoxforniture.it\/#website"},"primaryImageOfPage":{"@id":"https:\/\/www.inoxforniture.it\/fr\/chaine-genoise-grade-43-en-acier-inox-aisi-316\/#primaryimage"},"image":{"@id":"https:\/\/www.inoxforniture.it\/fr\/chaine-genoise-grade-43-en-acier-inox-aisi-316\/#primaryimage"},"thumbnailUrl":"https:\/\/www.inoxforniture.it\/wp-content\/uploads\/2017\/02\/n710000_1.jpg","datePublished":"2017-02-10T14:12:23+00:00","dateModified":"2026-01-23T17:37:16+00:00","breadcrumb":{"@id":"https:\/\/www.inoxforniture.it\/fr\/chaine-genoise-grade-43-en-acier-inox-aisi-316\/#breadcrumb"},"inLanguage":"fr-FR","potentialAction":[{"@type":"ReadAction","target":["https:\/\/www.inoxforniture.it\/fr\/chaine-genoise-grade-43-en-acier-inox-aisi-316\/"]}]},{"@type":"ImageObject","inLanguage":"fr-FR","@id":"https:\/\/www.inoxforniture.it\/fr\/chaine-genoise-grade-43-en-acier-inox-aisi-316\/#primaryimage","url":"https:\/\/www.inoxforniture.it\/wp-content\/uploads\/2017\/02\/n710000_1.jpg","contentUrl":"https:\/\/www.inoxforniture.it\/wp-content\/uploads\/2017\/02\/n710000_1.jpg","width":480,"height":480,"caption":"CHA\u00ceNE G\u00c9NOISE GRADE 43 EN ACIER INOX AISI 316-0"},{"@type":"BreadcrumbList","@id":"https:\/\/www.inoxforniture.it\/fr\/chaine-genoise-grade-43-en-acier-inox-aisi-316\/#breadcrumb","itemListElement":[{"@type":"ListItem","position":1,"name":"Accueil","item":"https:\/\/www.inoxforniture.it\/"},{"@type":"ListItem","position":2,"name":"Boutique","item":"https:\/\/www.inoxforniture.it\/fr\/boutique\/"},{"@type":"ListItem","position":3,"name":"Quincaillerie inox","item":"https:\/\/www.inoxforniture.it\/fr\/quincaillerie-inox\/"},{"@type":"ListItem","position":4,"name":"Accessoires pour c\u00e2bles et cha\u00eenes","item":"https:\/\/www.inoxforniture.it\/fr\/accessoires-pour-cables-et-chaines\/"},{"@type":"ListItem","position":5,"name":"CHA\u00ceNE G\u00c9NOISE GRADE 43 EN ACIER INOX AISI 316"}]},{"@type":"WebSite","@id":"https:\/\/www.inoxforniture.it\/#website","url":"https:\/\/www.inoxforniture.it\/","name":"Inox Forniture","description":"","publisher":{"@id":"https:\/\/www.inoxforniture.it\/#organization"},"potentialAction":[{"@type":"SearchAction","target":{"@type":"EntryPoint","urlTemplate":"https:\/\/www.inoxforniture.it\/?s={search_term_string}"},"query-input":{"@type":"PropertyValueSpecification","valueRequired":true,"valueName":"search_term_string"}}],"inLanguage":"fr-FR"},{"@type":"Organization","@id":"https:\/\/www.inoxforniture.it\/#organization","name":"Inox Forniture srl","url":"https:\/\/www.inoxforniture.it\/","logo":{"@type":"ImageObject","inLanguage":"fr-FR","@id":"https:\/\/www.inoxforniture.it\/#\/schema\/logo\/image\/","url":"https:\/\/www.inoxforniture.it\/wp-content\/uploads\/2021\/01\/logo_inox.png","contentUrl":"https:\/\/www.inoxforniture.it\/wp-content\/uploads\/2021\/01\/logo_inox.png","width":230,"height":44,"caption":"Inox Forniture srl"},"image":{"@id":"https:\/\/www.inoxforniture.it\/#\/schema\/logo\/image\/"},"sameAs":["https:\/\/www.facebook.com\/Inox.Forniture","https:\/\/x.com\/InoxForniture"]}]}},"df_price":68.3,"df_sale_price":"","df_regular_price":68.3,"df_image_link":"https:\/\/www.inoxforniture.it\/wp-content\/uploads\/2017\/02\/n710000_1-300x300.jpg","tiered_pricing_type":"fixed","tiered_pricing_fixed_rules":[],"tiered_pricing_product_settings":{"layout":"default","base_unit_name":{"singular":null,"plural":null},"default_variation":null},"tiered_pricing_minimum_quantity":null,"tiered_pricing_roles_data":{"privato":{"product_id":63672,"role":"privato","pricing_type":"flat","regular_price":null,"sale_price":null,"discount":null,"discount_type":"sale_price","tiered_pricing_type":"fixed","percentage_rules":[],"fixed_rules":[],"minimum":null},"azienda":{"product_id":63672,"role":"azienda","pricing_type":"flat","regular_price":null,"sale_price":null,"discount":null,"discount_type":"sale_price","tiered_pricing_type":"fixed","percentage_rules":[],"fixed_rules":[],"minimum":null},"azienda_premium":{"product_id":63672,"role":"azienda_premium","pricing_type":"flat","regular_price":null,"sale_price":null,"discount":null,"discount_type":"sale_price","tiered_pricing_type":"fixed","percentage_rules":[],"fixed_rules":[],"minimum":null}},"tiered_pricing_percentage_rules":[],"tiered_pricing_maximum_quantity":null,"tiered_pricing_quantity_step":null,"_links":{"self":[{"href":"https:\/\/www.inoxforniture.it\/fr\/wp-json\/wp\/v2\/product\/63672","targetHints":{"allow":["GET"]}}],"collection":[{"href":"https:\/\/www.inoxforniture.it\/fr\/wp-json\/wp\/v2\/product"}],"about":[{"href":"https:\/\/www.inoxforniture.it\/fr\/wp-json\/wp\/v2\/types\/product"}],"wp:featuredmedia":[{"embeddable":true,"href":"https:\/\/www.inoxforniture.it\/fr\/wp-json\/wp\/v2\/media\/63673"}],"wp:attachment":[{"href":"https:\/\/www.inoxforniture.it\/fr\/wp-json\/wp\/v2\/media?parent=63672"}],"wp:term":[{"taxonomy":"product_brand","embeddable":true,"href":"https:\/\/www.inoxforniture.it\/fr\/wp-json\/wp\/v2\/product_brand?post=63672"},{"taxonomy":"product_cat","embeddable":true,"href":"https:\/\/www.inoxforniture.it\/fr\/wp-json\/wp\/v2\/product_cat?post=63672"},{"taxonomy":"product_tag","embeddable":true,"href":"https:\/\/www.inoxforniture.it\/fr\/wp-json\/wp\/v2\/product_tag?post=63672"}],"curies":[{"name":"wp","href":"https:\/\/api.w.org\/{rel}","templated":true}]}}