{"id":63662,"date":"2017-07-05T13:31:20","date_gmt":"2017-07-05T11:31:20","guid":{"rendered":"https:\/\/www.inoxforniture.it\/auvent-inox-aisi-304-2-tirants\/"},"modified":"2026-01-23T18:37:23","modified_gmt":"2026-01-23T17:37:23","slug":"auvent-inox-aisi-304-2-tirants","status":"publish","type":"product","link":"https:\/\/www.inoxforniture.it\/fr\/auvent-inox-aisi-304-2-tirants\/","title":{"rendered":"AUVENT INOX AISI 304 2 TIRANTS"},"content":{"rendered":"<p>Auvent de qualit\u00e9, construit en acier inox AISI 304 BROSS\u00c9, mat\u00e9riau qui garantit une r\u00e9sistance \u00e9lev\u00e9e \u00e0 la corrosion.<\/p>\n<p>Test\u00e9 et certifi\u00e9 \u00e0 charge variable comme indiqu\u00e9 dans le tableau ci-dessous.<\/p>\n<p><img fetchpriority=\"high\" decoding=\"async\" class=\" size-full wp-image-9356\" title=\"Auvent acier inox et verre\" src=\"https:\/\/www.inoxforniture.it\/wp-content\/uploads\/2017\/07\/Tab_P110500.jpg\" alt=\"Auvent en acier inox AISI 316 bross\u00e9 et verre\" width=\"750\" height=\"773\" srcset=\"https:\/\/www.inoxforniture.it\/wp-content\/uploads\/2017\/07\/Tab_P110500.jpg 750w, https:\/\/www.inoxforniture.it\/wp-content\/uploads\/2017\/07\/Tab_P110500-640x660.jpg 640w, https:\/\/www.inoxforniture.it\/wp-content\/uploads\/2017\/07\/Tab_P110500-400x412.jpg 400w, https:\/\/www.inoxforniture.it\/wp-content\/uploads\/2017\/07\/Tab_P110500-600x618.jpg 600w\" sizes=\"(max-width: 750px) 100vw, 750px\" \/><\/p>\n","protected":false},"excerpt":{"rendered":"<p>&#8211; CERTIFI\u00c9 \u00c0 CHARGE VARIABLE<br \/>\n(Voir tableau plus bas)<\/p>\n<p>&#8211; Finition bross\u00e9e<br \/>\n&#8211; Longueur maximale 2 350 mm.<br \/>\n&#8211; POUR VERRE DE 13,52 \u00c0 25,52 NON COMPRIS<\/p>\n","protected":false},"featured_media":63663,"template":"","meta":{"_acf_changed":false},"product_brand":[],"product_cat":[4131],"product_tag":[],"class_list":{"0":"post-63662","1":"product","2":"type-product","3":"status-publish","4":"has-post-thumbnail","6":"product_cat-marquises-inox","7":"pa_marchio-inox-forniture","8":"pa_prodotto-saillie-10-m-longueur-max-175-m","9":"pa_prodotto-saillie-12-m-longueur-max-175-m","10":"pa_prodotto-saillie-14-m-longueur-max-235-m","11":"pa_prodotto-saillie-16-m-longueur-max-235-m","13":"first","14":"onbackorder","15":"taxable","16":"shipping-taxable","17":"purchasable","18":"product-type-variable"},"acf":[],"yoast_head":"<!-- This site is optimized with the Yoast SEO plugin v27.3 - https:\/\/yoast.com\/product\/yoast-seo-wordpress\/ -->\n<title>AUVENT INOX AISI 304 2 TIRANTS - Inox Forniture<\/title>\n<meta name=\"robots\" content=\"index, follow, max-snippet:-1, max-image-preview:large, max-video-preview:-1\" \/>\n<link rel=\"canonical\" href=\"https:\/\/www.inoxforniture.it\/fr\/auvent-inox-aisi-304-2-tirants\/\" \/>\n<meta property=\"og:locale\" content=\"fr_FR\" \/>\n<meta property=\"og:type\" content=\"article\" \/>\n<meta property=\"og:title\" content=\"AUVENT INOX AISI 304 2 TIRANTS - Inox Forniture\" \/>\n<meta property=\"og:description\" content=\"- CERTIFI\u00c9 \u00c0 CHARGE VARIABLE (Voir tableau plus bas) - Finition bross\u00e9e - Longueur maximale 2 350 mm. - POUR VERRE DE 13,52 \u00c0 25,52 NON COMPRIS\" \/>\n<meta property=\"og:url\" content=\"https:\/\/www.inoxforniture.it\/fr\/auvent-inox-aisi-304-2-tirants\/\" \/>\n<meta property=\"og:site_name\" content=\"Inox Forniture\" \/>\n<meta property=\"article:publisher\" content=\"https:\/\/www.facebook.com\/Inox.Forniture\" \/>\n<meta property=\"article:modified_time\" content=\"2026-01-23T17:37:23+00:00\" \/>\n<meta property=\"og:image\" content=\"https:\/\/www.inoxforniture.it\/wp-content\/uploads\/2017\/07\/p110500-a4_1.jpg\" \/>\n\t<meta property=\"og:image:width\" content=\"480\" \/>\n\t<meta property=\"og:image:height\" content=\"480\" \/>\n\t<meta property=\"og:image:type\" content=\"image\/jpeg\" \/>\n<meta name=\"twitter:card\" content=\"summary_large_image\" \/>\n<meta name=\"twitter:site\" content=\"@InoxForniture\" \/>\n<script type=\"application\/ld+json\" class=\"yoast-schema-graph\">{\"@context\":\"https:\\\/\\\/schema.org\",\"@graph\":[{\"@type\":\"WebPage\",\"@id\":\"https:\\\/\\\/www.inoxforniture.it\\\/fr\\\/auvent-inox-aisi-304-2-tirants\\\/\",\"url\":\"https:\\\/\\\/www.inoxforniture.it\\\/fr\\\/auvent-inox-aisi-304-2-tirants\\\/\",\"name\":\"AUVENT INOX AISI 304 2 TIRANTS - Inox Forniture\",\"isPartOf\":{\"@id\":\"https:\\\/\\\/www.inoxforniture.it\\\/#website\"},\"primaryImageOfPage\":{\"@id\":\"https:\\\/\\\/www.inoxforniture.it\\\/fr\\\/auvent-inox-aisi-304-2-tirants\\\/#primaryimage\"},\"image\":{\"@id\":\"https:\\\/\\\/www.inoxforniture.it\\\/fr\\\/auvent-inox-aisi-304-2-tirants\\\/#primaryimage\"},\"thumbnailUrl\":\"https:\\\/\\\/www.inoxforniture.it\\\/wp-content\\\/uploads\\\/2017\\\/07\\\/p110500-a4_1.jpg\",\"datePublished\":\"2017-07-05T11:31:20+00:00\",\"dateModified\":\"2026-01-23T17:37:23+00:00\",\"breadcrumb\":{\"@id\":\"https:\\\/\\\/www.inoxforniture.it\\\/fr\\\/auvent-inox-aisi-304-2-tirants\\\/#breadcrumb\"},\"inLanguage\":\"fr-FR\",\"potentialAction\":[{\"@type\":\"ReadAction\",\"target\":[\"https:\\\/\\\/www.inoxforniture.it\\\/fr\\\/auvent-inox-aisi-304-2-tirants\\\/\"]}]},{\"@type\":\"ImageObject\",\"inLanguage\":\"fr-FR\",\"@id\":\"https:\\\/\\\/www.inoxforniture.it\\\/fr\\\/auvent-inox-aisi-304-2-tirants\\\/#primaryimage\",\"url\":\"https:\\\/\\\/www.inoxforniture.it\\\/wp-content\\\/uploads\\\/2017\\\/07\\\/p110500-a4_1.jpg\",\"contentUrl\":\"https:\\\/\\\/www.inoxforniture.it\\\/wp-content\\\/uploads\\\/2017\\\/07\\\/p110500-a4_1.jpg\",\"width\":480,\"height\":480,\"caption\":\"AUVENT INOX AISI 316 2 TIRANTS-0\"},{\"@type\":\"BreadcrumbList\",\"@id\":\"https:\\\/\\\/www.inoxforniture.it\\\/fr\\\/auvent-inox-aisi-304-2-tirants\\\/#breadcrumb\",\"itemListElement\":[{\"@type\":\"ListItem\",\"position\":1,\"name\":\"Accueil\",\"item\":\"https:\\\/\\\/www.inoxforniture.it\\\/\"},{\"@type\":\"ListItem\",\"position\":2,\"name\":\"Boutique\",\"item\":\"https:\\\/\\\/www.inoxforniture.it\\\/fr\\\/boutique\\\/\"},{\"@type\":\"ListItem\",\"position\":3,\"name\":\"Quincaillerie inox\",\"item\":\"https:\\\/\\\/www.inoxforniture.it\\\/fr\\\/quincaillerie-inox\\\/\"},{\"@type\":\"ListItem\",\"position\":4,\"name\":\"Quincaillerie Diverse\",\"item\":\"https:\\\/\\\/www.inoxforniture.it\\\/fr\\\/quincaillerie-diverse\\\/\"},{\"@type\":\"ListItem\",\"position\":5,\"name\":\"Pensiline inox\",\"item\":\"https:\\\/\\\/www.inoxforniture.it\\\/pensiline-inox-aisi-316\\\/\"},{\"@type\":\"ListItem\",\"position\":6,\"name\":\"AUVENT INOX AISI 304 2 TIRANTS\"}]},{\"@type\":\"WebSite\",\"@id\":\"https:\\\/\\\/www.inoxforniture.it\\\/#website\",\"url\":\"https:\\\/\\\/www.inoxforniture.it\\\/\",\"name\":\"Inox Forniture\",\"description\":\"\",\"publisher\":{\"@id\":\"https:\\\/\\\/www.inoxforniture.it\\\/#organization\"},\"potentialAction\":[{\"@type\":\"SearchAction\",\"target\":{\"@type\":\"EntryPoint\",\"urlTemplate\":\"https:\\\/\\\/www.inoxforniture.it\\\/?s={search_term_string}\"},\"query-input\":{\"@type\":\"PropertyValueSpecification\",\"valueRequired\":true,\"valueName\":\"search_term_string\"}}],\"inLanguage\":\"fr-FR\"},{\"@type\":\"Organization\",\"@id\":\"https:\\\/\\\/www.inoxforniture.it\\\/#organization\",\"name\":\"Inox Forniture srl\",\"url\":\"https:\\\/\\\/www.inoxforniture.it\\\/\",\"logo\":{\"@type\":\"ImageObject\",\"inLanguage\":\"fr-FR\",\"@id\":\"https:\\\/\\\/www.inoxforniture.it\\\/#\\\/schema\\\/logo\\\/image\\\/\",\"url\":\"https:\\\/\\\/www.inoxforniture.it\\\/wp-content\\\/uploads\\\/2021\\\/01\\\/logo_inox.png\",\"contentUrl\":\"https:\\\/\\\/www.inoxforniture.it\\\/wp-content\\\/uploads\\\/2021\\\/01\\\/logo_inox.png\",\"width\":230,\"height\":44,\"caption\":\"Inox Forniture srl\"},\"image\":{\"@id\":\"https:\\\/\\\/www.inoxforniture.it\\\/#\\\/schema\\\/logo\\\/image\\\/\"},\"sameAs\":[\"https:\\\/\\\/www.facebook.com\\\/Inox.Forniture\",\"https:\\\/\\\/x.com\\\/InoxForniture\"]}]}<\/script>\n<!-- \/ Yoast SEO plugin. -->","yoast_head_json":{"title":"AUVENT INOX AISI 304 2 TIRANTS - Inox Forniture","robots":{"index":"index","follow":"follow","max-snippet":"max-snippet:-1","max-image-preview":"max-image-preview:large","max-video-preview":"max-video-preview:-1"},"canonical":"https:\/\/www.inoxforniture.it\/fr\/auvent-inox-aisi-304-2-tirants\/","og_locale":"fr_FR","og_type":"article","og_title":"AUVENT INOX AISI 304 2 TIRANTS - Inox Forniture","og_description":"- CERTIFI\u00c9 \u00c0 CHARGE VARIABLE (Voir tableau plus bas) - Finition bross\u00e9e - Longueur maximale 2 350 mm. - POUR VERRE DE 13,52 \u00c0 25,52 NON COMPRIS","og_url":"https:\/\/www.inoxforniture.it\/fr\/auvent-inox-aisi-304-2-tirants\/","og_site_name":"Inox Forniture","article_publisher":"https:\/\/www.facebook.com\/Inox.Forniture","article_modified_time":"2026-01-23T17:37:23+00:00","og_image":[{"width":480,"height":480,"url":"https:\/\/www.inoxforniture.it\/wp-content\/uploads\/2017\/07\/p110500-a4_1.jpg","type":"image\/jpeg"}],"twitter_card":"summary_large_image","twitter_site":"@InoxForniture","schema":{"@context":"https:\/\/schema.org","@graph":[{"@type":"WebPage","@id":"https:\/\/www.inoxforniture.it\/fr\/auvent-inox-aisi-304-2-tirants\/","url":"https:\/\/www.inoxforniture.it\/fr\/auvent-inox-aisi-304-2-tirants\/","name":"AUVENT INOX AISI 304 2 TIRANTS - Inox Forniture","isPartOf":{"@id":"https:\/\/www.inoxforniture.it\/#website"},"primaryImageOfPage":{"@id":"https:\/\/www.inoxforniture.it\/fr\/auvent-inox-aisi-304-2-tirants\/#primaryimage"},"image":{"@id":"https:\/\/www.inoxforniture.it\/fr\/auvent-inox-aisi-304-2-tirants\/#primaryimage"},"thumbnailUrl":"https:\/\/www.inoxforniture.it\/wp-content\/uploads\/2017\/07\/p110500-a4_1.jpg","datePublished":"2017-07-05T11:31:20+00:00","dateModified":"2026-01-23T17:37:23+00:00","breadcrumb":{"@id":"https:\/\/www.inoxforniture.it\/fr\/auvent-inox-aisi-304-2-tirants\/#breadcrumb"},"inLanguage":"fr-FR","potentialAction":[{"@type":"ReadAction","target":["https:\/\/www.inoxforniture.it\/fr\/auvent-inox-aisi-304-2-tirants\/"]}]},{"@type":"ImageObject","inLanguage":"fr-FR","@id":"https:\/\/www.inoxforniture.it\/fr\/auvent-inox-aisi-304-2-tirants\/#primaryimage","url":"https:\/\/www.inoxforniture.it\/wp-content\/uploads\/2017\/07\/p110500-a4_1.jpg","contentUrl":"https:\/\/www.inoxforniture.it\/wp-content\/uploads\/2017\/07\/p110500-a4_1.jpg","width":480,"height":480,"caption":"AUVENT INOX AISI 316 2 TIRANTS-0"},{"@type":"BreadcrumbList","@id":"https:\/\/www.inoxforniture.it\/fr\/auvent-inox-aisi-304-2-tirants\/#breadcrumb","itemListElement":[{"@type":"ListItem","position":1,"name":"Accueil","item":"https:\/\/www.inoxforniture.it\/"},{"@type":"ListItem","position":2,"name":"Boutique","item":"https:\/\/www.inoxforniture.it\/fr\/boutique\/"},{"@type":"ListItem","position":3,"name":"Quincaillerie inox","item":"https:\/\/www.inoxforniture.it\/fr\/quincaillerie-inox\/"},{"@type":"ListItem","position":4,"name":"Quincaillerie Diverse","item":"https:\/\/www.inoxforniture.it\/fr\/quincaillerie-diverse\/"},{"@type":"ListItem","position":5,"name":"Pensiline inox","item":"https:\/\/www.inoxforniture.it\/pensiline-inox-aisi-316\/"},{"@type":"ListItem","position":6,"name":"AUVENT INOX AISI 304 2 TIRANTS"}]},{"@type":"WebSite","@id":"https:\/\/www.inoxforniture.it\/#website","url":"https:\/\/www.inoxforniture.it\/","name":"Inox Forniture","description":"","publisher":{"@id":"https:\/\/www.inoxforniture.it\/#organization"},"potentialAction":[{"@type":"SearchAction","target":{"@type":"EntryPoint","urlTemplate":"https:\/\/www.inoxforniture.it\/?s={search_term_string}"},"query-input":{"@type":"PropertyValueSpecification","valueRequired":true,"valueName":"search_term_string"}}],"inLanguage":"fr-FR"},{"@type":"Organization","@id":"https:\/\/www.inoxforniture.it\/#organization","name":"Inox Forniture srl","url":"https:\/\/www.inoxforniture.it\/","logo":{"@type":"ImageObject","inLanguage":"fr-FR","@id":"https:\/\/www.inoxforniture.it\/#\/schema\/logo\/image\/","url":"https:\/\/www.inoxforniture.it\/wp-content\/uploads\/2021\/01\/logo_inox.png","contentUrl":"https:\/\/www.inoxforniture.it\/wp-content\/uploads\/2021\/01\/logo_inox.png","width":230,"height":44,"caption":"Inox Forniture srl"},"image":{"@id":"https:\/\/www.inoxforniture.it\/#\/schema\/logo\/image\/"},"sameAs":["https:\/\/www.facebook.com\/Inox.Forniture","https:\/\/x.com\/InoxForniture"]}]}},"df_price":351,"df_sale_price":"","df_regular_price":351,"df_image_link":"https:\/\/www.inoxforniture.it\/wp-content\/uploads\/2017\/07\/p110500-a4_1-300x300.jpg","tiered_pricing_type":"fixed","tiered_pricing_fixed_rules":[],"tiered_pricing_product_settings":{"layout":"default","base_unit_name":{"singular":null,"plural":null},"default_variation":null},"tiered_pricing_minimum_quantity":null,"tiered_pricing_roles_data":{"privato":{"product_id":63662,"role":"privato","pricing_type":"flat","regular_price":null,"sale_price":null,"discount":null,"discount_type":"sale_price","tiered_pricing_type":"fixed","percentage_rules":[],"fixed_rules":[],"minimum":null},"azienda":{"product_id":63662,"role":"azienda","pricing_type":"flat","regular_price":null,"sale_price":null,"discount":null,"discount_type":"sale_price","tiered_pricing_type":"fixed","percentage_rules":[],"fixed_rules":[],"minimum":null},"azienda_premium":{"product_id":63662,"role":"azienda_premium","pricing_type":"flat","regular_price":null,"sale_price":null,"discount":null,"discount_type":"sale_price","tiered_pricing_type":"fixed","percentage_rules":[],"fixed_rules":[],"minimum":null}},"tiered_pricing_percentage_rules":[],"tiered_pricing_maximum_quantity":null,"tiered_pricing_quantity_step":null,"_links":{"self":[{"href":"https:\/\/www.inoxforniture.it\/fr\/wp-json\/wp\/v2\/product\/63662","targetHints":{"allow":["GET"]}}],"collection":[{"href":"https:\/\/www.inoxforniture.it\/fr\/wp-json\/wp\/v2\/product"}],"about":[{"href":"https:\/\/www.inoxforniture.it\/fr\/wp-json\/wp\/v2\/types\/product"}],"wp:featuredmedia":[{"embeddable":true,"href":"https:\/\/www.inoxforniture.it\/fr\/wp-json\/wp\/v2\/media\/63663"}],"wp:attachment":[{"href":"https:\/\/www.inoxforniture.it\/fr\/wp-json\/wp\/v2\/media?parent=63662"}],"wp:term":[{"taxonomy":"product_brand","embeddable":true,"href":"https:\/\/www.inoxforniture.it\/fr\/wp-json\/wp\/v2\/product_brand?post=63662"},{"taxonomy":"product_cat","embeddable":true,"href":"https:\/\/www.inoxforniture.it\/fr\/wp-json\/wp\/v2\/product_cat?post=63662"},{"taxonomy":"product_tag","embeddable":true,"href":"https:\/\/www.inoxforniture.it\/fr\/wp-json\/wp\/v2\/product_tag?post=63662"}],"curies":[{"name":"wp","href":"https:\/\/api.w.org\/{rel}","templated":true}]}}