{"id":63641,"date":"2018-02-12T09:32:41","date_gmt":"2018-02-12T08:32:41","guid":{"rendered":"https:\/\/www.inoxforniture.it\/chape-a-sertir-en-acier-inoxydable-aisi-316\/"},"modified":"2026-01-23T18:37:26","modified_gmt":"2026-01-23T17:37:26","slug":"chape-a-sertir-en-acier-inoxydable-aisi-316","status":"publish","type":"product","link":"https:\/\/www.inoxforniture.it\/fr\/chape-a-sertir-en-acier-inoxydable-aisi-316\/","title":{"rendered":"CHAPE \u00c0 SERTIR EN ACIER INOXYDABLE AISI 316"},"content":{"rendered":"<p>La chape \u00e0 sertir en acier inoxydable AISI 316 est con\u00e7ue pour assurer une connexion s\u00fbre et r\u00e9sistante avec le c\u00e2ble inox. Utilis\u00e9e avec le c\u00e2ble inox, elle offre une excellente r\u00e9sistance \u00e0 la corrosion et une grande durabilit\u00e9. La chape pr\u00e9sente un tube avec un diam\u00e8tre int\u00e9rieur \u00e9gal au diam\u00e8tre du c\u00e2ble ; il suffit d&rsquo;ins\u00e9rer le c\u00e2ble dans le tube et de sertir avec la pince appropri\u00e9e pour cr\u00e9er une connexion extr\u00eamement r\u00e9sistante. Trois sertissages doivent \u00eatre effectu\u00e9s pour chaque connexion. Id\u00e9ale pour les applications nautiques, industrielles et architecturales. Les pinces pour le sertissage sont disponibles sur notre site aux liens suivants<br \/>\n<a href=\"https:\/\/www.inoxforniture.it\/fr\/outil-hydraulique-sertisseur-manuel\/\" target=\"_blank\" rel=\"noopener\">OUTIL HYDRAULIQUE SERTISSEUR MANUEL<\/a><br \/>\n<a href=\"https:\/\/www.inoxforniture.it\/fr\/outil-hydraulique-manuel-de-sertissage-de-cables-50-kn\/\" target=\"_blank\" rel=\"noopener\">OUTIL HYDRAULIQUE MANUEL DE SERTISSAGE DE C\u00c2BLES 50 kN<\/a><\/p>\n<table style=\"width: 700px;\" border=\"0\">\n<tbody>\n<tr>\n<td><span style=\"font-size: medium;\"><img fetchpriority=\"high\" decoding=\"async\" class=\" size-full wp-image-9449\" title=\"Chape \u00e0 sertir en acier inoxydable AISI 316\" src=\"https:\/\/www.inoxforniture.it\/wp-content\/uploads\/2018\/02\/N9A0000.jpg\" alt=\"Chape \u00e0 sertir en acier inoxydable AISI 316\" width=\"750\" height=\"298\" srcset=\"https:\/\/www.inoxforniture.it\/wp-content\/uploads\/2018\/02\/N9A0000.jpg 750w, https:\/\/www.inoxforniture.it\/wp-content\/uploads\/2018\/02\/N9A0000-640x254.jpg 640w, https:\/\/www.inoxforniture.it\/wp-content\/uploads\/2018\/02\/N9A0000-400x159.jpg 400w, https:\/\/www.inoxforniture.it\/wp-content\/uploads\/2018\/02\/N9A0000-600x238.jpg 600w\" sizes=\"(max-width: 750px) 100vw, 750px\" \/><img decoding=\"async\" class=\" size-full wp-image-9450\" title=\"Chape \u00e0 sertir en acier inoxydable AISI 316\" src=\"https:\/\/www.inoxforniture.it\/wp-content\/uploads\/2018\/02\/Tab_N9A0000.jpg\" alt=\"Chape \u00e0 sertir en acier inoxydable AISI 316\" width=\"750\" height=\"225\" srcset=\"https:\/\/www.inoxforniture.it\/wp-content\/uploads\/2018\/02\/Tab_N9A0000.jpg 750w, https:\/\/www.inoxforniture.it\/wp-content\/uploads\/2018\/02\/Tab_N9A0000-640x192.jpg 640w, https:\/\/www.inoxforniture.it\/wp-content\/uploads\/2018\/02\/Tab_N9A0000-400x120.jpg 400w, https:\/\/www.inoxforniture.it\/wp-content\/uploads\/2018\/02\/Tab_N9A0000-600x180.jpg 600w\" sizes=\"(max-width: 750px) 100vw, 750px\" \/><\/span><\/td>\n<\/tr>\n<\/tbody>\n<\/table>\n<p>&nbsp;<\/p>\n","protected":false},"excerpt":{"rendered":"<p>Chape \u00e0 sertir en acier inoxydable AISI 316, utilis\u00e9e avec un c\u00e2ble inox, r\u00e9sistante \u00e0 la corrosion, id\u00e9ale pour les applications nautiques, industrielles et architecturales.<\/p>\n","protected":false},"featured_media":63642,"template":"","meta":{"_acf_changed":false},"product_brand":[],"product_cat":[4086],"product_tag":[5839,4690,5837,5838],"class_list":{"0":"post-63641","1":"product","2":"type-product","3":"status-publish","4":"has-post-thumbnail","6":"product_cat-accessoires-pour-cables-et-chaines","7":"product_tag-accessoires-pour-cables","8":"product_tag-aisi-316","9":"product_tag-chape-inox","10":"product_tag-sertir-acier","11":"pa_marchio-inox-forniture","12":"pa_prodotto-pour-cable-o-3","13":"pa_prodotto-pour-cable-o-4","14":"pa_prodotto-pour-cable-o-5","15":"pa_prodotto-pour-cable-o-6","16":"pa_prodotto-pour-cable-o-8","18":"first","19":"instock","20":"taxable","21":"shipping-taxable","22":"purchasable","23":"product-type-variable"},"acf":[],"yoast_head":"<!-- This site is optimized with the Yoast SEO plugin v27.3 - https:\/\/yoast.com\/product\/yoast-seo-wordpress\/ -->\n<title>Chape \u00e0 sertir en acier inoxydable AISI 316 - Inox Forniture<\/title>\n<meta name=\"description\" content=\"Chape \u00e0 sertir en acier inoxydable AISI 316, utilis\u00e9e avec un c\u00e2ble inox, r\u00e9sistante \u00e0 la corrosion, id\u00e9ale pour les applications nautiques et industrielles.\" \/>\n<meta name=\"robots\" content=\"index, follow, max-snippet:-1, max-image-preview:large, max-video-preview:-1\" \/>\n<link rel=\"canonical\" href=\"https:\/\/www.inoxforniture.it\/fr\/chape-a-sertir-en-acier-inoxydable-aisi-316\/\" \/>\n<meta property=\"og:locale\" content=\"fr_FR\" \/>\n<meta property=\"og:type\" content=\"article\" \/>\n<meta property=\"og:title\" content=\"Chape \u00e0 sertir en acier inoxydable AISI 316 - Inox Forniture\" \/>\n<meta property=\"og:description\" content=\"Chape \u00e0 sertir en acier inoxydable AISI 316, utilis\u00e9e avec un c\u00e2ble inox, r\u00e9sistante \u00e0 la corrosion, id\u00e9ale pour les applications nautiques et industrielles.\" \/>\n<meta property=\"og:url\" content=\"https:\/\/www.inoxforniture.it\/fr\/chape-a-sertir-en-acier-inoxydable-aisi-316\/\" \/>\n<meta property=\"og:site_name\" content=\"Inox Forniture\" \/>\n<meta property=\"article:publisher\" content=\"https:\/\/www.facebook.com\/Inox.Forniture\" \/>\n<meta property=\"article:modified_time\" content=\"2026-01-23T17:37:26+00:00\" \/>\n<meta property=\"og:image\" content=\"https:\/\/www.inoxforniture.it\/wp-content\/uploads\/2018\/02\/n9a0000_1_5.jpg\" \/>\n\t<meta property=\"og:image:width\" content=\"480\" \/>\n\t<meta property=\"og:image:height\" content=\"480\" \/>\n\t<meta property=\"og:image:type\" content=\"image\/jpeg\" \/>\n<meta name=\"twitter:card\" content=\"summary_large_image\" \/>\n<meta name=\"twitter:site\" content=\"@InoxForniture\" \/>\n<meta name=\"twitter:label1\" content=\"Dur\u00e9e de lecture estim\u00e9e\" \/>\n\t<meta name=\"twitter:data1\" content=\"1 minute\" \/>\n<script type=\"application\/ld+json\" class=\"yoast-schema-graph\">{\"@context\":\"https:\\\/\\\/schema.org\",\"@graph\":[{\"@type\":\"WebPage\",\"@id\":\"https:\\\/\\\/www.inoxforniture.it\\\/fr\\\/chape-a-sertir-en-acier-inoxydable-aisi-316\\\/\",\"url\":\"https:\\\/\\\/www.inoxforniture.it\\\/fr\\\/chape-a-sertir-en-acier-inoxydable-aisi-316\\\/\",\"name\":\"Chape \u00e0 sertir en acier inoxydable AISI 316 - Inox Forniture\",\"isPartOf\":{\"@id\":\"https:\\\/\\\/www.inoxforniture.it\\\/#website\"},\"primaryImageOfPage\":{\"@id\":\"https:\\\/\\\/www.inoxforniture.it\\\/fr\\\/chape-a-sertir-en-acier-inoxydable-aisi-316\\\/#primaryimage\"},\"image\":{\"@id\":\"https:\\\/\\\/www.inoxforniture.it\\\/fr\\\/chape-a-sertir-en-acier-inoxydable-aisi-316\\\/#primaryimage\"},\"thumbnailUrl\":\"https:\\\/\\\/www.inoxforniture.it\\\/wp-content\\\/uploads\\\/2018\\\/02\\\/n9a0000_1_5.jpg\",\"datePublished\":\"2018-02-12T08:32:41+00:00\",\"dateModified\":\"2026-01-23T17:37:26+00:00\",\"description\":\"Chape \u00e0 sertir en acier inoxydable AISI 316, utilis\u00e9e avec un c\u00e2ble inox, r\u00e9sistante \u00e0 la corrosion, id\u00e9ale pour les applications nautiques et industrielles.\",\"breadcrumb\":{\"@id\":\"https:\\\/\\\/www.inoxforniture.it\\\/fr\\\/chape-a-sertir-en-acier-inoxydable-aisi-316\\\/#breadcrumb\"},\"inLanguage\":\"fr-FR\",\"potentialAction\":[{\"@type\":\"ReadAction\",\"target\":[\"https:\\\/\\\/www.inoxforniture.it\\\/fr\\\/chape-a-sertir-en-acier-inoxydable-aisi-316\\\/\"]}]},{\"@type\":\"ImageObject\",\"inLanguage\":\"fr-FR\",\"@id\":\"https:\\\/\\\/www.inoxforniture.it\\\/fr\\\/chape-a-sertir-en-acier-inoxydable-aisi-316\\\/#primaryimage\",\"url\":\"https:\\\/\\\/www.inoxforniture.it\\\/wp-content\\\/uploads\\\/2018\\\/02\\\/n9a0000_1_5.jpg\",\"contentUrl\":\"https:\\\/\\\/www.inoxforniture.it\\\/wp-content\\\/uploads\\\/2018\\\/02\\\/n9a0000_1_5.jpg\",\"width\":480,\"height\":480,\"caption\":\"Chape \u00e0 sertir en acier inoxydable AISI 316, utilis\u00e9e avec un c\u00e2ble inox, id\u00e9ale pour les applications nautiques, industrielles et architecturales.\"},{\"@type\":\"BreadcrumbList\",\"@id\":\"https:\\\/\\\/www.inoxforniture.it\\\/fr\\\/chape-a-sertir-en-acier-inoxydable-aisi-316\\\/#breadcrumb\",\"itemListElement\":[{\"@type\":\"ListItem\",\"position\":1,\"name\":\"Accueil\",\"item\":\"https:\\\/\\\/www.inoxforniture.it\\\/\"},{\"@type\":\"ListItem\",\"position\":2,\"name\":\"Boutique\",\"item\":\"https:\\\/\\\/www.inoxforniture.it\\\/fr\\\/boutique\\\/\"},{\"@type\":\"ListItem\",\"position\":3,\"name\":\"Quincaillerie inox\",\"item\":\"https:\\\/\\\/www.inoxforniture.it\\\/fr\\\/quincaillerie-inox\\\/\"},{\"@type\":\"ListItem\",\"position\":4,\"name\":\"Accessoires pour c\u00e2bles et cha\u00eenes\",\"item\":\"https:\\\/\\\/www.inoxforniture.it\\\/fr\\\/accessoires-pour-cables-et-chaines\\\/\"},{\"@type\":\"ListItem\",\"position\":5,\"name\":\"CHAPE \u00c0 SERTIR EN ACIER INOXYDABLE AISI 316\"}]},{\"@type\":\"WebSite\",\"@id\":\"https:\\\/\\\/www.inoxforniture.it\\\/#website\",\"url\":\"https:\\\/\\\/www.inoxforniture.it\\\/\",\"name\":\"Inox Forniture\",\"description\":\"\",\"publisher\":{\"@id\":\"https:\\\/\\\/www.inoxforniture.it\\\/#organization\"},\"potentialAction\":[{\"@type\":\"SearchAction\",\"target\":{\"@type\":\"EntryPoint\",\"urlTemplate\":\"https:\\\/\\\/www.inoxforniture.it\\\/?s={search_term_string}\"},\"query-input\":{\"@type\":\"PropertyValueSpecification\",\"valueRequired\":true,\"valueName\":\"search_term_string\"}}],\"inLanguage\":\"fr-FR\"},{\"@type\":\"Organization\",\"@id\":\"https:\\\/\\\/www.inoxforniture.it\\\/#organization\",\"name\":\"Inox Forniture srl\",\"url\":\"https:\\\/\\\/www.inoxforniture.it\\\/\",\"logo\":{\"@type\":\"ImageObject\",\"inLanguage\":\"fr-FR\",\"@id\":\"https:\\\/\\\/www.inoxforniture.it\\\/#\\\/schema\\\/logo\\\/image\\\/\",\"url\":\"https:\\\/\\\/www.inoxforniture.it\\\/wp-content\\\/uploads\\\/2021\\\/01\\\/logo_inox.png\",\"contentUrl\":\"https:\\\/\\\/www.inoxforniture.it\\\/wp-content\\\/uploads\\\/2021\\\/01\\\/logo_inox.png\",\"width\":230,\"height\":44,\"caption\":\"Inox Forniture srl\"},\"image\":{\"@id\":\"https:\\\/\\\/www.inoxforniture.it\\\/#\\\/schema\\\/logo\\\/image\\\/\"},\"sameAs\":[\"https:\\\/\\\/www.facebook.com\\\/Inox.Forniture\",\"https:\\\/\\\/x.com\\\/InoxForniture\"]}]}<\/script>\n<!-- \/ Yoast SEO plugin. -->","yoast_head_json":{"title":"Chape \u00e0 sertir en acier inoxydable AISI 316 - Inox Forniture","description":"Chape \u00e0 sertir en acier inoxydable AISI 316, utilis\u00e9e avec un c\u00e2ble inox, r\u00e9sistante \u00e0 la corrosion, id\u00e9ale pour les applications nautiques et industrielles.","robots":{"index":"index","follow":"follow","max-snippet":"max-snippet:-1","max-image-preview":"max-image-preview:large","max-video-preview":"max-video-preview:-1"},"canonical":"https:\/\/www.inoxforniture.it\/fr\/chape-a-sertir-en-acier-inoxydable-aisi-316\/","og_locale":"fr_FR","og_type":"article","og_title":"Chape \u00e0 sertir en acier inoxydable AISI 316 - Inox Forniture","og_description":"Chape \u00e0 sertir en acier inoxydable AISI 316, utilis\u00e9e avec un c\u00e2ble inox, r\u00e9sistante \u00e0 la corrosion, id\u00e9ale pour les applications nautiques et industrielles.","og_url":"https:\/\/www.inoxforniture.it\/fr\/chape-a-sertir-en-acier-inoxydable-aisi-316\/","og_site_name":"Inox Forniture","article_publisher":"https:\/\/www.facebook.com\/Inox.Forniture","article_modified_time":"2026-01-23T17:37:26+00:00","og_image":[{"width":480,"height":480,"url":"https:\/\/www.inoxforniture.it\/wp-content\/uploads\/2018\/02\/n9a0000_1_5.jpg","type":"image\/jpeg"}],"twitter_card":"summary_large_image","twitter_site":"@InoxForniture","twitter_misc":{"Dur\u00e9e de lecture estim\u00e9e":"1 minute"},"schema":{"@context":"https:\/\/schema.org","@graph":[{"@type":"WebPage","@id":"https:\/\/www.inoxforniture.it\/fr\/chape-a-sertir-en-acier-inoxydable-aisi-316\/","url":"https:\/\/www.inoxforniture.it\/fr\/chape-a-sertir-en-acier-inoxydable-aisi-316\/","name":"Chape \u00e0 sertir en acier inoxydable AISI 316 - Inox Forniture","isPartOf":{"@id":"https:\/\/www.inoxforniture.it\/#website"},"primaryImageOfPage":{"@id":"https:\/\/www.inoxforniture.it\/fr\/chape-a-sertir-en-acier-inoxydable-aisi-316\/#primaryimage"},"image":{"@id":"https:\/\/www.inoxforniture.it\/fr\/chape-a-sertir-en-acier-inoxydable-aisi-316\/#primaryimage"},"thumbnailUrl":"https:\/\/www.inoxforniture.it\/wp-content\/uploads\/2018\/02\/n9a0000_1_5.jpg","datePublished":"2018-02-12T08:32:41+00:00","dateModified":"2026-01-23T17:37:26+00:00","description":"Chape \u00e0 sertir en acier inoxydable AISI 316, utilis\u00e9e avec un c\u00e2ble inox, r\u00e9sistante \u00e0 la corrosion, id\u00e9ale pour les applications nautiques et industrielles.","breadcrumb":{"@id":"https:\/\/www.inoxforniture.it\/fr\/chape-a-sertir-en-acier-inoxydable-aisi-316\/#breadcrumb"},"inLanguage":"fr-FR","potentialAction":[{"@type":"ReadAction","target":["https:\/\/www.inoxforniture.it\/fr\/chape-a-sertir-en-acier-inoxydable-aisi-316\/"]}]},{"@type":"ImageObject","inLanguage":"fr-FR","@id":"https:\/\/www.inoxforniture.it\/fr\/chape-a-sertir-en-acier-inoxydable-aisi-316\/#primaryimage","url":"https:\/\/www.inoxforniture.it\/wp-content\/uploads\/2018\/02\/n9a0000_1_5.jpg","contentUrl":"https:\/\/www.inoxforniture.it\/wp-content\/uploads\/2018\/02\/n9a0000_1_5.jpg","width":480,"height":480,"caption":"Chape \u00e0 sertir en acier inoxydable AISI 316, utilis\u00e9e avec un c\u00e2ble inox, id\u00e9ale pour les applications nautiques, industrielles et architecturales."},{"@type":"BreadcrumbList","@id":"https:\/\/www.inoxforniture.it\/fr\/chape-a-sertir-en-acier-inoxydable-aisi-316\/#breadcrumb","itemListElement":[{"@type":"ListItem","position":1,"name":"Accueil","item":"https:\/\/www.inoxforniture.it\/"},{"@type":"ListItem","position":2,"name":"Boutique","item":"https:\/\/www.inoxforniture.it\/fr\/boutique\/"},{"@type":"ListItem","position":3,"name":"Quincaillerie inox","item":"https:\/\/www.inoxforniture.it\/fr\/quincaillerie-inox\/"},{"@type":"ListItem","position":4,"name":"Accessoires pour c\u00e2bles et cha\u00eenes","item":"https:\/\/www.inoxforniture.it\/fr\/accessoires-pour-cables-et-chaines\/"},{"@type":"ListItem","position":5,"name":"CHAPE \u00c0 SERTIR EN ACIER INOXYDABLE AISI 316"}]},{"@type":"WebSite","@id":"https:\/\/www.inoxforniture.it\/#website","url":"https:\/\/www.inoxforniture.it\/","name":"Inox Forniture","description":"","publisher":{"@id":"https:\/\/www.inoxforniture.it\/#organization"},"potentialAction":[{"@type":"SearchAction","target":{"@type":"EntryPoint","urlTemplate":"https:\/\/www.inoxforniture.it\/?s={search_term_string}"},"query-input":{"@type":"PropertyValueSpecification","valueRequired":true,"valueName":"search_term_string"}}],"inLanguage":"fr-FR"},{"@type":"Organization","@id":"https:\/\/www.inoxforniture.it\/#organization","name":"Inox Forniture srl","url":"https:\/\/www.inoxforniture.it\/","logo":{"@type":"ImageObject","inLanguage":"fr-FR","@id":"https:\/\/www.inoxforniture.it\/#\/schema\/logo\/image\/","url":"https:\/\/www.inoxforniture.it\/wp-content\/uploads\/2021\/01\/logo_inox.png","contentUrl":"https:\/\/www.inoxforniture.it\/wp-content\/uploads\/2021\/01\/logo_inox.png","width":230,"height":44,"caption":"Inox Forniture srl"},"image":{"@id":"https:\/\/www.inoxforniture.it\/#\/schema\/logo\/image\/"},"sameAs":["https:\/\/www.facebook.com\/Inox.Forniture","https:\/\/x.com\/InoxForniture"]}]}},"df_price":1.198,"df_sale_price":"","df_regular_price":1.198,"df_image_link":"https:\/\/www.inoxforniture.it\/wp-content\/uploads\/2018\/02\/n9a0000_1_5-300x300.jpg","tiered_pricing_type":"fixed","tiered_pricing_fixed_rules":[],"tiered_pricing_product_settings":{"layout":"default","base_unit_name":{"singular":null,"plural":null},"default_variation":null},"tiered_pricing_minimum_quantity":null,"tiered_pricing_roles_data":{"privato":{"product_id":63641,"role":"privato","pricing_type":"flat","regular_price":null,"sale_price":null,"discount":null,"discount_type":"sale_price","tiered_pricing_type":"fixed","percentage_rules":[],"fixed_rules":[],"minimum":null},"azienda":{"product_id":63641,"role":"azienda","pricing_type":"flat","regular_price":null,"sale_price":null,"discount":null,"discount_type":"sale_price","tiered_pricing_type":"fixed","percentage_rules":[],"fixed_rules":[],"minimum":null},"azienda_premium":{"product_id":63641,"role":"azienda_premium","pricing_type":"flat","regular_price":null,"sale_price":null,"discount":null,"discount_type":"sale_price","tiered_pricing_type":"fixed","percentage_rules":[],"fixed_rules":[],"minimum":null}},"tiered_pricing_percentage_rules":[],"tiered_pricing_maximum_quantity":null,"tiered_pricing_quantity_step":null,"_links":{"self":[{"href":"https:\/\/www.inoxforniture.it\/fr\/wp-json\/wp\/v2\/product\/63641","targetHints":{"allow":["GET"]}}],"collection":[{"href":"https:\/\/www.inoxforniture.it\/fr\/wp-json\/wp\/v2\/product"}],"about":[{"href":"https:\/\/www.inoxforniture.it\/fr\/wp-json\/wp\/v2\/types\/product"}],"wp:featuredmedia":[{"embeddable":true,"href":"https:\/\/www.inoxforniture.it\/fr\/wp-json\/wp\/v2\/media\/63642"}],"wp:attachment":[{"href":"https:\/\/www.inoxforniture.it\/fr\/wp-json\/wp\/v2\/media?parent=63641"}],"wp:term":[{"taxonomy":"product_brand","embeddable":true,"href":"https:\/\/www.inoxforniture.it\/fr\/wp-json\/wp\/v2\/product_brand?post=63641"},{"taxonomy":"product_cat","embeddable":true,"href":"https:\/\/www.inoxforniture.it\/fr\/wp-json\/wp\/v2\/product_cat?post=63641"},{"taxonomy":"product_tag","embeddable":true,"href":"https:\/\/www.inoxforniture.it\/fr\/wp-json\/wp\/v2\/product_tag?post=63641"}],"curies":[{"name":"wp","href":"https:\/\/api.w.org\/{rel}","templated":true}]}}