{"id":63422,"date":"2021-11-18T12:09:37","date_gmt":"2021-11-18T11:09:37","guid":{"rendered":"https:\/\/www.inoxforniture.it\/main-courante-murale-o-424-aisi-304-brossee-type-5\/"},"modified":"2026-01-28T11:39:48","modified_gmt":"2026-01-28T10:39:48","slug":"main-courante-murale-o-424-aisi-304-brossee-type-5","status":"publish","type":"product","link":"https:\/\/www.inoxforniture.it\/fr\/main-courante-murale-o-424-aisi-304-brossee-type-5\/","title":{"rendered":"MAIN COURANTE MURALE \u00d8 42,4 AISI 304 BROSS\u00c9E TYPE 5"},"content":{"rendered":"<h1 class=\"O\"><span style=\"color: #014494;\">MAIN COURANTE MURALE INOX BROSS\u00c9E<\/span><\/h1>\n<div class=\"O\">\n<div>\n<p><span style=\"font-size: 16px; color: #014494;\">Main courante murale enti\u00e8rement r\u00e9alis\u00e9e en acier inoxydable AISI 304 BROSS\u00c9.<\/span><\/p>\n<p><span style=\"font-size: 16px; color: #014494;\">Le support utilis\u00e9 pour cette main courante n&rsquo;a pas de vis apparentes et n&rsquo;a pas de rosette de couverture. Il se fixe par un seul trou filet\u00e9 M8 situ\u00e9 au centre de la plaque.<\/span><\/p>\n<p><span style=\"font-size: 16px; color: #014494;\">La fourniture comprend : le tube de 2 mm d&rsquo;\u00e9paisseur pr\u00e9par\u00e9 pour la fixation des supports, les embouts ins\u00e9r\u00e9s, les supports, les vis et les chevilles pour la fixation murale.<\/span><\/p>\n<p><span style=\"font-size: 16px; color: #014494;\">Pour garantir une fixation solide des supports au tube de la main courante, le tube n&rsquo;est pas simplement perc\u00e9 et filet\u00e9, mais d\u00e9form\u00e9 pour obtenir des filetages profonds.<\/span><\/p>\n<p><span style=\"font-size: 16px; color: #014494;\">Les d\u00e9formations filet\u00e9es permettent de serrer fermement et en toute s\u00e9curit\u00e9 les supports au tube.<\/span><\/p>\n<\/div>\n<div><span style=\"font-size: 16px; color: #014494;\">Toutes les mesures standard sont indiqu\u00e9es ci-dessous.<\/span><\/div>\n<div><span style=\"font-size: 16px; color: #014494;\">Via le menu d\u00e9roulant ci-dessus, vous pouvez choisir celle qui vous int\u00e9resse et t\u00e9l\u00e9charger la fiche compl\u00e8te du produit.<\/span><\/div>\n<div><strong><span style=\"font-size: 16px; color: #014494;\">N&rsquo;h\u00e9sitez pas \u00e0 nous contacter pour des personnalisations.<\/span><\/strong><\/div>\n<\/div>\n","protected":false},"excerpt":{"rendered":"<p>Diam\u00e8tre du tube de 42,4 mm, sans vis apparentes et se fixe au mur gr\u00e2ce \u00e0 un filetage M8. Le profil carr\u00e9 des supports le rend particuli\u00e8rement adapt\u00e9 \u00e0 un d\u00e9cor moderne et \u00e9l\u00e9gant. La prise en main de la main courante est id\u00e9ale gr\u00e2ce au diam\u00e8tre du tube, \u00e0 la distance correcte du mur et \u00e0 la forme des supports qui permettent de glisser les mains sans obstacle le long du tube.<\/p>\n<p><strong>CHOISISSEZ LA LONGUEUR DE LA MAIN COURANTE CI-DESSOUS<\/strong><br \/>\nUne fois le choix fait, seront visibles le prix, la disponibilit\u00e9 et la fiche technique.<br \/>\n<span style=\"color: #ff0000;\"><strong>Les mains courantes de longueur sup\u00e9rieure \u00e0 3 m\u00e8tres sont fournies en deux pi\u00e8ces.<\/strong><\/span><\/p>\n","protected":false},"featured_media":63436,"template":"","meta":{"_acf_changed":false},"product_brand":[],"product_cat":[4100],"product_tag":[4632,5786,5785,5787],"class_list":{"0":"post-63422","1":"product","2":"type-product","3":"status-publish","4":"has-post-thumbnail","6":"product_cat-mains-courantes-murales","7":"product_tag-corrimano-per-scale","8":"product_tag-escalier-interieur-2","9":"product_tag-escaliers-et-main-courante","10":"product_tag-main-courante","11":"pa_prodotto-longueur-100-m-avec-2-supports","12":"pa_prodotto-longueur-125-m-avec-2-supports","13":"pa_prodotto-longueur-150-m-avec-2-supports","14":"pa_prodotto-longueur-200-m-avec-3-supports","15":"pa_prodotto-longueur-250-m-avec-3-supports","16":"pa_prodotto-longueur-300-m-avec-4-supports","17":"pa_prodotto-longueur-350-m-avec-4-supports","18":"pa_prodotto-longueur-400-m-avec-5-supports","19":"pa_prodotto-longueur-450-m-avec-5-supports","20":"pa_prodotto-longueur-500-m-avec-6-supports","21":"pa_prodotto-longueur-550-m-avec-6-supports","22":"pa_prodotto-longueur-600-m-avec-6-supports","24":"first","25":"onbackorder","26":"taxable","27":"shipping-taxable","28":"purchasable","29":"product-type-variable"},"acf":[],"yoast_head":"<!-- This site is optimized with the Yoast SEO plugin v27.3 - https:\/\/yoast.com\/product\/yoast-seo-wordpress\/ -->\n<title>MAIN COURANTE MURALE \u00d8 42,4 AISI 304 BROSS\u00c9E TYPE 5<\/title>\n<meta name=\"description\" content=\"Achetez en ligne une main courante en acier inoxydable. Le profil carr\u00e9 des supports la rend adapt\u00e9e \u00e0 un d\u00e9cor moderne et \u00e9l\u00e9gant.\" \/>\n<meta name=\"robots\" content=\"index, follow, max-snippet:-1, max-image-preview:large, max-video-preview:-1\" \/>\n<link rel=\"canonical\" href=\"https:\/\/www.inoxforniture.it\/fr\/main-courante-murale-o-424-aisi-304-brossee-type-5\/\" \/>\n<meta property=\"og:locale\" content=\"fr_FR\" \/>\n<meta property=\"og:type\" content=\"article\" \/>\n<meta property=\"og:title\" content=\"MAIN COURANTE MURALE \u00d8 42,4 AISI 304 BROSS\u00c9E TYPE 5\" \/>\n<meta property=\"og:description\" content=\"Achetez en ligne une main courante en acier inoxydable. Le profil carr\u00e9 des supports la rend adapt\u00e9e \u00e0 un d\u00e9cor moderne et \u00e9l\u00e9gant.\" \/>\n<meta property=\"og:url\" content=\"https:\/\/www.inoxforniture.it\/fr\/main-courante-murale-o-424-aisi-304-brossee-type-5\/\" \/>\n<meta property=\"og:site_name\" content=\"Inox Forniture\" \/>\n<meta property=\"article:publisher\" content=\"https:\/\/www.facebook.com\/Inox.Forniture\" \/>\n<meta property=\"article:modified_time\" content=\"2026-01-28T10:39:48+00:00\" \/>\n<meta property=\"og:image\" content=\"https:\/\/www.inoxforniture.it\/wp-content\/uploads\/2021\/11\/P1102T5-12.jpg\" \/>\n\t<meta property=\"og:image:width\" content=\"600\" \/>\n\t<meta property=\"og:image:height\" content=\"600\" \/>\n\t<meta property=\"og:image:type\" content=\"image\/jpeg\" \/>\n<meta name=\"twitter:card\" content=\"summary_large_image\" \/>\n<meta name=\"twitter:site\" content=\"@InoxForniture\" \/>\n<meta name=\"twitter:label1\" content=\"Dur\u00e9e de lecture estim\u00e9e\" \/>\n\t<meta name=\"twitter:data1\" content=\"1 minute\" \/>\n<script type=\"application\/ld+json\" class=\"yoast-schema-graph\">{\"@context\":\"https:\\\/\\\/schema.org\",\"@graph\":[{\"@type\":\"WebPage\",\"@id\":\"https:\\\/\\\/www.inoxforniture.it\\\/fr\\\/main-courante-murale-o-424-aisi-304-brossee-type-5\\\/\",\"url\":\"https:\\\/\\\/www.inoxforniture.it\\\/fr\\\/main-courante-murale-o-424-aisi-304-brossee-type-5\\\/\",\"name\":\"MAIN COURANTE MURALE \u00d8 42,4 AISI 304 BROSS\u00c9E TYPE 5\",\"isPartOf\":{\"@id\":\"https:\\\/\\\/www.inoxforniture.it\\\/#website\"},\"primaryImageOfPage\":{\"@id\":\"https:\\\/\\\/www.inoxforniture.it\\\/fr\\\/main-courante-murale-o-424-aisi-304-brossee-type-5\\\/#primaryimage\"},\"image\":{\"@id\":\"https:\\\/\\\/www.inoxforniture.it\\\/fr\\\/main-courante-murale-o-424-aisi-304-brossee-type-5\\\/#primaryimage\"},\"thumbnailUrl\":\"https:\\\/\\\/www.inoxforniture.it\\\/wp-content\\\/uploads\\\/2021\\\/11\\\/P1102T5-12.jpg\",\"datePublished\":\"2021-11-18T11:09:37+00:00\",\"dateModified\":\"2026-01-28T10:39:48+00:00\",\"description\":\"Achetez en ligne une main courante en acier inoxydable. Le profil carr\u00e9 des supports la rend adapt\u00e9e \u00e0 un d\u00e9cor moderne et \u00e9l\u00e9gant.\",\"breadcrumb\":{\"@id\":\"https:\\\/\\\/www.inoxforniture.it\\\/fr\\\/main-courante-murale-o-424-aisi-304-brossee-type-5\\\/#breadcrumb\"},\"inLanguage\":\"fr-FR\",\"potentialAction\":[{\"@type\":\"ReadAction\",\"target\":[\"https:\\\/\\\/www.inoxforniture.it\\\/fr\\\/main-courante-murale-o-424-aisi-304-brossee-type-5\\\/\"]}]},{\"@type\":\"ImageObject\",\"inLanguage\":\"fr-FR\",\"@id\":\"https:\\\/\\\/www.inoxforniture.it\\\/fr\\\/main-courante-murale-o-424-aisi-304-brossee-type-5\\\/#primaryimage\",\"url\":\"https:\\\/\\\/www.inoxforniture.it\\\/wp-content\\\/uploads\\\/2021\\\/11\\\/P1102T5-12.jpg\",\"contentUrl\":\"https:\\\/\\\/www.inoxforniture.it\\\/wp-content\\\/uploads\\\/2021\\\/11\\\/P1102T5-12.jpg\",\"width\":600,\"height\":600},{\"@type\":\"BreadcrumbList\",\"@id\":\"https:\\\/\\\/www.inoxforniture.it\\\/fr\\\/main-courante-murale-o-424-aisi-304-brossee-type-5\\\/#breadcrumb\",\"itemListElement\":[{\"@type\":\"ListItem\",\"position\":1,\"name\":\"Accueil\",\"item\":\"https:\\\/\\\/www.inoxforniture.it\\\/\"},{\"@type\":\"ListItem\",\"position\":2,\"name\":\"Boutique\",\"item\":\"https:\\\/\\\/www.inoxforniture.it\\\/fr\\\/boutique\\\/\"},{\"@type\":\"ListItem\",\"position\":3,\"name\":\"Syst\u00e8mes pour garde-corps et balustrades\",\"item\":\"https:\\\/\\\/www.inoxforniture.it\\\/fr\\\/systemes-pour-garde-corps-et-balustrades\\\/\"},{\"@type\":\"ListItem\",\"position\":4,\"name\":\"Mains courantes murales\",\"item\":\"https:\\\/\\\/www.inoxforniture.it\\\/fr\\\/mains-courantes-murales\\\/\"},{\"@type\":\"ListItem\",\"position\":5,\"name\":\"MAIN COURANTE MURALE \u00d8 42,4 AISI 304 BROSS\u00c9E TYPE 5\"}]},{\"@type\":\"WebSite\",\"@id\":\"https:\\\/\\\/www.inoxforniture.it\\\/#website\",\"url\":\"https:\\\/\\\/www.inoxforniture.it\\\/\",\"name\":\"Inox Forniture\",\"description\":\"\",\"publisher\":{\"@id\":\"https:\\\/\\\/www.inoxforniture.it\\\/#organization\"},\"potentialAction\":[{\"@type\":\"SearchAction\",\"target\":{\"@type\":\"EntryPoint\",\"urlTemplate\":\"https:\\\/\\\/www.inoxforniture.it\\\/?s={search_term_string}\"},\"query-input\":{\"@type\":\"PropertyValueSpecification\",\"valueRequired\":true,\"valueName\":\"search_term_string\"}}],\"inLanguage\":\"fr-FR\"},{\"@type\":\"Organization\",\"@id\":\"https:\\\/\\\/www.inoxforniture.it\\\/#organization\",\"name\":\"Inox Forniture srl\",\"url\":\"https:\\\/\\\/www.inoxforniture.it\\\/\",\"logo\":{\"@type\":\"ImageObject\",\"inLanguage\":\"fr-FR\",\"@id\":\"https:\\\/\\\/www.inoxforniture.it\\\/#\\\/schema\\\/logo\\\/image\\\/\",\"url\":\"https:\\\/\\\/www.inoxforniture.it\\\/wp-content\\\/uploads\\\/2021\\\/01\\\/logo_inox.png\",\"contentUrl\":\"https:\\\/\\\/www.inoxforniture.it\\\/wp-content\\\/uploads\\\/2021\\\/01\\\/logo_inox.png\",\"width\":230,\"height\":44,\"caption\":\"Inox Forniture srl\"},\"image\":{\"@id\":\"https:\\\/\\\/www.inoxforniture.it\\\/#\\\/schema\\\/logo\\\/image\\\/\"},\"sameAs\":[\"https:\\\/\\\/www.facebook.com\\\/Inox.Forniture\",\"https:\\\/\\\/x.com\\\/InoxForniture\"]}]}<\/script>\n<!-- \/ Yoast SEO plugin. -->","yoast_head_json":{"title":"MAIN COURANTE MURALE \u00d8 42,4 AISI 304 BROSS\u00c9E TYPE 5","description":"Achetez en ligne une main courante en acier inoxydable. Le profil carr\u00e9 des supports la rend adapt\u00e9e \u00e0 un d\u00e9cor moderne et \u00e9l\u00e9gant.","robots":{"index":"index","follow":"follow","max-snippet":"max-snippet:-1","max-image-preview":"max-image-preview:large","max-video-preview":"max-video-preview:-1"},"canonical":"https:\/\/www.inoxforniture.it\/fr\/main-courante-murale-o-424-aisi-304-brossee-type-5\/","og_locale":"fr_FR","og_type":"article","og_title":"MAIN COURANTE MURALE \u00d8 42,4 AISI 304 BROSS\u00c9E TYPE 5","og_description":"Achetez en ligne une main courante en acier inoxydable. Le profil carr\u00e9 des supports la rend adapt\u00e9e \u00e0 un d\u00e9cor moderne et \u00e9l\u00e9gant.","og_url":"https:\/\/www.inoxforniture.it\/fr\/main-courante-murale-o-424-aisi-304-brossee-type-5\/","og_site_name":"Inox Forniture","article_publisher":"https:\/\/www.facebook.com\/Inox.Forniture","article_modified_time":"2026-01-28T10:39:48+00:00","og_image":[{"width":600,"height":600,"url":"https:\/\/www.inoxforniture.it\/wp-content\/uploads\/2021\/11\/P1102T5-12.jpg","type":"image\/jpeg"}],"twitter_card":"summary_large_image","twitter_site":"@InoxForniture","twitter_misc":{"Dur\u00e9e de lecture estim\u00e9e":"1 minute"},"schema":{"@context":"https:\/\/schema.org","@graph":[{"@type":"WebPage","@id":"https:\/\/www.inoxforniture.it\/fr\/main-courante-murale-o-424-aisi-304-brossee-type-5\/","url":"https:\/\/www.inoxforniture.it\/fr\/main-courante-murale-o-424-aisi-304-brossee-type-5\/","name":"MAIN COURANTE MURALE \u00d8 42,4 AISI 304 BROSS\u00c9E TYPE 5","isPartOf":{"@id":"https:\/\/www.inoxforniture.it\/#website"},"primaryImageOfPage":{"@id":"https:\/\/www.inoxforniture.it\/fr\/main-courante-murale-o-424-aisi-304-brossee-type-5\/#primaryimage"},"image":{"@id":"https:\/\/www.inoxforniture.it\/fr\/main-courante-murale-o-424-aisi-304-brossee-type-5\/#primaryimage"},"thumbnailUrl":"https:\/\/www.inoxforniture.it\/wp-content\/uploads\/2021\/11\/P1102T5-12.jpg","datePublished":"2021-11-18T11:09:37+00:00","dateModified":"2026-01-28T10:39:48+00:00","description":"Achetez en ligne une main courante en acier inoxydable. Le profil carr\u00e9 des supports la rend adapt\u00e9e \u00e0 un d\u00e9cor moderne et \u00e9l\u00e9gant.","breadcrumb":{"@id":"https:\/\/www.inoxforniture.it\/fr\/main-courante-murale-o-424-aisi-304-brossee-type-5\/#breadcrumb"},"inLanguage":"fr-FR","potentialAction":[{"@type":"ReadAction","target":["https:\/\/www.inoxforniture.it\/fr\/main-courante-murale-o-424-aisi-304-brossee-type-5\/"]}]},{"@type":"ImageObject","inLanguage":"fr-FR","@id":"https:\/\/www.inoxforniture.it\/fr\/main-courante-murale-o-424-aisi-304-brossee-type-5\/#primaryimage","url":"https:\/\/www.inoxforniture.it\/wp-content\/uploads\/2021\/11\/P1102T5-12.jpg","contentUrl":"https:\/\/www.inoxforniture.it\/wp-content\/uploads\/2021\/11\/P1102T5-12.jpg","width":600,"height":600},{"@type":"BreadcrumbList","@id":"https:\/\/www.inoxforniture.it\/fr\/main-courante-murale-o-424-aisi-304-brossee-type-5\/#breadcrumb","itemListElement":[{"@type":"ListItem","position":1,"name":"Accueil","item":"https:\/\/www.inoxforniture.it\/"},{"@type":"ListItem","position":2,"name":"Boutique","item":"https:\/\/www.inoxforniture.it\/fr\/boutique\/"},{"@type":"ListItem","position":3,"name":"Syst\u00e8mes pour garde-corps et balustrades","item":"https:\/\/www.inoxforniture.it\/fr\/systemes-pour-garde-corps-et-balustrades\/"},{"@type":"ListItem","position":4,"name":"Mains courantes murales","item":"https:\/\/www.inoxforniture.it\/fr\/mains-courantes-murales\/"},{"@type":"ListItem","position":5,"name":"MAIN COURANTE MURALE \u00d8 42,4 AISI 304 BROSS\u00c9E TYPE 5"}]},{"@type":"WebSite","@id":"https:\/\/www.inoxforniture.it\/#website","url":"https:\/\/www.inoxforniture.it\/","name":"Inox Forniture","description":"","publisher":{"@id":"https:\/\/www.inoxforniture.it\/#organization"},"potentialAction":[{"@type":"SearchAction","target":{"@type":"EntryPoint","urlTemplate":"https:\/\/www.inoxforniture.it\/?s={search_term_string}"},"query-input":{"@type":"PropertyValueSpecification","valueRequired":true,"valueName":"search_term_string"}}],"inLanguage":"fr-FR"},{"@type":"Organization","@id":"https:\/\/www.inoxforniture.it\/#organization","name":"Inox Forniture srl","url":"https:\/\/www.inoxforniture.it\/","logo":{"@type":"ImageObject","inLanguage":"fr-FR","@id":"https:\/\/www.inoxforniture.it\/#\/schema\/logo\/image\/","url":"https:\/\/www.inoxforniture.it\/wp-content\/uploads\/2021\/01\/logo_inox.png","contentUrl":"https:\/\/www.inoxforniture.it\/wp-content\/uploads\/2021\/01\/logo_inox.png","width":230,"height":44,"caption":"Inox Forniture srl"},"image":{"@id":"https:\/\/www.inoxforniture.it\/#\/schema\/logo\/image\/"},"sameAs":["https:\/\/www.facebook.com\/Inox.Forniture","https:\/\/x.com\/InoxForniture"]}]}},"df_price":72,"df_sale_price":"","df_regular_price":72,"df_image_link":"https:\/\/www.inoxforniture.it\/wp-content\/uploads\/2021\/11\/P1102T5-12-300x300.jpg","tiered_pricing_type":"fixed","tiered_pricing_fixed_rules":[],"tiered_pricing_product_settings":{"layout":"default","base_unit_name":{"singular":null,"plural":null},"default_variation":null},"tiered_pricing_minimum_quantity":null,"tiered_pricing_roles_data":{"privato":{"product_id":63422,"role":"privato","pricing_type":"flat","regular_price":null,"sale_price":null,"discount":null,"discount_type":"sale_price","tiered_pricing_type":"fixed","percentage_rules":[],"fixed_rules":[],"minimum":null},"azienda":{"product_id":63422,"role":"azienda","pricing_type":"flat","regular_price":null,"sale_price":null,"discount":null,"discount_type":"sale_price","tiered_pricing_type":"fixed","percentage_rules":[],"fixed_rules":[],"minimum":null},"azienda_premium":{"product_id":63422,"role":"azienda_premium","pricing_type":"flat","regular_price":null,"sale_price":null,"discount":null,"discount_type":"sale_price","tiered_pricing_type":"fixed","percentage_rules":[],"fixed_rules":[],"minimum":null}},"tiered_pricing_percentage_rules":[],"tiered_pricing_maximum_quantity":null,"tiered_pricing_quantity_step":null,"_links":{"self":[{"href":"https:\/\/www.inoxforniture.it\/fr\/wp-json\/wp\/v2\/product\/63422","targetHints":{"allow":["GET"]}}],"collection":[{"href":"https:\/\/www.inoxforniture.it\/fr\/wp-json\/wp\/v2\/product"}],"about":[{"href":"https:\/\/www.inoxforniture.it\/fr\/wp-json\/wp\/v2\/types\/product"}],"wp:featuredmedia":[{"embeddable":true,"href":"https:\/\/www.inoxforniture.it\/fr\/wp-json\/wp\/v2\/media\/63436"}],"wp:attachment":[{"href":"https:\/\/www.inoxforniture.it\/fr\/wp-json\/wp\/v2\/media?parent=63422"}],"wp:term":[{"taxonomy":"product_brand","embeddable":true,"href":"https:\/\/www.inoxforniture.it\/fr\/wp-json\/wp\/v2\/product_brand?post=63422"},{"taxonomy":"product_cat","embeddable":true,"href":"https:\/\/www.inoxforniture.it\/fr\/wp-json\/wp\/v2\/product_cat?post=63422"},{"taxonomy":"product_tag","embeddable":true,"href":"https:\/\/www.inoxforniture.it\/fr\/wp-json\/wp\/v2\/product_tag?post=63422"}],"curies":[{"name":"wp","href":"https:\/\/api.w.org\/{rel}","templated":true}]}}