{"id":63297,"date":"2015-06-17T06:58:52","date_gmt":"2015-06-17T04:58:52","guid":{"rendered":"https:\/\/www.inoxforniture.it\/tendeur-a-2-oeillets-en-acier-inox-aisi-316\/"},"modified":"2026-01-23T18:36:26","modified_gmt":"2026-01-23T17:36:26","slug":"tendeur-a-2-oeillets-en-acier-inox-aisi-316","status":"publish","type":"product","link":"https:\/\/www.inoxforniture.it\/fr\/tendeur-a-2-oeillets-en-acier-inox-aisi-316\/","title":{"rendered":"TENDEUR \u00c0 2 \u0152ILLETS EN ACIER INOX AISI 316"},"content":{"rendered":"<p>Tendeur \u00e0 2 \u0153illets pour c\u00e2ble en acier inox AISI 316<\/p>\n<p>Ce tirant est tr\u00e8s utilis\u00e9 pour les lignes d&rsquo;eau flottantes des piscines.<\/p>\n<table style=\"width: 700px;\" border=\"0\">\n<tbody>\n<tr>\n<td>\n<p><span style=\"font-size: medium;\"><strong><img fetchpriority=\"high\" decoding=\"async\" class=\" size-full wp-image-8652\" title=\"Tendeur \u00e0 2 \u0153illets AISI 316 pour c\u00e2ble\" src=\"https:\/\/www.inoxforniture.it\/wp-content\/uploads\/2015\/06\/N420000_1.jpg\" alt=\"Tendeur \u00e0 2 \u0153illets en acier inox AISI 316 pour c\u00e2ble\" width=\"750\" height=\"93\" srcset=\"https:\/\/www.inoxforniture.it\/wp-content\/uploads\/2015\/06\/N420000_1.jpg 750w, https:\/\/www.inoxforniture.it\/wp-content\/uploads\/2015\/06\/N420000_1-640x79.jpg 640w, https:\/\/www.inoxforniture.it\/wp-content\/uploads\/2015\/06\/N420000_1-400x50.jpg 400w, https:\/\/www.inoxforniture.it\/wp-content\/uploads\/2015\/06\/N420000_1-600x74.jpg 600w\" sizes=\"(max-width: 750px) 100vw, 750px\" \/><\/strong><\/span><\/p>\n<\/td>\n<\/tr>\n<tr>\n<td><img decoding=\"async\" class=\" size-full wp-image-8653\" title=\"Tendeur \u00e0 2 \u0153illets AISI 316 pour c\u00e2ble\" src=\"https:\/\/www.inoxforniture.it\/wp-content\/uploads\/2015\/06\/Tab_N420000.jpg\" alt=\"Tendeur \u00e0 2 \u0153illets en acier inox AISI 316 pour c\u00e2ble\" width=\"751\" height=\"239\" srcset=\"https:\/\/www.inoxforniture.it\/wp-content\/uploads\/2015\/06\/Tab_N420000.jpg 751w, https:\/\/www.inoxforniture.it\/wp-content\/uploads\/2015\/06\/Tab_N420000-640x204.jpg 640w, https:\/\/www.inoxforniture.it\/wp-content\/uploads\/2015\/06\/Tab_N420000-400x127.jpg 400w, https:\/\/www.inoxforniture.it\/wp-content\/uploads\/2015\/06\/Tab_N420000-600x191.jpg 600w\" sizes=\"(max-width: 751px) 100vw, 751px\" \/><\/td>\n<\/tr>\n<\/tbody>\n<\/table>\n<p>&nbsp;<\/p>\n","protected":false},"excerpt":{"rendered":"<p>&#8211; Tirant pour c\u00e2ble<\/p>\n","protected":false},"featured_media":63298,"template":"","meta":{"_acf_changed":false},"product_brand":[],"product_cat":[4086],"product_tag":[5733,5734],"class_list":{"0":"post-63297","1":"product","2":"type-product","3":"status-publish","4":"has-post-thumbnail","6":"product_cat-accessoires-pour-cables-et-chaines","7":"product_tag-tendeur-inox-pour-lignes-deau","8":"product_tag-tirant-inox-pour-lignes-deau","9":"pa_marchio-inox-forniture","10":"pa_prodotto-m-5","11":"pa_prodotto-m-6","12":"pa_prodotto-m-8","13":"pa_prodotto-m10","14":"pa_prodotto-m12","15":"pa_prodotto-m16","16":"pa_prodotto-m20","18":"first","19":"instock","20":"taxable","21":"shipping-taxable","22":"purchasable","23":"product-type-variable"},"acf":[],"yoast_head":"<!-- This site is optimized with the Yoast SEO plugin v27.3 - https:\/\/yoast.com\/product\/yoast-seo-wordpress\/ -->\n<title>TENDEUR \u00c0 2 \u0152ILLETS EN ACIER INOX AISI 316 - Inox Forniture<\/title>\n<meta name=\"description\" content=\"Tendeur en acier inox \u00e0 2 \u0153illets. Ce tirant dans la dimension M12 est souvent utilis\u00e9 pour les lignes d&#039;eau flottantes de piscines municipales et priv\u00e9es. Fabriqu\u00e9 en acier inox AISI 316, il convient aussi bien \u00e0 l&#039;utilisation dans les piscines avec chlore qu&#039;en mer.\" \/>\n<meta name=\"robots\" content=\"index, follow, max-snippet:-1, max-image-preview:large, max-video-preview:-1\" \/>\n<link rel=\"canonical\" href=\"https:\/\/www.inoxforniture.it\/fr\/tendeur-a-2-oeillets-en-acier-inox-aisi-316\/\" \/>\n<meta property=\"og:locale\" content=\"fr_FR\" \/>\n<meta property=\"og:type\" content=\"article\" \/>\n<meta property=\"og:title\" content=\"TENDEUR \u00c0 2 \u0152ILLETS EN ACIER INOX AISI 316 - Inox Forniture\" \/>\n<meta property=\"og:description\" content=\"Tendeur en acier inox \u00e0 2 \u0153illets. Ce tirant dans la dimension M12 est souvent utilis\u00e9 pour les lignes d&#039;eau flottantes de piscines municipales et priv\u00e9es. Fabriqu\u00e9 en acier inox AISI 316, il convient aussi bien \u00e0 l&#039;utilisation dans les piscines avec chlore qu&#039;en mer.\" \/>\n<meta property=\"og:url\" content=\"https:\/\/www.inoxforniture.it\/fr\/tendeur-a-2-oeillets-en-acier-inox-aisi-316\/\" \/>\n<meta property=\"og:site_name\" content=\"Inox Forniture\" \/>\n<meta property=\"article:publisher\" content=\"https:\/\/www.facebook.com\/Inox.Forniture\" \/>\n<meta property=\"article:modified_time\" content=\"2026-01-23T17:36:26+00:00\" \/>\n<meta property=\"og:image\" content=\"https:\/\/www.inoxforniture.it\/wp-content\/uploads\/2015\/06\/n420002_1_2.jpg\" \/>\n\t<meta property=\"og:image:width\" content=\"480\" \/>\n\t<meta property=\"og:image:height\" content=\"480\" \/>\n\t<meta property=\"og:image:type\" content=\"image\/jpeg\" \/>\n<meta name=\"twitter:card\" content=\"summary_large_image\" \/>\n<meta name=\"twitter:site\" content=\"@InoxForniture\" \/>\n<script type=\"application\/ld+json\" class=\"yoast-schema-graph\">{\"@context\":\"https:\\\/\\\/schema.org\",\"@graph\":[{\"@type\":\"WebPage\",\"@id\":\"https:\\\/\\\/www.inoxforniture.it\\\/fr\\\/tendeur-a-2-oeillets-en-acier-inox-aisi-316\\\/\",\"url\":\"https:\\\/\\\/www.inoxforniture.it\\\/fr\\\/tendeur-a-2-oeillets-en-acier-inox-aisi-316\\\/\",\"name\":\"TENDEUR \u00c0 2 \u0152ILLETS EN ACIER INOX AISI 316 - Inox Forniture\",\"isPartOf\":{\"@id\":\"https:\\\/\\\/www.inoxforniture.it\\\/#website\"},\"primaryImageOfPage\":{\"@id\":\"https:\\\/\\\/www.inoxforniture.it\\\/fr\\\/tendeur-a-2-oeillets-en-acier-inox-aisi-316\\\/#primaryimage\"},\"image\":{\"@id\":\"https:\\\/\\\/www.inoxforniture.it\\\/fr\\\/tendeur-a-2-oeillets-en-acier-inox-aisi-316\\\/#primaryimage\"},\"thumbnailUrl\":\"https:\\\/\\\/www.inoxforniture.it\\\/wp-content\\\/uploads\\\/2015\\\/06\\\/n420002_1_2.jpg\",\"datePublished\":\"2015-06-17T04:58:52+00:00\",\"dateModified\":\"2026-01-23T17:36:26+00:00\",\"description\":\"Tendeur en acier inox \u00e0 2 \u0153illets. Ce tirant dans la dimension M12 est souvent utilis\u00e9 pour les lignes d'eau flottantes de piscines municipales et priv\u00e9es. Fabriqu\u00e9 en acier inox AISI 316, il convient aussi bien \u00e0 l'utilisation dans les piscines avec chlore qu'en mer.\",\"breadcrumb\":{\"@id\":\"https:\\\/\\\/www.inoxforniture.it\\\/fr\\\/tendeur-a-2-oeillets-en-acier-inox-aisi-316\\\/#breadcrumb\"},\"inLanguage\":\"fr-FR\",\"potentialAction\":[{\"@type\":\"ReadAction\",\"target\":[\"https:\\\/\\\/www.inoxforniture.it\\\/fr\\\/tendeur-a-2-oeillets-en-acier-inox-aisi-316\\\/\"]}]},{\"@type\":\"ImageObject\",\"inLanguage\":\"fr-FR\",\"@id\":\"https:\\\/\\\/www.inoxforniture.it\\\/fr\\\/tendeur-a-2-oeillets-en-acier-inox-aisi-316\\\/#primaryimage\",\"url\":\"https:\\\/\\\/www.inoxforniture.it\\\/wp-content\\\/uploads\\\/2015\\\/06\\\/n420002_1_2.jpg\",\"contentUrl\":\"https:\\\/\\\/www.inoxforniture.it\\\/wp-content\\\/uploads\\\/2015\\\/06\\\/n420002_1_2.jpg\",\"width\":480,\"height\":480,\"caption\":\"TENDEUR \u00c0 2 \u0152ILLETS EN ACIER INOX AISI 316-0\"},{\"@type\":\"BreadcrumbList\",\"@id\":\"https:\\\/\\\/www.inoxforniture.it\\\/fr\\\/tendeur-a-2-oeillets-en-acier-inox-aisi-316\\\/#breadcrumb\",\"itemListElement\":[{\"@type\":\"ListItem\",\"position\":1,\"name\":\"Accueil\",\"item\":\"https:\\\/\\\/www.inoxforniture.it\\\/\"},{\"@type\":\"ListItem\",\"position\":2,\"name\":\"Boutique\",\"item\":\"https:\\\/\\\/www.inoxforniture.it\\\/fr\\\/boutique\\\/\"},{\"@type\":\"ListItem\",\"position\":3,\"name\":\"Quincaillerie inox\",\"item\":\"https:\\\/\\\/www.inoxforniture.it\\\/fr\\\/quincaillerie-inox\\\/\"},{\"@type\":\"ListItem\",\"position\":4,\"name\":\"Accessoires pour c\u00e2bles et cha\u00eenes\",\"item\":\"https:\\\/\\\/www.inoxforniture.it\\\/fr\\\/accessoires-pour-cables-et-chaines\\\/\"},{\"@type\":\"ListItem\",\"position\":5,\"name\":\"TENDEUR \u00c0 2 \u0152ILLETS EN ACIER INOX AISI 316\"}]},{\"@type\":\"WebSite\",\"@id\":\"https:\\\/\\\/www.inoxforniture.it\\\/#website\",\"url\":\"https:\\\/\\\/www.inoxforniture.it\\\/\",\"name\":\"Inox Forniture\",\"description\":\"\",\"publisher\":{\"@id\":\"https:\\\/\\\/www.inoxforniture.it\\\/#organization\"},\"potentialAction\":[{\"@type\":\"SearchAction\",\"target\":{\"@type\":\"EntryPoint\",\"urlTemplate\":\"https:\\\/\\\/www.inoxforniture.it\\\/?s={search_term_string}\"},\"query-input\":{\"@type\":\"PropertyValueSpecification\",\"valueRequired\":true,\"valueName\":\"search_term_string\"}}],\"inLanguage\":\"fr-FR\"},{\"@type\":\"Organization\",\"@id\":\"https:\\\/\\\/www.inoxforniture.it\\\/#organization\",\"name\":\"Inox Forniture srl\",\"url\":\"https:\\\/\\\/www.inoxforniture.it\\\/\",\"logo\":{\"@type\":\"ImageObject\",\"inLanguage\":\"fr-FR\",\"@id\":\"https:\\\/\\\/www.inoxforniture.it\\\/#\\\/schema\\\/logo\\\/image\\\/\",\"url\":\"https:\\\/\\\/www.inoxforniture.it\\\/wp-content\\\/uploads\\\/2021\\\/01\\\/logo_inox.png\",\"contentUrl\":\"https:\\\/\\\/www.inoxforniture.it\\\/wp-content\\\/uploads\\\/2021\\\/01\\\/logo_inox.png\",\"width\":230,\"height\":44,\"caption\":\"Inox Forniture srl\"},\"image\":{\"@id\":\"https:\\\/\\\/www.inoxforniture.it\\\/#\\\/schema\\\/logo\\\/image\\\/\"},\"sameAs\":[\"https:\\\/\\\/www.facebook.com\\\/Inox.Forniture\",\"https:\\\/\\\/x.com\\\/InoxForniture\"]}]}<\/script>\n<!-- \/ Yoast SEO plugin. -->","yoast_head_json":{"title":"TENDEUR \u00c0 2 \u0152ILLETS EN ACIER INOX AISI 316 - Inox Forniture","description":"Tendeur en acier inox \u00e0 2 \u0153illets. Ce tirant dans la dimension M12 est souvent utilis\u00e9 pour les lignes d'eau flottantes de piscines municipales et priv\u00e9es. Fabriqu\u00e9 en acier inox AISI 316, il convient aussi bien \u00e0 l'utilisation dans les piscines avec chlore qu'en mer.","robots":{"index":"index","follow":"follow","max-snippet":"max-snippet:-1","max-image-preview":"max-image-preview:large","max-video-preview":"max-video-preview:-1"},"canonical":"https:\/\/www.inoxforniture.it\/fr\/tendeur-a-2-oeillets-en-acier-inox-aisi-316\/","og_locale":"fr_FR","og_type":"article","og_title":"TENDEUR \u00c0 2 \u0152ILLETS EN ACIER INOX AISI 316 - Inox Forniture","og_description":"Tendeur en acier inox \u00e0 2 \u0153illets. Ce tirant dans la dimension M12 est souvent utilis\u00e9 pour les lignes d'eau flottantes de piscines municipales et priv\u00e9es. Fabriqu\u00e9 en acier inox AISI 316, il convient aussi bien \u00e0 l'utilisation dans les piscines avec chlore qu'en mer.","og_url":"https:\/\/www.inoxforniture.it\/fr\/tendeur-a-2-oeillets-en-acier-inox-aisi-316\/","og_site_name":"Inox Forniture","article_publisher":"https:\/\/www.facebook.com\/Inox.Forniture","article_modified_time":"2026-01-23T17:36:26+00:00","og_image":[{"width":480,"height":480,"url":"https:\/\/www.inoxforniture.it\/wp-content\/uploads\/2015\/06\/n420002_1_2.jpg","type":"image\/jpeg"}],"twitter_card":"summary_large_image","twitter_site":"@InoxForniture","schema":{"@context":"https:\/\/schema.org","@graph":[{"@type":"WebPage","@id":"https:\/\/www.inoxforniture.it\/fr\/tendeur-a-2-oeillets-en-acier-inox-aisi-316\/","url":"https:\/\/www.inoxforniture.it\/fr\/tendeur-a-2-oeillets-en-acier-inox-aisi-316\/","name":"TENDEUR \u00c0 2 \u0152ILLETS EN ACIER INOX AISI 316 - Inox Forniture","isPartOf":{"@id":"https:\/\/www.inoxforniture.it\/#website"},"primaryImageOfPage":{"@id":"https:\/\/www.inoxforniture.it\/fr\/tendeur-a-2-oeillets-en-acier-inox-aisi-316\/#primaryimage"},"image":{"@id":"https:\/\/www.inoxforniture.it\/fr\/tendeur-a-2-oeillets-en-acier-inox-aisi-316\/#primaryimage"},"thumbnailUrl":"https:\/\/www.inoxforniture.it\/wp-content\/uploads\/2015\/06\/n420002_1_2.jpg","datePublished":"2015-06-17T04:58:52+00:00","dateModified":"2026-01-23T17:36:26+00:00","description":"Tendeur en acier inox \u00e0 2 \u0153illets. Ce tirant dans la dimension M12 est souvent utilis\u00e9 pour les lignes d'eau flottantes de piscines municipales et priv\u00e9es. Fabriqu\u00e9 en acier inox AISI 316, il convient aussi bien \u00e0 l'utilisation dans les piscines avec chlore qu'en mer.","breadcrumb":{"@id":"https:\/\/www.inoxforniture.it\/fr\/tendeur-a-2-oeillets-en-acier-inox-aisi-316\/#breadcrumb"},"inLanguage":"fr-FR","potentialAction":[{"@type":"ReadAction","target":["https:\/\/www.inoxforniture.it\/fr\/tendeur-a-2-oeillets-en-acier-inox-aisi-316\/"]}]},{"@type":"ImageObject","inLanguage":"fr-FR","@id":"https:\/\/www.inoxforniture.it\/fr\/tendeur-a-2-oeillets-en-acier-inox-aisi-316\/#primaryimage","url":"https:\/\/www.inoxforniture.it\/wp-content\/uploads\/2015\/06\/n420002_1_2.jpg","contentUrl":"https:\/\/www.inoxforniture.it\/wp-content\/uploads\/2015\/06\/n420002_1_2.jpg","width":480,"height":480,"caption":"TENDEUR \u00c0 2 \u0152ILLETS EN ACIER INOX AISI 316-0"},{"@type":"BreadcrumbList","@id":"https:\/\/www.inoxforniture.it\/fr\/tendeur-a-2-oeillets-en-acier-inox-aisi-316\/#breadcrumb","itemListElement":[{"@type":"ListItem","position":1,"name":"Accueil","item":"https:\/\/www.inoxforniture.it\/"},{"@type":"ListItem","position":2,"name":"Boutique","item":"https:\/\/www.inoxforniture.it\/fr\/boutique\/"},{"@type":"ListItem","position":3,"name":"Quincaillerie inox","item":"https:\/\/www.inoxforniture.it\/fr\/quincaillerie-inox\/"},{"@type":"ListItem","position":4,"name":"Accessoires pour c\u00e2bles et cha\u00eenes","item":"https:\/\/www.inoxforniture.it\/fr\/accessoires-pour-cables-et-chaines\/"},{"@type":"ListItem","position":5,"name":"TENDEUR \u00c0 2 \u0152ILLETS EN ACIER INOX AISI 316"}]},{"@type":"WebSite","@id":"https:\/\/www.inoxforniture.it\/#website","url":"https:\/\/www.inoxforniture.it\/","name":"Inox Forniture","description":"","publisher":{"@id":"https:\/\/www.inoxforniture.it\/#organization"},"potentialAction":[{"@type":"SearchAction","target":{"@type":"EntryPoint","urlTemplate":"https:\/\/www.inoxforniture.it\/?s={search_term_string}"},"query-input":{"@type":"PropertyValueSpecification","valueRequired":true,"valueName":"search_term_string"}}],"inLanguage":"fr-FR"},{"@type":"Organization","@id":"https:\/\/www.inoxforniture.it\/#organization","name":"Inox Forniture srl","url":"https:\/\/www.inoxforniture.it\/","logo":{"@type":"ImageObject","inLanguage":"fr-FR","@id":"https:\/\/www.inoxforniture.it\/#\/schema\/logo\/image\/","url":"https:\/\/www.inoxforniture.it\/wp-content\/uploads\/2021\/01\/logo_inox.png","contentUrl":"https:\/\/www.inoxforniture.it\/wp-content\/uploads\/2021\/01\/logo_inox.png","width":230,"height":44,"caption":"Inox Forniture srl"},"image":{"@id":"https:\/\/www.inoxforniture.it\/#\/schema\/logo\/image\/"},"sameAs":["https:\/\/www.facebook.com\/Inox.Forniture","https:\/\/x.com\/InoxForniture"]}]}},"df_price":1.176,"df_sale_price":"","df_regular_price":1.176,"df_image_link":"https:\/\/www.inoxforniture.it\/wp-content\/uploads\/2015\/06\/n420002_1_2-300x300.jpg","tiered_pricing_type":"fixed","tiered_pricing_fixed_rules":[],"tiered_pricing_product_settings":{"layout":"default","base_unit_name":{"singular":null,"plural":null},"default_variation":null},"tiered_pricing_minimum_quantity":null,"tiered_pricing_roles_data":{"privato":{"product_id":63297,"role":"privato","pricing_type":"flat","regular_price":null,"sale_price":null,"discount":null,"discount_type":"sale_price","tiered_pricing_type":"fixed","percentage_rules":[],"fixed_rules":[],"minimum":null},"azienda":{"product_id":63297,"role":"azienda","pricing_type":"flat","regular_price":null,"sale_price":null,"discount":null,"discount_type":"sale_price","tiered_pricing_type":"fixed","percentage_rules":[],"fixed_rules":[],"minimum":null},"azienda_premium":{"product_id":63297,"role":"azienda_premium","pricing_type":"flat","regular_price":null,"sale_price":null,"discount":null,"discount_type":"sale_price","tiered_pricing_type":"fixed","percentage_rules":[],"fixed_rules":[],"minimum":null}},"tiered_pricing_percentage_rules":[],"tiered_pricing_maximum_quantity":null,"tiered_pricing_quantity_step":null,"_links":{"self":[{"href":"https:\/\/www.inoxforniture.it\/fr\/wp-json\/wp\/v2\/product\/63297","targetHints":{"allow":["GET"]}}],"collection":[{"href":"https:\/\/www.inoxforniture.it\/fr\/wp-json\/wp\/v2\/product"}],"about":[{"href":"https:\/\/www.inoxforniture.it\/fr\/wp-json\/wp\/v2\/types\/product"}],"wp:featuredmedia":[{"embeddable":true,"href":"https:\/\/www.inoxforniture.it\/fr\/wp-json\/wp\/v2\/media\/63298"}],"wp:attachment":[{"href":"https:\/\/www.inoxforniture.it\/fr\/wp-json\/wp\/v2\/media?parent=63297"}],"wp:term":[{"taxonomy":"product_brand","embeddable":true,"href":"https:\/\/www.inoxforniture.it\/fr\/wp-json\/wp\/v2\/product_brand?post=63297"},{"taxonomy":"product_cat","embeddable":true,"href":"https:\/\/www.inoxforniture.it\/fr\/wp-json\/wp\/v2\/product_cat?post=63297"},{"taxonomy":"product_tag","embeddable":true,"href":"https:\/\/www.inoxforniture.it\/fr\/wp-json\/wp\/v2\/product_tag?post=63297"}],"curies":[{"name":"wp","href":"https:\/\/api.w.org\/{rel}","templated":true}]}}