{"id":63256,"date":"2016-08-02T06:35:10","date_gmt":"2016-08-02T06:35:10","guid":{"rendered":"https:\/\/www.inoxforniture.it\/tube-inox-aisi-316-o12-x15-poli-miroir\/"},"modified":"2026-01-27T15:58:16","modified_gmt":"2026-01-27T14:58:16","slug":"tube-inox-aisi-316-o12-x15-poli-miroir","status":"publish","type":"product","link":"https:\/\/www.inoxforniture.it\/fr\/tube-inox-aisi-316-o12-x15-poli-miroir\/","title":{"rendered":"TUBE INOX AISI 316 \u00d812 x1,5 POLI MIROIR"},"content":{"rendered":"<p>Ce tube s&rsquo;assortit parfaitement avec les accessoires pour balustrades. Les accessoires pour balustrades avec barre ronde polie miroir sont disponibles \u00e0 ce <a href=\"https:\/\/www.inoxforniture.it\/fr\/tube-inox-aisi-316-o12-x15-poli-miroir\/\">lien.<\/a><br \/>\nL&rsquo;utilisation la plus courante pour cette dimension de tube est comme traverse des rampes. Le mat\u00e9riau utilis\u00e9 est l&rsquo;acier inox AISI 316 POLI MIROIR, le m\u00eame mat\u00e9riau utilis\u00e9 sur les embarcations de plaisance, donc recommand\u00e9 pour l&rsquo;utilisation en zones marines.<br \/>\nVous pouvez trouver sur notre site la m\u00eame dimension de tube dans deux autres mat\u00e9riaux, <a href=\"https:\/\/www.inoxforniture.it\/fr\/tube-inox-aisi-304-o12-x15-brossee\/\">AISI 304 BROSS\u00c9<\/a> et <a href=\"https:\/\/www.inoxforniture.it\/fr\/tube-inox-aisi-316-o12-x15-brossee\/\">AISI 316 BROSS\u00c9<\/a>.<br \/>\nL&rsquo;AISI 304 BROSS\u00c9 est habituellement utilis\u00e9 dans l&rsquo;am\u00e9nagement int\u00e9rieur.<br \/>\nL&rsquo;AISI 316 BROSS\u00c9 est utilis\u00e9 dans les installations ext\u00e9rieures mais pas \u00e0 proximit\u00e9 de la mer.<br \/>\nSi vous voulez en savoir plus sur le choix du mat\u00e9riau cliquez sur ce <a href=\"https:\/\/www.inoxforniture.it\/fr\/en-savoir-plus\/aciers-inoxydables-aisi-304-et-aisi-316\/\" target=\"_blank\" rel=\"noopener\">lien.<\/a>  <\/p>\n","protected":false},"excerpt":{"rendered":"<p>&#8211; Ce tube s&rsquo;associe parfaitement avec les accessoires pour balustrades<br \/>\n&#8211; La dimension 12 est exprim\u00e9e en mm et se r\u00e9f\u00e8re au diam\u00e8tre ext\u00e9rieur<br \/>\n&#8211; La dimension 1,5 est exprim\u00e9e en mm et se r\u00e9f\u00e8re \u00e0 l&rsquo;\u00e9paisseur<\/p>\n<p><strong>CHOISISSEZ LA LONGUEUR DU TUBE CI-DESSOUS<\/strong><br \/>\nUne fois le choix fait, le prix et la disponibilit\u00e9 seront visibles<\/p>\n","protected":false},"featured_media":63257,"template":"","meta":{"_acf_changed":false},"product_brand":[],"product_cat":[4122,4123],"product_tag":[],"class_list":{"0":"post-63256","1":"product","2":"type-product","3":"status-publish","4":"has-post-thumbnail","6":"product_cat-accessoires-balustrades-en-aisi-316-poli","7":"product_cat-tubes-et-barres-pour-systeme-garde-corps","8":"pa_marchio-inox-forniture","9":"pa_prodotto-longueur-10-m","10":"pa_prodotto-longueur-20-m","11":"pa_prodotto-longueur-30-m","12":"pa_prodotto-longueur-60-m","14":"first","15":"instock","16":"taxable","17":"shipping-taxable","18":"purchasable","19":"product-type-variable"},"acf":[],"yoast_head":"<!-- This site is optimized with the Yoast SEO plugin v27.3 - https:\/\/yoast.com\/product\/yoast-seo-wordpress\/ -->\n<title>Inox Forniture - TUBE INOX AISI 316 \u00d812 x1,5 POLI MIROIR<\/title>\n<meta name=\"description\" content=\"Achetez en ligne tube inox AISI 316 POLI MIROIR \u00d8 12x1,5. Disponible en diff\u00e9rentes longueurs avec la gamme compl\u00e8te d&#039;accessoires pour rampes.\" \/>\n<meta name=\"robots\" content=\"index, follow, max-snippet:-1, max-image-preview:large, max-video-preview:-1\" \/>\n<link rel=\"canonical\" href=\"https:\/\/www.inoxforniture.it\/fr\/tube-inox-aisi-316-o12-x15-poli-miroir\/\" \/>\n<meta property=\"og:locale\" content=\"fr_FR\" \/>\n<meta property=\"og:type\" content=\"article\" \/>\n<meta property=\"og:title\" content=\"Inox Forniture - TUBE INOX AISI 316 \u00d812 x1,5 POLI MIROIR\" \/>\n<meta property=\"og:description\" content=\"Achetez en ligne tube inox AISI 316 POLI MIROIR \u00d8 12x1,5. Disponible en diff\u00e9rentes longueurs avec la gamme compl\u00e8te d&#039;accessoires pour rampes.\" \/>\n<meta property=\"og:url\" content=\"https:\/\/www.inoxforniture.it\/fr\/tube-inox-aisi-316-o12-x15-poli-miroir\/\" \/>\n<meta property=\"og:site_name\" content=\"Inox Forniture\" \/>\n<meta property=\"article:publisher\" content=\"https:\/\/www.facebook.com\/Inox.Forniture\" \/>\n<meta property=\"article:modified_time\" content=\"2026-01-27T14:58:16+00:00\" \/>\n<meta property=\"og:image\" content=\"https:\/\/www.inoxforniture.it\/wp-content\/uploads\/2016\/08\/c110433-l_1.jpg\" \/>\n\t<meta property=\"og:image:width\" content=\"480\" \/>\n\t<meta property=\"og:image:height\" content=\"480\" \/>\n\t<meta property=\"og:image:type\" content=\"image\/jpeg\" \/>\n<meta name=\"twitter:card\" content=\"summary_large_image\" \/>\n<meta name=\"twitter:site\" content=\"@InoxForniture\" \/>\n<meta name=\"twitter:label1\" content=\"Dur\u00e9e de lecture estim\u00e9e\" \/>\n\t<meta name=\"twitter:data1\" content=\"1 minute\" \/>\n<script type=\"application\/ld+json\" class=\"yoast-schema-graph\">{\"@context\":\"https:\\\/\\\/schema.org\",\"@graph\":[{\"@type\":\"WebPage\",\"@id\":\"https:\\\/\\\/www.inoxforniture.it\\\/fr\\\/tube-inox-aisi-316-o12-x15-poli-miroir\\\/\",\"url\":\"https:\\\/\\\/www.inoxforniture.it\\\/fr\\\/tube-inox-aisi-316-o12-x15-poli-miroir\\\/\",\"name\":\"Inox Forniture - TUBE INOX AISI 316 \u00d812 x1,5 POLI MIROIR\",\"isPartOf\":{\"@id\":\"https:\\\/\\\/www.inoxforniture.it\\\/#website\"},\"primaryImageOfPage\":{\"@id\":\"https:\\\/\\\/www.inoxforniture.it\\\/fr\\\/tube-inox-aisi-316-o12-x15-poli-miroir\\\/#primaryimage\"},\"image\":{\"@id\":\"https:\\\/\\\/www.inoxforniture.it\\\/fr\\\/tube-inox-aisi-316-o12-x15-poli-miroir\\\/#primaryimage\"},\"thumbnailUrl\":\"https:\\\/\\\/www.inoxforniture.it\\\/wp-content\\\/uploads\\\/2016\\\/08\\\/c110433-l_1.jpg\",\"datePublished\":\"2016-08-02T06:35:10+00:00\",\"dateModified\":\"2026-01-27T14:58:16+00:00\",\"description\":\"Achetez en ligne tube inox AISI 316 POLI MIROIR \u00d8 12x1,5. Disponible en diff\u00e9rentes longueurs avec la gamme compl\u00e8te d'accessoires pour rampes.\",\"breadcrumb\":{\"@id\":\"https:\\\/\\\/www.inoxforniture.it\\\/fr\\\/tube-inox-aisi-316-o12-x15-poli-miroir\\\/#breadcrumb\"},\"inLanguage\":\"fr-FR\",\"potentialAction\":[{\"@type\":\"ReadAction\",\"target\":[\"https:\\\/\\\/www.inoxforniture.it\\\/fr\\\/tube-inox-aisi-316-o12-x15-poli-miroir\\\/\"]}]},{\"@type\":\"ImageObject\",\"inLanguage\":\"fr-FR\",\"@id\":\"https:\\\/\\\/www.inoxforniture.it\\\/fr\\\/tube-inox-aisi-316-o12-x15-poli-miroir\\\/#primaryimage\",\"url\":\"https:\\\/\\\/www.inoxforniture.it\\\/wp-content\\\/uploads\\\/2016\\\/08\\\/c110433-l_1.jpg\",\"contentUrl\":\"https:\\\/\\\/www.inoxforniture.it\\\/wp-content\\\/uploads\\\/2016\\\/08\\\/c110433-l_1.jpg\",\"width\":480,\"height\":480,\"caption\":\"TUBE INOX AISI 316 \u00d812 x1,5 POLI MIROIR-0\"},{\"@type\":\"BreadcrumbList\",\"@id\":\"https:\\\/\\\/www.inoxforniture.it\\\/fr\\\/tube-inox-aisi-316-o12-x15-poli-miroir\\\/#breadcrumb\",\"itemListElement\":[{\"@type\":\"ListItem\",\"position\":1,\"name\":\"Accueil\",\"item\":\"https:\\\/\\\/www.inoxforniture.it\\\/\"},{\"@type\":\"ListItem\",\"position\":2,\"name\":\"Boutique\",\"item\":\"https:\\\/\\\/www.inoxforniture.it\\\/fr\\\/boutique\\\/\"},{\"@type\":\"ListItem\",\"position\":3,\"name\":\"Syst\u00e8mes pour garde-corps et balustrades\",\"item\":\"https:\\\/\\\/www.inoxforniture.it\\\/fr\\\/systemes-pour-garde-corps-et-balustrades\\\/\"},{\"@type\":\"ListItem\",\"position\":4,\"name\":\"Accessoires balustrades en AISI 316 POLI\",\"item\":\"https:\\\/\\\/www.inoxforniture.it\\\/fr\\\/accessoires-balustrades-en-aisi-316-poli\\\/\"},{\"@type\":\"ListItem\",\"position\":5,\"name\":\"TUBE INOX AISI 316 \u00d812 x1,5 POLI MIROIR\"}]},{\"@type\":\"WebSite\",\"@id\":\"https:\\\/\\\/www.inoxforniture.it\\\/#website\",\"url\":\"https:\\\/\\\/www.inoxforniture.it\\\/\",\"name\":\"Inox Forniture\",\"description\":\"\",\"publisher\":{\"@id\":\"https:\\\/\\\/www.inoxforniture.it\\\/#organization\"},\"potentialAction\":[{\"@type\":\"SearchAction\",\"target\":{\"@type\":\"EntryPoint\",\"urlTemplate\":\"https:\\\/\\\/www.inoxforniture.it\\\/?s={search_term_string}\"},\"query-input\":{\"@type\":\"PropertyValueSpecification\",\"valueRequired\":true,\"valueName\":\"search_term_string\"}}],\"inLanguage\":\"fr-FR\"},{\"@type\":\"Organization\",\"@id\":\"https:\\\/\\\/www.inoxforniture.it\\\/#organization\",\"name\":\"Inox Forniture srl\",\"url\":\"https:\\\/\\\/www.inoxforniture.it\\\/\",\"logo\":{\"@type\":\"ImageObject\",\"inLanguage\":\"fr-FR\",\"@id\":\"https:\\\/\\\/www.inoxforniture.it\\\/#\\\/schema\\\/logo\\\/image\\\/\",\"url\":\"https:\\\/\\\/www.inoxforniture.it\\\/wp-content\\\/uploads\\\/2021\\\/01\\\/logo_inox.png\",\"contentUrl\":\"https:\\\/\\\/www.inoxforniture.it\\\/wp-content\\\/uploads\\\/2021\\\/01\\\/logo_inox.png\",\"width\":230,\"height\":44,\"caption\":\"Inox Forniture srl\"},\"image\":{\"@id\":\"https:\\\/\\\/www.inoxforniture.it\\\/#\\\/schema\\\/logo\\\/image\\\/\"},\"sameAs\":[\"https:\\\/\\\/www.facebook.com\\\/Inox.Forniture\",\"https:\\\/\\\/x.com\\\/InoxForniture\"]}]}<\/script>\n<!-- \/ Yoast SEO plugin. -->","yoast_head_json":{"title":"Inox Forniture - TUBE INOX AISI 316 \u00d812 x1,5 POLI MIROIR","description":"Achetez en ligne tube inox AISI 316 POLI MIROIR \u00d8 12x1,5. Disponible en diff\u00e9rentes longueurs avec la gamme compl\u00e8te d'accessoires pour rampes.","robots":{"index":"index","follow":"follow","max-snippet":"max-snippet:-1","max-image-preview":"max-image-preview:large","max-video-preview":"max-video-preview:-1"},"canonical":"https:\/\/www.inoxforniture.it\/fr\/tube-inox-aisi-316-o12-x15-poli-miroir\/","og_locale":"fr_FR","og_type":"article","og_title":"Inox Forniture - TUBE INOX AISI 316 \u00d812 x1,5 POLI MIROIR","og_description":"Achetez en ligne tube inox AISI 316 POLI MIROIR \u00d8 12x1,5. Disponible en diff\u00e9rentes longueurs avec la gamme compl\u00e8te d'accessoires pour rampes.","og_url":"https:\/\/www.inoxforniture.it\/fr\/tube-inox-aisi-316-o12-x15-poli-miroir\/","og_site_name":"Inox Forniture","article_publisher":"https:\/\/www.facebook.com\/Inox.Forniture","article_modified_time":"2026-01-27T14:58:16+00:00","og_image":[{"width":480,"height":480,"url":"https:\/\/www.inoxforniture.it\/wp-content\/uploads\/2016\/08\/c110433-l_1.jpg","type":"image\/jpeg"}],"twitter_card":"summary_large_image","twitter_site":"@InoxForniture","twitter_misc":{"Dur\u00e9e de lecture estim\u00e9e":"1 minute"},"schema":{"@context":"https:\/\/schema.org","@graph":[{"@type":"WebPage","@id":"https:\/\/www.inoxforniture.it\/fr\/tube-inox-aisi-316-o12-x15-poli-miroir\/","url":"https:\/\/www.inoxforniture.it\/fr\/tube-inox-aisi-316-o12-x15-poli-miroir\/","name":"Inox Forniture - TUBE INOX AISI 316 \u00d812 x1,5 POLI MIROIR","isPartOf":{"@id":"https:\/\/www.inoxforniture.it\/#website"},"primaryImageOfPage":{"@id":"https:\/\/www.inoxforniture.it\/fr\/tube-inox-aisi-316-o12-x15-poli-miroir\/#primaryimage"},"image":{"@id":"https:\/\/www.inoxforniture.it\/fr\/tube-inox-aisi-316-o12-x15-poli-miroir\/#primaryimage"},"thumbnailUrl":"https:\/\/www.inoxforniture.it\/wp-content\/uploads\/2016\/08\/c110433-l_1.jpg","datePublished":"2016-08-02T06:35:10+00:00","dateModified":"2026-01-27T14:58:16+00:00","description":"Achetez en ligne tube inox AISI 316 POLI MIROIR \u00d8 12x1,5. Disponible en diff\u00e9rentes longueurs avec la gamme compl\u00e8te d'accessoires pour rampes.","breadcrumb":{"@id":"https:\/\/www.inoxforniture.it\/fr\/tube-inox-aisi-316-o12-x15-poli-miroir\/#breadcrumb"},"inLanguage":"fr-FR","potentialAction":[{"@type":"ReadAction","target":["https:\/\/www.inoxforniture.it\/fr\/tube-inox-aisi-316-o12-x15-poli-miroir\/"]}]},{"@type":"ImageObject","inLanguage":"fr-FR","@id":"https:\/\/www.inoxforniture.it\/fr\/tube-inox-aisi-316-o12-x15-poli-miroir\/#primaryimage","url":"https:\/\/www.inoxforniture.it\/wp-content\/uploads\/2016\/08\/c110433-l_1.jpg","contentUrl":"https:\/\/www.inoxforniture.it\/wp-content\/uploads\/2016\/08\/c110433-l_1.jpg","width":480,"height":480,"caption":"TUBE INOX AISI 316 \u00d812 x1,5 POLI MIROIR-0"},{"@type":"BreadcrumbList","@id":"https:\/\/www.inoxforniture.it\/fr\/tube-inox-aisi-316-o12-x15-poli-miroir\/#breadcrumb","itemListElement":[{"@type":"ListItem","position":1,"name":"Accueil","item":"https:\/\/www.inoxforniture.it\/"},{"@type":"ListItem","position":2,"name":"Boutique","item":"https:\/\/www.inoxforniture.it\/fr\/boutique\/"},{"@type":"ListItem","position":3,"name":"Syst\u00e8mes pour garde-corps et balustrades","item":"https:\/\/www.inoxforniture.it\/fr\/systemes-pour-garde-corps-et-balustrades\/"},{"@type":"ListItem","position":4,"name":"Accessoires balustrades en AISI 316 POLI","item":"https:\/\/www.inoxforniture.it\/fr\/accessoires-balustrades-en-aisi-316-poli\/"},{"@type":"ListItem","position":5,"name":"TUBE INOX AISI 316 \u00d812 x1,5 POLI MIROIR"}]},{"@type":"WebSite","@id":"https:\/\/www.inoxforniture.it\/#website","url":"https:\/\/www.inoxforniture.it\/","name":"Inox Forniture","description":"","publisher":{"@id":"https:\/\/www.inoxforniture.it\/#organization"},"potentialAction":[{"@type":"SearchAction","target":{"@type":"EntryPoint","urlTemplate":"https:\/\/www.inoxforniture.it\/?s={search_term_string}"},"query-input":{"@type":"PropertyValueSpecification","valueRequired":true,"valueName":"search_term_string"}}],"inLanguage":"fr-FR"},{"@type":"Organization","@id":"https:\/\/www.inoxforniture.it\/#organization","name":"Inox Forniture srl","url":"https:\/\/www.inoxforniture.it\/","logo":{"@type":"ImageObject","inLanguage":"fr-FR","@id":"https:\/\/www.inoxforniture.it\/#\/schema\/logo\/image\/","url":"https:\/\/www.inoxforniture.it\/wp-content\/uploads\/2021\/01\/logo_inox.png","contentUrl":"https:\/\/www.inoxforniture.it\/wp-content\/uploads\/2021\/01\/logo_inox.png","width":230,"height":44,"caption":"Inox Forniture srl"},"image":{"@id":"https:\/\/www.inoxforniture.it\/#\/schema\/logo\/image\/"},"sameAs":["https:\/\/www.facebook.com\/Inox.Forniture","https:\/\/x.com\/InoxForniture"]}]}},"df_price":9.66,"df_sale_price":"","df_regular_price":9.66,"df_image_link":"https:\/\/www.inoxforniture.it\/wp-content\/uploads\/2016\/08\/c110433-l_1-300x300.jpg","tiered_pricing_type":"fixed","tiered_pricing_fixed_rules":[],"tiered_pricing_product_settings":{"layout":"default","base_unit_name":{"singular":null,"plural":null},"default_variation":null},"tiered_pricing_minimum_quantity":null,"tiered_pricing_roles_data":{"privato":{"product_id":63256,"role":"privato","pricing_type":"flat","regular_price":null,"sale_price":null,"discount":null,"discount_type":"sale_price","tiered_pricing_type":"fixed","percentage_rules":[],"fixed_rules":[],"minimum":null},"azienda":{"product_id":63256,"role":"azienda","pricing_type":"flat","regular_price":null,"sale_price":null,"discount":null,"discount_type":"sale_price","tiered_pricing_type":"fixed","percentage_rules":[],"fixed_rules":[],"minimum":null},"azienda_premium":{"product_id":63256,"role":"azienda_premium","pricing_type":"flat","regular_price":null,"sale_price":null,"discount":null,"discount_type":"sale_price","tiered_pricing_type":"fixed","percentage_rules":[],"fixed_rules":[],"minimum":null}},"tiered_pricing_percentage_rules":[],"tiered_pricing_maximum_quantity":null,"tiered_pricing_quantity_step":null,"_links":{"self":[{"href":"https:\/\/www.inoxforniture.it\/fr\/wp-json\/wp\/v2\/product\/63256","targetHints":{"allow":["GET"]}}],"collection":[{"href":"https:\/\/www.inoxforniture.it\/fr\/wp-json\/wp\/v2\/product"}],"about":[{"href":"https:\/\/www.inoxforniture.it\/fr\/wp-json\/wp\/v2\/types\/product"}],"wp:featuredmedia":[{"embeddable":true,"href":"https:\/\/www.inoxforniture.it\/fr\/wp-json\/wp\/v2\/media\/63257"}],"wp:attachment":[{"href":"https:\/\/www.inoxforniture.it\/fr\/wp-json\/wp\/v2\/media?parent=63256"}],"wp:term":[{"taxonomy":"product_brand","embeddable":true,"href":"https:\/\/www.inoxforniture.it\/fr\/wp-json\/wp\/v2\/product_brand?post=63256"},{"taxonomy":"product_cat","embeddable":true,"href":"https:\/\/www.inoxforniture.it\/fr\/wp-json\/wp\/v2\/product_cat?post=63256"},{"taxonomy":"product_tag","embeddable":true,"href":"https:\/\/www.inoxforniture.it\/fr\/wp-json\/wp\/v2\/product_tag?post=63256"}],"curies":[{"name":"wp","href":"https:\/\/api.w.org\/{rel}","templated":true}]}}