{"id":63109,"date":"2014-10-17T13:41:38","date_gmt":"2014-10-17T11:41:38","guid":{"rendered":"https:\/\/www.inoxforniture.it\/charniere-a-barre-longueur-1980-mm-inox-aisi-304-avec-trous\/"},"modified":"2026-01-23T18:35:50","modified_gmt":"2026-01-23T17:35:50","slug":"charniere-a-barre-longueur-1980-mm-inox-aisi-304-avec-trous","status":"publish","type":"product","link":"https:\/\/www.inoxforniture.it\/fr\/charniere-a-barre-longueur-1980-mm-inox-aisi-304-avec-trous\/","title":{"rendered":"CHARNI\u00c8RE \u00c0 BARRE LONGUEUR 1980 mm. INOX AISI 304 AVEC TROUS"},"content":{"rendered":"<p>&nbsp;<\/p>\n<p><img fetchpriority=\"high\" decoding=\"async\" class=\" size-full wp-image-7325\" title=\"Charni\u00e8res au m\u00e8tre inox avec trous\" src=\"https:\/\/www.inoxforniture.it\/wp-content\/uploads\/2014\/10\/Tab_A210000.jpg\" alt=\"Charni\u00e8res \u00e0 barre en acier inox avec trous de fixation\" width=\"750\" height=\"707\" srcset=\"https:\/\/www.inoxforniture.it\/wp-content\/uploads\/2014\/10\/Tab_A210000.jpg 750w, https:\/\/www.inoxforniture.it\/wp-content\/uploads\/2014\/10\/Tab_A210000-640x603.jpg 640w, https:\/\/www.inoxforniture.it\/wp-content\/uploads\/2014\/10\/Tab_A210000-400x377.jpg 400w, https:\/\/www.inoxforniture.it\/wp-content\/uploads\/2014\/10\/Tab_A210000-600x566.jpg 600w\" sizes=\"(max-width: 750px) 100vw, 750px\" \/><\/p>\n<p>Ce type de charni\u00e8re est commun\u00e9ment appel\u00e9 charni\u00e8re au m\u00e8tre inox ou charni\u00e8re au m\u00e9trage inox. Disponible en stock en diff\u00e9rentes largeurs. <\/p>\n<p>Vendue en barres de 1980 mm mais vous pouvez la couper \u00e0 la mesure souhait\u00e9e. Disponible aussi dans la <a title=\"Charni\u00e8res \u00e0 barre sans trous\" href=\"https:\/\/www.inoxforniture.it\/fr\/charniere-a-barre-longueur-1980-mm-inox-aisi-304-sans-trous\/\">version sans trous.<\/a> <\/p>\n","protected":false},"excerpt":{"rendered":"<p>&#8211; Charni\u00e8re en acier inoxydable en barres de 1980 mm.<br \/>\n&#8211; Charni\u00e8re continue en acier inoxydable (1980 mm).<\/p>\n","protected":false},"featured_media":63110,"template":"","meta":{"_acf_changed":false},"product_brand":[],"product_cat":[4126],"product_tag":[5653,5655,5662,5663,5632,5657,5654,5656,5658,5661,5659,5660,5642,5644,5651,5652,5650,5646,5643,5645,5647,5628,5648,5649],"class_list":{"0":"post-63109","1":"product","2":"type-product","3":"status-publish","4":"has-post-thumbnail","6":"product_cat-charnieres-acier-inox-aisi-304","7":"product_tag-charniere","8":"product_tag-charniere-a-barre-avec-trous","9":"product_tag-charniere-a-ruban","10":"product_tag-charniere-a-ruban-inox","11":"product_tag-charniere-aisi-304","12":"product_tag-charniere-au-metre-avec-trous","13":"product_tag-charniere-inox","14":"product_tag-charniere-inox-a-barre-avec-trous","15":"product_tag-charniere-inox-au-metre-avec-trous","16":"product_tag-charniere-longues","17":"product_tag-charniere-longues-avec-trous","18":"product_tag-charniere-longues-inox-avec-trous","19":"product_tag-charnieres","20":"product_tag-charnieres-a-barre-avec-trous","21":"product_tag-charnieres-a-ruban","22":"product_tag-charnieres-a-ruban-inox","23":"product_tag-charnieres-aisi-304","24":"product_tag-charnieres-au-metre-avec-trous","25":"product_tag-charnieres-inox","26":"product_tag-charnieres-inox-a-barre-avec-trous","27":"product_tag-charnieres-inox-au-metre-avec-trous","28":"product_tag-charnieres-longues","29":"product_tag-charnieres-longues-avec-trous","30":"product_tag-charnieres-longues-inox-avec-trous","31":"pa_marchio-inox-forniture","32":"pa_prodotto-largeur-16-epaisseur-07-axe-15-trou-20","33":"pa_prodotto-largeur-18-epaisseur-07-axe-15-trou-25","34":"pa_prodotto-largeur-20-epaisseur-07-axe-15-trou-30","35":"pa_prodotto-largeur-25-epaisseur-07-axe-20-trou-30","36":"pa_prodotto-largeur-32-epaisseur-07-axe-20-trou-35","37":"pa_prodotto-largeur-40-epaisseur-07-axe-20-trou-40","38":"pa_prodotto-largeur-50-epaisseur-07-axe-20-trou-40","40":"first","41":"instock","42":"taxable","43":"shipping-taxable","44":"purchasable","45":"product-type-variable"},"acf":[],"yoast_head":"<!-- This site is optimized with the Yoast SEO plugin v27.3 - https:\/\/yoast.com\/product\/yoast-seo-wordpress\/ -->\n<title>CHARNI\u00c8RES \u00c0 BARRE INOX AISI 304 LONGUEUR 1,98 M<\/title>\n<meta name=\"description\" content=\"Inox Forniture - Charni\u00e8res en acier inox longues de 1,98 m avec trous de fixation, disponibles en stock en diff\u00e9rentes largeurs.\" \/>\n<meta name=\"robots\" content=\"index, follow, max-snippet:-1, max-image-preview:large, max-video-preview:-1\" \/>\n<link rel=\"canonical\" href=\"https:\/\/www.inoxforniture.it\/fr\/charniere-a-barre-longueur-1980-mm-inox-aisi-304-avec-trous\/\" \/>\n<meta property=\"og:locale\" content=\"fr_FR\" \/>\n<meta property=\"og:type\" content=\"article\" \/>\n<meta property=\"og:title\" content=\"CHARNI\u00c8RES \u00c0 BARRE INOX AISI 304 LONGUEUR 1,98 M\" \/>\n<meta property=\"og:description\" content=\"Inox Forniture - Charni\u00e8res en acier inox longues de 1,98 m avec trous de fixation, disponibles en stock en diff\u00e9rentes largeurs.\" \/>\n<meta property=\"og:url\" content=\"https:\/\/www.inoxforniture.it\/fr\/charniere-a-barre-longueur-1980-mm-inox-aisi-304-avec-trous\/\" \/>\n<meta property=\"og:site_name\" content=\"Inox Forniture\" \/>\n<meta property=\"article:publisher\" content=\"https:\/\/www.facebook.com\/Inox.Forniture\" \/>\n<meta property=\"article:modified_time\" content=\"2026-01-23T17:35:50+00:00\" \/>\n<meta property=\"og:image\" content=\"https:\/\/www.inoxforniture.it\/wp-content\/uploads\/2014\/10\/a210000_1.jpg\" \/>\n\t<meta property=\"og:image:width\" content=\"480\" \/>\n\t<meta property=\"og:image:height\" content=\"480\" \/>\n\t<meta property=\"og:image:type\" content=\"image\/jpeg\" \/>\n<meta name=\"twitter:card\" content=\"summary_large_image\" \/>\n<meta name=\"twitter:site\" content=\"@InoxForniture\" \/>\n<script type=\"application\/ld+json\" class=\"yoast-schema-graph\">{\"@context\":\"https:\\\/\\\/schema.org\",\"@graph\":[{\"@type\":\"WebPage\",\"@id\":\"https:\\\/\\\/www.inoxforniture.it\\\/fr\\\/charniere-a-barre-longueur-1980-mm-inox-aisi-304-avec-trous\\\/\",\"url\":\"https:\\\/\\\/www.inoxforniture.it\\\/fr\\\/charniere-a-barre-longueur-1980-mm-inox-aisi-304-avec-trous\\\/\",\"name\":\"CHARNI\u00c8RES \u00c0 BARRE INOX AISI 304 LONGUEUR 1,98 M\",\"isPartOf\":{\"@id\":\"https:\\\/\\\/www.inoxforniture.it\\\/#website\"},\"primaryImageOfPage\":{\"@id\":\"https:\\\/\\\/www.inoxforniture.it\\\/fr\\\/charniere-a-barre-longueur-1980-mm-inox-aisi-304-avec-trous\\\/#primaryimage\"},\"image\":{\"@id\":\"https:\\\/\\\/www.inoxforniture.it\\\/fr\\\/charniere-a-barre-longueur-1980-mm-inox-aisi-304-avec-trous\\\/#primaryimage\"},\"thumbnailUrl\":\"https:\\\/\\\/www.inoxforniture.it\\\/wp-content\\\/uploads\\\/2014\\\/10\\\/a210000_1.jpg\",\"datePublished\":\"2014-10-17T11:41:38+00:00\",\"dateModified\":\"2026-01-23T17:35:50+00:00\",\"description\":\"Inox Forniture - Charni\u00e8res en acier inox longues de 1,98 m avec trous de fixation, disponibles en stock en diff\u00e9rentes largeurs.\",\"breadcrumb\":{\"@id\":\"https:\\\/\\\/www.inoxforniture.it\\\/fr\\\/charniere-a-barre-longueur-1980-mm-inox-aisi-304-avec-trous\\\/#breadcrumb\"},\"inLanguage\":\"fr-FR\",\"potentialAction\":[{\"@type\":\"ReadAction\",\"target\":[\"https:\\\/\\\/www.inoxforniture.it\\\/fr\\\/charniere-a-barre-longueur-1980-mm-inox-aisi-304-avec-trous\\\/\"]}]},{\"@type\":\"ImageObject\",\"inLanguage\":\"fr-FR\",\"@id\":\"https:\\\/\\\/www.inoxforniture.it\\\/fr\\\/charniere-a-barre-longueur-1980-mm-inox-aisi-304-avec-trous\\\/#primaryimage\",\"url\":\"https:\\\/\\\/www.inoxforniture.it\\\/wp-content\\\/uploads\\\/2014\\\/10\\\/a210000_1.jpg\",\"contentUrl\":\"https:\\\/\\\/www.inoxforniture.it\\\/wp-content\\\/uploads\\\/2014\\\/10\\\/a210000_1.jpg\",\"width\":480,\"height\":480,\"caption\":\"CHARNI\u00c8RE \u00c0 BARRE LONGUEUR 1980 mm. INOX AISI 304 AVEC TROUS-0\"},{\"@type\":\"BreadcrumbList\",\"@id\":\"https:\\\/\\\/www.inoxforniture.it\\\/fr\\\/charniere-a-barre-longueur-1980-mm-inox-aisi-304-avec-trous\\\/#breadcrumb\",\"itemListElement\":[{\"@type\":\"ListItem\",\"position\":1,\"name\":\"Accueil\",\"item\":\"https:\\\/\\\/www.inoxforniture.it\\\/\"},{\"@type\":\"ListItem\",\"position\":2,\"name\":\"Boutique\",\"item\":\"https:\\\/\\\/www.inoxforniture.it\\\/fr\\\/boutique\\\/\"},{\"@type\":\"ListItem\",\"position\":3,\"name\":\"Quincaillerie inox\",\"item\":\"https:\\\/\\\/www.inoxforniture.it\\\/fr\\\/quincaillerie-inox\\\/\"},{\"@type\":\"ListItem\",\"position\":4,\"name\":\"Charni\u00e8res, fermetures et poign\u00e9es\",\"item\":\"https:\\\/\\\/www.inoxforniture.it\\\/fr\\\/charnieres-fermetures-et-poignees\\\/\"},{\"@type\":\"ListItem\",\"position\":5,\"name\":\"Charni\u00e8res acier inox AISI 304\",\"item\":\"https:\\\/\\\/www.inoxforniture.it\\\/fr\\\/charnieres-acier-inox-aisi-304\\\/\"},{\"@type\":\"ListItem\",\"position\":6,\"name\":\"CHARNI\u00c8RE \u00c0 BARRE LONGUEUR 1980 mm. INOX AISI 304 AVEC TROUS\"}]},{\"@type\":\"WebSite\",\"@id\":\"https:\\\/\\\/www.inoxforniture.it\\\/#website\",\"url\":\"https:\\\/\\\/www.inoxforniture.it\\\/\",\"name\":\"Inox Forniture\",\"description\":\"\",\"publisher\":{\"@id\":\"https:\\\/\\\/www.inoxforniture.it\\\/#organization\"},\"potentialAction\":[{\"@type\":\"SearchAction\",\"target\":{\"@type\":\"EntryPoint\",\"urlTemplate\":\"https:\\\/\\\/www.inoxforniture.it\\\/?s={search_term_string}\"},\"query-input\":{\"@type\":\"PropertyValueSpecification\",\"valueRequired\":true,\"valueName\":\"search_term_string\"}}],\"inLanguage\":\"fr-FR\"},{\"@type\":\"Organization\",\"@id\":\"https:\\\/\\\/www.inoxforniture.it\\\/#organization\",\"name\":\"Inox Forniture srl\",\"url\":\"https:\\\/\\\/www.inoxforniture.it\\\/\",\"logo\":{\"@type\":\"ImageObject\",\"inLanguage\":\"fr-FR\",\"@id\":\"https:\\\/\\\/www.inoxforniture.it\\\/#\\\/schema\\\/logo\\\/image\\\/\",\"url\":\"https:\\\/\\\/www.inoxforniture.it\\\/wp-content\\\/uploads\\\/2021\\\/01\\\/logo_inox.png\",\"contentUrl\":\"https:\\\/\\\/www.inoxforniture.it\\\/wp-content\\\/uploads\\\/2021\\\/01\\\/logo_inox.png\",\"width\":230,\"height\":44,\"caption\":\"Inox Forniture srl\"},\"image\":{\"@id\":\"https:\\\/\\\/www.inoxforniture.it\\\/#\\\/schema\\\/logo\\\/image\\\/\"},\"sameAs\":[\"https:\\\/\\\/www.facebook.com\\\/Inox.Forniture\",\"https:\\\/\\\/x.com\\\/InoxForniture\"]}]}<\/script>\n<!-- \/ Yoast SEO plugin. -->","yoast_head_json":{"title":"CHARNI\u00c8RES \u00c0 BARRE INOX AISI 304 LONGUEUR 1,98 M","description":"Inox Forniture - Charni\u00e8res en acier inox longues de 1,98 m avec trous de fixation, disponibles en stock en diff\u00e9rentes largeurs.","robots":{"index":"index","follow":"follow","max-snippet":"max-snippet:-1","max-image-preview":"max-image-preview:large","max-video-preview":"max-video-preview:-1"},"canonical":"https:\/\/www.inoxforniture.it\/fr\/charniere-a-barre-longueur-1980-mm-inox-aisi-304-avec-trous\/","og_locale":"fr_FR","og_type":"article","og_title":"CHARNI\u00c8RES \u00c0 BARRE INOX AISI 304 LONGUEUR 1,98 M","og_description":"Inox Forniture - Charni\u00e8res en acier inox longues de 1,98 m avec trous de fixation, disponibles en stock en diff\u00e9rentes largeurs.","og_url":"https:\/\/www.inoxforniture.it\/fr\/charniere-a-barre-longueur-1980-mm-inox-aisi-304-avec-trous\/","og_site_name":"Inox Forniture","article_publisher":"https:\/\/www.facebook.com\/Inox.Forniture","article_modified_time":"2026-01-23T17:35:50+00:00","og_image":[{"width":480,"height":480,"url":"https:\/\/www.inoxforniture.it\/wp-content\/uploads\/2014\/10\/a210000_1.jpg","type":"image\/jpeg"}],"twitter_card":"summary_large_image","twitter_site":"@InoxForniture","schema":{"@context":"https:\/\/schema.org","@graph":[{"@type":"WebPage","@id":"https:\/\/www.inoxforniture.it\/fr\/charniere-a-barre-longueur-1980-mm-inox-aisi-304-avec-trous\/","url":"https:\/\/www.inoxforniture.it\/fr\/charniere-a-barre-longueur-1980-mm-inox-aisi-304-avec-trous\/","name":"CHARNI\u00c8RES \u00c0 BARRE INOX AISI 304 LONGUEUR 1,98 M","isPartOf":{"@id":"https:\/\/www.inoxforniture.it\/#website"},"primaryImageOfPage":{"@id":"https:\/\/www.inoxforniture.it\/fr\/charniere-a-barre-longueur-1980-mm-inox-aisi-304-avec-trous\/#primaryimage"},"image":{"@id":"https:\/\/www.inoxforniture.it\/fr\/charniere-a-barre-longueur-1980-mm-inox-aisi-304-avec-trous\/#primaryimage"},"thumbnailUrl":"https:\/\/www.inoxforniture.it\/wp-content\/uploads\/2014\/10\/a210000_1.jpg","datePublished":"2014-10-17T11:41:38+00:00","dateModified":"2026-01-23T17:35:50+00:00","description":"Inox Forniture - Charni\u00e8res en acier inox longues de 1,98 m avec trous de fixation, disponibles en stock en diff\u00e9rentes largeurs.","breadcrumb":{"@id":"https:\/\/www.inoxforniture.it\/fr\/charniere-a-barre-longueur-1980-mm-inox-aisi-304-avec-trous\/#breadcrumb"},"inLanguage":"fr-FR","potentialAction":[{"@type":"ReadAction","target":["https:\/\/www.inoxforniture.it\/fr\/charniere-a-barre-longueur-1980-mm-inox-aisi-304-avec-trous\/"]}]},{"@type":"ImageObject","inLanguage":"fr-FR","@id":"https:\/\/www.inoxforniture.it\/fr\/charniere-a-barre-longueur-1980-mm-inox-aisi-304-avec-trous\/#primaryimage","url":"https:\/\/www.inoxforniture.it\/wp-content\/uploads\/2014\/10\/a210000_1.jpg","contentUrl":"https:\/\/www.inoxforniture.it\/wp-content\/uploads\/2014\/10\/a210000_1.jpg","width":480,"height":480,"caption":"CHARNI\u00c8RE \u00c0 BARRE LONGUEUR 1980 mm. INOX AISI 304 AVEC TROUS-0"},{"@type":"BreadcrumbList","@id":"https:\/\/www.inoxforniture.it\/fr\/charniere-a-barre-longueur-1980-mm-inox-aisi-304-avec-trous\/#breadcrumb","itemListElement":[{"@type":"ListItem","position":1,"name":"Accueil","item":"https:\/\/www.inoxforniture.it\/"},{"@type":"ListItem","position":2,"name":"Boutique","item":"https:\/\/www.inoxforniture.it\/fr\/boutique\/"},{"@type":"ListItem","position":3,"name":"Quincaillerie inox","item":"https:\/\/www.inoxforniture.it\/fr\/quincaillerie-inox\/"},{"@type":"ListItem","position":4,"name":"Charni\u00e8res, fermetures et poign\u00e9es","item":"https:\/\/www.inoxforniture.it\/fr\/charnieres-fermetures-et-poignees\/"},{"@type":"ListItem","position":5,"name":"Charni\u00e8res acier inox AISI 304","item":"https:\/\/www.inoxforniture.it\/fr\/charnieres-acier-inox-aisi-304\/"},{"@type":"ListItem","position":6,"name":"CHARNI\u00c8RE \u00c0 BARRE LONGUEUR 1980 mm. INOX AISI 304 AVEC TROUS"}]},{"@type":"WebSite","@id":"https:\/\/www.inoxforniture.it\/#website","url":"https:\/\/www.inoxforniture.it\/","name":"Inox Forniture","description":"","publisher":{"@id":"https:\/\/www.inoxforniture.it\/#organization"},"potentialAction":[{"@type":"SearchAction","target":{"@type":"EntryPoint","urlTemplate":"https:\/\/www.inoxforniture.it\/?s={search_term_string}"},"query-input":{"@type":"PropertyValueSpecification","valueRequired":true,"valueName":"search_term_string"}}],"inLanguage":"fr-FR"},{"@type":"Organization","@id":"https:\/\/www.inoxforniture.it\/#organization","name":"Inox Forniture srl","url":"https:\/\/www.inoxforniture.it\/","logo":{"@type":"ImageObject","inLanguage":"fr-FR","@id":"https:\/\/www.inoxforniture.it\/#\/schema\/logo\/image\/","url":"https:\/\/www.inoxforniture.it\/wp-content\/uploads\/2021\/01\/logo_inox.png","contentUrl":"https:\/\/www.inoxforniture.it\/wp-content\/uploads\/2021\/01\/logo_inox.png","width":230,"height":44,"caption":"Inox Forniture srl"},"image":{"@id":"https:\/\/www.inoxforniture.it\/#\/schema\/logo\/image\/"},"sameAs":["https:\/\/www.facebook.com\/Inox.Forniture","https:\/\/x.com\/InoxForniture"]}]}},"df_price":12.177,"df_sale_price":"","df_regular_price":12.177,"df_image_link":"https:\/\/www.inoxforniture.it\/wp-content\/uploads\/2014\/10\/a210000_1-300x300.jpg","tiered_pricing_type":"fixed","tiered_pricing_fixed_rules":[],"tiered_pricing_product_settings":{"layout":"default","base_unit_name":{"singular":null,"plural":null},"default_variation":null},"tiered_pricing_minimum_quantity":null,"tiered_pricing_roles_data":{"privato":{"product_id":63109,"role":"privato","pricing_type":"flat","regular_price":null,"sale_price":null,"discount":null,"discount_type":"sale_price","tiered_pricing_type":"fixed","percentage_rules":[],"fixed_rules":[],"minimum":null},"azienda":{"product_id":63109,"role":"azienda","pricing_type":"flat","regular_price":null,"sale_price":null,"discount":null,"discount_type":"sale_price","tiered_pricing_type":"fixed","percentage_rules":[],"fixed_rules":[],"minimum":null},"azienda_premium":{"product_id":63109,"role":"azienda_premium","pricing_type":"flat","regular_price":null,"sale_price":null,"discount":null,"discount_type":"sale_price","tiered_pricing_type":"fixed","percentage_rules":[],"fixed_rules":[],"minimum":null}},"tiered_pricing_percentage_rules":[],"tiered_pricing_maximum_quantity":null,"tiered_pricing_quantity_step":null,"_links":{"self":[{"href":"https:\/\/www.inoxforniture.it\/fr\/wp-json\/wp\/v2\/product\/63109","targetHints":{"allow":["GET"]}}],"collection":[{"href":"https:\/\/www.inoxforniture.it\/fr\/wp-json\/wp\/v2\/product"}],"about":[{"href":"https:\/\/www.inoxforniture.it\/fr\/wp-json\/wp\/v2\/types\/product"}],"wp:featuredmedia":[{"embeddable":true,"href":"https:\/\/www.inoxforniture.it\/fr\/wp-json\/wp\/v2\/media\/63110"}],"wp:attachment":[{"href":"https:\/\/www.inoxforniture.it\/fr\/wp-json\/wp\/v2\/media?parent=63109"}],"wp:term":[{"taxonomy":"product_brand","embeddable":true,"href":"https:\/\/www.inoxforniture.it\/fr\/wp-json\/wp\/v2\/product_brand?post=63109"},{"taxonomy":"product_cat","embeddable":true,"href":"https:\/\/www.inoxforniture.it\/fr\/wp-json\/wp\/v2\/product_cat?post=63109"},{"taxonomy":"product_tag","embeddable":true,"href":"https:\/\/www.inoxforniture.it\/fr\/wp-json\/wp\/v2\/product_tag?post=63109"}],"curies":[{"name":"wp","href":"https:\/\/api.w.org\/{rel}","templated":true}]}}