{"id":62996,"date":"2014-10-22T07:09:23","date_gmt":"2014-10-22T07:09:23","guid":{"rendered":"https:\/\/www.inoxforniture.it\/main-courante-murale-o-424-aisi-316-brossee-type-1\/"},"modified":"2026-01-28T11:43:01","modified_gmt":"2026-01-28T10:43:01","slug":"main-courante-murale-o-424-aisi-316-brossee-type-1","status":"publish","type":"product","link":"https:\/\/www.inoxforniture.it\/fr\/main-courante-murale-o-424-aisi-316-brossee-type-1\/","title":{"rendered":"MAIN COURANTE MURALE \u00d8 42,4 AISI 316 BROSS\u00c9E TYPE 1"},"content":{"rendered":"<p><span style=\"font-size: 20px;\"><strong>MAIN COURANTE MURALE INOX AISI 316 BROSS\u00c9E<\/strong><\/span><\/p>\n<p>Main courante murale enti\u00e8rement r\u00e9alis\u00e9e en acier inoxydable AISI 316 BROSS\u00c9.<br \/>\nGr\u00e2ce \u00e0 l&rsquo;utilisation de l&rsquo;acier inoxydable AISI 316, excellent mat\u00e9riau \u00e0 haute r\u00e9sistance \u00e0 la corrosion, cette main courante est utilis\u00e9e pour les installations ext\u00e9rieures.<br \/>\nPour garantir une fixation solide des supports au tube de la main courante, le tube n&rsquo;est pas simplement perc\u00e9 et filet\u00e9, mais d\u00e9form\u00e9 pour obtenir des filetages profonds.<br \/>\nLes d\u00e9formations filet\u00e9es permettent de serrer fermement et en toute s\u00e9curit\u00e9 les supports au tube.<\/p>\n<p>La prise des mains sur le tube de la main courante est id\u00e9ale gr\u00e2ce au diam\u00e8tre de 42,4 mm, la distance correcte du mur et la forme des supports permettent de faire glisser les mains confortablement et sans obstacle le long de tout le tube.<\/p>\n<p><strong>La fourniture comprend :<\/strong><br \/>\nle tube de 2 mm d&rsquo;\u00e9paisseur d\u00e9j\u00e0 filet\u00e9 pour la fixation des supports et avec les bouchons de fermeture ins\u00e9r\u00e9s ; les supports pour la fixation murale ; la visserie et les chevilles en plastique n\u00e9cessaires pour relier la main courante aux supports et les supports au mur.<\/p>\n<p>Toutes les mesures standard sont indiqu\u00e9es ci-dessous.<br \/>\n<strong>N&rsquo;h\u00e9sitez pas \u00e0 nous contacter pour des personnalisations. <\/strong><\/p>\n<div class=\"O\">\n<div>\n<div><strong><img fetchpriority=\"high\" decoding=\"async\" class=\" size-full wp-image-7466\" src=\"https:\/\/www.inoxforniture.it\/wp-content\/uploads\/2014\/10\/P110200-T1.jpg\" alt=\"\" width=\"1000\" height=\"93\" srcset=\"https:\/\/www.inoxforniture.it\/wp-content\/uploads\/2014\/10\/P110200-T1.jpg 1000w, https:\/\/www.inoxforniture.it\/wp-content\/uploads\/2014\/10\/P110200-T1-768x71.jpg 768w, https:\/\/www.inoxforniture.it\/wp-content\/uploads\/2014\/10\/P110200-T1-640x60.jpg 640w, https:\/\/www.inoxforniture.it\/wp-content\/uploads\/2014\/10\/P110200-T1-400x37.jpg 400w, https:\/\/www.inoxforniture.it\/wp-content\/uploads\/2014\/10\/P110200-T1-600x56.jpg 600w\" sizes=\"(max-width: 1000px) 100vw, 1000px\" \/><\/strong><\/div>\n<div><strong><img decoding=\"async\" class=\" size-full wp-image-7467\" src=\"https:\/\/www.inoxforniture.it\/wp-content\/uploads\/2014\/10\/P110201-T1.jpg\" alt=\"\" width=\"1000\" height=\"93\" srcset=\"https:\/\/www.inoxforniture.it\/wp-content\/uploads\/2014\/10\/P110201-T1.jpg 1000w, https:\/\/www.inoxforniture.it\/wp-content\/uploads\/2014\/10\/P110201-T1-768x71.jpg 768w, https:\/\/www.inoxforniture.it\/wp-content\/uploads\/2014\/10\/P110201-T1-640x60.jpg 640w, https:\/\/www.inoxforniture.it\/wp-content\/uploads\/2014\/10\/P110201-T1-400x37.jpg 400w, https:\/\/www.inoxforniture.it\/wp-content\/uploads\/2014\/10\/P110201-T1-600x56.jpg 600w\" sizes=\"(max-width: 1000px) 100vw, 1000px\" \/><\/strong><\/div>\n<div><strong><img decoding=\"async\" class=\" size-full wp-image-7468\" src=\"https:\/\/www.inoxforniture.it\/wp-content\/uploads\/2014\/10\/P110202-T1.jpg\" alt=\"\" width=\"1000\" height=\"93\" srcset=\"https:\/\/www.inoxforniture.it\/wp-content\/uploads\/2014\/10\/P110202-T1.jpg 1000w, https:\/\/www.inoxforniture.it\/wp-content\/uploads\/2014\/10\/P110202-T1-768x71.jpg 768w, https:\/\/www.inoxforniture.it\/wp-content\/uploads\/2014\/10\/P110202-T1-640x60.jpg 640w, https:\/\/www.inoxforniture.it\/wp-content\/uploads\/2014\/10\/P110202-T1-400x37.jpg 400w, https:\/\/www.inoxforniture.it\/wp-content\/uploads\/2014\/10\/P110202-T1-600x56.jpg 600w\" sizes=\"(max-width: 1000px) 100vw, 1000px\" \/><\/strong><\/div>\n<div><strong><img loading=\"lazy\" decoding=\"async\" class=\" size-full wp-image-7469\" src=\"https:\/\/www.inoxforniture.it\/wp-content\/uploads\/2014\/10\/P110203-T1.jpg\" alt=\"\" width=\"1000\" height=\"93\" srcset=\"https:\/\/www.inoxforniture.it\/wp-content\/uploads\/2014\/10\/P110203-T1.jpg 1000w, https:\/\/www.inoxforniture.it\/wp-content\/uploads\/2014\/10\/P110203-T1-768x71.jpg 768w, https:\/\/www.inoxforniture.it\/wp-content\/uploads\/2014\/10\/P110203-T1-640x60.jpg 640w, https:\/\/www.inoxforniture.it\/wp-content\/uploads\/2014\/10\/P110203-T1-400x37.jpg 400w, https:\/\/www.inoxforniture.it\/wp-content\/uploads\/2014\/10\/P110203-T1-600x56.jpg 600w\" sizes=\"(max-width: 1000px) 100vw, 1000px\" \/><\/strong><\/div>\n<div><strong><img loading=\"lazy\" decoding=\"async\" class=\" size-full wp-image-7470\" src=\"https:\/\/www.inoxforniture.it\/wp-content\/uploads\/2014\/10\/P110204-T1.jpg\" alt=\"\" width=\"1000\" height=\"93\" srcset=\"https:\/\/www.inoxforniture.it\/wp-content\/uploads\/2014\/10\/P110204-T1.jpg 1000w, https:\/\/www.inoxforniture.it\/wp-content\/uploads\/2014\/10\/P110204-T1-768x71.jpg 768w, https:\/\/www.inoxforniture.it\/wp-content\/uploads\/2014\/10\/P110204-T1-640x60.jpg 640w, https:\/\/www.inoxforniture.it\/wp-content\/uploads\/2014\/10\/P110204-T1-400x37.jpg 400w, https:\/\/www.inoxforniture.it\/wp-content\/uploads\/2014\/10\/P110204-T1-600x56.jpg 600w\" sizes=\"(max-width: 1000px) 100vw, 1000px\" \/><\/strong><\/div>\n<div><strong><img loading=\"lazy\" decoding=\"async\" class=\" size-full wp-image-7471\" src=\"https:\/\/www.inoxforniture.it\/wp-content\/uploads\/2014\/10\/P110205-T1.jpg\" alt=\"\" width=\"1000\" height=\"93\" srcset=\"https:\/\/www.inoxforniture.it\/wp-content\/uploads\/2014\/10\/P110205-T1.jpg 1000w, https:\/\/www.inoxforniture.it\/wp-content\/uploads\/2014\/10\/P110205-T1-768x71.jpg 768w, https:\/\/www.inoxforniture.it\/wp-content\/uploads\/2014\/10\/P110205-T1-640x60.jpg 640w, https:\/\/www.inoxforniture.it\/wp-content\/uploads\/2014\/10\/P110205-T1-400x37.jpg 400w, https:\/\/www.inoxforniture.it\/wp-content\/uploads\/2014\/10\/P110205-T1-600x56.jpg 600w\" sizes=\"(max-width: 1000px) 100vw, 1000px\" \/><\/strong><\/div>\n<div><strong><img loading=\"lazy\" decoding=\"async\" class=\" size-full wp-image-7472\" src=\"https:\/\/www.inoxforniture.it\/wp-content\/uploads\/2014\/10\/P110206-T1.jpg\" alt=\"\" width=\"1000\" height=\"93\" srcset=\"https:\/\/www.inoxforniture.it\/wp-content\/uploads\/2014\/10\/P110206-T1.jpg 1000w, https:\/\/www.inoxforniture.it\/wp-content\/uploads\/2014\/10\/P110206-T1-768x71.jpg 768w, https:\/\/www.inoxforniture.it\/wp-content\/uploads\/2014\/10\/P110206-T1-640x60.jpg 640w, https:\/\/www.inoxforniture.it\/wp-content\/uploads\/2014\/10\/P110206-T1-400x37.jpg 400w, https:\/\/www.inoxforniture.it\/wp-content\/uploads\/2014\/10\/P110206-T1-600x56.jpg 600w\" sizes=\"(max-width: 1000px) 100vw, 1000px\" \/><\/strong><\/div>\n<div><strong><img loading=\"lazy\" decoding=\"async\" class=\" size-full wp-image-7473\" src=\"https:\/\/www.inoxforniture.it\/wp-content\/uploads\/2014\/10\/P110207-T1.jpg\" alt=\"\" width=\"1000\" height=\"93\" srcset=\"https:\/\/www.inoxforniture.it\/wp-content\/uploads\/2014\/10\/P110207-T1.jpg 1000w, https:\/\/www.inoxforniture.it\/wp-content\/uploads\/2014\/10\/P110207-T1-768x71.jpg 768w, https:\/\/www.inoxforniture.it\/wp-content\/uploads\/2014\/10\/P110207-T1-640x60.jpg 640w, https:\/\/www.inoxforniture.it\/wp-content\/uploads\/2014\/10\/P110207-T1-400x37.jpg 400w, https:\/\/www.inoxforniture.it\/wp-content\/uploads\/2014\/10\/P110207-T1-600x56.jpg 600w\" sizes=\"(max-width: 1000px) 100vw, 1000px\" \/><\/strong><\/div>\n<div><strong><img loading=\"lazy\" decoding=\"async\" class=\" size-full wp-image-7474\" src=\"https:\/\/www.inoxforniture.it\/wp-content\/uploads\/2014\/10\/P110208-T1.jpg\" alt=\"\" width=\"1000\" height=\"93\" srcset=\"https:\/\/www.inoxforniture.it\/wp-content\/uploads\/2014\/10\/P110208-T1.jpg 1000w, https:\/\/www.inoxforniture.it\/wp-content\/uploads\/2014\/10\/P110208-T1-768x71.jpg 768w, https:\/\/www.inoxforniture.it\/wp-content\/uploads\/2014\/10\/P110208-T1-640x60.jpg 640w, https:\/\/www.inoxforniture.it\/wp-content\/uploads\/2014\/10\/P110208-T1-400x37.jpg 400w, https:\/\/www.inoxforniture.it\/wp-content\/uploads\/2014\/10\/P110208-T1-600x56.jpg 600w\" sizes=\"(max-width: 1000px) 100vw, 1000px\" \/><\/strong><\/div>\n<div><strong><img loading=\"lazy\" decoding=\"async\" class=\" size-full wp-image-7475\" src=\"https:\/\/www.inoxforniture.it\/wp-content\/uploads\/2014\/10\/P110209-T1.jpg\" alt=\"\" width=\"1000\" height=\"93\" srcset=\"https:\/\/www.inoxforniture.it\/wp-content\/uploads\/2014\/10\/P110209-T1.jpg 1000w, https:\/\/www.inoxforniture.it\/wp-content\/uploads\/2014\/10\/P110209-T1-768x71.jpg 768w, https:\/\/www.inoxforniture.it\/wp-content\/uploads\/2014\/10\/P110209-T1-640x60.jpg 640w, https:\/\/www.inoxforniture.it\/wp-content\/uploads\/2014\/10\/P110209-T1-400x37.jpg 400w, https:\/\/www.inoxforniture.it\/wp-content\/uploads\/2014\/10\/P110209-T1-600x56.jpg 600w\" sizes=\"(max-width: 1000px) 100vw, 1000px\" \/><\/strong><\/div>\n<div><strong><img loading=\"lazy\" decoding=\"async\" class=\" size-full wp-image-7476\" src=\"https:\/\/www.inoxforniture.it\/wp-content\/uploads\/2014\/10\/P110210-T1.jpg\" alt=\"\" width=\"1000\" height=\"93\" srcset=\"https:\/\/www.inoxforniture.it\/wp-content\/uploads\/2014\/10\/P110210-T1.jpg 1000w, https:\/\/www.inoxforniture.it\/wp-content\/uploads\/2014\/10\/P110210-T1-768x71.jpg 768w, https:\/\/www.inoxforniture.it\/wp-content\/uploads\/2014\/10\/P110210-T1-640x60.jpg 640w, https:\/\/www.inoxforniture.it\/wp-content\/uploads\/2014\/10\/P110210-T1-400x37.jpg 400w, https:\/\/www.inoxforniture.it\/wp-content\/uploads\/2014\/10\/P110210-T1-600x56.jpg 600w\" sizes=\"(max-width: 1000px) 100vw, 1000px\" \/><\/strong><\/div>\n<\/div>\n<p><span style=\"font-family: arial, helvetica, sans-serif;\"><strong><img loading=\"lazy\" decoding=\"async\" class=\" size-full wp-image-7477\" src=\"https:\/\/www.inoxforniture.it\/wp-content\/uploads\/2014\/10\/P110211-T1.jpg\" alt=\"\" width=\"1000\" height=\"93\" srcset=\"https:\/\/www.inoxforniture.it\/wp-content\/uploads\/2014\/10\/P110211-T1.jpg 1000w, https:\/\/www.inoxforniture.it\/wp-content\/uploads\/2014\/10\/P110211-T1-768x71.jpg 768w, https:\/\/www.inoxforniture.it\/wp-content\/uploads\/2014\/10\/P110211-T1-640x60.jpg 640w, https:\/\/www.inoxforniture.it\/wp-content\/uploads\/2014\/10\/P110211-T1-400x37.jpg 400w, https:\/\/www.inoxforniture.it\/wp-content\/uploads\/2014\/10\/P110211-T1-600x56.jpg 600w\" sizes=\"(max-width: 1000px) 100vw, 1000px\" \/><\/strong><\/span><\/p>\n<\/div>\n","protected":false},"excerpt":{"rendered":"<p>Gr\u00e2ce \u00e0 l&rsquo;utilisation de l&rsquo;acier inoxydable AISI 316 bross\u00e9, excellent mat\u00e9riau \u00e0 haute r\u00e9sistance \u00e0 la corrosion, cette main courante est utilis\u00e9e pour les installations ext\u00e9rieures. La prise des mains sur le tube de la main courante est id\u00e9ale gr\u00e2ce au diam\u00e8tre de 42,4 mm, la distance correcte du mur et la forme des supports permettent de faire glisser les mains confortablement et sans obstacle le long de tout le tube.<\/p>\n<p><strong>CHOISISSEZ LA LONGUEUR DE LA MAIN COURANTE CI-DESSOUS<\/strong><br \/>\nUne fois le choix fait, seront visibles le prix, la disponibilit\u00e9 et la fiche technique.<br \/>\n<span style=\"color: #ff0000;\"><strong>Les mains courantes de longueur sup\u00e9rieure \u00e0 3 m\u00e8tres sont fournies en deux pi\u00e8ces.<\/strong><\/span><\/p>\n","protected":false},"featured_media":63011,"template":"","meta":{"_acf_changed":false},"product_brand":[],"product_cat":[4100],"product_tag":[5598,5599,5596,5597],"class_list":{"0":"post-62996","1":"product","2":"type-product","3":"status-publish","4":"has-post-thumbnail","6":"product_cat-mains-courantes-murales","7":"product_tag-main-courante-escaliers-exterieurs","8":"product_tag-main-courante-exterieure","9":"product_tag-main-courante-pour-escaliers-exterieurs","10":"product_tag-main-courante-pour-exterieur","11":"pa_marchio-inox-forniture","12":"pa_prodotto-longueur-100-m-avec-2-supports","13":"pa_prodotto-longueur-125-m-avec-2-supports","14":"pa_prodotto-longueur-150-m-avec-2-supports","15":"pa_prodotto-longueur-200-m-avec-3-supports","16":"pa_prodotto-longueur-250-m-avec-3-supports","17":"pa_prodotto-longueur-300-m-avec-4-supports","18":"pa_prodotto-longueur-350-m-avec-4-supports","19":"pa_prodotto-longueur-400-m-avec-5-supports","20":"pa_prodotto-longueur-450-m-avec-5-supports","21":"pa_prodotto-longueur-500-m-avec-6-supports","22":"pa_prodotto-longueur-550-m-avec-6-supports","23":"pa_prodotto-longueur-600-m-avec-6-supports","25":"first","26":"instock","27":"taxable","28":"shipping-taxable","29":"purchasable","30":"product-type-variable"},"acf":[],"yoast_head":"<!-- This site is optimized with the Yoast SEO plugin v27.3 - https:\/\/yoast.com\/product\/yoast-seo-wordpress\/ -->\n<title>Inox Forniture - MAIN COURANTE MURALE \u00d8 42,4 AISI 316 BROSS\u00c9E TYPE 1<\/title>\n<meta name=\"description\" content=\"Main courante en acier inoxydable AISI 316 bross\u00e9e. Disponible et achetable en ligne en diff\u00e9rentes longueurs. Longueurs disponibles de 1 \u00e0 6 m\u00e8tres. \u00c9galement sur mesure.\" \/>\n<meta name=\"robots\" content=\"index, follow, max-snippet:-1, max-image-preview:large, max-video-preview:-1\" \/>\n<link rel=\"canonical\" href=\"https:\/\/www.inoxforniture.it\/fr\/main-courante-murale-o-424-aisi-316-brossee-type-1\/\" \/>\n<meta property=\"og:locale\" content=\"fr_FR\" \/>\n<meta property=\"og:type\" content=\"article\" \/>\n<meta property=\"og:title\" content=\"Inox Forniture - MAIN COURANTE MURALE \u00d8 42,4 AISI 316 BROSS\u00c9E TYPE 1\" \/>\n<meta property=\"og:description\" content=\"Main courante en acier inoxydable AISI 316 bross\u00e9e. Disponible et achetable en ligne en diff\u00e9rentes longueurs. Longueurs disponibles de 1 \u00e0 6 m\u00e8tres. \u00c9galement sur mesure.\" \/>\n<meta property=\"og:url\" content=\"https:\/\/www.inoxforniture.it\/fr\/main-courante-murale-o-424-aisi-316-brossee-type-1\/\" \/>\n<meta property=\"og:site_name\" content=\"Inox Forniture\" \/>\n<meta property=\"article:publisher\" content=\"https:\/\/www.facebook.com\/Inox.Forniture\" \/>\n<meta property=\"article:modified_time\" content=\"2026-01-28T10:43:01+00:00\" \/>\n<meta property=\"og:image\" content=\"https:\/\/www.inoxforniture.it\/wp-content\/uploads\/2014\/10\/C110010_5.jpg\" \/>\n\t<meta property=\"og:image:width\" content=\"600\" \/>\n\t<meta property=\"og:image:height\" content=\"600\" \/>\n\t<meta property=\"og:image:type\" content=\"image\/jpeg\" \/>\n<meta name=\"twitter:card\" content=\"summary_large_image\" \/>\n<meta name=\"twitter:site\" content=\"@InoxForniture\" \/>\n<meta name=\"twitter:label1\" content=\"Dur\u00e9e de lecture estim\u00e9e\" \/>\n\t<meta name=\"twitter:data1\" content=\"4 minutes\" \/>\n<script type=\"application\/ld+json\" class=\"yoast-schema-graph\">{\"@context\":\"https:\\\/\\\/schema.org\",\"@graph\":[{\"@type\":\"WebPage\",\"@id\":\"https:\\\/\\\/www.inoxforniture.it\\\/fr\\\/main-courante-murale-o-424-aisi-316-brossee-type-1\\\/\",\"url\":\"https:\\\/\\\/www.inoxforniture.it\\\/fr\\\/main-courante-murale-o-424-aisi-316-brossee-type-1\\\/\",\"name\":\"Inox Forniture - MAIN COURANTE MURALE \u00d8 42,4 AISI 316 BROSS\u00c9E TYPE 1\",\"isPartOf\":{\"@id\":\"https:\\\/\\\/www.inoxforniture.it\\\/#website\"},\"primaryImageOfPage\":{\"@id\":\"https:\\\/\\\/www.inoxforniture.it\\\/fr\\\/main-courante-murale-o-424-aisi-316-brossee-type-1\\\/#primaryimage\"},\"image\":{\"@id\":\"https:\\\/\\\/www.inoxforniture.it\\\/fr\\\/main-courante-murale-o-424-aisi-316-brossee-type-1\\\/#primaryimage\"},\"thumbnailUrl\":\"https:\\\/\\\/www.inoxforniture.it\\\/wp-content\\\/uploads\\\/2014\\\/10\\\/C110010_5.jpg\",\"datePublished\":\"2014-10-22T07:09:23+00:00\",\"dateModified\":\"2026-01-28T10:43:01+00:00\",\"description\":\"Main courante en acier inoxydable AISI 316 bross\u00e9e. Disponible et achetable en ligne en diff\u00e9rentes longueurs. Longueurs disponibles de 1 \u00e0 6 m\u00e8tres. \u00c9galement sur mesure.\",\"breadcrumb\":{\"@id\":\"https:\\\/\\\/www.inoxforniture.it\\\/fr\\\/main-courante-murale-o-424-aisi-316-brossee-type-1\\\/#breadcrumb\"},\"inLanguage\":\"fr-FR\",\"potentialAction\":[{\"@type\":\"ReadAction\",\"target\":[\"https:\\\/\\\/www.inoxforniture.it\\\/fr\\\/main-courante-murale-o-424-aisi-316-brossee-type-1\\\/\"]}]},{\"@type\":\"ImageObject\",\"inLanguage\":\"fr-FR\",\"@id\":\"https:\\\/\\\/www.inoxforniture.it\\\/fr\\\/main-courante-murale-o-424-aisi-316-brossee-type-1\\\/#primaryimage\",\"url\":\"https:\\\/\\\/www.inoxforniture.it\\\/wp-content\\\/uploads\\\/2014\\\/10\\\/C110010_5.jpg\",\"contentUrl\":\"https:\\\/\\\/www.inoxforniture.it\\\/wp-content\\\/uploads\\\/2014\\\/10\\\/C110010_5.jpg\",\"width\":600,\"height\":600},{\"@type\":\"BreadcrumbList\",\"@id\":\"https:\\\/\\\/www.inoxforniture.it\\\/fr\\\/main-courante-murale-o-424-aisi-316-brossee-type-1\\\/#breadcrumb\",\"itemListElement\":[{\"@type\":\"ListItem\",\"position\":1,\"name\":\"Accueil\",\"item\":\"https:\\\/\\\/www.inoxforniture.it\\\/\"},{\"@type\":\"ListItem\",\"position\":2,\"name\":\"Boutique\",\"item\":\"https:\\\/\\\/www.inoxforniture.it\\\/fr\\\/boutique\\\/\"},{\"@type\":\"ListItem\",\"position\":3,\"name\":\"Syst\u00e8mes pour garde-corps et balustrades\",\"item\":\"https:\\\/\\\/www.inoxforniture.it\\\/fr\\\/systemes-pour-garde-corps-et-balustrades\\\/\"},{\"@type\":\"ListItem\",\"position\":4,\"name\":\"Mains courantes murales\",\"item\":\"https:\\\/\\\/www.inoxforniture.it\\\/fr\\\/mains-courantes-murales\\\/\"},{\"@type\":\"ListItem\",\"position\":5,\"name\":\"MAIN COURANTE MURALE \u00d8 42,4 AISI 316 BROSS\u00c9E TYPE 1\"}]},{\"@type\":\"WebSite\",\"@id\":\"https:\\\/\\\/www.inoxforniture.it\\\/#website\",\"url\":\"https:\\\/\\\/www.inoxforniture.it\\\/\",\"name\":\"Inox Forniture\",\"description\":\"\",\"publisher\":{\"@id\":\"https:\\\/\\\/www.inoxforniture.it\\\/#organization\"},\"potentialAction\":[{\"@type\":\"SearchAction\",\"target\":{\"@type\":\"EntryPoint\",\"urlTemplate\":\"https:\\\/\\\/www.inoxforniture.it\\\/?s={search_term_string}\"},\"query-input\":{\"@type\":\"PropertyValueSpecification\",\"valueRequired\":true,\"valueName\":\"search_term_string\"}}],\"inLanguage\":\"fr-FR\"},{\"@type\":\"Organization\",\"@id\":\"https:\\\/\\\/www.inoxforniture.it\\\/#organization\",\"name\":\"Inox Forniture srl\",\"url\":\"https:\\\/\\\/www.inoxforniture.it\\\/\",\"logo\":{\"@type\":\"ImageObject\",\"inLanguage\":\"fr-FR\",\"@id\":\"https:\\\/\\\/www.inoxforniture.it\\\/#\\\/schema\\\/logo\\\/image\\\/\",\"url\":\"https:\\\/\\\/www.inoxforniture.it\\\/wp-content\\\/uploads\\\/2021\\\/01\\\/logo_inox.png\",\"contentUrl\":\"https:\\\/\\\/www.inoxforniture.it\\\/wp-content\\\/uploads\\\/2021\\\/01\\\/logo_inox.png\",\"width\":230,\"height\":44,\"caption\":\"Inox Forniture srl\"},\"image\":{\"@id\":\"https:\\\/\\\/www.inoxforniture.it\\\/#\\\/schema\\\/logo\\\/image\\\/\"},\"sameAs\":[\"https:\\\/\\\/www.facebook.com\\\/Inox.Forniture\",\"https:\\\/\\\/x.com\\\/InoxForniture\"]}]}<\/script>\n<!-- \/ Yoast SEO plugin. -->","yoast_head_json":{"title":"Inox Forniture - MAIN COURANTE MURALE \u00d8 42,4 AISI 316 BROSS\u00c9E TYPE 1","description":"Main courante en acier inoxydable AISI 316 bross\u00e9e. Disponible et achetable en ligne en diff\u00e9rentes longueurs. Longueurs disponibles de 1 \u00e0 6 m\u00e8tres. \u00c9galement sur mesure.","robots":{"index":"index","follow":"follow","max-snippet":"max-snippet:-1","max-image-preview":"max-image-preview:large","max-video-preview":"max-video-preview:-1"},"canonical":"https:\/\/www.inoxforniture.it\/fr\/main-courante-murale-o-424-aisi-316-brossee-type-1\/","og_locale":"fr_FR","og_type":"article","og_title":"Inox Forniture - MAIN COURANTE MURALE \u00d8 42,4 AISI 316 BROSS\u00c9E TYPE 1","og_description":"Main courante en acier inoxydable AISI 316 bross\u00e9e. Disponible et achetable en ligne en diff\u00e9rentes longueurs. Longueurs disponibles de 1 \u00e0 6 m\u00e8tres. \u00c9galement sur mesure.","og_url":"https:\/\/www.inoxforniture.it\/fr\/main-courante-murale-o-424-aisi-316-brossee-type-1\/","og_site_name":"Inox Forniture","article_publisher":"https:\/\/www.facebook.com\/Inox.Forniture","article_modified_time":"2026-01-28T10:43:01+00:00","og_image":[{"width":600,"height":600,"url":"https:\/\/www.inoxforniture.it\/wp-content\/uploads\/2014\/10\/C110010_5.jpg","type":"image\/jpeg"}],"twitter_card":"summary_large_image","twitter_site":"@InoxForniture","twitter_misc":{"Dur\u00e9e de lecture estim\u00e9e":"4 minutes"},"schema":{"@context":"https:\/\/schema.org","@graph":[{"@type":"WebPage","@id":"https:\/\/www.inoxforniture.it\/fr\/main-courante-murale-o-424-aisi-316-brossee-type-1\/","url":"https:\/\/www.inoxforniture.it\/fr\/main-courante-murale-o-424-aisi-316-brossee-type-1\/","name":"Inox Forniture - MAIN COURANTE MURALE \u00d8 42,4 AISI 316 BROSS\u00c9E TYPE 1","isPartOf":{"@id":"https:\/\/www.inoxforniture.it\/#website"},"primaryImageOfPage":{"@id":"https:\/\/www.inoxforniture.it\/fr\/main-courante-murale-o-424-aisi-316-brossee-type-1\/#primaryimage"},"image":{"@id":"https:\/\/www.inoxforniture.it\/fr\/main-courante-murale-o-424-aisi-316-brossee-type-1\/#primaryimage"},"thumbnailUrl":"https:\/\/www.inoxforniture.it\/wp-content\/uploads\/2014\/10\/C110010_5.jpg","datePublished":"2014-10-22T07:09:23+00:00","dateModified":"2026-01-28T10:43:01+00:00","description":"Main courante en acier inoxydable AISI 316 bross\u00e9e. Disponible et achetable en ligne en diff\u00e9rentes longueurs. Longueurs disponibles de 1 \u00e0 6 m\u00e8tres. \u00c9galement sur mesure.","breadcrumb":{"@id":"https:\/\/www.inoxforniture.it\/fr\/main-courante-murale-o-424-aisi-316-brossee-type-1\/#breadcrumb"},"inLanguage":"fr-FR","potentialAction":[{"@type":"ReadAction","target":["https:\/\/www.inoxforniture.it\/fr\/main-courante-murale-o-424-aisi-316-brossee-type-1\/"]}]},{"@type":"ImageObject","inLanguage":"fr-FR","@id":"https:\/\/www.inoxforniture.it\/fr\/main-courante-murale-o-424-aisi-316-brossee-type-1\/#primaryimage","url":"https:\/\/www.inoxforniture.it\/wp-content\/uploads\/2014\/10\/C110010_5.jpg","contentUrl":"https:\/\/www.inoxforniture.it\/wp-content\/uploads\/2014\/10\/C110010_5.jpg","width":600,"height":600},{"@type":"BreadcrumbList","@id":"https:\/\/www.inoxforniture.it\/fr\/main-courante-murale-o-424-aisi-316-brossee-type-1\/#breadcrumb","itemListElement":[{"@type":"ListItem","position":1,"name":"Accueil","item":"https:\/\/www.inoxforniture.it\/"},{"@type":"ListItem","position":2,"name":"Boutique","item":"https:\/\/www.inoxforniture.it\/fr\/boutique\/"},{"@type":"ListItem","position":3,"name":"Syst\u00e8mes pour garde-corps et balustrades","item":"https:\/\/www.inoxforniture.it\/fr\/systemes-pour-garde-corps-et-balustrades\/"},{"@type":"ListItem","position":4,"name":"Mains courantes murales","item":"https:\/\/www.inoxforniture.it\/fr\/mains-courantes-murales\/"},{"@type":"ListItem","position":5,"name":"MAIN COURANTE MURALE \u00d8 42,4 AISI 316 BROSS\u00c9E TYPE 1"}]},{"@type":"WebSite","@id":"https:\/\/www.inoxforniture.it\/#website","url":"https:\/\/www.inoxforniture.it\/","name":"Inox Forniture","description":"","publisher":{"@id":"https:\/\/www.inoxforniture.it\/#organization"},"potentialAction":[{"@type":"SearchAction","target":{"@type":"EntryPoint","urlTemplate":"https:\/\/www.inoxforniture.it\/?s={search_term_string}"},"query-input":{"@type":"PropertyValueSpecification","valueRequired":true,"valueName":"search_term_string"}}],"inLanguage":"fr-FR"},{"@type":"Organization","@id":"https:\/\/www.inoxforniture.it\/#organization","name":"Inox Forniture srl","url":"https:\/\/www.inoxforniture.it\/","logo":{"@type":"ImageObject","inLanguage":"fr-FR","@id":"https:\/\/www.inoxforniture.it\/#\/schema\/logo\/image\/","url":"https:\/\/www.inoxforniture.it\/wp-content\/uploads\/2021\/01\/logo_inox.png","contentUrl":"https:\/\/www.inoxforniture.it\/wp-content\/uploads\/2021\/01\/logo_inox.png","width":230,"height":44,"caption":"Inox Forniture srl"},"image":{"@id":"https:\/\/www.inoxforniture.it\/#\/schema\/logo\/image\/"},"sameAs":["https:\/\/www.facebook.com\/Inox.Forniture","https:\/\/x.com\/InoxForniture"]}]}},"df_price":87,"df_sale_price":"","df_regular_price":87,"df_image_link":"https:\/\/www.inoxforniture.it\/wp-content\/uploads\/2014\/10\/C110010_5-300x300.jpg","tiered_pricing_type":"fixed","tiered_pricing_fixed_rules":[],"tiered_pricing_product_settings":{"layout":"default","base_unit_name":{"singular":null,"plural":null},"default_variation":null},"tiered_pricing_minimum_quantity":null,"tiered_pricing_roles_data":{"privato":{"product_id":62996,"role":"privato","pricing_type":"flat","regular_price":null,"sale_price":null,"discount":null,"discount_type":"sale_price","tiered_pricing_type":"fixed","percentage_rules":[],"fixed_rules":[],"minimum":null},"azienda":{"product_id":62996,"role":"azienda","pricing_type":"flat","regular_price":null,"sale_price":null,"discount":null,"discount_type":"sale_price","tiered_pricing_type":"fixed","percentage_rules":[],"fixed_rules":[],"minimum":null},"azienda_premium":{"product_id":62996,"role":"azienda_premium","pricing_type":"flat","regular_price":null,"sale_price":null,"discount":null,"discount_type":"sale_price","tiered_pricing_type":"fixed","percentage_rules":[],"fixed_rules":[],"minimum":null}},"tiered_pricing_percentage_rules":[],"tiered_pricing_maximum_quantity":null,"tiered_pricing_quantity_step":null,"_links":{"self":[{"href":"https:\/\/www.inoxforniture.it\/fr\/wp-json\/wp\/v2\/product\/62996","targetHints":{"allow":["GET"]}}],"collection":[{"href":"https:\/\/www.inoxforniture.it\/fr\/wp-json\/wp\/v2\/product"}],"about":[{"href":"https:\/\/www.inoxforniture.it\/fr\/wp-json\/wp\/v2\/types\/product"}],"wp:featuredmedia":[{"embeddable":true,"href":"https:\/\/www.inoxforniture.it\/fr\/wp-json\/wp\/v2\/media\/63011"}],"wp:attachment":[{"href":"https:\/\/www.inoxforniture.it\/fr\/wp-json\/wp\/v2\/media?parent=62996"}],"wp:term":[{"taxonomy":"product_brand","embeddable":true,"href":"https:\/\/www.inoxforniture.it\/fr\/wp-json\/wp\/v2\/product_brand?post=62996"},{"taxonomy":"product_cat","embeddable":true,"href":"https:\/\/www.inoxforniture.it\/fr\/wp-json\/wp\/v2\/product_cat?post=62996"},{"taxonomy":"product_tag","embeddable":true,"href":"https:\/\/www.inoxforniture.it\/fr\/wp-json\/wp\/v2\/product_tag?post=62996"}],"curies":[{"name":"wp","href":"https:\/\/api.w.org\/{rel}","templated":true}]}}