{"id":62972,"date":"2014-10-28T07:22:02","date_gmt":"2014-10-28T06:22:02","guid":{"rendered":"https:\/\/www.inoxforniture.it\/poteau-au-sol-o-337-pour-lisses-aisi-304-brossee-filetage-m8\/"},"modified":"2026-01-23T18:36:00","modified_gmt":"2026-01-23T17:36:00","slug":"poteau-au-sol-o-337-pour-lisses-aisi-304-brossee-filetage-m8","status":"publish","type":"product","link":"https:\/\/www.inoxforniture.it\/fr\/poteau-au-sol-o-337-pour-lisses-aisi-304-brossee-filetage-m8\/","title":{"rendered":"POTEAU AU SOL \u00d8 33,7 POUR LISSES AISI 304 BROSS\u00c9E FILETAGE M8"},"content":{"rendered":"<p>La base de ce poteau est ferm\u00e9e et filet\u00e9e. Il est g\u00e9n\u00e9ralement utilis\u00e9 sur des marches en bois dans les escaliers int\u00e9rieurs. <\/p>\n<p>Les supports pour la main courante et les lisses sont articul\u00e9s, permettant d&rsquo;installer facilement ce poteau m\u00eame en pr\u00e9sence d&rsquo;escaliers. Les articulations s&rsquo;adaptent \u00e0 la pente puis sont bloqu\u00e9es par des vis de r\u00e9glage. <\/p>\n","protected":false},"excerpt":{"rendered":"<p>La base de ce poteau est ferm\u00e9e et filet\u00e9e. Il est g\u00e9n\u00e9ralement utilis\u00e9 sur des marches en bois dans les escaliers int\u00e9rieurs. L&rsquo;articulation du support de main courante et celles des supports de lisses facilitent l&rsquo;installation sur les escaliers.  <\/p>\n","protected":false},"featured_media":62973,"template":"","meta":{"_acf_changed":false},"product_brand":[],"product_cat":[4097],"product_tag":[],"class_list":{"0":"post-62972","1":"product","2":"type-product","3":"status-publish","4":"has-post-thumbnail","6":"product_cat-poteaux-prets","7":"pa_marchio-inox-forniture","8":"pa_prodotto-avec-5-lisses","9":"pa_prodotto-avec-6-lisses","10":"pa_prodotto-avec-8-lisses","12":"first","13":"instock","14":"taxable","15":"shipping-taxable","16":"purchasable","17":"product-type-variable"},"acf":[],"yoast_head":"<!-- This site is optimized with the Yoast SEO plugin v27.3 - https:\/\/yoast.com\/product\/yoast-seo-wordpress\/ -->\n<title>POTEAU AU SOL \u00d8 33,7 POUR LISSES AISI 304 BROSS\u00c9E FILETAGE M8 - Inox Forniture<\/title>\n<meta name=\"robots\" content=\"index, follow, max-snippet:-1, max-image-preview:large, max-video-preview:-1\" \/>\n<link rel=\"canonical\" href=\"https:\/\/www.inoxforniture.it\/fr\/poteau-au-sol-o-337-pour-lisses-aisi-304-brossee-filetage-m8\/\" \/>\n<meta property=\"og:locale\" content=\"fr_FR\" \/>\n<meta property=\"og:type\" content=\"article\" \/>\n<meta property=\"og:title\" content=\"POTEAU AU SOL \u00d8 33,7 POUR LISSES AISI 304 BROSS\u00c9E FILETAGE M8 - Inox Forniture\" \/>\n<meta property=\"og:description\" content=\"La base de ce poteau est ferm\u00e9e et filet\u00e9e. Il est g\u00e9n\u00e9ralement utilis\u00e9 sur des marches en bois dans les escaliers int\u00e9rieurs. L&#039;articulation du support de main courante et celles des supports de lisses facilitent l&#039;installation sur les escaliers.\" \/>\n<meta property=\"og:url\" content=\"https:\/\/www.inoxforniture.it\/fr\/poteau-au-sol-o-337-pour-lisses-aisi-304-brossee-filetage-m8\/\" \/>\n<meta property=\"og:site_name\" content=\"Inox Forniture\" \/>\n<meta property=\"article:publisher\" content=\"https:\/\/www.facebook.com\/Inox.Forniture\" \/>\n<meta property=\"article:modified_time\" content=\"2026-01-23T17:36:00+00:00\" \/>\n<meta property=\"og:image\" content=\"https:\/\/www.inoxforniture.it\/wp-content\/uploads\/2014\/10\/p110104_2.jpg\" \/>\n\t<meta property=\"og:image:width\" content=\"1000\" \/>\n\t<meta property=\"og:image:height\" content=\"1000\" \/>\n\t<meta property=\"og:image:type\" content=\"image\/jpeg\" \/>\n<meta name=\"twitter:card\" content=\"summary_large_image\" \/>\n<meta name=\"twitter:site\" content=\"@InoxForniture\" \/>\n<script type=\"application\/ld+json\" class=\"yoast-schema-graph\">{\"@context\":\"https:\\\/\\\/schema.org\",\"@graph\":[{\"@type\":\"WebPage\",\"@id\":\"https:\\\/\\\/www.inoxforniture.it\\\/fr\\\/poteau-au-sol-o-337-pour-lisses-aisi-304-brossee-filetage-m8\\\/\",\"url\":\"https:\\\/\\\/www.inoxforniture.it\\\/fr\\\/poteau-au-sol-o-337-pour-lisses-aisi-304-brossee-filetage-m8\\\/\",\"name\":\"POTEAU AU SOL \u00d8 33,7 POUR LISSES AISI 304 BROSS\u00c9E FILETAGE M8 - Inox Forniture\",\"isPartOf\":{\"@id\":\"https:\\\/\\\/www.inoxforniture.it\\\/#website\"},\"primaryImageOfPage\":{\"@id\":\"https:\\\/\\\/www.inoxforniture.it\\\/fr\\\/poteau-au-sol-o-337-pour-lisses-aisi-304-brossee-filetage-m8\\\/#primaryimage\"},\"image\":{\"@id\":\"https:\\\/\\\/www.inoxforniture.it\\\/fr\\\/poteau-au-sol-o-337-pour-lisses-aisi-304-brossee-filetage-m8\\\/#primaryimage\"},\"thumbnailUrl\":\"https:\\\/\\\/www.inoxforniture.it\\\/wp-content\\\/uploads\\\/2014\\\/10\\\/p110104_2.jpg\",\"datePublished\":\"2014-10-28T06:22:02+00:00\",\"dateModified\":\"2026-01-23T17:36:00+00:00\",\"breadcrumb\":{\"@id\":\"https:\\\/\\\/www.inoxforniture.it\\\/fr\\\/poteau-au-sol-o-337-pour-lisses-aisi-304-brossee-filetage-m8\\\/#breadcrumb\"},\"inLanguage\":\"fr-FR\",\"potentialAction\":[{\"@type\":\"ReadAction\",\"target\":[\"https:\\\/\\\/www.inoxforniture.it\\\/fr\\\/poteau-au-sol-o-337-pour-lisses-aisi-304-brossee-filetage-m8\\\/\"]}]},{\"@type\":\"ImageObject\",\"inLanguage\":\"fr-FR\",\"@id\":\"https:\\\/\\\/www.inoxforniture.it\\\/fr\\\/poteau-au-sol-o-337-pour-lisses-aisi-304-brossee-filetage-m8\\\/#primaryimage\",\"url\":\"https:\\\/\\\/www.inoxforniture.it\\\/wp-content\\\/uploads\\\/2014\\\/10\\\/p110104_2.jpg\",\"contentUrl\":\"https:\\\/\\\/www.inoxforniture.it\\\/wp-content\\\/uploads\\\/2014\\\/10\\\/p110104_2.jpg\",\"width\":1000,\"height\":1000,\"caption\":\"POTEAU AU SOL \u00d8 33,7 POUR LISSES AISI 304 BROSS\u00c9E FILETAGE M8 -0\"},{\"@type\":\"BreadcrumbList\",\"@id\":\"https:\\\/\\\/www.inoxforniture.it\\\/fr\\\/poteau-au-sol-o-337-pour-lisses-aisi-304-brossee-filetage-m8\\\/#breadcrumb\",\"itemListElement\":[{\"@type\":\"ListItem\",\"position\":1,\"name\":\"Accueil\",\"item\":\"https:\\\/\\\/www.inoxforniture.it\\\/\"},{\"@type\":\"ListItem\",\"position\":2,\"name\":\"Boutique\",\"item\":\"https:\\\/\\\/www.inoxforniture.it\\\/fr\\\/boutique\\\/\"},{\"@type\":\"ListItem\",\"position\":3,\"name\":\"Syst\u00e8mes pour garde-corps et balustrades\",\"item\":\"https:\\\/\\\/www.inoxforniture.it\\\/fr\\\/systemes-pour-garde-corps-et-balustrades\\\/\"},{\"@type\":\"ListItem\",\"position\":4,\"name\":\"Poteaux pr\u00eats\",\"item\":\"https:\\\/\\\/www.inoxforniture.it\\\/fr\\\/poteaux-prets\\\/\"},{\"@type\":\"ListItem\",\"position\":5,\"name\":\"POTEAU AU SOL \u00d8 33,7 POUR LISSES AISI 304 BROSS\u00c9E FILETAGE M8\"}]},{\"@type\":\"WebSite\",\"@id\":\"https:\\\/\\\/www.inoxforniture.it\\\/#website\",\"url\":\"https:\\\/\\\/www.inoxforniture.it\\\/\",\"name\":\"Inox Forniture\",\"description\":\"\",\"publisher\":{\"@id\":\"https:\\\/\\\/www.inoxforniture.it\\\/#organization\"},\"potentialAction\":[{\"@type\":\"SearchAction\",\"target\":{\"@type\":\"EntryPoint\",\"urlTemplate\":\"https:\\\/\\\/www.inoxforniture.it\\\/?s={search_term_string}\"},\"query-input\":{\"@type\":\"PropertyValueSpecification\",\"valueRequired\":true,\"valueName\":\"search_term_string\"}}],\"inLanguage\":\"fr-FR\"},{\"@type\":\"Organization\",\"@id\":\"https:\\\/\\\/www.inoxforniture.it\\\/#organization\",\"name\":\"Inox Forniture srl\",\"url\":\"https:\\\/\\\/www.inoxforniture.it\\\/\",\"logo\":{\"@type\":\"ImageObject\",\"inLanguage\":\"fr-FR\",\"@id\":\"https:\\\/\\\/www.inoxforniture.it\\\/#\\\/schema\\\/logo\\\/image\\\/\",\"url\":\"https:\\\/\\\/www.inoxforniture.it\\\/wp-content\\\/uploads\\\/2021\\\/01\\\/logo_inox.png\",\"contentUrl\":\"https:\\\/\\\/www.inoxforniture.it\\\/wp-content\\\/uploads\\\/2021\\\/01\\\/logo_inox.png\",\"width\":230,\"height\":44,\"caption\":\"Inox Forniture srl\"},\"image\":{\"@id\":\"https:\\\/\\\/www.inoxforniture.it\\\/#\\\/schema\\\/logo\\\/image\\\/\"},\"sameAs\":[\"https:\\\/\\\/www.facebook.com\\\/Inox.Forniture\",\"https:\\\/\\\/x.com\\\/InoxForniture\"]}]}<\/script>\n<!-- \/ Yoast SEO plugin. -->","yoast_head_json":{"title":"POTEAU AU SOL \u00d8 33,7 POUR LISSES AISI 304 BROSS\u00c9E FILETAGE M8 - Inox Forniture","robots":{"index":"index","follow":"follow","max-snippet":"max-snippet:-1","max-image-preview":"max-image-preview:large","max-video-preview":"max-video-preview:-1"},"canonical":"https:\/\/www.inoxforniture.it\/fr\/poteau-au-sol-o-337-pour-lisses-aisi-304-brossee-filetage-m8\/","og_locale":"fr_FR","og_type":"article","og_title":"POTEAU AU SOL \u00d8 33,7 POUR LISSES AISI 304 BROSS\u00c9E FILETAGE M8 - Inox Forniture","og_description":"La base de ce poteau est ferm\u00e9e et filet\u00e9e. Il est g\u00e9n\u00e9ralement utilis\u00e9 sur des marches en bois dans les escaliers int\u00e9rieurs. L'articulation du support de main courante et celles des supports de lisses facilitent l'installation sur les escaliers.","og_url":"https:\/\/www.inoxforniture.it\/fr\/poteau-au-sol-o-337-pour-lisses-aisi-304-brossee-filetage-m8\/","og_site_name":"Inox Forniture","article_publisher":"https:\/\/www.facebook.com\/Inox.Forniture","article_modified_time":"2026-01-23T17:36:00+00:00","og_image":[{"width":1000,"height":1000,"url":"https:\/\/www.inoxforniture.it\/wp-content\/uploads\/2014\/10\/p110104_2.jpg","type":"image\/jpeg"}],"twitter_card":"summary_large_image","twitter_site":"@InoxForniture","schema":{"@context":"https:\/\/schema.org","@graph":[{"@type":"WebPage","@id":"https:\/\/www.inoxforniture.it\/fr\/poteau-au-sol-o-337-pour-lisses-aisi-304-brossee-filetage-m8\/","url":"https:\/\/www.inoxforniture.it\/fr\/poteau-au-sol-o-337-pour-lisses-aisi-304-brossee-filetage-m8\/","name":"POTEAU AU SOL \u00d8 33,7 POUR LISSES AISI 304 BROSS\u00c9E FILETAGE M8 - Inox Forniture","isPartOf":{"@id":"https:\/\/www.inoxforniture.it\/#website"},"primaryImageOfPage":{"@id":"https:\/\/www.inoxforniture.it\/fr\/poteau-au-sol-o-337-pour-lisses-aisi-304-brossee-filetage-m8\/#primaryimage"},"image":{"@id":"https:\/\/www.inoxforniture.it\/fr\/poteau-au-sol-o-337-pour-lisses-aisi-304-brossee-filetage-m8\/#primaryimage"},"thumbnailUrl":"https:\/\/www.inoxforniture.it\/wp-content\/uploads\/2014\/10\/p110104_2.jpg","datePublished":"2014-10-28T06:22:02+00:00","dateModified":"2026-01-23T17:36:00+00:00","breadcrumb":{"@id":"https:\/\/www.inoxforniture.it\/fr\/poteau-au-sol-o-337-pour-lisses-aisi-304-brossee-filetage-m8\/#breadcrumb"},"inLanguage":"fr-FR","potentialAction":[{"@type":"ReadAction","target":["https:\/\/www.inoxforniture.it\/fr\/poteau-au-sol-o-337-pour-lisses-aisi-304-brossee-filetage-m8\/"]}]},{"@type":"ImageObject","inLanguage":"fr-FR","@id":"https:\/\/www.inoxforniture.it\/fr\/poteau-au-sol-o-337-pour-lisses-aisi-304-brossee-filetage-m8\/#primaryimage","url":"https:\/\/www.inoxforniture.it\/wp-content\/uploads\/2014\/10\/p110104_2.jpg","contentUrl":"https:\/\/www.inoxforniture.it\/wp-content\/uploads\/2014\/10\/p110104_2.jpg","width":1000,"height":1000,"caption":"POTEAU AU SOL \u00d8 33,7 POUR LISSES AISI 304 BROSS\u00c9E FILETAGE M8 -0"},{"@type":"BreadcrumbList","@id":"https:\/\/www.inoxforniture.it\/fr\/poteau-au-sol-o-337-pour-lisses-aisi-304-brossee-filetage-m8\/#breadcrumb","itemListElement":[{"@type":"ListItem","position":1,"name":"Accueil","item":"https:\/\/www.inoxforniture.it\/"},{"@type":"ListItem","position":2,"name":"Boutique","item":"https:\/\/www.inoxforniture.it\/fr\/boutique\/"},{"@type":"ListItem","position":3,"name":"Syst\u00e8mes pour garde-corps et balustrades","item":"https:\/\/www.inoxforniture.it\/fr\/systemes-pour-garde-corps-et-balustrades\/"},{"@type":"ListItem","position":4,"name":"Poteaux pr\u00eats","item":"https:\/\/www.inoxforniture.it\/fr\/poteaux-prets\/"},{"@type":"ListItem","position":5,"name":"POTEAU AU SOL \u00d8 33,7 POUR LISSES AISI 304 BROSS\u00c9E FILETAGE M8"}]},{"@type":"WebSite","@id":"https:\/\/www.inoxforniture.it\/#website","url":"https:\/\/www.inoxforniture.it\/","name":"Inox Forniture","description":"","publisher":{"@id":"https:\/\/www.inoxforniture.it\/#organization"},"potentialAction":[{"@type":"SearchAction","target":{"@type":"EntryPoint","urlTemplate":"https:\/\/www.inoxforniture.it\/?s={search_term_string}"},"query-input":{"@type":"PropertyValueSpecification","valueRequired":true,"valueName":"search_term_string"}}],"inLanguage":"fr-FR"},{"@type":"Organization","@id":"https:\/\/www.inoxforniture.it\/#organization","name":"Inox Forniture srl","url":"https:\/\/www.inoxforniture.it\/","logo":{"@type":"ImageObject","inLanguage":"fr-FR","@id":"https:\/\/www.inoxforniture.it\/#\/schema\/logo\/image\/","url":"https:\/\/www.inoxforniture.it\/wp-content\/uploads\/2021\/01\/logo_inox.png","contentUrl":"https:\/\/www.inoxforniture.it\/wp-content\/uploads\/2021\/01\/logo_inox.png","width":230,"height":44,"caption":"Inox Forniture srl"},"image":{"@id":"https:\/\/www.inoxforniture.it\/#\/schema\/logo\/image\/"},"sameAs":["https:\/\/www.facebook.com\/Inox.Forniture","https:\/\/x.com\/InoxForniture"]}]}},"df_price":79,"df_sale_price":"","df_regular_price":79,"df_image_link":"https:\/\/www.inoxforniture.it\/wp-content\/uploads\/2014\/10\/p110104_2-300x300.jpg","tiered_pricing_type":"fixed","tiered_pricing_fixed_rules":[],"tiered_pricing_product_settings":{"layout":"default","base_unit_name":{"singular":null,"plural":null},"default_variation":null},"tiered_pricing_minimum_quantity":null,"tiered_pricing_roles_data":{"privato":{"product_id":62972,"role":"privato","pricing_type":"flat","regular_price":null,"sale_price":null,"discount":null,"discount_type":"sale_price","tiered_pricing_type":"fixed","percentage_rules":[],"fixed_rules":[],"minimum":null},"azienda":{"product_id":62972,"role":"azienda","pricing_type":"flat","regular_price":null,"sale_price":null,"discount":null,"discount_type":"sale_price","tiered_pricing_type":"fixed","percentage_rules":[],"fixed_rules":[],"minimum":null},"azienda_premium":{"product_id":62972,"role":"azienda_premium","pricing_type":"flat","regular_price":null,"sale_price":null,"discount":null,"discount_type":"sale_price","tiered_pricing_type":"fixed","percentage_rules":[],"fixed_rules":[],"minimum":null}},"tiered_pricing_percentage_rules":[],"tiered_pricing_maximum_quantity":null,"tiered_pricing_quantity_step":null,"_links":{"self":[{"href":"https:\/\/www.inoxforniture.it\/fr\/wp-json\/wp\/v2\/product\/62972","targetHints":{"allow":["GET"]}}],"collection":[{"href":"https:\/\/www.inoxforniture.it\/fr\/wp-json\/wp\/v2\/product"}],"about":[{"href":"https:\/\/www.inoxforniture.it\/fr\/wp-json\/wp\/v2\/types\/product"}],"wp:featuredmedia":[{"embeddable":true,"href":"https:\/\/www.inoxforniture.it\/fr\/wp-json\/wp\/v2\/media\/62973"}],"wp:attachment":[{"href":"https:\/\/www.inoxforniture.it\/fr\/wp-json\/wp\/v2\/media?parent=62972"}],"wp:term":[{"taxonomy":"product_brand","embeddable":true,"href":"https:\/\/www.inoxforniture.it\/fr\/wp-json\/wp\/v2\/product_brand?post=62972"},{"taxonomy":"product_cat","embeddable":true,"href":"https:\/\/www.inoxforniture.it\/fr\/wp-json\/wp\/v2\/product_cat?post=62972"},{"taxonomy":"product_tag","embeddable":true,"href":"https:\/\/www.inoxforniture.it\/fr\/wp-json\/wp\/v2\/product_tag?post=62972"}],"curies":[{"name":"wp","href":"https:\/\/api.w.org\/{rel}","templated":true}]}}