{"id":62957,"date":"2014-10-22T11:13:24","date_gmt":"2014-10-22T09:13:24","guid":{"rendered":"https:\/\/www.inoxforniture.it\/manchon-inox-aisi-316-filete-gaz\/"},"modified":"2026-01-23T18:35:57","modified_gmt":"2026-01-23T17:35:57","slug":"manchon-inox-aisi-316-filete-gaz","status":"publish","type":"product","link":"https:\/\/www.inoxforniture.it\/fr\/manchon-inox-aisi-316-filete-gaz\/","title":{"rendered":"MANCHON INOX AISI 316 FILET\u00c9 GAZ"},"content":{"rendered":"<p>&#8211; Raccord usin\u00e9 dans la masse filet\u00e9 gaz UNI 339<br \/>\n &#8211; Manchon \u00e0 souder UNI 339 &#8211; Raccord filet\u00e9 BSP UNI ISO 339<\/p>\n","protected":false},"excerpt":{"rendered":"<p>&#8211; Raccord usin\u00e9 dans la masse filet\u00e9 gaz UNI 339 &#8211; Manchon \u00e0 souder UNI 339 &#8211; Raccord filet\u00e9 BSP UNI ISO 339<\/p>\n<p><strong>CHOISISSEZ LA TAILLE DU FILETAGE CI-DESSOUS<\/strong><\/p>\n","protected":false},"featured_media":62958,"template":"","meta":{"_acf_changed":false},"product_brand":[],"product_cat":[4103],"product_tag":[],"class_list":{"0":"post-62957","1":"product","2":"type-product","3":"status-publish","4":"has-post-thumbnail","6":"product_cat-raccords-filetes-gaz","7":"pa_marchio-inox-forniture","8":"pa_prodotto-5298","9":"pa_prodotto-11-2","10":"pa_prodotto-11-4","11":"pa_prodotto-1-2","12":"pa_prodotto-1-4","13":"pa_prodotto-1-8","14":"pa_prodotto-5301","15":"pa_prodotto-21-2","16":"pa_prodotto-5303","17":"pa_prodotto-3-4","18":"pa_prodotto-3-8","19":"pa_prodotto-5341","21":"first","22":"instock","23":"taxable","24":"shipping-taxable","25":"purchasable","26":"product-type-variable"},"acf":[],"yoast_head":"<!-- This site is optimized with the Yoast SEO plugin v27.3 - https:\/\/yoast.com\/product\/yoast-seo-wordpress\/ -->\n<title>MANCHON INOX AISI 316 FILET\u00c9 GAZ<\/title>\n<meta name=\"description\" content=\"Disponibles en stock manchons inox aisi 316 avec filetage gaz externe de 1\/8 \u00e0 4&quot;.\" \/>\n<meta name=\"robots\" content=\"index, follow, max-snippet:-1, max-image-preview:large, max-video-preview:-1\" \/>\n<link rel=\"canonical\" href=\"https:\/\/www.inoxforniture.it\/fr\/manchon-inox-aisi-316-filete-gaz\/\" \/>\n<meta property=\"og:locale\" content=\"fr_FR\" \/>\n<meta property=\"og:type\" content=\"article\" \/>\n<meta property=\"og:title\" content=\"MANCHON INOX AISI 316 FILET\u00c9 GAZ\" \/>\n<meta property=\"og:description\" content=\"Disponibles en stock manchons inox aisi 316 avec filetage gaz externe de 1\/8 \u00e0 4&quot;.\" \/>\n<meta property=\"og:url\" content=\"https:\/\/www.inoxforniture.it\/fr\/manchon-inox-aisi-316-filete-gaz\/\" \/>\n<meta property=\"og:site_name\" content=\"Inox Forniture\" \/>\n<meta property=\"article:publisher\" content=\"https:\/\/www.facebook.com\/Inox.Forniture\" \/>\n<meta property=\"article:modified_time\" content=\"2026-01-23T17:35:57+00:00\" \/>\n<meta property=\"og:image\" content=\"https:\/\/www.inoxforniture.it\/wp-content\/uploads\/2014\/10\/6220000_1_1.jpg\" \/>\n\t<meta property=\"og:image:width\" content=\"480\" \/>\n\t<meta property=\"og:image:height\" content=\"480\" \/>\n\t<meta property=\"og:image:type\" content=\"image\/jpeg\" \/>\n<meta name=\"twitter:card\" content=\"summary_large_image\" \/>\n<meta name=\"twitter:site\" content=\"@InoxForniture\" \/>\n<script type=\"application\/ld+json\" class=\"yoast-schema-graph\">{\"@context\":\"https:\\\/\\\/schema.org\",\"@graph\":[{\"@type\":\"WebPage\",\"@id\":\"https:\\\/\\\/www.inoxforniture.it\\\/fr\\\/manchon-inox-aisi-316-filete-gaz\\\/\",\"url\":\"https:\\\/\\\/www.inoxforniture.it\\\/fr\\\/manchon-inox-aisi-316-filete-gaz\\\/\",\"name\":\"MANCHON INOX AISI 316 FILET\u00c9 GAZ\",\"isPartOf\":{\"@id\":\"https:\\\/\\\/www.inoxforniture.it\\\/#website\"},\"primaryImageOfPage\":{\"@id\":\"https:\\\/\\\/www.inoxforniture.it\\\/fr\\\/manchon-inox-aisi-316-filete-gaz\\\/#primaryimage\"},\"image\":{\"@id\":\"https:\\\/\\\/www.inoxforniture.it\\\/fr\\\/manchon-inox-aisi-316-filete-gaz\\\/#primaryimage\"},\"thumbnailUrl\":\"https:\\\/\\\/www.inoxforniture.it\\\/wp-content\\\/uploads\\\/2014\\\/10\\\/6220000_1_1.jpg\",\"datePublished\":\"2014-10-22T09:13:24+00:00\",\"dateModified\":\"2026-01-23T17:35:57+00:00\",\"description\":\"Disponibles en stock manchons inox aisi 316 avec filetage gaz externe de 1\\\/8 \u00e0 4\\\".\",\"breadcrumb\":{\"@id\":\"https:\\\/\\\/www.inoxforniture.it\\\/fr\\\/manchon-inox-aisi-316-filete-gaz\\\/#breadcrumb\"},\"inLanguage\":\"fr-FR\",\"potentialAction\":[{\"@type\":\"ReadAction\",\"target\":[\"https:\\\/\\\/www.inoxforniture.it\\\/fr\\\/manchon-inox-aisi-316-filete-gaz\\\/\"]}]},{\"@type\":\"ImageObject\",\"inLanguage\":\"fr-FR\",\"@id\":\"https:\\\/\\\/www.inoxforniture.it\\\/fr\\\/manchon-inox-aisi-316-filete-gaz\\\/#primaryimage\",\"url\":\"https:\\\/\\\/www.inoxforniture.it\\\/wp-content\\\/uploads\\\/2014\\\/10\\\/6220000_1_1.jpg\",\"contentUrl\":\"https:\\\/\\\/www.inoxforniture.it\\\/wp-content\\\/uploads\\\/2014\\\/10\\\/6220000_1_1.jpg\",\"width\":480,\"height\":480,\"caption\":\"MANCHON INOX AISI 316 FILET\u00c9 GAZ-0\"},{\"@type\":\"BreadcrumbList\",\"@id\":\"https:\\\/\\\/www.inoxforniture.it\\\/fr\\\/manchon-inox-aisi-316-filete-gaz\\\/#breadcrumb\",\"itemListElement\":[{\"@type\":\"ListItem\",\"position\":1,\"name\":\"Accueil\",\"item\":\"https:\\\/\\\/www.inoxforniture.it\\\/\"},{\"@type\":\"ListItem\",\"position\":2,\"name\":\"Boutique\",\"item\":\"https:\\\/\\\/www.inoxforniture.it\\\/fr\\\/boutique\\\/\"},{\"@type\":\"ListItem\",\"position\":3,\"name\":\"Mat\u00e9riaux pour installations\",\"item\":\"https:\\\/\\\/www.inoxforniture.it\\\/fr\\\/materiaux-pour-installations\\\/\"},{\"@type\":\"ListItem\",\"position\":4,\"name\":\"Raccorderia filettata gas\",\"item\":\"https:\\\/\\\/www.inoxforniture.it\\\/raccorderia-filettata-gas\\\/\"},{\"@type\":\"ListItem\",\"position\":5,\"name\":\"MANCHON INOX AISI 316 FILET\u00c9 GAZ\"}]},{\"@type\":\"WebSite\",\"@id\":\"https:\\\/\\\/www.inoxforniture.it\\\/#website\",\"url\":\"https:\\\/\\\/www.inoxforniture.it\\\/\",\"name\":\"Inox Forniture\",\"description\":\"\",\"publisher\":{\"@id\":\"https:\\\/\\\/www.inoxforniture.it\\\/#organization\"},\"potentialAction\":[{\"@type\":\"SearchAction\",\"target\":{\"@type\":\"EntryPoint\",\"urlTemplate\":\"https:\\\/\\\/www.inoxforniture.it\\\/?s={search_term_string}\"},\"query-input\":{\"@type\":\"PropertyValueSpecification\",\"valueRequired\":true,\"valueName\":\"search_term_string\"}}],\"inLanguage\":\"fr-FR\"},{\"@type\":\"Organization\",\"@id\":\"https:\\\/\\\/www.inoxforniture.it\\\/#organization\",\"name\":\"Inox Forniture srl\",\"url\":\"https:\\\/\\\/www.inoxforniture.it\\\/\",\"logo\":{\"@type\":\"ImageObject\",\"inLanguage\":\"fr-FR\",\"@id\":\"https:\\\/\\\/www.inoxforniture.it\\\/#\\\/schema\\\/logo\\\/image\\\/\",\"url\":\"https:\\\/\\\/www.inoxforniture.it\\\/wp-content\\\/uploads\\\/2021\\\/01\\\/logo_inox.png\",\"contentUrl\":\"https:\\\/\\\/www.inoxforniture.it\\\/wp-content\\\/uploads\\\/2021\\\/01\\\/logo_inox.png\",\"width\":230,\"height\":44,\"caption\":\"Inox Forniture srl\"},\"image\":{\"@id\":\"https:\\\/\\\/www.inoxforniture.it\\\/#\\\/schema\\\/logo\\\/image\\\/\"},\"sameAs\":[\"https:\\\/\\\/www.facebook.com\\\/Inox.Forniture\",\"https:\\\/\\\/x.com\\\/InoxForniture\"]}]}<\/script>\n<!-- \/ Yoast SEO plugin. -->","yoast_head_json":{"title":"MANCHON INOX AISI 316 FILET\u00c9 GAZ","description":"Disponibles en stock manchons inox aisi 316 avec filetage gaz externe de 1\/8 \u00e0 4\".","robots":{"index":"index","follow":"follow","max-snippet":"max-snippet:-1","max-image-preview":"max-image-preview:large","max-video-preview":"max-video-preview:-1"},"canonical":"https:\/\/www.inoxforniture.it\/fr\/manchon-inox-aisi-316-filete-gaz\/","og_locale":"fr_FR","og_type":"article","og_title":"MANCHON INOX AISI 316 FILET\u00c9 GAZ","og_description":"Disponibles en stock manchons inox aisi 316 avec filetage gaz externe de 1\/8 \u00e0 4\".","og_url":"https:\/\/www.inoxforniture.it\/fr\/manchon-inox-aisi-316-filete-gaz\/","og_site_name":"Inox Forniture","article_publisher":"https:\/\/www.facebook.com\/Inox.Forniture","article_modified_time":"2026-01-23T17:35:57+00:00","og_image":[{"width":480,"height":480,"url":"https:\/\/www.inoxforniture.it\/wp-content\/uploads\/2014\/10\/6220000_1_1.jpg","type":"image\/jpeg"}],"twitter_card":"summary_large_image","twitter_site":"@InoxForniture","schema":{"@context":"https:\/\/schema.org","@graph":[{"@type":"WebPage","@id":"https:\/\/www.inoxforniture.it\/fr\/manchon-inox-aisi-316-filete-gaz\/","url":"https:\/\/www.inoxforniture.it\/fr\/manchon-inox-aisi-316-filete-gaz\/","name":"MANCHON INOX AISI 316 FILET\u00c9 GAZ","isPartOf":{"@id":"https:\/\/www.inoxforniture.it\/#website"},"primaryImageOfPage":{"@id":"https:\/\/www.inoxforniture.it\/fr\/manchon-inox-aisi-316-filete-gaz\/#primaryimage"},"image":{"@id":"https:\/\/www.inoxforniture.it\/fr\/manchon-inox-aisi-316-filete-gaz\/#primaryimage"},"thumbnailUrl":"https:\/\/www.inoxforniture.it\/wp-content\/uploads\/2014\/10\/6220000_1_1.jpg","datePublished":"2014-10-22T09:13:24+00:00","dateModified":"2026-01-23T17:35:57+00:00","description":"Disponibles en stock manchons inox aisi 316 avec filetage gaz externe de 1\/8 \u00e0 4\".","breadcrumb":{"@id":"https:\/\/www.inoxforniture.it\/fr\/manchon-inox-aisi-316-filete-gaz\/#breadcrumb"},"inLanguage":"fr-FR","potentialAction":[{"@type":"ReadAction","target":["https:\/\/www.inoxforniture.it\/fr\/manchon-inox-aisi-316-filete-gaz\/"]}]},{"@type":"ImageObject","inLanguage":"fr-FR","@id":"https:\/\/www.inoxforniture.it\/fr\/manchon-inox-aisi-316-filete-gaz\/#primaryimage","url":"https:\/\/www.inoxforniture.it\/wp-content\/uploads\/2014\/10\/6220000_1_1.jpg","contentUrl":"https:\/\/www.inoxforniture.it\/wp-content\/uploads\/2014\/10\/6220000_1_1.jpg","width":480,"height":480,"caption":"MANCHON INOX AISI 316 FILET\u00c9 GAZ-0"},{"@type":"BreadcrumbList","@id":"https:\/\/www.inoxforniture.it\/fr\/manchon-inox-aisi-316-filete-gaz\/#breadcrumb","itemListElement":[{"@type":"ListItem","position":1,"name":"Accueil","item":"https:\/\/www.inoxforniture.it\/"},{"@type":"ListItem","position":2,"name":"Boutique","item":"https:\/\/www.inoxforniture.it\/fr\/boutique\/"},{"@type":"ListItem","position":3,"name":"Mat\u00e9riaux pour installations","item":"https:\/\/www.inoxforniture.it\/fr\/materiaux-pour-installations\/"},{"@type":"ListItem","position":4,"name":"Raccorderia filettata gas","item":"https:\/\/www.inoxforniture.it\/raccorderia-filettata-gas\/"},{"@type":"ListItem","position":5,"name":"MANCHON INOX AISI 316 FILET\u00c9 GAZ"}]},{"@type":"WebSite","@id":"https:\/\/www.inoxforniture.it\/#website","url":"https:\/\/www.inoxforniture.it\/","name":"Inox Forniture","description":"","publisher":{"@id":"https:\/\/www.inoxforniture.it\/#organization"},"potentialAction":[{"@type":"SearchAction","target":{"@type":"EntryPoint","urlTemplate":"https:\/\/www.inoxforniture.it\/?s={search_term_string}"},"query-input":{"@type":"PropertyValueSpecification","valueRequired":true,"valueName":"search_term_string"}}],"inLanguage":"fr-FR"},{"@type":"Organization","@id":"https:\/\/www.inoxforniture.it\/#organization","name":"Inox Forniture srl","url":"https:\/\/www.inoxforniture.it\/","logo":{"@type":"ImageObject","inLanguage":"fr-FR","@id":"https:\/\/www.inoxforniture.it\/#\/schema\/logo\/image\/","url":"https:\/\/www.inoxforniture.it\/wp-content\/uploads\/2021\/01\/logo_inox.png","contentUrl":"https:\/\/www.inoxforniture.it\/wp-content\/uploads\/2021\/01\/logo_inox.png","width":230,"height":44,"caption":"Inox Forniture srl"},"image":{"@id":"https:\/\/www.inoxforniture.it\/#\/schema\/logo\/image\/"},"sameAs":["https:\/\/www.facebook.com\/Inox.Forniture","https:\/\/x.com\/InoxForniture"]}]}},"df_price":0.88,"df_sale_price":"","df_regular_price":0.88,"df_image_link":"https:\/\/www.inoxforniture.it\/wp-content\/uploads\/2014\/10\/6220000_1_1-300x300.jpg","tiered_pricing_type":"fixed","tiered_pricing_fixed_rules":[],"tiered_pricing_product_settings":{"layout":"default","base_unit_name":{"singular":null,"plural":null},"default_variation":null},"tiered_pricing_minimum_quantity":null,"tiered_pricing_roles_data":{"privato":{"product_id":62957,"role":"privato","pricing_type":"flat","regular_price":null,"sale_price":null,"discount":null,"discount_type":"sale_price","tiered_pricing_type":"fixed","percentage_rules":[],"fixed_rules":[],"minimum":null},"azienda":{"product_id":62957,"role":"azienda","pricing_type":"flat","regular_price":null,"sale_price":null,"discount":null,"discount_type":"sale_price","tiered_pricing_type":"fixed","percentage_rules":[],"fixed_rules":[],"minimum":null},"azienda_premium":{"product_id":62957,"role":"azienda_premium","pricing_type":"flat","regular_price":null,"sale_price":null,"discount":null,"discount_type":"sale_price","tiered_pricing_type":"fixed","percentage_rules":[],"fixed_rules":[],"minimum":null}},"tiered_pricing_percentage_rules":[],"tiered_pricing_maximum_quantity":null,"tiered_pricing_quantity_step":null,"_links":{"self":[{"href":"https:\/\/www.inoxforniture.it\/fr\/wp-json\/wp\/v2\/product\/62957","targetHints":{"allow":["GET"]}}],"collection":[{"href":"https:\/\/www.inoxforniture.it\/fr\/wp-json\/wp\/v2\/product"}],"about":[{"href":"https:\/\/www.inoxforniture.it\/fr\/wp-json\/wp\/v2\/types\/product"}],"wp:featuredmedia":[{"embeddable":true,"href":"https:\/\/www.inoxforniture.it\/fr\/wp-json\/wp\/v2\/media\/62958"}],"wp:attachment":[{"href":"https:\/\/www.inoxforniture.it\/fr\/wp-json\/wp\/v2\/media?parent=62957"}],"wp:term":[{"taxonomy":"product_brand","embeddable":true,"href":"https:\/\/www.inoxforniture.it\/fr\/wp-json\/wp\/v2\/product_brand?post=62957"},{"taxonomy":"product_cat","embeddable":true,"href":"https:\/\/www.inoxforniture.it\/fr\/wp-json\/wp\/v2\/product_cat?post=62957"},{"taxonomy":"product_tag","embeddable":true,"href":"https:\/\/www.inoxforniture.it\/fr\/wp-json\/wp\/v2\/product_tag?post=62957"}],"curies":[{"name":"wp","href":"https:\/\/api.w.org\/{rel}","templated":true}]}}