{"id":62886,"date":"2014-11-04T11:20:44","date_gmt":"2014-11-04T10:20:44","guid":{"rendered":"https:\/\/www.inoxforniture.it\/barre-pleine-aisi-304-o10-brossee\/"},"modified":"2026-04-01T13:34:27","modified_gmt":"2026-04-01T11:34:27","slug":"barre-pleine-aisi-304-o10-brossee","status":"publish","type":"product","link":"https:\/\/www.inoxforniture.it\/fr\/barre-pleine-aisi-304-o10-brossee\/","title":{"rendered":"BARRE PLEINE AISI 304 \u00d810 BROSS\u00c9E"},"content":{"rendered":"<p>Cette barre bross\u00e9e s&rsquo;accorde parfaitement avec les accessoires pour garde-corps avec tige ronde que vous pouvez trouver \u00e0 ce <a href=\"https:\/\/www.inoxforniture.it\/fr\/accessoires-balustrades-avec-rond\/\">lien.<\/a><br \/>\nLa mesure du diam\u00e8tre de cette barre est particuli\u00e8rement indiqu\u00e9e pour les lisses des escaliers int\u00e9rieurs d&rsquo;appartement.<br \/>\nR\u00e9alis\u00e9e en acier inox AISI 304 bross\u00e9, c&rsquo;est un excellent mat\u00e9riau tant pour ses caract\u00e9ristiques m\u00e9caniques que pour son aspect de surface.<\/p>\n","protected":false},"excerpt":{"rendered":"<p>&#8211; Cette barre s&rsquo;accorde parfaitement avec les accessoires pour balustrades<br \/>\n&#8211; La mesure 10 est exprim\u00e9e en mm et se r\u00e9f\u00e8re au diam\u00e8tre<\/p>\n<p><strong>CHOISISSEZ LA LONGUEUR DE LA BARRE CI-DESSOUS<\/strong><br \/>\nUne fois le choix fait, le prix et la disponibilit\u00e9 seront visibles<\/p>\n","protected":false},"featured_media":62887,"template":"","meta":{"_acf_changed":false},"product_brand":[],"product_cat":[4123],"product_tag":[],"class_list":{"0":"post-62886","1":"product","2":"type-product","3":"status-publish","4":"has-post-thumbnail","6":"product_cat-tubes-et-barres-pour-systeme-garde-corps","7":"pa_marchio-inox-forniture","8":"pa_prodotto-longueur-10-m","9":"pa_prodotto-longueur-20-m","10":"pa_prodotto-longueur-30-m","11":"pa_prodotto-longueur-40-m","12":"pa_prodotto-longueur-50-m","13":"pa_prodotto-longueur-60-m","15":"first","16":"instock","17":"taxable","18":"shipping-taxable","19":"purchasable","20":"product-type-variable"},"acf":[],"yoast_head":"<!-- This site is optimized with the Yoast SEO plugin v27.3 - https:\/\/yoast.com\/product\/yoast-seo-wordpress\/ -->\n<title>Inox Forniture - BARRE PLEINE AISI 304 \u00d810 BROSS\u00c9E<\/title>\n<meta name=\"description\" content=\"Achetez en ligne barre inox bross\u00e9e AISI 304 \u00d810. Disponible en diff\u00e9rentes longueurs, elle s&#039;accorde parfaitement avec nos accessoires pour garde-corps\" \/>\n<meta name=\"robots\" content=\"index, follow, max-snippet:-1, max-image-preview:large, max-video-preview:-1\" \/>\n<link rel=\"canonical\" href=\"https:\/\/www.inoxforniture.it\/fr\/barre-pleine-aisi-304-o10-brossee\/\" \/>\n<meta property=\"og:locale\" content=\"fr_FR\" \/>\n<meta property=\"og:type\" content=\"article\" \/>\n<meta property=\"og:title\" content=\"Inox Forniture - BARRE PLEINE AISI 304 \u00d810 BROSS\u00c9E\" \/>\n<meta property=\"og:description\" content=\"Achetez en ligne barre inox bross\u00e9e AISI 304 \u00d810. Disponible en diff\u00e9rentes longueurs, elle s&#039;accorde parfaitement avec nos accessoires pour garde-corps\" \/>\n<meta property=\"og:url\" content=\"https:\/\/www.inoxforniture.it\/fr\/barre-pleine-aisi-304-o10-brossee\/\" \/>\n<meta property=\"og:site_name\" content=\"Inox Forniture\" \/>\n<meta property=\"article:publisher\" content=\"https:\/\/www.facebook.com\/Inox.Forniture\" \/>\n<meta property=\"article:modified_time\" content=\"2026-04-01T11:34:27+00:00\" \/>\n<meta property=\"og:image\" content=\"https:\/\/www.inoxforniture.it\/wp-content\/uploads\/2014\/11\/c110094_1.jpg\" \/>\n\t<meta property=\"og:image:width\" content=\"480\" \/>\n\t<meta property=\"og:image:height\" content=\"480\" \/>\n\t<meta property=\"og:image:type\" content=\"image\/jpeg\" \/>\n<meta name=\"twitter:card\" content=\"summary_large_image\" \/>\n<meta name=\"twitter:site\" content=\"@InoxForniture\" \/>\n<script type=\"application\/ld+json\" class=\"yoast-schema-graph\">{\"@context\":\"https:\\\/\\\/schema.org\",\"@graph\":[{\"@type\":\"WebPage\",\"@id\":\"https:\\\/\\\/www.inoxforniture.it\\\/fr\\\/barre-pleine-aisi-304-o10-brossee\\\/\",\"url\":\"https:\\\/\\\/www.inoxforniture.it\\\/fr\\\/barre-pleine-aisi-304-o10-brossee\\\/\",\"name\":\"Inox Forniture - BARRE PLEINE AISI 304 \u00d810 BROSS\u00c9E\",\"isPartOf\":{\"@id\":\"https:\\\/\\\/www.inoxforniture.it\\\/#website\"},\"primaryImageOfPage\":{\"@id\":\"https:\\\/\\\/www.inoxforniture.it\\\/fr\\\/barre-pleine-aisi-304-o10-brossee\\\/#primaryimage\"},\"image\":{\"@id\":\"https:\\\/\\\/www.inoxforniture.it\\\/fr\\\/barre-pleine-aisi-304-o10-brossee\\\/#primaryimage\"},\"thumbnailUrl\":\"https:\\\/\\\/www.inoxforniture.it\\\/wp-content\\\/uploads\\\/2014\\\/11\\\/c110094_1.jpg\",\"datePublished\":\"2014-11-04T10:20:44+00:00\",\"dateModified\":\"2026-04-01T11:34:27+00:00\",\"description\":\"Achetez en ligne barre inox bross\u00e9e AISI 304 \u00d810. Disponible en diff\u00e9rentes longueurs, elle s'accorde parfaitement avec nos accessoires pour garde-corps\",\"breadcrumb\":{\"@id\":\"https:\\\/\\\/www.inoxforniture.it\\\/fr\\\/barre-pleine-aisi-304-o10-brossee\\\/#breadcrumb\"},\"inLanguage\":\"fr-FR\",\"potentialAction\":[{\"@type\":\"ReadAction\",\"target\":[\"https:\\\/\\\/www.inoxforniture.it\\\/fr\\\/barre-pleine-aisi-304-o10-brossee\\\/\"]}]},{\"@type\":\"ImageObject\",\"inLanguage\":\"fr-FR\",\"@id\":\"https:\\\/\\\/www.inoxforniture.it\\\/fr\\\/barre-pleine-aisi-304-o10-brossee\\\/#primaryimage\",\"url\":\"https:\\\/\\\/www.inoxforniture.it\\\/wp-content\\\/uploads\\\/2014\\\/11\\\/c110094_1.jpg\",\"contentUrl\":\"https:\\\/\\\/www.inoxforniture.it\\\/wp-content\\\/uploads\\\/2014\\\/11\\\/c110094_1.jpg\",\"width\":480,\"height\":480,\"caption\":\"BARRE PLEINE AISI 304 \u00d810 BROSS\u00c9E-0\"},{\"@type\":\"BreadcrumbList\",\"@id\":\"https:\\\/\\\/www.inoxforniture.it\\\/fr\\\/barre-pleine-aisi-304-o10-brossee\\\/#breadcrumb\",\"itemListElement\":[{\"@type\":\"ListItem\",\"position\":1,\"name\":\"Accueil\",\"item\":\"https:\\\/\\\/www.inoxforniture.it\\\/\"},{\"@type\":\"ListItem\",\"position\":2,\"name\":\"Boutique\",\"item\":\"https:\\\/\\\/www.inoxforniture.it\\\/fr\\\/boutique\\\/\"},{\"@type\":\"ListItem\",\"position\":3,\"name\":\"Syst\u00e8mes pour garde-corps et balustrades\",\"item\":\"https:\\\/\\\/www.inoxforniture.it\\\/fr\\\/systemes-pour-garde-corps-et-balustrades\\\/\"},{\"@type\":\"ListItem\",\"position\":4,\"name\":\"Tubes et barres pour syst\u00e8me garde-corps\",\"item\":\"https:\\\/\\\/www.inoxforniture.it\\\/fr\\\/tubes-et-barres-pour-systeme-garde-corps\\\/\"},{\"@type\":\"ListItem\",\"position\":5,\"name\":\"BARRE PLEINE AISI 304 \u00d810 BROSS\u00c9E\"}]},{\"@type\":\"WebSite\",\"@id\":\"https:\\\/\\\/www.inoxforniture.it\\\/#website\",\"url\":\"https:\\\/\\\/www.inoxforniture.it\\\/\",\"name\":\"Inox Forniture\",\"description\":\"\",\"publisher\":{\"@id\":\"https:\\\/\\\/www.inoxforniture.it\\\/#organization\"},\"potentialAction\":[{\"@type\":\"SearchAction\",\"target\":{\"@type\":\"EntryPoint\",\"urlTemplate\":\"https:\\\/\\\/www.inoxforniture.it\\\/?s={search_term_string}\"},\"query-input\":{\"@type\":\"PropertyValueSpecification\",\"valueRequired\":true,\"valueName\":\"search_term_string\"}}],\"inLanguage\":\"fr-FR\"},{\"@type\":\"Organization\",\"@id\":\"https:\\\/\\\/www.inoxforniture.it\\\/#organization\",\"name\":\"Inox Forniture srl\",\"url\":\"https:\\\/\\\/www.inoxforniture.it\\\/\",\"logo\":{\"@type\":\"ImageObject\",\"inLanguage\":\"fr-FR\",\"@id\":\"https:\\\/\\\/www.inoxforniture.it\\\/#\\\/schema\\\/logo\\\/image\\\/\",\"url\":\"https:\\\/\\\/www.inoxforniture.it\\\/wp-content\\\/uploads\\\/2021\\\/01\\\/logo_inox.png\",\"contentUrl\":\"https:\\\/\\\/www.inoxforniture.it\\\/wp-content\\\/uploads\\\/2021\\\/01\\\/logo_inox.png\",\"width\":230,\"height\":44,\"caption\":\"Inox Forniture srl\"},\"image\":{\"@id\":\"https:\\\/\\\/www.inoxforniture.it\\\/#\\\/schema\\\/logo\\\/image\\\/\"},\"sameAs\":[\"https:\\\/\\\/www.facebook.com\\\/Inox.Forniture\",\"https:\\\/\\\/x.com\\\/InoxForniture\"]}]}<\/script>\n<!-- \/ Yoast SEO plugin. -->","yoast_head_json":{"title":"Inox Forniture - BARRE PLEINE AISI 304 \u00d810 BROSS\u00c9E","description":"Achetez en ligne barre inox bross\u00e9e AISI 304 \u00d810. Disponible en diff\u00e9rentes longueurs, elle s'accorde parfaitement avec nos accessoires pour garde-corps","robots":{"index":"index","follow":"follow","max-snippet":"max-snippet:-1","max-image-preview":"max-image-preview:large","max-video-preview":"max-video-preview:-1"},"canonical":"https:\/\/www.inoxforniture.it\/fr\/barre-pleine-aisi-304-o10-brossee\/","og_locale":"fr_FR","og_type":"article","og_title":"Inox Forniture - BARRE PLEINE AISI 304 \u00d810 BROSS\u00c9E","og_description":"Achetez en ligne barre inox bross\u00e9e AISI 304 \u00d810. Disponible en diff\u00e9rentes longueurs, elle s'accorde parfaitement avec nos accessoires pour garde-corps","og_url":"https:\/\/www.inoxforniture.it\/fr\/barre-pleine-aisi-304-o10-brossee\/","og_site_name":"Inox Forniture","article_publisher":"https:\/\/www.facebook.com\/Inox.Forniture","article_modified_time":"2026-04-01T11:34:27+00:00","og_image":[{"width":480,"height":480,"url":"https:\/\/www.inoxforniture.it\/wp-content\/uploads\/2014\/11\/c110094_1.jpg","type":"image\/jpeg"}],"twitter_card":"summary_large_image","twitter_site":"@InoxForniture","schema":{"@context":"https:\/\/schema.org","@graph":[{"@type":"WebPage","@id":"https:\/\/www.inoxforniture.it\/fr\/barre-pleine-aisi-304-o10-brossee\/","url":"https:\/\/www.inoxforniture.it\/fr\/barre-pleine-aisi-304-o10-brossee\/","name":"Inox Forniture - BARRE PLEINE AISI 304 \u00d810 BROSS\u00c9E","isPartOf":{"@id":"https:\/\/www.inoxforniture.it\/#website"},"primaryImageOfPage":{"@id":"https:\/\/www.inoxforniture.it\/fr\/barre-pleine-aisi-304-o10-brossee\/#primaryimage"},"image":{"@id":"https:\/\/www.inoxforniture.it\/fr\/barre-pleine-aisi-304-o10-brossee\/#primaryimage"},"thumbnailUrl":"https:\/\/www.inoxforniture.it\/wp-content\/uploads\/2014\/11\/c110094_1.jpg","datePublished":"2014-11-04T10:20:44+00:00","dateModified":"2026-04-01T11:34:27+00:00","description":"Achetez en ligne barre inox bross\u00e9e AISI 304 \u00d810. Disponible en diff\u00e9rentes longueurs, elle s'accorde parfaitement avec nos accessoires pour garde-corps","breadcrumb":{"@id":"https:\/\/www.inoxforniture.it\/fr\/barre-pleine-aisi-304-o10-brossee\/#breadcrumb"},"inLanguage":"fr-FR","potentialAction":[{"@type":"ReadAction","target":["https:\/\/www.inoxforniture.it\/fr\/barre-pleine-aisi-304-o10-brossee\/"]}]},{"@type":"ImageObject","inLanguage":"fr-FR","@id":"https:\/\/www.inoxforniture.it\/fr\/barre-pleine-aisi-304-o10-brossee\/#primaryimage","url":"https:\/\/www.inoxforniture.it\/wp-content\/uploads\/2014\/11\/c110094_1.jpg","contentUrl":"https:\/\/www.inoxforniture.it\/wp-content\/uploads\/2014\/11\/c110094_1.jpg","width":480,"height":480,"caption":"BARRE PLEINE AISI 304 \u00d810 BROSS\u00c9E-0"},{"@type":"BreadcrumbList","@id":"https:\/\/www.inoxforniture.it\/fr\/barre-pleine-aisi-304-o10-brossee\/#breadcrumb","itemListElement":[{"@type":"ListItem","position":1,"name":"Accueil","item":"https:\/\/www.inoxforniture.it\/"},{"@type":"ListItem","position":2,"name":"Boutique","item":"https:\/\/www.inoxforniture.it\/fr\/boutique\/"},{"@type":"ListItem","position":3,"name":"Syst\u00e8mes pour garde-corps et balustrades","item":"https:\/\/www.inoxforniture.it\/fr\/systemes-pour-garde-corps-et-balustrades\/"},{"@type":"ListItem","position":4,"name":"Tubes et barres pour syst\u00e8me garde-corps","item":"https:\/\/www.inoxforniture.it\/fr\/tubes-et-barres-pour-systeme-garde-corps\/"},{"@type":"ListItem","position":5,"name":"BARRE PLEINE AISI 304 \u00d810 BROSS\u00c9E"}]},{"@type":"WebSite","@id":"https:\/\/www.inoxforniture.it\/#website","url":"https:\/\/www.inoxforniture.it\/","name":"Inox Forniture","description":"","publisher":{"@id":"https:\/\/www.inoxforniture.it\/#organization"},"potentialAction":[{"@type":"SearchAction","target":{"@type":"EntryPoint","urlTemplate":"https:\/\/www.inoxforniture.it\/?s={search_term_string}"},"query-input":{"@type":"PropertyValueSpecification","valueRequired":true,"valueName":"search_term_string"}}],"inLanguage":"fr-FR"},{"@type":"Organization","@id":"https:\/\/www.inoxforniture.it\/#organization","name":"Inox Forniture srl","url":"https:\/\/www.inoxforniture.it\/","logo":{"@type":"ImageObject","inLanguage":"fr-FR","@id":"https:\/\/www.inoxforniture.it\/#\/schema\/logo\/image\/","url":"https:\/\/www.inoxforniture.it\/wp-content\/uploads\/2021\/01\/logo_inox.png","contentUrl":"https:\/\/www.inoxforniture.it\/wp-content\/uploads\/2021\/01\/logo_inox.png","width":230,"height":44,"caption":"Inox Forniture srl"},"image":{"@id":"https:\/\/www.inoxforniture.it\/#\/schema\/logo\/image\/"},"sameAs":["https:\/\/www.facebook.com\/Inox.Forniture","https:\/\/x.com\/InoxForniture"]}]}},"df_price":9.09,"df_sale_price":"","df_regular_price":9.09,"df_image_link":"https:\/\/www.inoxforniture.it\/wp-content\/uploads\/2014\/11\/c110094_1-300x300.jpg","tiered_pricing_type":"fixed","tiered_pricing_fixed_rules":[],"tiered_pricing_product_settings":{"layout":"default","base_unit_name":{"singular":null,"plural":null},"default_variation":null},"tiered_pricing_minimum_quantity":null,"tiered_pricing_roles_data":{"privato":{"product_id":62886,"role":"privato","pricing_type":"flat","regular_price":null,"sale_price":null,"discount":null,"discount_type":"sale_price","tiered_pricing_type":"fixed","percentage_rules":[],"fixed_rules":[],"minimum":null},"azienda":{"product_id":62886,"role":"azienda","pricing_type":"flat","regular_price":null,"sale_price":null,"discount":null,"discount_type":"sale_price","tiered_pricing_type":"fixed","percentage_rules":[],"fixed_rules":[],"minimum":null},"azienda_premium":{"product_id":62886,"role":"azienda_premium","pricing_type":"flat","regular_price":null,"sale_price":null,"discount":null,"discount_type":"sale_price","tiered_pricing_type":"fixed","percentage_rules":[],"fixed_rules":[],"minimum":null}},"tiered_pricing_percentage_rules":[],"tiered_pricing_maximum_quantity":null,"tiered_pricing_quantity_step":null,"_links":{"self":[{"href":"https:\/\/www.inoxforniture.it\/fr\/wp-json\/wp\/v2\/product\/62886","targetHints":{"allow":["GET"]}}],"collection":[{"href":"https:\/\/www.inoxforniture.it\/fr\/wp-json\/wp\/v2\/product"}],"about":[{"href":"https:\/\/www.inoxforniture.it\/fr\/wp-json\/wp\/v2\/types\/product"}],"wp:featuredmedia":[{"embeddable":true,"href":"https:\/\/www.inoxforniture.it\/fr\/wp-json\/wp\/v2\/media\/62887"}],"wp:attachment":[{"href":"https:\/\/www.inoxforniture.it\/fr\/wp-json\/wp\/v2\/media?parent=62886"}],"wp:term":[{"taxonomy":"product_brand","embeddable":true,"href":"https:\/\/www.inoxforniture.it\/fr\/wp-json\/wp\/v2\/product_brand?post=62886"},{"taxonomy":"product_cat","embeddable":true,"href":"https:\/\/www.inoxforniture.it\/fr\/wp-json\/wp\/v2\/product_cat?post=62886"},{"taxonomy":"product_tag","embeddable":true,"href":"https:\/\/www.inoxforniture.it\/fr\/wp-json\/wp\/v2\/product_tag?post=62886"}],"curies":[{"name":"wp","href":"https:\/\/api.w.org\/{rel}","templated":true}]}}