{"id":62792,"date":"2014-10-17T13:41:38","date_gmt":"2014-10-17T11:41:38","guid":{"rendered":"https:\/\/www.inoxforniture.it\/roue-blanche-platine-fixe-inox\/"},"modified":"2026-01-23T18:35:06","modified_gmt":"2026-01-23T17:35:06","slug":"roue-blanche-platine-fixe-inox","status":"publish","type":"product","link":"https:\/\/www.inoxforniture.it\/fr\/roue-blanche-platine-fixe-inox\/","title":{"rendered":"ROUE BLANCHE PLATINE FIXE INOX"},"content":{"rendered":"<p>Cette roue est fabriqu\u00e9e en polyamide 6 de premi\u00e8re qualit\u00e9, de couleur neutre, et offre une excellente r\u00e9sistance \u00e0 la corrosion. Elle est con\u00e7ue pour une utilisation polyvalente avec les caract\u00e9ristiques suivantes : <\/p>\n<ul>\n<li><strong>Mat\u00e9riau de la roue<\/strong> : Polyamide 6<\/li>\n<li><strong>Support<\/strong> : Inox AISI 304<\/li>\n<li><strong>Temp\u00e9rature d&rsquo;utilisation<\/strong> : De -20 \u00b0C \u00e0 80 \u00b0C<\/li>\n<li><strong>Vitesse maximale d&rsquo;utilisation<\/strong> : 4 km\/h<\/li>\n<li><strong>Diam\u00e8tres disponibles<\/strong> : \u00d8 80 mm, \u00d8 100 mm, \u00d8 125 mm, \u00d8 150 mm, \u00d8 200 mm<\/li>\n<li><strong>Roulement<\/strong> : Sur al\u00e9sage<\/li>\n<\/ul>\n<p>Cette roue est id\u00e9ale pour les applications n\u00e9cessitant robustesse et r\u00e9sistance en milieux corrosifs.<\/p>\n<p><img fetchpriority=\"high\" decoding=\"async\" class=\" size-full wp-image-5144\" title=\"Tableau des roues avec support inox platine fixe\" src=\"https:\/\/www.inoxforniture.it\/wp-content\/uploads\/2014\/10\/Tab_711PF00.jpg\" alt=\"Tableau dimensionnel et de charge des roues avec support inox et platine fixe\" width=\"750\" height=\"250\" srcset=\"https:\/\/www.inoxforniture.it\/wp-content\/uploads\/2014\/10\/Tab_711PF00.jpg 750w, https:\/\/www.inoxforniture.it\/wp-content\/uploads\/2014\/10\/Tab_711PF00-640x213.jpg 640w, https:\/\/www.inoxforniture.it\/wp-content\/uploads\/2014\/10\/Tab_711PF00-400x133.jpg 400w, https:\/\/www.inoxforniture.it\/wp-content\/uploads\/2014\/10\/Tab_711PF00-600x200.jpg 600w\" sizes=\"(max-width: 750px) 100vw, 750px\" \/><\/p>\n<p>&nbsp;<\/p>\n","protected":false},"excerpt":{"rendered":"<p>&#8211; Roue monolithique en polyamide 6, de premier choix, couleur neutre, r\u00e9sistante \u00e0 la corrosion.<br \/>\n&#8211; Roulement sur al\u00e9sage.<br \/>\n&#8211; Temp\u00e9rature d&rsquo;utilisation de -20\u00b0C \u00e0 80\u00b0C.<br \/>\n&#8211; Vitesse maximale d&rsquo;utilisation 4 km\/h.<br \/>\n&#8211; Support en Inox AISI 304.<\/p>\n","protected":false},"featured_media":62793,"template":"","meta":{"_acf_changed":false},"product_brand":[],"product_cat":[4106],"product_tag":[4351,5539,5540,4903,5538,5541,5545,5542,5543,5544],"class_list":{"0":"post-62792","1":"product","2":"type-product","3":"status-publish","4":"has-post-thumbnail","6":"product_cat-roues-avec-supports-inox","7":"product_tag-acier-inoxydable","8":"product_tag-platine-fixe","9":"product_tag-polyamide-6","10":"product_tag-resistante-a-la-corrosion","11":"product_tag-roue-blanche","12":"product_tag-roue-industrielle","13":"product_tag-roue-polyvalente","14":"product_tag-roue-pour-chariots","15":"product_tag-roue-pour-environnements-corrosifs","16":"product_tag-roue-robuste","17":"pa_marchio-inox-forniture","18":"pa_prodotto-diametre-roue-o-80-mm","19":"pa_prodotto-diametre-roue-o100-mm","20":"pa_prodotto-diametre-roue-o125-mm","21":"pa_prodotto-diametre-roue-o150-mm","22":"pa_prodotto-diametre-roue-o200-mm","24":"first","25":"instock","26":"taxable","27":"shipping-taxable","28":"purchasable","29":"product-type-variable"},"acf":[],"yoast_head":"<!-- This site is optimized with the Yoast SEO plugin v27.3 - https:\/\/yoast.com\/product\/yoast-seo-wordpress\/ -->\n<title>ROUE BLANCHE PLATINE FIXE INOX - Inox Forniture<\/title>\n<meta name=\"description\" content=\"D\u00e9couvrez la roue blanche avec platine fixe en inox, id\u00e9ale pour les environnements corrosifs. Disponible en diff\u00e9rents diam\u00e8tres, elle offre r\u00e9sistance et polyvalence.\" \/>\n<meta name=\"robots\" content=\"index, follow, max-snippet:-1, max-image-preview:large, max-video-preview:-1\" \/>\n<link rel=\"canonical\" href=\"https:\/\/www.inoxforniture.it\/fr\/roue-blanche-platine-fixe-inox\/\" \/>\n<meta property=\"og:locale\" content=\"fr_FR\" \/>\n<meta property=\"og:type\" content=\"article\" \/>\n<meta property=\"og:title\" content=\"ROUE BLANCHE PLATINE FIXE INOX - Inox Forniture\" \/>\n<meta property=\"og:description\" content=\"D\u00e9couvrez la roue blanche avec platine fixe en inox, id\u00e9ale pour les environnements corrosifs. Disponible en diff\u00e9rents diam\u00e8tres, elle offre r\u00e9sistance et polyvalence.\" \/>\n<meta property=\"og:url\" content=\"https:\/\/www.inoxforniture.it\/fr\/roue-blanche-platine-fixe-inox\/\" \/>\n<meta property=\"og:site_name\" content=\"Inox Forniture\" \/>\n<meta property=\"article:publisher\" content=\"https:\/\/www.facebook.com\/Inox.Forniture\" \/>\n<meta property=\"article:modified_time\" content=\"2026-01-23T17:35:06+00:00\" \/>\n<meta property=\"og:image\" content=\"https:\/\/www.inoxforniture.it\/wp-content\/uploads\/2014\/10\/711pf00_1.jpg\" \/>\n\t<meta property=\"og:image:width\" content=\"480\" \/>\n\t<meta property=\"og:image:height\" content=\"480\" \/>\n\t<meta property=\"og:image:type\" content=\"image\/jpeg\" \/>\n<meta name=\"twitter:card\" content=\"summary_large_image\" \/>\n<meta name=\"twitter:site\" content=\"@InoxForniture\" \/>\n<script type=\"application\/ld+json\" class=\"yoast-schema-graph\">{\"@context\":\"https:\\\/\\\/schema.org\",\"@graph\":[{\"@type\":\"WebPage\",\"@id\":\"https:\\\/\\\/www.inoxforniture.it\\\/fr\\\/roue-blanche-platine-fixe-inox\\\/\",\"url\":\"https:\\\/\\\/www.inoxforniture.it\\\/fr\\\/roue-blanche-platine-fixe-inox\\\/\",\"name\":\"ROUE BLANCHE PLATINE FIXE INOX - Inox Forniture\",\"isPartOf\":{\"@id\":\"https:\\\/\\\/www.inoxforniture.it\\\/#website\"},\"primaryImageOfPage\":{\"@id\":\"https:\\\/\\\/www.inoxforniture.it\\\/fr\\\/roue-blanche-platine-fixe-inox\\\/#primaryimage\"},\"image\":{\"@id\":\"https:\\\/\\\/www.inoxforniture.it\\\/fr\\\/roue-blanche-platine-fixe-inox\\\/#primaryimage\"},\"thumbnailUrl\":\"https:\\\/\\\/www.inoxforniture.it\\\/wp-content\\\/uploads\\\/2014\\\/10\\\/711pf00_1.jpg\",\"datePublished\":\"2014-10-17T11:41:38+00:00\",\"dateModified\":\"2026-01-23T17:35:06+00:00\",\"description\":\"D\u00e9couvrez la roue blanche avec platine fixe en inox, id\u00e9ale pour les environnements corrosifs. Disponible en diff\u00e9rents diam\u00e8tres, elle offre r\u00e9sistance et polyvalence.\",\"breadcrumb\":{\"@id\":\"https:\\\/\\\/www.inoxforniture.it\\\/fr\\\/roue-blanche-platine-fixe-inox\\\/#breadcrumb\"},\"inLanguage\":\"fr-FR\",\"potentialAction\":[{\"@type\":\"ReadAction\",\"target\":[\"https:\\\/\\\/www.inoxforniture.it\\\/fr\\\/roue-blanche-platine-fixe-inox\\\/\"]}]},{\"@type\":\"ImageObject\",\"inLanguage\":\"fr-FR\",\"@id\":\"https:\\\/\\\/www.inoxforniture.it\\\/fr\\\/roue-blanche-platine-fixe-inox\\\/#primaryimage\",\"url\":\"https:\\\/\\\/www.inoxforniture.it\\\/wp-content\\\/uploads\\\/2014\\\/10\\\/711pf00_1.jpg\",\"contentUrl\":\"https:\\\/\\\/www.inoxforniture.it\\\/wp-content\\\/uploads\\\/2014\\\/10\\\/711pf00_1.jpg\",\"width\":480,\"height\":480,\"caption\":\"ROUE BLANCHE PLATINE FIXE INOX-0\"},{\"@type\":\"BreadcrumbList\",\"@id\":\"https:\\\/\\\/www.inoxforniture.it\\\/fr\\\/roue-blanche-platine-fixe-inox\\\/#breadcrumb\",\"itemListElement\":[{\"@type\":\"ListItem\",\"position\":1,\"name\":\"Accueil\",\"item\":\"https:\\\/\\\/www.inoxforniture.it\\\/\"},{\"@type\":\"ListItem\",\"position\":2,\"name\":\"Boutique\",\"item\":\"https:\\\/\\\/www.inoxforniture.it\\\/fr\\\/boutique\\\/\"},{\"@type\":\"ListItem\",\"position\":3,\"name\":\"Quincaillerie inox\",\"item\":\"https:\\\/\\\/www.inoxforniture.it\\\/fr\\\/quincaillerie-inox\\\/\"},{\"@type\":\"ListItem\",\"position\":4,\"name\":\"Roues avec supports inox\",\"item\":\"https:\\\/\\\/www.inoxforniture.it\\\/fr\\\/roues-avec-supports-inox\\\/\"},{\"@type\":\"ListItem\",\"position\":5,\"name\":\"ROUE BLANCHE PLATINE FIXE INOX\"}]},{\"@type\":\"WebSite\",\"@id\":\"https:\\\/\\\/www.inoxforniture.it\\\/#website\",\"url\":\"https:\\\/\\\/www.inoxforniture.it\\\/\",\"name\":\"Inox Forniture\",\"description\":\"\",\"publisher\":{\"@id\":\"https:\\\/\\\/www.inoxforniture.it\\\/#organization\"},\"potentialAction\":[{\"@type\":\"SearchAction\",\"target\":{\"@type\":\"EntryPoint\",\"urlTemplate\":\"https:\\\/\\\/www.inoxforniture.it\\\/?s={search_term_string}\"},\"query-input\":{\"@type\":\"PropertyValueSpecification\",\"valueRequired\":true,\"valueName\":\"search_term_string\"}}],\"inLanguage\":\"fr-FR\"},{\"@type\":\"Organization\",\"@id\":\"https:\\\/\\\/www.inoxforniture.it\\\/#organization\",\"name\":\"Inox Forniture srl\",\"url\":\"https:\\\/\\\/www.inoxforniture.it\\\/\",\"logo\":{\"@type\":\"ImageObject\",\"inLanguage\":\"fr-FR\",\"@id\":\"https:\\\/\\\/www.inoxforniture.it\\\/#\\\/schema\\\/logo\\\/image\\\/\",\"url\":\"https:\\\/\\\/www.inoxforniture.it\\\/wp-content\\\/uploads\\\/2021\\\/01\\\/logo_inox.png\",\"contentUrl\":\"https:\\\/\\\/www.inoxforniture.it\\\/wp-content\\\/uploads\\\/2021\\\/01\\\/logo_inox.png\",\"width\":230,\"height\":44,\"caption\":\"Inox Forniture srl\"},\"image\":{\"@id\":\"https:\\\/\\\/www.inoxforniture.it\\\/#\\\/schema\\\/logo\\\/image\\\/\"},\"sameAs\":[\"https:\\\/\\\/www.facebook.com\\\/Inox.Forniture\",\"https:\\\/\\\/x.com\\\/InoxForniture\"]}]}<\/script>\n<!-- \/ Yoast SEO plugin. -->","yoast_head_json":{"title":"ROUE BLANCHE PLATINE FIXE INOX - Inox Forniture","description":"D\u00e9couvrez la roue blanche avec platine fixe en inox, id\u00e9ale pour les environnements corrosifs. Disponible en diff\u00e9rents diam\u00e8tres, elle offre r\u00e9sistance et polyvalence.","robots":{"index":"index","follow":"follow","max-snippet":"max-snippet:-1","max-image-preview":"max-image-preview:large","max-video-preview":"max-video-preview:-1"},"canonical":"https:\/\/www.inoxforniture.it\/fr\/roue-blanche-platine-fixe-inox\/","og_locale":"fr_FR","og_type":"article","og_title":"ROUE BLANCHE PLATINE FIXE INOX - Inox Forniture","og_description":"D\u00e9couvrez la roue blanche avec platine fixe en inox, id\u00e9ale pour les environnements corrosifs. Disponible en diff\u00e9rents diam\u00e8tres, elle offre r\u00e9sistance et polyvalence.","og_url":"https:\/\/www.inoxforniture.it\/fr\/roue-blanche-platine-fixe-inox\/","og_site_name":"Inox Forniture","article_publisher":"https:\/\/www.facebook.com\/Inox.Forniture","article_modified_time":"2026-01-23T17:35:06+00:00","og_image":[{"width":480,"height":480,"url":"https:\/\/www.inoxforniture.it\/wp-content\/uploads\/2014\/10\/711pf00_1.jpg","type":"image\/jpeg"}],"twitter_card":"summary_large_image","twitter_site":"@InoxForniture","schema":{"@context":"https:\/\/schema.org","@graph":[{"@type":"WebPage","@id":"https:\/\/www.inoxforniture.it\/fr\/roue-blanche-platine-fixe-inox\/","url":"https:\/\/www.inoxforniture.it\/fr\/roue-blanche-platine-fixe-inox\/","name":"ROUE BLANCHE PLATINE FIXE INOX - Inox Forniture","isPartOf":{"@id":"https:\/\/www.inoxforniture.it\/#website"},"primaryImageOfPage":{"@id":"https:\/\/www.inoxforniture.it\/fr\/roue-blanche-platine-fixe-inox\/#primaryimage"},"image":{"@id":"https:\/\/www.inoxforniture.it\/fr\/roue-blanche-platine-fixe-inox\/#primaryimage"},"thumbnailUrl":"https:\/\/www.inoxforniture.it\/wp-content\/uploads\/2014\/10\/711pf00_1.jpg","datePublished":"2014-10-17T11:41:38+00:00","dateModified":"2026-01-23T17:35:06+00:00","description":"D\u00e9couvrez la roue blanche avec platine fixe en inox, id\u00e9ale pour les environnements corrosifs. Disponible en diff\u00e9rents diam\u00e8tres, elle offre r\u00e9sistance et polyvalence.","breadcrumb":{"@id":"https:\/\/www.inoxforniture.it\/fr\/roue-blanche-platine-fixe-inox\/#breadcrumb"},"inLanguage":"fr-FR","potentialAction":[{"@type":"ReadAction","target":["https:\/\/www.inoxforniture.it\/fr\/roue-blanche-platine-fixe-inox\/"]}]},{"@type":"ImageObject","inLanguage":"fr-FR","@id":"https:\/\/www.inoxforniture.it\/fr\/roue-blanche-platine-fixe-inox\/#primaryimage","url":"https:\/\/www.inoxforniture.it\/wp-content\/uploads\/2014\/10\/711pf00_1.jpg","contentUrl":"https:\/\/www.inoxforniture.it\/wp-content\/uploads\/2014\/10\/711pf00_1.jpg","width":480,"height":480,"caption":"ROUE BLANCHE PLATINE FIXE INOX-0"},{"@type":"BreadcrumbList","@id":"https:\/\/www.inoxforniture.it\/fr\/roue-blanche-platine-fixe-inox\/#breadcrumb","itemListElement":[{"@type":"ListItem","position":1,"name":"Accueil","item":"https:\/\/www.inoxforniture.it\/"},{"@type":"ListItem","position":2,"name":"Boutique","item":"https:\/\/www.inoxforniture.it\/fr\/boutique\/"},{"@type":"ListItem","position":3,"name":"Quincaillerie inox","item":"https:\/\/www.inoxforniture.it\/fr\/quincaillerie-inox\/"},{"@type":"ListItem","position":4,"name":"Roues avec supports inox","item":"https:\/\/www.inoxforniture.it\/fr\/roues-avec-supports-inox\/"},{"@type":"ListItem","position":5,"name":"ROUE BLANCHE PLATINE FIXE INOX"}]},{"@type":"WebSite","@id":"https:\/\/www.inoxforniture.it\/#website","url":"https:\/\/www.inoxforniture.it\/","name":"Inox Forniture","description":"","publisher":{"@id":"https:\/\/www.inoxforniture.it\/#organization"},"potentialAction":[{"@type":"SearchAction","target":{"@type":"EntryPoint","urlTemplate":"https:\/\/www.inoxforniture.it\/?s={search_term_string}"},"query-input":{"@type":"PropertyValueSpecification","valueRequired":true,"valueName":"search_term_string"}}],"inLanguage":"fr-FR"},{"@type":"Organization","@id":"https:\/\/www.inoxforniture.it\/#organization","name":"Inox Forniture srl","url":"https:\/\/www.inoxforniture.it\/","logo":{"@type":"ImageObject","inLanguage":"fr-FR","@id":"https:\/\/www.inoxforniture.it\/#\/schema\/logo\/image\/","url":"https:\/\/www.inoxforniture.it\/wp-content\/uploads\/2021\/01\/logo_inox.png","contentUrl":"https:\/\/www.inoxforniture.it\/wp-content\/uploads\/2021\/01\/logo_inox.png","width":230,"height":44,"caption":"Inox Forniture srl"},"image":{"@id":"https:\/\/www.inoxforniture.it\/#\/schema\/logo\/image\/"},"sameAs":["https:\/\/www.facebook.com\/Inox.Forniture","https:\/\/x.com\/InoxForniture"]}]}},"df_price":11.26,"df_sale_price":"","df_regular_price":11.26,"df_image_link":"https:\/\/www.inoxforniture.it\/wp-content\/uploads\/2014\/10\/711pf00_1-300x300.jpg","tiered_pricing_type":"fixed","tiered_pricing_fixed_rules":[],"tiered_pricing_product_settings":{"layout":"default","base_unit_name":{"singular":null,"plural":null},"default_variation":null},"tiered_pricing_minimum_quantity":null,"tiered_pricing_roles_data":{"privato":{"product_id":62792,"role":"privato","pricing_type":"flat","regular_price":null,"sale_price":null,"discount":null,"discount_type":"sale_price","tiered_pricing_type":"fixed","percentage_rules":[],"fixed_rules":[],"minimum":null},"azienda":{"product_id":62792,"role":"azienda","pricing_type":"flat","regular_price":null,"sale_price":null,"discount":null,"discount_type":"sale_price","tiered_pricing_type":"fixed","percentage_rules":[],"fixed_rules":[],"minimum":null},"azienda_premium":{"product_id":62792,"role":"azienda_premium","pricing_type":"flat","regular_price":null,"sale_price":null,"discount":null,"discount_type":"sale_price","tiered_pricing_type":"fixed","percentage_rules":[],"fixed_rules":[],"minimum":null}},"tiered_pricing_percentage_rules":[],"tiered_pricing_maximum_quantity":null,"tiered_pricing_quantity_step":null,"_links":{"self":[{"href":"https:\/\/www.inoxforniture.it\/fr\/wp-json\/wp\/v2\/product\/62792","targetHints":{"allow":["GET"]}}],"collection":[{"href":"https:\/\/www.inoxforniture.it\/fr\/wp-json\/wp\/v2\/product"}],"about":[{"href":"https:\/\/www.inoxforniture.it\/fr\/wp-json\/wp\/v2\/types\/product"}],"wp:featuredmedia":[{"embeddable":true,"href":"https:\/\/www.inoxforniture.it\/fr\/wp-json\/wp\/v2\/media\/62793"}],"wp:attachment":[{"href":"https:\/\/www.inoxforniture.it\/fr\/wp-json\/wp\/v2\/media?parent=62792"}],"wp:term":[{"taxonomy":"product_brand","embeddable":true,"href":"https:\/\/www.inoxforniture.it\/fr\/wp-json\/wp\/v2\/product_brand?post=62792"},{"taxonomy":"product_cat","embeddable":true,"href":"https:\/\/www.inoxforniture.it\/fr\/wp-json\/wp\/v2\/product_cat?post=62792"},{"taxonomy":"product_tag","embeddable":true,"href":"https:\/\/www.inoxforniture.it\/fr\/wp-json\/wp\/v2\/product_tag?post=62792"}],"curies":[{"name":"wp","href":"https:\/\/api.w.org\/{rel}","templated":true}]}}