{"id":62762,"date":"2014-10-17T13:41:37","date_gmt":"2014-10-17T11:41:37","guid":{"rendered":"https:\/\/www.inoxforniture.it\/te-a-souder-inox-aisi-304\/"},"modified":"2026-01-23T18:34:50","modified_gmt":"2026-01-23T17:34:50","slug":"te-a-souder-inox-aisi-304","status":"publish","type":"product","link":"https:\/\/www.inoxforniture.it\/fr\/te-a-souder-inox-aisi-304\/","title":{"rendered":"T\u00c9 \u00c0 SOUDER INOX AISI 304"},"content":{"rendered":"<p>Le t\u00e9 \u00e0 souder en acier inox AISI 304 est un raccord de haute qualit\u00e9, id\u00e9al pour applications dans installations hydrauliques et industrielles. R\u00e9alis\u00e9 \u00e0 partir de tube \u00e9lectrosoud\u00e9 TIG, ce raccord garantit r\u00e9sistance et durabilit\u00e9 dans le temps. <\/p>\n<ul>\n<li><strong>Mat\u00e9riau<\/strong> : Acier Inoxydable AISI 304<\/li>\n<li><strong>Type de Connexion<\/strong> : Soudure bout \u00e0 bout<\/li>\n<li><strong>Diam\u00e8tre Ext\u00e9rieur Disponible<\/strong> : De 17,2 mm \u00e0 219,1 mm<\/li>\n<li><strong>\u00c9paisseur<\/strong> : 2,0 mm et 3,0 mm<\/li>\n<li><strong>Applications<\/strong> : Installations hydrauliques, industrielles, et autres applications n\u00e9cessitant une r\u00e9sistance \u00e0 la corrosion<\/li>\n<\/ul>\n<p>Ce t\u00e9 \u00e0 souder est con\u00e7u pour offrir une connexion fiable et durable, le rendant parfait pour environnements n\u00e9cessitant une r\u00e9sistance \u00e9lev\u00e9e \u00e0 la corrosion et une robustesse.<\/p>\n<p><img fetchpriority=\"high\" decoding=\"async\" class=\" size-full wp-image-4408\" src=\"https:\/\/www.inoxforniture.it\/wp-content\/uploads\/2014\/10\/Imm_6140000.jpg\" alt=\"\" width=\"750\" height=\"244\" srcset=\"https:\/\/www.inoxforniture.it\/wp-content\/uploads\/2014\/10\/Imm_6140000.jpg 750w, https:\/\/www.inoxforniture.it\/wp-content\/uploads\/2014\/10\/Imm_6140000-640x208.jpg 640w, https:\/\/www.inoxforniture.it\/wp-content\/uploads\/2014\/10\/Imm_6140000-400x130.jpg 400w, https:\/\/www.inoxforniture.it\/wp-content\/uploads\/2014\/10\/Imm_6140000-600x195.jpg 600w\" sizes=\"(max-width: 750px) 100vw, 750px\" \/><img decoding=\"async\" class=\" size-full wp-image-4409\" src=\"https:\/\/www.inoxforniture.it\/wp-content\/uploads\/2014\/10\/Tab_6140000.jpg\" alt=\"\" width=\"750\" height=\"602\" srcset=\"https:\/\/www.inoxforniture.it\/wp-content\/uploads\/2014\/10\/Tab_6140000.jpg 750w, https:\/\/www.inoxforniture.it\/wp-content\/uploads\/2014\/10\/Tab_6140000-640x514.jpg 640w, https:\/\/www.inoxforniture.it\/wp-content\/uploads\/2014\/10\/Tab_6140000-400x321.jpg 400w, https:\/\/www.inoxforniture.it\/wp-content\/uploads\/2014\/10\/Tab_6140000-600x482.jpg 600w\" sizes=\"(max-width: 750px) 100vw, 750px\" \/><\/p>\n","protected":false},"excerpt":{"rendered":"<p>&#8211; Raccord \u00e0 souder obtenu \u00e0 partir de tube \u00e9lectrosoud\u00e9 &#8211; Welding tee &#8211; Butt welding fitting<\/p>\n<p><strong>CHOISISSEZ DIAM\u00c8TRE EXT\u00c9RIEUR ET \u00c9PAISSEUR CI-DESSOUS<\/strong><\/p>\n","protected":false},"featured_media":62763,"template":"","meta":{"_acf_changed":false},"product_brand":[],"product_cat":[4101],"product_tag":[5340,5338,4940,5336,5337,5334,4903,5536,5535,5537,5335],"class_list":{"0":"post-62762","1":"product","2":"type-product","3":"status-publish","4":"has-post-thumbnail","6":"product_cat-raccords-a-souder","7":"product_tag-accessoires-hydrauliques","8":"product_tag-connexion-soudee","9":"product_tag-inox-aisi-304","10":"product_tag-installations-hydrauliques","11":"product_tag-installations-industrielles","12":"product_tag-raccord-a-souder","13":"product_tag-resistante-a-la-corrosion","14":"product_tag-te-a-souder","15":"product_tag-te-acier-inox","16":"product_tag-te-pour-canalisations","17":"product_tag-tube-en-acier-inoxydable","18":"pa_marchio-inox-forniture","19":"pa_prodotto-1016-x-20","20":"pa_prodotto-1016-x-30","21":"pa_prodotto-1143-x-20","22":"pa_prodotto-1143-x-30","23":"pa_prodotto-1397-x-20","24":"pa_prodotto-1397-x-30","25":"pa_prodotto-1683-x-20","26":"pa_prodotto-1683-x-30","27":"pa_prodotto-172-x-20","28":"pa_prodotto-213-x-20","29":"pa_prodotto-213-x-30","30":"pa_prodotto-2191-x-30","31":"pa_prodotto-269-x-20","32":"pa_prodotto-269-x-30","33":"pa_prodotto-337-x-20","34":"pa_prodotto-337-x-30","35":"pa_prodotto-424-x-20","36":"pa_prodotto-424-x-30","37":"pa_prodotto-483-x-20","38":"pa_prodotto-483-x-30","39":"pa_prodotto-603-x-20","40":"pa_prodotto-603-x-30","41":"pa_prodotto-761-x-20","42":"pa_prodotto-761-x-30","43":"pa_prodotto-889-x-20","44":"pa_prodotto-889-x-30","46":"first","47":"instock","48":"taxable","49":"shipping-taxable","50":"purchasable","51":"product-type-variable"},"acf":[],"yoast_head":"<!-- This site is optimized with the Yoast SEO plugin v27.3 - https:\/\/yoast.com\/product\/yoast-seo-wordpress\/ -->\n<title>T\u00c9 \u00c0 SOUDER INOX AISI 304<\/title>\n<meta name=\"description\" content=\"Achetez en ligne le t\u00e9 \u00e0 souder en acier inox AISI 304, r\u00e9sistant \u00e0 la corrosion et id\u00e9al pour installations hydrauliques et industrielles. Disponibles en stock\" \/>\n<meta name=\"robots\" content=\"index, follow, max-snippet:-1, max-image-preview:large, max-video-preview:-1\" \/>\n<link rel=\"canonical\" href=\"https:\/\/www.inoxforniture.it\/fr\/te-a-souder-inox-aisi-304\/\" \/>\n<meta property=\"og:locale\" content=\"fr_FR\" \/>\n<meta property=\"og:type\" content=\"article\" \/>\n<meta property=\"og:title\" content=\"T\u00c9 \u00c0 SOUDER INOX AISI 304\" \/>\n<meta property=\"og:description\" content=\"Achetez en ligne le t\u00e9 \u00e0 souder en acier inox AISI 304, r\u00e9sistant \u00e0 la corrosion et id\u00e9al pour installations hydrauliques et industrielles. Disponibles en stock\" \/>\n<meta property=\"og:url\" content=\"https:\/\/www.inoxforniture.it\/fr\/te-a-souder-inox-aisi-304\/\" \/>\n<meta property=\"og:site_name\" content=\"Inox Forniture\" \/>\n<meta property=\"article:publisher\" content=\"https:\/\/www.facebook.com\/Inox.Forniture\" \/>\n<meta property=\"article:modified_time\" content=\"2026-01-23T17:34:50+00:00\" \/>\n<meta property=\"og:image\" content=\"https:\/\/www.inoxforniture.it\/wp-content\/uploads\/2014\/10\/6140000_1_1.jpg\" \/>\n\t<meta property=\"og:image:width\" content=\"480\" \/>\n\t<meta property=\"og:image:height\" content=\"480\" \/>\n\t<meta property=\"og:image:type\" content=\"image\/jpeg\" \/>\n<meta name=\"twitter:card\" content=\"summary_large_image\" \/>\n<meta name=\"twitter:site\" content=\"@InoxForniture\" \/>\n<meta name=\"twitter:label1\" content=\"Dur\u00e9e de lecture estim\u00e9e\" \/>\n\t<meta name=\"twitter:data1\" content=\"1 minute\" \/>\n<script type=\"application\/ld+json\" class=\"yoast-schema-graph\">{\"@context\":\"https:\\\/\\\/schema.org\",\"@graph\":[{\"@type\":\"WebPage\",\"@id\":\"https:\\\/\\\/www.inoxforniture.it\\\/fr\\\/te-a-souder-inox-aisi-304\\\/\",\"url\":\"https:\\\/\\\/www.inoxforniture.it\\\/fr\\\/te-a-souder-inox-aisi-304\\\/\",\"name\":\"T\u00c9 \u00c0 SOUDER INOX AISI 304\",\"isPartOf\":{\"@id\":\"https:\\\/\\\/www.inoxforniture.it\\\/#website\"},\"primaryImageOfPage\":{\"@id\":\"https:\\\/\\\/www.inoxforniture.it\\\/fr\\\/te-a-souder-inox-aisi-304\\\/#primaryimage\"},\"image\":{\"@id\":\"https:\\\/\\\/www.inoxforniture.it\\\/fr\\\/te-a-souder-inox-aisi-304\\\/#primaryimage\"},\"thumbnailUrl\":\"https:\\\/\\\/www.inoxforniture.it\\\/wp-content\\\/uploads\\\/2014\\\/10\\\/6140000_1_1.jpg\",\"datePublished\":\"2014-10-17T11:41:37+00:00\",\"dateModified\":\"2026-01-23T17:34:50+00:00\",\"description\":\"Achetez en ligne le t\u00e9 \u00e0 souder en acier inox AISI 304, r\u00e9sistant \u00e0 la corrosion et id\u00e9al pour installations hydrauliques et industrielles. Disponibles en stock\",\"breadcrumb\":{\"@id\":\"https:\\\/\\\/www.inoxforniture.it\\\/fr\\\/te-a-souder-inox-aisi-304\\\/#breadcrumb\"},\"inLanguage\":\"fr-FR\",\"potentialAction\":[{\"@type\":\"ReadAction\",\"target\":[\"https:\\\/\\\/www.inoxforniture.it\\\/fr\\\/te-a-souder-inox-aisi-304\\\/\"]}]},{\"@type\":\"ImageObject\",\"inLanguage\":\"fr-FR\",\"@id\":\"https:\\\/\\\/www.inoxforniture.it\\\/fr\\\/te-a-souder-inox-aisi-304\\\/#primaryimage\",\"url\":\"https:\\\/\\\/www.inoxforniture.it\\\/wp-content\\\/uploads\\\/2014\\\/10\\\/6140000_1_1.jpg\",\"contentUrl\":\"https:\\\/\\\/www.inoxforniture.it\\\/wp-content\\\/uploads\\\/2014\\\/10\\\/6140000_1_1.jpg\",\"width\":480,\"height\":480,\"caption\":\"T\u00c9 \u00c0 SOUDER INOX AISI 304-0\"},{\"@type\":\"BreadcrumbList\",\"@id\":\"https:\\\/\\\/www.inoxforniture.it\\\/fr\\\/te-a-souder-inox-aisi-304\\\/#breadcrumb\",\"itemListElement\":[{\"@type\":\"ListItem\",\"position\":1,\"name\":\"Accueil\",\"item\":\"https:\\\/\\\/www.inoxforniture.it\\\/\"},{\"@type\":\"ListItem\",\"position\":2,\"name\":\"Boutique\",\"item\":\"https:\\\/\\\/www.inoxforniture.it\\\/fr\\\/boutique\\\/\"},{\"@type\":\"ListItem\",\"position\":3,\"name\":\"Mat\u00e9riaux pour installations\",\"item\":\"https:\\\/\\\/www.inoxforniture.it\\\/fr\\\/materiaux-pour-installations\\\/\"},{\"@type\":\"ListItem\",\"position\":4,\"name\":\"Raccords \u00e0 souder\",\"item\":\"https:\\\/\\\/www.inoxforniture.it\\\/fr\\\/raccords-a-souder\\\/\"},{\"@type\":\"ListItem\",\"position\":5,\"name\":\"T\u00c9 \u00c0 SOUDER INOX AISI 304\"}]},{\"@type\":\"WebSite\",\"@id\":\"https:\\\/\\\/www.inoxforniture.it\\\/#website\",\"url\":\"https:\\\/\\\/www.inoxforniture.it\\\/\",\"name\":\"Inox Forniture\",\"description\":\"\",\"publisher\":{\"@id\":\"https:\\\/\\\/www.inoxforniture.it\\\/#organization\"},\"potentialAction\":[{\"@type\":\"SearchAction\",\"target\":{\"@type\":\"EntryPoint\",\"urlTemplate\":\"https:\\\/\\\/www.inoxforniture.it\\\/?s={search_term_string}\"},\"query-input\":{\"@type\":\"PropertyValueSpecification\",\"valueRequired\":true,\"valueName\":\"search_term_string\"}}],\"inLanguage\":\"fr-FR\"},{\"@type\":\"Organization\",\"@id\":\"https:\\\/\\\/www.inoxforniture.it\\\/#organization\",\"name\":\"Inox Forniture srl\",\"url\":\"https:\\\/\\\/www.inoxforniture.it\\\/\",\"logo\":{\"@type\":\"ImageObject\",\"inLanguage\":\"fr-FR\",\"@id\":\"https:\\\/\\\/www.inoxforniture.it\\\/#\\\/schema\\\/logo\\\/image\\\/\",\"url\":\"https:\\\/\\\/www.inoxforniture.it\\\/wp-content\\\/uploads\\\/2021\\\/01\\\/logo_inox.png\",\"contentUrl\":\"https:\\\/\\\/www.inoxforniture.it\\\/wp-content\\\/uploads\\\/2021\\\/01\\\/logo_inox.png\",\"width\":230,\"height\":44,\"caption\":\"Inox Forniture srl\"},\"image\":{\"@id\":\"https:\\\/\\\/www.inoxforniture.it\\\/#\\\/schema\\\/logo\\\/image\\\/\"},\"sameAs\":[\"https:\\\/\\\/www.facebook.com\\\/Inox.Forniture\",\"https:\\\/\\\/x.com\\\/InoxForniture\"]}]}<\/script>\n<!-- \/ Yoast SEO plugin. -->","yoast_head_json":{"title":"T\u00c9 \u00c0 SOUDER INOX AISI 304","description":"Achetez en ligne le t\u00e9 \u00e0 souder en acier inox AISI 304, r\u00e9sistant \u00e0 la corrosion et id\u00e9al pour installations hydrauliques et industrielles. Disponibles en stock","robots":{"index":"index","follow":"follow","max-snippet":"max-snippet:-1","max-image-preview":"max-image-preview:large","max-video-preview":"max-video-preview:-1"},"canonical":"https:\/\/www.inoxforniture.it\/fr\/te-a-souder-inox-aisi-304\/","og_locale":"fr_FR","og_type":"article","og_title":"T\u00c9 \u00c0 SOUDER INOX AISI 304","og_description":"Achetez en ligne le t\u00e9 \u00e0 souder en acier inox AISI 304, r\u00e9sistant \u00e0 la corrosion et id\u00e9al pour installations hydrauliques et industrielles. Disponibles en stock","og_url":"https:\/\/www.inoxforniture.it\/fr\/te-a-souder-inox-aisi-304\/","og_site_name":"Inox Forniture","article_publisher":"https:\/\/www.facebook.com\/Inox.Forniture","article_modified_time":"2026-01-23T17:34:50+00:00","og_image":[{"width":480,"height":480,"url":"https:\/\/www.inoxforniture.it\/wp-content\/uploads\/2014\/10\/6140000_1_1.jpg","type":"image\/jpeg"}],"twitter_card":"summary_large_image","twitter_site":"@InoxForniture","twitter_misc":{"Dur\u00e9e de lecture estim\u00e9e":"1 minute"},"schema":{"@context":"https:\/\/schema.org","@graph":[{"@type":"WebPage","@id":"https:\/\/www.inoxforniture.it\/fr\/te-a-souder-inox-aisi-304\/","url":"https:\/\/www.inoxforniture.it\/fr\/te-a-souder-inox-aisi-304\/","name":"T\u00c9 \u00c0 SOUDER INOX AISI 304","isPartOf":{"@id":"https:\/\/www.inoxforniture.it\/#website"},"primaryImageOfPage":{"@id":"https:\/\/www.inoxforniture.it\/fr\/te-a-souder-inox-aisi-304\/#primaryimage"},"image":{"@id":"https:\/\/www.inoxforniture.it\/fr\/te-a-souder-inox-aisi-304\/#primaryimage"},"thumbnailUrl":"https:\/\/www.inoxforniture.it\/wp-content\/uploads\/2014\/10\/6140000_1_1.jpg","datePublished":"2014-10-17T11:41:37+00:00","dateModified":"2026-01-23T17:34:50+00:00","description":"Achetez en ligne le t\u00e9 \u00e0 souder en acier inox AISI 304, r\u00e9sistant \u00e0 la corrosion et id\u00e9al pour installations hydrauliques et industrielles. Disponibles en stock","breadcrumb":{"@id":"https:\/\/www.inoxforniture.it\/fr\/te-a-souder-inox-aisi-304\/#breadcrumb"},"inLanguage":"fr-FR","potentialAction":[{"@type":"ReadAction","target":["https:\/\/www.inoxforniture.it\/fr\/te-a-souder-inox-aisi-304\/"]}]},{"@type":"ImageObject","inLanguage":"fr-FR","@id":"https:\/\/www.inoxforniture.it\/fr\/te-a-souder-inox-aisi-304\/#primaryimage","url":"https:\/\/www.inoxforniture.it\/wp-content\/uploads\/2014\/10\/6140000_1_1.jpg","contentUrl":"https:\/\/www.inoxforniture.it\/wp-content\/uploads\/2014\/10\/6140000_1_1.jpg","width":480,"height":480,"caption":"T\u00c9 \u00c0 SOUDER INOX AISI 304-0"},{"@type":"BreadcrumbList","@id":"https:\/\/www.inoxforniture.it\/fr\/te-a-souder-inox-aisi-304\/#breadcrumb","itemListElement":[{"@type":"ListItem","position":1,"name":"Accueil","item":"https:\/\/www.inoxforniture.it\/"},{"@type":"ListItem","position":2,"name":"Boutique","item":"https:\/\/www.inoxforniture.it\/fr\/boutique\/"},{"@type":"ListItem","position":3,"name":"Mat\u00e9riaux pour installations","item":"https:\/\/www.inoxforniture.it\/fr\/materiaux-pour-installations\/"},{"@type":"ListItem","position":4,"name":"Raccords \u00e0 souder","item":"https:\/\/www.inoxforniture.it\/fr\/raccords-a-souder\/"},{"@type":"ListItem","position":5,"name":"T\u00c9 \u00c0 SOUDER INOX AISI 304"}]},{"@type":"WebSite","@id":"https:\/\/www.inoxforniture.it\/#website","url":"https:\/\/www.inoxforniture.it\/","name":"Inox Forniture","description":"","publisher":{"@id":"https:\/\/www.inoxforniture.it\/#organization"},"potentialAction":[{"@type":"SearchAction","target":{"@type":"EntryPoint","urlTemplate":"https:\/\/www.inoxforniture.it\/?s={search_term_string}"},"query-input":{"@type":"PropertyValueSpecification","valueRequired":true,"valueName":"search_term_string"}}],"inLanguage":"fr-FR"},{"@type":"Organization","@id":"https:\/\/www.inoxforniture.it\/#organization","name":"Inox Forniture srl","url":"https:\/\/www.inoxforniture.it\/","logo":{"@type":"ImageObject","inLanguage":"fr-FR","@id":"https:\/\/www.inoxforniture.it\/#\/schema\/logo\/image\/","url":"https:\/\/www.inoxforniture.it\/wp-content\/uploads\/2021\/01\/logo_inox.png","contentUrl":"https:\/\/www.inoxforniture.it\/wp-content\/uploads\/2021\/01\/logo_inox.png","width":230,"height":44,"caption":"Inox Forniture srl"},"image":{"@id":"https:\/\/www.inoxforniture.it\/#\/schema\/logo\/image\/"},"sameAs":["https:\/\/www.facebook.com\/Inox.Forniture","https:\/\/x.com\/InoxForniture"]}]}},"df_price":6.04,"df_sale_price":"","df_regular_price":6.04,"df_image_link":"https:\/\/www.inoxforniture.it\/wp-content\/uploads\/2014\/10\/6140000_1_1-300x300.jpg","tiered_pricing_type":"fixed","tiered_pricing_fixed_rules":[],"tiered_pricing_product_settings":{"layout":"default","base_unit_name":{"singular":null,"plural":null},"default_variation":null},"tiered_pricing_minimum_quantity":null,"tiered_pricing_roles_data":{"privato":{"product_id":62762,"role":"privato","pricing_type":"flat","regular_price":null,"sale_price":null,"discount":null,"discount_type":"sale_price","tiered_pricing_type":"fixed","percentage_rules":[],"fixed_rules":[],"minimum":null},"azienda":{"product_id":62762,"role":"azienda","pricing_type":"flat","regular_price":null,"sale_price":null,"discount":null,"discount_type":"sale_price","tiered_pricing_type":"fixed","percentage_rules":[],"fixed_rules":[],"minimum":null},"azienda_premium":{"product_id":62762,"role":"azienda_premium","pricing_type":"flat","regular_price":null,"sale_price":null,"discount":null,"discount_type":"sale_price","tiered_pricing_type":"fixed","percentage_rules":[],"fixed_rules":[],"minimum":null}},"tiered_pricing_percentage_rules":[],"tiered_pricing_maximum_quantity":null,"tiered_pricing_quantity_step":null,"_links":{"self":[{"href":"https:\/\/www.inoxforniture.it\/fr\/wp-json\/wp\/v2\/product\/62762","targetHints":{"allow":["GET"]}}],"collection":[{"href":"https:\/\/www.inoxforniture.it\/fr\/wp-json\/wp\/v2\/product"}],"about":[{"href":"https:\/\/www.inoxforniture.it\/fr\/wp-json\/wp\/v2\/types\/product"}],"wp:featuredmedia":[{"embeddable":true,"href":"https:\/\/www.inoxforniture.it\/fr\/wp-json\/wp\/v2\/media\/62763"}],"wp:attachment":[{"href":"https:\/\/www.inoxforniture.it\/fr\/wp-json\/wp\/v2\/media?parent=62762"}],"wp:term":[{"taxonomy":"product_brand","embeddable":true,"href":"https:\/\/www.inoxforniture.it\/fr\/wp-json\/wp\/v2\/product_brand?post=62762"},{"taxonomy":"product_cat","embeddable":true,"href":"https:\/\/www.inoxforniture.it\/fr\/wp-json\/wp\/v2\/product_cat?post=62762"},{"taxonomy":"product_tag","embeddable":true,"href":"https:\/\/www.inoxforniture.it\/fr\/wp-json\/wp\/v2\/product_tag?post=62762"}],"curies":[{"name":"wp","href":"https:\/\/api.w.org\/{rel}","templated":true}]}}