{"id":62734,"date":"2014-10-17T13:41:37","date_gmt":"2014-10-17T11:41:37","guid":{"rendered":"https:\/\/www.inoxforniture.it\/collets-a-souder-inox-aisi-304\/"},"modified":"2026-01-23T18:34:47","modified_gmt":"2026-01-23T17:34:47","slug":"collets-a-souder-inox-aisi-304","status":"publish","type":"product","link":"https:\/\/www.inoxforniture.it\/fr\/collets-a-souder-inox-aisi-304\/","title":{"rendered":"COLLETS \u00c0 SOUDER INOX AISI 304"},"content":{"rendered":"<p>Les collets \u00e0 souder en Inox AISI 304 sont des composants essentiels pour l&rsquo;installation de brides libres dans les syst\u00e8mes industriels et hydrauliques. Fabriqu\u00e9s \u00e0 partir de tube soud\u00e9 TIG, ces collets offrent une excellente r\u00e9sistance \u00e0 la corrosion et durabilit\u00e9. Disponibles en diff\u00e9rents diam\u00e8tres et \u00e9paisseurs.  <\/p>\n<p><strong>Caract\u00e9ristiques principales :<\/strong><\/p>\n<ul>\n<li><strong>Mat\u00e9riau :<\/strong> Inox AISI 304<\/li>\n<li><strong>Type :<\/strong> Collets \u00e0 souder<\/li>\n<li><strong>Diam\u00e8tres disponibles :<\/strong> De 21,3 mm \u00e0 219,0 mm<\/li>\n<li><strong>\u00c9paisseurs disponibles :<\/strong> 2,0 mm et 3,0 mm<\/li>\n<li><strong>Applications :<\/strong> Installations hydrauliques, industrielles et de process<\/li>\n<\/ul>\n<p><strong>Avantages :<\/strong><\/p>\n<ul>\n<li><strong>R\u00e9sistance \u00e0 la corrosion :<\/strong> Parfaits pour environnements agressifs<\/li>\n<li><strong>Durabilit\u00e9 :<\/strong> Longue dur\u00e9e de vie gr\u00e2ce \u00e0 la qualit\u00e9 de l&rsquo;acier inoxydable<\/li>\n<li><strong>Versatilit\u00e9 :<\/strong> Large gamme de dimensions pour diff\u00e9rents besoins<\/li>\n<\/ul>\n<p><img fetchpriority=\"high\" decoding=\"async\" class=\" size-full wp-image-4197\" src=\"https:\/\/www.inoxforniture.it\/wp-content\/uploads\/2014\/10\/Imm_6190000.jpg\" alt=\"\" width=\"750\" height=\"215\" srcset=\"https:\/\/www.inoxforniture.it\/wp-content\/uploads\/2014\/10\/Imm_6190000.jpg 750w, https:\/\/www.inoxforniture.it\/wp-content\/uploads\/2014\/10\/Imm_6190000-640x183.jpg 640w, https:\/\/www.inoxforniture.it\/wp-content\/uploads\/2014\/10\/Imm_6190000-400x115.jpg 400w, https:\/\/www.inoxforniture.it\/wp-content\/uploads\/2014\/10\/Imm_6190000-600x172.jpg 600w\" sizes=\"(max-width: 750px) 100vw, 750px\" \/><img decoding=\"async\" class=\" size-full wp-image-4198\" src=\"https:\/\/www.inoxforniture.it\/wp-content\/uploads\/2014\/10\/Tab_6190000.jpg\" alt=\"\" width=\"750\" height=\"684\" srcset=\"https:\/\/www.inoxforniture.it\/wp-content\/uploads\/2014\/10\/Tab_6190000.jpg 750w, https:\/\/www.inoxforniture.it\/wp-content\/uploads\/2014\/10\/Tab_6190000-640x584.jpg 640w, https:\/\/www.inoxforniture.it\/wp-content\/uploads\/2014\/10\/Tab_6190000-400x365.jpg 400w, https:\/\/www.inoxforniture.it\/wp-content\/uploads\/2014\/10\/Tab_6190000-600x547.jpg 600w\" sizes=\"(max-width: 750px) 100vw, 750px\" \/><\/p>\n","protected":false},"excerpt":{"rendered":"<p>&#8211; Raccord \u00e0 souder &#8211; Welding collars &#8211; Butt welding fittings<\/p>\n<p><strong>CHOISISSEZ DIAM\u00c8TRE ET \u00c9PAISSEUR CI-DESSOUS<\/strong><\/p>\n","protected":false},"featured_media":62735,"template":"","meta":{"_acf_changed":false},"product_brand":[],"product_cat":[4101],"product_tag":[5507,5508,5532,5528,5529,5530,5531,5512,5519,5534,5521,5533,5510,5514],"class_list":{"0":"post-62734","1":"product","2":"type-product","3":"status-publish","4":"has-post-thumbnail","6":"product_cat-raccords-a-souder","7":"product_tag-acierinox","8":"product_tag-aisi304","9":"product_tag-brides","10":"product_tag-collet-inox","11":"product_tag-collet-pour-bride-inox","12":"product_tag-collets-inox","13":"product_tag-colletsasouder","14":"product_tag-composantshydrauliques","15":"product_tag-durabilite","16":"product_tag-hautequalite","17":"product_tag-inoxfournitures","18":"product_tag-installationsindustrielles","19":"product_tag-raccordsinox","20":"product_tag-resistancecorrosion","21":"pa_marchio-inox-forniture","22":"pa_prodotto-1016-x-20","23":"pa_prodotto-1016-x-30","24":"pa_prodotto-1143-x-20","25":"pa_prodotto-1143-x-30","26":"pa_prodotto-1397-x-20","27":"pa_prodotto-1397-x-30","28":"pa_prodotto-1683-x-20","29":"pa_prodotto-1683-x-30","30":"pa_prodotto-213-x-20","31":"pa_prodotto-213-x-30","32":"pa_prodotto-269-x-20","33":"pa_prodotto-269-x-30","34":"pa_prodotto-337-x-20","35":"pa_prodotto-337-x-30","36":"pa_prodotto-424-x-20","37":"pa_prodotto-424-x-30","38":"pa_prodotto-483-x-20","39":"pa_prodotto-483-x-30","40":"pa_prodotto-603-x-20","41":"pa_prodotto-603-x-30","42":"pa_prodotto-761-x-20","43":"pa_prodotto-761-x-30","44":"pa_prodotto-889-x-20","45":"pa_prodotto-889-x-30","47":"first","48":"instock","49":"taxable","50":"shipping-taxable","51":"purchasable","52":"product-type-variable"},"acf":[],"yoast_head":"<!-- This site is optimized with the Yoast SEO plugin v27.3 - https:\/\/yoast.com\/product\/yoast-seo-wordpress\/ -->\n<title>COLLETS POUR BRIDES INOX AISI 304<\/title>\n<meta name=\"description\" content=\"Achetez en ligne des collets \u00e0 souder en Inox AISI 304 pour installations industrielles et hydrauliques. Haute qualit\u00e9 et r\u00e9sistance \u00e0 la corrosion. D\u00e9couvrez la gamme\" \/>\n<meta name=\"robots\" content=\"index, follow, max-snippet:-1, max-image-preview:large, max-video-preview:-1\" \/>\n<link rel=\"canonical\" href=\"https:\/\/www.inoxforniture.it\/fr\/collets-a-souder-inox-aisi-304\/\" \/>\n<meta property=\"og:locale\" content=\"fr_FR\" \/>\n<meta property=\"og:type\" content=\"article\" \/>\n<meta property=\"og:title\" content=\"COLLETS POUR BRIDES INOX AISI 304\" \/>\n<meta property=\"og:description\" content=\"Achetez en ligne des collets \u00e0 souder en Inox AISI 304 pour installations industrielles et hydrauliques. Haute qualit\u00e9 et r\u00e9sistance \u00e0 la corrosion. D\u00e9couvrez la gamme\" \/>\n<meta property=\"og:url\" content=\"https:\/\/www.inoxforniture.it\/fr\/collets-a-souder-inox-aisi-304\/\" \/>\n<meta property=\"og:site_name\" content=\"Inox Forniture\" \/>\n<meta property=\"article:publisher\" content=\"https:\/\/www.facebook.com\/Inox.Forniture\" \/>\n<meta property=\"article:modified_time\" content=\"2026-01-23T17:34:47+00:00\" \/>\n<meta property=\"og:image\" content=\"https:\/\/www.inoxforniture.it\/wp-content\/uploads\/2014\/10\/6190000_1.jpg\" \/>\n\t<meta property=\"og:image:width\" content=\"480\" \/>\n\t<meta property=\"og:image:height\" content=\"480\" \/>\n\t<meta property=\"og:image:type\" content=\"image\/jpeg\" \/>\n<meta name=\"twitter:card\" content=\"summary_large_image\" \/>\n<meta name=\"twitter:site\" content=\"@InoxForniture\" \/>\n<meta name=\"twitter:label1\" content=\"Dur\u00e9e de lecture estim\u00e9e\" \/>\n\t<meta name=\"twitter:data1\" content=\"1 minute\" \/>\n<script type=\"application\/ld+json\" class=\"yoast-schema-graph\">{\"@context\":\"https:\\\/\\\/schema.org\",\"@graph\":[{\"@type\":\"WebPage\",\"@id\":\"https:\\\/\\\/www.inoxforniture.it\\\/fr\\\/collets-a-souder-inox-aisi-304\\\/\",\"url\":\"https:\\\/\\\/www.inoxforniture.it\\\/fr\\\/collets-a-souder-inox-aisi-304\\\/\",\"name\":\"COLLETS POUR BRIDES INOX AISI 304\",\"isPartOf\":{\"@id\":\"https:\\\/\\\/www.inoxforniture.it\\\/#website\"},\"primaryImageOfPage\":{\"@id\":\"https:\\\/\\\/www.inoxforniture.it\\\/fr\\\/collets-a-souder-inox-aisi-304\\\/#primaryimage\"},\"image\":{\"@id\":\"https:\\\/\\\/www.inoxforniture.it\\\/fr\\\/collets-a-souder-inox-aisi-304\\\/#primaryimage\"},\"thumbnailUrl\":\"https:\\\/\\\/www.inoxforniture.it\\\/wp-content\\\/uploads\\\/2014\\\/10\\\/6190000_1.jpg\",\"datePublished\":\"2014-10-17T11:41:37+00:00\",\"dateModified\":\"2026-01-23T17:34:47+00:00\",\"description\":\"Achetez en ligne des collets \u00e0 souder en Inox AISI 304 pour installations industrielles et hydrauliques. Haute qualit\u00e9 et r\u00e9sistance \u00e0 la corrosion. D\u00e9couvrez la gamme\",\"breadcrumb\":{\"@id\":\"https:\\\/\\\/www.inoxforniture.it\\\/fr\\\/collets-a-souder-inox-aisi-304\\\/#breadcrumb\"},\"inLanguage\":\"fr-FR\",\"potentialAction\":[{\"@type\":\"ReadAction\",\"target\":[\"https:\\\/\\\/www.inoxforniture.it\\\/fr\\\/collets-a-souder-inox-aisi-304\\\/\"]}]},{\"@type\":\"ImageObject\",\"inLanguage\":\"fr-FR\",\"@id\":\"https:\\\/\\\/www.inoxforniture.it\\\/fr\\\/collets-a-souder-inox-aisi-304\\\/#primaryimage\",\"url\":\"https:\\\/\\\/www.inoxforniture.it\\\/wp-content\\\/uploads\\\/2014\\\/10\\\/6190000_1.jpg\",\"contentUrl\":\"https:\\\/\\\/www.inoxforniture.it\\\/wp-content\\\/uploads\\\/2014\\\/10\\\/6190000_1.jpg\",\"width\":480,\"height\":480,\"caption\":\"COLLETS \u00c0 SOUDER INOX AISI 304-0\"},{\"@type\":\"BreadcrumbList\",\"@id\":\"https:\\\/\\\/www.inoxforniture.it\\\/fr\\\/collets-a-souder-inox-aisi-304\\\/#breadcrumb\",\"itemListElement\":[{\"@type\":\"ListItem\",\"position\":1,\"name\":\"Accueil\",\"item\":\"https:\\\/\\\/www.inoxforniture.it\\\/\"},{\"@type\":\"ListItem\",\"position\":2,\"name\":\"Boutique\",\"item\":\"https:\\\/\\\/www.inoxforniture.it\\\/fr\\\/boutique\\\/\"},{\"@type\":\"ListItem\",\"position\":3,\"name\":\"Mat\u00e9riaux pour installations\",\"item\":\"https:\\\/\\\/www.inoxforniture.it\\\/fr\\\/materiaux-pour-installations\\\/\"},{\"@type\":\"ListItem\",\"position\":4,\"name\":\"Raccords \u00e0 souder\",\"item\":\"https:\\\/\\\/www.inoxforniture.it\\\/fr\\\/raccords-a-souder\\\/\"},{\"@type\":\"ListItem\",\"position\":5,\"name\":\"COLLETS \u00c0 SOUDER INOX AISI 304\"}]},{\"@type\":\"WebSite\",\"@id\":\"https:\\\/\\\/www.inoxforniture.it\\\/#website\",\"url\":\"https:\\\/\\\/www.inoxforniture.it\\\/\",\"name\":\"Inox Forniture\",\"description\":\"\",\"publisher\":{\"@id\":\"https:\\\/\\\/www.inoxforniture.it\\\/#organization\"},\"potentialAction\":[{\"@type\":\"SearchAction\",\"target\":{\"@type\":\"EntryPoint\",\"urlTemplate\":\"https:\\\/\\\/www.inoxforniture.it\\\/?s={search_term_string}\"},\"query-input\":{\"@type\":\"PropertyValueSpecification\",\"valueRequired\":true,\"valueName\":\"search_term_string\"}}],\"inLanguage\":\"fr-FR\"},{\"@type\":\"Organization\",\"@id\":\"https:\\\/\\\/www.inoxforniture.it\\\/#organization\",\"name\":\"Inox Forniture srl\",\"url\":\"https:\\\/\\\/www.inoxforniture.it\\\/\",\"logo\":{\"@type\":\"ImageObject\",\"inLanguage\":\"fr-FR\",\"@id\":\"https:\\\/\\\/www.inoxforniture.it\\\/#\\\/schema\\\/logo\\\/image\\\/\",\"url\":\"https:\\\/\\\/www.inoxforniture.it\\\/wp-content\\\/uploads\\\/2021\\\/01\\\/logo_inox.png\",\"contentUrl\":\"https:\\\/\\\/www.inoxforniture.it\\\/wp-content\\\/uploads\\\/2021\\\/01\\\/logo_inox.png\",\"width\":230,\"height\":44,\"caption\":\"Inox Forniture srl\"},\"image\":{\"@id\":\"https:\\\/\\\/www.inoxforniture.it\\\/#\\\/schema\\\/logo\\\/image\\\/\"},\"sameAs\":[\"https:\\\/\\\/www.facebook.com\\\/Inox.Forniture\",\"https:\\\/\\\/x.com\\\/InoxForniture\"]}]}<\/script>\n<!-- \/ Yoast SEO plugin. -->","yoast_head_json":{"title":"COLLETS POUR BRIDES INOX AISI 304","description":"Achetez en ligne des collets \u00e0 souder en Inox AISI 304 pour installations industrielles et hydrauliques. Haute qualit\u00e9 et r\u00e9sistance \u00e0 la corrosion. D\u00e9couvrez la gamme","robots":{"index":"index","follow":"follow","max-snippet":"max-snippet:-1","max-image-preview":"max-image-preview:large","max-video-preview":"max-video-preview:-1"},"canonical":"https:\/\/www.inoxforniture.it\/fr\/collets-a-souder-inox-aisi-304\/","og_locale":"fr_FR","og_type":"article","og_title":"COLLETS POUR BRIDES INOX AISI 304","og_description":"Achetez en ligne des collets \u00e0 souder en Inox AISI 304 pour installations industrielles et hydrauliques. Haute qualit\u00e9 et r\u00e9sistance \u00e0 la corrosion. D\u00e9couvrez la gamme","og_url":"https:\/\/www.inoxforniture.it\/fr\/collets-a-souder-inox-aisi-304\/","og_site_name":"Inox Forniture","article_publisher":"https:\/\/www.facebook.com\/Inox.Forniture","article_modified_time":"2026-01-23T17:34:47+00:00","og_image":[{"width":480,"height":480,"url":"https:\/\/www.inoxforniture.it\/wp-content\/uploads\/2014\/10\/6190000_1.jpg","type":"image\/jpeg"}],"twitter_card":"summary_large_image","twitter_site":"@InoxForniture","twitter_misc":{"Dur\u00e9e de lecture estim\u00e9e":"1 minute"},"schema":{"@context":"https:\/\/schema.org","@graph":[{"@type":"WebPage","@id":"https:\/\/www.inoxforniture.it\/fr\/collets-a-souder-inox-aisi-304\/","url":"https:\/\/www.inoxforniture.it\/fr\/collets-a-souder-inox-aisi-304\/","name":"COLLETS POUR BRIDES INOX AISI 304","isPartOf":{"@id":"https:\/\/www.inoxforniture.it\/#website"},"primaryImageOfPage":{"@id":"https:\/\/www.inoxforniture.it\/fr\/collets-a-souder-inox-aisi-304\/#primaryimage"},"image":{"@id":"https:\/\/www.inoxforniture.it\/fr\/collets-a-souder-inox-aisi-304\/#primaryimage"},"thumbnailUrl":"https:\/\/www.inoxforniture.it\/wp-content\/uploads\/2014\/10\/6190000_1.jpg","datePublished":"2014-10-17T11:41:37+00:00","dateModified":"2026-01-23T17:34:47+00:00","description":"Achetez en ligne des collets \u00e0 souder en Inox AISI 304 pour installations industrielles et hydrauliques. Haute qualit\u00e9 et r\u00e9sistance \u00e0 la corrosion. D\u00e9couvrez la gamme","breadcrumb":{"@id":"https:\/\/www.inoxforniture.it\/fr\/collets-a-souder-inox-aisi-304\/#breadcrumb"},"inLanguage":"fr-FR","potentialAction":[{"@type":"ReadAction","target":["https:\/\/www.inoxforniture.it\/fr\/collets-a-souder-inox-aisi-304\/"]}]},{"@type":"ImageObject","inLanguage":"fr-FR","@id":"https:\/\/www.inoxforniture.it\/fr\/collets-a-souder-inox-aisi-304\/#primaryimage","url":"https:\/\/www.inoxforniture.it\/wp-content\/uploads\/2014\/10\/6190000_1.jpg","contentUrl":"https:\/\/www.inoxforniture.it\/wp-content\/uploads\/2014\/10\/6190000_1.jpg","width":480,"height":480,"caption":"COLLETS \u00c0 SOUDER INOX AISI 304-0"},{"@type":"BreadcrumbList","@id":"https:\/\/www.inoxforniture.it\/fr\/collets-a-souder-inox-aisi-304\/#breadcrumb","itemListElement":[{"@type":"ListItem","position":1,"name":"Accueil","item":"https:\/\/www.inoxforniture.it\/"},{"@type":"ListItem","position":2,"name":"Boutique","item":"https:\/\/www.inoxforniture.it\/fr\/boutique\/"},{"@type":"ListItem","position":3,"name":"Mat\u00e9riaux pour installations","item":"https:\/\/www.inoxforniture.it\/fr\/materiaux-pour-installations\/"},{"@type":"ListItem","position":4,"name":"Raccords \u00e0 souder","item":"https:\/\/www.inoxforniture.it\/fr\/raccords-a-souder\/"},{"@type":"ListItem","position":5,"name":"COLLETS \u00c0 SOUDER INOX AISI 304"}]},{"@type":"WebSite","@id":"https:\/\/www.inoxforniture.it\/#website","url":"https:\/\/www.inoxforniture.it\/","name":"Inox Forniture","description":"","publisher":{"@id":"https:\/\/www.inoxforniture.it\/#organization"},"potentialAction":[{"@type":"SearchAction","target":{"@type":"EntryPoint","urlTemplate":"https:\/\/www.inoxforniture.it\/?s={search_term_string}"},"query-input":{"@type":"PropertyValueSpecification","valueRequired":true,"valueName":"search_term_string"}}],"inLanguage":"fr-FR"},{"@type":"Organization","@id":"https:\/\/www.inoxforniture.it\/#organization","name":"Inox Forniture srl","url":"https:\/\/www.inoxforniture.it\/","logo":{"@type":"ImageObject","inLanguage":"fr-FR","@id":"https:\/\/www.inoxforniture.it\/#\/schema\/logo\/image\/","url":"https:\/\/www.inoxforniture.it\/wp-content\/uploads\/2021\/01\/logo_inox.png","contentUrl":"https:\/\/www.inoxforniture.it\/wp-content\/uploads\/2021\/01\/logo_inox.png","width":230,"height":44,"caption":"Inox Forniture srl"},"image":{"@id":"https:\/\/www.inoxforniture.it\/#\/schema\/logo\/image\/"},"sameAs":["https:\/\/www.facebook.com\/Inox.Forniture","https:\/\/x.com\/InoxForniture"]}]}},"df_price":0.61,"df_sale_price":"","df_regular_price":0.61,"df_image_link":"https:\/\/www.inoxforniture.it\/wp-content\/uploads\/2014\/10\/6190000_1-300x300.jpg","tiered_pricing_type":"fixed","tiered_pricing_fixed_rules":[],"tiered_pricing_product_settings":{"layout":"default","base_unit_name":{"singular":null,"plural":null},"default_variation":null},"tiered_pricing_minimum_quantity":null,"tiered_pricing_roles_data":{"privato":{"product_id":62734,"role":"privato","pricing_type":"flat","regular_price":null,"sale_price":null,"discount":null,"discount_type":"sale_price","tiered_pricing_type":"fixed","percentage_rules":[],"fixed_rules":[],"minimum":null},"azienda":{"product_id":62734,"role":"azienda","pricing_type":"flat","regular_price":null,"sale_price":null,"discount":null,"discount_type":"sale_price","tiered_pricing_type":"fixed","percentage_rules":[],"fixed_rules":[],"minimum":null},"azienda_premium":{"product_id":62734,"role":"azienda_premium","pricing_type":"flat","regular_price":null,"sale_price":null,"discount":null,"discount_type":"sale_price","tiered_pricing_type":"fixed","percentage_rules":[],"fixed_rules":[],"minimum":null}},"tiered_pricing_percentage_rules":[],"tiered_pricing_maximum_quantity":null,"tiered_pricing_quantity_step":null,"_links":{"self":[{"href":"https:\/\/www.inoxforniture.it\/fr\/wp-json\/wp\/v2\/product\/62734","targetHints":{"allow":["GET"]}}],"collection":[{"href":"https:\/\/www.inoxforniture.it\/fr\/wp-json\/wp\/v2\/product"}],"about":[{"href":"https:\/\/www.inoxforniture.it\/fr\/wp-json\/wp\/v2\/types\/product"}],"wp:featuredmedia":[{"embeddable":true,"href":"https:\/\/www.inoxforniture.it\/fr\/wp-json\/wp\/v2\/media\/62735"}],"wp:attachment":[{"href":"https:\/\/www.inoxforniture.it\/fr\/wp-json\/wp\/v2\/media?parent=62734"}],"wp:term":[{"taxonomy":"product_brand","embeddable":true,"href":"https:\/\/www.inoxforniture.it\/fr\/wp-json\/wp\/v2\/product_brand?post=62734"},{"taxonomy":"product_cat","embeddable":true,"href":"https:\/\/www.inoxforniture.it\/fr\/wp-json\/wp\/v2\/product_cat?post=62734"},{"taxonomy":"product_tag","embeddable":true,"href":"https:\/\/www.inoxforniture.it\/fr\/wp-json\/wp\/v2\/product_tag?post=62734"}],"curies":[{"name":"wp","href":"https:\/\/api.w.org\/{rel}","templated":true}]}}