{"id":62717,"date":"2014-10-17T13:41:37","date_gmt":"2014-10-17T11:41:37","guid":{"rendered":"https:\/\/www.inoxforniture.it\/collier-de-fixation-inox-aisi-304-2\/"},"modified":"2026-01-23T18:34:49","modified_gmt":"2026-01-23T17:34:49","slug":"collier-de-fixation-inox-aisi-304-2","status":"publish","type":"product","link":"https:\/\/www.inoxforniture.it\/fr\/collier-de-fixation-inox-aisi-304-2\/","title":{"rendered":"COLLIER DE FIXATION INOX AISI 304"},"content":{"rendered":"<p>Le collier de fixation en acier inoxydable AISI 304 est con\u00e7u pour la fixation s\u00e9curis\u00e9e des tuyaux dans les installations industrielles. Fabriqu\u00e9 avec des mat\u00e9riaux de haute qualit\u00e9, il offre une r\u00e9sistance \u00e0 la corrosion et une durabilit\u00e9. Disponible en plusieurs dimensions, il est \u00e9quip\u00e9 d&rsquo;un \u00e9crou soud\u00e9 pour une meilleure stabilit\u00e9.  <\/p>\n<p><img fetchpriority=\"high\" decoding=\"async\" class=\" size-full wp-image-4308\" src=\"https:\/\/www.inoxforniture.it\/wp-content\/uploads\/2014\/10\/Tab_61B0000.jpg\" alt=\"\" width=\"750\" height=\"678\" srcset=\"https:\/\/www.inoxforniture.it\/wp-content\/uploads\/2014\/10\/Tab_61B0000.jpg 750w, https:\/\/www.inoxforniture.it\/wp-content\/uploads\/2014\/10\/Tab_61B0000-640x579.jpg 640w, https:\/\/www.inoxforniture.it\/wp-content\/uploads\/2014\/10\/Tab_61B0000-400x362.jpg 400w, https:\/\/www.inoxforniture.it\/wp-content\/uploads\/2014\/10\/Tab_61B0000-600x542.jpg 600w\" sizes=\"(max-width: 750px) 100vw, 750px\" \/><\/p>\n","protected":false},"excerpt":{"rendered":"<p>&#8211; Avec \u00e9crou soud\u00e9<\/p>\n<p><strong>CHOISISSEZ LA DIMENSION CI-DESSOUS<\/strong><\/p>\n","protected":false},"featured_media":62718,"template":"","meta":{"_acf_changed":false},"product_brand":[],"product_cat":[4101],"product_tag":[4351,4677,5526,5522,5525,5524,5523,5527,5464,5337,5467,5427,5468],"class_list":{"0":"post-62717","1":"product","2":"type-product","3":"status-publish","4":"has-post-thumbnail","6":"product_cat-raccords-a-souder","7":"product_tag-acier-inoxydable","8":"product_tag-aisi-304","9":"product_tag-collier-de-fixation-2","10":"product_tag-collier-de-fixation-inox","11":"product_tag-collier-en-acier-inox","12":"product_tag-colliers-acier-inox","13":"product_tag-colliers-de-fixation-inox","14":"product_tag-ecrou-soude","15":"product_tag-fixation-de-tuyaux","16":"product_tag-installations-industrielles","17":"product_tag-raccords-a-souder-2","18":"product_tag-resistance-a-la-corrosion","19":"product_tag-support-de-tuyaux","20":"pa_marchio-inox-forniture","21":"pa_prodotto-5298","22":"pa_prodotto-11-2","23":"pa_prodotto-11-4","24":"pa_prodotto-1-2","25":"pa_prodotto-5301","26":"pa_prodotto-21-2","27":"pa_prodotto-5303","28":"pa_prodotto-3-4","29":"pa_prodotto-3-8","30":"pa_prodotto-5341","31":"pa_prodotto-5453","32":"pa_prodotto-5454","34":"first","35":"instock","36":"taxable","37":"shipping-taxable","38":"purchasable","39":"product-type-variable"},"acf":[],"yoast_head":"<!-- This site is optimized with the Yoast SEO plugin v27.3 - https:\/\/yoast.com\/product\/yoast-seo-wordpress\/ -->\n<title>COLLIER DE FIXATION INOX AISI 304<\/title>\n<meta name=\"description\" content=\"Collier de fixation en acier inoxydable AISI 304 pour tuyaux. R\u00e9sistant \u00e0 la corrosion, disponible en plusieurs dimensions. Achetez maintenant !\" \/>\n<meta name=\"robots\" content=\"index, follow, max-snippet:-1, max-image-preview:large, max-video-preview:-1\" \/>\n<link rel=\"canonical\" href=\"https:\/\/www.inoxforniture.it\/fr\/collier-de-fixation-inox-aisi-304-2\/\" \/>\n<meta property=\"og:locale\" content=\"fr_FR\" \/>\n<meta property=\"og:type\" content=\"article\" \/>\n<meta property=\"og:title\" content=\"COLLIER DE FIXATION INOX AISI 304\" \/>\n<meta property=\"og:description\" content=\"Collier de fixation en acier inoxydable AISI 304 pour tuyaux. R\u00e9sistant \u00e0 la corrosion, disponible en plusieurs dimensions. Achetez maintenant !\" \/>\n<meta property=\"og:url\" content=\"https:\/\/www.inoxforniture.it\/fr\/collier-de-fixation-inox-aisi-304-2\/\" \/>\n<meta property=\"og:site_name\" content=\"Inox Forniture\" \/>\n<meta property=\"article:publisher\" content=\"https:\/\/www.facebook.com\/Inox.Forniture\" \/>\n<meta property=\"article:modified_time\" content=\"2026-01-23T17:34:49+00:00\" \/>\n<meta property=\"og:image\" content=\"https:\/\/www.inoxforniture.it\/wp-content\/uploads\/2014\/10\/61b0000_1_1_1.jpg\" \/>\n\t<meta property=\"og:image:width\" content=\"480\" \/>\n\t<meta property=\"og:image:height\" content=\"480\" \/>\n\t<meta property=\"og:image:type\" content=\"image\/jpeg\" \/>\n<meta name=\"twitter:card\" content=\"summary_large_image\" \/>\n<meta name=\"twitter:site\" content=\"@InoxForniture\" \/>\n<script type=\"application\/ld+json\" class=\"yoast-schema-graph\">{\"@context\":\"https:\\\/\\\/schema.org\",\"@graph\":[{\"@type\":\"WebPage\",\"@id\":\"https:\\\/\\\/www.inoxforniture.it\\\/fr\\\/collier-de-fixation-inox-aisi-304-2\\\/\",\"url\":\"https:\\\/\\\/www.inoxforniture.it\\\/fr\\\/collier-de-fixation-inox-aisi-304-2\\\/\",\"name\":\"COLLIER DE FIXATION INOX AISI 304\",\"isPartOf\":{\"@id\":\"https:\\\/\\\/www.inoxforniture.it\\\/#website\"},\"primaryImageOfPage\":{\"@id\":\"https:\\\/\\\/www.inoxforniture.it\\\/fr\\\/collier-de-fixation-inox-aisi-304-2\\\/#primaryimage\"},\"image\":{\"@id\":\"https:\\\/\\\/www.inoxforniture.it\\\/fr\\\/collier-de-fixation-inox-aisi-304-2\\\/#primaryimage\"},\"thumbnailUrl\":\"https:\\\/\\\/www.inoxforniture.it\\\/wp-content\\\/uploads\\\/2014\\\/10\\\/61b0000_1_1_1.jpg\",\"datePublished\":\"2014-10-17T11:41:37+00:00\",\"dateModified\":\"2026-01-23T17:34:49+00:00\",\"description\":\"Collier de fixation en acier inoxydable AISI 304 pour tuyaux. R\u00e9sistant \u00e0 la corrosion, disponible en plusieurs dimensions. Achetez maintenant !\",\"breadcrumb\":{\"@id\":\"https:\\\/\\\/www.inoxforniture.it\\\/fr\\\/collier-de-fixation-inox-aisi-304-2\\\/#breadcrumb\"},\"inLanguage\":\"fr-FR\",\"potentialAction\":[{\"@type\":\"ReadAction\",\"target\":[\"https:\\\/\\\/www.inoxforniture.it\\\/fr\\\/collier-de-fixation-inox-aisi-304-2\\\/\"]}]},{\"@type\":\"ImageObject\",\"inLanguage\":\"fr-FR\",\"@id\":\"https:\\\/\\\/www.inoxforniture.it\\\/fr\\\/collier-de-fixation-inox-aisi-304-2\\\/#primaryimage\",\"url\":\"https:\\\/\\\/www.inoxforniture.it\\\/wp-content\\\/uploads\\\/2014\\\/10\\\/61b0000_1_1_1.jpg\",\"contentUrl\":\"https:\\\/\\\/www.inoxforniture.it\\\/wp-content\\\/uploads\\\/2014\\\/10\\\/61b0000_1_1_1.jpg\",\"width\":480,\"height\":480,\"caption\":\"COLLIER DE FIXATION INOX AISI 304-0\"},{\"@type\":\"BreadcrumbList\",\"@id\":\"https:\\\/\\\/www.inoxforniture.it\\\/fr\\\/collier-de-fixation-inox-aisi-304-2\\\/#breadcrumb\",\"itemListElement\":[{\"@type\":\"ListItem\",\"position\":1,\"name\":\"Accueil\",\"item\":\"https:\\\/\\\/www.inoxforniture.it\\\/\"},{\"@type\":\"ListItem\",\"position\":2,\"name\":\"Boutique\",\"item\":\"https:\\\/\\\/www.inoxforniture.it\\\/fr\\\/boutique\\\/\"},{\"@type\":\"ListItem\",\"position\":3,\"name\":\"Mat\u00e9riaux pour installations\",\"item\":\"https:\\\/\\\/www.inoxforniture.it\\\/fr\\\/materiaux-pour-installations\\\/\"},{\"@type\":\"ListItem\",\"position\":4,\"name\":\"Raccords \u00e0 souder\",\"item\":\"https:\\\/\\\/www.inoxforniture.it\\\/fr\\\/raccords-a-souder\\\/\"},{\"@type\":\"ListItem\",\"position\":5,\"name\":\"COLLIER DE FIXATION INOX AISI 304\"}]},{\"@type\":\"WebSite\",\"@id\":\"https:\\\/\\\/www.inoxforniture.it\\\/#website\",\"url\":\"https:\\\/\\\/www.inoxforniture.it\\\/\",\"name\":\"Inox Forniture\",\"description\":\"\",\"publisher\":{\"@id\":\"https:\\\/\\\/www.inoxforniture.it\\\/#organization\"},\"potentialAction\":[{\"@type\":\"SearchAction\",\"target\":{\"@type\":\"EntryPoint\",\"urlTemplate\":\"https:\\\/\\\/www.inoxforniture.it\\\/?s={search_term_string}\"},\"query-input\":{\"@type\":\"PropertyValueSpecification\",\"valueRequired\":true,\"valueName\":\"search_term_string\"}}],\"inLanguage\":\"fr-FR\"},{\"@type\":\"Organization\",\"@id\":\"https:\\\/\\\/www.inoxforniture.it\\\/#organization\",\"name\":\"Inox Forniture srl\",\"url\":\"https:\\\/\\\/www.inoxforniture.it\\\/\",\"logo\":{\"@type\":\"ImageObject\",\"inLanguage\":\"fr-FR\",\"@id\":\"https:\\\/\\\/www.inoxforniture.it\\\/#\\\/schema\\\/logo\\\/image\\\/\",\"url\":\"https:\\\/\\\/www.inoxforniture.it\\\/wp-content\\\/uploads\\\/2021\\\/01\\\/logo_inox.png\",\"contentUrl\":\"https:\\\/\\\/www.inoxforniture.it\\\/wp-content\\\/uploads\\\/2021\\\/01\\\/logo_inox.png\",\"width\":230,\"height\":44,\"caption\":\"Inox Forniture srl\"},\"image\":{\"@id\":\"https:\\\/\\\/www.inoxforniture.it\\\/#\\\/schema\\\/logo\\\/image\\\/\"},\"sameAs\":[\"https:\\\/\\\/www.facebook.com\\\/Inox.Forniture\",\"https:\\\/\\\/x.com\\\/InoxForniture\"]}]}<\/script>\n<!-- \/ Yoast SEO plugin. -->","yoast_head_json":{"title":"COLLIER DE FIXATION INOX AISI 304","description":"Collier de fixation en acier inoxydable AISI 304 pour tuyaux. R\u00e9sistant \u00e0 la corrosion, disponible en plusieurs dimensions. Achetez maintenant !","robots":{"index":"index","follow":"follow","max-snippet":"max-snippet:-1","max-image-preview":"max-image-preview:large","max-video-preview":"max-video-preview:-1"},"canonical":"https:\/\/www.inoxforniture.it\/fr\/collier-de-fixation-inox-aisi-304-2\/","og_locale":"fr_FR","og_type":"article","og_title":"COLLIER DE FIXATION INOX AISI 304","og_description":"Collier de fixation en acier inoxydable AISI 304 pour tuyaux. R\u00e9sistant \u00e0 la corrosion, disponible en plusieurs dimensions. Achetez maintenant !","og_url":"https:\/\/www.inoxforniture.it\/fr\/collier-de-fixation-inox-aisi-304-2\/","og_site_name":"Inox Forniture","article_publisher":"https:\/\/www.facebook.com\/Inox.Forniture","article_modified_time":"2026-01-23T17:34:49+00:00","og_image":[{"width":480,"height":480,"url":"https:\/\/www.inoxforniture.it\/wp-content\/uploads\/2014\/10\/61b0000_1_1_1.jpg","type":"image\/jpeg"}],"twitter_card":"summary_large_image","twitter_site":"@InoxForniture","schema":{"@context":"https:\/\/schema.org","@graph":[{"@type":"WebPage","@id":"https:\/\/www.inoxforniture.it\/fr\/collier-de-fixation-inox-aisi-304-2\/","url":"https:\/\/www.inoxforniture.it\/fr\/collier-de-fixation-inox-aisi-304-2\/","name":"COLLIER DE FIXATION INOX AISI 304","isPartOf":{"@id":"https:\/\/www.inoxforniture.it\/#website"},"primaryImageOfPage":{"@id":"https:\/\/www.inoxforniture.it\/fr\/collier-de-fixation-inox-aisi-304-2\/#primaryimage"},"image":{"@id":"https:\/\/www.inoxforniture.it\/fr\/collier-de-fixation-inox-aisi-304-2\/#primaryimage"},"thumbnailUrl":"https:\/\/www.inoxforniture.it\/wp-content\/uploads\/2014\/10\/61b0000_1_1_1.jpg","datePublished":"2014-10-17T11:41:37+00:00","dateModified":"2026-01-23T17:34:49+00:00","description":"Collier de fixation en acier inoxydable AISI 304 pour tuyaux. R\u00e9sistant \u00e0 la corrosion, disponible en plusieurs dimensions. Achetez maintenant !","breadcrumb":{"@id":"https:\/\/www.inoxforniture.it\/fr\/collier-de-fixation-inox-aisi-304-2\/#breadcrumb"},"inLanguage":"fr-FR","potentialAction":[{"@type":"ReadAction","target":["https:\/\/www.inoxforniture.it\/fr\/collier-de-fixation-inox-aisi-304-2\/"]}]},{"@type":"ImageObject","inLanguage":"fr-FR","@id":"https:\/\/www.inoxforniture.it\/fr\/collier-de-fixation-inox-aisi-304-2\/#primaryimage","url":"https:\/\/www.inoxforniture.it\/wp-content\/uploads\/2014\/10\/61b0000_1_1_1.jpg","contentUrl":"https:\/\/www.inoxforniture.it\/wp-content\/uploads\/2014\/10\/61b0000_1_1_1.jpg","width":480,"height":480,"caption":"COLLIER DE FIXATION INOX AISI 304-0"},{"@type":"BreadcrumbList","@id":"https:\/\/www.inoxforniture.it\/fr\/collier-de-fixation-inox-aisi-304-2\/#breadcrumb","itemListElement":[{"@type":"ListItem","position":1,"name":"Accueil","item":"https:\/\/www.inoxforniture.it\/"},{"@type":"ListItem","position":2,"name":"Boutique","item":"https:\/\/www.inoxforniture.it\/fr\/boutique\/"},{"@type":"ListItem","position":3,"name":"Mat\u00e9riaux pour installations","item":"https:\/\/www.inoxforniture.it\/fr\/materiaux-pour-installations\/"},{"@type":"ListItem","position":4,"name":"Raccords \u00e0 souder","item":"https:\/\/www.inoxforniture.it\/fr\/raccords-a-souder\/"},{"@type":"ListItem","position":5,"name":"COLLIER DE FIXATION INOX AISI 304"}]},{"@type":"WebSite","@id":"https:\/\/www.inoxforniture.it\/#website","url":"https:\/\/www.inoxforniture.it\/","name":"Inox Forniture","description":"","publisher":{"@id":"https:\/\/www.inoxforniture.it\/#organization"},"potentialAction":[{"@type":"SearchAction","target":{"@type":"EntryPoint","urlTemplate":"https:\/\/www.inoxforniture.it\/?s={search_term_string}"},"query-input":{"@type":"PropertyValueSpecification","valueRequired":true,"valueName":"search_term_string"}}],"inLanguage":"fr-FR"},{"@type":"Organization","@id":"https:\/\/www.inoxforniture.it\/#organization","name":"Inox Forniture srl","url":"https:\/\/www.inoxforniture.it\/","logo":{"@type":"ImageObject","inLanguage":"fr-FR","@id":"https:\/\/www.inoxforniture.it\/#\/schema\/logo\/image\/","url":"https:\/\/www.inoxforniture.it\/wp-content\/uploads\/2021\/01\/logo_inox.png","contentUrl":"https:\/\/www.inoxforniture.it\/wp-content\/uploads\/2021\/01\/logo_inox.png","width":230,"height":44,"caption":"Inox Forniture srl"},"image":{"@id":"https:\/\/www.inoxforniture.it\/#\/schema\/logo\/image\/"},"sameAs":["https:\/\/www.facebook.com\/Inox.Forniture","https:\/\/x.com\/InoxForniture"]}]}},"df_price":3.95,"df_sale_price":"","df_regular_price":3.95,"df_image_link":"https:\/\/www.inoxforniture.it\/wp-content\/uploads\/2014\/10\/61b0000_1_1_1-300x300.jpg","tiered_pricing_type":"fixed","tiered_pricing_fixed_rules":[],"tiered_pricing_product_settings":{"layout":"default","base_unit_name":{"singular":null,"plural":null},"default_variation":null},"tiered_pricing_minimum_quantity":null,"tiered_pricing_roles_data":{"privato":{"product_id":62717,"role":"privato","pricing_type":"flat","regular_price":null,"sale_price":null,"discount":null,"discount_type":"sale_price","tiered_pricing_type":"fixed","percentage_rules":[],"fixed_rules":[],"minimum":null},"azienda":{"product_id":62717,"role":"azienda","pricing_type":"flat","regular_price":null,"sale_price":null,"discount":null,"discount_type":"sale_price","tiered_pricing_type":"fixed","percentage_rules":[],"fixed_rules":[],"minimum":null},"azienda_premium":{"product_id":62717,"role":"azienda_premium","pricing_type":"flat","regular_price":null,"sale_price":null,"discount":null,"discount_type":"sale_price","tiered_pricing_type":"fixed","percentage_rules":[],"fixed_rules":[],"minimum":null}},"tiered_pricing_percentage_rules":[],"tiered_pricing_maximum_quantity":null,"tiered_pricing_quantity_step":null,"_links":{"self":[{"href":"https:\/\/www.inoxforniture.it\/fr\/wp-json\/wp\/v2\/product\/62717","targetHints":{"allow":["GET"]}}],"collection":[{"href":"https:\/\/www.inoxforniture.it\/fr\/wp-json\/wp\/v2\/product"}],"about":[{"href":"https:\/\/www.inoxforniture.it\/fr\/wp-json\/wp\/v2\/types\/product"}],"wp:featuredmedia":[{"embeddable":true,"href":"https:\/\/www.inoxforniture.it\/fr\/wp-json\/wp\/v2\/media\/62718"}],"wp:attachment":[{"href":"https:\/\/www.inoxforniture.it\/fr\/wp-json\/wp\/v2\/media?parent=62717"}],"wp:term":[{"taxonomy":"product_brand","embeddable":true,"href":"https:\/\/www.inoxforniture.it\/fr\/wp-json\/wp\/v2\/product_brand?post=62717"},{"taxonomy":"product_cat","embeddable":true,"href":"https:\/\/www.inoxforniture.it\/fr\/wp-json\/wp\/v2\/product_cat?post=62717"},{"taxonomy":"product_tag","embeddable":true,"href":"https:\/\/www.inoxforniture.it\/fr\/wp-json\/wp\/v2\/product_tag?post=62717"}],"curies":[{"name":"wp","href":"https:\/\/api.w.org\/{rel}","templated":true}]}}