{"id":62441,"date":"2014-10-17T13:41:37","date_gmt":"2014-10-17T11:41:37","guid":{"rendered":"https:\/\/www.inoxforniture.it\/reducteur-concentrique-a-souder-inox-aisi-304\/"},"modified":"2026-01-23T18:34:45","modified_gmt":"2026-01-23T17:34:45","slug":"reducteur-concentrique-a-souder-inox-aisi-304","status":"publish","type":"product","link":"https:\/\/www.inoxforniture.it\/fr\/reducteur-concentrique-a-souder-inox-aisi-304\/","title":{"rendered":"R\u00c9DUCTEUR CONCENTRIQUE \u00c0 SOUDER INOX AISI 304"},"content":{"rendered":"<p>Le r\u00e9ducteur concentrique \u00e0 souder en inox AISI 304 est un raccord de haute qualit\u00e9, id\u00e9al pour les installations n\u00e9cessitant une r\u00e9sistance \u00e0 la corrosion et une durabilit\u00e9. Ce produit est fabriqu\u00e9 \u00e0 partir de tube soud\u00e9 TIG et disponible en diff\u00e9rents diam\u00e8tres et \u00e9paisseurs pour s&rsquo;adapter \u00e0 diverses exigences d&rsquo;installation. <\/p>\n<p><strong>Caract\u00e9ristiques principales :<\/strong><\/p>\n<ul>\n<li><strong>Mat\u00e9riau :<\/strong> Inox AISI 304<\/li>\n<li><strong>Type :<\/strong> R\u00e9ducteur concentrique \u00e0 souder<\/li>\n<li><strong>Diam\u00e8tres disponibles :<\/strong> De 17,2 mm \u00e0 219,1 mm<\/li>\n<li><strong>\u00c9paisseurs disponibles :<\/strong> 2,0 mm et 3,0 mm<\/li>\n<li><strong>Applications :<\/strong> Convient pour les installations hydrauliques, industrielles et de process<\/li>\n<\/ul>\n<p><strong>Avantages :<\/strong><\/p>\n<ul>\n<li><strong>R\u00e9sistance \u00e0 la corrosion :<\/strong> Id\u00e9al pour les environnements agressifs<\/li>\n<li><strong>Durabilit\u00e9 :<\/strong> Longue dur\u00e9e de vie gr\u00e2ce \u00e0 la qualit\u00e9 de l&rsquo;acier inoxydable<\/li>\n<li><strong>Polyvalence :<\/strong> Disponible dans une large gamme de dimensions pour diverses applications<\/li>\n<\/ul>\n<p><img fetchpriority=\"high\" decoding=\"async\" class=\" size-full wp-image-3875\" src=\"https:\/\/www.inoxforniture.it\/wp-content\/uploads\/2014\/10\/Imm_6160000.jpg\" alt=\"\" width=\"750\" height=\"243\" srcset=\"https:\/\/www.inoxforniture.it\/wp-content\/uploads\/2014\/10\/Imm_6160000.jpg 750w, https:\/\/www.inoxforniture.it\/wp-content\/uploads\/2014\/10\/Imm_6160000-640x207.jpg 640w, https:\/\/www.inoxforniture.it\/wp-content\/uploads\/2014\/10\/Imm_6160000-400x130.jpg 400w, https:\/\/www.inoxforniture.it\/wp-content\/uploads\/2014\/10\/Imm_6160000-600x194.jpg 600w\" sizes=\"(max-width: 750px) 100vw, 750px\" \/><\/p>\n<p><img decoding=\"async\" class=\" size-full wp-image-3876\" title=\"Tableau des r\u00e9ducteurs concentriques inox\" src=\"https:\/\/www.inoxforniture.it\/wp-content\/uploads\/2014\/10\/Tab_6160000_3.jpg\" alt=\"Tableau des r\u00e9ducteurs concentriques inox\" width=\"750\" height=\"1303\" srcset=\"https:\/\/www.inoxforniture.it\/wp-content\/uploads\/2014\/10\/Tab_6160000_3.jpg 750w, https:\/\/www.inoxforniture.it\/wp-content\/uploads\/2014\/10\/Tab_6160000_3-589x1024.jpg 589w, https:\/\/www.inoxforniture.it\/wp-content\/uploads\/2014\/10\/Tab_6160000_3-640x1112.jpg 640w, https:\/\/www.inoxforniture.it\/wp-content\/uploads\/2014\/10\/Tab_6160000_3-400x695.jpg 400w, https:\/\/www.inoxforniture.it\/wp-content\/uploads\/2014\/10\/Tab_6160000_3-600x1042.jpg 600w\" sizes=\"(max-width: 750px) 100vw, 750px\" \/><\/p>\n","protected":false},"excerpt":{"rendered":"<p>&#8211; Raccord \u00e0 souder fabriqu\u00e9 \u00e0 partir de tube soud\u00e9 &#8211; R\u00e9ducteur concentrique \u00e0 souder &#8211; Raccord \u00e0 souder bout \u00e0 bout<\/p>\n<p><strong>CHOISISSEZ LES DIAM\u00c8TRES ET L&rsquo;\u00c9PAISSEUR CI-DESSOUS<\/strong><\/p>\n","protected":false},"featured_media":62442,"template":"","meta":{"_acf_changed":false},"product_brand":[],"product_cat":[4101],"product_tag":[5425,4940,5424,5430,5422,5426,5428,5421,5419,5420,5423,5418,5429,5427],"class_list":{"0":"post-62441","1":"product","2":"type-product","3":"status-publish","4":"has-post-thumbnail","6":"product_cat-raccords-a-souder","7":"product_tag-composants-pour-installations-industrielles","8":"product_tag-inox-aisi-304","9":"product_tag-raccords-a-souder","10":"product_tag-raccords-de-haute-qualite","11":"product_tag-raccords-en-acier-inoxydable","12":"product_tag-raccords-hydrauliques","13":"product_tag-raccords-pour-tuyauterie","14":"product_tag-reducteur-acier-inoxydable","15":"product_tag-reducteur-inox","16":"product_tag-reducteurs-acier-inoxydable","17":"product_tag-reducteurs-concentriques","18":"product_tag-reducteurs-inox","19":"product_tag-reducteurs-pour-installations-hydrauliques","20":"product_tag-resistance-a-la-corrosion","21":"pa_marchio-inox-forniture","22":"pa_prodotto-de-1143-a-483-ep-20","23":"pa_prodotto-de-1143-a-483-ep-30","24":"pa_prodotto-de-1143-a-603-ep-20","25":"pa_prodotto-de-1143-a-603-ep-30","26":"pa_prodotto-de-1143-a-761-ep-20","27":"pa_prodotto-de-1143-a-761-ep-30","28":"pa_prodotto-de-1143-a-889-ep-20","29":"pa_prodotto-de-1143-a-889-ep-30","30":"pa_prodotto-de-1397-a-1143-ep-20","31":"pa_prodotto-de-1397-a-1143-ep-30","32":"pa_prodotto-de-1397-a-761-ep-20","33":"pa_prodotto-de-1397-a-761-ep-30","34":"pa_prodotto-de-1397-a-889-ep-20","35":"pa_prodotto-de-1397-a-889-ep-30","36":"pa_prodotto-de-1683-a-1143-ep-20","37":"pa_prodotto-de-1683-a-1143-ep-30","38":"pa_prodotto-de-1683-a-1397-ep-20","39":"pa_prodotto-de-1683-a-1397-ep-30","40":"pa_prodotto-de-1683-a-889-ep-20","41":"pa_prodotto-de-1683-a-889-ep-30","42":"pa_prodotto-de-213-a-172-ep-20","43":"pa_prodotto-de-213-a-172-ep-30","44":"pa_prodotto-de-2191-a-1143-ep-20","45":"pa_prodotto-de-2191-a-1143-ep-30","46":"pa_prodotto-de-2191-a-1397-ep-20","47":"pa_prodotto-de-2191-a-1397-ep-30","48":"pa_prodotto-de-2191-a-1683-ep-20","49":"pa_prodotto-de-2191-a-1683-ep-30","50":"pa_prodotto-de-269-a-172-ep-20","51":"pa_prodotto-de-269-a-213-ep-20","52":"pa_prodotto-de-269-a-213-ep-30","53":"pa_prodotto-de-337-a-213-ep-20","54":"pa_prodotto-de-337-a-213-ep-30","55":"pa_prodotto-de-337-a-269-ep-20","56":"pa_prodotto-de-337-a-269-ep-30","57":"pa_prodotto-de-424-a-213-ep-20","58":"pa_prodotto-de-424-a-213-ep-30","59":"pa_prodotto-de-424-a-269-ep-20","60":"pa_prodotto-de-424-a-269-ep-30","61":"pa_prodotto-de-424-a-337-ep-20","62":"pa_prodotto-de-424-a-337-ep-30","63":"pa_prodotto-de-483-a-213-ep-20","64":"pa_prodotto-de-483-a-213-ep-30","65":"pa_prodotto-de-483-a-269-ep-20","66":"pa_prodotto-de-483-a-269-ep-30","67":"pa_prodotto-de-483-a-337-ep-20","68":"pa_prodotto-de-483-a-337-ep-30","69":"pa_prodotto-de-483-a-424-ep-20","70":"pa_prodotto-de-483-a-424-ep-30","71":"pa_prodotto-de-603-a-269-ep-20","72":"pa_prodotto-de-603-a-269-ep-30","73":"pa_prodotto-de-603-a-337-ep-20","74":"pa_prodotto-de-603-a-337-ep-30","75":"pa_prodotto-de-603-a-424-ep-20","76":"pa_prodotto-de-603-a-424-ep-30","77":"pa_prodotto-de-603-a-483-ep-20","78":"pa_prodotto-de-603-a-483-ep-30","79":"pa_prodotto-de-761-a-424-ep-20","80":"pa_prodotto-de-761-a-424-ep-30","81":"pa_prodotto-de-761-a-483-ep-20","82":"pa_prodotto-de-761-a-483-ep-30","83":"pa_prodotto-de-761-a-603-ep-20","84":"pa_prodotto-de-761-a-603-ep-30","85":"pa_prodotto-de-889-a-424-ep-20","86":"pa_prodotto-de-889-a-424-ep-30","87":"pa_prodotto-de-889-a-483-ep-20","88":"pa_prodotto-de-889-a-483-ep-30","89":"pa_prodotto-de-889-a-603-ep-20","90":"pa_prodotto-de-889-a-603-ep-30","91":"pa_prodotto-de-889-a-761-ep-20","92":"pa_prodotto-de-889-a-761-ep-30","94":"first","95":"instock","96":"taxable","97":"shipping-taxable","98":"purchasable","99":"product-type-variable"},"acf":[],"yoast_head":"<!-- This site is optimized with the Yoast SEO plugin v27.3 - https:\/\/yoast.com\/product\/yoast-seo-wordpress\/ -->\n<title>R\u00c9DUCTEURS CONCENTRIQUES \u00c0 SOUDER INOX AISI 304<\/title>\n<meta name=\"description\" content=\"Disponibles en stock, r\u00e9ducteurs concentriques en inox AISI 304 d&#039;\u00e9paisseur 2,0 et 3,0 mm, du diam\u00e8tre 17,2 mm au 219,0 mm.\" \/>\n<meta name=\"robots\" content=\"index, follow, max-snippet:-1, max-image-preview:large, max-video-preview:-1\" \/>\n<link rel=\"canonical\" href=\"https:\/\/www.inoxforniture.it\/fr\/reducteur-concentrique-a-souder-inox-aisi-304\/\" \/>\n<meta property=\"og:locale\" content=\"fr_FR\" \/>\n<meta property=\"og:type\" content=\"article\" \/>\n<meta property=\"og:title\" content=\"R\u00c9DUCTEURS CONCENTRIQUES \u00c0 SOUDER INOX AISI 304\" \/>\n<meta property=\"og:description\" content=\"Disponibles en stock, r\u00e9ducteurs concentriques en inox AISI 304 d&#039;\u00e9paisseur 2,0 et 3,0 mm, du diam\u00e8tre 17,2 mm au 219,0 mm.\" \/>\n<meta property=\"og:url\" content=\"https:\/\/www.inoxforniture.it\/fr\/reducteur-concentrique-a-souder-inox-aisi-304\/\" \/>\n<meta property=\"og:site_name\" content=\"Inox Forniture\" \/>\n<meta property=\"article:publisher\" content=\"https:\/\/www.facebook.com\/Inox.Forniture\" \/>\n<meta property=\"article:modified_time\" content=\"2026-01-23T17:34:45+00:00\" \/>\n<meta property=\"og:image\" content=\"https:\/\/www.inoxforniture.it\/wp-content\/uploads\/2014\/10\/6160000_1.jpg\" \/>\n\t<meta property=\"og:image:width\" content=\"480\" \/>\n\t<meta property=\"og:image:height\" content=\"480\" \/>\n\t<meta property=\"og:image:type\" content=\"image\/jpeg\" \/>\n<meta name=\"twitter:card\" content=\"summary_large_image\" \/>\n<meta name=\"twitter:site\" content=\"@InoxForniture\" \/>\n<meta name=\"twitter:label1\" content=\"Dur\u00e9e de lecture estim\u00e9e\" \/>\n\t<meta name=\"twitter:data1\" content=\"1 minute\" \/>\n<script type=\"application\/ld+json\" class=\"yoast-schema-graph\">{\"@context\":\"https:\\\/\\\/schema.org\",\"@graph\":[{\"@type\":\"WebPage\",\"@id\":\"https:\\\/\\\/www.inoxforniture.it\\\/fr\\\/reducteur-concentrique-a-souder-inox-aisi-304\\\/\",\"url\":\"https:\\\/\\\/www.inoxforniture.it\\\/fr\\\/reducteur-concentrique-a-souder-inox-aisi-304\\\/\",\"name\":\"R\u00c9DUCTEURS CONCENTRIQUES \u00c0 SOUDER INOX AISI 304\",\"isPartOf\":{\"@id\":\"https:\\\/\\\/www.inoxforniture.it\\\/#website\"},\"primaryImageOfPage\":{\"@id\":\"https:\\\/\\\/www.inoxforniture.it\\\/fr\\\/reducteur-concentrique-a-souder-inox-aisi-304\\\/#primaryimage\"},\"image\":{\"@id\":\"https:\\\/\\\/www.inoxforniture.it\\\/fr\\\/reducteur-concentrique-a-souder-inox-aisi-304\\\/#primaryimage\"},\"thumbnailUrl\":\"https:\\\/\\\/www.inoxforniture.it\\\/wp-content\\\/uploads\\\/2014\\\/10\\\/6160000_1.jpg\",\"datePublished\":\"2014-10-17T11:41:37+00:00\",\"dateModified\":\"2026-01-23T17:34:45+00:00\",\"description\":\"Disponibles en stock, r\u00e9ducteurs concentriques en inox AISI 304 d'\u00e9paisseur 2,0 et 3,0 mm, du diam\u00e8tre 17,2 mm au 219,0 mm.\",\"breadcrumb\":{\"@id\":\"https:\\\/\\\/www.inoxforniture.it\\\/fr\\\/reducteur-concentrique-a-souder-inox-aisi-304\\\/#breadcrumb\"},\"inLanguage\":\"fr-FR\",\"potentialAction\":[{\"@type\":\"ReadAction\",\"target\":[\"https:\\\/\\\/www.inoxforniture.it\\\/fr\\\/reducteur-concentrique-a-souder-inox-aisi-304\\\/\"]}]},{\"@type\":\"ImageObject\",\"inLanguage\":\"fr-FR\",\"@id\":\"https:\\\/\\\/www.inoxforniture.it\\\/fr\\\/reducteur-concentrique-a-souder-inox-aisi-304\\\/#primaryimage\",\"url\":\"https:\\\/\\\/www.inoxforniture.it\\\/wp-content\\\/uploads\\\/2014\\\/10\\\/6160000_1.jpg\",\"contentUrl\":\"https:\\\/\\\/www.inoxforniture.it\\\/wp-content\\\/uploads\\\/2014\\\/10\\\/6160000_1.jpg\",\"width\":480,\"height\":480,\"caption\":\"R\u00c9DUCTEUR CONCENTRIQUE \u00c0 SOUDER INOX AISI 304-0\"},{\"@type\":\"BreadcrumbList\",\"@id\":\"https:\\\/\\\/www.inoxforniture.it\\\/fr\\\/reducteur-concentrique-a-souder-inox-aisi-304\\\/#breadcrumb\",\"itemListElement\":[{\"@type\":\"ListItem\",\"position\":1,\"name\":\"Accueil\",\"item\":\"https:\\\/\\\/www.inoxforniture.it\\\/\"},{\"@type\":\"ListItem\",\"position\":2,\"name\":\"Boutique\",\"item\":\"https:\\\/\\\/www.inoxforniture.it\\\/fr\\\/boutique\\\/\"},{\"@type\":\"ListItem\",\"position\":3,\"name\":\"Mat\u00e9riaux pour installations\",\"item\":\"https:\\\/\\\/www.inoxforniture.it\\\/fr\\\/materiaux-pour-installations\\\/\"},{\"@type\":\"ListItem\",\"position\":4,\"name\":\"Raccords \u00e0 souder\",\"item\":\"https:\\\/\\\/www.inoxforniture.it\\\/fr\\\/raccords-a-souder\\\/\"},{\"@type\":\"ListItem\",\"position\":5,\"name\":\"R\u00c9DUCTEUR CONCENTRIQUE \u00c0 SOUDER INOX AISI 304\"}]},{\"@type\":\"WebSite\",\"@id\":\"https:\\\/\\\/www.inoxforniture.it\\\/#website\",\"url\":\"https:\\\/\\\/www.inoxforniture.it\\\/\",\"name\":\"Inox Forniture\",\"description\":\"\",\"publisher\":{\"@id\":\"https:\\\/\\\/www.inoxforniture.it\\\/#organization\"},\"potentialAction\":[{\"@type\":\"SearchAction\",\"target\":{\"@type\":\"EntryPoint\",\"urlTemplate\":\"https:\\\/\\\/www.inoxforniture.it\\\/?s={search_term_string}\"},\"query-input\":{\"@type\":\"PropertyValueSpecification\",\"valueRequired\":true,\"valueName\":\"search_term_string\"}}],\"inLanguage\":\"fr-FR\"},{\"@type\":\"Organization\",\"@id\":\"https:\\\/\\\/www.inoxforniture.it\\\/#organization\",\"name\":\"Inox Forniture srl\",\"url\":\"https:\\\/\\\/www.inoxforniture.it\\\/\",\"logo\":{\"@type\":\"ImageObject\",\"inLanguage\":\"fr-FR\",\"@id\":\"https:\\\/\\\/www.inoxforniture.it\\\/#\\\/schema\\\/logo\\\/image\\\/\",\"url\":\"https:\\\/\\\/www.inoxforniture.it\\\/wp-content\\\/uploads\\\/2021\\\/01\\\/logo_inox.png\",\"contentUrl\":\"https:\\\/\\\/www.inoxforniture.it\\\/wp-content\\\/uploads\\\/2021\\\/01\\\/logo_inox.png\",\"width\":230,\"height\":44,\"caption\":\"Inox Forniture srl\"},\"image\":{\"@id\":\"https:\\\/\\\/www.inoxforniture.it\\\/#\\\/schema\\\/logo\\\/image\\\/\"},\"sameAs\":[\"https:\\\/\\\/www.facebook.com\\\/Inox.Forniture\",\"https:\\\/\\\/x.com\\\/InoxForniture\"]}]}<\/script>\n<!-- \/ Yoast SEO plugin. -->","yoast_head_json":{"title":"R\u00c9DUCTEURS CONCENTRIQUES \u00c0 SOUDER INOX AISI 304","description":"Disponibles en stock, r\u00e9ducteurs concentriques en inox AISI 304 d'\u00e9paisseur 2,0 et 3,0 mm, du diam\u00e8tre 17,2 mm au 219,0 mm.","robots":{"index":"index","follow":"follow","max-snippet":"max-snippet:-1","max-image-preview":"max-image-preview:large","max-video-preview":"max-video-preview:-1"},"canonical":"https:\/\/www.inoxforniture.it\/fr\/reducteur-concentrique-a-souder-inox-aisi-304\/","og_locale":"fr_FR","og_type":"article","og_title":"R\u00c9DUCTEURS CONCENTRIQUES \u00c0 SOUDER INOX AISI 304","og_description":"Disponibles en stock, r\u00e9ducteurs concentriques en inox AISI 304 d'\u00e9paisseur 2,0 et 3,0 mm, du diam\u00e8tre 17,2 mm au 219,0 mm.","og_url":"https:\/\/www.inoxforniture.it\/fr\/reducteur-concentrique-a-souder-inox-aisi-304\/","og_site_name":"Inox Forniture","article_publisher":"https:\/\/www.facebook.com\/Inox.Forniture","article_modified_time":"2026-01-23T17:34:45+00:00","og_image":[{"width":480,"height":480,"url":"https:\/\/www.inoxforniture.it\/wp-content\/uploads\/2014\/10\/6160000_1.jpg","type":"image\/jpeg"}],"twitter_card":"summary_large_image","twitter_site":"@InoxForniture","twitter_misc":{"Dur\u00e9e de lecture estim\u00e9e":"1 minute"},"schema":{"@context":"https:\/\/schema.org","@graph":[{"@type":"WebPage","@id":"https:\/\/www.inoxforniture.it\/fr\/reducteur-concentrique-a-souder-inox-aisi-304\/","url":"https:\/\/www.inoxforniture.it\/fr\/reducteur-concentrique-a-souder-inox-aisi-304\/","name":"R\u00c9DUCTEURS CONCENTRIQUES \u00c0 SOUDER INOX AISI 304","isPartOf":{"@id":"https:\/\/www.inoxforniture.it\/#website"},"primaryImageOfPage":{"@id":"https:\/\/www.inoxforniture.it\/fr\/reducteur-concentrique-a-souder-inox-aisi-304\/#primaryimage"},"image":{"@id":"https:\/\/www.inoxforniture.it\/fr\/reducteur-concentrique-a-souder-inox-aisi-304\/#primaryimage"},"thumbnailUrl":"https:\/\/www.inoxforniture.it\/wp-content\/uploads\/2014\/10\/6160000_1.jpg","datePublished":"2014-10-17T11:41:37+00:00","dateModified":"2026-01-23T17:34:45+00:00","description":"Disponibles en stock, r\u00e9ducteurs concentriques en inox AISI 304 d'\u00e9paisseur 2,0 et 3,0 mm, du diam\u00e8tre 17,2 mm au 219,0 mm.","breadcrumb":{"@id":"https:\/\/www.inoxforniture.it\/fr\/reducteur-concentrique-a-souder-inox-aisi-304\/#breadcrumb"},"inLanguage":"fr-FR","potentialAction":[{"@type":"ReadAction","target":["https:\/\/www.inoxforniture.it\/fr\/reducteur-concentrique-a-souder-inox-aisi-304\/"]}]},{"@type":"ImageObject","inLanguage":"fr-FR","@id":"https:\/\/www.inoxforniture.it\/fr\/reducteur-concentrique-a-souder-inox-aisi-304\/#primaryimage","url":"https:\/\/www.inoxforniture.it\/wp-content\/uploads\/2014\/10\/6160000_1.jpg","contentUrl":"https:\/\/www.inoxforniture.it\/wp-content\/uploads\/2014\/10\/6160000_1.jpg","width":480,"height":480,"caption":"R\u00c9DUCTEUR CONCENTRIQUE \u00c0 SOUDER INOX AISI 304-0"},{"@type":"BreadcrumbList","@id":"https:\/\/www.inoxforniture.it\/fr\/reducteur-concentrique-a-souder-inox-aisi-304\/#breadcrumb","itemListElement":[{"@type":"ListItem","position":1,"name":"Accueil","item":"https:\/\/www.inoxforniture.it\/"},{"@type":"ListItem","position":2,"name":"Boutique","item":"https:\/\/www.inoxforniture.it\/fr\/boutique\/"},{"@type":"ListItem","position":3,"name":"Mat\u00e9riaux pour installations","item":"https:\/\/www.inoxforniture.it\/fr\/materiaux-pour-installations\/"},{"@type":"ListItem","position":4,"name":"Raccords \u00e0 souder","item":"https:\/\/www.inoxforniture.it\/fr\/raccords-a-souder\/"},{"@type":"ListItem","position":5,"name":"R\u00c9DUCTEUR CONCENTRIQUE \u00c0 SOUDER INOX AISI 304"}]},{"@type":"WebSite","@id":"https:\/\/www.inoxforniture.it\/#website","url":"https:\/\/www.inoxforniture.it\/","name":"Inox Forniture","description":"","publisher":{"@id":"https:\/\/www.inoxforniture.it\/#organization"},"potentialAction":[{"@type":"SearchAction","target":{"@type":"EntryPoint","urlTemplate":"https:\/\/www.inoxforniture.it\/?s={search_term_string}"},"query-input":{"@type":"PropertyValueSpecification","valueRequired":true,"valueName":"search_term_string"}}],"inLanguage":"fr-FR"},{"@type":"Organization","@id":"https:\/\/www.inoxforniture.it\/#organization","name":"Inox Forniture srl","url":"https:\/\/www.inoxforniture.it\/","logo":{"@type":"ImageObject","inLanguage":"fr-FR","@id":"https:\/\/www.inoxforniture.it\/#\/schema\/logo\/image\/","url":"https:\/\/www.inoxforniture.it\/wp-content\/uploads\/2021\/01\/logo_inox.png","contentUrl":"https:\/\/www.inoxforniture.it\/wp-content\/uploads\/2021\/01\/logo_inox.png","width":230,"height":44,"caption":"Inox Forniture srl"},"image":{"@id":"https:\/\/www.inoxforniture.it\/#\/schema\/logo\/image\/"},"sameAs":["https:\/\/www.facebook.com\/Inox.Forniture","https:\/\/x.com\/InoxForniture"]}]}},"df_price":2.78,"df_sale_price":"","df_regular_price":2.78,"df_image_link":"https:\/\/www.inoxforniture.it\/wp-content\/uploads\/2014\/10\/6160000_1-300x300.jpg","tiered_pricing_type":"fixed","tiered_pricing_fixed_rules":[],"tiered_pricing_product_settings":{"layout":"default","base_unit_name":{"singular":null,"plural":null},"default_variation":null},"tiered_pricing_minimum_quantity":null,"tiered_pricing_roles_data":{"privato":{"product_id":62441,"role":"privato","pricing_type":"flat","regular_price":null,"sale_price":null,"discount":null,"discount_type":"sale_price","tiered_pricing_type":"fixed","percentage_rules":[],"fixed_rules":[],"minimum":null},"azienda":{"product_id":62441,"role":"azienda","pricing_type":"flat","regular_price":null,"sale_price":null,"discount":null,"discount_type":"sale_price","tiered_pricing_type":"fixed","percentage_rules":[],"fixed_rules":[],"minimum":null},"azienda_premium":{"product_id":62441,"role":"azienda_premium","pricing_type":"flat","regular_price":null,"sale_price":null,"discount":null,"discount_type":"sale_price","tiered_pricing_type":"fixed","percentage_rules":[],"fixed_rules":[],"minimum":null}},"tiered_pricing_percentage_rules":[],"tiered_pricing_maximum_quantity":null,"tiered_pricing_quantity_step":null,"_links":{"self":[{"href":"https:\/\/www.inoxforniture.it\/fr\/wp-json\/wp\/v2\/product\/62441","targetHints":{"allow":["GET"]}}],"collection":[{"href":"https:\/\/www.inoxforniture.it\/fr\/wp-json\/wp\/v2\/product"}],"about":[{"href":"https:\/\/www.inoxforniture.it\/fr\/wp-json\/wp\/v2\/types\/product"}],"wp:featuredmedia":[{"embeddable":true,"href":"https:\/\/www.inoxforniture.it\/fr\/wp-json\/wp\/v2\/media\/62442"}],"wp:attachment":[{"href":"https:\/\/www.inoxforniture.it\/fr\/wp-json\/wp\/v2\/media?parent=62441"}],"wp:term":[{"taxonomy":"product_brand","embeddable":true,"href":"https:\/\/www.inoxforniture.it\/fr\/wp-json\/wp\/v2\/product_brand?post=62441"},{"taxonomy":"product_cat","embeddable":true,"href":"https:\/\/www.inoxforniture.it\/fr\/wp-json\/wp\/v2\/product_cat?post=62441"},{"taxonomy":"product_tag","embeddable":true,"href":"https:\/\/www.inoxforniture.it\/fr\/wp-json\/wp\/v2\/product_tag?post=62441"}],"curies":[{"name":"wp","href":"https:\/\/api.w.org\/{rel}","templated":true}]}}