{"id":62384,"date":"2014-10-17T13:41:37","date_gmt":"2014-10-17T11:41:37","guid":{"rendered":"https:\/\/www.inoxforniture.it\/coude-90-a-souder-inox-aisi-304\/"},"modified":"2026-01-23T18:34:50","modified_gmt":"2026-01-23T17:34:50","slug":"coude-90-a-souder-inox-aisi-304","status":"publish","type":"product","link":"https:\/\/www.inoxforniture.it\/fr\/coude-90-a-souder-inox-aisi-304\/","title":{"rendered":"COUDE 90\u00b0 \u00c0 SOUDER INOX AISI 304"},"content":{"rendered":"<div>\n<p>Ce coude \u00e0 90\u00b0 est fabriqu\u00e9 en acier inoxydable AISI 304, garantissant r\u00e9sistance et durabilit\u00e9. Il est id\u00e9al pour les applications dans les installations hydrauliques et industrielles, o\u00f9 une connexion fiable et r\u00e9sistante \u00e0 la corrosion est requise. <\/p>\n<ul>\n<li><strong>Mat\u00e9riau<\/strong> : Acier Inoxydable AISI 304<\/li>\n<li><strong>Angle<\/strong> : 90\u00b0<\/li>\n<li><strong>Diam\u00e8tre Ext\u00e9rieur<\/strong> : Disponible en diff\u00e9rents diam\u00e8tres (17,2 mm, 21,3 mm, 26,9 mm, 33,7 mm, 42,4 mm, 48,3 mm, 60,3 mm, 76,1 mm, 88,9 mm, 114,3 mm, 139,7 mm, 168,3 mm, 219,1 mm)<\/li>\n<li><strong>\u00c9paisseur<\/strong> : 2,0 mm et 3,0 mm<\/li>\n<li><strong>Type de Connexion<\/strong> : Soudure bout \u00e0 bout<\/li>\n<li><strong>Applications<\/strong> : Installations hydrauliques, industrielles, et autres applications n\u00e9cessitant une r\u00e9sistance \u00e0 la corrosion<\/li>\n<\/ul>\n<p>Ce coude est obtenu \u00e0 partir d&rsquo;un tube soud\u00e9 \u00e9lectriquement TIG, assurant une qualit\u00e9 sup\u00e9rieure et une longue dur\u00e9e de vie. Parfait pour ceux qui recherchent un raccord fiable et robuste pour leurs installations. <\/p>\n<\/div>\n<div style=\"min-height: 1000px;\">\n<p><img fetchpriority=\"high\" decoding=\"async\" class=\" size-full wp-image-4359\" src=\"https:\/\/www.inoxforniture.it\/wp-content\/uploads\/2014\/10\/Imm_6110000.jpg\" alt=\"\" width=\"750\" height=\"185\" srcset=\"https:\/\/www.inoxforniture.it\/wp-content\/uploads\/2014\/10\/Imm_6110000.jpg 750w, https:\/\/www.inoxforniture.it\/wp-content\/uploads\/2014\/10\/Imm_6110000-640x158.jpg 640w, https:\/\/www.inoxforniture.it\/wp-content\/uploads\/2014\/10\/Imm_6110000-400x99.jpg 400w, https:\/\/www.inoxforniture.it\/wp-content\/uploads\/2014\/10\/Imm_6110000-600x148.jpg 600w\" sizes=\"(max-width: 750px) 100vw, 750px\" \/><\/p>\n<figure id=\"attachment_54053\" aria-describedby=\"caption-attachment-54053\" style=\"width: 750px\" class=\"wp-caption alignnone\"><img decoding=\"async\" class=\"size-full wp-image-54053\" src=\"https:\/\/www.inoxforniture.it\/wp-content\/uploads\/2014\/10\/Tab-6110000-Rev1.jpg\" alt=\"Tableau de conversion et du rayon de courbure des coudes \u00e0 souder en acier inoxydable AISI 304 et AISI 316\" width=\"750\" height=\"879\" srcset=\"https:\/\/www.inoxforniture.it\/wp-content\/uploads\/2014\/10\/Tab-6110000-Rev1.jpg 750w, https:\/\/www.inoxforniture.it\/wp-content\/uploads\/2014\/10\/Tab-6110000-Rev1-640x750.jpg 640w, https:\/\/www.inoxforniture.it\/wp-content\/uploads\/2014\/10\/Tab-6110000-Rev1-400x469.jpg 400w, https:\/\/www.inoxforniture.it\/wp-content\/uploads\/2014\/10\/Tab-6110000-Rev1-600x703.jpg 600w\" sizes=\"(max-width: 750px) 100vw, 750px\" \/><figcaption id=\"caption-attachment-54053\" class=\"wp-caption-text\">Tableau de conversion et du rayon de courbure des coudes \u00e0 souder en acier inoxydable AISI 304 et AISI 316<\/figcaption><\/figure>\n<\/div>\n","protected":false},"excerpt":{"rendered":"<p>&#8211; Raccord \u00e0 souder obtenu \u00e0 partir d&rsquo;un tube soud\u00e9 \u00e9lectriquement &#8211; Coude \u00e0 souder 90\u00b0 &#8211; Raccord \u00e0 souder bout \u00e0 bout<\/p>\n<p><strong>CHOISISSEZ LE DIAM\u00c8TRE EXT\u00c9RIEUR ET L&rsquo;\u00c9PAISSEUR CI-DESSOUS<\/strong><\/p>\n","protected":false},"featured_media":62385,"template":"","meta":{"_acf_changed":false},"product_brand":[],"product_cat":[4101],"product_tag":[5340,5338,4710,5330,5328,5332,5339,5331,5329,5333,4940,5336,5337,5334,4903,5335],"class_list":{"0":"post-62384","1":"product","2":"type-product","3":"status-publish","4":"has-post-thumbnail","6":"product_cat-raccords-a-souder","7":"product_tag-accessoires-hydrauliques","8":"product_tag-connexion-soudee","9":"product_tag-coude-90","10":"product_tag-coude-acier-inoxydable","11":"product_tag-coude-inox","12":"product_tag-coude-inoxydable","13":"product_tag-coude-pour-tuyauterie","14":"product_tag-coudes-acier-inoxydable","15":"product_tag-coudes-inox","16":"product_tag-coudes-inoxydables","17":"product_tag-inox-aisi-304","18":"product_tag-installations-hydrauliques","19":"product_tag-installations-industrielles","20":"product_tag-raccord-a-souder","21":"product_tag-resistante-a-la-corrosion","22":"product_tag-tube-en-acier-inoxydable","23":"pa_marchio-inox-forniture","24":"pa_prodotto-1143-x-20","25":"pa_prodotto-1143-x-30","26":"pa_prodotto-1397-x-20","27":"pa_prodotto-1397-x-30","28":"pa_prodotto-1683-x-20","29":"pa_prodotto-1683-x-30","30":"pa_prodotto-172-x-20","31":"pa_prodotto-213-x-20","32":"pa_prodotto-2191-x-30","33":"pa_prodotto-269-x-20","34":"pa_prodotto-337-x-20","35":"pa_prodotto-337-x-30","36":"pa_prodotto-424-x-20","37":"pa_prodotto-424-x-30","38":"pa_prodotto-483-x-20","39":"pa_prodotto-483-x-30","40":"pa_prodotto-603-x-20","41":"pa_prodotto-603-x-30","42":"pa_prodotto-761-x-20","43":"pa_prodotto-761-x-30","44":"pa_prodotto-889-x-20","45":"pa_prodotto-889-x-30","47":"first","48":"instock","49":"taxable","50":"shipping-taxable","51":"purchasable","52":"product-type-variable"},"acf":[],"yoast_head":"<!-- This site is optimized with the Yoast SEO plugin v27.3 - https:\/\/yoast.com\/product\/yoast-seo-wordpress\/ -->\n<title>Inox Forniture - COUDE 90\u00b0 \u00c0 SOUDER INOX AISI 304<\/title>\n<meta name=\"description\" content=\"Coudes \u00e0 souder en acier inoxydable AISI 304 d&#039;\u00e9paisseur 2,0 et 3,0 mm, du diam\u00e8tre ext\u00e9rieur 17,2 mm au 219,0 mm, obtenus \u00e0 partir de tube soud\u00e9 \u00e9lectriquement.\" \/>\n<meta name=\"robots\" content=\"index, follow, max-snippet:-1, max-image-preview:large, max-video-preview:-1\" \/>\n<link rel=\"canonical\" href=\"https:\/\/www.inoxforniture.it\/fr\/coude-90-a-souder-inox-aisi-304\/\" \/>\n<meta property=\"og:locale\" content=\"fr_FR\" \/>\n<meta property=\"og:type\" content=\"article\" \/>\n<meta property=\"og:title\" content=\"Inox Forniture - COUDE 90\u00b0 \u00c0 SOUDER INOX AISI 304\" \/>\n<meta property=\"og:description\" content=\"Coudes \u00e0 souder en acier inoxydable AISI 304 d&#039;\u00e9paisseur 2,0 et 3,0 mm, du diam\u00e8tre ext\u00e9rieur 17,2 mm au 219,0 mm, obtenus \u00e0 partir de tube soud\u00e9 \u00e9lectriquement.\" \/>\n<meta property=\"og:url\" content=\"https:\/\/www.inoxforniture.it\/fr\/coude-90-a-souder-inox-aisi-304\/\" \/>\n<meta property=\"og:site_name\" content=\"Inox Forniture\" \/>\n<meta property=\"article:publisher\" content=\"https:\/\/www.facebook.com\/Inox.Forniture\" \/>\n<meta property=\"article:modified_time\" content=\"2026-01-23T17:34:50+00:00\" \/>\n<meta property=\"og:image\" content=\"https:\/\/www.inoxforniture.it\/wp-content\/uploads\/2014\/10\/6110000_1.jpg\" \/>\n\t<meta property=\"og:image:width\" content=\"480\" \/>\n\t<meta property=\"og:image:height\" content=\"480\" \/>\n\t<meta property=\"og:image:type\" content=\"image\/jpeg\" \/>\n<meta name=\"twitter:card\" content=\"summary_large_image\" \/>\n<meta name=\"twitter:site\" content=\"@InoxForniture\" \/>\n<meta name=\"twitter:label1\" content=\"Dur\u00e9e de lecture estim\u00e9e\" \/>\n\t<meta name=\"twitter:data1\" content=\"1 minute\" \/>\n<script type=\"application\/ld+json\" class=\"yoast-schema-graph\">{\"@context\":\"https:\\\/\\\/schema.org\",\"@graph\":[{\"@type\":\"WebPage\",\"@id\":\"https:\\\/\\\/www.inoxforniture.it\\\/fr\\\/coude-90-a-souder-inox-aisi-304\\\/\",\"url\":\"https:\\\/\\\/www.inoxforniture.it\\\/fr\\\/coude-90-a-souder-inox-aisi-304\\\/\",\"name\":\"Inox Forniture - COUDE 90\u00b0 \u00c0 SOUDER INOX AISI 304\",\"isPartOf\":{\"@id\":\"https:\\\/\\\/www.inoxforniture.it\\\/#website\"},\"primaryImageOfPage\":{\"@id\":\"https:\\\/\\\/www.inoxforniture.it\\\/fr\\\/coude-90-a-souder-inox-aisi-304\\\/#primaryimage\"},\"image\":{\"@id\":\"https:\\\/\\\/www.inoxforniture.it\\\/fr\\\/coude-90-a-souder-inox-aisi-304\\\/#primaryimage\"},\"thumbnailUrl\":\"https:\\\/\\\/www.inoxforniture.it\\\/wp-content\\\/uploads\\\/2014\\\/10\\\/6110000_1.jpg\",\"datePublished\":\"2014-10-17T11:41:37+00:00\",\"dateModified\":\"2026-01-23T17:34:50+00:00\",\"description\":\"Coudes \u00e0 souder en acier inoxydable AISI 304 d'\u00e9paisseur 2,0 et 3,0 mm, du diam\u00e8tre ext\u00e9rieur 17,2 mm au 219,0 mm, obtenus \u00e0 partir de tube soud\u00e9 \u00e9lectriquement.\",\"breadcrumb\":{\"@id\":\"https:\\\/\\\/www.inoxforniture.it\\\/fr\\\/coude-90-a-souder-inox-aisi-304\\\/#breadcrumb\"},\"inLanguage\":\"fr-FR\",\"potentialAction\":[{\"@type\":\"ReadAction\",\"target\":[\"https:\\\/\\\/www.inoxforniture.it\\\/fr\\\/coude-90-a-souder-inox-aisi-304\\\/\"]}]},{\"@type\":\"ImageObject\",\"inLanguage\":\"fr-FR\",\"@id\":\"https:\\\/\\\/www.inoxforniture.it\\\/fr\\\/coude-90-a-souder-inox-aisi-304\\\/#primaryimage\",\"url\":\"https:\\\/\\\/www.inoxforniture.it\\\/wp-content\\\/uploads\\\/2014\\\/10\\\/6110000_1.jpg\",\"contentUrl\":\"https:\\\/\\\/www.inoxforniture.it\\\/wp-content\\\/uploads\\\/2014\\\/10\\\/6110000_1.jpg\",\"width\":480,\"height\":480,\"caption\":\"COUDE 90\u00b0 \u00c0 SOUDER INOX AISI 304-0\"},{\"@type\":\"BreadcrumbList\",\"@id\":\"https:\\\/\\\/www.inoxforniture.it\\\/fr\\\/coude-90-a-souder-inox-aisi-304\\\/#breadcrumb\",\"itemListElement\":[{\"@type\":\"ListItem\",\"position\":1,\"name\":\"Accueil\",\"item\":\"https:\\\/\\\/www.inoxforniture.it\\\/\"},{\"@type\":\"ListItem\",\"position\":2,\"name\":\"Boutique\",\"item\":\"https:\\\/\\\/www.inoxforniture.it\\\/fr\\\/boutique\\\/\"},{\"@type\":\"ListItem\",\"position\":3,\"name\":\"Mat\u00e9riaux pour installations\",\"item\":\"https:\\\/\\\/www.inoxforniture.it\\\/fr\\\/materiaux-pour-installations\\\/\"},{\"@type\":\"ListItem\",\"position\":4,\"name\":\"Raccords \u00e0 souder\",\"item\":\"https:\\\/\\\/www.inoxforniture.it\\\/fr\\\/raccords-a-souder\\\/\"},{\"@type\":\"ListItem\",\"position\":5,\"name\":\"COUDE 90\u00b0 \u00c0 SOUDER INOX AISI 304\"}]},{\"@type\":\"WebSite\",\"@id\":\"https:\\\/\\\/www.inoxforniture.it\\\/#website\",\"url\":\"https:\\\/\\\/www.inoxforniture.it\\\/\",\"name\":\"Inox Forniture\",\"description\":\"\",\"publisher\":{\"@id\":\"https:\\\/\\\/www.inoxforniture.it\\\/#organization\"},\"potentialAction\":[{\"@type\":\"SearchAction\",\"target\":{\"@type\":\"EntryPoint\",\"urlTemplate\":\"https:\\\/\\\/www.inoxforniture.it\\\/?s={search_term_string}\"},\"query-input\":{\"@type\":\"PropertyValueSpecification\",\"valueRequired\":true,\"valueName\":\"search_term_string\"}}],\"inLanguage\":\"fr-FR\"},{\"@type\":\"Organization\",\"@id\":\"https:\\\/\\\/www.inoxforniture.it\\\/#organization\",\"name\":\"Inox Forniture srl\",\"url\":\"https:\\\/\\\/www.inoxforniture.it\\\/\",\"logo\":{\"@type\":\"ImageObject\",\"inLanguage\":\"fr-FR\",\"@id\":\"https:\\\/\\\/www.inoxforniture.it\\\/#\\\/schema\\\/logo\\\/image\\\/\",\"url\":\"https:\\\/\\\/www.inoxforniture.it\\\/wp-content\\\/uploads\\\/2021\\\/01\\\/logo_inox.png\",\"contentUrl\":\"https:\\\/\\\/www.inoxforniture.it\\\/wp-content\\\/uploads\\\/2021\\\/01\\\/logo_inox.png\",\"width\":230,\"height\":44,\"caption\":\"Inox Forniture srl\"},\"image\":{\"@id\":\"https:\\\/\\\/www.inoxforniture.it\\\/#\\\/schema\\\/logo\\\/image\\\/\"},\"sameAs\":[\"https:\\\/\\\/www.facebook.com\\\/Inox.Forniture\",\"https:\\\/\\\/x.com\\\/InoxForniture\"]}]}<\/script>\n<!-- \/ Yoast SEO plugin. -->","yoast_head_json":{"title":"Inox Forniture - COUDE 90\u00b0 \u00c0 SOUDER INOX AISI 304","description":"Coudes \u00e0 souder en acier inoxydable AISI 304 d'\u00e9paisseur 2,0 et 3,0 mm, du diam\u00e8tre ext\u00e9rieur 17,2 mm au 219,0 mm, obtenus \u00e0 partir de tube soud\u00e9 \u00e9lectriquement.","robots":{"index":"index","follow":"follow","max-snippet":"max-snippet:-1","max-image-preview":"max-image-preview:large","max-video-preview":"max-video-preview:-1"},"canonical":"https:\/\/www.inoxforniture.it\/fr\/coude-90-a-souder-inox-aisi-304\/","og_locale":"fr_FR","og_type":"article","og_title":"Inox Forniture - COUDE 90\u00b0 \u00c0 SOUDER INOX AISI 304","og_description":"Coudes \u00e0 souder en acier inoxydable AISI 304 d'\u00e9paisseur 2,0 et 3,0 mm, du diam\u00e8tre ext\u00e9rieur 17,2 mm au 219,0 mm, obtenus \u00e0 partir de tube soud\u00e9 \u00e9lectriquement.","og_url":"https:\/\/www.inoxforniture.it\/fr\/coude-90-a-souder-inox-aisi-304\/","og_site_name":"Inox Forniture","article_publisher":"https:\/\/www.facebook.com\/Inox.Forniture","article_modified_time":"2026-01-23T17:34:50+00:00","og_image":[{"width":480,"height":480,"url":"https:\/\/www.inoxforniture.it\/wp-content\/uploads\/2014\/10\/6110000_1.jpg","type":"image\/jpeg"}],"twitter_card":"summary_large_image","twitter_site":"@InoxForniture","twitter_misc":{"Dur\u00e9e de lecture estim\u00e9e":"1 minute"},"schema":{"@context":"https:\/\/schema.org","@graph":[{"@type":"WebPage","@id":"https:\/\/www.inoxforniture.it\/fr\/coude-90-a-souder-inox-aisi-304\/","url":"https:\/\/www.inoxforniture.it\/fr\/coude-90-a-souder-inox-aisi-304\/","name":"Inox Forniture - COUDE 90\u00b0 \u00c0 SOUDER INOX AISI 304","isPartOf":{"@id":"https:\/\/www.inoxforniture.it\/#website"},"primaryImageOfPage":{"@id":"https:\/\/www.inoxforniture.it\/fr\/coude-90-a-souder-inox-aisi-304\/#primaryimage"},"image":{"@id":"https:\/\/www.inoxforniture.it\/fr\/coude-90-a-souder-inox-aisi-304\/#primaryimage"},"thumbnailUrl":"https:\/\/www.inoxforniture.it\/wp-content\/uploads\/2014\/10\/6110000_1.jpg","datePublished":"2014-10-17T11:41:37+00:00","dateModified":"2026-01-23T17:34:50+00:00","description":"Coudes \u00e0 souder en acier inoxydable AISI 304 d'\u00e9paisseur 2,0 et 3,0 mm, du diam\u00e8tre ext\u00e9rieur 17,2 mm au 219,0 mm, obtenus \u00e0 partir de tube soud\u00e9 \u00e9lectriquement.","breadcrumb":{"@id":"https:\/\/www.inoxforniture.it\/fr\/coude-90-a-souder-inox-aisi-304\/#breadcrumb"},"inLanguage":"fr-FR","potentialAction":[{"@type":"ReadAction","target":["https:\/\/www.inoxforniture.it\/fr\/coude-90-a-souder-inox-aisi-304\/"]}]},{"@type":"ImageObject","inLanguage":"fr-FR","@id":"https:\/\/www.inoxforniture.it\/fr\/coude-90-a-souder-inox-aisi-304\/#primaryimage","url":"https:\/\/www.inoxforniture.it\/wp-content\/uploads\/2014\/10\/6110000_1.jpg","contentUrl":"https:\/\/www.inoxforniture.it\/wp-content\/uploads\/2014\/10\/6110000_1.jpg","width":480,"height":480,"caption":"COUDE 90\u00b0 \u00c0 SOUDER INOX AISI 304-0"},{"@type":"BreadcrumbList","@id":"https:\/\/www.inoxforniture.it\/fr\/coude-90-a-souder-inox-aisi-304\/#breadcrumb","itemListElement":[{"@type":"ListItem","position":1,"name":"Accueil","item":"https:\/\/www.inoxforniture.it\/"},{"@type":"ListItem","position":2,"name":"Boutique","item":"https:\/\/www.inoxforniture.it\/fr\/boutique\/"},{"@type":"ListItem","position":3,"name":"Mat\u00e9riaux pour installations","item":"https:\/\/www.inoxforniture.it\/fr\/materiaux-pour-installations\/"},{"@type":"ListItem","position":4,"name":"Raccords \u00e0 souder","item":"https:\/\/www.inoxforniture.it\/fr\/raccords-a-souder\/"},{"@type":"ListItem","position":5,"name":"COUDE 90\u00b0 \u00c0 SOUDER INOX AISI 304"}]},{"@type":"WebSite","@id":"https:\/\/www.inoxforniture.it\/#website","url":"https:\/\/www.inoxforniture.it\/","name":"Inox Forniture","description":"","publisher":{"@id":"https:\/\/www.inoxforniture.it\/#organization"},"potentialAction":[{"@type":"SearchAction","target":{"@type":"EntryPoint","urlTemplate":"https:\/\/www.inoxforniture.it\/?s={search_term_string}"},"query-input":{"@type":"PropertyValueSpecification","valueRequired":true,"valueName":"search_term_string"}}],"inLanguage":"fr-FR"},{"@type":"Organization","@id":"https:\/\/www.inoxforniture.it\/#organization","name":"Inox Forniture srl","url":"https:\/\/www.inoxforniture.it\/","logo":{"@type":"ImageObject","inLanguage":"fr-FR","@id":"https:\/\/www.inoxforniture.it\/#\/schema\/logo\/image\/","url":"https:\/\/www.inoxforniture.it\/wp-content\/uploads\/2021\/01\/logo_inox.png","contentUrl":"https:\/\/www.inoxforniture.it\/wp-content\/uploads\/2021\/01\/logo_inox.png","width":230,"height":44,"caption":"Inox Forniture srl"},"image":{"@id":"https:\/\/www.inoxforniture.it\/#\/schema\/logo\/image\/"},"sameAs":["https:\/\/www.facebook.com\/Inox.Forniture","https:\/\/x.com\/InoxForniture"]}]}},"df_price":2.24,"df_sale_price":"","df_regular_price":2.24,"df_image_link":"https:\/\/www.inoxforniture.it\/wp-content\/uploads\/2014\/10\/6110000_1-300x300.jpg","tiered_pricing_type":"fixed","tiered_pricing_fixed_rules":[],"tiered_pricing_product_settings":{"layout":"default","base_unit_name":{"singular":null,"plural":null},"default_variation":null},"tiered_pricing_minimum_quantity":null,"tiered_pricing_roles_data":{"privato":{"product_id":62384,"role":"privato","pricing_type":"flat","regular_price":null,"sale_price":null,"discount":null,"discount_type":"sale_price","tiered_pricing_type":"fixed","percentage_rules":[],"fixed_rules":[],"minimum":null},"azienda":{"product_id":62384,"role":"azienda","pricing_type":"flat","regular_price":null,"sale_price":null,"discount":null,"discount_type":"sale_price","tiered_pricing_type":"fixed","percentage_rules":[],"fixed_rules":[],"minimum":null},"azienda_premium":{"product_id":62384,"role":"azienda_premium","pricing_type":"flat","regular_price":null,"sale_price":null,"discount":null,"discount_type":"sale_price","tiered_pricing_type":"fixed","percentage_rules":[],"fixed_rules":[],"minimum":null}},"tiered_pricing_percentage_rules":[],"tiered_pricing_maximum_quantity":null,"tiered_pricing_quantity_step":null,"_links":{"self":[{"href":"https:\/\/www.inoxforniture.it\/fr\/wp-json\/wp\/v2\/product\/62384","targetHints":{"allow":["GET"]}}],"collection":[{"href":"https:\/\/www.inoxforniture.it\/fr\/wp-json\/wp\/v2\/product"}],"about":[{"href":"https:\/\/www.inoxforniture.it\/fr\/wp-json\/wp\/v2\/types\/product"}],"wp:featuredmedia":[{"embeddable":true,"href":"https:\/\/www.inoxforniture.it\/fr\/wp-json\/wp\/v2\/media\/62385"}],"wp:attachment":[{"href":"https:\/\/www.inoxforniture.it\/fr\/wp-json\/wp\/v2\/media?parent=62384"}],"wp:term":[{"taxonomy":"product_brand","embeddable":true,"href":"https:\/\/www.inoxforniture.it\/fr\/wp-json\/wp\/v2\/product_brand?post=62384"},{"taxonomy":"product_cat","embeddable":true,"href":"https:\/\/www.inoxforniture.it\/fr\/wp-json\/wp\/v2\/product_cat?post=62384"},{"taxonomy":"product_tag","embeddable":true,"href":"https:\/\/www.inoxforniture.it\/fr\/wp-json\/wp\/v2\/product_tag?post=62384"}],"curies":[{"name":"wp","href":"https:\/\/api.w.org\/{rel}","templated":true}]}}