{"id":62359,"date":"2014-10-17T13:41:38","date_gmt":"2014-10-17T11:41:38","guid":{"rendered":"https:\/\/www.inoxforniture.it\/roue-blanche-pivotante-sans-platine-inox\/"},"modified":"2026-01-23T18:35:06","modified_gmt":"2026-01-23T17:35:06","slug":"roue-blanche-pivotante-sans-platine-inox","status":"publish","type":"product","link":"https:\/\/www.inoxforniture.it\/fr\/roue-blanche-pivotante-sans-platine-inox\/","title":{"rendered":"ROUE BLANCHE PIVOTANTE SANS PLATINE INOX"},"content":{"rendered":"<p>&#8211; Roue monolithique en polyamide 6, de premier choix, couleur neutre, r\u00e9sistante \u00e0 la corrosion. Roulement sur al\u00e9sage. Temp\u00e9rature d&rsquo;utilisation de -20\u00b0C \u00e0 80\u00b0C. Vitesse maximale d&rsquo;utilisation 4 km\/h. &#8211; Support et cache-billes en acier inoxydable AISI 304. Billes en acier inoxydable AISI 420.     <\/p>\n<p><img fetchpriority=\"high\" decoding=\"async\" class=\" size-full wp-image-5170\" title=\"Tableau des roues sans platine\" src=\"https:\/\/www.inoxforniture.it\/wp-content\/uploads\/2014\/10\/Tab_711FG00.jpg\" alt=\"Tableau dimensionnel et de capacit\u00e9 des roues avec support inox, sans platine\" width=\"750\" height=\"253\" srcset=\"https:\/\/www.inoxforniture.it\/wp-content\/uploads\/2014\/10\/Tab_711FG00.jpg 750w, https:\/\/www.inoxforniture.it\/wp-content\/uploads\/2014\/10\/Tab_711FG00-640x216.jpg 640w, https:\/\/www.inoxforniture.it\/wp-content\/uploads\/2014\/10\/Tab_711FG00-400x135.jpg 400w, https:\/\/www.inoxforniture.it\/wp-content\/uploads\/2014\/10\/Tab_711FG00-600x202.jpg 600w\" sizes=\"(max-width: 750px) 100vw, 750px\" \/><\/p>\n","protected":false},"excerpt":{"rendered":"<p>&#8211; Roue monolithique en polyamide 6, de premier choix, couleur neutre, r\u00e9sistante \u00e0 la corrosion.<br \/>\n&#8211; Roulement sur al\u00e9sage.<br \/>\n&#8211; Temp\u00e9rature d&rsquo;utilisation de -20\u00b0C \u00e0 80\u00b0C.<br \/>\n&#8211; Vitesse maximale d&rsquo;utilisation 4 km\/h.<br \/>\n&#8211; Support et cache-billes en acier inoxydable AISI 304. Billes en acier inoxydable AISI 420. <\/p>\n","protected":false},"featured_media":62360,"template":"","meta":{"_acf_changed":false},"product_brand":[],"product_cat":[4106],"product_tag":[],"class_list":{"0":"post-62359","1":"product","2":"type-product","3":"status-publish","4":"has-post-thumbnail","6":"product_cat-roues-avec-supports-inox","7":"pa_marchio-inox-forniture","8":"pa_prodotto-diametre-roue-o-80-mm","9":"pa_prodotto-diametre-roue-o100-mm","10":"pa_prodotto-diametre-roue-o125-mm","11":"pa_prodotto-diametre-roue-o150-mm","12":"pa_prodotto-diametre-roue-o200-mm","14":"first","15":"instock","16":"taxable","17":"shipping-taxable","18":"purchasable","19":"product-type-variable"},"acf":[],"yoast_head":"<!-- This site is optimized with the Yoast SEO plugin v27.3 - https:\/\/yoast.com\/product\/yoast-seo-wordpress\/ -->\n<title>ROUE BLANCHE PIVOTANTE SANS PLATINE INOX - Inox Forniture<\/title>\n<meta name=\"robots\" content=\"index, follow, max-snippet:-1, max-image-preview:large, max-video-preview:-1\" \/>\n<link rel=\"canonical\" href=\"https:\/\/www.inoxforniture.it\/fr\/roue-blanche-pivotante-sans-platine-inox\/\" \/>\n<meta property=\"og:locale\" content=\"fr_FR\" \/>\n<meta property=\"og:type\" content=\"article\" \/>\n<meta property=\"og:title\" content=\"ROUE BLANCHE PIVOTANTE SANS PLATINE INOX - Inox Forniture\" \/>\n<meta property=\"og:description\" content=\"- Roue monolithique en polyamide 6, de premier choix, couleur neutre, r\u00e9sistante \u00e0 la corrosion. - Roulement sur al\u00e9sage. - Temp\u00e9rature d&#039;utilisation de -20\u00b0C \u00e0 80\u00b0C. - Vitesse maximale d&#039;utilisation 4 km\/h. - Support et cache-billes en acier inoxydable AISI 304. Billes en acier inoxydable AISI 420.\" \/>\n<meta property=\"og:url\" content=\"https:\/\/www.inoxforniture.it\/fr\/roue-blanche-pivotante-sans-platine-inox\/\" \/>\n<meta property=\"og:site_name\" content=\"Inox Forniture\" \/>\n<meta property=\"article:publisher\" content=\"https:\/\/www.facebook.com\/Inox.Forniture\" \/>\n<meta property=\"article:modified_time\" content=\"2026-01-23T17:35:06+00:00\" \/>\n<meta property=\"og:image\" content=\"https:\/\/www.inoxforniture.it\/wp-content\/uploads\/2014\/10\/711fg0_1.png\" \/>\n\t<meta property=\"og:image:width\" content=\"480\" \/>\n\t<meta property=\"og:image:height\" content=\"480\" \/>\n\t<meta property=\"og:image:type\" content=\"image\/png\" \/>\n<meta name=\"twitter:card\" content=\"summary_large_image\" \/>\n<meta name=\"twitter:site\" content=\"@InoxForniture\" \/>\n<script type=\"application\/ld+json\" class=\"yoast-schema-graph\">{\"@context\":\"https:\\\/\\\/schema.org\",\"@graph\":[{\"@type\":\"WebPage\",\"@id\":\"https:\\\/\\\/www.inoxforniture.it\\\/fr\\\/roue-blanche-pivotante-sans-platine-inox\\\/\",\"url\":\"https:\\\/\\\/www.inoxforniture.it\\\/fr\\\/roue-blanche-pivotante-sans-platine-inox\\\/\",\"name\":\"ROUE BLANCHE PIVOTANTE SANS PLATINE INOX - Inox Forniture\",\"isPartOf\":{\"@id\":\"https:\\\/\\\/www.inoxforniture.it\\\/#website\"},\"primaryImageOfPage\":{\"@id\":\"https:\\\/\\\/www.inoxforniture.it\\\/fr\\\/roue-blanche-pivotante-sans-platine-inox\\\/#primaryimage\"},\"image\":{\"@id\":\"https:\\\/\\\/www.inoxforniture.it\\\/fr\\\/roue-blanche-pivotante-sans-platine-inox\\\/#primaryimage\"},\"thumbnailUrl\":\"https:\\\/\\\/www.inoxforniture.it\\\/wp-content\\\/uploads\\\/2014\\\/10\\\/711fg0_1.png\",\"datePublished\":\"2014-10-17T11:41:38+00:00\",\"dateModified\":\"2026-01-23T17:35:06+00:00\",\"breadcrumb\":{\"@id\":\"https:\\\/\\\/www.inoxforniture.it\\\/fr\\\/roue-blanche-pivotante-sans-platine-inox\\\/#breadcrumb\"},\"inLanguage\":\"fr-FR\",\"potentialAction\":[{\"@type\":\"ReadAction\",\"target\":[\"https:\\\/\\\/www.inoxforniture.it\\\/fr\\\/roue-blanche-pivotante-sans-platine-inox\\\/\"]}]},{\"@type\":\"ImageObject\",\"inLanguage\":\"fr-FR\",\"@id\":\"https:\\\/\\\/www.inoxforniture.it\\\/fr\\\/roue-blanche-pivotante-sans-platine-inox\\\/#primaryimage\",\"url\":\"https:\\\/\\\/www.inoxforniture.it\\\/wp-content\\\/uploads\\\/2014\\\/10\\\/711fg0_1.png\",\"contentUrl\":\"https:\\\/\\\/www.inoxforniture.it\\\/wp-content\\\/uploads\\\/2014\\\/10\\\/711fg0_1.png\",\"width\":480,\"height\":480,\"caption\":\"ROUE BLANCHE PIVOTANTE SANS PLATINE INOX-0\"},{\"@type\":\"BreadcrumbList\",\"@id\":\"https:\\\/\\\/www.inoxforniture.it\\\/fr\\\/roue-blanche-pivotante-sans-platine-inox\\\/#breadcrumb\",\"itemListElement\":[{\"@type\":\"ListItem\",\"position\":1,\"name\":\"Accueil\",\"item\":\"https:\\\/\\\/www.inoxforniture.it\\\/\"},{\"@type\":\"ListItem\",\"position\":2,\"name\":\"Boutique\",\"item\":\"https:\\\/\\\/www.inoxforniture.it\\\/fr\\\/boutique\\\/\"},{\"@type\":\"ListItem\",\"position\":3,\"name\":\"Quincaillerie inox\",\"item\":\"https:\\\/\\\/www.inoxforniture.it\\\/fr\\\/quincaillerie-inox\\\/\"},{\"@type\":\"ListItem\",\"position\":4,\"name\":\"Roues avec supports inox\",\"item\":\"https:\\\/\\\/www.inoxforniture.it\\\/fr\\\/roues-avec-supports-inox\\\/\"},{\"@type\":\"ListItem\",\"position\":5,\"name\":\"ROUE BLANCHE PIVOTANTE SANS PLATINE INOX\"}]},{\"@type\":\"WebSite\",\"@id\":\"https:\\\/\\\/www.inoxforniture.it\\\/#website\",\"url\":\"https:\\\/\\\/www.inoxforniture.it\\\/\",\"name\":\"Inox Forniture\",\"description\":\"\",\"publisher\":{\"@id\":\"https:\\\/\\\/www.inoxforniture.it\\\/#organization\"},\"potentialAction\":[{\"@type\":\"SearchAction\",\"target\":{\"@type\":\"EntryPoint\",\"urlTemplate\":\"https:\\\/\\\/www.inoxforniture.it\\\/?s={search_term_string}\"},\"query-input\":{\"@type\":\"PropertyValueSpecification\",\"valueRequired\":true,\"valueName\":\"search_term_string\"}}],\"inLanguage\":\"fr-FR\"},{\"@type\":\"Organization\",\"@id\":\"https:\\\/\\\/www.inoxforniture.it\\\/#organization\",\"name\":\"Inox Forniture srl\",\"url\":\"https:\\\/\\\/www.inoxforniture.it\\\/\",\"logo\":{\"@type\":\"ImageObject\",\"inLanguage\":\"fr-FR\",\"@id\":\"https:\\\/\\\/www.inoxforniture.it\\\/#\\\/schema\\\/logo\\\/image\\\/\",\"url\":\"https:\\\/\\\/www.inoxforniture.it\\\/wp-content\\\/uploads\\\/2021\\\/01\\\/logo_inox.png\",\"contentUrl\":\"https:\\\/\\\/www.inoxforniture.it\\\/wp-content\\\/uploads\\\/2021\\\/01\\\/logo_inox.png\",\"width\":230,\"height\":44,\"caption\":\"Inox Forniture srl\"},\"image\":{\"@id\":\"https:\\\/\\\/www.inoxforniture.it\\\/#\\\/schema\\\/logo\\\/image\\\/\"},\"sameAs\":[\"https:\\\/\\\/www.facebook.com\\\/Inox.Forniture\",\"https:\\\/\\\/x.com\\\/InoxForniture\"]}]}<\/script>\n<!-- \/ Yoast SEO plugin. -->","yoast_head_json":{"title":"ROUE BLANCHE PIVOTANTE SANS PLATINE INOX - Inox Forniture","robots":{"index":"index","follow":"follow","max-snippet":"max-snippet:-1","max-image-preview":"max-image-preview:large","max-video-preview":"max-video-preview:-1"},"canonical":"https:\/\/www.inoxforniture.it\/fr\/roue-blanche-pivotante-sans-platine-inox\/","og_locale":"fr_FR","og_type":"article","og_title":"ROUE BLANCHE PIVOTANTE SANS PLATINE INOX - Inox Forniture","og_description":"- Roue monolithique en polyamide 6, de premier choix, couleur neutre, r\u00e9sistante \u00e0 la corrosion. - Roulement sur al\u00e9sage. - Temp\u00e9rature d'utilisation de -20\u00b0C \u00e0 80\u00b0C. - Vitesse maximale d'utilisation 4 km\/h. - Support et cache-billes en acier inoxydable AISI 304. Billes en acier inoxydable AISI 420.","og_url":"https:\/\/www.inoxforniture.it\/fr\/roue-blanche-pivotante-sans-platine-inox\/","og_site_name":"Inox Forniture","article_publisher":"https:\/\/www.facebook.com\/Inox.Forniture","article_modified_time":"2026-01-23T17:35:06+00:00","og_image":[{"width":480,"height":480,"url":"https:\/\/www.inoxforniture.it\/wp-content\/uploads\/2014\/10\/711fg0_1.png","type":"image\/png"}],"twitter_card":"summary_large_image","twitter_site":"@InoxForniture","schema":{"@context":"https:\/\/schema.org","@graph":[{"@type":"WebPage","@id":"https:\/\/www.inoxforniture.it\/fr\/roue-blanche-pivotante-sans-platine-inox\/","url":"https:\/\/www.inoxforniture.it\/fr\/roue-blanche-pivotante-sans-platine-inox\/","name":"ROUE BLANCHE PIVOTANTE SANS PLATINE INOX - Inox Forniture","isPartOf":{"@id":"https:\/\/www.inoxforniture.it\/#website"},"primaryImageOfPage":{"@id":"https:\/\/www.inoxforniture.it\/fr\/roue-blanche-pivotante-sans-platine-inox\/#primaryimage"},"image":{"@id":"https:\/\/www.inoxforniture.it\/fr\/roue-blanche-pivotante-sans-platine-inox\/#primaryimage"},"thumbnailUrl":"https:\/\/www.inoxforniture.it\/wp-content\/uploads\/2014\/10\/711fg0_1.png","datePublished":"2014-10-17T11:41:38+00:00","dateModified":"2026-01-23T17:35:06+00:00","breadcrumb":{"@id":"https:\/\/www.inoxforniture.it\/fr\/roue-blanche-pivotante-sans-platine-inox\/#breadcrumb"},"inLanguage":"fr-FR","potentialAction":[{"@type":"ReadAction","target":["https:\/\/www.inoxforniture.it\/fr\/roue-blanche-pivotante-sans-platine-inox\/"]}]},{"@type":"ImageObject","inLanguage":"fr-FR","@id":"https:\/\/www.inoxforniture.it\/fr\/roue-blanche-pivotante-sans-platine-inox\/#primaryimage","url":"https:\/\/www.inoxforniture.it\/wp-content\/uploads\/2014\/10\/711fg0_1.png","contentUrl":"https:\/\/www.inoxforniture.it\/wp-content\/uploads\/2014\/10\/711fg0_1.png","width":480,"height":480,"caption":"ROUE BLANCHE PIVOTANTE SANS PLATINE INOX-0"},{"@type":"BreadcrumbList","@id":"https:\/\/www.inoxforniture.it\/fr\/roue-blanche-pivotante-sans-platine-inox\/#breadcrumb","itemListElement":[{"@type":"ListItem","position":1,"name":"Accueil","item":"https:\/\/www.inoxforniture.it\/"},{"@type":"ListItem","position":2,"name":"Boutique","item":"https:\/\/www.inoxforniture.it\/fr\/boutique\/"},{"@type":"ListItem","position":3,"name":"Quincaillerie inox","item":"https:\/\/www.inoxforniture.it\/fr\/quincaillerie-inox\/"},{"@type":"ListItem","position":4,"name":"Roues avec supports inox","item":"https:\/\/www.inoxforniture.it\/fr\/roues-avec-supports-inox\/"},{"@type":"ListItem","position":5,"name":"ROUE BLANCHE PIVOTANTE SANS PLATINE INOX"}]},{"@type":"WebSite","@id":"https:\/\/www.inoxforniture.it\/#website","url":"https:\/\/www.inoxforniture.it\/","name":"Inox Forniture","description":"","publisher":{"@id":"https:\/\/www.inoxforniture.it\/#organization"},"potentialAction":[{"@type":"SearchAction","target":{"@type":"EntryPoint","urlTemplate":"https:\/\/www.inoxforniture.it\/?s={search_term_string}"},"query-input":{"@type":"PropertyValueSpecification","valueRequired":true,"valueName":"search_term_string"}}],"inLanguage":"fr-FR"},{"@type":"Organization","@id":"https:\/\/www.inoxforniture.it\/#organization","name":"Inox Forniture srl","url":"https:\/\/www.inoxforniture.it\/","logo":{"@type":"ImageObject","inLanguage":"fr-FR","@id":"https:\/\/www.inoxforniture.it\/#\/schema\/logo\/image\/","url":"https:\/\/www.inoxforniture.it\/wp-content\/uploads\/2021\/01\/logo_inox.png","contentUrl":"https:\/\/www.inoxforniture.it\/wp-content\/uploads\/2021\/01\/logo_inox.png","width":230,"height":44,"caption":"Inox Forniture srl"},"image":{"@id":"https:\/\/www.inoxforniture.it\/#\/schema\/logo\/image\/"},"sameAs":["https:\/\/www.facebook.com\/Inox.Forniture","https:\/\/x.com\/InoxForniture"]}]}},"df_price":18.42,"df_sale_price":"","df_regular_price":18.42,"df_image_link":"https:\/\/www.inoxforniture.it\/wp-content\/uploads\/2014\/10\/711fg0_1-300x300.png","tiered_pricing_type":"fixed","tiered_pricing_fixed_rules":[],"tiered_pricing_product_settings":{"layout":"default","base_unit_name":{"singular":null,"plural":null},"default_variation":null},"tiered_pricing_minimum_quantity":null,"tiered_pricing_roles_data":{"privato":{"product_id":62359,"role":"privato","pricing_type":"flat","regular_price":null,"sale_price":null,"discount":null,"discount_type":"sale_price","tiered_pricing_type":"fixed","percentage_rules":[],"fixed_rules":[],"minimum":null},"azienda":{"product_id":62359,"role":"azienda","pricing_type":"flat","regular_price":null,"sale_price":null,"discount":null,"discount_type":"sale_price","tiered_pricing_type":"fixed","percentage_rules":[],"fixed_rules":[],"minimum":null},"azienda_premium":{"product_id":62359,"role":"azienda_premium","pricing_type":"flat","regular_price":null,"sale_price":null,"discount":null,"discount_type":"sale_price","tiered_pricing_type":"fixed","percentage_rules":[],"fixed_rules":[],"minimum":null}},"tiered_pricing_percentage_rules":[],"tiered_pricing_maximum_quantity":null,"tiered_pricing_quantity_step":null,"_links":{"self":[{"href":"https:\/\/www.inoxforniture.it\/fr\/wp-json\/wp\/v2\/product\/62359","targetHints":{"allow":["GET"]}}],"collection":[{"href":"https:\/\/www.inoxforniture.it\/fr\/wp-json\/wp\/v2\/product"}],"about":[{"href":"https:\/\/www.inoxforniture.it\/fr\/wp-json\/wp\/v2\/types\/product"}],"wp:featuredmedia":[{"embeddable":true,"href":"https:\/\/www.inoxforniture.it\/fr\/wp-json\/wp\/v2\/media\/62360"}],"wp:attachment":[{"href":"https:\/\/www.inoxforniture.it\/fr\/wp-json\/wp\/v2\/media?parent=62359"}],"wp:term":[{"taxonomy":"product_brand","embeddable":true,"href":"https:\/\/www.inoxforniture.it\/fr\/wp-json\/wp\/v2\/product_brand?post=62359"},{"taxonomy":"product_cat","embeddable":true,"href":"https:\/\/www.inoxforniture.it\/fr\/wp-json\/wp\/v2\/product_cat?post=62359"},{"taxonomy":"product_tag","embeddable":true,"href":"https:\/\/www.inoxforniture.it\/fr\/wp-json\/wp\/v2\/product_tag?post=62359"}],"curies":[{"name":"wp","href":"https:\/\/api.w.org\/{rel}","templated":true}]}}