{"id":61936,"date":"2014-10-17T13:41:38","date_gmt":"2014-10-17T11:41:38","guid":{"rendered":"https:\/\/www.inoxforniture.it\/chevilles-top-a4\/"},"modified":"2026-01-23T18:35:34","modified_gmt":"2026-01-23T17:35:34","slug":"chevilles-top-a4","status":"publish","type":"product","link":"https:\/\/www.inoxforniture.it\/fr\/chevilles-top-a4\/","title":{"rendered":"CHEVILLES TOP A4"},"content":{"rendered":"<p><!--ScriptorStartFragment-->Les chevilles TOP en acier inoxydable A4 (AISI 316) sans accessoires sont des ancrages m\u00e9caniques haute performance, id\u00e9aux pour des fixations s\u00fbres et durables en environnements corrosifs et industriels. Ces chevilles sont con\u00e7ues pour applications sur b\u00e9ton non fissur\u00e9, dalles alv\u00e9olaires et mat\u00e9riaux pleins de faible \u00e9paisseur. Gr\u00e2ce \u00e0 leur g\u00e9om\u00e9trie anti-rotation et leur expansion douce, elles garantissent une installation simple et fiable. Elles sont parfaites pour les applications n\u00e9cessitant haute r\u00e9sistance et fiabilit\u00e9.   <!--ScriptorEndFragment--><\/p>\n","protected":false},"excerpt":{"rendered":"<div><!--ScriptorStartFragment--><\/p>\n<div class=\"scriptor-paragraph\">Chevilles TOP en acier inoxydable A4 (AISI 316) sans accessoires pour fixations s\u00fbres et durables en milieux corrosifs.<\/div>\n<p><!--ScriptorEndFragment--><\/div>\n","protected":false},"featured_media":61937,"template":"","meta":{"_acf_changed":false},"product_brand":[],"product_cat":[4134],"product_tag":[4690,5165,5167,5166],"class_list":{"0":"post-61936","1":"product","2":"type-product","3":"status-publish","4":"has-post-thumbnail","6":"product_cat-chevilles","7":"product_tag-aisi-316","8":"product_tag-chevilles-inox","9":"product_tag-environnements-corrosifs","10":"product_tag-fixations-sures","11":"pa_marchio-inox-forniture","12":"pa_prodotto-m-10-cheville-14x60","13":"pa_prodotto-m-12-cheville-18x75","14":"pa_prodotto-m-6-cheville-10x45","15":"pa_prodotto-m-8-cheville-12x51","17":"first","18":"instock","19":"taxable","20":"shipping-taxable","21":"purchasable","22":"product-type-variable"},"acf":[],"yoast_head":"<!-- This site is optimized with the Yoast SEO plugin v27.3 - https:\/\/yoast.com\/product\/yoast-seo-wordpress\/ -->\n<title>Chevilles TOP en acier inoxydable A4 (AISI 316) pour fixations s\u00fbres - Inox Forniture<\/title>\n<meta name=\"description\" content=\"Achetez les chevilles TOP en acier inoxydable A4 (AISI 316) pour des fixations s\u00fbres et durables en milieux corrosifs. Id\u00e9ales pour mat\u00e9riaux pleins.\" \/>\n<meta name=\"robots\" content=\"index, follow, max-snippet:-1, max-image-preview:large, max-video-preview:-1\" \/>\n<link rel=\"canonical\" href=\"https:\/\/www.inoxforniture.it\/fr\/chevilles-top-a4\/\" \/>\n<meta property=\"og:locale\" content=\"fr_FR\" \/>\n<meta property=\"og:type\" content=\"article\" \/>\n<meta property=\"og:title\" content=\"Chevilles TOP en acier inoxydable A4 (AISI 316) pour fixations s\u00fbres - Inox Forniture\" \/>\n<meta property=\"og:description\" content=\"Achetez les chevilles TOP en acier inoxydable A4 (AISI 316) pour des fixations s\u00fbres et durables en milieux corrosifs. Id\u00e9ales pour mat\u00e9riaux pleins.\" \/>\n<meta property=\"og:url\" content=\"https:\/\/www.inoxforniture.it\/fr\/chevilles-top-a4\/\" \/>\n<meta property=\"og:site_name\" content=\"Inox Forniture\" \/>\n<meta property=\"article:publisher\" content=\"https:\/\/www.facebook.com\/Inox.Forniture\" \/>\n<meta property=\"article:modified_time\" content=\"2026-01-23T17:35:34+00:00\" \/>\n<meta property=\"og:image\" content=\"https:\/\/www.inoxforniture.it\/wp-content\/uploads\/2014\/10\/8560000_1_1.jpg\" \/>\n\t<meta property=\"og:image:width\" content=\"480\" \/>\n\t<meta property=\"og:image:height\" content=\"480\" \/>\n\t<meta property=\"og:image:type\" content=\"image\/jpeg\" \/>\n<meta name=\"twitter:card\" content=\"summary_large_image\" \/>\n<meta name=\"twitter:site\" content=\"@InoxForniture\" \/>\n<script type=\"application\/ld+json\" class=\"yoast-schema-graph\">{\"@context\":\"https:\\\/\\\/schema.org\",\"@graph\":[{\"@type\":\"WebPage\",\"@id\":\"https:\\\/\\\/www.inoxforniture.it\\\/fr\\\/chevilles-top-a4\\\/\",\"url\":\"https:\\\/\\\/www.inoxforniture.it\\\/fr\\\/chevilles-top-a4\\\/\",\"name\":\"Chevilles TOP en acier inoxydable A4 (AISI 316) pour fixations s\u00fbres - Inox Forniture\",\"isPartOf\":{\"@id\":\"https:\\\/\\\/www.inoxforniture.it\\\/#website\"},\"primaryImageOfPage\":{\"@id\":\"https:\\\/\\\/www.inoxforniture.it\\\/fr\\\/chevilles-top-a4\\\/#primaryimage\"},\"image\":{\"@id\":\"https:\\\/\\\/www.inoxforniture.it\\\/fr\\\/chevilles-top-a4\\\/#primaryimage\"},\"thumbnailUrl\":\"https:\\\/\\\/www.inoxforniture.it\\\/wp-content\\\/uploads\\\/2014\\\/10\\\/8560000_1_1.jpg\",\"datePublished\":\"2014-10-17T11:41:38+00:00\",\"dateModified\":\"2026-01-23T17:35:34+00:00\",\"description\":\"Achetez les chevilles TOP en acier inoxydable A4 (AISI 316) pour des fixations s\u00fbres et durables en milieux corrosifs. Id\u00e9ales pour mat\u00e9riaux pleins.\",\"breadcrumb\":{\"@id\":\"https:\\\/\\\/www.inoxforniture.it\\\/fr\\\/chevilles-top-a4\\\/#breadcrumb\"},\"inLanguage\":\"fr-FR\",\"potentialAction\":[{\"@type\":\"ReadAction\",\"target\":[\"https:\\\/\\\/www.inoxforniture.it\\\/fr\\\/chevilles-top-a4\\\/\"]}]},{\"@type\":\"ImageObject\",\"inLanguage\":\"fr-FR\",\"@id\":\"https:\\\/\\\/www.inoxforniture.it\\\/fr\\\/chevilles-top-a4\\\/#primaryimage\",\"url\":\"https:\\\/\\\/www.inoxforniture.it\\\/wp-content\\\/uploads\\\/2014\\\/10\\\/8560000_1_1.jpg\",\"contentUrl\":\"https:\\\/\\\/www.inoxforniture.it\\\/wp-content\\\/uploads\\\/2014\\\/10\\\/8560000_1_1.jpg\",\"width\":480,\"height\":480,\"caption\":\"Chevilles TOP en acier inoxydable A4 (AISI 316) pour fixations s\u00fbres et durables\"},{\"@type\":\"BreadcrumbList\",\"@id\":\"https:\\\/\\\/www.inoxforniture.it\\\/fr\\\/chevilles-top-a4\\\/#breadcrumb\",\"itemListElement\":[{\"@type\":\"ListItem\",\"position\":1,\"name\":\"Accueil\",\"item\":\"https:\\\/\\\/www.inoxforniture.it\\\/\"},{\"@type\":\"ListItem\",\"position\":2,\"name\":\"Boutique\",\"item\":\"https:\\\/\\\/www.inoxforniture.it\\\/fr\\\/boutique\\\/\"},{\"@type\":\"ListItem\",\"position\":3,\"name\":\"Quincaillerie inox\",\"item\":\"https:\\\/\\\/www.inoxforniture.it\\\/fr\\\/quincaillerie-inox\\\/\"},{\"@type\":\"ListItem\",\"position\":4,\"name\":\"Visserie et fixation\",\"item\":\"https:\\\/\\\/www.inoxforniture.it\\\/fr\\\/visserie-et-fixation\\\/\"},{\"@type\":\"ListItem\",\"position\":5,\"name\":\"Chevilles\",\"item\":\"https:\\\/\\\/www.inoxforniture.it\\\/fr\\\/chevilles\\\/\"},{\"@type\":\"ListItem\",\"position\":6,\"name\":\"CHEVILLES TOP A4\"}]},{\"@type\":\"WebSite\",\"@id\":\"https:\\\/\\\/www.inoxforniture.it\\\/#website\",\"url\":\"https:\\\/\\\/www.inoxforniture.it\\\/\",\"name\":\"Inox Forniture\",\"description\":\"\",\"publisher\":{\"@id\":\"https:\\\/\\\/www.inoxforniture.it\\\/#organization\"},\"potentialAction\":[{\"@type\":\"SearchAction\",\"target\":{\"@type\":\"EntryPoint\",\"urlTemplate\":\"https:\\\/\\\/www.inoxforniture.it\\\/?s={search_term_string}\"},\"query-input\":{\"@type\":\"PropertyValueSpecification\",\"valueRequired\":true,\"valueName\":\"search_term_string\"}}],\"inLanguage\":\"fr-FR\"},{\"@type\":\"Organization\",\"@id\":\"https:\\\/\\\/www.inoxforniture.it\\\/#organization\",\"name\":\"Inox Forniture srl\",\"url\":\"https:\\\/\\\/www.inoxforniture.it\\\/\",\"logo\":{\"@type\":\"ImageObject\",\"inLanguage\":\"fr-FR\",\"@id\":\"https:\\\/\\\/www.inoxforniture.it\\\/#\\\/schema\\\/logo\\\/image\\\/\",\"url\":\"https:\\\/\\\/www.inoxforniture.it\\\/wp-content\\\/uploads\\\/2021\\\/01\\\/logo_inox.png\",\"contentUrl\":\"https:\\\/\\\/www.inoxforniture.it\\\/wp-content\\\/uploads\\\/2021\\\/01\\\/logo_inox.png\",\"width\":230,\"height\":44,\"caption\":\"Inox Forniture srl\"},\"image\":{\"@id\":\"https:\\\/\\\/www.inoxforniture.it\\\/#\\\/schema\\\/logo\\\/image\\\/\"},\"sameAs\":[\"https:\\\/\\\/www.facebook.com\\\/Inox.Forniture\",\"https:\\\/\\\/x.com\\\/InoxForniture\"]}]}<\/script>\n<!-- \/ Yoast SEO plugin. -->","yoast_head_json":{"title":"Chevilles TOP en acier inoxydable A4 (AISI 316) pour fixations s\u00fbres - Inox Forniture","description":"Achetez les chevilles TOP en acier inoxydable A4 (AISI 316) pour des fixations s\u00fbres et durables en milieux corrosifs. Id\u00e9ales pour mat\u00e9riaux pleins.","robots":{"index":"index","follow":"follow","max-snippet":"max-snippet:-1","max-image-preview":"max-image-preview:large","max-video-preview":"max-video-preview:-1"},"canonical":"https:\/\/www.inoxforniture.it\/fr\/chevilles-top-a4\/","og_locale":"fr_FR","og_type":"article","og_title":"Chevilles TOP en acier inoxydable A4 (AISI 316) pour fixations s\u00fbres - Inox Forniture","og_description":"Achetez les chevilles TOP en acier inoxydable A4 (AISI 316) pour des fixations s\u00fbres et durables en milieux corrosifs. Id\u00e9ales pour mat\u00e9riaux pleins.","og_url":"https:\/\/www.inoxforniture.it\/fr\/chevilles-top-a4\/","og_site_name":"Inox Forniture","article_publisher":"https:\/\/www.facebook.com\/Inox.Forniture","article_modified_time":"2026-01-23T17:35:34+00:00","og_image":[{"width":480,"height":480,"url":"https:\/\/www.inoxforniture.it\/wp-content\/uploads\/2014\/10\/8560000_1_1.jpg","type":"image\/jpeg"}],"twitter_card":"summary_large_image","twitter_site":"@InoxForniture","schema":{"@context":"https:\/\/schema.org","@graph":[{"@type":"WebPage","@id":"https:\/\/www.inoxforniture.it\/fr\/chevilles-top-a4\/","url":"https:\/\/www.inoxforniture.it\/fr\/chevilles-top-a4\/","name":"Chevilles TOP en acier inoxydable A4 (AISI 316) pour fixations s\u00fbres - Inox Forniture","isPartOf":{"@id":"https:\/\/www.inoxforniture.it\/#website"},"primaryImageOfPage":{"@id":"https:\/\/www.inoxforniture.it\/fr\/chevilles-top-a4\/#primaryimage"},"image":{"@id":"https:\/\/www.inoxforniture.it\/fr\/chevilles-top-a4\/#primaryimage"},"thumbnailUrl":"https:\/\/www.inoxforniture.it\/wp-content\/uploads\/2014\/10\/8560000_1_1.jpg","datePublished":"2014-10-17T11:41:38+00:00","dateModified":"2026-01-23T17:35:34+00:00","description":"Achetez les chevilles TOP en acier inoxydable A4 (AISI 316) pour des fixations s\u00fbres et durables en milieux corrosifs. Id\u00e9ales pour mat\u00e9riaux pleins.","breadcrumb":{"@id":"https:\/\/www.inoxforniture.it\/fr\/chevilles-top-a4\/#breadcrumb"},"inLanguage":"fr-FR","potentialAction":[{"@type":"ReadAction","target":["https:\/\/www.inoxforniture.it\/fr\/chevilles-top-a4\/"]}]},{"@type":"ImageObject","inLanguage":"fr-FR","@id":"https:\/\/www.inoxforniture.it\/fr\/chevilles-top-a4\/#primaryimage","url":"https:\/\/www.inoxforniture.it\/wp-content\/uploads\/2014\/10\/8560000_1_1.jpg","contentUrl":"https:\/\/www.inoxforniture.it\/wp-content\/uploads\/2014\/10\/8560000_1_1.jpg","width":480,"height":480,"caption":"Chevilles TOP en acier inoxydable A4 (AISI 316) pour fixations s\u00fbres et durables"},{"@type":"BreadcrumbList","@id":"https:\/\/www.inoxforniture.it\/fr\/chevilles-top-a4\/#breadcrumb","itemListElement":[{"@type":"ListItem","position":1,"name":"Accueil","item":"https:\/\/www.inoxforniture.it\/"},{"@type":"ListItem","position":2,"name":"Boutique","item":"https:\/\/www.inoxforniture.it\/fr\/boutique\/"},{"@type":"ListItem","position":3,"name":"Quincaillerie inox","item":"https:\/\/www.inoxforniture.it\/fr\/quincaillerie-inox\/"},{"@type":"ListItem","position":4,"name":"Visserie et fixation","item":"https:\/\/www.inoxforniture.it\/fr\/visserie-et-fixation\/"},{"@type":"ListItem","position":5,"name":"Chevilles","item":"https:\/\/www.inoxforniture.it\/fr\/chevilles\/"},{"@type":"ListItem","position":6,"name":"CHEVILLES TOP A4"}]},{"@type":"WebSite","@id":"https:\/\/www.inoxforniture.it\/#website","url":"https:\/\/www.inoxforniture.it\/","name":"Inox Forniture","description":"","publisher":{"@id":"https:\/\/www.inoxforniture.it\/#organization"},"potentialAction":[{"@type":"SearchAction","target":{"@type":"EntryPoint","urlTemplate":"https:\/\/www.inoxforniture.it\/?s={search_term_string}"},"query-input":{"@type":"PropertyValueSpecification","valueRequired":true,"valueName":"search_term_string"}}],"inLanguage":"fr-FR"},{"@type":"Organization","@id":"https:\/\/www.inoxforniture.it\/#organization","name":"Inox Forniture srl","url":"https:\/\/www.inoxforniture.it\/","logo":{"@type":"ImageObject","inLanguage":"fr-FR","@id":"https:\/\/www.inoxforniture.it\/#\/schema\/logo\/image\/","url":"https:\/\/www.inoxforniture.it\/wp-content\/uploads\/2021\/01\/logo_inox.png","contentUrl":"https:\/\/www.inoxforniture.it\/wp-content\/uploads\/2021\/01\/logo_inox.png","width":230,"height":44,"caption":"Inox Forniture srl"},"image":{"@id":"https:\/\/www.inoxforniture.it\/#\/schema\/logo\/image\/"},"sameAs":["https:\/\/www.facebook.com\/Inox.Forniture","https:\/\/x.com\/InoxForniture"]}]}},"df_price":2.7,"df_sale_price":"","df_regular_price":2.7,"df_image_link":"https:\/\/www.inoxforniture.it\/wp-content\/uploads\/2014\/10\/8560000_1_1-300x300.jpg","tiered_pricing_type":"fixed","tiered_pricing_fixed_rules":[],"tiered_pricing_product_settings":{"layout":"default","base_unit_name":{"singular":null,"plural":null},"default_variation":null},"tiered_pricing_minimum_quantity":null,"tiered_pricing_roles_data":{"privato":{"product_id":61936,"role":"privato","pricing_type":"flat","regular_price":null,"sale_price":null,"discount":null,"discount_type":"sale_price","tiered_pricing_type":"fixed","percentage_rules":[],"fixed_rules":[],"minimum":null},"azienda":{"product_id":61936,"role":"azienda","pricing_type":"flat","regular_price":null,"sale_price":null,"discount":null,"discount_type":"sale_price","tiered_pricing_type":"fixed","percentage_rules":[],"fixed_rules":[],"minimum":null},"azienda_premium":{"product_id":61936,"role":"azienda_premium","pricing_type":"flat","regular_price":null,"sale_price":null,"discount":null,"discount_type":"sale_price","tiered_pricing_type":"fixed","percentage_rules":[],"fixed_rules":[],"minimum":null}},"tiered_pricing_percentage_rules":[],"tiered_pricing_maximum_quantity":null,"tiered_pricing_quantity_step":null,"_links":{"self":[{"href":"https:\/\/www.inoxforniture.it\/fr\/wp-json\/wp\/v2\/product\/61936","targetHints":{"allow":["GET"]}}],"collection":[{"href":"https:\/\/www.inoxforniture.it\/fr\/wp-json\/wp\/v2\/product"}],"about":[{"href":"https:\/\/www.inoxforniture.it\/fr\/wp-json\/wp\/v2\/types\/product"}],"wp:featuredmedia":[{"embeddable":true,"href":"https:\/\/www.inoxforniture.it\/fr\/wp-json\/wp\/v2\/media\/61937"}],"wp:attachment":[{"href":"https:\/\/www.inoxforniture.it\/fr\/wp-json\/wp\/v2\/media?parent=61936"}],"wp:term":[{"taxonomy":"product_brand","embeddable":true,"href":"https:\/\/www.inoxforniture.it\/fr\/wp-json\/wp\/v2\/product_brand?post=61936"},{"taxonomy":"product_cat","embeddable":true,"href":"https:\/\/www.inoxforniture.it\/fr\/wp-json\/wp\/v2\/product_cat?post=61936"},{"taxonomy":"product_tag","embeddable":true,"href":"https:\/\/www.inoxforniture.it\/fr\/wp-json\/wp\/v2\/product_tag?post=61936"}],"curies":[{"name":"wp","href":"https:\/\/api.w.org\/{rel}","templated":true}]}}