{"id":61885,"date":"2014-10-17T13:41:38","date_gmt":"2014-10-17T11:41:38","guid":{"rendered":"https:\/\/www.inoxforniture.it\/vis-metrique-din-912-inox-a2\/"},"modified":"2026-01-23T18:35:11","modified_gmt":"2026-01-23T17:35:11","slug":"vis-metrique-din-912-inox-a2","status":"publish","type":"product","link":"https:\/\/www.inoxforniture.it\/fr\/vis-metrique-din-912-inox-a2\/","title":{"rendered":"VIS M\u00c9TRIQUE DIN 912 INOX A2"},"content":{"rendered":"<p>&#8211; DIN 912 &#8211; UNI 5931 &#8211; ISO 4762<br \/>\n&#8211; T\u00eate cylindrique \u00e0 six pans creux.<br \/>\n&#8211; Filetage m\u00e9trique.<br \/>\n&#8211; Pas gros.<br \/>\n&#8211; Longueur mesur\u00e9e sous t\u00eate.<\/p>\n","protected":false},"excerpt":{"rendered":"<p>&#8211; DIN 912 &#8211; UNI 5931 &#8211; ISO 4762<br \/>\n&#8211; T\u00eate cylindrique \u00e0 six pans creux.<br \/>\n&#8211; Filetage m\u00e9trique.<br \/>\n&#8211; Pas gros.<br \/>\n&#8211; Longueur mesur\u00e9e sous t\u00eate.<\/p>\n","protected":false},"featured_media":61886,"template":"","meta":{"_acf_changed":false},"product_brand":[],"product_cat":[4127],"product_tag":[4351,4950,4940,4942,5160,5159,4941,4944,4945,4943],"class_list":{"0":"post-61885","1":"product","2":"type-product","3":"status-publish","4":"has-post-thumbnail","6":"product_cat-vis","7":"product_tag-acier-inoxydable","8":"product_tag-acier-inoxydable-a2","9":"product_tag-inox-aisi-304","10":"product_tag-vis-a2","11":"product_tag-vis-din-912-aisi-304","12":"product_tag-vis-din-912-inox","13":"product_tag-vis-inox","14":"product_tag-visserie-a2","15":"product_tag-visserie-aisi-304","16":"product_tag-visserie-inox","17":"pa_marchio-inox-forniture","18":"pa_prodotto-m-4-x-10","19":"pa_prodotto-m-4-x-12","20":"pa_prodotto-m-4-x-20","21":"pa_prodotto-m-5-x-10","22":"pa_prodotto-m-5x-16","23":"pa_prodotto-m-5x-20","24":"pa_prodotto-m-5x-30","25":"pa_prodotto-m-5x-40","26":"pa_prodotto-m-5x-50","27":"pa_prodotto-m-5x-60","28":"pa_prodotto-m-6-x-10","29":"pa_prodotto-m-6-x-55","30":"pa_prodotto-m-6-x-70","31":"pa_prodotto-m-6x-16","32":"pa_prodotto-m-6x-20","33":"pa_prodotto-m-6x-25","34":"pa_prodotto-m-6x-30","35":"pa_prodotto-m-6x-40","36":"pa_prodotto-m-6x-50","37":"pa_prodotto-m-6x-60","38":"pa_prodotto-m-8x-16","39":"pa_prodotto-m-8x-20","40":"pa_prodotto-m-8x-25","41":"pa_prodotto-m-8x-30","42":"pa_prodotto-m-8x-35","43":"pa_prodotto-m-8x-40","44":"pa_prodotto-m-8x-50","45":"pa_prodotto-m-8x-60","46":"pa_prodotto-m-8x-70","47":"pa_prodotto-m-8x-80","48":"pa_prodotto-m-8x100","49":"pa_prodotto-m10x-25","50":"pa_prodotto-m10x-30","51":"pa_prodotto-m10x-40","52":"pa_prodotto-m10x-50","53":"pa_prodotto-m10x-60","54":"pa_prodotto-m10x-70","55":"pa_prodotto-m12x-30","56":"pa_prodotto-m12x-40","57":"pa_prodotto-m12x-50","58":"pa_prodotto-m12x-60","59":"pa_prodotto-m12x-70","60":"pa_prodotto-m16x-40","61":"pa_prodotto-m16x-50","62":"pa_prodotto-m16x-60","63":"pa_prodotto-m16x-70","64":"pa_prodotto-m16x-80","66":"first","67":"instock","68":"taxable","69":"shipping-taxable","70":"purchasable","71":"product-type-variable"},"acf":[],"yoast_head":"<!-- This site is optimized with the Yoast SEO plugin v27.3 - https:\/\/yoast.com\/product\/yoast-seo-wordpress\/ -->\n<title>VIS DIN 912 EN ACIER INOXYDABLE AISI 304<\/title>\n<meta name=\"description\" content=\"Vis DIN 912 en acier inoxydable AISI 304 disponibles en stock. Les vis DIN 912 ont une t\u00eate cylindrique \u00e0 six pans creux et un filetage m\u00e9trique.\" \/>\n<meta name=\"robots\" content=\"index, follow, max-snippet:-1, max-image-preview:large, max-video-preview:-1\" \/>\n<link rel=\"canonical\" href=\"https:\/\/www.inoxforniture.it\/fr\/vis-metrique-din-912-inox-a2\/\" \/>\n<meta property=\"og:locale\" content=\"fr_FR\" \/>\n<meta property=\"og:type\" content=\"article\" \/>\n<meta property=\"og:title\" content=\"VIS DIN 912 EN ACIER INOXYDABLE AISI 304\" \/>\n<meta property=\"og:description\" content=\"Vis DIN 912 en acier inoxydable AISI 304 disponibles en stock. Les vis DIN 912 ont une t\u00eate cylindrique \u00e0 six pans creux et un filetage m\u00e9trique.\" \/>\n<meta property=\"og:url\" content=\"https:\/\/www.inoxforniture.it\/fr\/vis-metrique-din-912-inox-a2\/\" \/>\n<meta property=\"og:site_name\" content=\"Inox Forniture\" \/>\n<meta property=\"article:publisher\" content=\"https:\/\/www.facebook.com\/Inox.Forniture\" \/>\n<meta property=\"article:modified_time\" content=\"2026-01-23T17:35:11+00:00\" \/>\n<meta property=\"og:image\" content=\"https:\/\/www.inoxforniture.it\/wp-content\/uploads\/2014\/10\/8130000_1_1.jpg\" \/>\n\t<meta property=\"og:image:width\" content=\"480\" \/>\n\t<meta property=\"og:image:height\" content=\"480\" \/>\n\t<meta property=\"og:image:type\" content=\"image\/jpeg\" \/>\n<meta name=\"twitter:card\" content=\"summary_large_image\" \/>\n<meta name=\"twitter:site\" content=\"@InoxForniture\" \/>\n<script type=\"application\/ld+json\" class=\"yoast-schema-graph\">{\"@context\":\"https:\\\/\\\/schema.org\",\"@graph\":[{\"@type\":\"WebPage\",\"@id\":\"https:\\\/\\\/www.inoxforniture.it\\\/fr\\\/vis-metrique-din-912-inox-a2\\\/\",\"url\":\"https:\\\/\\\/www.inoxforniture.it\\\/fr\\\/vis-metrique-din-912-inox-a2\\\/\",\"name\":\"VIS DIN 912 EN ACIER INOXYDABLE AISI 304\",\"isPartOf\":{\"@id\":\"https:\\\/\\\/www.inoxforniture.it\\\/#website\"},\"primaryImageOfPage\":{\"@id\":\"https:\\\/\\\/www.inoxforniture.it\\\/fr\\\/vis-metrique-din-912-inox-a2\\\/#primaryimage\"},\"image\":{\"@id\":\"https:\\\/\\\/www.inoxforniture.it\\\/fr\\\/vis-metrique-din-912-inox-a2\\\/#primaryimage\"},\"thumbnailUrl\":\"https:\\\/\\\/www.inoxforniture.it\\\/wp-content\\\/uploads\\\/2014\\\/10\\\/8130000_1_1.jpg\",\"datePublished\":\"2014-10-17T11:41:38+00:00\",\"dateModified\":\"2026-01-23T17:35:11+00:00\",\"description\":\"Vis DIN 912 en acier inoxydable AISI 304 disponibles en stock. Les vis DIN 912 ont une t\u00eate cylindrique \u00e0 six pans creux et un filetage m\u00e9trique.\",\"breadcrumb\":{\"@id\":\"https:\\\/\\\/www.inoxforniture.it\\\/fr\\\/vis-metrique-din-912-inox-a2\\\/#breadcrumb\"},\"inLanguage\":\"fr-FR\",\"potentialAction\":[{\"@type\":\"ReadAction\",\"target\":[\"https:\\\/\\\/www.inoxforniture.it\\\/fr\\\/vis-metrique-din-912-inox-a2\\\/\"]}]},{\"@type\":\"ImageObject\",\"inLanguage\":\"fr-FR\",\"@id\":\"https:\\\/\\\/www.inoxforniture.it\\\/fr\\\/vis-metrique-din-912-inox-a2\\\/#primaryimage\",\"url\":\"https:\\\/\\\/www.inoxforniture.it\\\/wp-content\\\/uploads\\\/2014\\\/10\\\/8130000_1_1.jpg\",\"contentUrl\":\"https:\\\/\\\/www.inoxforniture.it\\\/wp-content\\\/uploads\\\/2014\\\/10\\\/8130000_1_1.jpg\",\"width\":480,\"height\":480,\"caption\":\"VIS M\u00c9TRIQUE DIN 912 INOX A2-0\"},{\"@type\":\"BreadcrumbList\",\"@id\":\"https:\\\/\\\/www.inoxforniture.it\\\/fr\\\/vis-metrique-din-912-inox-a2\\\/#breadcrumb\",\"itemListElement\":[{\"@type\":\"ListItem\",\"position\":1,\"name\":\"Accueil\",\"item\":\"https:\\\/\\\/www.inoxforniture.it\\\/\"},{\"@type\":\"ListItem\",\"position\":2,\"name\":\"Boutique\",\"item\":\"https:\\\/\\\/www.inoxforniture.it\\\/fr\\\/boutique\\\/\"},{\"@type\":\"ListItem\",\"position\":3,\"name\":\"Quincaillerie inox\",\"item\":\"https:\\\/\\\/www.inoxforniture.it\\\/fr\\\/quincaillerie-inox\\\/\"},{\"@type\":\"ListItem\",\"position\":4,\"name\":\"Visserie et fixation\",\"item\":\"https:\\\/\\\/www.inoxforniture.it\\\/fr\\\/visserie-et-fixation\\\/\"},{\"@type\":\"ListItem\",\"position\":5,\"name\":\"Vis\",\"item\":\"https:\\\/\\\/www.inoxforniture.it\\\/fr\\\/vis\\\/\"},{\"@type\":\"ListItem\",\"position\":6,\"name\":\"VIS M\u00c9TRIQUE DIN 912 INOX A2\"}]},{\"@type\":\"WebSite\",\"@id\":\"https:\\\/\\\/www.inoxforniture.it\\\/#website\",\"url\":\"https:\\\/\\\/www.inoxforniture.it\\\/\",\"name\":\"Inox Forniture\",\"description\":\"\",\"publisher\":{\"@id\":\"https:\\\/\\\/www.inoxforniture.it\\\/#organization\"},\"potentialAction\":[{\"@type\":\"SearchAction\",\"target\":{\"@type\":\"EntryPoint\",\"urlTemplate\":\"https:\\\/\\\/www.inoxforniture.it\\\/?s={search_term_string}\"},\"query-input\":{\"@type\":\"PropertyValueSpecification\",\"valueRequired\":true,\"valueName\":\"search_term_string\"}}],\"inLanguage\":\"fr-FR\"},{\"@type\":\"Organization\",\"@id\":\"https:\\\/\\\/www.inoxforniture.it\\\/#organization\",\"name\":\"Inox Forniture srl\",\"url\":\"https:\\\/\\\/www.inoxforniture.it\\\/\",\"logo\":{\"@type\":\"ImageObject\",\"inLanguage\":\"fr-FR\",\"@id\":\"https:\\\/\\\/www.inoxforniture.it\\\/#\\\/schema\\\/logo\\\/image\\\/\",\"url\":\"https:\\\/\\\/www.inoxforniture.it\\\/wp-content\\\/uploads\\\/2021\\\/01\\\/logo_inox.png\",\"contentUrl\":\"https:\\\/\\\/www.inoxforniture.it\\\/wp-content\\\/uploads\\\/2021\\\/01\\\/logo_inox.png\",\"width\":230,\"height\":44,\"caption\":\"Inox Forniture srl\"},\"image\":{\"@id\":\"https:\\\/\\\/www.inoxforniture.it\\\/#\\\/schema\\\/logo\\\/image\\\/\"},\"sameAs\":[\"https:\\\/\\\/www.facebook.com\\\/Inox.Forniture\",\"https:\\\/\\\/x.com\\\/InoxForniture\"]}]}<\/script>\n<!-- \/ Yoast SEO plugin. -->","yoast_head_json":{"title":"VIS DIN 912 EN ACIER INOXYDABLE AISI 304","description":"Vis DIN 912 en acier inoxydable AISI 304 disponibles en stock. Les vis DIN 912 ont une t\u00eate cylindrique \u00e0 six pans creux et un filetage m\u00e9trique.","robots":{"index":"index","follow":"follow","max-snippet":"max-snippet:-1","max-image-preview":"max-image-preview:large","max-video-preview":"max-video-preview:-1"},"canonical":"https:\/\/www.inoxforniture.it\/fr\/vis-metrique-din-912-inox-a2\/","og_locale":"fr_FR","og_type":"article","og_title":"VIS DIN 912 EN ACIER INOXYDABLE AISI 304","og_description":"Vis DIN 912 en acier inoxydable AISI 304 disponibles en stock. Les vis DIN 912 ont une t\u00eate cylindrique \u00e0 six pans creux et un filetage m\u00e9trique.","og_url":"https:\/\/www.inoxforniture.it\/fr\/vis-metrique-din-912-inox-a2\/","og_site_name":"Inox Forniture","article_publisher":"https:\/\/www.facebook.com\/Inox.Forniture","article_modified_time":"2026-01-23T17:35:11+00:00","og_image":[{"width":480,"height":480,"url":"https:\/\/www.inoxforniture.it\/wp-content\/uploads\/2014\/10\/8130000_1_1.jpg","type":"image\/jpeg"}],"twitter_card":"summary_large_image","twitter_site":"@InoxForniture","schema":{"@context":"https:\/\/schema.org","@graph":[{"@type":"WebPage","@id":"https:\/\/www.inoxforniture.it\/fr\/vis-metrique-din-912-inox-a2\/","url":"https:\/\/www.inoxforniture.it\/fr\/vis-metrique-din-912-inox-a2\/","name":"VIS DIN 912 EN ACIER INOXYDABLE AISI 304","isPartOf":{"@id":"https:\/\/www.inoxforniture.it\/#website"},"primaryImageOfPage":{"@id":"https:\/\/www.inoxforniture.it\/fr\/vis-metrique-din-912-inox-a2\/#primaryimage"},"image":{"@id":"https:\/\/www.inoxforniture.it\/fr\/vis-metrique-din-912-inox-a2\/#primaryimage"},"thumbnailUrl":"https:\/\/www.inoxforniture.it\/wp-content\/uploads\/2014\/10\/8130000_1_1.jpg","datePublished":"2014-10-17T11:41:38+00:00","dateModified":"2026-01-23T17:35:11+00:00","description":"Vis DIN 912 en acier inoxydable AISI 304 disponibles en stock. Les vis DIN 912 ont une t\u00eate cylindrique \u00e0 six pans creux et un filetage m\u00e9trique.","breadcrumb":{"@id":"https:\/\/www.inoxforniture.it\/fr\/vis-metrique-din-912-inox-a2\/#breadcrumb"},"inLanguage":"fr-FR","potentialAction":[{"@type":"ReadAction","target":["https:\/\/www.inoxforniture.it\/fr\/vis-metrique-din-912-inox-a2\/"]}]},{"@type":"ImageObject","inLanguage":"fr-FR","@id":"https:\/\/www.inoxforniture.it\/fr\/vis-metrique-din-912-inox-a2\/#primaryimage","url":"https:\/\/www.inoxforniture.it\/wp-content\/uploads\/2014\/10\/8130000_1_1.jpg","contentUrl":"https:\/\/www.inoxforniture.it\/wp-content\/uploads\/2014\/10\/8130000_1_1.jpg","width":480,"height":480,"caption":"VIS M\u00c9TRIQUE DIN 912 INOX A2-0"},{"@type":"BreadcrumbList","@id":"https:\/\/www.inoxforniture.it\/fr\/vis-metrique-din-912-inox-a2\/#breadcrumb","itemListElement":[{"@type":"ListItem","position":1,"name":"Accueil","item":"https:\/\/www.inoxforniture.it\/"},{"@type":"ListItem","position":2,"name":"Boutique","item":"https:\/\/www.inoxforniture.it\/fr\/boutique\/"},{"@type":"ListItem","position":3,"name":"Quincaillerie inox","item":"https:\/\/www.inoxforniture.it\/fr\/quincaillerie-inox\/"},{"@type":"ListItem","position":4,"name":"Visserie et fixation","item":"https:\/\/www.inoxforniture.it\/fr\/visserie-et-fixation\/"},{"@type":"ListItem","position":5,"name":"Vis","item":"https:\/\/www.inoxforniture.it\/fr\/vis\/"},{"@type":"ListItem","position":6,"name":"VIS M\u00c9TRIQUE DIN 912 INOX A2"}]},{"@type":"WebSite","@id":"https:\/\/www.inoxforniture.it\/#website","url":"https:\/\/www.inoxforniture.it\/","name":"Inox Forniture","description":"","publisher":{"@id":"https:\/\/www.inoxforniture.it\/#organization"},"potentialAction":[{"@type":"SearchAction","target":{"@type":"EntryPoint","urlTemplate":"https:\/\/www.inoxforniture.it\/?s={search_term_string}"},"query-input":{"@type":"PropertyValueSpecification","valueRequired":true,"valueName":"search_term_string"}}],"inLanguage":"fr-FR"},{"@type":"Organization","@id":"https:\/\/www.inoxforniture.it\/#organization","name":"Inox Forniture srl","url":"https:\/\/www.inoxforniture.it\/","logo":{"@type":"ImageObject","inLanguage":"fr-FR","@id":"https:\/\/www.inoxforniture.it\/#\/schema\/logo\/image\/","url":"https:\/\/www.inoxforniture.it\/wp-content\/uploads\/2021\/01\/logo_inox.png","contentUrl":"https:\/\/www.inoxforniture.it\/wp-content\/uploads\/2021\/01\/logo_inox.png","width":230,"height":44,"caption":"Inox Forniture srl"},"image":{"@id":"https:\/\/www.inoxforniture.it\/#\/schema\/logo\/image\/"},"sameAs":["https:\/\/www.facebook.com\/Inox.Forniture","https:\/\/x.com\/InoxForniture"]}]}},"df_price":0.0706,"df_sale_price":"","df_regular_price":0.0706,"df_image_link":"https:\/\/www.inoxforniture.it\/wp-content\/uploads\/2014\/10\/8130000_1_1-300x300.jpg","tiered_pricing_type":"fixed","tiered_pricing_fixed_rules":[],"tiered_pricing_product_settings":{"layout":"default","base_unit_name":{"singular":null,"plural":null},"default_variation":null},"tiered_pricing_minimum_quantity":null,"tiered_pricing_roles_data":{"privato":{"product_id":61885,"role":"privato","pricing_type":"flat","regular_price":null,"sale_price":null,"discount":null,"discount_type":"sale_price","tiered_pricing_type":"fixed","percentage_rules":[],"fixed_rules":[],"minimum":null},"azienda":{"product_id":61885,"role":"azienda","pricing_type":"flat","regular_price":null,"sale_price":null,"discount":null,"discount_type":"sale_price","tiered_pricing_type":"fixed","percentage_rules":[],"fixed_rules":[],"minimum":null},"azienda_premium":{"product_id":61885,"role":"azienda_premium","pricing_type":"flat","regular_price":null,"sale_price":null,"discount":null,"discount_type":"sale_price","tiered_pricing_type":"fixed","percentage_rules":[],"fixed_rules":[],"minimum":null}},"tiered_pricing_percentage_rules":[],"tiered_pricing_maximum_quantity":null,"tiered_pricing_quantity_step":null,"_links":{"self":[{"href":"https:\/\/www.inoxforniture.it\/fr\/wp-json\/wp\/v2\/product\/61885","targetHints":{"allow":["GET"]}}],"collection":[{"href":"https:\/\/www.inoxforniture.it\/fr\/wp-json\/wp\/v2\/product"}],"about":[{"href":"https:\/\/www.inoxforniture.it\/fr\/wp-json\/wp\/v2\/types\/product"}],"wp:featuredmedia":[{"embeddable":true,"href":"https:\/\/www.inoxforniture.it\/fr\/wp-json\/wp\/v2\/media\/61886"}],"wp:attachment":[{"href":"https:\/\/www.inoxforniture.it\/fr\/wp-json\/wp\/v2\/media?parent=61885"}],"wp:term":[{"taxonomy":"product_brand","embeddable":true,"href":"https:\/\/www.inoxforniture.it\/fr\/wp-json\/wp\/v2\/product_brand?post=61885"},{"taxonomy":"product_cat","embeddable":true,"href":"https:\/\/www.inoxforniture.it\/fr\/wp-json\/wp\/v2\/product_cat?post=61885"},{"taxonomy":"product_tag","embeddable":true,"href":"https:\/\/www.inoxforniture.it\/fr\/wp-json\/wp\/v2\/product_tag?post=61885"}],"curies":[{"name":"wp","href":"https:\/\/api.w.org\/{rel}","templated":true}]}}