{"id":61567,"date":"2014-10-17T13:41:38","date_gmt":"2014-10-17T11:41:38","guid":{"rendered":"https:\/\/www.inoxforniture.it\/vis-autotaraudeuse-din-7982-inox-a2\/"},"modified":"2026-01-23T18:35:19","modified_gmt":"2026-01-23T17:35:19","slug":"vis-autotaraudeuse-din-7982-inox-a2","status":"publish","type":"product","link":"https:\/\/www.inoxforniture.it\/fr\/vis-autotaraudeuse-din-7982-inox-a2\/","title":{"rendered":"VIS AUTOTARAUDEUSE DIN 7982 INOX A2"},"content":{"rendered":"<p>&#8211; DIN 7982 &#8211; UNI 6955 &#8211; ISO 7050<br \/>\n&#8211; T\u00eate frais\u00e9e plate empreinte cruciforme.<br \/>\n&#8211; Longueur mesur\u00e9e depuis le dessus de la t\u00eate.<\/p>\n","protected":false},"excerpt":{"rendered":"<p>&#8211; DIN 7982 &#8211; UNI 6955 &#8211; ISO 7050<br \/>\n&#8211; T\u00eate frais\u00e9e plate empreinte cruciforme.<br \/>\n&#8211; Longueur mesur\u00e9e depuis le dessus de la t\u00eate.<\/p>\n","protected":false},"featured_media":61568,"template":"","meta":{"_acf_changed":false},"product_brand":[],"product_cat":[4127],"product_tag":[4351,4950,4978,4977,4979,4980,4940,4942,4941,4944,4945,4943],"class_list":{"0":"post-61567","1":"product","2":"type-product","3":"status-publish","4":"has-post-thumbnail","6":"product_cat-vis","7":"product_tag-acier-inoxydable","8":"product_tag-acier-inoxydable-a2","9":"product_tag-autotaraudeuse-a2","10":"product_tag-autotaraudeuse-inox","11":"product_tag-din-7982-a2","12":"product_tag-din-7982-inox","13":"product_tag-inox-aisi-304","14":"product_tag-vis-a2","15":"product_tag-vis-inox","16":"product_tag-visserie-a2","17":"product_tag-visserie-aisi-304","18":"product_tag-visserie-inox","19":"pa_marchio-inox-forniture","20":"pa_prodotto-a2-29x-16","21":"pa_prodotto-a2-29x-19","22":"pa_prodotto-a2-29x-25","23":"pa_prodotto-a2-35x-16","24":"pa_prodotto-a2-35x-19","25":"pa_prodotto-a2-35x-25","26":"pa_prodotto-a2-35x-38","27":"pa_prodotto-a2-39x-13","28":"pa_prodotto-a2-39x-16","29":"pa_prodotto-a2-39x-19","30":"pa_prodotto-a2-39x-25","31":"pa_prodotto-a2-39x-32","32":"pa_prodotto-a2-42x-22","33":"pa_prodotto-a2-42x-25","34":"pa_prodotto-a2-42x-32","35":"pa_prodotto-a2-42x-38","36":"pa_prodotto-a2-42x-45","37":"pa_prodotto-a2-48x-25","38":"pa_prodotto-a2-48x-32","39":"pa_prodotto-a2-48x-45","40":"pa_prodotto-a2-48x-60","41":"pa_prodotto-a2-55x-60","42":"pa_prodotto-a2-63x-80","44":"first","45":"instock","46":"taxable","47":"shipping-taxable","48":"purchasable","49":"product-type-variable"},"acf":[],"yoast_head":"<!-- This site is optimized with the Yoast SEO plugin v27.3 - https:\/\/yoast.com\/product\/yoast-seo-wordpress\/ -->\n<title>VIS INOX AISI 304 AUTOTARAUDEUSES DIN 7982<\/title>\n<meta name=\"description\" content=\"Vis inox AISI 304 autotaraudeuses t\u00eate frais\u00e9e plate empreinte cruciforme. Disponibles en nombreux diam\u00e8tres 2,9 - 3,5 - 3,9 - 4,2 - 4,8 - 5,5 - 6,3.\" \/>\n<meta name=\"robots\" content=\"index, follow, max-snippet:-1, max-image-preview:large, max-video-preview:-1\" \/>\n<link rel=\"canonical\" href=\"https:\/\/www.inoxforniture.it\/fr\/vis-autotaraudeuse-din-7982-inox-a2\/\" \/>\n<meta property=\"og:locale\" content=\"fr_FR\" \/>\n<meta property=\"og:type\" content=\"article\" \/>\n<meta property=\"og:title\" content=\"VIS INOX AISI 304 AUTOTARAUDEUSES DIN 7982\" \/>\n<meta property=\"og:description\" content=\"Vis inox AISI 304 autotaraudeuses t\u00eate frais\u00e9e plate empreinte cruciforme. Disponibles en nombreux diam\u00e8tres 2,9 - 3,5 - 3,9 - 4,2 - 4,8 - 5,5 - 6,3.\" \/>\n<meta property=\"og:url\" content=\"https:\/\/www.inoxforniture.it\/fr\/vis-autotaraudeuse-din-7982-inox-a2\/\" \/>\n<meta property=\"og:site_name\" content=\"Inox Forniture\" \/>\n<meta property=\"article:publisher\" content=\"https:\/\/www.facebook.com\/Inox.Forniture\" \/>\n<meta property=\"article:modified_time\" content=\"2026-01-23T17:35:19+00:00\" \/>\n<meta property=\"og:image\" content=\"https:\/\/www.inoxforniture.it\/wp-content\/uploads\/2014\/10\/81h0000_1_1.jpg\" \/>\n\t<meta property=\"og:image:width\" content=\"480\" \/>\n\t<meta property=\"og:image:height\" content=\"480\" \/>\n\t<meta property=\"og:image:type\" content=\"image\/jpeg\" \/>\n<meta name=\"twitter:card\" content=\"summary_large_image\" \/>\n<meta name=\"twitter:site\" content=\"@InoxForniture\" \/>\n<script type=\"application\/ld+json\" class=\"yoast-schema-graph\">{\"@context\":\"https:\\\/\\\/schema.org\",\"@graph\":[{\"@type\":\"WebPage\",\"@id\":\"https:\\\/\\\/www.inoxforniture.it\\\/fr\\\/vis-autotaraudeuse-din-7982-inox-a2\\\/\",\"url\":\"https:\\\/\\\/www.inoxforniture.it\\\/fr\\\/vis-autotaraudeuse-din-7982-inox-a2\\\/\",\"name\":\"VIS INOX AISI 304 AUTOTARAUDEUSES DIN 7982\",\"isPartOf\":{\"@id\":\"https:\\\/\\\/www.inoxforniture.it\\\/#website\"},\"primaryImageOfPage\":{\"@id\":\"https:\\\/\\\/www.inoxforniture.it\\\/fr\\\/vis-autotaraudeuse-din-7982-inox-a2\\\/#primaryimage\"},\"image\":{\"@id\":\"https:\\\/\\\/www.inoxforniture.it\\\/fr\\\/vis-autotaraudeuse-din-7982-inox-a2\\\/#primaryimage\"},\"thumbnailUrl\":\"https:\\\/\\\/www.inoxforniture.it\\\/wp-content\\\/uploads\\\/2014\\\/10\\\/81h0000_1_1.jpg\",\"datePublished\":\"2014-10-17T11:41:38+00:00\",\"dateModified\":\"2026-01-23T17:35:19+00:00\",\"description\":\"Vis inox AISI 304 autotaraudeuses t\u00eate frais\u00e9e plate empreinte cruciforme. Disponibles en nombreux diam\u00e8tres 2,9 - 3,5 - 3,9 - 4,2 - 4,8 - 5,5 - 6,3.\",\"breadcrumb\":{\"@id\":\"https:\\\/\\\/www.inoxforniture.it\\\/fr\\\/vis-autotaraudeuse-din-7982-inox-a2\\\/#breadcrumb\"},\"inLanguage\":\"fr-FR\",\"potentialAction\":[{\"@type\":\"ReadAction\",\"target\":[\"https:\\\/\\\/www.inoxforniture.it\\\/fr\\\/vis-autotaraudeuse-din-7982-inox-a2\\\/\"]}]},{\"@type\":\"ImageObject\",\"inLanguage\":\"fr-FR\",\"@id\":\"https:\\\/\\\/www.inoxforniture.it\\\/fr\\\/vis-autotaraudeuse-din-7982-inox-a2\\\/#primaryimage\",\"url\":\"https:\\\/\\\/www.inoxforniture.it\\\/wp-content\\\/uploads\\\/2014\\\/10\\\/81h0000_1_1.jpg\",\"contentUrl\":\"https:\\\/\\\/www.inoxforniture.it\\\/wp-content\\\/uploads\\\/2014\\\/10\\\/81h0000_1_1.jpg\",\"width\":480,\"height\":480,\"caption\":\"VIS AUTOTARAUDEUSE DIN 7982 INOX A2-0\"},{\"@type\":\"BreadcrumbList\",\"@id\":\"https:\\\/\\\/www.inoxforniture.it\\\/fr\\\/vis-autotaraudeuse-din-7982-inox-a2\\\/#breadcrumb\",\"itemListElement\":[{\"@type\":\"ListItem\",\"position\":1,\"name\":\"Accueil\",\"item\":\"https:\\\/\\\/www.inoxforniture.it\\\/\"},{\"@type\":\"ListItem\",\"position\":2,\"name\":\"Boutique\",\"item\":\"https:\\\/\\\/www.inoxforniture.it\\\/fr\\\/boutique\\\/\"},{\"@type\":\"ListItem\",\"position\":3,\"name\":\"Quincaillerie inox\",\"item\":\"https:\\\/\\\/www.inoxforniture.it\\\/fr\\\/quincaillerie-inox\\\/\"},{\"@type\":\"ListItem\",\"position\":4,\"name\":\"Visserie et fixation\",\"item\":\"https:\\\/\\\/www.inoxforniture.it\\\/fr\\\/visserie-et-fixation\\\/\"},{\"@type\":\"ListItem\",\"position\":5,\"name\":\"Vis\",\"item\":\"https:\\\/\\\/www.inoxforniture.it\\\/fr\\\/vis\\\/\"},{\"@type\":\"ListItem\",\"position\":6,\"name\":\"VIS AUTOTARAUDEUSE DIN 7982 INOX A2\"}]},{\"@type\":\"WebSite\",\"@id\":\"https:\\\/\\\/www.inoxforniture.it\\\/#website\",\"url\":\"https:\\\/\\\/www.inoxforniture.it\\\/\",\"name\":\"Inox Forniture\",\"description\":\"\",\"publisher\":{\"@id\":\"https:\\\/\\\/www.inoxforniture.it\\\/#organization\"},\"potentialAction\":[{\"@type\":\"SearchAction\",\"target\":{\"@type\":\"EntryPoint\",\"urlTemplate\":\"https:\\\/\\\/www.inoxforniture.it\\\/?s={search_term_string}\"},\"query-input\":{\"@type\":\"PropertyValueSpecification\",\"valueRequired\":true,\"valueName\":\"search_term_string\"}}],\"inLanguage\":\"fr-FR\"},{\"@type\":\"Organization\",\"@id\":\"https:\\\/\\\/www.inoxforniture.it\\\/#organization\",\"name\":\"Inox Forniture srl\",\"url\":\"https:\\\/\\\/www.inoxforniture.it\\\/\",\"logo\":{\"@type\":\"ImageObject\",\"inLanguage\":\"fr-FR\",\"@id\":\"https:\\\/\\\/www.inoxforniture.it\\\/#\\\/schema\\\/logo\\\/image\\\/\",\"url\":\"https:\\\/\\\/www.inoxforniture.it\\\/wp-content\\\/uploads\\\/2021\\\/01\\\/logo_inox.png\",\"contentUrl\":\"https:\\\/\\\/www.inoxforniture.it\\\/wp-content\\\/uploads\\\/2021\\\/01\\\/logo_inox.png\",\"width\":230,\"height\":44,\"caption\":\"Inox Forniture srl\"},\"image\":{\"@id\":\"https:\\\/\\\/www.inoxforniture.it\\\/#\\\/schema\\\/logo\\\/image\\\/\"},\"sameAs\":[\"https:\\\/\\\/www.facebook.com\\\/Inox.Forniture\",\"https:\\\/\\\/x.com\\\/InoxForniture\"]}]}<\/script>\n<!-- \/ Yoast SEO plugin. -->","yoast_head_json":{"title":"VIS INOX AISI 304 AUTOTARAUDEUSES DIN 7982","description":"Vis inox AISI 304 autotaraudeuses t\u00eate frais\u00e9e plate empreinte cruciforme. Disponibles en nombreux diam\u00e8tres 2,9 - 3,5 - 3,9 - 4,2 - 4,8 - 5,5 - 6,3.","robots":{"index":"index","follow":"follow","max-snippet":"max-snippet:-1","max-image-preview":"max-image-preview:large","max-video-preview":"max-video-preview:-1"},"canonical":"https:\/\/www.inoxforniture.it\/fr\/vis-autotaraudeuse-din-7982-inox-a2\/","og_locale":"fr_FR","og_type":"article","og_title":"VIS INOX AISI 304 AUTOTARAUDEUSES DIN 7982","og_description":"Vis inox AISI 304 autotaraudeuses t\u00eate frais\u00e9e plate empreinte cruciforme. Disponibles en nombreux diam\u00e8tres 2,9 - 3,5 - 3,9 - 4,2 - 4,8 - 5,5 - 6,3.","og_url":"https:\/\/www.inoxforniture.it\/fr\/vis-autotaraudeuse-din-7982-inox-a2\/","og_site_name":"Inox Forniture","article_publisher":"https:\/\/www.facebook.com\/Inox.Forniture","article_modified_time":"2026-01-23T17:35:19+00:00","og_image":[{"width":480,"height":480,"url":"https:\/\/www.inoxforniture.it\/wp-content\/uploads\/2014\/10\/81h0000_1_1.jpg","type":"image\/jpeg"}],"twitter_card":"summary_large_image","twitter_site":"@InoxForniture","schema":{"@context":"https:\/\/schema.org","@graph":[{"@type":"WebPage","@id":"https:\/\/www.inoxforniture.it\/fr\/vis-autotaraudeuse-din-7982-inox-a2\/","url":"https:\/\/www.inoxforniture.it\/fr\/vis-autotaraudeuse-din-7982-inox-a2\/","name":"VIS INOX AISI 304 AUTOTARAUDEUSES DIN 7982","isPartOf":{"@id":"https:\/\/www.inoxforniture.it\/#website"},"primaryImageOfPage":{"@id":"https:\/\/www.inoxforniture.it\/fr\/vis-autotaraudeuse-din-7982-inox-a2\/#primaryimage"},"image":{"@id":"https:\/\/www.inoxforniture.it\/fr\/vis-autotaraudeuse-din-7982-inox-a2\/#primaryimage"},"thumbnailUrl":"https:\/\/www.inoxforniture.it\/wp-content\/uploads\/2014\/10\/81h0000_1_1.jpg","datePublished":"2014-10-17T11:41:38+00:00","dateModified":"2026-01-23T17:35:19+00:00","description":"Vis inox AISI 304 autotaraudeuses t\u00eate frais\u00e9e plate empreinte cruciforme. Disponibles en nombreux diam\u00e8tres 2,9 - 3,5 - 3,9 - 4,2 - 4,8 - 5,5 - 6,3.","breadcrumb":{"@id":"https:\/\/www.inoxforniture.it\/fr\/vis-autotaraudeuse-din-7982-inox-a2\/#breadcrumb"},"inLanguage":"fr-FR","potentialAction":[{"@type":"ReadAction","target":["https:\/\/www.inoxforniture.it\/fr\/vis-autotaraudeuse-din-7982-inox-a2\/"]}]},{"@type":"ImageObject","inLanguage":"fr-FR","@id":"https:\/\/www.inoxforniture.it\/fr\/vis-autotaraudeuse-din-7982-inox-a2\/#primaryimage","url":"https:\/\/www.inoxforniture.it\/wp-content\/uploads\/2014\/10\/81h0000_1_1.jpg","contentUrl":"https:\/\/www.inoxforniture.it\/wp-content\/uploads\/2014\/10\/81h0000_1_1.jpg","width":480,"height":480,"caption":"VIS AUTOTARAUDEUSE DIN 7982 INOX A2-0"},{"@type":"BreadcrumbList","@id":"https:\/\/www.inoxforniture.it\/fr\/vis-autotaraudeuse-din-7982-inox-a2\/#breadcrumb","itemListElement":[{"@type":"ListItem","position":1,"name":"Accueil","item":"https:\/\/www.inoxforniture.it\/"},{"@type":"ListItem","position":2,"name":"Boutique","item":"https:\/\/www.inoxforniture.it\/fr\/boutique\/"},{"@type":"ListItem","position":3,"name":"Quincaillerie inox","item":"https:\/\/www.inoxforniture.it\/fr\/quincaillerie-inox\/"},{"@type":"ListItem","position":4,"name":"Visserie et fixation","item":"https:\/\/www.inoxforniture.it\/fr\/visserie-et-fixation\/"},{"@type":"ListItem","position":5,"name":"Vis","item":"https:\/\/www.inoxforniture.it\/fr\/vis\/"},{"@type":"ListItem","position":6,"name":"VIS AUTOTARAUDEUSE DIN 7982 INOX A2"}]},{"@type":"WebSite","@id":"https:\/\/www.inoxforniture.it\/#website","url":"https:\/\/www.inoxforniture.it\/","name":"Inox Forniture","description":"","publisher":{"@id":"https:\/\/www.inoxforniture.it\/#organization"},"potentialAction":[{"@type":"SearchAction","target":{"@type":"EntryPoint","urlTemplate":"https:\/\/www.inoxforniture.it\/?s={search_term_string}"},"query-input":{"@type":"PropertyValueSpecification","valueRequired":true,"valueName":"search_term_string"}}],"inLanguage":"fr-FR"},{"@type":"Organization","@id":"https:\/\/www.inoxforniture.it\/#organization","name":"Inox Forniture srl","url":"https:\/\/www.inoxforniture.it\/","logo":{"@type":"ImageObject","inLanguage":"fr-FR","@id":"https:\/\/www.inoxforniture.it\/#\/schema\/logo\/image\/","url":"https:\/\/www.inoxforniture.it\/wp-content\/uploads\/2021\/01\/logo_inox.png","contentUrl":"https:\/\/www.inoxforniture.it\/wp-content\/uploads\/2021\/01\/logo_inox.png","width":230,"height":44,"caption":"Inox Forniture srl"},"image":{"@id":"https:\/\/www.inoxforniture.it\/#\/schema\/logo\/image\/"},"sameAs":["https:\/\/www.facebook.com\/Inox.Forniture","https:\/\/x.com\/InoxForniture"]}]}},"df_price":0.0356,"df_sale_price":"","df_regular_price":0.0356,"df_image_link":"https:\/\/www.inoxforniture.it\/wp-content\/uploads\/2014\/10\/81h0000_1_1-300x300.jpg","tiered_pricing_type":"fixed","tiered_pricing_fixed_rules":[],"tiered_pricing_product_settings":{"layout":"default","base_unit_name":{"singular":null,"plural":null},"default_variation":null},"tiered_pricing_minimum_quantity":null,"tiered_pricing_roles_data":{"privato":{"product_id":61567,"role":"privato","pricing_type":"flat","regular_price":null,"sale_price":null,"discount":null,"discount_type":"sale_price","tiered_pricing_type":"fixed","percentage_rules":[],"fixed_rules":[],"minimum":null},"azienda":{"product_id":61567,"role":"azienda","pricing_type":"flat","regular_price":null,"sale_price":null,"discount":null,"discount_type":"sale_price","tiered_pricing_type":"fixed","percentage_rules":[],"fixed_rules":[],"minimum":null},"azienda_premium":{"product_id":61567,"role":"azienda_premium","pricing_type":"flat","regular_price":null,"sale_price":null,"discount":null,"discount_type":"sale_price","tiered_pricing_type":"fixed","percentage_rules":[],"fixed_rules":[],"minimum":null}},"tiered_pricing_percentage_rules":[],"tiered_pricing_maximum_quantity":null,"tiered_pricing_quantity_step":null,"_links":{"self":[{"href":"https:\/\/www.inoxforniture.it\/fr\/wp-json\/wp\/v2\/product\/61567","targetHints":{"allow":["GET"]}}],"collection":[{"href":"https:\/\/www.inoxforniture.it\/fr\/wp-json\/wp\/v2\/product"}],"about":[{"href":"https:\/\/www.inoxforniture.it\/fr\/wp-json\/wp\/v2\/types\/product"}],"wp:featuredmedia":[{"embeddable":true,"href":"https:\/\/www.inoxforniture.it\/fr\/wp-json\/wp\/v2\/media\/61568"}],"wp:attachment":[{"href":"https:\/\/www.inoxforniture.it\/fr\/wp-json\/wp\/v2\/media?parent=61567"}],"wp:term":[{"taxonomy":"product_brand","embeddable":true,"href":"https:\/\/www.inoxforniture.it\/fr\/wp-json\/wp\/v2\/product_brand?post=61567"},{"taxonomy":"product_cat","embeddable":true,"href":"https:\/\/www.inoxforniture.it\/fr\/wp-json\/wp\/v2\/product_cat?post=61567"},{"taxonomy":"product_tag","embeddable":true,"href":"https:\/\/www.inoxforniture.it\/fr\/wp-json\/wp\/v2\/product_tag?post=61567"}],"curies":[{"name":"wp","href":"https:\/\/api.w.org\/{rel}","templated":true}]}}