{"id":61555,"date":"2014-10-17T13:41:38","date_gmt":"2014-10-17T13:41:38","guid":{"rendered":"https:\/\/www.inoxforniture.it\/ecrou-autobloquant-din-985-inox-a2\/"},"modified":"2026-01-23T18:35:24","modified_gmt":"2026-01-23T17:35:24","slug":"ecrou-autobloquant-din-985-inox-a2","status":"publish","type":"product","link":"https:\/\/www.inoxforniture.it\/fr\/ecrou-autobloquant-din-985-inox-a2\/","title":{"rendered":"\u00c9CROU AUTOBLOQUANT DIN 985 INOX A2"},"content":{"rendered":"<p>&#8211; DIN 985 &#8211; ISO 10511<br \/>\n&#8211; Filetage m\u00e9trique.<br \/>\n&#8211; Pas gros.<\/p>\n","protected":false},"excerpt":{"rendered":"<p>&#8211; DIN 985 &#8211; ISO 10511<br \/>\n&#8211; Filetage m\u00e9trique.<br \/>\n&#8211; Pas gros.<\/p>\n","protected":false},"featured_media":61556,"template":"","meta":{"_acf_changed":false},"product_brand":[],"product_cat":[4130],"product_tag":[],"class_list":{"0":"post-61555","1":"product","2":"type-product","3":"status-publish","4":"has-post-thumbnail","6":"product_cat-ecrous-et-rondelles","7":"pa_marchio-inox-forniture","8":"pa_prodotto-m-3","9":"pa_prodotto-m-4","10":"pa_prodotto-m-5","11":"pa_prodotto-m-6","12":"pa_prodotto-m-8","13":"pa_prodotto-m10","14":"pa_prodotto-m12","15":"pa_prodotto-m14","16":"pa_prodotto-m16","18":"first","19":"instock","20":"taxable","21":"shipping-taxable","22":"purchasable","23":"product-type-variable"},"acf":[],"yoast_head":"<!-- This site is optimized with the Yoast SEO plugin v27.3 - https:\/\/yoast.com\/product\/yoast-seo-wordpress\/ -->\n<title>\u00c9CROU AUTOBLOQUANT INOX AISI 304<\/title>\n<meta name=\"description\" content=\"Vente en ligne d&#039;\u00e9crous autobloquants en acier inoxydable AISI 304 avec filetage m\u00e9trique. Gamme compl\u00e8te disponible en stock M3, M4, M5, M6, M8, M10, M12, M14, M16, M18, M20, M22, M24, M27, M30.\" \/>\n<meta name=\"robots\" content=\"index, follow, max-snippet:-1, max-image-preview:large, max-video-preview:-1\" \/>\n<link rel=\"canonical\" href=\"https:\/\/www.inoxforniture.it\/fr\/ecrou-autobloquant-din-985-inox-a2\/\" \/>\n<meta property=\"og:locale\" content=\"fr_FR\" \/>\n<meta property=\"og:type\" content=\"article\" \/>\n<meta property=\"og:title\" content=\"\u00c9CROU AUTOBLOQUANT INOX AISI 304\" \/>\n<meta property=\"og:description\" content=\"Vente en ligne d&#039;\u00e9crous autobloquants en acier inoxydable AISI 304 avec filetage m\u00e9trique. Gamme compl\u00e8te disponible en stock M3, M4, M5, M6, M8, M10, M12, M14, M16, M18, M20, M22, M24, M27, M30.\" \/>\n<meta property=\"og:url\" content=\"https:\/\/www.inoxforniture.it\/fr\/ecrou-autobloquant-din-985-inox-a2\/\" \/>\n<meta property=\"og:site_name\" content=\"Inox Forniture\" \/>\n<meta property=\"article:publisher\" content=\"https:\/\/www.facebook.com\/Inox.Forniture\" \/>\n<meta property=\"article:modified_time\" content=\"2026-01-23T17:35:24+00:00\" \/>\n<meta property=\"og:image\" content=\"https:\/\/www.inoxforniture.it\/wp-content\/uploads\/2014\/10\/8250000_1_1.jpg\" \/>\n\t<meta property=\"og:image:width\" content=\"480\" \/>\n\t<meta property=\"og:image:height\" content=\"480\" \/>\n\t<meta property=\"og:image:type\" content=\"image\/jpeg\" \/>\n<meta name=\"twitter:card\" content=\"summary_large_image\" \/>\n<meta name=\"twitter:site\" content=\"@InoxForniture\" \/>\n<script type=\"application\/ld+json\" class=\"yoast-schema-graph\">{\"@context\":\"https:\\\/\\\/schema.org\",\"@graph\":[{\"@type\":\"WebPage\",\"@id\":\"https:\\\/\\\/www.inoxforniture.it\\\/fr\\\/ecrou-autobloquant-din-985-inox-a2\\\/\",\"url\":\"https:\\\/\\\/www.inoxforniture.it\\\/fr\\\/ecrou-autobloquant-din-985-inox-a2\\\/\",\"name\":\"\u00c9CROU AUTOBLOQUANT INOX AISI 304\",\"isPartOf\":{\"@id\":\"https:\\\/\\\/www.inoxforniture.it\\\/#website\"},\"primaryImageOfPage\":{\"@id\":\"https:\\\/\\\/www.inoxforniture.it\\\/fr\\\/ecrou-autobloquant-din-985-inox-a2\\\/#primaryimage\"},\"image\":{\"@id\":\"https:\\\/\\\/www.inoxforniture.it\\\/fr\\\/ecrou-autobloquant-din-985-inox-a2\\\/#primaryimage\"},\"thumbnailUrl\":\"https:\\\/\\\/www.inoxforniture.it\\\/wp-content\\\/uploads\\\/2014\\\/10\\\/8250000_1_1.jpg\",\"datePublished\":\"2014-10-17T13:41:38+00:00\",\"dateModified\":\"2026-01-23T17:35:24+00:00\",\"description\":\"Vente en ligne d'\u00e9crous autobloquants en acier inoxydable AISI 304 avec filetage m\u00e9trique. Gamme compl\u00e8te disponible en stock M3, M4, M5, M6, M8, M10, M12, M14, M16, M18, M20, M22, M24, M27, M30.\",\"breadcrumb\":{\"@id\":\"https:\\\/\\\/www.inoxforniture.it\\\/fr\\\/ecrou-autobloquant-din-985-inox-a2\\\/#breadcrumb\"},\"inLanguage\":\"fr-FR\",\"potentialAction\":[{\"@type\":\"ReadAction\",\"target\":[\"https:\\\/\\\/www.inoxforniture.it\\\/fr\\\/ecrou-autobloquant-din-985-inox-a2\\\/\"]}]},{\"@type\":\"ImageObject\",\"inLanguage\":\"fr-FR\",\"@id\":\"https:\\\/\\\/www.inoxforniture.it\\\/fr\\\/ecrou-autobloquant-din-985-inox-a2\\\/#primaryimage\",\"url\":\"https:\\\/\\\/www.inoxforniture.it\\\/wp-content\\\/uploads\\\/2014\\\/10\\\/8250000_1_1.jpg\",\"contentUrl\":\"https:\\\/\\\/www.inoxforniture.it\\\/wp-content\\\/uploads\\\/2014\\\/10\\\/8250000_1_1.jpg\",\"width\":480,\"height\":480,\"caption\":\"\u00c9CROU AUTOBLOQUANT DIN 985 INOX A2-0\"},{\"@type\":\"BreadcrumbList\",\"@id\":\"https:\\\/\\\/www.inoxforniture.it\\\/fr\\\/ecrou-autobloquant-din-985-inox-a2\\\/#breadcrumb\",\"itemListElement\":[{\"@type\":\"ListItem\",\"position\":1,\"name\":\"Accueil\",\"item\":\"https:\\\/\\\/www.inoxforniture.it\\\/\"},{\"@type\":\"ListItem\",\"position\":2,\"name\":\"Boutique\",\"item\":\"https:\\\/\\\/www.inoxforniture.it\\\/fr\\\/boutique\\\/\"},{\"@type\":\"ListItem\",\"position\":3,\"name\":\"Quincaillerie inox\",\"item\":\"https:\\\/\\\/www.inoxforniture.it\\\/fr\\\/quincaillerie-inox\\\/\"},{\"@type\":\"ListItem\",\"position\":4,\"name\":\"Visserie et fixation\",\"item\":\"https:\\\/\\\/www.inoxforniture.it\\\/fr\\\/visserie-et-fixation\\\/\"},{\"@type\":\"ListItem\",\"position\":5,\"name\":\"\u00c9crous et rondelles\",\"item\":\"https:\\\/\\\/www.inoxforniture.it\\\/fr\\\/ecrous-et-rondelles\\\/\"},{\"@type\":\"ListItem\",\"position\":6,\"name\":\"\u00c9CROU AUTOBLOQUANT DIN 985 INOX A2\"}]},{\"@type\":\"WebSite\",\"@id\":\"https:\\\/\\\/www.inoxforniture.it\\\/#website\",\"url\":\"https:\\\/\\\/www.inoxforniture.it\\\/\",\"name\":\"Inox Forniture\",\"description\":\"\",\"publisher\":{\"@id\":\"https:\\\/\\\/www.inoxforniture.it\\\/#organization\"},\"potentialAction\":[{\"@type\":\"SearchAction\",\"target\":{\"@type\":\"EntryPoint\",\"urlTemplate\":\"https:\\\/\\\/www.inoxforniture.it\\\/?s={search_term_string}\"},\"query-input\":{\"@type\":\"PropertyValueSpecification\",\"valueRequired\":true,\"valueName\":\"search_term_string\"}}],\"inLanguage\":\"fr-FR\"},{\"@type\":\"Organization\",\"@id\":\"https:\\\/\\\/www.inoxforniture.it\\\/#organization\",\"name\":\"Inox Forniture srl\",\"url\":\"https:\\\/\\\/www.inoxforniture.it\\\/\",\"logo\":{\"@type\":\"ImageObject\",\"inLanguage\":\"fr-FR\",\"@id\":\"https:\\\/\\\/www.inoxforniture.it\\\/#\\\/schema\\\/logo\\\/image\\\/\",\"url\":\"https:\\\/\\\/www.inoxforniture.it\\\/wp-content\\\/uploads\\\/2021\\\/01\\\/logo_inox.png\",\"contentUrl\":\"https:\\\/\\\/www.inoxforniture.it\\\/wp-content\\\/uploads\\\/2021\\\/01\\\/logo_inox.png\",\"width\":230,\"height\":44,\"caption\":\"Inox Forniture srl\"},\"image\":{\"@id\":\"https:\\\/\\\/www.inoxforniture.it\\\/#\\\/schema\\\/logo\\\/image\\\/\"},\"sameAs\":[\"https:\\\/\\\/www.facebook.com\\\/Inox.Forniture\",\"https:\\\/\\\/x.com\\\/InoxForniture\"]}]}<\/script>\n<!-- \/ Yoast SEO plugin. -->","yoast_head_json":{"title":"\u00c9CROU AUTOBLOQUANT INOX AISI 304","description":"Vente en ligne d'\u00e9crous autobloquants en acier inoxydable AISI 304 avec filetage m\u00e9trique. Gamme compl\u00e8te disponible en stock M3, M4, M5, M6, M8, M10, M12, M14, M16, M18, M20, M22, M24, M27, M30.","robots":{"index":"index","follow":"follow","max-snippet":"max-snippet:-1","max-image-preview":"max-image-preview:large","max-video-preview":"max-video-preview:-1"},"canonical":"https:\/\/www.inoxforniture.it\/fr\/ecrou-autobloquant-din-985-inox-a2\/","og_locale":"fr_FR","og_type":"article","og_title":"\u00c9CROU AUTOBLOQUANT INOX AISI 304","og_description":"Vente en ligne d'\u00e9crous autobloquants en acier inoxydable AISI 304 avec filetage m\u00e9trique. Gamme compl\u00e8te disponible en stock M3, M4, M5, M6, M8, M10, M12, M14, M16, M18, M20, M22, M24, M27, M30.","og_url":"https:\/\/www.inoxforniture.it\/fr\/ecrou-autobloquant-din-985-inox-a2\/","og_site_name":"Inox Forniture","article_publisher":"https:\/\/www.facebook.com\/Inox.Forniture","article_modified_time":"2026-01-23T17:35:24+00:00","og_image":[{"width":480,"height":480,"url":"https:\/\/www.inoxforniture.it\/wp-content\/uploads\/2014\/10\/8250000_1_1.jpg","type":"image\/jpeg"}],"twitter_card":"summary_large_image","twitter_site":"@InoxForniture","schema":{"@context":"https:\/\/schema.org","@graph":[{"@type":"WebPage","@id":"https:\/\/www.inoxforniture.it\/fr\/ecrou-autobloquant-din-985-inox-a2\/","url":"https:\/\/www.inoxforniture.it\/fr\/ecrou-autobloquant-din-985-inox-a2\/","name":"\u00c9CROU AUTOBLOQUANT INOX AISI 304","isPartOf":{"@id":"https:\/\/www.inoxforniture.it\/#website"},"primaryImageOfPage":{"@id":"https:\/\/www.inoxforniture.it\/fr\/ecrou-autobloquant-din-985-inox-a2\/#primaryimage"},"image":{"@id":"https:\/\/www.inoxforniture.it\/fr\/ecrou-autobloquant-din-985-inox-a2\/#primaryimage"},"thumbnailUrl":"https:\/\/www.inoxforniture.it\/wp-content\/uploads\/2014\/10\/8250000_1_1.jpg","datePublished":"2014-10-17T13:41:38+00:00","dateModified":"2026-01-23T17:35:24+00:00","description":"Vente en ligne d'\u00e9crous autobloquants en acier inoxydable AISI 304 avec filetage m\u00e9trique. Gamme compl\u00e8te disponible en stock M3, M4, M5, M6, M8, M10, M12, M14, M16, M18, M20, M22, M24, M27, M30.","breadcrumb":{"@id":"https:\/\/www.inoxforniture.it\/fr\/ecrou-autobloquant-din-985-inox-a2\/#breadcrumb"},"inLanguage":"fr-FR","potentialAction":[{"@type":"ReadAction","target":["https:\/\/www.inoxforniture.it\/fr\/ecrou-autobloquant-din-985-inox-a2\/"]}]},{"@type":"ImageObject","inLanguage":"fr-FR","@id":"https:\/\/www.inoxforniture.it\/fr\/ecrou-autobloquant-din-985-inox-a2\/#primaryimage","url":"https:\/\/www.inoxforniture.it\/wp-content\/uploads\/2014\/10\/8250000_1_1.jpg","contentUrl":"https:\/\/www.inoxforniture.it\/wp-content\/uploads\/2014\/10\/8250000_1_1.jpg","width":480,"height":480,"caption":"\u00c9CROU AUTOBLOQUANT DIN 985 INOX A2-0"},{"@type":"BreadcrumbList","@id":"https:\/\/www.inoxforniture.it\/fr\/ecrou-autobloquant-din-985-inox-a2\/#breadcrumb","itemListElement":[{"@type":"ListItem","position":1,"name":"Accueil","item":"https:\/\/www.inoxforniture.it\/"},{"@type":"ListItem","position":2,"name":"Boutique","item":"https:\/\/www.inoxforniture.it\/fr\/boutique\/"},{"@type":"ListItem","position":3,"name":"Quincaillerie inox","item":"https:\/\/www.inoxforniture.it\/fr\/quincaillerie-inox\/"},{"@type":"ListItem","position":4,"name":"Visserie et fixation","item":"https:\/\/www.inoxforniture.it\/fr\/visserie-et-fixation\/"},{"@type":"ListItem","position":5,"name":"\u00c9crous et rondelles","item":"https:\/\/www.inoxforniture.it\/fr\/ecrous-et-rondelles\/"},{"@type":"ListItem","position":6,"name":"\u00c9CROU AUTOBLOQUANT DIN 985 INOX A2"}]},{"@type":"WebSite","@id":"https:\/\/www.inoxforniture.it\/#website","url":"https:\/\/www.inoxforniture.it\/","name":"Inox Forniture","description":"","publisher":{"@id":"https:\/\/www.inoxforniture.it\/#organization"},"potentialAction":[{"@type":"SearchAction","target":{"@type":"EntryPoint","urlTemplate":"https:\/\/www.inoxforniture.it\/?s={search_term_string}"},"query-input":{"@type":"PropertyValueSpecification","valueRequired":true,"valueName":"search_term_string"}}],"inLanguage":"fr-FR"},{"@type":"Organization","@id":"https:\/\/www.inoxforniture.it\/#organization","name":"Inox Forniture srl","url":"https:\/\/www.inoxforniture.it\/","logo":{"@type":"ImageObject","inLanguage":"fr-FR","@id":"https:\/\/www.inoxforniture.it\/#\/schema\/logo\/image\/","url":"https:\/\/www.inoxforniture.it\/wp-content\/uploads\/2021\/01\/logo_inox.png","contentUrl":"https:\/\/www.inoxforniture.it\/wp-content\/uploads\/2021\/01\/logo_inox.png","width":230,"height":44,"caption":"Inox Forniture srl"},"image":{"@id":"https:\/\/www.inoxforniture.it\/#\/schema\/logo\/image\/"},"sameAs":["https:\/\/www.facebook.com\/Inox.Forniture","https:\/\/x.com\/InoxForniture"]}]}},"df_price":0.0395,"df_sale_price":"","df_regular_price":0.0395,"df_image_link":"https:\/\/www.inoxforniture.it\/wp-content\/uploads\/2014\/10\/8250000_1_1-300x300.jpg","tiered_pricing_type":"fixed","tiered_pricing_fixed_rules":[],"tiered_pricing_product_settings":{"layout":"default","base_unit_name":{"singular":null,"plural":null},"default_variation":null},"tiered_pricing_minimum_quantity":null,"tiered_pricing_roles_data":{"privato":{"product_id":61555,"role":"privato","pricing_type":"flat","regular_price":null,"sale_price":null,"discount":null,"discount_type":"sale_price","tiered_pricing_type":"fixed","percentage_rules":[],"fixed_rules":[],"minimum":null},"azienda":{"product_id":61555,"role":"azienda","pricing_type":"flat","regular_price":null,"sale_price":null,"discount":null,"discount_type":"sale_price","tiered_pricing_type":"fixed","percentage_rules":[],"fixed_rules":[],"minimum":null},"azienda_premium":{"product_id":61555,"role":"azienda_premium","pricing_type":"flat","regular_price":null,"sale_price":null,"discount":null,"discount_type":"sale_price","tiered_pricing_type":"fixed","percentage_rules":[],"fixed_rules":[],"minimum":null}},"tiered_pricing_percentage_rules":[],"tiered_pricing_maximum_quantity":null,"tiered_pricing_quantity_step":null,"_links":{"self":[{"href":"https:\/\/www.inoxforniture.it\/fr\/wp-json\/wp\/v2\/product\/61555","targetHints":{"allow":["GET"]}}],"collection":[{"href":"https:\/\/www.inoxforniture.it\/fr\/wp-json\/wp\/v2\/product"}],"about":[{"href":"https:\/\/www.inoxforniture.it\/fr\/wp-json\/wp\/v2\/types\/product"}],"wp:featuredmedia":[{"embeddable":true,"href":"https:\/\/www.inoxforniture.it\/fr\/wp-json\/wp\/v2\/media\/61556"}],"wp:attachment":[{"href":"https:\/\/www.inoxforniture.it\/fr\/wp-json\/wp\/v2\/media?parent=61555"}],"wp:term":[{"taxonomy":"product_brand","embeddable":true,"href":"https:\/\/www.inoxforniture.it\/fr\/wp-json\/wp\/v2\/product_brand?post=61555"},{"taxonomy":"product_cat","embeddable":true,"href":"https:\/\/www.inoxforniture.it\/fr\/wp-json\/wp\/v2\/product_cat?post=61555"},{"taxonomy":"product_tag","embeddable":true,"href":"https:\/\/www.inoxforniture.it\/fr\/wp-json\/wp\/v2\/product_tag?post=61555"}],"curies":[{"name":"wp","href":"https:\/\/api.w.org\/{rel}","templated":true}]}}