{"id":61365,"date":"2014-10-17T13:38:41","date_gmt":"2014-10-17T11:38:41","guid":{"rendered":"https:\/\/www.inoxforniture.it\/support-type-3-pour-main-courante-o-337-aisi-304-brossee\/"},"modified":"2026-01-23T18:34:06","modified_gmt":"2026-01-23T17:34:06","slug":"support-type-3-pour-main-courante-o-337-aisi-304-brossee","status":"publish","type":"product","link":"https:\/\/www.inoxforniture.it\/fr\/support-type-3-pour-main-courante-o-337-aisi-304-brossee\/","title":{"rendered":"SUPPORT TYPE 3 POUR MAIN COURANTE \u00d8 33,7 AISI 304 BROSS\u00c9E"},"content":{"rendered":"<p>Ce support est utilis\u00e9 dans les espaces restreints comme les ascenseurs ou les escaliers d&rsquo;anciens b\u00e2timents.<\/p>\n<p>Il est \u00e9galement tr\u00e8s utilis\u00e9 pour r\u00e9aliser des poign\u00e9es de salle de bain ou de portes avec ch\u00e2ssis m\u00e9talliques.<\/p>\n<p><img fetchpriority=\"high\" decoding=\"async\" class=\" size-full wp-image-3376\" title=\"Support pour main courante inox type 3 pour tube de 33,7\" src=\"https:\/\/www.inoxforniture.it\/wp-content\/uploads\/2014\/10\/Imm_C110277-1.jpg\" alt=\"Support pour main courante inox type 3 pour tube de 33,7\" width=\"480\" height=\"480\" srcset=\"https:\/\/www.inoxforniture.it\/wp-content\/uploads\/2014\/10\/Imm_C110277-1.jpg 480w, https:\/\/www.inoxforniture.it\/wp-content\/uploads\/2014\/10\/Imm_C110277-1-400x400.jpg 400w\" sizes=\"(max-width: 480px) 100vw, 480px\" \/><\/p>\n","protected":false},"excerpt":{"rendered":"<p>Ce support est utilis\u00e9 dans les espaces restreints comme les ascenseurs ou les escaliers d&rsquo;anciens b\u00e2timents. Il est \u00e9galement tr\u00e8s utilis\u00e9 pour r\u00e9aliser des poign\u00e9es de salle de bain ou de portes avec ch\u00e2ssis m\u00e9talliques. <\/p>\n","protected":false},"featured_media":61366,"template":"","meta":{"_acf_changed":false},"product_brand":[],"product_cat":[4109],"product_tag":[],"class_list":{"0":"post-61365","1":"product","2":"type-product","3":"status-publish","4":"has-post-thumbnail","6":"product_cat-fixations-main-courante","7":"pa_marchio-inox-forniture","8":"pa_prodotto-support-type-3-pour-main-courante-o-337-aisi-304-brossee","10":"first","11":"instock","12":"taxable","13":"shipping-taxable","14":"purchasable","15":"product-type-simple"},"acf":[],"yoast_head":"<!-- This site is optimized with the Yoast SEO plugin v27.3 - https:\/\/yoast.com\/product\/yoast-seo-wordpress\/ -->\n<title>SUPPORT TYPE 3 POUR MAIN COURANTE \u00d8 33,7 AISI 304 BROSS\u00c9E - Inox Forniture<\/title>\n<meta name=\"robots\" content=\"index, follow, max-snippet:-1, max-image-preview:large, max-video-preview:-1\" \/>\n<link rel=\"canonical\" href=\"https:\/\/www.inoxforniture.it\/fr\/support-type-3-pour-main-courante-o-337-aisi-304-brossee\/\" \/>\n<meta property=\"og:locale\" content=\"fr_FR\" \/>\n<meta property=\"og:type\" content=\"article\" \/>\n<meta property=\"og:title\" content=\"SUPPORT TYPE 3 POUR MAIN COURANTE \u00d8 33,7 AISI 304 BROSS\u00c9E - Inox Forniture\" \/>\n<meta property=\"og:description\" content=\"Ce support est utilis\u00e9 dans les espaces restreints comme les ascenseurs ou les escaliers d&#039;anciens b\u00e2timents. Il est \u00e9galement tr\u00e8s utilis\u00e9 pour r\u00e9aliser des poign\u00e9es de salle de bain ou de portes avec ch\u00e2ssis m\u00e9talliques.\" \/>\n<meta property=\"og:url\" content=\"https:\/\/www.inoxforniture.it\/fr\/support-type-3-pour-main-courante-o-337-aisi-304-brossee\/\" \/>\n<meta property=\"og:site_name\" content=\"Inox Forniture\" \/>\n<meta property=\"article:publisher\" content=\"https:\/\/www.facebook.com\/Inox.Forniture\" \/>\n<meta property=\"article:modified_time\" content=\"2026-01-23T17:34:06+00:00\" \/>\n<meta property=\"og:image\" content=\"https:\/\/www.inoxforniture.it\/wp-content\/uploads\/2014\/10\/c110277_1_1.jpg\" \/>\n\t<meta property=\"og:image:width\" content=\"480\" \/>\n\t<meta property=\"og:image:height\" content=\"480\" \/>\n\t<meta property=\"og:image:type\" content=\"image\/jpeg\" \/>\n<meta name=\"twitter:card\" content=\"summary_large_image\" \/>\n<meta name=\"twitter:site\" content=\"@InoxForniture\" \/>\n<script type=\"application\/ld+json\" class=\"yoast-schema-graph\">{\"@context\":\"https:\\\/\\\/schema.org\",\"@graph\":[{\"@type\":\"WebPage\",\"@id\":\"https:\\\/\\\/www.inoxforniture.it\\\/fr\\\/support-type-3-pour-main-courante-o-337-aisi-304-brossee\\\/\",\"url\":\"https:\\\/\\\/www.inoxforniture.it\\\/fr\\\/support-type-3-pour-main-courante-o-337-aisi-304-brossee\\\/\",\"name\":\"SUPPORT TYPE 3 POUR MAIN COURANTE \u00d8 33,7 AISI 304 BROSS\u00c9E - Inox Forniture\",\"isPartOf\":{\"@id\":\"https:\\\/\\\/www.inoxforniture.it\\\/#website\"},\"primaryImageOfPage\":{\"@id\":\"https:\\\/\\\/www.inoxforniture.it\\\/fr\\\/support-type-3-pour-main-courante-o-337-aisi-304-brossee\\\/#primaryimage\"},\"image\":{\"@id\":\"https:\\\/\\\/www.inoxforniture.it\\\/fr\\\/support-type-3-pour-main-courante-o-337-aisi-304-brossee\\\/#primaryimage\"},\"thumbnailUrl\":\"https:\\\/\\\/www.inoxforniture.it\\\/wp-content\\\/uploads\\\/2014\\\/10\\\/c110277_1_1.jpg\",\"datePublished\":\"2014-10-17T11:38:41+00:00\",\"dateModified\":\"2026-01-23T17:34:06+00:00\",\"breadcrumb\":{\"@id\":\"https:\\\/\\\/www.inoxforniture.it\\\/fr\\\/support-type-3-pour-main-courante-o-337-aisi-304-brossee\\\/#breadcrumb\"},\"inLanguage\":\"fr-FR\",\"potentialAction\":[{\"@type\":\"ReadAction\",\"target\":[\"https:\\\/\\\/www.inoxforniture.it\\\/fr\\\/support-type-3-pour-main-courante-o-337-aisi-304-brossee\\\/\"]}]},{\"@type\":\"ImageObject\",\"inLanguage\":\"fr-FR\",\"@id\":\"https:\\\/\\\/www.inoxforniture.it\\\/fr\\\/support-type-3-pour-main-courante-o-337-aisi-304-brossee\\\/#primaryimage\",\"url\":\"https:\\\/\\\/www.inoxforniture.it\\\/wp-content\\\/uploads\\\/2014\\\/10\\\/c110277_1_1.jpg\",\"contentUrl\":\"https:\\\/\\\/www.inoxforniture.it\\\/wp-content\\\/uploads\\\/2014\\\/10\\\/c110277_1_1.jpg\",\"width\":480,\"height\":480,\"caption\":\"SUPPORT TYPE 3 POUR MAIN COURANTE \u00d8 33,7 AISI 304 BROSS\u00c9E-0\"},{\"@type\":\"BreadcrumbList\",\"@id\":\"https:\\\/\\\/www.inoxforniture.it\\\/fr\\\/support-type-3-pour-main-courante-o-337-aisi-304-brossee\\\/#breadcrumb\",\"itemListElement\":[{\"@type\":\"ListItem\",\"position\":1,\"name\":\"Accueil\",\"item\":\"https:\\\/\\\/www.inoxforniture.it\\\/\"},{\"@type\":\"ListItem\",\"position\":2,\"name\":\"Boutique\",\"item\":\"https:\\\/\\\/www.inoxforniture.it\\\/fr\\\/boutique\\\/\"},{\"@type\":\"ListItem\",\"position\":3,\"name\":\"Syst\u00e8mes pour garde-corps et balustrades\",\"item\":\"https:\\\/\\\/www.inoxforniture.it\\\/fr\\\/systemes-pour-garde-corps-et-balustrades\\\/\"},{\"@type\":\"ListItem\",\"position\":4,\"name\":\"Fixations main courante\",\"item\":\"https:\\\/\\\/www.inoxforniture.it\\\/fr\\\/fixations-main-courante\\\/\"},{\"@type\":\"ListItem\",\"position\":5,\"name\":\"SUPPORT TYPE 3 POUR MAIN COURANTE \u00d8 33,7 AISI 304 BROSS\u00c9E\"}]},{\"@type\":\"WebSite\",\"@id\":\"https:\\\/\\\/www.inoxforniture.it\\\/#website\",\"url\":\"https:\\\/\\\/www.inoxforniture.it\\\/\",\"name\":\"Inox Forniture\",\"description\":\"\",\"publisher\":{\"@id\":\"https:\\\/\\\/www.inoxforniture.it\\\/#organization\"},\"potentialAction\":[{\"@type\":\"SearchAction\",\"target\":{\"@type\":\"EntryPoint\",\"urlTemplate\":\"https:\\\/\\\/www.inoxforniture.it\\\/?s={search_term_string}\"},\"query-input\":{\"@type\":\"PropertyValueSpecification\",\"valueRequired\":true,\"valueName\":\"search_term_string\"}}],\"inLanguage\":\"fr-FR\"},{\"@type\":\"Organization\",\"@id\":\"https:\\\/\\\/www.inoxforniture.it\\\/#organization\",\"name\":\"Inox Forniture srl\",\"url\":\"https:\\\/\\\/www.inoxforniture.it\\\/\",\"logo\":{\"@type\":\"ImageObject\",\"inLanguage\":\"fr-FR\",\"@id\":\"https:\\\/\\\/www.inoxforniture.it\\\/#\\\/schema\\\/logo\\\/image\\\/\",\"url\":\"https:\\\/\\\/www.inoxforniture.it\\\/wp-content\\\/uploads\\\/2021\\\/01\\\/logo_inox.png\",\"contentUrl\":\"https:\\\/\\\/www.inoxforniture.it\\\/wp-content\\\/uploads\\\/2021\\\/01\\\/logo_inox.png\",\"width\":230,\"height\":44,\"caption\":\"Inox Forniture srl\"},\"image\":{\"@id\":\"https:\\\/\\\/www.inoxforniture.it\\\/#\\\/schema\\\/logo\\\/image\\\/\"},\"sameAs\":[\"https:\\\/\\\/www.facebook.com\\\/Inox.Forniture\",\"https:\\\/\\\/x.com\\\/InoxForniture\"]}]}<\/script>\n<!-- \/ Yoast SEO plugin. -->","yoast_head_json":{"title":"SUPPORT TYPE 3 POUR MAIN COURANTE \u00d8 33,7 AISI 304 BROSS\u00c9E - Inox Forniture","robots":{"index":"index","follow":"follow","max-snippet":"max-snippet:-1","max-image-preview":"max-image-preview:large","max-video-preview":"max-video-preview:-1"},"canonical":"https:\/\/www.inoxforniture.it\/fr\/support-type-3-pour-main-courante-o-337-aisi-304-brossee\/","og_locale":"fr_FR","og_type":"article","og_title":"SUPPORT TYPE 3 POUR MAIN COURANTE \u00d8 33,7 AISI 304 BROSS\u00c9E - Inox Forniture","og_description":"Ce support est utilis\u00e9 dans les espaces restreints comme les ascenseurs ou les escaliers d'anciens b\u00e2timents. Il est \u00e9galement tr\u00e8s utilis\u00e9 pour r\u00e9aliser des poign\u00e9es de salle de bain ou de portes avec ch\u00e2ssis m\u00e9talliques.","og_url":"https:\/\/www.inoxforniture.it\/fr\/support-type-3-pour-main-courante-o-337-aisi-304-brossee\/","og_site_name":"Inox Forniture","article_publisher":"https:\/\/www.facebook.com\/Inox.Forniture","article_modified_time":"2026-01-23T17:34:06+00:00","og_image":[{"width":480,"height":480,"url":"https:\/\/www.inoxforniture.it\/wp-content\/uploads\/2014\/10\/c110277_1_1.jpg","type":"image\/jpeg"}],"twitter_card":"summary_large_image","twitter_site":"@InoxForniture","schema":{"@context":"https:\/\/schema.org","@graph":[{"@type":"WebPage","@id":"https:\/\/www.inoxforniture.it\/fr\/support-type-3-pour-main-courante-o-337-aisi-304-brossee\/","url":"https:\/\/www.inoxforniture.it\/fr\/support-type-3-pour-main-courante-o-337-aisi-304-brossee\/","name":"SUPPORT TYPE 3 POUR MAIN COURANTE \u00d8 33,7 AISI 304 BROSS\u00c9E - Inox Forniture","isPartOf":{"@id":"https:\/\/www.inoxforniture.it\/#website"},"primaryImageOfPage":{"@id":"https:\/\/www.inoxforniture.it\/fr\/support-type-3-pour-main-courante-o-337-aisi-304-brossee\/#primaryimage"},"image":{"@id":"https:\/\/www.inoxforniture.it\/fr\/support-type-3-pour-main-courante-o-337-aisi-304-brossee\/#primaryimage"},"thumbnailUrl":"https:\/\/www.inoxforniture.it\/wp-content\/uploads\/2014\/10\/c110277_1_1.jpg","datePublished":"2014-10-17T11:38:41+00:00","dateModified":"2026-01-23T17:34:06+00:00","breadcrumb":{"@id":"https:\/\/www.inoxforniture.it\/fr\/support-type-3-pour-main-courante-o-337-aisi-304-brossee\/#breadcrumb"},"inLanguage":"fr-FR","potentialAction":[{"@type":"ReadAction","target":["https:\/\/www.inoxforniture.it\/fr\/support-type-3-pour-main-courante-o-337-aisi-304-brossee\/"]}]},{"@type":"ImageObject","inLanguage":"fr-FR","@id":"https:\/\/www.inoxforniture.it\/fr\/support-type-3-pour-main-courante-o-337-aisi-304-brossee\/#primaryimage","url":"https:\/\/www.inoxforniture.it\/wp-content\/uploads\/2014\/10\/c110277_1_1.jpg","contentUrl":"https:\/\/www.inoxforniture.it\/wp-content\/uploads\/2014\/10\/c110277_1_1.jpg","width":480,"height":480,"caption":"SUPPORT TYPE 3 POUR MAIN COURANTE \u00d8 33,7 AISI 304 BROSS\u00c9E-0"},{"@type":"BreadcrumbList","@id":"https:\/\/www.inoxforniture.it\/fr\/support-type-3-pour-main-courante-o-337-aisi-304-brossee\/#breadcrumb","itemListElement":[{"@type":"ListItem","position":1,"name":"Accueil","item":"https:\/\/www.inoxforniture.it\/"},{"@type":"ListItem","position":2,"name":"Boutique","item":"https:\/\/www.inoxforniture.it\/fr\/boutique\/"},{"@type":"ListItem","position":3,"name":"Syst\u00e8mes pour garde-corps et balustrades","item":"https:\/\/www.inoxforniture.it\/fr\/systemes-pour-garde-corps-et-balustrades\/"},{"@type":"ListItem","position":4,"name":"Fixations main courante","item":"https:\/\/www.inoxforniture.it\/fr\/fixations-main-courante\/"},{"@type":"ListItem","position":5,"name":"SUPPORT TYPE 3 POUR MAIN COURANTE \u00d8 33,7 AISI 304 BROSS\u00c9E"}]},{"@type":"WebSite","@id":"https:\/\/www.inoxforniture.it\/#website","url":"https:\/\/www.inoxforniture.it\/","name":"Inox Forniture","description":"","publisher":{"@id":"https:\/\/www.inoxforniture.it\/#organization"},"potentialAction":[{"@type":"SearchAction","target":{"@type":"EntryPoint","urlTemplate":"https:\/\/www.inoxforniture.it\/?s={search_term_string}"},"query-input":{"@type":"PropertyValueSpecification","valueRequired":true,"valueName":"search_term_string"}}],"inLanguage":"fr-FR"},{"@type":"Organization","@id":"https:\/\/www.inoxforniture.it\/#organization","name":"Inox Forniture srl","url":"https:\/\/www.inoxforniture.it\/","logo":{"@type":"ImageObject","inLanguage":"fr-FR","@id":"https:\/\/www.inoxforniture.it\/#\/schema\/logo\/image\/","url":"https:\/\/www.inoxforniture.it\/wp-content\/uploads\/2021\/01\/logo_inox.png","contentUrl":"https:\/\/www.inoxforniture.it\/wp-content\/uploads\/2021\/01\/logo_inox.png","width":230,"height":44,"caption":"Inox Forniture srl"},"image":{"@id":"https:\/\/www.inoxforniture.it\/#\/schema\/logo\/image\/"},"sameAs":["https:\/\/www.facebook.com\/Inox.Forniture","https:\/\/x.com\/InoxForniture"]}]}},"df_price":7.2,"df_sale_price":"","df_regular_price":7.2,"df_image_link":"https:\/\/www.inoxforniture.it\/wp-content\/uploads\/2014\/10\/c110277_1_1-300x300.jpg","tiered_pricing_type":"fixed","tiered_pricing_fixed_rules":{"6":5.76,"18":5.04,"100":4.68},"tiered_pricing_product_settings":{"layout":"default","base_unit_name":{"singular":null,"plural":null},"default_variation":null},"tiered_pricing_minimum_quantity":null,"tiered_pricing_roles_data":{"privato":{"product_id":61365,"role":"privato","pricing_type":"flat","regular_price":null,"sale_price":null,"discount":null,"discount_type":"sale_price","tiered_pricing_type":"fixed","percentage_rules":[],"fixed_rules":{"6":"5.7600","18":"5.0400","100":"4.6800"},"minimum":null},"azienda":{"product_id":61365,"role":"azienda","pricing_type":"flat","regular_price":5.76,"sale_price":null,"discount":null,"discount_type":"sale_price","tiered_pricing_type":"fixed","percentage_rules":[],"fixed_rules":{"18":"5.0400","100":"4.6800"},"minimum":null},"azienda_premium":{"product_id":61365,"role":"azienda_premium","pricing_type":"flat","regular_price":5.76,"sale_price":null,"discount":null,"discount_type":"sale_price","tiered_pricing_type":"fixed","percentage_rules":[],"fixed_rules":{"18":"5.0400","100":"4.6800"},"minimum":null}},"tiered_pricing_percentage_rules":[],"tiered_pricing_maximum_quantity":null,"tiered_pricing_quantity_step":null,"_links":{"self":[{"href":"https:\/\/www.inoxforniture.it\/fr\/wp-json\/wp\/v2\/product\/61365","targetHints":{"allow":["GET"]}}],"collection":[{"href":"https:\/\/www.inoxforniture.it\/fr\/wp-json\/wp\/v2\/product"}],"about":[{"href":"https:\/\/www.inoxforniture.it\/fr\/wp-json\/wp\/v2\/types\/product"}],"wp:featuredmedia":[{"embeddable":true,"href":"https:\/\/www.inoxforniture.it\/fr\/wp-json\/wp\/v2\/media\/61366"}],"wp:attachment":[{"href":"https:\/\/www.inoxforniture.it\/fr\/wp-json\/wp\/v2\/media?parent=61365"}],"wp:term":[{"taxonomy":"product_brand","embeddable":true,"href":"https:\/\/www.inoxforniture.it\/fr\/wp-json\/wp\/v2\/product_brand?post=61365"},{"taxonomy":"product_cat","embeddable":true,"href":"https:\/\/www.inoxforniture.it\/fr\/wp-json\/wp\/v2\/product_cat?post=61365"},{"taxonomy":"product_tag","embeddable":true,"href":"https:\/\/www.inoxforniture.it\/fr\/wp-json\/wp\/v2\/product_tag?post=61365"}],"curies":[{"name":"wp","href":"https:\/\/api.w.org\/{rel}","templated":true}]}}