{"id":61281,"date":"2016-01-19T16:09:26","date_gmt":"2016-01-19T15:09:26","guid":{"rendered":"https:\/\/www.inoxforniture.it\/fermetures-a-levier-en-inox-aisi-304-l-1405\/"},"modified":"2026-01-23T18:36:31","modified_gmt":"2026-01-23T17:36:31","slug":"fermetures-a-levier-en-inox-aisi-304-l-1405","status":"publish","type":"product","link":"https:\/\/www.inoxforniture.it\/fr\/fermetures-a-levier-en-inox-aisi-304-l-1405\/","title":{"rendered":"FERMETURES \u00c0 LEVIER EN INOX AISI 304 L.140,5"},"content":{"rendered":"<p>Fermeture \u00e0 levier en acier inoxydable AISI 304 d&rsquo;une longueur totale de 140,5 mm, compl\u00e8te avec crochet de verrouillage.<\/p>\n<p>Charge de travail maximale 1500N<\/p>\n<p>Charge de tension maximale 3000N<\/p>\n<figure id=\"attachment_40037\" aria-describedby=\"caption-attachment-40037\" style=\"width: 600px\" class=\"wp-caption alignnone\"><img fetchpriority=\"high\" decoding=\"async\" class=\"size-full wp-image-40037\" src=\"https:\/\/www.inoxforniture.it\/wp-content\/uploads\/2016\/01\/9410021_4.jpg\" alt=\"{%ALT_TEXT%}\" width=\"600\" height=\"600\" srcset=\"https:\/\/www.inoxforniture.it\/wp-content\/uploads\/2016\/01\/9410021_4.jpg 600w, https:\/\/www.inoxforniture.it\/wp-content\/uploads\/2016\/01\/9410021_4-400x400.jpg 400w\" sizes=\"(max-width: 600px) 100vw, 600px\" \/><figcaption id=\"caption-attachment-40037\" class=\"wp-caption-text\">{%CAPTION%}<\/figcaption><\/figure>\n","protected":false},"excerpt":{"rendered":"<p>Fermeture \u00e0 levier en acier inoxydable AISI 304 d&rsquo;une longueur totale de 140,5 mm, compl\u00e8te avec crochet de verrouillage.<\/p>\n","protected":false},"featured_media":61282,"template":"","meta":{"_acf_changed":false},"product_brand":[],"product_cat":[4133],"product_tag":[],"class_list":{"0":"post-61281","1":"product","2":"type-product","3":"status-publish","4":"has-post-thumbnail","6":"product_cat-fermetures","7":"pa_marchio-inox-forniture","8":"pa_prodotto-fermetures-a-levier-en-inox-aisi-304-long-140","10":"first","11":"instock","12":"taxable","13":"shipping-taxable","14":"purchasable","15":"product-type-simple"},"acf":[],"yoast_head":"<!-- This site is optimized with the Yoast SEO plugin v27.3 - https:\/\/yoast.com\/product\/yoast-seo-wordpress\/ -->\n<title>FERMETURES \u00c0 LEVIER EN INOX AISI 304 L.140,5 - Inox Forniture<\/title>\n<meta name=\"description\" content=\"Fermeture \u00e0 levier en inox d&#039;une longueur totale de 140,5 mm. Complet avec crochet de verrouillage. Disponible en stock avec d&#039;autres mod\u00e8les.\" \/>\n<meta name=\"robots\" content=\"index, follow, max-snippet:-1, max-image-preview:large, max-video-preview:-1\" \/>\n<link rel=\"canonical\" href=\"https:\/\/www.inoxforniture.it\/fr\/fermetures-a-levier-en-inox-aisi-304-l-1405\/\" \/>\n<meta property=\"og:locale\" content=\"fr_FR\" \/>\n<meta property=\"og:type\" content=\"article\" \/>\n<meta property=\"og:title\" content=\"FERMETURES \u00c0 LEVIER EN INOX AISI 304 L.140,5 - Inox Forniture\" \/>\n<meta property=\"og:description\" content=\"Fermeture \u00e0 levier en inox d&#039;une longueur totale de 140,5 mm. Complet avec crochet de verrouillage. Disponible en stock avec d&#039;autres mod\u00e8les.\" \/>\n<meta property=\"og:url\" content=\"https:\/\/www.inoxforniture.it\/fr\/fermetures-a-levier-en-inox-aisi-304-l-1405\/\" \/>\n<meta property=\"og:site_name\" content=\"Inox Forniture\" \/>\n<meta property=\"article:publisher\" content=\"https:\/\/www.facebook.com\/Inox.Forniture\" \/>\n<meta property=\"article:modified_time\" content=\"2026-01-23T17:36:31+00:00\" \/>\n<meta property=\"og:image\" content=\"https:\/\/www.inoxforniture.it\/wp-content\/uploads\/2016\/01\/9410021_1.jpg\" \/>\n\t<meta property=\"og:image:width\" content=\"480\" \/>\n\t<meta property=\"og:image:height\" content=\"480\" \/>\n\t<meta property=\"og:image:type\" content=\"image\/jpeg\" \/>\n<meta name=\"twitter:card\" content=\"summary_large_image\" \/>\n<meta name=\"twitter:site\" content=\"@InoxForniture\" \/>\n<script type=\"application\/ld+json\" class=\"yoast-schema-graph\">{\"@context\":\"https:\\\/\\\/schema.org\",\"@graph\":[{\"@type\":\"WebPage\",\"@id\":\"https:\\\/\\\/www.inoxforniture.it\\\/fr\\\/fermetures-a-levier-en-inox-aisi-304-l-1405\\\/\",\"url\":\"https:\\\/\\\/www.inoxforniture.it\\\/fr\\\/fermetures-a-levier-en-inox-aisi-304-l-1405\\\/\",\"name\":\"FERMETURES \u00c0 LEVIER EN INOX AISI 304 L.140,5 - Inox Forniture\",\"isPartOf\":{\"@id\":\"https:\\\/\\\/www.inoxforniture.it\\\/#website\"},\"primaryImageOfPage\":{\"@id\":\"https:\\\/\\\/www.inoxforniture.it\\\/fr\\\/fermetures-a-levier-en-inox-aisi-304-l-1405\\\/#primaryimage\"},\"image\":{\"@id\":\"https:\\\/\\\/www.inoxforniture.it\\\/fr\\\/fermetures-a-levier-en-inox-aisi-304-l-1405\\\/#primaryimage\"},\"thumbnailUrl\":\"https:\\\/\\\/www.inoxforniture.it\\\/wp-content\\\/uploads\\\/2016\\\/01\\\/9410021_1.jpg\",\"datePublished\":\"2016-01-19T15:09:26+00:00\",\"dateModified\":\"2026-01-23T17:36:31+00:00\",\"description\":\"Fermeture \u00e0 levier en inox d'une longueur totale de 140,5 mm. Complet avec crochet de verrouillage. Disponible en stock avec d'autres mod\u00e8les.\",\"breadcrumb\":{\"@id\":\"https:\\\/\\\/www.inoxforniture.it\\\/fr\\\/fermetures-a-levier-en-inox-aisi-304-l-1405\\\/#breadcrumb\"},\"inLanguage\":\"fr-FR\",\"potentialAction\":[{\"@type\":\"ReadAction\",\"target\":[\"https:\\\/\\\/www.inoxforniture.it\\\/fr\\\/fermetures-a-levier-en-inox-aisi-304-l-1405\\\/\"]}]},{\"@type\":\"ImageObject\",\"inLanguage\":\"fr-FR\",\"@id\":\"https:\\\/\\\/www.inoxforniture.it\\\/fr\\\/fermetures-a-levier-en-inox-aisi-304-l-1405\\\/#primaryimage\",\"url\":\"https:\\\/\\\/www.inoxforniture.it\\\/wp-content\\\/uploads\\\/2016\\\/01\\\/9410021_1.jpg\",\"contentUrl\":\"https:\\\/\\\/www.inoxforniture.it\\\/wp-content\\\/uploads\\\/2016\\\/01\\\/9410021_1.jpg\",\"width\":480,\"height\":480,\"caption\":\"FERMETURES \u00c0 LEVIER EN INOX AISI 304 LONG. 140-0\"},{\"@type\":\"BreadcrumbList\",\"@id\":\"https:\\\/\\\/www.inoxforniture.it\\\/fr\\\/fermetures-a-levier-en-inox-aisi-304-l-1405\\\/#breadcrumb\",\"itemListElement\":[{\"@type\":\"ListItem\",\"position\":1,\"name\":\"Accueil\",\"item\":\"https:\\\/\\\/www.inoxforniture.it\\\/\"},{\"@type\":\"ListItem\",\"position\":2,\"name\":\"Boutique\",\"item\":\"https:\\\/\\\/www.inoxforniture.it\\\/fr\\\/boutique\\\/\"},{\"@type\":\"ListItem\",\"position\":3,\"name\":\"Quincaillerie inox\",\"item\":\"https:\\\/\\\/www.inoxforniture.it\\\/fr\\\/quincaillerie-inox\\\/\"},{\"@type\":\"ListItem\",\"position\":4,\"name\":\"Charni\u00e8res, fermetures et poign\u00e9es\",\"item\":\"https:\\\/\\\/www.inoxforniture.it\\\/fr\\\/charnieres-fermetures-et-poignees\\\/\"},{\"@type\":\"ListItem\",\"position\":5,\"name\":\"Fermetures\",\"item\":\"https:\\\/\\\/www.inoxforniture.it\\\/fr\\\/fermetures\\\/\"},{\"@type\":\"ListItem\",\"position\":6,\"name\":\"FERMETURES \u00c0 LEVIER EN INOX AISI 304 L.140,5\"}]},{\"@type\":\"WebSite\",\"@id\":\"https:\\\/\\\/www.inoxforniture.it\\\/#website\",\"url\":\"https:\\\/\\\/www.inoxforniture.it\\\/\",\"name\":\"Inox Forniture\",\"description\":\"\",\"publisher\":{\"@id\":\"https:\\\/\\\/www.inoxforniture.it\\\/#organization\"},\"potentialAction\":[{\"@type\":\"SearchAction\",\"target\":{\"@type\":\"EntryPoint\",\"urlTemplate\":\"https:\\\/\\\/www.inoxforniture.it\\\/?s={search_term_string}\"},\"query-input\":{\"@type\":\"PropertyValueSpecification\",\"valueRequired\":true,\"valueName\":\"search_term_string\"}}],\"inLanguage\":\"fr-FR\"},{\"@type\":\"Organization\",\"@id\":\"https:\\\/\\\/www.inoxforniture.it\\\/#organization\",\"name\":\"Inox Forniture srl\",\"url\":\"https:\\\/\\\/www.inoxforniture.it\\\/\",\"logo\":{\"@type\":\"ImageObject\",\"inLanguage\":\"fr-FR\",\"@id\":\"https:\\\/\\\/www.inoxforniture.it\\\/#\\\/schema\\\/logo\\\/image\\\/\",\"url\":\"https:\\\/\\\/www.inoxforniture.it\\\/wp-content\\\/uploads\\\/2021\\\/01\\\/logo_inox.png\",\"contentUrl\":\"https:\\\/\\\/www.inoxforniture.it\\\/wp-content\\\/uploads\\\/2021\\\/01\\\/logo_inox.png\",\"width\":230,\"height\":44,\"caption\":\"Inox Forniture srl\"},\"image\":{\"@id\":\"https:\\\/\\\/www.inoxforniture.it\\\/#\\\/schema\\\/logo\\\/image\\\/\"},\"sameAs\":[\"https:\\\/\\\/www.facebook.com\\\/Inox.Forniture\",\"https:\\\/\\\/x.com\\\/InoxForniture\"]}]}<\/script>\n<!-- \/ Yoast SEO plugin. -->","yoast_head_json":{"title":"FERMETURES \u00c0 LEVIER EN INOX AISI 304 L.140,5 - Inox Forniture","description":"Fermeture \u00e0 levier en inox d'une longueur totale de 140,5 mm. Complet avec crochet de verrouillage. Disponible en stock avec d'autres mod\u00e8les.","robots":{"index":"index","follow":"follow","max-snippet":"max-snippet:-1","max-image-preview":"max-image-preview:large","max-video-preview":"max-video-preview:-1"},"canonical":"https:\/\/www.inoxforniture.it\/fr\/fermetures-a-levier-en-inox-aisi-304-l-1405\/","og_locale":"fr_FR","og_type":"article","og_title":"FERMETURES \u00c0 LEVIER EN INOX AISI 304 L.140,5 - Inox Forniture","og_description":"Fermeture \u00e0 levier en inox d'une longueur totale de 140,5 mm. Complet avec crochet de verrouillage. Disponible en stock avec d'autres mod\u00e8les.","og_url":"https:\/\/www.inoxforniture.it\/fr\/fermetures-a-levier-en-inox-aisi-304-l-1405\/","og_site_name":"Inox Forniture","article_publisher":"https:\/\/www.facebook.com\/Inox.Forniture","article_modified_time":"2026-01-23T17:36:31+00:00","og_image":[{"width":480,"height":480,"url":"https:\/\/www.inoxforniture.it\/wp-content\/uploads\/2016\/01\/9410021_1.jpg","type":"image\/jpeg"}],"twitter_card":"summary_large_image","twitter_site":"@InoxForniture","schema":{"@context":"https:\/\/schema.org","@graph":[{"@type":"WebPage","@id":"https:\/\/www.inoxforniture.it\/fr\/fermetures-a-levier-en-inox-aisi-304-l-1405\/","url":"https:\/\/www.inoxforniture.it\/fr\/fermetures-a-levier-en-inox-aisi-304-l-1405\/","name":"FERMETURES \u00c0 LEVIER EN INOX AISI 304 L.140,5 - Inox Forniture","isPartOf":{"@id":"https:\/\/www.inoxforniture.it\/#website"},"primaryImageOfPage":{"@id":"https:\/\/www.inoxforniture.it\/fr\/fermetures-a-levier-en-inox-aisi-304-l-1405\/#primaryimage"},"image":{"@id":"https:\/\/www.inoxforniture.it\/fr\/fermetures-a-levier-en-inox-aisi-304-l-1405\/#primaryimage"},"thumbnailUrl":"https:\/\/www.inoxforniture.it\/wp-content\/uploads\/2016\/01\/9410021_1.jpg","datePublished":"2016-01-19T15:09:26+00:00","dateModified":"2026-01-23T17:36:31+00:00","description":"Fermeture \u00e0 levier en inox d'une longueur totale de 140,5 mm. Complet avec crochet de verrouillage. Disponible en stock avec d'autres mod\u00e8les.","breadcrumb":{"@id":"https:\/\/www.inoxforniture.it\/fr\/fermetures-a-levier-en-inox-aisi-304-l-1405\/#breadcrumb"},"inLanguage":"fr-FR","potentialAction":[{"@type":"ReadAction","target":["https:\/\/www.inoxforniture.it\/fr\/fermetures-a-levier-en-inox-aisi-304-l-1405\/"]}]},{"@type":"ImageObject","inLanguage":"fr-FR","@id":"https:\/\/www.inoxforniture.it\/fr\/fermetures-a-levier-en-inox-aisi-304-l-1405\/#primaryimage","url":"https:\/\/www.inoxforniture.it\/wp-content\/uploads\/2016\/01\/9410021_1.jpg","contentUrl":"https:\/\/www.inoxforniture.it\/wp-content\/uploads\/2016\/01\/9410021_1.jpg","width":480,"height":480,"caption":"FERMETURES \u00c0 LEVIER EN INOX AISI 304 LONG. 140-0"},{"@type":"BreadcrumbList","@id":"https:\/\/www.inoxforniture.it\/fr\/fermetures-a-levier-en-inox-aisi-304-l-1405\/#breadcrumb","itemListElement":[{"@type":"ListItem","position":1,"name":"Accueil","item":"https:\/\/www.inoxforniture.it\/"},{"@type":"ListItem","position":2,"name":"Boutique","item":"https:\/\/www.inoxforniture.it\/fr\/boutique\/"},{"@type":"ListItem","position":3,"name":"Quincaillerie inox","item":"https:\/\/www.inoxforniture.it\/fr\/quincaillerie-inox\/"},{"@type":"ListItem","position":4,"name":"Charni\u00e8res, fermetures et poign\u00e9es","item":"https:\/\/www.inoxforniture.it\/fr\/charnieres-fermetures-et-poignees\/"},{"@type":"ListItem","position":5,"name":"Fermetures","item":"https:\/\/www.inoxforniture.it\/fr\/fermetures\/"},{"@type":"ListItem","position":6,"name":"FERMETURES \u00c0 LEVIER EN INOX AISI 304 L.140,5"}]},{"@type":"WebSite","@id":"https:\/\/www.inoxforniture.it\/#website","url":"https:\/\/www.inoxforniture.it\/","name":"Inox Forniture","description":"","publisher":{"@id":"https:\/\/www.inoxforniture.it\/#organization"},"potentialAction":[{"@type":"SearchAction","target":{"@type":"EntryPoint","urlTemplate":"https:\/\/www.inoxforniture.it\/?s={search_term_string}"},"query-input":{"@type":"PropertyValueSpecification","valueRequired":true,"valueName":"search_term_string"}}],"inLanguage":"fr-FR"},{"@type":"Organization","@id":"https:\/\/www.inoxforniture.it\/#organization","name":"Inox Forniture srl","url":"https:\/\/www.inoxforniture.it\/","logo":{"@type":"ImageObject","inLanguage":"fr-FR","@id":"https:\/\/www.inoxforniture.it\/#\/schema\/logo\/image\/","url":"https:\/\/www.inoxforniture.it\/wp-content\/uploads\/2021\/01\/logo_inox.png","contentUrl":"https:\/\/www.inoxforniture.it\/wp-content\/uploads\/2021\/01\/logo_inox.png","width":230,"height":44,"caption":"Inox Forniture srl"},"image":{"@id":"https:\/\/www.inoxforniture.it\/#\/schema\/logo\/image\/"},"sameAs":["https:\/\/www.facebook.com\/Inox.Forniture","https:\/\/x.com\/InoxForniture"]}]}},"df_price":4.31,"df_sale_price":"","df_regular_price":4.31,"df_image_link":"https:\/\/www.inoxforniture.it\/wp-content\/uploads\/2016\/01\/9410021_1-300x300.jpg","tiered_pricing_type":"fixed","tiered_pricing_fixed_rules":{"50":3.45,"75":3.02,"150":2.81},"tiered_pricing_product_settings":{"layout":"default","base_unit_name":{"singular":null,"plural":null},"default_variation":null},"tiered_pricing_minimum_quantity":null,"tiered_pricing_roles_data":{"privato":{"product_id":61281,"role":"privato","pricing_type":"flat","regular_price":null,"sale_price":null,"discount":null,"discount_type":"sale_price","tiered_pricing_type":"fixed","percentage_rules":[],"fixed_rules":{"50":"3.45","75":"3.02","150":"2.81"},"minimum":null},"azienda":{"product_id":61281,"role":"azienda","pricing_type":"flat","regular_price":3.45,"sale_price":null,"discount":null,"discount_type":"sale_price","tiered_pricing_type":"fixed","percentage_rules":[],"fixed_rules":{"75":"3.02","150":"2.81"},"minimum":null},"azienda_premium":{"product_id":61281,"role":"azienda_premium","pricing_type":"flat","regular_price":3.45,"sale_price":null,"discount":null,"discount_type":"sale_price","tiered_pricing_type":"fixed","percentage_rules":[],"fixed_rules":{"75":"3.02","150":"2.81"},"minimum":null}},"tiered_pricing_percentage_rules":[],"tiered_pricing_maximum_quantity":null,"tiered_pricing_quantity_step":null,"_links":{"self":[{"href":"https:\/\/www.inoxforniture.it\/fr\/wp-json\/wp\/v2\/product\/61281","targetHints":{"allow":["GET"]}}],"collection":[{"href":"https:\/\/www.inoxforniture.it\/fr\/wp-json\/wp\/v2\/product"}],"about":[{"href":"https:\/\/www.inoxforniture.it\/fr\/wp-json\/wp\/v2\/types\/product"}],"wp:featuredmedia":[{"embeddable":true,"href":"https:\/\/www.inoxforniture.it\/fr\/wp-json\/wp\/v2\/media\/61282"}],"wp:attachment":[{"href":"https:\/\/www.inoxforniture.it\/fr\/wp-json\/wp\/v2\/media?parent=61281"}],"wp:term":[{"taxonomy":"product_brand","embeddable":true,"href":"https:\/\/www.inoxforniture.it\/fr\/wp-json\/wp\/v2\/product_brand?post=61281"},{"taxonomy":"product_cat","embeddable":true,"href":"https:\/\/www.inoxforniture.it\/fr\/wp-json\/wp\/v2\/product_cat?post=61281"},{"taxonomy":"product_tag","embeddable":true,"href":"https:\/\/www.inoxforniture.it\/fr\/wp-json\/wp\/v2\/product_tag?post=61281"}],"curies":[{"name":"wp","href":"https:\/\/api.w.org\/{rel}","templated":true}]}}