{"id":61228,"date":"2016-07-27T16:02:21","date_gmt":"2016-07-27T14:02:21","guid":{"rendered":"https:\/\/www.inoxforniture.it\/raccord-articule-pour-rond-o-12-aisi-316-poli-miroir\/"},"modified":"2026-01-23T18:36:52","modified_gmt":"2026-01-23T17:36:52","slug":"raccord-articule-pour-rond-o-12-aisi-316-poli-miroir","status":"publish","type":"product","link":"https:\/\/www.inoxforniture.it\/fr\/raccord-articule-pour-rond-o-12-aisi-316-poli-miroir\/","title":{"rendered":"RACCORD ARTICUL\u00c9 POUR ROND \u00d8 12 AISI 316 POLI MIROIR"},"content":{"rendered":"<p>Le raccord articul\u00e9 pour rond \u00d8 12 AISI 316 poli miroir est un composant technique de haute qualit\u00e9, id\u00e9al pour les applications en milieux marins et industriels. Fabriqu\u00e9 en acier inoxydable AISI 316, il offre une excellente r\u00e9sistance \u00e0 la corrosion et une durabilit\u00e9 dans le temps. La finition polie miroir garantit un aspect esth\u00e9tique sup\u00e9rieur, le rendant parfait pour des installations de prestige. Ce raccord articul\u00e9 est con\u00e7u pour faciliter le montage et l&rsquo;alignement des tubes ronds et des barres pleines, assurant une connexion s\u00fbre et stable.   <\/p>\n","protected":false},"excerpt":{"rendered":"<p>Raccord articul\u00e9 pour rond \u00d8 12 en acier inoxydable AISI 316 poli miroir, r\u00e9sistant \u00e0 la corrosion et id\u00e9al pour les environnements marins et industriels.<\/p>\n","protected":false},"featured_media":61229,"template":"","meta":{"_acf_changed":false},"product_brand":[],"product_cat":[4122],"product_tag":[4857,4785,4749,4858],"class_list":{"0":"post-61228","1":"product","2":"type-product","3":"status-publish","4":"has-post-thumbnail","6":"product_cat-accessoires-balustrades-en-aisi-316-poli","7":"product_tag-acier-inoxydable-aisi-316","8":"product_tag-finition-poli-miroir","9":"product_tag-raccord-articule","10":"product_tag-rond-o-12","11":"pa_marchio-inox-forniture","12":"pa_prodotto-raccord-articule-pour-rond-o-12-aisi-316-poli-miroir","14":"first","15":"instock","16":"taxable","17":"shipping-taxable","18":"purchasable","19":"product-type-simple"},"acf":[],"yoast_head":"<!-- This site is optimized with the Yoast SEO plugin v27.3 - https:\/\/yoast.com\/product\/yoast-seo-wordpress\/ -->\n<title>Raccord Articul\u00e9 pour Rond \u00d8 12 en Acier Inoxydable AISI 316 Poli Miroir- Inox Forniture<\/title>\n<meta name=\"description\" content=\"Raccord articul\u00e9 pour rond \u00d8 12 en acier inoxydable AISI 316 poli miroir, id\u00e9al pour les environnements marins et industriels. R\u00e9sistant \u00e0 la corrosion et de haute qualit\u00e9.\" \/>\n<meta name=\"robots\" content=\"index, follow, max-snippet:-1, max-image-preview:large, max-video-preview:-1\" \/>\n<link rel=\"canonical\" href=\"https:\/\/www.inoxforniture.it\/fr\/raccord-articule-pour-rond-o-12-aisi-316-poli-miroir\/\" \/>\n<meta property=\"og:locale\" content=\"fr_FR\" \/>\n<meta property=\"og:type\" content=\"article\" \/>\n<meta property=\"og:title\" content=\"Raccord Articul\u00e9 pour Rond \u00d8 12 en Acier Inoxydable AISI 316 Poli Miroir- Inox Forniture\" \/>\n<meta property=\"og:description\" content=\"Raccord articul\u00e9 pour rond \u00d8 12 en acier inoxydable AISI 316 poli miroir, id\u00e9al pour les environnements marins et industriels. R\u00e9sistant \u00e0 la corrosion et de haute qualit\u00e9.\" \/>\n<meta property=\"og:url\" content=\"https:\/\/www.inoxforniture.it\/fr\/raccord-articule-pour-rond-o-12-aisi-316-poli-miroir\/\" \/>\n<meta property=\"og:site_name\" content=\"Inox Forniture\" \/>\n<meta property=\"article:publisher\" content=\"https:\/\/www.facebook.com\/Inox.Forniture\" \/>\n<meta property=\"article:modified_time\" content=\"2026-01-23T17:36:52+00:00\" \/>\n<meta property=\"og:image\" content=\"https:\/\/www.inoxforniture.it\/wp-content\/uploads\/2016\/07\/c110430-l_1.jpg\" \/>\n\t<meta property=\"og:image:width\" content=\"480\" \/>\n\t<meta property=\"og:image:height\" content=\"480\" \/>\n\t<meta property=\"og:image:type\" content=\"image\/jpeg\" \/>\n<meta name=\"twitter:card\" content=\"summary_large_image\" \/>\n<meta name=\"twitter:site\" content=\"@InoxForniture\" \/>\n<script type=\"application\/ld+json\" class=\"yoast-schema-graph\">{\"@context\":\"https:\\\/\\\/schema.org\",\"@graph\":[{\"@type\":\"WebPage\",\"@id\":\"https:\\\/\\\/www.inoxforniture.it\\\/fr\\\/raccord-articule-pour-rond-o-12-aisi-316-poli-miroir\\\/\",\"url\":\"https:\\\/\\\/www.inoxforniture.it\\\/fr\\\/raccord-articule-pour-rond-o-12-aisi-316-poli-miroir\\\/\",\"name\":\"Raccord Articul\u00e9 pour Rond \u00d8 12 en Acier Inoxydable AISI 316 Poli Miroir- Inox Forniture\",\"isPartOf\":{\"@id\":\"https:\\\/\\\/www.inoxforniture.it\\\/#website\"},\"primaryImageOfPage\":{\"@id\":\"https:\\\/\\\/www.inoxforniture.it\\\/fr\\\/raccord-articule-pour-rond-o-12-aisi-316-poli-miroir\\\/#primaryimage\"},\"image\":{\"@id\":\"https:\\\/\\\/www.inoxforniture.it\\\/fr\\\/raccord-articule-pour-rond-o-12-aisi-316-poli-miroir\\\/#primaryimage\"},\"thumbnailUrl\":\"https:\\\/\\\/www.inoxforniture.it\\\/wp-content\\\/uploads\\\/2016\\\/07\\\/c110430-l_1.jpg\",\"datePublished\":\"2016-07-27T14:02:21+00:00\",\"dateModified\":\"2026-01-23T17:36:52+00:00\",\"description\":\"Raccord articul\u00e9 pour rond \u00d8 12 en acier inoxydable AISI 316 poli miroir, id\u00e9al pour les environnements marins et industriels. R\u00e9sistant \u00e0 la corrosion et de haute qualit\u00e9.\",\"breadcrumb\":{\"@id\":\"https:\\\/\\\/www.inoxforniture.it\\\/fr\\\/raccord-articule-pour-rond-o-12-aisi-316-poli-miroir\\\/#breadcrumb\"},\"inLanguage\":\"fr-FR\",\"potentialAction\":[{\"@type\":\"ReadAction\",\"target\":[\"https:\\\/\\\/www.inoxforniture.it\\\/fr\\\/raccord-articule-pour-rond-o-12-aisi-316-poli-miroir\\\/\"]}]},{\"@type\":\"ImageObject\",\"inLanguage\":\"fr-FR\",\"@id\":\"https:\\\/\\\/www.inoxforniture.it\\\/fr\\\/raccord-articule-pour-rond-o-12-aisi-316-poli-miroir\\\/#primaryimage\",\"url\":\"https:\\\/\\\/www.inoxforniture.it\\\/wp-content\\\/uploads\\\/2016\\\/07\\\/c110430-l_1.jpg\",\"contentUrl\":\"https:\\\/\\\/www.inoxforniture.it\\\/wp-content\\\/uploads\\\/2016\\\/07\\\/c110430-l_1.jpg\",\"width\":480,\"height\":480,\"caption\":\"Raccord articul\u00e9 pour rond \u00d8 12 en acier inoxydable AISI 316 poli miroir, r\u00e9sistant \u00e0 la corrosion\"},{\"@type\":\"BreadcrumbList\",\"@id\":\"https:\\\/\\\/www.inoxforniture.it\\\/fr\\\/raccord-articule-pour-rond-o-12-aisi-316-poli-miroir\\\/#breadcrumb\",\"itemListElement\":[{\"@type\":\"ListItem\",\"position\":1,\"name\":\"Accueil\",\"item\":\"https:\\\/\\\/www.inoxforniture.it\\\/\"},{\"@type\":\"ListItem\",\"position\":2,\"name\":\"Boutique\",\"item\":\"https:\\\/\\\/www.inoxforniture.it\\\/fr\\\/boutique\\\/\"},{\"@type\":\"ListItem\",\"position\":3,\"name\":\"Syst\u00e8mes pour garde-corps et balustrades\",\"item\":\"https:\\\/\\\/www.inoxforniture.it\\\/fr\\\/systemes-pour-garde-corps-et-balustrades\\\/\"},{\"@type\":\"ListItem\",\"position\":4,\"name\":\"Accessoires balustrades en AISI 316 POLI\",\"item\":\"https:\\\/\\\/www.inoxforniture.it\\\/fr\\\/accessoires-balustrades-en-aisi-316-poli\\\/\"},{\"@type\":\"ListItem\",\"position\":5,\"name\":\"RACCORD ARTICUL\u00c9 POUR ROND \u00d8 12 AISI 316 POLI MIROIR\"}]},{\"@type\":\"WebSite\",\"@id\":\"https:\\\/\\\/www.inoxforniture.it\\\/#website\",\"url\":\"https:\\\/\\\/www.inoxforniture.it\\\/\",\"name\":\"Inox Forniture\",\"description\":\"\",\"publisher\":{\"@id\":\"https:\\\/\\\/www.inoxforniture.it\\\/#organization\"},\"potentialAction\":[{\"@type\":\"SearchAction\",\"target\":{\"@type\":\"EntryPoint\",\"urlTemplate\":\"https:\\\/\\\/www.inoxforniture.it\\\/?s={search_term_string}\"},\"query-input\":{\"@type\":\"PropertyValueSpecification\",\"valueRequired\":true,\"valueName\":\"search_term_string\"}}],\"inLanguage\":\"fr-FR\"},{\"@type\":\"Organization\",\"@id\":\"https:\\\/\\\/www.inoxforniture.it\\\/#organization\",\"name\":\"Inox Forniture srl\",\"url\":\"https:\\\/\\\/www.inoxforniture.it\\\/\",\"logo\":{\"@type\":\"ImageObject\",\"inLanguage\":\"fr-FR\",\"@id\":\"https:\\\/\\\/www.inoxforniture.it\\\/#\\\/schema\\\/logo\\\/image\\\/\",\"url\":\"https:\\\/\\\/www.inoxforniture.it\\\/wp-content\\\/uploads\\\/2021\\\/01\\\/logo_inox.png\",\"contentUrl\":\"https:\\\/\\\/www.inoxforniture.it\\\/wp-content\\\/uploads\\\/2021\\\/01\\\/logo_inox.png\",\"width\":230,\"height\":44,\"caption\":\"Inox Forniture srl\"},\"image\":{\"@id\":\"https:\\\/\\\/www.inoxforniture.it\\\/#\\\/schema\\\/logo\\\/image\\\/\"},\"sameAs\":[\"https:\\\/\\\/www.facebook.com\\\/Inox.Forniture\",\"https:\\\/\\\/x.com\\\/InoxForniture\"]}]}<\/script>\n<!-- \/ Yoast SEO plugin. -->","yoast_head_json":{"title":"Raccord Articul\u00e9 pour Rond \u00d8 12 en Acier Inoxydable AISI 316 Poli Miroir- Inox Forniture","description":"Raccord articul\u00e9 pour rond \u00d8 12 en acier inoxydable AISI 316 poli miroir, id\u00e9al pour les environnements marins et industriels. R\u00e9sistant \u00e0 la corrosion et de haute qualit\u00e9.","robots":{"index":"index","follow":"follow","max-snippet":"max-snippet:-1","max-image-preview":"max-image-preview:large","max-video-preview":"max-video-preview:-1"},"canonical":"https:\/\/www.inoxforniture.it\/fr\/raccord-articule-pour-rond-o-12-aisi-316-poli-miroir\/","og_locale":"fr_FR","og_type":"article","og_title":"Raccord Articul\u00e9 pour Rond \u00d8 12 en Acier Inoxydable AISI 316 Poli Miroir- Inox Forniture","og_description":"Raccord articul\u00e9 pour rond \u00d8 12 en acier inoxydable AISI 316 poli miroir, id\u00e9al pour les environnements marins et industriels. R\u00e9sistant \u00e0 la corrosion et de haute qualit\u00e9.","og_url":"https:\/\/www.inoxforniture.it\/fr\/raccord-articule-pour-rond-o-12-aisi-316-poli-miroir\/","og_site_name":"Inox Forniture","article_publisher":"https:\/\/www.facebook.com\/Inox.Forniture","article_modified_time":"2026-01-23T17:36:52+00:00","og_image":[{"width":480,"height":480,"url":"https:\/\/www.inoxforniture.it\/wp-content\/uploads\/2016\/07\/c110430-l_1.jpg","type":"image\/jpeg"}],"twitter_card":"summary_large_image","twitter_site":"@InoxForniture","schema":{"@context":"https:\/\/schema.org","@graph":[{"@type":"WebPage","@id":"https:\/\/www.inoxforniture.it\/fr\/raccord-articule-pour-rond-o-12-aisi-316-poli-miroir\/","url":"https:\/\/www.inoxforniture.it\/fr\/raccord-articule-pour-rond-o-12-aisi-316-poli-miroir\/","name":"Raccord Articul\u00e9 pour Rond \u00d8 12 en Acier Inoxydable AISI 316 Poli Miroir- Inox Forniture","isPartOf":{"@id":"https:\/\/www.inoxforniture.it\/#website"},"primaryImageOfPage":{"@id":"https:\/\/www.inoxforniture.it\/fr\/raccord-articule-pour-rond-o-12-aisi-316-poli-miroir\/#primaryimage"},"image":{"@id":"https:\/\/www.inoxforniture.it\/fr\/raccord-articule-pour-rond-o-12-aisi-316-poli-miroir\/#primaryimage"},"thumbnailUrl":"https:\/\/www.inoxforniture.it\/wp-content\/uploads\/2016\/07\/c110430-l_1.jpg","datePublished":"2016-07-27T14:02:21+00:00","dateModified":"2026-01-23T17:36:52+00:00","description":"Raccord articul\u00e9 pour rond \u00d8 12 en acier inoxydable AISI 316 poli miroir, id\u00e9al pour les environnements marins et industriels. R\u00e9sistant \u00e0 la corrosion et de haute qualit\u00e9.","breadcrumb":{"@id":"https:\/\/www.inoxforniture.it\/fr\/raccord-articule-pour-rond-o-12-aisi-316-poli-miroir\/#breadcrumb"},"inLanguage":"fr-FR","potentialAction":[{"@type":"ReadAction","target":["https:\/\/www.inoxforniture.it\/fr\/raccord-articule-pour-rond-o-12-aisi-316-poli-miroir\/"]}]},{"@type":"ImageObject","inLanguage":"fr-FR","@id":"https:\/\/www.inoxforniture.it\/fr\/raccord-articule-pour-rond-o-12-aisi-316-poli-miroir\/#primaryimage","url":"https:\/\/www.inoxforniture.it\/wp-content\/uploads\/2016\/07\/c110430-l_1.jpg","contentUrl":"https:\/\/www.inoxforniture.it\/wp-content\/uploads\/2016\/07\/c110430-l_1.jpg","width":480,"height":480,"caption":"Raccord articul\u00e9 pour rond \u00d8 12 en acier inoxydable AISI 316 poli miroir, r\u00e9sistant \u00e0 la corrosion"},{"@type":"BreadcrumbList","@id":"https:\/\/www.inoxforniture.it\/fr\/raccord-articule-pour-rond-o-12-aisi-316-poli-miroir\/#breadcrumb","itemListElement":[{"@type":"ListItem","position":1,"name":"Accueil","item":"https:\/\/www.inoxforniture.it\/"},{"@type":"ListItem","position":2,"name":"Boutique","item":"https:\/\/www.inoxforniture.it\/fr\/boutique\/"},{"@type":"ListItem","position":3,"name":"Syst\u00e8mes pour garde-corps et balustrades","item":"https:\/\/www.inoxforniture.it\/fr\/systemes-pour-garde-corps-et-balustrades\/"},{"@type":"ListItem","position":4,"name":"Accessoires balustrades en AISI 316 POLI","item":"https:\/\/www.inoxforniture.it\/fr\/accessoires-balustrades-en-aisi-316-poli\/"},{"@type":"ListItem","position":5,"name":"RACCORD ARTICUL\u00c9 POUR ROND \u00d8 12 AISI 316 POLI MIROIR"}]},{"@type":"WebSite","@id":"https:\/\/www.inoxforniture.it\/#website","url":"https:\/\/www.inoxforniture.it\/","name":"Inox Forniture","description":"","publisher":{"@id":"https:\/\/www.inoxforniture.it\/#organization"},"potentialAction":[{"@type":"SearchAction","target":{"@type":"EntryPoint","urlTemplate":"https:\/\/www.inoxforniture.it\/?s={search_term_string}"},"query-input":{"@type":"PropertyValueSpecification","valueRequired":true,"valueName":"search_term_string"}}],"inLanguage":"fr-FR"},{"@type":"Organization","@id":"https:\/\/www.inoxforniture.it\/#organization","name":"Inox Forniture srl","url":"https:\/\/www.inoxforniture.it\/","logo":{"@type":"ImageObject","inLanguage":"fr-FR","@id":"https:\/\/www.inoxforniture.it\/#\/schema\/logo\/image\/","url":"https:\/\/www.inoxforniture.it\/wp-content\/uploads\/2021\/01\/logo_inox.png","contentUrl":"https:\/\/www.inoxforniture.it\/wp-content\/uploads\/2021\/01\/logo_inox.png","width":230,"height":44,"caption":"Inox Forniture srl"},"image":{"@id":"https:\/\/www.inoxforniture.it\/#\/schema\/logo\/image\/"},"sameAs":["https:\/\/www.facebook.com\/Inox.Forniture","https:\/\/x.com\/InoxForniture"]}]}},"df_price":8.22,"df_sale_price":"","df_regular_price":8.22,"df_image_link":"https:\/\/www.inoxforniture.it\/wp-content\/uploads\/2016\/07\/c110430-l_1-300x300.jpg","tiered_pricing_type":"fixed","tiered_pricing_fixed_rules":{"20":6.576,"60":5.754,"200":5.343},"tiered_pricing_product_settings":{"layout":"default","base_unit_name":{"singular":null,"plural":null},"default_variation":null},"tiered_pricing_minimum_quantity":null,"tiered_pricing_roles_data":{"privato":{"product_id":61228,"role":"privato","pricing_type":"flat","regular_price":null,"sale_price":null,"discount":null,"discount_type":"sale_price","tiered_pricing_type":"fixed","percentage_rules":[],"fixed_rules":{"20":"6.5760","60":"5.7540","200":"5.3430"},"minimum":null},"azienda":{"product_id":61228,"role":"azienda","pricing_type":"flat","regular_price":6.576,"sale_price":null,"discount":null,"discount_type":"sale_price","tiered_pricing_type":"fixed","percentage_rules":[],"fixed_rules":{"60":"5.7540","200":"5.3430"},"minimum":null},"azienda_premium":{"product_id":61228,"role":"azienda_premium","pricing_type":"flat","regular_price":6.576,"sale_price":null,"discount":null,"discount_type":"sale_price","tiered_pricing_type":"fixed","percentage_rules":[],"fixed_rules":{"60":"5.7540","200":"5.3430"},"minimum":null}},"tiered_pricing_percentage_rules":[],"tiered_pricing_maximum_quantity":null,"tiered_pricing_quantity_step":null,"_links":{"self":[{"href":"https:\/\/www.inoxforniture.it\/fr\/wp-json\/wp\/v2\/product\/61228","targetHints":{"allow":["GET"]}}],"collection":[{"href":"https:\/\/www.inoxforniture.it\/fr\/wp-json\/wp\/v2\/product"}],"about":[{"href":"https:\/\/www.inoxforniture.it\/fr\/wp-json\/wp\/v2\/types\/product"}],"wp:featuredmedia":[{"embeddable":true,"href":"https:\/\/www.inoxforniture.it\/fr\/wp-json\/wp\/v2\/media\/61229"}],"wp:attachment":[{"href":"https:\/\/www.inoxforniture.it\/fr\/wp-json\/wp\/v2\/media?parent=61228"}],"wp:term":[{"taxonomy":"product_brand","embeddable":true,"href":"https:\/\/www.inoxforniture.it\/fr\/wp-json\/wp\/v2\/product_brand?post=61228"},{"taxonomy":"product_cat","embeddable":true,"href":"https:\/\/www.inoxforniture.it\/fr\/wp-json\/wp\/v2\/product_cat?post=61228"},{"taxonomy":"product_tag","embeddable":true,"href":"https:\/\/www.inoxforniture.it\/fr\/wp-json\/wp\/v2\/product_tag?post=61228"}],"curies":[{"name":"wp","href":"https:\/\/api.w.org\/{rel}","templated":true}]}}