{"id":61198,"date":"2016-07-27T16:02:21","date_gmt":"2016-07-27T14:02:21","guid":{"rendered":"https:\/\/www.inoxforniture.it\/pince-52x52-o-424-verre-8-1276-aisi-316-poli-miroir\/"},"modified":"2026-01-23T18:36:45","modified_gmt":"2026-01-23T17:36:45","slug":"pince-52x52-o-424-verre-8-1276-aisi-316-poli-miroir","status":"publish","type":"product","link":"https:\/\/www.inoxforniture.it\/fr\/pince-52x52-o-424-verre-8-1276-aisi-316-poli-miroir\/","title":{"rendered":"PINCE 52&#215;52 \u00d8 42,4 VERRE 8-12,76 AISI 316 POLI MIROIR"},"content":{"rendered":"<p>La pince 52&#215;52 pour tube \u00d8 42,4 en acier inoxydable AISI 316 poli miroir est con\u00e7ue pour fixer des verres d&rsquo;\u00e9paisseur de 8 \u00e0 12,76 mm. Id\u00e9ale pour les applications en environnements marins et industriels gr\u00e2ce \u00e0 sa r\u00e9sistance \u00e0 la corrosion. La finition polie miroir conf\u00e8re un aspect \u00e9l\u00e9gant et moderne, parfait pour les installations int\u00e9rieures et ext\u00e9rieures. <\/p>\n","protected":false},"excerpt":{"rendered":"<p>Pince 52&#215;52 avec fixation \u00d8 42,4 en acier inoxydable AISI 316 poli miroir pour verres de 8 \u00e0 12,76 mm, installations ext\u00e9rieures m\u00eame \u00e0 proximit\u00e9 de la mer.<\/p>\n","protected":false},"featured_media":61199,"template":"","meta":{"_acf_changed":false},"product_brand":[],"product_cat":[4117,4122],"product_tag":[4810,4811,4809,4812],"class_list":{"0":"post-61198","1":"product","2":"type-product","3":"status-publish","4":"has-post-thumbnail","6":"product_cat-accessoires-balustrades-avec-verre","7":"product_cat-accessoires-balustrades-en-aisi-316-poli","8":"product_tag-pince-a-verre","9":"product_tag-pince-aisi-316","10":"product_tag-pince-inox","11":"product_tag-pince-polie","12":"pa_marchio-inox-forniture","13":"pa_prodotto-pince-55x55-o-424-verre-8-1276-aisi-316-poli-miroir","15":"first","16":"instock","17":"taxable","18":"shipping-taxable","19":"purchasable","20":"product-type-simple"},"acf":[],"yoast_head":"<!-- This site is optimized with the Yoast SEO plugin v27.3 - https:\/\/yoast.com\/product\/yoast-seo-wordpress\/ -->\n<title>Pince 52x52 pour tube \u00d8 42,4 Inox AISI 316 Poli miroir - Inox Forniture<\/title>\n<meta name=\"description\" content=\"Pince 52x52 pour tube \u00d8 42,4 en inox AISI 316 poli miroir pour verres de 8 \u00e0 12,76 mm. R\u00e9sistante \u00e0 la corrosion, id\u00e9ale pour les environnements marins et industriels.\" \/>\n<meta name=\"robots\" content=\"index, follow, max-snippet:-1, max-image-preview:large, max-video-preview:-1\" \/>\n<link rel=\"canonical\" href=\"https:\/\/www.inoxforniture.it\/fr\/pince-52x52-o-424-verre-8-1276-aisi-316-poli-miroir\/\" \/>\n<meta property=\"og:locale\" content=\"fr_FR\" \/>\n<meta property=\"og:type\" content=\"article\" \/>\n<meta property=\"og:title\" content=\"Pince 52x52 pour tube \u00d8 42,4 Inox AISI 316 Poli miroir - Inox Forniture\" \/>\n<meta property=\"og:description\" content=\"Pince 52x52 pour tube \u00d8 42,4 en inox AISI 316 poli miroir pour verres de 8 \u00e0 12,76 mm. R\u00e9sistante \u00e0 la corrosion, id\u00e9ale pour les environnements marins et industriels.\" \/>\n<meta property=\"og:url\" content=\"https:\/\/www.inoxforniture.it\/fr\/pince-52x52-o-424-verre-8-1276-aisi-316-poli-miroir\/\" \/>\n<meta property=\"og:site_name\" content=\"Inox Forniture\" \/>\n<meta property=\"article:publisher\" content=\"https:\/\/www.facebook.com\/Inox.Forniture\" \/>\n<meta property=\"article:modified_time\" content=\"2026-01-23T17:36:45+00:00\" \/>\n<meta property=\"og:image\" content=\"https:\/\/www.inoxforniture.it\/wp-content\/uploads\/2016\/07\/c110318-l_2.jpg\" \/>\n\t<meta property=\"og:image:width\" content=\"480\" \/>\n\t<meta property=\"og:image:height\" content=\"480\" \/>\n\t<meta property=\"og:image:type\" content=\"image\/jpeg\" \/>\n<meta name=\"twitter:card\" content=\"summary_large_image\" \/>\n<meta name=\"twitter:site\" content=\"@InoxForniture\" \/>\n<script type=\"application\/ld+json\" class=\"yoast-schema-graph\">{\"@context\":\"https:\\\/\\\/schema.org\",\"@graph\":[{\"@type\":\"WebPage\",\"@id\":\"https:\\\/\\\/www.inoxforniture.it\\\/fr\\\/pince-52x52-o-424-verre-8-1276-aisi-316-poli-miroir\\\/\",\"url\":\"https:\\\/\\\/www.inoxforniture.it\\\/fr\\\/pince-52x52-o-424-verre-8-1276-aisi-316-poli-miroir\\\/\",\"name\":\"Pince 52x52 pour tube \u00d8 42,4 Inox AISI 316 Poli miroir - Inox Forniture\",\"isPartOf\":{\"@id\":\"https:\\\/\\\/www.inoxforniture.it\\\/#website\"},\"primaryImageOfPage\":{\"@id\":\"https:\\\/\\\/www.inoxforniture.it\\\/fr\\\/pince-52x52-o-424-verre-8-1276-aisi-316-poli-miroir\\\/#primaryimage\"},\"image\":{\"@id\":\"https:\\\/\\\/www.inoxforniture.it\\\/fr\\\/pince-52x52-o-424-verre-8-1276-aisi-316-poli-miroir\\\/#primaryimage\"},\"thumbnailUrl\":\"https:\\\/\\\/www.inoxforniture.it\\\/wp-content\\\/uploads\\\/2016\\\/07\\\/c110318-l_2.jpg\",\"datePublished\":\"2016-07-27T14:02:21+00:00\",\"dateModified\":\"2026-01-23T17:36:45+00:00\",\"description\":\"Pince 52x52 pour tube \u00d8 42,4 en inox AISI 316 poli miroir pour verres de 8 \u00e0 12,76 mm. R\u00e9sistante \u00e0 la corrosion, id\u00e9ale pour les environnements marins et industriels.\",\"breadcrumb\":{\"@id\":\"https:\\\/\\\/www.inoxforniture.it\\\/fr\\\/pince-52x52-o-424-verre-8-1276-aisi-316-poli-miroir\\\/#breadcrumb\"},\"inLanguage\":\"fr-FR\",\"potentialAction\":[{\"@type\":\"ReadAction\",\"target\":[\"https:\\\/\\\/www.inoxforniture.it\\\/fr\\\/pince-52x52-o-424-verre-8-1276-aisi-316-poli-miroir\\\/\"]}]},{\"@type\":\"ImageObject\",\"inLanguage\":\"fr-FR\",\"@id\":\"https:\\\/\\\/www.inoxforniture.it\\\/fr\\\/pince-52x52-o-424-verre-8-1276-aisi-316-poli-miroir\\\/#primaryimage\",\"url\":\"https:\\\/\\\/www.inoxforniture.it\\\/wp-content\\\/uploads\\\/2016\\\/07\\\/c110318-l_2.jpg\",\"contentUrl\":\"https:\\\/\\\/www.inoxforniture.it\\\/wp-content\\\/uploads\\\/2016\\\/07\\\/c110318-l_2.jpg\",\"width\":480,\"height\":480,\"caption\":\"Pince 52x52 avec fixation \u00d8 42,4 en acier inoxydable AISI 316 poli miroir pour verres de 8 \u00e0 12,76 mm\"},{\"@type\":\"BreadcrumbList\",\"@id\":\"https:\\\/\\\/www.inoxforniture.it\\\/fr\\\/pince-52x52-o-424-verre-8-1276-aisi-316-poli-miroir\\\/#breadcrumb\",\"itemListElement\":[{\"@type\":\"ListItem\",\"position\":1,\"name\":\"Accueil\",\"item\":\"https:\\\/\\\/www.inoxforniture.it\\\/\"},{\"@type\":\"ListItem\",\"position\":2,\"name\":\"Boutique\",\"item\":\"https:\\\/\\\/www.inoxforniture.it\\\/fr\\\/boutique\\\/\"},{\"@type\":\"ListItem\",\"position\":3,\"name\":\"Syst\u00e8mes pour garde-corps et balustrades\",\"item\":\"https:\\\/\\\/www.inoxforniture.it\\\/fr\\\/systemes-pour-garde-corps-et-balustrades\\\/\"},{\"@type\":\"ListItem\",\"position\":4,\"name\":\"Accessori balaustre con vetro\",\"item\":\"https:\\\/\\\/www.inoxforniture.it\\\/accessori-balaustre-con-vetro\\\/\"},{\"@type\":\"ListItem\",\"position\":5,\"name\":\"PINCE 52&#215;52 \u00d8 42,4 VERRE 8-12,76 AISI 316 POLI MIROIR\"}]},{\"@type\":\"WebSite\",\"@id\":\"https:\\\/\\\/www.inoxforniture.it\\\/#website\",\"url\":\"https:\\\/\\\/www.inoxforniture.it\\\/\",\"name\":\"Inox Forniture\",\"description\":\"\",\"publisher\":{\"@id\":\"https:\\\/\\\/www.inoxforniture.it\\\/#organization\"},\"potentialAction\":[{\"@type\":\"SearchAction\",\"target\":{\"@type\":\"EntryPoint\",\"urlTemplate\":\"https:\\\/\\\/www.inoxforniture.it\\\/?s={search_term_string}\"},\"query-input\":{\"@type\":\"PropertyValueSpecification\",\"valueRequired\":true,\"valueName\":\"search_term_string\"}}],\"inLanguage\":\"fr-FR\"},{\"@type\":\"Organization\",\"@id\":\"https:\\\/\\\/www.inoxforniture.it\\\/#organization\",\"name\":\"Inox Forniture srl\",\"url\":\"https:\\\/\\\/www.inoxforniture.it\\\/\",\"logo\":{\"@type\":\"ImageObject\",\"inLanguage\":\"fr-FR\",\"@id\":\"https:\\\/\\\/www.inoxforniture.it\\\/#\\\/schema\\\/logo\\\/image\\\/\",\"url\":\"https:\\\/\\\/www.inoxforniture.it\\\/wp-content\\\/uploads\\\/2021\\\/01\\\/logo_inox.png\",\"contentUrl\":\"https:\\\/\\\/www.inoxforniture.it\\\/wp-content\\\/uploads\\\/2021\\\/01\\\/logo_inox.png\",\"width\":230,\"height\":44,\"caption\":\"Inox Forniture srl\"},\"image\":{\"@id\":\"https:\\\/\\\/www.inoxforniture.it\\\/#\\\/schema\\\/logo\\\/image\\\/\"},\"sameAs\":[\"https:\\\/\\\/www.facebook.com\\\/Inox.Forniture\",\"https:\\\/\\\/x.com\\\/InoxForniture\"]}]}<\/script>\n<!-- \/ Yoast SEO plugin. -->","yoast_head_json":{"title":"Pince 52x52 pour tube \u00d8 42,4 Inox AISI 316 Poli miroir - Inox Forniture","description":"Pince 52x52 pour tube \u00d8 42,4 en inox AISI 316 poli miroir pour verres de 8 \u00e0 12,76 mm. R\u00e9sistante \u00e0 la corrosion, id\u00e9ale pour les environnements marins et industriels.","robots":{"index":"index","follow":"follow","max-snippet":"max-snippet:-1","max-image-preview":"max-image-preview:large","max-video-preview":"max-video-preview:-1"},"canonical":"https:\/\/www.inoxforniture.it\/fr\/pince-52x52-o-424-verre-8-1276-aisi-316-poli-miroir\/","og_locale":"fr_FR","og_type":"article","og_title":"Pince 52x52 pour tube \u00d8 42,4 Inox AISI 316 Poli miroir - Inox Forniture","og_description":"Pince 52x52 pour tube \u00d8 42,4 en inox AISI 316 poli miroir pour verres de 8 \u00e0 12,76 mm. R\u00e9sistante \u00e0 la corrosion, id\u00e9ale pour les environnements marins et industriels.","og_url":"https:\/\/www.inoxforniture.it\/fr\/pince-52x52-o-424-verre-8-1276-aisi-316-poli-miroir\/","og_site_name":"Inox Forniture","article_publisher":"https:\/\/www.facebook.com\/Inox.Forniture","article_modified_time":"2026-01-23T17:36:45+00:00","og_image":[{"width":480,"height":480,"url":"https:\/\/www.inoxforniture.it\/wp-content\/uploads\/2016\/07\/c110318-l_2.jpg","type":"image\/jpeg"}],"twitter_card":"summary_large_image","twitter_site":"@InoxForniture","schema":{"@context":"https:\/\/schema.org","@graph":[{"@type":"WebPage","@id":"https:\/\/www.inoxforniture.it\/fr\/pince-52x52-o-424-verre-8-1276-aisi-316-poli-miroir\/","url":"https:\/\/www.inoxforniture.it\/fr\/pince-52x52-o-424-verre-8-1276-aisi-316-poli-miroir\/","name":"Pince 52x52 pour tube \u00d8 42,4 Inox AISI 316 Poli miroir - Inox Forniture","isPartOf":{"@id":"https:\/\/www.inoxforniture.it\/#website"},"primaryImageOfPage":{"@id":"https:\/\/www.inoxforniture.it\/fr\/pince-52x52-o-424-verre-8-1276-aisi-316-poli-miroir\/#primaryimage"},"image":{"@id":"https:\/\/www.inoxforniture.it\/fr\/pince-52x52-o-424-verre-8-1276-aisi-316-poli-miroir\/#primaryimage"},"thumbnailUrl":"https:\/\/www.inoxforniture.it\/wp-content\/uploads\/2016\/07\/c110318-l_2.jpg","datePublished":"2016-07-27T14:02:21+00:00","dateModified":"2026-01-23T17:36:45+00:00","description":"Pince 52x52 pour tube \u00d8 42,4 en inox AISI 316 poli miroir pour verres de 8 \u00e0 12,76 mm. R\u00e9sistante \u00e0 la corrosion, id\u00e9ale pour les environnements marins et industriels.","breadcrumb":{"@id":"https:\/\/www.inoxforniture.it\/fr\/pince-52x52-o-424-verre-8-1276-aisi-316-poli-miroir\/#breadcrumb"},"inLanguage":"fr-FR","potentialAction":[{"@type":"ReadAction","target":["https:\/\/www.inoxforniture.it\/fr\/pince-52x52-o-424-verre-8-1276-aisi-316-poli-miroir\/"]}]},{"@type":"ImageObject","inLanguage":"fr-FR","@id":"https:\/\/www.inoxforniture.it\/fr\/pince-52x52-o-424-verre-8-1276-aisi-316-poli-miroir\/#primaryimage","url":"https:\/\/www.inoxforniture.it\/wp-content\/uploads\/2016\/07\/c110318-l_2.jpg","contentUrl":"https:\/\/www.inoxforniture.it\/wp-content\/uploads\/2016\/07\/c110318-l_2.jpg","width":480,"height":480,"caption":"Pince 52x52 avec fixation \u00d8 42,4 en acier inoxydable AISI 316 poli miroir pour verres de 8 \u00e0 12,76 mm"},{"@type":"BreadcrumbList","@id":"https:\/\/www.inoxforniture.it\/fr\/pince-52x52-o-424-verre-8-1276-aisi-316-poli-miroir\/#breadcrumb","itemListElement":[{"@type":"ListItem","position":1,"name":"Accueil","item":"https:\/\/www.inoxforniture.it\/"},{"@type":"ListItem","position":2,"name":"Boutique","item":"https:\/\/www.inoxforniture.it\/fr\/boutique\/"},{"@type":"ListItem","position":3,"name":"Syst\u00e8mes pour garde-corps et balustrades","item":"https:\/\/www.inoxforniture.it\/fr\/systemes-pour-garde-corps-et-balustrades\/"},{"@type":"ListItem","position":4,"name":"Accessori balaustre con vetro","item":"https:\/\/www.inoxforniture.it\/accessori-balaustre-con-vetro\/"},{"@type":"ListItem","position":5,"name":"PINCE 52&#215;52 \u00d8 42,4 VERRE 8-12,76 AISI 316 POLI MIROIR"}]},{"@type":"WebSite","@id":"https:\/\/www.inoxforniture.it\/#website","url":"https:\/\/www.inoxforniture.it\/","name":"Inox Forniture","description":"","publisher":{"@id":"https:\/\/www.inoxforniture.it\/#organization"},"potentialAction":[{"@type":"SearchAction","target":{"@type":"EntryPoint","urlTemplate":"https:\/\/www.inoxforniture.it\/?s={search_term_string}"},"query-input":{"@type":"PropertyValueSpecification","valueRequired":true,"valueName":"search_term_string"}}],"inLanguage":"fr-FR"},{"@type":"Organization","@id":"https:\/\/www.inoxforniture.it\/#organization","name":"Inox Forniture srl","url":"https:\/\/www.inoxforniture.it\/","logo":{"@type":"ImageObject","inLanguage":"fr-FR","@id":"https:\/\/www.inoxforniture.it\/#\/schema\/logo\/image\/","url":"https:\/\/www.inoxforniture.it\/wp-content\/uploads\/2021\/01\/logo_inox.png","contentUrl":"https:\/\/www.inoxforniture.it\/wp-content\/uploads\/2021\/01\/logo_inox.png","width":230,"height":44,"caption":"Inox Forniture srl"},"image":{"@id":"https:\/\/www.inoxforniture.it\/#\/schema\/logo\/image\/"},"sameAs":["https:\/\/www.facebook.com\/Inox.Forniture","https:\/\/x.com\/InoxForniture"]}]}},"df_price":22.95,"df_sale_price":"","df_regular_price":22.95,"df_image_link":"https:\/\/www.inoxforniture.it\/wp-content\/uploads\/2016\/07\/c110318-l_2-300x300.jpg","tiered_pricing_type":"fixed","tiered_pricing_fixed_rules":{"16":18.36,"48":16.065,"100":14.9175},"tiered_pricing_product_settings":{"layout":"default","base_unit_name":{"singular":null,"plural":null},"default_variation":null},"tiered_pricing_minimum_quantity":null,"tiered_pricing_roles_data":{"privato":{"product_id":61198,"role":"privato","pricing_type":"flat","regular_price":null,"sale_price":null,"discount":null,"discount_type":"sale_price","tiered_pricing_type":"fixed","percentage_rules":[],"fixed_rules":{"16":"18.3600","48":"16.0650","100":"14.9175"},"minimum":null},"azienda":{"product_id":61198,"role":"azienda","pricing_type":"flat","regular_price":18.36,"sale_price":null,"discount":null,"discount_type":"sale_price","tiered_pricing_type":"fixed","percentage_rules":[],"fixed_rules":{"48":"16.0650","100":"14.9175"},"minimum":null},"azienda_premium":{"product_id":61198,"role":"azienda_premium","pricing_type":"flat","regular_price":18.36,"sale_price":null,"discount":null,"discount_type":"sale_price","tiered_pricing_type":"fixed","percentage_rules":[],"fixed_rules":{"48":"16.0650","100":"14.9175"},"minimum":null}},"tiered_pricing_percentage_rules":[],"tiered_pricing_maximum_quantity":null,"tiered_pricing_quantity_step":null,"_links":{"self":[{"href":"https:\/\/www.inoxforniture.it\/fr\/wp-json\/wp\/v2\/product\/61198","targetHints":{"allow":["GET"]}}],"collection":[{"href":"https:\/\/www.inoxforniture.it\/fr\/wp-json\/wp\/v2\/product"}],"about":[{"href":"https:\/\/www.inoxforniture.it\/fr\/wp-json\/wp\/v2\/types\/product"}],"wp:featuredmedia":[{"embeddable":true,"href":"https:\/\/www.inoxforniture.it\/fr\/wp-json\/wp\/v2\/media\/61199"}],"wp:attachment":[{"href":"https:\/\/www.inoxforniture.it\/fr\/wp-json\/wp\/v2\/media?parent=61198"}],"wp:term":[{"taxonomy":"product_brand","embeddable":true,"href":"https:\/\/www.inoxforniture.it\/fr\/wp-json\/wp\/v2\/product_brand?post=61198"},{"taxonomy":"product_cat","embeddable":true,"href":"https:\/\/www.inoxforniture.it\/fr\/wp-json\/wp\/v2\/product_cat?post=61198"},{"taxonomy":"product_tag","embeddable":true,"href":"https:\/\/www.inoxforniture.it\/fr\/wp-json\/wp\/v2\/product_tag?post=61198"}],"curies":[{"name":"wp","href":"https:\/\/api.w.org\/{rel}","templated":true}]}}