{"id":61178,"date":"2016-07-27T16:02:21","date_gmt":"2016-07-27T14:02:21","guid":{"rendered":"https:\/\/www.inoxforniture.it\/coude-a-90-pour-tube-o-424-x-2-aisi-316-poli-miroir-2\/"},"modified":"2026-01-23T18:36:43","modified_gmt":"2026-01-23T17:36:43","slug":"coude-a-90-pour-tube-o-424-x-2-aisi-316-poli-miroir-2","status":"publish","type":"product","link":"https:\/\/www.inoxforniture.it\/fr\/coude-a-90-pour-tube-o-424-x-2-aisi-316-poli-miroir-2\/","title":{"rendered":"COUDE \u00c0 90\u00b0 POUR TUBE \u00d8 42,4 x 2 AISI 316 POLI MIROIR"},"content":{"rendered":"<p>Le coude \u00e0 90\u00b0 pour tube \u00d8 42,4 x 2 mm en acier inoxydable AISI 316 poli miroir est con\u00e7u pour assurer une connexion s\u00fbre et r\u00e9sistante entre les tubes. Gr\u00e2ce \u00e0 sa haute r\u00e9sistance \u00e0 la corrosion, il est id\u00e9al pour les applications en environnements marins et industriels. La finition polie miroir offre non seulement un aspect \u00e9l\u00e9gant et professionnel, mais am\u00e9liore aussi la r\u00e9sistance \u00e0 la corrosion, maintenant le syst\u00e8me de tuyauterie stable et s\u00fbr.<br \/>\n<img fetchpriority=\"high\" decoding=\"async\" class=\" size-full wp-image-8874\" title=\"Coude \u00e0 90\u00b0 inox poli miroir pour tube de 42,4\" src=\"https:\/\/www.inoxforniture.it\/wp-content\/uploads\/2016\/07\/Imm_C110199-L-1.jpg\" alt=\"Coude \u00e0 90\u00b0 inox poli miroir pour tube de 42,4\" width=\"480\" height=\"480\" srcset=\"https:\/\/www.inoxforniture.it\/wp-content\/uploads\/2016\/07\/Imm_C110199-L-1.jpg 480w, https:\/\/www.inoxforniture.it\/wp-content\/uploads\/2016\/07\/Imm_C110199-L-1-400x400.jpg 400w\" sizes=\"(max-width: 480px) 100vw, 480px\" \/><\/p>\n","protected":false},"excerpt":{"rendered":"<p>Coude \u00e0 90\u00b0 pour tube \u00d8 42,4 x 2 mm en acier inoxydable AISI 316 poli miroir, r\u00e9sistant \u00e0 la corrosion, id\u00e9al pour installations ext\u00e9rieures m\u00eame en proximit\u00e9 marine.<\/p>\n","protected":false},"featured_media":61179,"template":"","meta":{"_acf_changed":false},"product_brand":[],"product_cat":[4122],"product_tag":[4690,4679,4785,4321],"class_list":{"0":"post-61178","1":"product","2":"type-product","3":"status-publish","4":"has-post-thumbnail","6":"product_cat-accessoires-balustrades-en-aisi-316-poli","7":"product_tag-aisi-316","8":"product_tag-coude-a-90","9":"product_tag-finition-poli-miroir","10":"product_tag-tube-inox","11":"pa_marchio-inox-forniture","12":"pa_prodotto-coude-a-90-pour-tube-o-424-x-2-aisi-316-poli-miroir-2","14":"first","15":"instock","16":"taxable","17":"shipping-taxable","18":"purchasable","19":"product-type-simple"},"acf":[],"yoast_head":"<!-- This site is optimized with the Yoast SEO plugin v27.3 - https:\/\/yoast.com\/product\/yoast-seo-wordpress\/ -->\n<title>Coude \u00e0 90\u00b0 pour tube \u00d8 42,4 inox AISI 316 poli miroir - Inox Forniture<\/title>\n<meta name=\"description\" content=\"Coude \u00e0 90\u00b0 pour tube \u00d8 42,4 x 2 mm en acier inoxydable AISI 316 poli miroir, r\u00e9sistant \u00e0 la corrosion, id\u00e9al pour environnements marins et industriels. Achetez en ligne.\" \/>\n<meta name=\"robots\" content=\"index, follow, max-snippet:-1, max-image-preview:large, max-video-preview:-1\" \/>\n<link rel=\"canonical\" href=\"https:\/\/www.inoxforniture.it\/fr\/coude-a-90-pour-tube-o-424-x-2-aisi-316-poli-miroir-2\/\" \/>\n<meta property=\"og:locale\" content=\"fr_FR\" \/>\n<meta property=\"og:type\" content=\"article\" \/>\n<meta property=\"og:title\" content=\"Coude \u00e0 90\u00b0 pour tube \u00d8 42,4 inox AISI 316 poli miroir - Inox Forniture\" \/>\n<meta property=\"og:description\" content=\"Coude \u00e0 90\u00b0 pour tube \u00d8 42,4 x 2 mm en acier inoxydable AISI 316 poli miroir, r\u00e9sistant \u00e0 la corrosion, id\u00e9al pour environnements marins et industriels. Achetez en ligne.\" \/>\n<meta property=\"og:url\" content=\"https:\/\/www.inoxforniture.it\/fr\/coude-a-90-pour-tube-o-424-x-2-aisi-316-poli-miroir-2\/\" \/>\n<meta property=\"og:site_name\" content=\"Inox Forniture\" \/>\n<meta property=\"article:publisher\" content=\"https:\/\/www.facebook.com\/Inox.Forniture\" \/>\n<meta property=\"article:modified_time\" content=\"2026-01-23T17:36:43+00:00\" \/>\n<meta property=\"og:image\" content=\"https:\/\/www.inoxforniture.it\/wp-content\/uploads\/2016\/07\/c110199-l_1.jpg\" \/>\n\t<meta property=\"og:image:width\" content=\"480\" \/>\n\t<meta property=\"og:image:height\" content=\"480\" \/>\n\t<meta property=\"og:image:type\" content=\"image\/jpeg\" \/>\n<meta name=\"twitter:card\" content=\"summary_large_image\" \/>\n<meta name=\"twitter:site\" content=\"@InoxForniture\" \/>\n<script type=\"application\/ld+json\" class=\"yoast-schema-graph\">{\"@context\":\"https:\\\/\\\/schema.org\",\"@graph\":[{\"@type\":\"WebPage\",\"@id\":\"https:\\\/\\\/www.inoxforniture.it\\\/fr\\\/coude-a-90-pour-tube-o-424-x-2-aisi-316-poli-miroir-2\\\/\",\"url\":\"https:\\\/\\\/www.inoxforniture.it\\\/fr\\\/coude-a-90-pour-tube-o-424-x-2-aisi-316-poli-miroir-2\\\/\",\"name\":\"Coude \u00e0 90\u00b0 pour tube \u00d8 42,4 inox AISI 316 poli miroir - Inox Forniture\",\"isPartOf\":{\"@id\":\"https:\\\/\\\/www.inoxforniture.it\\\/#website\"},\"primaryImageOfPage\":{\"@id\":\"https:\\\/\\\/www.inoxforniture.it\\\/fr\\\/coude-a-90-pour-tube-o-424-x-2-aisi-316-poli-miroir-2\\\/#primaryimage\"},\"image\":{\"@id\":\"https:\\\/\\\/www.inoxforniture.it\\\/fr\\\/coude-a-90-pour-tube-o-424-x-2-aisi-316-poli-miroir-2\\\/#primaryimage\"},\"thumbnailUrl\":\"https:\\\/\\\/www.inoxforniture.it\\\/wp-content\\\/uploads\\\/2016\\\/07\\\/c110199-l_1.jpg\",\"datePublished\":\"2016-07-27T14:02:21+00:00\",\"dateModified\":\"2026-01-23T17:36:43+00:00\",\"description\":\"Coude \u00e0 90\u00b0 pour tube \u00d8 42,4 x 2 mm en acier inoxydable AISI 316 poli miroir, r\u00e9sistant \u00e0 la corrosion, id\u00e9al pour environnements marins et industriels. Achetez en ligne.\",\"breadcrumb\":{\"@id\":\"https:\\\/\\\/www.inoxforniture.it\\\/fr\\\/coude-a-90-pour-tube-o-424-x-2-aisi-316-poli-miroir-2\\\/#breadcrumb\"},\"inLanguage\":\"fr-FR\",\"potentialAction\":[{\"@type\":\"ReadAction\",\"target\":[\"https:\\\/\\\/www.inoxforniture.it\\\/fr\\\/coude-a-90-pour-tube-o-424-x-2-aisi-316-poli-miroir-2\\\/\"]}]},{\"@type\":\"ImageObject\",\"inLanguage\":\"fr-FR\",\"@id\":\"https:\\\/\\\/www.inoxforniture.it\\\/fr\\\/coude-a-90-pour-tube-o-424-x-2-aisi-316-poli-miroir-2\\\/#primaryimage\",\"url\":\"https:\\\/\\\/www.inoxforniture.it\\\/wp-content\\\/uploads\\\/2016\\\/07\\\/c110199-l_1.jpg\",\"contentUrl\":\"https:\\\/\\\/www.inoxforniture.it\\\/wp-content\\\/uploads\\\/2016\\\/07\\\/c110199-l_1.jpg\",\"width\":480,\"height\":480,\"caption\":\"Coude \u00e0 90\u00b0 pour tube \u00d8 42,4 x 2 mm en acier inoxydable AISI 316 poli miroir, id\u00e9al pour environnements marins et industriels\"},{\"@type\":\"BreadcrumbList\",\"@id\":\"https:\\\/\\\/www.inoxforniture.it\\\/fr\\\/coude-a-90-pour-tube-o-424-x-2-aisi-316-poli-miroir-2\\\/#breadcrumb\",\"itemListElement\":[{\"@type\":\"ListItem\",\"position\":1,\"name\":\"Accueil\",\"item\":\"https:\\\/\\\/www.inoxforniture.it\\\/\"},{\"@type\":\"ListItem\",\"position\":2,\"name\":\"Boutique\",\"item\":\"https:\\\/\\\/www.inoxforniture.it\\\/fr\\\/boutique\\\/\"},{\"@type\":\"ListItem\",\"position\":3,\"name\":\"Syst\u00e8mes pour garde-corps et balustrades\",\"item\":\"https:\\\/\\\/www.inoxforniture.it\\\/fr\\\/systemes-pour-garde-corps-et-balustrades\\\/\"},{\"@type\":\"ListItem\",\"position\":4,\"name\":\"Accessoires balustrades en AISI 316 POLI\",\"item\":\"https:\\\/\\\/www.inoxforniture.it\\\/fr\\\/accessoires-balustrades-en-aisi-316-poli\\\/\"},{\"@type\":\"ListItem\",\"position\":5,\"name\":\"COUDE \u00c0 90\u00b0 POUR TUBE \u00d8 42,4 x 2 AISI 316 POLI MIROIR\"}]},{\"@type\":\"WebSite\",\"@id\":\"https:\\\/\\\/www.inoxforniture.it\\\/#website\",\"url\":\"https:\\\/\\\/www.inoxforniture.it\\\/\",\"name\":\"Inox Forniture\",\"description\":\"\",\"publisher\":{\"@id\":\"https:\\\/\\\/www.inoxforniture.it\\\/#organization\"},\"potentialAction\":[{\"@type\":\"SearchAction\",\"target\":{\"@type\":\"EntryPoint\",\"urlTemplate\":\"https:\\\/\\\/www.inoxforniture.it\\\/?s={search_term_string}\"},\"query-input\":{\"@type\":\"PropertyValueSpecification\",\"valueRequired\":true,\"valueName\":\"search_term_string\"}}],\"inLanguage\":\"fr-FR\"},{\"@type\":\"Organization\",\"@id\":\"https:\\\/\\\/www.inoxforniture.it\\\/#organization\",\"name\":\"Inox Forniture srl\",\"url\":\"https:\\\/\\\/www.inoxforniture.it\\\/\",\"logo\":{\"@type\":\"ImageObject\",\"inLanguage\":\"fr-FR\",\"@id\":\"https:\\\/\\\/www.inoxforniture.it\\\/#\\\/schema\\\/logo\\\/image\\\/\",\"url\":\"https:\\\/\\\/www.inoxforniture.it\\\/wp-content\\\/uploads\\\/2021\\\/01\\\/logo_inox.png\",\"contentUrl\":\"https:\\\/\\\/www.inoxforniture.it\\\/wp-content\\\/uploads\\\/2021\\\/01\\\/logo_inox.png\",\"width\":230,\"height\":44,\"caption\":\"Inox Forniture srl\"},\"image\":{\"@id\":\"https:\\\/\\\/www.inoxforniture.it\\\/#\\\/schema\\\/logo\\\/image\\\/\"},\"sameAs\":[\"https:\\\/\\\/www.facebook.com\\\/Inox.Forniture\",\"https:\\\/\\\/x.com\\\/InoxForniture\"]}]}<\/script>\n<!-- \/ Yoast SEO plugin. -->","yoast_head_json":{"title":"Coude \u00e0 90\u00b0 pour tube \u00d8 42,4 inox AISI 316 poli miroir - Inox Forniture","description":"Coude \u00e0 90\u00b0 pour tube \u00d8 42,4 x 2 mm en acier inoxydable AISI 316 poli miroir, r\u00e9sistant \u00e0 la corrosion, id\u00e9al pour environnements marins et industriels. Achetez en ligne.","robots":{"index":"index","follow":"follow","max-snippet":"max-snippet:-1","max-image-preview":"max-image-preview:large","max-video-preview":"max-video-preview:-1"},"canonical":"https:\/\/www.inoxforniture.it\/fr\/coude-a-90-pour-tube-o-424-x-2-aisi-316-poli-miroir-2\/","og_locale":"fr_FR","og_type":"article","og_title":"Coude \u00e0 90\u00b0 pour tube \u00d8 42,4 inox AISI 316 poli miroir - Inox Forniture","og_description":"Coude \u00e0 90\u00b0 pour tube \u00d8 42,4 x 2 mm en acier inoxydable AISI 316 poli miroir, r\u00e9sistant \u00e0 la corrosion, id\u00e9al pour environnements marins et industriels. Achetez en ligne.","og_url":"https:\/\/www.inoxforniture.it\/fr\/coude-a-90-pour-tube-o-424-x-2-aisi-316-poli-miroir-2\/","og_site_name":"Inox Forniture","article_publisher":"https:\/\/www.facebook.com\/Inox.Forniture","article_modified_time":"2026-01-23T17:36:43+00:00","og_image":[{"width":480,"height":480,"url":"https:\/\/www.inoxforniture.it\/wp-content\/uploads\/2016\/07\/c110199-l_1.jpg","type":"image\/jpeg"}],"twitter_card":"summary_large_image","twitter_site":"@InoxForniture","schema":{"@context":"https:\/\/schema.org","@graph":[{"@type":"WebPage","@id":"https:\/\/www.inoxforniture.it\/fr\/coude-a-90-pour-tube-o-424-x-2-aisi-316-poli-miroir-2\/","url":"https:\/\/www.inoxforniture.it\/fr\/coude-a-90-pour-tube-o-424-x-2-aisi-316-poli-miroir-2\/","name":"Coude \u00e0 90\u00b0 pour tube \u00d8 42,4 inox AISI 316 poli miroir - Inox Forniture","isPartOf":{"@id":"https:\/\/www.inoxforniture.it\/#website"},"primaryImageOfPage":{"@id":"https:\/\/www.inoxforniture.it\/fr\/coude-a-90-pour-tube-o-424-x-2-aisi-316-poli-miroir-2\/#primaryimage"},"image":{"@id":"https:\/\/www.inoxforniture.it\/fr\/coude-a-90-pour-tube-o-424-x-2-aisi-316-poli-miroir-2\/#primaryimage"},"thumbnailUrl":"https:\/\/www.inoxforniture.it\/wp-content\/uploads\/2016\/07\/c110199-l_1.jpg","datePublished":"2016-07-27T14:02:21+00:00","dateModified":"2026-01-23T17:36:43+00:00","description":"Coude \u00e0 90\u00b0 pour tube \u00d8 42,4 x 2 mm en acier inoxydable AISI 316 poli miroir, r\u00e9sistant \u00e0 la corrosion, id\u00e9al pour environnements marins et industriels. Achetez en ligne.","breadcrumb":{"@id":"https:\/\/www.inoxforniture.it\/fr\/coude-a-90-pour-tube-o-424-x-2-aisi-316-poli-miroir-2\/#breadcrumb"},"inLanguage":"fr-FR","potentialAction":[{"@type":"ReadAction","target":["https:\/\/www.inoxforniture.it\/fr\/coude-a-90-pour-tube-o-424-x-2-aisi-316-poli-miroir-2\/"]}]},{"@type":"ImageObject","inLanguage":"fr-FR","@id":"https:\/\/www.inoxforniture.it\/fr\/coude-a-90-pour-tube-o-424-x-2-aisi-316-poli-miroir-2\/#primaryimage","url":"https:\/\/www.inoxforniture.it\/wp-content\/uploads\/2016\/07\/c110199-l_1.jpg","contentUrl":"https:\/\/www.inoxforniture.it\/wp-content\/uploads\/2016\/07\/c110199-l_1.jpg","width":480,"height":480,"caption":"Coude \u00e0 90\u00b0 pour tube \u00d8 42,4 x 2 mm en acier inoxydable AISI 316 poli miroir, id\u00e9al pour environnements marins et industriels"},{"@type":"BreadcrumbList","@id":"https:\/\/www.inoxforniture.it\/fr\/coude-a-90-pour-tube-o-424-x-2-aisi-316-poli-miroir-2\/#breadcrumb","itemListElement":[{"@type":"ListItem","position":1,"name":"Accueil","item":"https:\/\/www.inoxforniture.it\/"},{"@type":"ListItem","position":2,"name":"Boutique","item":"https:\/\/www.inoxforniture.it\/fr\/boutique\/"},{"@type":"ListItem","position":3,"name":"Syst\u00e8mes pour garde-corps et balustrades","item":"https:\/\/www.inoxforniture.it\/fr\/systemes-pour-garde-corps-et-balustrades\/"},{"@type":"ListItem","position":4,"name":"Accessoires balustrades en AISI 316 POLI","item":"https:\/\/www.inoxforniture.it\/fr\/accessoires-balustrades-en-aisi-316-poli\/"},{"@type":"ListItem","position":5,"name":"COUDE \u00c0 90\u00b0 POUR TUBE \u00d8 42,4 x 2 AISI 316 POLI MIROIR"}]},{"@type":"WebSite","@id":"https:\/\/www.inoxforniture.it\/#website","url":"https:\/\/www.inoxforniture.it\/","name":"Inox Forniture","description":"","publisher":{"@id":"https:\/\/www.inoxforniture.it\/#organization"},"potentialAction":[{"@type":"SearchAction","target":{"@type":"EntryPoint","urlTemplate":"https:\/\/www.inoxforniture.it\/?s={search_term_string}"},"query-input":{"@type":"PropertyValueSpecification","valueRequired":true,"valueName":"search_term_string"}}],"inLanguage":"fr-FR"},{"@type":"Organization","@id":"https:\/\/www.inoxforniture.it\/#organization","name":"Inox Forniture srl","url":"https:\/\/www.inoxforniture.it\/","logo":{"@type":"ImageObject","inLanguage":"fr-FR","@id":"https:\/\/www.inoxforniture.it\/#\/schema\/logo\/image\/","url":"https:\/\/www.inoxforniture.it\/wp-content\/uploads\/2021\/01\/logo_inox.png","contentUrl":"https:\/\/www.inoxforniture.it\/wp-content\/uploads\/2021\/01\/logo_inox.png","width":230,"height":44,"caption":"Inox Forniture srl"},"image":{"@id":"https:\/\/www.inoxforniture.it\/#\/schema\/logo\/image\/"},"sameAs":["https:\/\/www.facebook.com\/Inox.Forniture","https:\/\/x.com\/InoxForniture"]}]}},"df_price":22.1,"df_sale_price":"","df_regular_price":22.1,"df_image_link":"https:\/\/www.inoxforniture.it\/wp-content\/uploads\/2016\/07\/c110199-l_1-300x300.jpg","tiered_pricing_type":"fixed","tiered_pricing_fixed_rules":{"10":17.68,"30":15.47,"100":14.365},"tiered_pricing_product_settings":{"layout":"default","base_unit_name":{"singular":null,"plural":null},"default_variation":null},"tiered_pricing_minimum_quantity":null,"tiered_pricing_roles_data":{"privato":{"product_id":61178,"role":"privato","pricing_type":"flat","regular_price":null,"sale_price":null,"discount":null,"discount_type":"sale_price","tiered_pricing_type":"fixed","percentage_rules":[],"fixed_rules":{"10":"17.6800","30":"15.4700","100":"14.3650"},"minimum":null},"azienda":{"product_id":61178,"role":"azienda","pricing_type":"flat","regular_price":17.68,"sale_price":null,"discount":null,"discount_type":"sale_price","tiered_pricing_type":"fixed","percentage_rules":[],"fixed_rules":{"30":"15.4700","100":"14.3650"},"minimum":null},"azienda_premium":{"product_id":61178,"role":"azienda_premium","pricing_type":"flat","regular_price":17.68,"sale_price":null,"discount":null,"discount_type":"sale_price","tiered_pricing_type":"fixed","percentage_rules":[],"fixed_rules":{"30":"15.4700","100":"14.3650"},"minimum":null}},"tiered_pricing_percentage_rules":[],"tiered_pricing_maximum_quantity":null,"tiered_pricing_quantity_step":null,"_links":{"self":[{"href":"https:\/\/www.inoxforniture.it\/fr\/wp-json\/wp\/v2\/product\/61178","targetHints":{"allow":["GET"]}}],"collection":[{"href":"https:\/\/www.inoxforniture.it\/fr\/wp-json\/wp\/v2\/product"}],"about":[{"href":"https:\/\/www.inoxforniture.it\/fr\/wp-json\/wp\/v2\/types\/product"}],"wp:featuredmedia":[{"embeddable":true,"href":"https:\/\/www.inoxforniture.it\/fr\/wp-json\/wp\/v2\/media\/61179"}],"wp:attachment":[{"href":"https:\/\/www.inoxforniture.it\/fr\/wp-json\/wp\/v2\/media?parent=61178"}],"wp:term":[{"taxonomy":"product_brand","embeddable":true,"href":"https:\/\/www.inoxforniture.it\/fr\/wp-json\/wp\/v2\/product_brand?post=61178"},{"taxonomy":"product_cat","embeddable":true,"href":"https:\/\/www.inoxforniture.it\/fr\/wp-json\/wp\/v2\/product_cat?post=61178"},{"taxonomy":"product_tag","embeddable":true,"href":"https:\/\/www.inoxforniture.it\/fr\/wp-json\/wp\/v2\/product_tag?post=61178"}],"curies":[{"name":"wp","href":"https:\/\/api.w.org\/{rel}","templated":true}]}}