{"id":61162,"date":"2016-07-27T16:02:21","date_gmt":"2016-07-27T14:02:21","guid":{"rendered":"https:\/\/www.inoxforniture.it\/coude-90-borgne-pour-tube-o-337-x-2-aisi-304-brosse\/"},"modified":"2026-01-23T18:36:44","modified_gmt":"2026-01-23T17:36:44","slug":"coude-90-borgne-pour-tube-o-337-x-2-aisi-304-brosse","status":"publish","type":"product","link":"https:\/\/www.inoxforniture.it\/fr\/coude-90-borgne-pour-tube-o-337-x-2-aisi-304-brosse\/","title":{"rendered":"COUDE 90\u00b0 BORGNE POUR TUBE \u00d8 33,7 x 2 AISI 304 BROSS\u00c9"},"content":{"rendered":"<p>Le coude \u00e0 90\u00b0 borgne pour tube \u00d8 33,7 x 2 AISI 304 bross\u00e9 est un raccord en acier inoxydable id\u00e9al pour la r\u00e9alisation de balustrades et structures en acier. Ce produit est con\u00e7u pour tubes avec diam\u00e8tre de 33,7 mm et \u00e9paisseur de 2 mm, garantissant r\u00e9sistance et durabilit\u00e9. Parfait pour applications int\u00e9rieures, le coude \u00e0 90\u00b0 borgne offre une installation simple et s\u00e9curis\u00e9e. Il s&rsquo;utilise g\u00e9n\u00e9ralement comme terminal de main courante pour am\u00e9liorer son esth\u00e9tique et sa fonctionnalit\u00e9.   <\/p>\n","protected":false},"excerpt":{"rendered":"<p>Coude \u00e0 90\u00b0 borgne en acier inox AISI 304 bross\u00e9 pour tubes \u00d8 33,7 x 2 mm, id\u00e9al pour balustrades et structures en acier.<\/p>\n","protected":false},"featured_media":61163,"template":"","meta":{"_acf_changed":false},"product_brand":[],"product_cat":[4120],"product_tag":[4351,4677,4830,4678],"class_list":{"0":"post-61162","1":"product","2":"type-product","3":"status-publish","4":"has-post-thumbnail","6":"product_cat-raccords","7":"product_tag-acier-inoxydable","8":"product_tag-aisi-304","9":"product_tag-coude-a-90-2","10":"product_tag-raccord-tubes","11":"pa_marchio-inox-forniture","12":"pa_prodotto-coude-90-borgne-pour-tube-o-337-x-2-aisi-304-brosse","14":"first","15":"instock","16":"taxable","17":"shipping-taxable","18":"purchasable","19":"product-type-simple"},"acf":[],"yoast_head":"<!-- This site is optimized with the Yoast SEO plugin v27.3 - https:\/\/yoast.com\/product\/yoast-seo-wordpress\/ -->\n<title>Coude \u00e0 90\u00b0 borgne pour tube \u00d8 33,7 x 2 AISI 304 bross\u00e9 Inox Forniture<\/title>\n<meta name=\"description\" content=\"Coude \u00e0 90\u00b0 borgne en acier inox AISI 304 bross\u00e9 pour tubes \u00d8 33,7 x 2 mm. Id\u00e9al pour balustrades et structures en acier. Achetez en ligne sur Inox Forniture.\" \/>\n<meta name=\"robots\" content=\"index, follow, max-snippet:-1, max-image-preview:large, max-video-preview:-1\" \/>\n<link rel=\"canonical\" href=\"https:\/\/www.inoxforniture.it\/fr\/coude-90-borgne-pour-tube-o-337-x-2-aisi-304-brosse\/\" \/>\n<meta property=\"og:locale\" content=\"fr_FR\" \/>\n<meta property=\"og:type\" content=\"article\" \/>\n<meta property=\"og:title\" content=\"Coude \u00e0 90\u00b0 borgne pour tube \u00d8 33,7 x 2 AISI 304 bross\u00e9 Inox Forniture\" \/>\n<meta property=\"og:description\" content=\"Coude \u00e0 90\u00b0 borgne en acier inox AISI 304 bross\u00e9 pour tubes \u00d8 33,7 x 2 mm. Id\u00e9al pour balustrades et structures en acier. Achetez en ligne sur Inox Forniture.\" \/>\n<meta property=\"og:url\" content=\"https:\/\/www.inoxforniture.it\/fr\/coude-90-borgne-pour-tube-o-337-x-2-aisi-304-brosse\/\" \/>\n<meta property=\"og:site_name\" content=\"Inox Forniture\" \/>\n<meta property=\"article:publisher\" content=\"https:\/\/www.facebook.com\/Inox.Forniture\" \/>\n<meta property=\"article:modified_time\" content=\"2026-01-23T17:36:44+00:00\" \/>\n<meta property=\"og:image\" content=\"https:\/\/www.inoxforniture.it\/wp-content\/uploads\/2016\/07\/c110202_1.jpg\" \/>\n\t<meta property=\"og:image:width\" content=\"480\" \/>\n\t<meta property=\"og:image:height\" content=\"480\" \/>\n\t<meta property=\"og:image:type\" content=\"image\/jpeg\" \/>\n<meta name=\"twitter:card\" content=\"summary_large_image\" \/>\n<meta name=\"twitter:site\" content=\"@InoxForniture\" \/>\n<script type=\"application\/ld+json\" class=\"yoast-schema-graph\">{\"@context\":\"https:\\\/\\\/schema.org\",\"@graph\":[{\"@type\":\"WebPage\",\"@id\":\"https:\\\/\\\/www.inoxforniture.it\\\/fr\\\/coude-90-borgne-pour-tube-o-337-x-2-aisi-304-brosse\\\/\",\"url\":\"https:\\\/\\\/www.inoxforniture.it\\\/fr\\\/coude-90-borgne-pour-tube-o-337-x-2-aisi-304-brosse\\\/\",\"name\":\"Coude \u00e0 90\u00b0 borgne pour tube \u00d8 33,7 x 2 AISI 304 bross\u00e9 Inox Forniture\",\"isPartOf\":{\"@id\":\"https:\\\/\\\/www.inoxforniture.it\\\/#website\"},\"primaryImageOfPage\":{\"@id\":\"https:\\\/\\\/www.inoxforniture.it\\\/fr\\\/coude-90-borgne-pour-tube-o-337-x-2-aisi-304-brosse\\\/#primaryimage\"},\"image\":{\"@id\":\"https:\\\/\\\/www.inoxforniture.it\\\/fr\\\/coude-90-borgne-pour-tube-o-337-x-2-aisi-304-brosse\\\/#primaryimage\"},\"thumbnailUrl\":\"https:\\\/\\\/www.inoxforniture.it\\\/wp-content\\\/uploads\\\/2016\\\/07\\\/c110202_1.jpg\",\"datePublished\":\"2016-07-27T14:02:21+00:00\",\"dateModified\":\"2026-01-23T17:36:44+00:00\",\"description\":\"Coude \u00e0 90\u00b0 borgne en acier inox AISI 304 bross\u00e9 pour tubes \u00d8 33,7 x 2 mm. Id\u00e9al pour balustrades et structures en acier. Achetez en ligne sur Inox Forniture.\",\"breadcrumb\":{\"@id\":\"https:\\\/\\\/www.inoxforniture.it\\\/fr\\\/coude-90-borgne-pour-tube-o-337-x-2-aisi-304-brosse\\\/#breadcrumb\"},\"inLanguage\":\"fr-FR\",\"potentialAction\":[{\"@type\":\"ReadAction\",\"target\":[\"https:\\\/\\\/www.inoxforniture.it\\\/fr\\\/coude-90-borgne-pour-tube-o-337-x-2-aisi-304-brosse\\\/\"]}]},{\"@type\":\"ImageObject\",\"inLanguage\":\"fr-FR\",\"@id\":\"https:\\\/\\\/www.inoxforniture.it\\\/fr\\\/coude-90-borgne-pour-tube-o-337-x-2-aisi-304-brosse\\\/#primaryimage\",\"url\":\"https:\\\/\\\/www.inoxforniture.it\\\/wp-content\\\/uploads\\\/2016\\\/07\\\/c110202_1.jpg\",\"contentUrl\":\"https:\\\/\\\/www.inoxforniture.it\\\/wp-content\\\/uploads\\\/2016\\\/07\\\/c110202_1.jpg\",\"width\":480,\"height\":480,\"caption\":\"Coude \u00e0 90\u00b0 borgne pour tube \u00d8 33,7 x 2 AISI 304 bross\u00e9, id\u00e9al pour balustrades et structures en acier.\"},{\"@type\":\"BreadcrumbList\",\"@id\":\"https:\\\/\\\/www.inoxforniture.it\\\/fr\\\/coude-90-borgne-pour-tube-o-337-x-2-aisi-304-brosse\\\/#breadcrumb\",\"itemListElement\":[{\"@type\":\"ListItem\",\"position\":1,\"name\":\"Accueil\",\"item\":\"https:\\\/\\\/www.inoxforniture.it\\\/\"},{\"@type\":\"ListItem\",\"position\":2,\"name\":\"Boutique\",\"item\":\"https:\\\/\\\/www.inoxforniture.it\\\/fr\\\/boutique\\\/\"},{\"@type\":\"ListItem\",\"position\":3,\"name\":\"Syst\u00e8mes pour garde-corps et balustrades\",\"item\":\"https:\\\/\\\/www.inoxforniture.it\\\/fr\\\/systemes-pour-garde-corps-et-balustrades\\\/\"},{\"@type\":\"ListItem\",\"position\":4,\"name\":\"Raccords\",\"item\":\"https:\\\/\\\/www.inoxforniture.it\\\/fr\\\/raccords\\\/\"},{\"@type\":\"ListItem\",\"position\":5,\"name\":\"COUDE 90\u00b0 BORGNE POUR TUBE \u00d8 33,7 x 2 AISI 304 BROSS\u00c9\"}]},{\"@type\":\"WebSite\",\"@id\":\"https:\\\/\\\/www.inoxforniture.it\\\/#website\",\"url\":\"https:\\\/\\\/www.inoxforniture.it\\\/\",\"name\":\"Inox Forniture\",\"description\":\"\",\"publisher\":{\"@id\":\"https:\\\/\\\/www.inoxforniture.it\\\/#organization\"},\"potentialAction\":[{\"@type\":\"SearchAction\",\"target\":{\"@type\":\"EntryPoint\",\"urlTemplate\":\"https:\\\/\\\/www.inoxforniture.it\\\/?s={search_term_string}\"},\"query-input\":{\"@type\":\"PropertyValueSpecification\",\"valueRequired\":true,\"valueName\":\"search_term_string\"}}],\"inLanguage\":\"fr-FR\"},{\"@type\":\"Organization\",\"@id\":\"https:\\\/\\\/www.inoxforniture.it\\\/#organization\",\"name\":\"Inox Forniture srl\",\"url\":\"https:\\\/\\\/www.inoxforniture.it\\\/\",\"logo\":{\"@type\":\"ImageObject\",\"inLanguage\":\"fr-FR\",\"@id\":\"https:\\\/\\\/www.inoxforniture.it\\\/#\\\/schema\\\/logo\\\/image\\\/\",\"url\":\"https:\\\/\\\/www.inoxforniture.it\\\/wp-content\\\/uploads\\\/2021\\\/01\\\/logo_inox.png\",\"contentUrl\":\"https:\\\/\\\/www.inoxforniture.it\\\/wp-content\\\/uploads\\\/2021\\\/01\\\/logo_inox.png\",\"width\":230,\"height\":44,\"caption\":\"Inox Forniture srl\"},\"image\":{\"@id\":\"https:\\\/\\\/www.inoxforniture.it\\\/#\\\/schema\\\/logo\\\/image\\\/\"},\"sameAs\":[\"https:\\\/\\\/www.facebook.com\\\/Inox.Forniture\",\"https:\\\/\\\/x.com\\\/InoxForniture\"]}]}<\/script>\n<!-- \/ Yoast SEO plugin. -->","yoast_head_json":{"title":"Coude \u00e0 90\u00b0 borgne pour tube \u00d8 33,7 x 2 AISI 304 bross\u00e9 Inox Forniture","description":"Coude \u00e0 90\u00b0 borgne en acier inox AISI 304 bross\u00e9 pour tubes \u00d8 33,7 x 2 mm. Id\u00e9al pour balustrades et structures en acier. Achetez en ligne sur Inox Forniture.","robots":{"index":"index","follow":"follow","max-snippet":"max-snippet:-1","max-image-preview":"max-image-preview:large","max-video-preview":"max-video-preview:-1"},"canonical":"https:\/\/www.inoxforniture.it\/fr\/coude-90-borgne-pour-tube-o-337-x-2-aisi-304-brosse\/","og_locale":"fr_FR","og_type":"article","og_title":"Coude \u00e0 90\u00b0 borgne pour tube \u00d8 33,7 x 2 AISI 304 bross\u00e9 Inox Forniture","og_description":"Coude \u00e0 90\u00b0 borgne en acier inox AISI 304 bross\u00e9 pour tubes \u00d8 33,7 x 2 mm. Id\u00e9al pour balustrades et structures en acier. Achetez en ligne sur Inox Forniture.","og_url":"https:\/\/www.inoxforniture.it\/fr\/coude-90-borgne-pour-tube-o-337-x-2-aisi-304-brosse\/","og_site_name":"Inox Forniture","article_publisher":"https:\/\/www.facebook.com\/Inox.Forniture","article_modified_time":"2026-01-23T17:36:44+00:00","og_image":[{"width":480,"height":480,"url":"https:\/\/www.inoxforniture.it\/wp-content\/uploads\/2016\/07\/c110202_1.jpg","type":"image\/jpeg"}],"twitter_card":"summary_large_image","twitter_site":"@InoxForniture","schema":{"@context":"https:\/\/schema.org","@graph":[{"@type":"WebPage","@id":"https:\/\/www.inoxforniture.it\/fr\/coude-90-borgne-pour-tube-o-337-x-2-aisi-304-brosse\/","url":"https:\/\/www.inoxforniture.it\/fr\/coude-90-borgne-pour-tube-o-337-x-2-aisi-304-brosse\/","name":"Coude \u00e0 90\u00b0 borgne pour tube \u00d8 33,7 x 2 AISI 304 bross\u00e9 Inox Forniture","isPartOf":{"@id":"https:\/\/www.inoxforniture.it\/#website"},"primaryImageOfPage":{"@id":"https:\/\/www.inoxforniture.it\/fr\/coude-90-borgne-pour-tube-o-337-x-2-aisi-304-brosse\/#primaryimage"},"image":{"@id":"https:\/\/www.inoxforniture.it\/fr\/coude-90-borgne-pour-tube-o-337-x-2-aisi-304-brosse\/#primaryimage"},"thumbnailUrl":"https:\/\/www.inoxforniture.it\/wp-content\/uploads\/2016\/07\/c110202_1.jpg","datePublished":"2016-07-27T14:02:21+00:00","dateModified":"2026-01-23T17:36:44+00:00","description":"Coude \u00e0 90\u00b0 borgne en acier inox AISI 304 bross\u00e9 pour tubes \u00d8 33,7 x 2 mm. Id\u00e9al pour balustrades et structures en acier. Achetez en ligne sur Inox Forniture.","breadcrumb":{"@id":"https:\/\/www.inoxforniture.it\/fr\/coude-90-borgne-pour-tube-o-337-x-2-aisi-304-brosse\/#breadcrumb"},"inLanguage":"fr-FR","potentialAction":[{"@type":"ReadAction","target":["https:\/\/www.inoxforniture.it\/fr\/coude-90-borgne-pour-tube-o-337-x-2-aisi-304-brosse\/"]}]},{"@type":"ImageObject","inLanguage":"fr-FR","@id":"https:\/\/www.inoxforniture.it\/fr\/coude-90-borgne-pour-tube-o-337-x-2-aisi-304-brosse\/#primaryimage","url":"https:\/\/www.inoxforniture.it\/wp-content\/uploads\/2016\/07\/c110202_1.jpg","contentUrl":"https:\/\/www.inoxforniture.it\/wp-content\/uploads\/2016\/07\/c110202_1.jpg","width":480,"height":480,"caption":"Coude \u00e0 90\u00b0 borgne pour tube \u00d8 33,7 x 2 AISI 304 bross\u00e9, id\u00e9al pour balustrades et structures en acier."},{"@type":"BreadcrumbList","@id":"https:\/\/www.inoxforniture.it\/fr\/coude-90-borgne-pour-tube-o-337-x-2-aisi-304-brosse\/#breadcrumb","itemListElement":[{"@type":"ListItem","position":1,"name":"Accueil","item":"https:\/\/www.inoxforniture.it\/"},{"@type":"ListItem","position":2,"name":"Boutique","item":"https:\/\/www.inoxforniture.it\/fr\/boutique\/"},{"@type":"ListItem","position":3,"name":"Syst\u00e8mes pour garde-corps et balustrades","item":"https:\/\/www.inoxforniture.it\/fr\/systemes-pour-garde-corps-et-balustrades\/"},{"@type":"ListItem","position":4,"name":"Raccords","item":"https:\/\/www.inoxforniture.it\/fr\/raccords\/"},{"@type":"ListItem","position":5,"name":"COUDE 90\u00b0 BORGNE POUR TUBE \u00d8 33,7 x 2 AISI 304 BROSS\u00c9"}]},{"@type":"WebSite","@id":"https:\/\/www.inoxforniture.it\/#website","url":"https:\/\/www.inoxforniture.it\/","name":"Inox Forniture","description":"","publisher":{"@id":"https:\/\/www.inoxforniture.it\/#organization"},"potentialAction":[{"@type":"SearchAction","target":{"@type":"EntryPoint","urlTemplate":"https:\/\/www.inoxforniture.it\/?s={search_term_string}"},"query-input":{"@type":"PropertyValueSpecification","valueRequired":true,"valueName":"search_term_string"}}],"inLanguage":"fr-FR"},{"@type":"Organization","@id":"https:\/\/www.inoxforniture.it\/#organization","name":"Inox Forniture srl","url":"https:\/\/www.inoxforniture.it\/","logo":{"@type":"ImageObject","inLanguage":"fr-FR","@id":"https:\/\/www.inoxforniture.it\/#\/schema\/logo\/image\/","url":"https:\/\/www.inoxforniture.it\/wp-content\/uploads\/2021\/01\/logo_inox.png","contentUrl":"https:\/\/www.inoxforniture.it\/wp-content\/uploads\/2021\/01\/logo_inox.png","width":230,"height":44,"caption":"Inox Forniture srl"},"image":{"@id":"https:\/\/www.inoxforniture.it\/#\/schema\/logo\/image\/"},"sameAs":["https:\/\/www.facebook.com\/Inox.Forniture","https:\/\/x.com\/InoxForniture"]}]}},"df_price":11.7,"df_sale_price":"","df_regular_price":11.7,"df_image_link":"https:\/\/www.inoxforniture.it\/wp-content\/uploads\/2016\/07\/c110202_1-300x300.jpg","tiered_pricing_type":"fixed","tiered_pricing_fixed_rules":{"6":9.36,"18":8.19,"50":7.605},"tiered_pricing_product_settings":{"layout":"default","base_unit_name":{"singular":null,"plural":null},"default_variation":null},"tiered_pricing_minimum_quantity":null,"tiered_pricing_roles_data":{"privato":{"product_id":61162,"role":"privato","pricing_type":"flat","regular_price":null,"sale_price":null,"discount":null,"discount_type":"sale_price","tiered_pricing_type":"fixed","percentage_rules":[],"fixed_rules":{"6":"9.3600","18":"8.1900","50":"7.6050"},"minimum":null},"azienda":{"product_id":61162,"role":"azienda","pricing_type":"flat","regular_price":9.36,"sale_price":null,"discount":null,"discount_type":"sale_price","tiered_pricing_type":"fixed","percentage_rules":[],"fixed_rules":{"18":"8.1900","50":"7.6050"},"minimum":null},"azienda_premium":{"product_id":61162,"role":"azienda_premium","pricing_type":"flat","regular_price":9.36,"sale_price":null,"discount":null,"discount_type":"sale_price","tiered_pricing_type":"fixed","percentage_rules":[],"fixed_rules":{"18":"8.1900","50":"7.6050"},"minimum":null}},"tiered_pricing_percentage_rules":[],"tiered_pricing_maximum_quantity":null,"tiered_pricing_quantity_step":null,"_links":{"self":[{"href":"https:\/\/www.inoxforniture.it\/fr\/wp-json\/wp\/v2\/product\/61162","targetHints":{"allow":["GET"]}}],"collection":[{"href":"https:\/\/www.inoxforniture.it\/fr\/wp-json\/wp\/v2\/product"}],"about":[{"href":"https:\/\/www.inoxforniture.it\/fr\/wp-json\/wp\/v2\/types\/product"}],"wp:featuredmedia":[{"embeddable":true,"href":"https:\/\/www.inoxforniture.it\/fr\/wp-json\/wp\/v2\/media\/61163"}],"wp:attachment":[{"href":"https:\/\/www.inoxforniture.it\/fr\/wp-json\/wp\/v2\/media?parent=61162"}],"wp:term":[{"taxonomy":"product_brand","embeddable":true,"href":"https:\/\/www.inoxforniture.it\/fr\/wp-json\/wp\/v2\/product_brand?post=61162"},{"taxonomy":"product_cat","embeddable":true,"href":"https:\/\/www.inoxforniture.it\/fr\/wp-json\/wp\/v2\/product_cat?post=61162"},{"taxonomy":"product_tag","embeddable":true,"href":"https:\/\/www.inoxforniture.it\/fr\/wp-json\/wp\/v2\/product_tag?post=61162"}],"curies":[{"name":"wp","href":"https:\/\/api.w.org\/{rel}","templated":true}]}}