{"id":61149,"date":"2022-04-28T15:42:18","date_gmt":"2022-04-28T13:42:18","guid":{"rendered":"https:\/\/www.inoxforniture.it\/support-lisse-o-12-l-46-pour-plat-aisi-304-brossee\/"},"modified":"2026-01-27T15:47:28","modified_gmt":"2026-01-27T14:47:28","slug":"support-lisse-o-12-l-46-pour-plat-aisi-304-brossee","status":"publish","type":"product","link":"https:\/\/www.inoxforniture.it\/fr\/support-lisse-o-12-l-46-pour-plat-aisi-304-brossee\/","title":{"rendered":"SUPPORT LISSE \u00d8 12 L.46 POUR PLAT AISI 304 BROSS\u00c9E"},"content":{"rendered":"<p>Entretoise en acier inoxydable AISI 304 bross\u00e9e pour tube ou tige pleine \u00d8 12 mm. Id\u00e9ale pour fixer les barres sur le c\u00f4t\u00e9 de la marche. Gr\u00e2ce \u00e0 sa longueur, elle peut d\u00e9passer l&rsquo;\u00e9paisseur du seuil.<br \/>\nElle est utilis\u00e9e en combinaison avec le code <a href=\"https:\/\/www.inoxforniture.it\/fr\/fixation-trav-o-12-axiale-pour-plat-inox-aisi-304-brossee\/\">C110582<\/a> qui sert \u00e0 fixer la m\u00eame barre au plafond. Dans la partie basse de la barre, on peut utiliser un embout de finition <a href=\"https:\/\/www.inoxforniture.it\/fr\/embout-spherique-pour-o-12-aisi-304-brossee\/\">C110031<\/a> ou alternativement <a href=\"https:\/\/www.inoxforniture.it\/fr\/bouchon-pour-tube-o-12x15-aisi-304-brosse\/\">C110030<\/a> uniquement si le tube de 12&#215;1,5 est utilis\u00e9.  <\/p>\n<p>Les accessoires n\u00e9cessaires pour r\u00e9aliser l&rsquo;installation de l&rsquo;image ci-dessous sont :<br \/>\n&#8211; C110581<br \/>\n&#8211; <a href=\"https:\/\/www.inoxforniture.it\/fr\/fixation-trav-o-12-axiale-pour-plat-inox-aisi-304-brossee\/\">C110582<\/a><br \/>\n&#8211; <a href=\"https:\/\/www.inoxforniture.it\/fr\/embout-spherique-pour-o-12-aisi-304-brossee\/\">C110031<\/a><br \/>\n&#8211; <a href=\"https:\/\/www.inoxforniture.it\/fr\/tube-inox-aisi-304-o12-x15-brossee\/\">TUB010000<\/a><\/p>\n<figure id=\"attachment_36312\" aria-describedby=\"caption-attachment-36312\" style=\"width: 800px\" class=\"wp-caption alignnone\"><img fetchpriority=\"high\" decoding=\"async\" class=\"size-full wp-image-36312\" src=\"https:\/\/www.inoxforniture.it\/wp-content\/uploads\/2022\/04\/C110582_3.jpg\" alt=\"\" width=\"800\" height=\"800\" srcset=\"https:\/\/www.inoxforniture.it\/wp-content\/uploads\/2022\/04\/C110582_3.jpg 800w, https:\/\/www.inoxforniture.it\/wp-content\/uploads\/2022\/04\/C110582_3-768x768.jpg 768w, https:\/\/www.inoxforniture.it\/wp-content\/uploads\/2022\/04\/C110582_3-640x640.jpg 640w, https:\/\/www.inoxforniture.it\/wp-content\/uploads\/2022\/04\/C110582_3-400x400.jpg 400w, https:\/\/www.inoxforniture.it\/wp-content\/uploads\/2022\/04\/C110582_3-600x600.jpg 600w\" sizes=\"(max-width: 800px) 100vw, 800px\" \/><figcaption id=\"caption-attachment-36312\" class=\"wp-caption-text\">{%CAPTION%}<\/figcaption><\/figure>\n","protected":false},"excerpt":{"rendered":"<p>Entretoise en acier inoxydable AISI 304 bross\u00e9e pour tube ou tige pleine \u00d8 12 mm. Id\u00e9ale pour fixer les barres sur le c\u00f4t\u00e9 de la marche.<\/p>\n","protected":false},"featured_media":61150,"template":"","meta":{"_acf_changed":false},"product_brand":[],"product_cat":[4113,4089],"product_tag":[],"class_list":{"0":"post-61149","1":"product","2":"type-product","3":"status-publish","4":"has-post-thumbnail","6":"product_cat-accessoires-balustrades-avec-rond","7":"product_cat-systemes-pour-garde-corps-et-balustrades","8":"pa_prodotto-support-lisse-o-12-l-59-pour-plat-aisi-304-brossee","10":"first","11":"instock","12":"taxable","13":"shipping-taxable","14":"purchasable","15":"product-type-simple"},"acf":[],"yoast_head":"<!-- This site is optimized with the Yoast SEO plugin v27.3 - https:\/\/yoast.com\/product\/yoast-seo-wordpress\/ -->\n<title>Entretoise pour lisses inox - Inox Forniture<\/title>\n<meta name=\"description\" content=\"Achetez en ligne l&#039;entretoise en acier inoxydable AISI 304 bross\u00e9e pour tube ou tige pleine \u00d8 12 mm. Id\u00e9ale pour fixer les barres sur le c\u00f4t\u00e9 de la marche.\" \/>\n<meta name=\"robots\" content=\"index, follow, max-snippet:-1, max-image-preview:large, max-video-preview:-1\" \/>\n<link rel=\"canonical\" href=\"https:\/\/www.inoxforniture.it\/fr\/support-lisse-o-12-l-46-pour-plat-aisi-304-brossee\/\" \/>\n<meta property=\"og:locale\" content=\"fr_FR\" \/>\n<meta property=\"og:type\" content=\"article\" \/>\n<meta property=\"og:title\" content=\"Entretoise pour lisses inox - Inox Forniture\" \/>\n<meta property=\"og:description\" content=\"Achetez en ligne l&#039;entretoise en acier inoxydable AISI 304 bross\u00e9e pour tube ou tige pleine \u00d8 12 mm. Id\u00e9ale pour fixer les barres sur le c\u00f4t\u00e9 de la marche.\" \/>\n<meta property=\"og:url\" content=\"https:\/\/www.inoxforniture.it\/fr\/support-lisse-o-12-l-46-pour-plat-aisi-304-brossee\/\" \/>\n<meta property=\"og:site_name\" content=\"Inox Forniture\" \/>\n<meta property=\"article:publisher\" content=\"https:\/\/www.facebook.com\/Inox.Forniture\" \/>\n<meta property=\"article:modified_time\" content=\"2026-01-27T14:47:28+00:00\" \/>\n<meta property=\"og:image\" content=\"https:\/\/www.inoxforniture.it\/wp-content\/uploads\/2022\/04\/C110581_1.jpg\" \/>\n\t<meta property=\"og:image:width\" content=\"480\" \/>\n\t<meta property=\"og:image:height\" content=\"480\" \/>\n\t<meta property=\"og:image:type\" content=\"image\/jpeg\" \/>\n<meta name=\"twitter:card\" content=\"summary_large_image\" \/>\n<meta name=\"twitter:site\" content=\"@InoxForniture\" \/>\n<meta name=\"twitter:label1\" content=\"Dur\u00e9e de lecture estim\u00e9e\" \/>\n\t<meta name=\"twitter:data1\" content=\"1 minute\" \/>\n<script type=\"application\/ld+json\" class=\"yoast-schema-graph\">{\"@context\":\"https:\\\/\\\/schema.org\",\"@graph\":[{\"@type\":\"WebPage\",\"@id\":\"https:\\\/\\\/www.inoxforniture.it\\\/fr\\\/support-lisse-o-12-l-46-pour-plat-aisi-304-brossee\\\/\",\"url\":\"https:\\\/\\\/www.inoxforniture.it\\\/fr\\\/support-lisse-o-12-l-46-pour-plat-aisi-304-brossee\\\/\",\"name\":\"Entretoise pour lisses inox - Inox Forniture\",\"isPartOf\":{\"@id\":\"https:\\\/\\\/www.inoxforniture.it\\\/#website\"},\"primaryImageOfPage\":{\"@id\":\"https:\\\/\\\/www.inoxforniture.it\\\/fr\\\/support-lisse-o-12-l-46-pour-plat-aisi-304-brossee\\\/#primaryimage\"},\"image\":{\"@id\":\"https:\\\/\\\/www.inoxforniture.it\\\/fr\\\/support-lisse-o-12-l-46-pour-plat-aisi-304-brossee\\\/#primaryimage\"},\"thumbnailUrl\":\"https:\\\/\\\/www.inoxforniture.it\\\/wp-content\\\/uploads\\\/2022\\\/04\\\/C110581_1.jpg\",\"datePublished\":\"2022-04-28T13:42:18+00:00\",\"dateModified\":\"2026-01-27T14:47:28+00:00\",\"description\":\"Achetez en ligne l'entretoise en acier inoxydable AISI 304 bross\u00e9e pour tube ou tige pleine \u00d8 12 mm. Id\u00e9ale pour fixer les barres sur le c\u00f4t\u00e9 de la marche.\",\"breadcrumb\":{\"@id\":\"https:\\\/\\\/www.inoxforniture.it\\\/fr\\\/support-lisse-o-12-l-46-pour-plat-aisi-304-brossee\\\/#breadcrumb\"},\"inLanguage\":\"fr-FR\",\"potentialAction\":[{\"@type\":\"ReadAction\",\"target\":[\"https:\\\/\\\/www.inoxforniture.it\\\/fr\\\/support-lisse-o-12-l-46-pour-plat-aisi-304-brossee\\\/\"]}]},{\"@type\":\"ImageObject\",\"inLanguage\":\"fr-FR\",\"@id\":\"https:\\\/\\\/www.inoxforniture.it\\\/fr\\\/support-lisse-o-12-l-46-pour-plat-aisi-304-brossee\\\/#primaryimage\",\"url\":\"https:\\\/\\\/www.inoxforniture.it\\\/wp-content\\\/uploads\\\/2022\\\/04\\\/C110581_1.jpg\",\"contentUrl\":\"https:\\\/\\\/www.inoxforniture.it\\\/wp-content\\\/uploads\\\/2022\\\/04\\\/C110581_1.jpg\",\"width\":480,\"height\":480},{\"@type\":\"BreadcrumbList\",\"@id\":\"https:\\\/\\\/www.inoxforniture.it\\\/fr\\\/support-lisse-o-12-l-46-pour-plat-aisi-304-brossee\\\/#breadcrumb\",\"itemListElement\":[{\"@type\":\"ListItem\",\"position\":1,\"name\":\"Accueil\",\"item\":\"https:\\\/\\\/www.inoxforniture.it\\\/\"},{\"@type\":\"ListItem\",\"position\":2,\"name\":\"Boutique\",\"item\":\"https:\\\/\\\/www.inoxforniture.it\\\/fr\\\/boutique\\\/\"},{\"@type\":\"ListItem\",\"position\":3,\"name\":\"Syst\u00e8mes pour garde-corps et balustrades\",\"item\":\"https:\\\/\\\/www.inoxforniture.it\\\/fr\\\/systemes-pour-garde-corps-et-balustrades\\\/\"},{\"@type\":\"ListItem\",\"position\":4,\"name\":\"Accessori balaustre con tondino\",\"item\":\"https:\\\/\\\/www.inoxforniture.it\\\/accessori-balaustre-con-tondino\\\/\"},{\"@type\":\"ListItem\",\"position\":5,\"name\":\"SUPPORT LISSE \u00d8 12 L.46 POUR PLAT AISI 304 BROSS\u00c9E\"}]},{\"@type\":\"WebSite\",\"@id\":\"https:\\\/\\\/www.inoxforniture.it\\\/#website\",\"url\":\"https:\\\/\\\/www.inoxforniture.it\\\/\",\"name\":\"Inox Forniture\",\"description\":\"\",\"publisher\":{\"@id\":\"https:\\\/\\\/www.inoxforniture.it\\\/#organization\"},\"potentialAction\":[{\"@type\":\"SearchAction\",\"target\":{\"@type\":\"EntryPoint\",\"urlTemplate\":\"https:\\\/\\\/www.inoxforniture.it\\\/?s={search_term_string}\"},\"query-input\":{\"@type\":\"PropertyValueSpecification\",\"valueRequired\":true,\"valueName\":\"search_term_string\"}}],\"inLanguage\":\"fr-FR\"},{\"@type\":\"Organization\",\"@id\":\"https:\\\/\\\/www.inoxforniture.it\\\/#organization\",\"name\":\"Inox Forniture srl\",\"url\":\"https:\\\/\\\/www.inoxforniture.it\\\/\",\"logo\":{\"@type\":\"ImageObject\",\"inLanguage\":\"fr-FR\",\"@id\":\"https:\\\/\\\/www.inoxforniture.it\\\/#\\\/schema\\\/logo\\\/image\\\/\",\"url\":\"https:\\\/\\\/www.inoxforniture.it\\\/wp-content\\\/uploads\\\/2021\\\/01\\\/logo_inox.png\",\"contentUrl\":\"https:\\\/\\\/www.inoxforniture.it\\\/wp-content\\\/uploads\\\/2021\\\/01\\\/logo_inox.png\",\"width\":230,\"height\":44,\"caption\":\"Inox Forniture srl\"},\"image\":{\"@id\":\"https:\\\/\\\/www.inoxforniture.it\\\/#\\\/schema\\\/logo\\\/image\\\/\"},\"sameAs\":[\"https:\\\/\\\/www.facebook.com\\\/Inox.Forniture\",\"https:\\\/\\\/x.com\\\/InoxForniture\"]}]}<\/script>\n<!-- \/ Yoast SEO plugin. -->","yoast_head_json":{"title":"Entretoise pour lisses inox - Inox Forniture","description":"Achetez en ligne l'entretoise en acier inoxydable AISI 304 bross\u00e9e pour tube ou tige pleine \u00d8 12 mm. Id\u00e9ale pour fixer les barres sur le c\u00f4t\u00e9 de la marche.","robots":{"index":"index","follow":"follow","max-snippet":"max-snippet:-1","max-image-preview":"max-image-preview:large","max-video-preview":"max-video-preview:-1"},"canonical":"https:\/\/www.inoxforniture.it\/fr\/support-lisse-o-12-l-46-pour-plat-aisi-304-brossee\/","og_locale":"fr_FR","og_type":"article","og_title":"Entretoise pour lisses inox - Inox Forniture","og_description":"Achetez en ligne l'entretoise en acier inoxydable AISI 304 bross\u00e9e pour tube ou tige pleine \u00d8 12 mm. Id\u00e9ale pour fixer les barres sur le c\u00f4t\u00e9 de la marche.","og_url":"https:\/\/www.inoxforniture.it\/fr\/support-lisse-o-12-l-46-pour-plat-aisi-304-brossee\/","og_site_name":"Inox Forniture","article_publisher":"https:\/\/www.facebook.com\/Inox.Forniture","article_modified_time":"2026-01-27T14:47:28+00:00","og_image":[{"width":480,"height":480,"url":"https:\/\/www.inoxforniture.it\/wp-content\/uploads\/2022\/04\/C110581_1.jpg","type":"image\/jpeg"}],"twitter_card":"summary_large_image","twitter_site":"@InoxForniture","twitter_misc":{"Dur\u00e9e de lecture estim\u00e9e":"1 minute"},"schema":{"@context":"https:\/\/schema.org","@graph":[{"@type":"WebPage","@id":"https:\/\/www.inoxforniture.it\/fr\/support-lisse-o-12-l-46-pour-plat-aisi-304-brossee\/","url":"https:\/\/www.inoxforniture.it\/fr\/support-lisse-o-12-l-46-pour-plat-aisi-304-brossee\/","name":"Entretoise pour lisses inox - Inox Forniture","isPartOf":{"@id":"https:\/\/www.inoxforniture.it\/#website"},"primaryImageOfPage":{"@id":"https:\/\/www.inoxforniture.it\/fr\/support-lisse-o-12-l-46-pour-plat-aisi-304-brossee\/#primaryimage"},"image":{"@id":"https:\/\/www.inoxforniture.it\/fr\/support-lisse-o-12-l-46-pour-plat-aisi-304-brossee\/#primaryimage"},"thumbnailUrl":"https:\/\/www.inoxforniture.it\/wp-content\/uploads\/2022\/04\/C110581_1.jpg","datePublished":"2022-04-28T13:42:18+00:00","dateModified":"2026-01-27T14:47:28+00:00","description":"Achetez en ligne l'entretoise en acier inoxydable AISI 304 bross\u00e9e pour tube ou tige pleine \u00d8 12 mm. Id\u00e9ale pour fixer les barres sur le c\u00f4t\u00e9 de la marche.","breadcrumb":{"@id":"https:\/\/www.inoxforniture.it\/fr\/support-lisse-o-12-l-46-pour-plat-aisi-304-brossee\/#breadcrumb"},"inLanguage":"fr-FR","potentialAction":[{"@type":"ReadAction","target":["https:\/\/www.inoxforniture.it\/fr\/support-lisse-o-12-l-46-pour-plat-aisi-304-brossee\/"]}]},{"@type":"ImageObject","inLanguage":"fr-FR","@id":"https:\/\/www.inoxforniture.it\/fr\/support-lisse-o-12-l-46-pour-plat-aisi-304-brossee\/#primaryimage","url":"https:\/\/www.inoxforniture.it\/wp-content\/uploads\/2022\/04\/C110581_1.jpg","contentUrl":"https:\/\/www.inoxforniture.it\/wp-content\/uploads\/2022\/04\/C110581_1.jpg","width":480,"height":480},{"@type":"BreadcrumbList","@id":"https:\/\/www.inoxforniture.it\/fr\/support-lisse-o-12-l-46-pour-plat-aisi-304-brossee\/#breadcrumb","itemListElement":[{"@type":"ListItem","position":1,"name":"Accueil","item":"https:\/\/www.inoxforniture.it\/"},{"@type":"ListItem","position":2,"name":"Boutique","item":"https:\/\/www.inoxforniture.it\/fr\/boutique\/"},{"@type":"ListItem","position":3,"name":"Syst\u00e8mes pour garde-corps et balustrades","item":"https:\/\/www.inoxforniture.it\/fr\/systemes-pour-garde-corps-et-balustrades\/"},{"@type":"ListItem","position":4,"name":"Accessori balaustre con tondino","item":"https:\/\/www.inoxforniture.it\/accessori-balaustre-con-tondino\/"},{"@type":"ListItem","position":5,"name":"SUPPORT LISSE \u00d8 12 L.46 POUR PLAT AISI 304 BROSS\u00c9E"}]},{"@type":"WebSite","@id":"https:\/\/www.inoxforniture.it\/#website","url":"https:\/\/www.inoxforniture.it\/","name":"Inox Forniture","description":"","publisher":{"@id":"https:\/\/www.inoxforniture.it\/#organization"},"potentialAction":[{"@type":"SearchAction","target":{"@type":"EntryPoint","urlTemplate":"https:\/\/www.inoxforniture.it\/?s={search_term_string}"},"query-input":{"@type":"PropertyValueSpecification","valueRequired":true,"valueName":"search_term_string"}}],"inLanguage":"fr-FR"},{"@type":"Organization","@id":"https:\/\/www.inoxforniture.it\/#organization","name":"Inox Forniture srl","url":"https:\/\/www.inoxforniture.it\/","logo":{"@type":"ImageObject","inLanguage":"fr-FR","@id":"https:\/\/www.inoxforniture.it\/#\/schema\/logo\/image\/","url":"https:\/\/www.inoxforniture.it\/wp-content\/uploads\/2021\/01\/logo_inox.png","contentUrl":"https:\/\/www.inoxforniture.it\/wp-content\/uploads\/2021\/01\/logo_inox.png","width":230,"height":44,"caption":"Inox Forniture srl"},"image":{"@id":"https:\/\/www.inoxforniture.it\/#\/schema\/logo\/image\/"},"sameAs":["https:\/\/www.facebook.com\/Inox.Forniture","https:\/\/x.com\/InoxForniture"]}]}},"df_price":8.2,"df_sale_price":"","df_regular_price":8.2,"df_image_link":"https:\/\/www.inoxforniture.it\/wp-content\/uploads\/2022\/04\/C110581_1-300x300.jpg","tiered_pricing_type":"fixed","tiered_pricing_fixed_rules":{"10":6.56,"40":5.74,"80":5.33},"tiered_pricing_product_settings":{"layout":"default","base_unit_name":{"singular":null,"plural":null},"default_variation":null},"tiered_pricing_minimum_quantity":null,"tiered_pricing_roles_data":{"privato":{"product_id":61149,"role":"privato","pricing_type":"flat","regular_price":null,"sale_price":null,"discount":null,"discount_type":"sale_price","tiered_pricing_type":"fixed","percentage_rules":[],"fixed_rules":{"10":"6.5600","40":"5.7400","80":"5.3300"},"minimum":null},"azienda":{"product_id":61149,"role":"azienda","pricing_type":"flat","regular_price":6.56,"sale_price":null,"discount":null,"discount_type":"sale_price","tiered_pricing_type":"fixed","percentage_rules":[],"fixed_rules":{"40":"5.7400","80":"5.3300"},"minimum":null},"azienda_premium":{"product_id":61149,"role":"azienda_premium","pricing_type":"flat","regular_price":6.56,"sale_price":null,"discount":null,"discount_type":"sale_price","tiered_pricing_type":"fixed","percentage_rules":[],"fixed_rules":{"40":"5.7400","80":"5.3300"},"minimum":null}},"tiered_pricing_percentage_rules":[],"tiered_pricing_maximum_quantity":null,"tiered_pricing_quantity_step":null,"_links":{"self":[{"href":"https:\/\/www.inoxforniture.it\/fr\/wp-json\/wp\/v2\/product\/61149","targetHints":{"allow":["GET"]}}],"collection":[{"href":"https:\/\/www.inoxforniture.it\/fr\/wp-json\/wp\/v2\/product"}],"about":[{"href":"https:\/\/www.inoxforniture.it\/fr\/wp-json\/wp\/v2\/types\/product"}],"wp:featuredmedia":[{"embeddable":true,"href":"https:\/\/www.inoxforniture.it\/fr\/wp-json\/wp\/v2\/media\/61150"}],"wp:attachment":[{"href":"https:\/\/www.inoxforniture.it\/fr\/wp-json\/wp\/v2\/media?parent=61149"}],"wp:term":[{"taxonomy":"product_brand","embeddable":true,"href":"https:\/\/www.inoxforniture.it\/fr\/wp-json\/wp\/v2\/product_brand?post=61149"},{"taxonomy":"product_cat","embeddable":true,"href":"https:\/\/www.inoxforniture.it\/fr\/wp-json\/wp\/v2\/product_cat?post=61149"},{"taxonomy":"product_tag","embeddable":true,"href":"https:\/\/www.inoxforniture.it\/fr\/wp-json\/wp\/v2\/product_tag?post=61149"}],"curies":[{"name":"wp","href":"https:\/\/api.w.org\/{rel}","templated":true}]}}