{"id":61136,"date":"2021-10-22T17:00:46","date_gmt":"2021-10-22T15:00:46","guid":{"rendered":"https:\/\/www.inoxforniture.it\/support-type-5-pour-main-courante-o-424-aisi-304-brossee\/"},"modified":"2026-01-23T18:37:44","modified_gmt":"2026-01-23T17:37:44","slug":"support-type-5-pour-main-courante-o-424-aisi-304-brossee","status":"publish","type":"product","link":"https:\/\/www.inoxforniture.it\/fr\/support-type-5-pour-main-courante-o-424-aisi-304-brossee\/","title":{"rendered":"SUPPORT TYPE 5 POUR MAIN COURANTE \u00d8 42,4 AISI 304 BROSS\u00c9E"},"content":{"rendered":"<p>Support inox AISI 304 bross\u00e9 pour main courante murale pour tube de 42,4 x 2,0.<\/p>\n<p>Ce support est tr\u00e8s appr\u00e9ci\u00e9 car il ne pr\u00e9sente aucune vis de fixation apparente.<\/p>\n<p>Avec sa ligne carr\u00e9e et \u00e9l\u00e9gante, il s&rsquo;adapte parfaitement \u00e0 un d\u00e9cor moderne.<\/p>\n<p>Le support contient un cylindre avec un filetage femelle M8, permettant la fixation au mur par une tige filet\u00e9e M8.<br \/>\nDe l&rsquo;autre c\u00f4t\u00e9, le support est perc\u00e9 pour fixer la main courante avec une vis M6 \u00e0 t\u00eate cylindrique.<br \/>\nAinsi, aucune vis n&rsquo;est visible. Cet accessoire se compose de 3 pi\u00e8ces distinctes : le support, la plaque et le cylindre filet\u00e9. <\/p>\n<p><img fetchpriority=\"high\" decoding=\"async\" class=\"alignnone wp-image-23194 size-full\" src=\"https:\/\/www.inoxforniture.it\/wp-content\/uploads\/2021\/10\/C110012_2-600x600-1.jpg\" alt=\"\" width=\"600\" height=\"600\" srcset=\"https:\/\/www.inoxforniture.it\/wp-content\/uploads\/2021\/10\/C110012_2-600x600-1.jpg 600w, https:\/\/www.inoxforniture.it\/wp-content\/uploads\/2021\/10\/C110012_2-600x600-1-400x400.jpg 400w\" sizes=\"(max-width: 600px) 100vw, 600px\" \/><\/p>\n","protected":false},"excerpt":{"rendered":"<p>Le support contient un cylindre avec un filetage femelle M8, permettant la fixation au mur par une tige filet\u00e9e M8. Ainsi, aucune vis n&rsquo;est visible. Cet accessoire se compose de 3 pi\u00e8ces distinctes : le support, la plaque et le cylindre filet\u00e9.  <\/p>\n","protected":false},"featured_media":61137,"template":"","meta":{"_acf_changed":false},"product_brand":[],"product_cat":[4109],"product_tag":[],"class_list":{"0":"post-61136","1":"product","2":"type-product","3":"status-publish","4":"has-post-thumbnail","6":"product_cat-fixations-main-courante","7":"pa_prodotto-support-type-5-pour-main-courante-o-424-aisi-304-brossee","9":"first","10":"instock","11":"taxable","12":"shipping-taxable","13":"purchasable","14":"product-type-simple"},"acf":[],"yoast_head":"<!-- This site is optimized with the Yoast SEO plugin v27.3 - https:\/\/yoast.com\/product\/yoast-seo-wordpress\/ -->\n<title>Inox Forniture - Support inox AISI 304 pour main courante murale<\/title>\n<meta name=\"description\" content=\"Achetez en ligne. Support pour main courante en acier inox AISI 304. Design carr\u00e9 et \u00e9l\u00e9gant, parfait pour les int\u00e9rieurs modernes.\" \/>\n<meta name=\"robots\" content=\"index, follow, max-snippet:-1, max-image-preview:large, max-video-preview:-1\" \/>\n<link rel=\"canonical\" href=\"https:\/\/www.inoxforniture.it\/fr\/support-type-5-pour-main-courante-o-424-aisi-304-brossee\/\" \/>\n<meta property=\"og:locale\" content=\"fr_FR\" \/>\n<meta property=\"og:type\" content=\"article\" \/>\n<meta property=\"og:title\" content=\"Inox Forniture - Support inox AISI 304 pour main courante murale\" \/>\n<meta property=\"og:description\" content=\"Achetez en ligne. Support pour main courante en acier inox AISI 304. Design carr\u00e9 et \u00e9l\u00e9gant, parfait pour les int\u00e9rieurs modernes.\" \/>\n<meta property=\"og:url\" content=\"https:\/\/www.inoxforniture.it\/fr\/support-type-5-pour-main-courante-o-424-aisi-304-brossee\/\" \/>\n<meta property=\"og:site_name\" content=\"Inox Forniture\" \/>\n<meta property=\"article:publisher\" content=\"https:\/\/www.facebook.com\/Inox.Forniture\" \/>\n<meta property=\"article:modified_time\" content=\"2026-01-23T17:37:44+00:00\" \/>\n<meta property=\"og:image\" content=\"https:\/\/www.inoxforniture.it\/wp-content\/uploads\/2021\/10\/C110012_1.jpg\" \/>\n\t<meta property=\"og:image:width\" content=\"480\" \/>\n\t<meta property=\"og:image:height\" content=\"480\" \/>\n\t<meta property=\"og:image:type\" content=\"image\/jpeg\" \/>\n<meta name=\"twitter:card\" content=\"summary_large_image\" \/>\n<meta name=\"twitter:site\" content=\"@InoxForniture\" \/>\n<meta name=\"twitter:label1\" content=\"Dur\u00e9e de lecture estim\u00e9e\" \/>\n\t<meta name=\"twitter:data1\" content=\"1 minute\" \/>\n<script type=\"application\/ld+json\" class=\"yoast-schema-graph\">{\"@context\":\"https:\\\/\\\/schema.org\",\"@graph\":[{\"@type\":\"WebPage\",\"@id\":\"https:\\\/\\\/www.inoxforniture.it\\\/fr\\\/support-type-5-pour-main-courante-o-424-aisi-304-brossee\\\/\",\"url\":\"https:\\\/\\\/www.inoxforniture.it\\\/fr\\\/support-type-5-pour-main-courante-o-424-aisi-304-brossee\\\/\",\"name\":\"Inox Forniture - Support inox AISI 304 pour main courante murale\",\"isPartOf\":{\"@id\":\"https:\\\/\\\/www.inoxforniture.it\\\/#website\"},\"primaryImageOfPage\":{\"@id\":\"https:\\\/\\\/www.inoxforniture.it\\\/fr\\\/support-type-5-pour-main-courante-o-424-aisi-304-brossee\\\/#primaryimage\"},\"image\":{\"@id\":\"https:\\\/\\\/www.inoxforniture.it\\\/fr\\\/support-type-5-pour-main-courante-o-424-aisi-304-brossee\\\/#primaryimage\"},\"thumbnailUrl\":\"https:\\\/\\\/www.inoxforniture.it\\\/wp-content\\\/uploads\\\/2021\\\/10\\\/C110012_1.jpg\",\"datePublished\":\"2021-10-22T15:00:46+00:00\",\"dateModified\":\"2026-01-23T17:37:44+00:00\",\"description\":\"Achetez en ligne. Support pour main courante en acier inox AISI 304. Design carr\u00e9 et \u00e9l\u00e9gant, parfait pour les int\u00e9rieurs modernes.\",\"breadcrumb\":{\"@id\":\"https:\\\/\\\/www.inoxforniture.it\\\/fr\\\/support-type-5-pour-main-courante-o-424-aisi-304-brossee\\\/#breadcrumb\"},\"inLanguage\":\"fr-FR\",\"potentialAction\":[{\"@type\":\"ReadAction\",\"target\":[\"https:\\\/\\\/www.inoxforniture.it\\\/fr\\\/support-type-5-pour-main-courante-o-424-aisi-304-brossee\\\/\"]}]},{\"@type\":\"ImageObject\",\"inLanguage\":\"fr-FR\",\"@id\":\"https:\\\/\\\/www.inoxforniture.it\\\/fr\\\/support-type-5-pour-main-courante-o-424-aisi-304-brossee\\\/#primaryimage\",\"url\":\"https:\\\/\\\/www.inoxforniture.it\\\/wp-content\\\/uploads\\\/2021\\\/10\\\/C110012_1.jpg\",\"contentUrl\":\"https:\\\/\\\/www.inoxforniture.it\\\/wp-content\\\/uploads\\\/2021\\\/10\\\/C110012_1.jpg\",\"width\":480,\"height\":480,\"caption\":\"Support inox pour main courante\"},{\"@type\":\"BreadcrumbList\",\"@id\":\"https:\\\/\\\/www.inoxforniture.it\\\/fr\\\/support-type-5-pour-main-courante-o-424-aisi-304-brossee\\\/#breadcrumb\",\"itemListElement\":[{\"@type\":\"ListItem\",\"position\":1,\"name\":\"Accueil\",\"item\":\"https:\\\/\\\/www.inoxforniture.it\\\/\"},{\"@type\":\"ListItem\",\"position\":2,\"name\":\"Boutique\",\"item\":\"https:\\\/\\\/www.inoxforniture.it\\\/fr\\\/boutique\\\/\"},{\"@type\":\"ListItem\",\"position\":3,\"name\":\"Sistemi per ringhiere e balaustre\",\"item\":\"https:\\\/\\\/www.inoxforniture.it\\\/sistemi-per-ringhiere-e-balaustre\\\/\"},{\"@type\":\"ListItem\",\"position\":4,\"name\":\"Fissaggi corrimano\",\"item\":\"https:\\\/\\\/www.inoxforniture.it\\\/fissaggi-corrimano\\\/\"},{\"@type\":\"ListItem\",\"position\":5,\"name\":\"SUPPORT TYPE 5 POUR MAIN COURANTE \u00d8 42,4 AISI 304 BROSS\u00c9E\"}]},{\"@type\":\"WebSite\",\"@id\":\"https:\\\/\\\/www.inoxforniture.it\\\/#website\",\"url\":\"https:\\\/\\\/www.inoxforniture.it\\\/\",\"name\":\"Inox Forniture\",\"description\":\"\",\"publisher\":{\"@id\":\"https:\\\/\\\/www.inoxforniture.it\\\/#organization\"},\"potentialAction\":[{\"@type\":\"SearchAction\",\"target\":{\"@type\":\"EntryPoint\",\"urlTemplate\":\"https:\\\/\\\/www.inoxforniture.it\\\/?s={search_term_string}\"},\"query-input\":{\"@type\":\"PropertyValueSpecification\",\"valueRequired\":true,\"valueName\":\"search_term_string\"}}],\"inLanguage\":\"fr-FR\"},{\"@type\":\"Organization\",\"@id\":\"https:\\\/\\\/www.inoxforniture.it\\\/#organization\",\"name\":\"Inox Forniture srl\",\"url\":\"https:\\\/\\\/www.inoxforniture.it\\\/\",\"logo\":{\"@type\":\"ImageObject\",\"inLanguage\":\"fr-FR\",\"@id\":\"https:\\\/\\\/www.inoxforniture.it\\\/#\\\/schema\\\/logo\\\/image\\\/\",\"url\":\"https:\\\/\\\/www.inoxforniture.it\\\/wp-content\\\/uploads\\\/2021\\\/01\\\/logo_inox.png\",\"contentUrl\":\"https:\\\/\\\/www.inoxforniture.it\\\/wp-content\\\/uploads\\\/2021\\\/01\\\/logo_inox.png\",\"width\":230,\"height\":44,\"caption\":\"Inox Forniture srl\"},\"image\":{\"@id\":\"https:\\\/\\\/www.inoxforniture.it\\\/#\\\/schema\\\/logo\\\/image\\\/\"},\"sameAs\":[\"https:\\\/\\\/www.facebook.com\\\/Inox.Forniture\",\"https:\\\/\\\/x.com\\\/InoxForniture\"]}]}<\/script>\n<!-- \/ Yoast SEO plugin. -->","yoast_head_json":{"title":"Inox Forniture - Support inox AISI 304 pour main courante murale","description":"Achetez en ligne. Support pour main courante en acier inox AISI 304. Design carr\u00e9 et \u00e9l\u00e9gant, parfait pour les int\u00e9rieurs modernes.","robots":{"index":"index","follow":"follow","max-snippet":"max-snippet:-1","max-image-preview":"max-image-preview:large","max-video-preview":"max-video-preview:-1"},"canonical":"https:\/\/www.inoxforniture.it\/fr\/support-type-5-pour-main-courante-o-424-aisi-304-brossee\/","og_locale":"fr_FR","og_type":"article","og_title":"Inox Forniture - Support inox AISI 304 pour main courante murale","og_description":"Achetez en ligne. Support pour main courante en acier inox AISI 304. Design carr\u00e9 et \u00e9l\u00e9gant, parfait pour les int\u00e9rieurs modernes.","og_url":"https:\/\/www.inoxforniture.it\/fr\/support-type-5-pour-main-courante-o-424-aisi-304-brossee\/","og_site_name":"Inox Forniture","article_publisher":"https:\/\/www.facebook.com\/Inox.Forniture","article_modified_time":"2026-01-23T17:37:44+00:00","og_image":[{"width":480,"height":480,"url":"https:\/\/www.inoxforniture.it\/wp-content\/uploads\/2021\/10\/C110012_1.jpg","type":"image\/jpeg"}],"twitter_card":"summary_large_image","twitter_site":"@InoxForniture","twitter_misc":{"Dur\u00e9e de lecture estim\u00e9e":"1 minute"},"schema":{"@context":"https:\/\/schema.org","@graph":[{"@type":"WebPage","@id":"https:\/\/www.inoxforniture.it\/fr\/support-type-5-pour-main-courante-o-424-aisi-304-brossee\/","url":"https:\/\/www.inoxforniture.it\/fr\/support-type-5-pour-main-courante-o-424-aisi-304-brossee\/","name":"Inox Forniture - Support inox AISI 304 pour main courante murale","isPartOf":{"@id":"https:\/\/www.inoxforniture.it\/#website"},"primaryImageOfPage":{"@id":"https:\/\/www.inoxforniture.it\/fr\/support-type-5-pour-main-courante-o-424-aisi-304-brossee\/#primaryimage"},"image":{"@id":"https:\/\/www.inoxforniture.it\/fr\/support-type-5-pour-main-courante-o-424-aisi-304-brossee\/#primaryimage"},"thumbnailUrl":"https:\/\/www.inoxforniture.it\/wp-content\/uploads\/2021\/10\/C110012_1.jpg","datePublished":"2021-10-22T15:00:46+00:00","dateModified":"2026-01-23T17:37:44+00:00","description":"Achetez en ligne. Support pour main courante en acier inox AISI 304. Design carr\u00e9 et \u00e9l\u00e9gant, parfait pour les int\u00e9rieurs modernes.","breadcrumb":{"@id":"https:\/\/www.inoxforniture.it\/fr\/support-type-5-pour-main-courante-o-424-aisi-304-brossee\/#breadcrumb"},"inLanguage":"fr-FR","potentialAction":[{"@type":"ReadAction","target":["https:\/\/www.inoxforniture.it\/fr\/support-type-5-pour-main-courante-o-424-aisi-304-brossee\/"]}]},{"@type":"ImageObject","inLanguage":"fr-FR","@id":"https:\/\/www.inoxforniture.it\/fr\/support-type-5-pour-main-courante-o-424-aisi-304-brossee\/#primaryimage","url":"https:\/\/www.inoxforniture.it\/wp-content\/uploads\/2021\/10\/C110012_1.jpg","contentUrl":"https:\/\/www.inoxforniture.it\/wp-content\/uploads\/2021\/10\/C110012_1.jpg","width":480,"height":480,"caption":"Support inox pour main courante"},{"@type":"BreadcrumbList","@id":"https:\/\/www.inoxforniture.it\/fr\/support-type-5-pour-main-courante-o-424-aisi-304-brossee\/#breadcrumb","itemListElement":[{"@type":"ListItem","position":1,"name":"Accueil","item":"https:\/\/www.inoxforniture.it\/"},{"@type":"ListItem","position":2,"name":"Boutique","item":"https:\/\/www.inoxforniture.it\/fr\/boutique\/"},{"@type":"ListItem","position":3,"name":"Sistemi per ringhiere e balaustre","item":"https:\/\/www.inoxforniture.it\/sistemi-per-ringhiere-e-balaustre\/"},{"@type":"ListItem","position":4,"name":"Fissaggi corrimano","item":"https:\/\/www.inoxforniture.it\/fissaggi-corrimano\/"},{"@type":"ListItem","position":5,"name":"SUPPORT TYPE 5 POUR MAIN COURANTE \u00d8 42,4 AISI 304 BROSS\u00c9E"}]},{"@type":"WebSite","@id":"https:\/\/www.inoxforniture.it\/#website","url":"https:\/\/www.inoxforniture.it\/","name":"Inox Forniture","description":"","publisher":{"@id":"https:\/\/www.inoxforniture.it\/#organization"},"potentialAction":[{"@type":"SearchAction","target":{"@type":"EntryPoint","urlTemplate":"https:\/\/www.inoxforniture.it\/?s={search_term_string}"},"query-input":{"@type":"PropertyValueSpecification","valueRequired":true,"valueName":"search_term_string"}}],"inLanguage":"fr-FR"},{"@type":"Organization","@id":"https:\/\/www.inoxforniture.it\/#organization","name":"Inox Forniture srl","url":"https:\/\/www.inoxforniture.it\/","logo":{"@type":"ImageObject","inLanguage":"fr-FR","@id":"https:\/\/www.inoxforniture.it\/#\/schema\/logo\/image\/","url":"https:\/\/www.inoxforniture.it\/wp-content\/uploads\/2021\/01\/logo_inox.png","contentUrl":"https:\/\/www.inoxforniture.it\/wp-content\/uploads\/2021\/01\/logo_inox.png","width":230,"height":44,"caption":"Inox Forniture srl"},"image":{"@id":"https:\/\/www.inoxforniture.it\/#\/schema\/logo\/image\/"},"sameAs":["https:\/\/www.facebook.com\/Inox.Forniture","https:\/\/x.com\/InoxForniture"]}]}},"df_price":13.26,"df_sale_price":"","df_regular_price":13.26,"df_image_link":"https:\/\/www.inoxforniture.it\/wp-content\/uploads\/2021\/10\/C110012_1-300x300.jpg","tiered_pricing_type":"fixed","tiered_pricing_fixed_rules":{"6":10.608,"18":9.282,"50":8.619},"tiered_pricing_product_settings":{"layout":"default","base_unit_name":{"singular":null,"plural":null},"default_variation":null},"tiered_pricing_minimum_quantity":null,"tiered_pricing_roles_data":{"privato":{"product_id":61136,"role":"privato","pricing_type":"flat","regular_price":null,"sale_price":null,"discount":null,"discount_type":"sale_price","tiered_pricing_type":"fixed","percentage_rules":[],"fixed_rules":{"6":"10.6080","18":"9.2820","50":"8.6190"},"minimum":null},"azienda":{"product_id":61136,"role":"azienda","pricing_type":"flat","regular_price":10.608,"sale_price":null,"discount":null,"discount_type":"sale_price","tiered_pricing_type":"fixed","percentage_rules":[],"fixed_rules":{"18":"9.2820","50":"8.6190"},"minimum":null},"azienda_premium":{"product_id":61136,"role":"azienda_premium","pricing_type":"flat","regular_price":10.608,"sale_price":null,"discount":null,"discount_type":"sale_price","tiered_pricing_type":"fixed","percentage_rules":[],"fixed_rules":{"18":"9.2820","50":"8.6190"},"minimum":null}},"tiered_pricing_percentage_rules":[],"tiered_pricing_maximum_quantity":null,"tiered_pricing_quantity_step":null,"_links":{"self":[{"href":"https:\/\/www.inoxforniture.it\/fr\/wp-json\/wp\/v2\/product\/61136","targetHints":{"allow":["GET"]}}],"collection":[{"href":"https:\/\/www.inoxforniture.it\/fr\/wp-json\/wp\/v2\/product"}],"about":[{"href":"https:\/\/www.inoxforniture.it\/fr\/wp-json\/wp\/v2\/types\/product"}],"wp:featuredmedia":[{"embeddable":true,"href":"https:\/\/www.inoxforniture.it\/fr\/wp-json\/wp\/v2\/media\/61137"}],"wp:attachment":[{"href":"https:\/\/www.inoxforniture.it\/fr\/wp-json\/wp\/v2\/media?parent=61136"}],"wp:term":[{"taxonomy":"product_brand","embeddable":true,"href":"https:\/\/www.inoxforniture.it\/fr\/wp-json\/wp\/v2\/product_brand?post=61136"},{"taxonomy":"product_cat","embeddable":true,"href":"https:\/\/www.inoxforniture.it\/fr\/wp-json\/wp\/v2\/product_cat?post=61136"},{"taxonomy":"product_tag","embeddable":true,"href":"https:\/\/www.inoxforniture.it\/fr\/wp-json\/wp\/v2\/product_tag?post=61136"}],"curies":[{"name":"wp","href":"https:\/\/api.w.org\/{rel}","templated":true}]}}