{"id":61099,"date":"2017-09-12T08:23:03","date_gmt":"2017-09-12T06:23:03","guid":{"rendered":"https:\/\/www.inoxforniture.it\/pince-52x52-plate-verre-8-1276-aisi-316-poli-miroir\/"},"modified":"2026-01-23T18:37:17","modified_gmt":"2026-01-23T17:37:17","slug":"pince-52x52-plate-verre-8-1276-aisi-316-poli-miroir","status":"publish","type":"product","link":"https:\/\/www.inoxforniture.it\/fr\/pince-52x52-plate-verre-8-1276-aisi-316-poli-miroir\/","title":{"rendered":"PINCE 52&#215;52 PLATE VERRE 8-12,76 AISI 316 POLI MIROIR"},"content":{"rendered":"<p>La pince plate 52&#215;52 en acier inoxydable AISI 316 poli miroir est con\u00e7ue pour fixer des verres d&rsquo;une \u00e9paisseur de 8 \u00e0 12,76 mm. Id\u00e9ale pour les applications en milieu marin et industriel gr\u00e2ce \u00e0 sa r\u00e9sistance \u00e0 la corrosion. La finition polie conf\u00e8re un aspect \u00e9l\u00e9gant et moderne, parfait pour les installations int\u00e9rieures et ext\u00e9rieures. <\/p>\n","protected":false},"excerpt":{"rendered":"<p>Pince 52&#215;52 en acier inoxydable AISI 316 poli miroir pour verres de 8 \u00e0 12,76 mm, Installations ext\u00e9rieures m\u00eame \u00e0 proximit\u00e9 de la mer.<\/p>\n","protected":false},"featured_media":61100,"template":"","meta":{"_acf_changed":false},"product_brand":[],"product_cat":[4122],"product_tag":[4810,4811,4809,4812],"class_list":{"0":"post-61099","1":"product","2":"type-product","3":"status-publish","4":"has-post-thumbnail","6":"product_cat-accessoires-balustrades-en-aisi-316-poli","7":"product_tag-pince-a-verre","8":"product_tag-pince-aisi-316","9":"product_tag-pince-inox","10":"product_tag-pince-polie","11":"pa_marchio-inox-forniture","13":"first","14":"onbackorder","15":"taxable","16":"shipping-taxable","17":"purchasable","18":"product-type-simple"},"acf":[],"yoast_head":"<!-- This site is optimized with the Yoast SEO plugin v27.3 - https:\/\/yoast.com\/product\/yoast-seo-wordpress\/ -->\n<title>PINCE 52x52 PLATE VERRE 8-12,76 AISI 316 POLI MIROIR - Inox Forniture<\/title>\n<meta name=\"description\" content=\"Achetez en ligne la pince \u00e0 verre en acier inoxydable AISI 316 POLI MIROIR. Id\u00e9ale pour les installations ext\u00e9rieures, m\u00eame \u00e0 proximit\u00e9 de la mer.\" \/>\n<meta name=\"robots\" content=\"index, follow, max-snippet:-1, max-image-preview:large, max-video-preview:-1\" \/>\n<link rel=\"canonical\" href=\"https:\/\/www.inoxforniture.it\/fr\/pince-52x52-plate-verre-8-1276-aisi-316-poli-miroir\/\" \/>\n<meta property=\"og:locale\" content=\"fr_FR\" \/>\n<meta property=\"og:type\" content=\"article\" \/>\n<meta property=\"og:title\" content=\"PINCE 52x52 PLATE VERRE 8-12,76 AISI 316 POLI MIROIR - Inox Forniture\" \/>\n<meta property=\"og:description\" content=\"Achetez en ligne la pince \u00e0 verre en acier inoxydable AISI 316 POLI MIROIR. Id\u00e9ale pour les installations ext\u00e9rieures, m\u00eame \u00e0 proximit\u00e9 de la mer.\" \/>\n<meta property=\"og:url\" content=\"https:\/\/www.inoxforniture.it\/fr\/pince-52x52-plate-verre-8-1276-aisi-316-poli-miroir\/\" \/>\n<meta property=\"og:site_name\" content=\"Inox Forniture\" \/>\n<meta property=\"article:publisher\" content=\"https:\/\/www.facebook.com\/Inox.Forniture\" \/>\n<meta property=\"article:modified_time\" content=\"2026-01-23T17:37:17+00:00\" \/>\n<meta property=\"og:image\" content=\"https:\/\/www.inoxforniture.it\/wp-content\/uploads\/2017\/09\/c110320l-1.jpg\" \/>\n\t<meta property=\"og:image:width\" content=\"480\" \/>\n\t<meta property=\"og:image:height\" content=\"480\" \/>\n\t<meta property=\"og:image:type\" content=\"image\/jpeg\" \/>\n<meta name=\"twitter:card\" content=\"summary_large_image\" \/>\n<meta name=\"twitter:site\" content=\"@InoxForniture\" \/>\n<script type=\"application\/ld+json\" class=\"yoast-schema-graph\">{\"@context\":\"https:\\\/\\\/schema.org\",\"@graph\":[{\"@type\":\"WebPage\",\"@id\":\"https:\\\/\\\/www.inoxforniture.it\\\/fr\\\/pince-52x52-plate-verre-8-1276-aisi-316-poli-miroir\\\/\",\"url\":\"https:\\\/\\\/www.inoxforniture.it\\\/fr\\\/pince-52x52-plate-verre-8-1276-aisi-316-poli-miroir\\\/\",\"name\":\"PINCE 52x52 PLATE VERRE 8-12,76 AISI 316 POLI MIROIR - Inox Forniture\",\"isPartOf\":{\"@id\":\"https:\\\/\\\/www.inoxforniture.it\\\/#website\"},\"primaryImageOfPage\":{\"@id\":\"https:\\\/\\\/www.inoxforniture.it\\\/fr\\\/pince-52x52-plate-verre-8-1276-aisi-316-poli-miroir\\\/#primaryimage\"},\"image\":{\"@id\":\"https:\\\/\\\/www.inoxforniture.it\\\/fr\\\/pince-52x52-plate-verre-8-1276-aisi-316-poli-miroir\\\/#primaryimage\"},\"thumbnailUrl\":\"https:\\\/\\\/www.inoxforniture.it\\\/wp-content\\\/uploads\\\/2017\\\/09\\\/c110320l-1.jpg\",\"datePublished\":\"2017-09-12T06:23:03+00:00\",\"dateModified\":\"2026-01-23T17:37:17+00:00\",\"description\":\"Achetez en ligne la pince \u00e0 verre en acier inoxydable AISI 316 POLI MIROIR. Id\u00e9ale pour les installations ext\u00e9rieures, m\u00eame \u00e0 proximit\u00e9 de la mer.\",\"breadcrumb\":{\"@id\":\"https:\\\/\\\/www.inoxforniture.it\\\/fr\\\/pince-52x52-plate-verre-8-1276-aisi-316-poli-miroir\\\/#breadcrumb\"},\"inLanguage\":\"fr-FR\",\"potentialAction\":[{\"@type\":\"ReadAction\",\"target\":[\"https:\\\/\\\/www.inoxforniture.it\\\/fr\\\/pince-52x52-plate-verre-8-1276-aisi-316-poli-miroir\\\/\"]}]},{\"@type\":\"ImageObject\",\"inLanguage\":\"fr-FR\",\"@id\":\"https:\\\/\\\/www.inoxforniture.it\\\/fr\\\/pince-52x52-plate-verre-8-1276-aisi-316-poli-miroir\\\/#primaryimage\",\"url\":\"https:\\\/\\\/www.inoxforniture.it\\\/wp-content\\\/uploads\\\/2017\\\/09\\\/c110320l-1.jpg\",\"contentUrl\":\"https:\\\/\\\/www.inoxforniture.it\\\/wp-content\\\/uploads\\\/2017\\\/09\\\/c110320l-1.jpg\",\"width\":480,\"height\":480,\"caption\":\"Pince 52x52 en acier inoxydable AISI 316 poli miroir pour verres de 8 \u00e0 12,76 mm\"},{\"@type\":\"BreadcrumbList\",\"@id\":\"https:\\\/\\\/www.inoxforniture.it\\\/fr\\\/pince-52x52-plate-verre-8-1276-aisi-316-poli-miroir\\\/#breadcrumb\",\"itemListElement\":[{\"@type\":\"ListItem\",\"position\":1,\"name\":\"Accueil\",\"item\":\"https:\\\/\\\/www.inoxforniture.it\\\/\"},{\"@type\":\"ListItem\",\"position\":2,\"name\":\"Boutique\",\"item\":\"https:\\\/\\\/www.inoxforniture.it\\\/fr\\\/boutique\\\/\"},{\"@type\":\"ListItem\",\"position\":3,\"name\":\"Syst\u00e8mes pour garde-corps et balustrades\",\"item\":\"https:\\\/\\\/www.inoxforniture.it\\\/fr\\\/systemes-pour-garde-corps-et-balustrades\\\/\"},{\"@type\":\"ListItem\",\"position\":4,\"name\":\"Accessoires balustrades en AISI 316 POLI\",\"item\":\"https:\\\/\\\/www.inoxforniture.it\\\/fr\\\/accessoires-balustrades-en-aisi-316-poli\\\/\"},{\"@type\":\"ListItem\",\"position\":5,\"name\":\"PINCE 52&#215;52 PLATE VERRE 8-12,76 AISI 316 POLI MIROIR\"}]},{\"@type\":\"WebSite\",\"@id\":\"https:\\\/\\\/www.inoxforniture.it\\\/#website\",\"url\":\"https:\\\/\\\/www.inoxforniture.it\\\/\",\"name\":\"Inox Forniture\",\"description\":\"\",\"publisher\":{\"@id\":\"https:\\\/\\\/www.inoxforniture.it\\\/#organization\"},\"potentialAction\":[{\"@type\":\"SearchAction\",\"target\":{\"@type\":\"EntryPoint\",\"urlTemplate\":\"https:\\\/\\\/www.inoxforniture.it\\\/?s={search_term_string}\"},\"query-input\":{\"@type\":\"PropertyValueSpecification\",\"valueRequired\":true,\"valueName\":\"search_term_string\"}}],\"inLanguage\":\"fr-FR\"},{\"@type\":\"Organization\",\"@id\":\"https:\\\/\\\/www.inoxforniture.it\\\/#organization\",\"name\":\"Inox Forniture srl\",\"url\":\"https:\\\/\\\/www.inoxforniture.it\\\/\",\"logo\":{\"@type\":\"ImageObject\",\"inLanguage\":\"fr-FR\",\"@id\":\"https:\\\/\\\/www.inoxforniture.it\\\/#\\\/schema\\\/logo\\\/image\\\/\",\"url\":\"https:\\\/\\\/www.inoxforniture.it\\\/wp-content\\\/uploads\\\/2021\\\/01\\\/logo_inox.png\",\"contentUrl\":\"https:\\\/\\\/www.inoxforniture.it\\\/wp-content\\\/uploads\\\/2021\\\/01\\\/logo_inox.png\",\"width\":230,\"height\":44,\"caption\":\"Inox Forniture srl\"},\"image\":{\"@id\":\"https:\\\/\\\/www.inoxforniture.it\\\/#\\\/schema\\\/logo\\\/image\\\/\"},\"sameAs\":[\"https:\\\/\\\/www.facebook.com\\\/Inox.Forniture\",\"https:\\\/\\\/x.com\\\/InoxForniture\"]}]}<\/script>\n<!-- \/ Yoast SEO plugin. -->","yoast_head_json":{"title":"PINCE 52x52 PLATE VERRE 8-12,76 AISI 316 POLI MIROIR - Inox Forniture","description":"Achetez en ligne la pince \u00e0 verre en acier inoxydable AISI 316 POLI MIROIR. Id\u00e9ale pour les installations ext\u00e9rieures, m\u00eame \u00e0 proximit\u00e9 de la mer.","robots":{"index":"index","follow":"follow","max-snippet":"max-snippet:-1","max-image-preview":"max-image-preview:large","max-video-preview":"max-video-preview:-1"},"canonical":"https:\/\/www.inoxforniture.it\/fr\/pince-52x52-plate-verre-8-1276-aisi-316-poli-miroir\/","og_locale":"fr_FR","og_type":"article","og_title":"PINCE 52x52 PLATE VERRE 8-12,76 AISI 316 POLI MIROIR - Inox Forniture","og_description":"Achetez en ligne la pince \u00e0 verre en acier inoxydable AISI 316 POLI MIROIR. Id\u00e9ale pour les installations ext\u00e9rieures, m\u00eame \u00e0 proximit\u00e9 de la mer.","og_url":"https:\/\/www.inoxforniture.it\/fr\/pince-52x52-plate-verre-8-1276-aisi-316-poli-miroir\/","og_site_name":"Inox Forniture","article_publisher":"https:\/\/www.facebook.com\/Inox.Forniture","article_modified_time":"2026-01-23T17:37:17+00:00","og_image":[{"width":480,"height":480,"url":"https:\/\/www.inoxforniture.it\/wp-content\/uploads\/2017\/09\/c110320l-1.jpg","type":"image\/jpeg"}],"twitter_card":"summary_large_image","twitter_site":"@InoxForniture","schema":{"@context":"https:\/\/schema.org","@graph":[{"@type":"WebPage","@id":"https:\/\/www.inoxforniture.it\/fr\/pince-52x52-plate-verre-8-1276-aisi-316-poli-miroir\/","url":"https:\/\/www.inoxforniture.it\/fr\/pince-52x52-plate-verre-8-1276-aisi-316-poli-miroir\/","name":"PINCE 52x52 PLATE VERRE 8-12,76 AISI 316 POLI MIROIR - Inox Forniture","isPartOf":{"@id":"https:\/\/www.inoxforniture.it\/#website"},"primaryImageOfPage":{"@id":"https:\/\/www.inoxforniture.it\/fr\/pince-52x52-plate-verre-8-1276-aisi-316-poli-miroir\/#primaryimage"},"image":{"@id":"https:\/\/www.inoxforniture.it\/fr\/pince-52x52-plate-verre-8-1276-aisi-316-poli-miroir\/#primaryimage"},"thumbnailUrl":"https:\/\/www.inoxforniture.it\/wp-content\/uploads\/2017\/09\/c110320l-1.jpg","datePublished":"2017-09-12T06:23:03+00:00","dateModified":"2026-01-23T17:37:17+00:00","description":"Achetez en ligne la pince \u00e0 verre en acier inoxydable AISI 316 POLI MIROIR. Id\u00e9ale pour les installations ext\u00e9rieures, m\u00eame \u00e0 proximit\u00e9 de la mer.","breadcrumb":{"@id":"https:\/\/www.inoxforniture.it\/fr\/pince-52x52-plate-verre-8-1276-aisi-316-poli-miroir\/#breadcrumb"},"inLanguage":"fr-FR","potentialAction":[{"@type":"ReadAction","target":["https:\/\/www.inoxforniture.it\/fr\/pince-52x52-plate-verre-8-1276-aisi-316-poli-miroir\/"]}]},{"@type":"ImageObject","inLanguage":"fr-FR","@id":"https:\/\/www.inoxforniture.it\/fr\/pince-52x52-plate-verre-8-1276-aisi-316-poli-miroir\/#primaryimage","url":"https:\/\/www.inoxforniture.it\/wp-content\/uploads\/2017\/09\/c110320l-1.jpg","contentUrl":"https:\/\/www.inoxforniture.it\/wp-content\/uploads\/2017\/09\/c110320l-1.jpg","width":480,"height":480,"caption":"Pince 52x52 en acier inoxydable AISI 316 poli miroir pour verres de 8 \u00e0 12,76 mm"},{"@type":"BreadcrumbList","@id":"https:\/\/www.inoxforniture.it\/fr\/pince-52x52-plate-verre-8-1276-aisi-316-poli-miroir\/#breadcrumb","itemListElement":[{"@type":"ListItem","position":1,"name":"Accueil","item":"https:\/\/www.inoxforniture.it\/"},{"@type":"ListItem","position":2,"name":"Boutique","item":"https:\/\/www.inoxforniture.it\/fr\/boutique\/"},{"@type":"ListItem","position":3,"name":"Syst\u00e8mes pour garde-corps et balustrades","item":"https:\/\/www.inoxforniture.it\/fr\/systemes-pour-garde-corps-et-balustrades\/"},{"@type":"ListItem","position":4,"name":"Accessoires balustrades en AISI 316 POLI","item":"https:\/\/www.inoxforniture.it\/fr\/accessoires-balustrades-en-aisi-316-poli\/"},{"@type":"ListItem","position":5,"name":"PINCE 52&#215;52 PLATE VERRE 8-12,76 AISI 316 POLI MIROIR"}]},{"@type":"WebSite","@id":"https:\/\/www.inoxforniture.it\/#website","url":"https:\/\/www.inoxforniture.it\/","name":"Inox Forniture","description":"","publisher":{"@id":"https:\/\/www.inoxforniture.it\/#organization"},"potentialAction":[{"@type":"SearchAction","target":{"@type":"EntryPoint","urlTemplate":"https:\/\/www.inoxforniture.it\/?s={search_term_string}"},"query-input":{"@type":"PropertyValueSpecification","valueRequired":true,"valueName":"search_term_string"}}],"inLanguage":"fr-FR"},{"@type":"Organization","@id":"https:\/\/www.inoxforniture.it\/#organization","name":"Inox Forniture srl","url":"https:\/\/www.inoxforniture.it\/","logo":{"@type":"ImageObject","inLanguage":"fr-FR","@id":"https:\/\/www.inoxforniture.it\/#\/schema\/logo\/image\/","url":"https:\/\/www.inoxforniture.it\/wp-content\/uploads\/2021\/01\/logo_inox.png","contentUrl":"https:\/\/www.inoxforniture.it\/wp-content\/uploads\/2021\/01\/logo_inox.png","width":230,"height":44,"caption":"Inox Forniture srl"},"image":{"@id":"https:\/\/www.inoxforniture.it\/#\/schema\/logo\/image\/"},"sameAs":["https:\/\/www.facebook.com\/Inox.Forniture","https:\/\/x.com\/InoxForniture"]}]}},"df_price":22.95,"df_sale_price":"","df_regular_price":22.95,"df_image_link":"https:\/\/www.inoxforniture.it\/wp-content\/uploads\/2017\/09\/c110320l-1-300x300.jpg","tiered_pricing_type":"fixed","tiered_pricing_fixed_rules":{"16":18.36,"48":16.065,"100":14.9175},"tiered_pricing_product_settings":{"layout":"default","base_unit_name":{"singular":null,"plural":null},"default_variation":null},"tiered_pricing_minimum_quantity":null,"tiered_pricing_roles_data":{"privato":{"product_id":61099,"role":"privato","pricing_type":"flat","regular_price":null,"sale_price":null,"discount":null,"discount_type":"sale_price","tiered_pricing_type":"fixed","percentage_rules":[],"fixed_rules":{"16":"18.3600","48":"16.0650","100":"14.9175"},"minimum":null},"azienda":{"product_id":61099,"role":"azienda","pricing_type":"flat","regular_price":18.36,"sale_price":null,"discount":null,"discount_type":"sale_price","tiered_pricing_type":"fixed","percentage_rules":[],"fixed_rules":{"48":"16.0650","100":"14.9175"},"minimum":null},"azienda_premium":{"product_id":61099,"role":"azienda_premium","pricing_type":"flat","regular_price":18.36,"sale_price":null,"discount":null,"discount_type":"sale_price","tiered_pricing_type":"fixed","percentage_rules":[],"fixed_rules":{"48":"16.0650","100":"14.9175"},"minimum":null}},"tiered_pricing_percentage_rules":[],"tiered_pricing_maximum_quantity":null,"tiered_pricing_quantity_step":null,"_links":{"self":[{"href":"https:\/\/www.inoxforniture.it\/fr\/wp-json\/wp\/v2\/product\/61099","targetHints":{"allow":["GET"]}}],"collection":[{"href":"https:\/\/www.inoxforniture.it\/fr\/wp-json\/wp\/v2\/product"}],"about":[{"href":"https:\/\/www.inoxforniture.it\/fr\/wp-json\/wp\/v2\/types\/product"}],"wp:featuredmedia":[{"embeddable":true,"href":"https:\/\/www.inoxforniture.it\/fr\/wp-json\/wp\/v2\/media\/61100"}],"wp:attachment":[{"href":"https:\/\/www.inoxforniture.it\/fr\/wp-json\/wp\/v2\/media?parent=61099"}],"wp:term":[{"taxonomy":"product_brand","embeddable":true,"href":"https:\/\/www.inoxforniture.it\/fr\/wp-json\/wp\/v2\/product_brand?post=61099"},{"taxonomy":"product_cat","embeddable":true,"href":"https:\/\/www.inoxforniture.it\/fr\/wp-json\/wp\/v2\/product_cat?post=61099"},{"taxonomy":"product_tag","embeddable":true,"href":"https:\/\/www.inoxforniture.it\/fr\/wp-json\/wp\/v2\/product_tag?post=61099"}],"curies":[{"name":"wp","href":"https:\/\/api.w.org\/{rel}","templated":true}]}}