{"id":61064,"date":"2016-07-27T16:02:21","date_gmt":"2016-07-27T14:02:21","guid":{"rendered":"https:\/\/www.inoxforniture.it\/plaque-laterale-o-100-x-424-mm-aisi-316-poli-miroir\/"},"modified":"2026-01-23T18:36:43","modified_gmt":"2026-01-23T17:36:43","slug":"plaque-laterale-o-100-x-424-mm-aisi-316-poli-miroir","status":"publish","type":"product","link":"https:\/\/www.inoxforniture.it\/fr\/plaque-laterale-o-100-x-424-mm-aisi-316-poli-miroir\/","title":{"rendered":"PLAQUE LAT\u00c9RALE \u00d8 100 x 42,4 mm. AISI 316 POLI MIROIR"},"content":{"rendered":"<p>&#8211; Diam\u00e8tre ext\u00e9rieur 100 pour tube de 42,4 mm.<\/p>\n<p>&#8211; Dans les balustrades avec fixation murale, sert \u00e0 fixer chaque montant au mur.<\/p>\n<p>&#8211; Pour la fixer au poteau, il suffit de percer le tube, ins\u00e9rer l&rsquo;\u00e2me d\u00e9j\u00e0 filet\u00e9e \u00e0 l&rsquo;int\u00e9rieur et bloquer le tout avec les deux vis comprises dans la plaque.<\/p>\n<p>&#8211; Cette plaque est compatible avec un bouchon pour tube de 42,4 mm., qui sert \u00e0 fermer la partie inf\u00e9rieure du montant.<\/p>\n<p><img fetchpriority=\"high\" decoding=\"async\" class=\" size-full wp-image-8868\" title=\"Plaque lat\u00e9rale inox AISI 316 poli miroir pour tube de 42,4\" src=\"https:\/\/www.inoxforniture.it\/wp-content\/uploads\/2016\/07\/Imm_C110344-1.jpg\" alt=\"Plaque lat\u00e9rale inox AISI 316 poli miroir pour tube de 42,4\" width=\"480\" height=\"480\" srcset=\"https:\/\/www.inoxforniture.it\/wp-content\/uploads\/2016\/07\/Imm_C110344-1.jpg 480w, https:\/\/www.inoxforniture.it\/wp-content\/uploads\/2016\/07\/Imm_C110344-1-400x400.jpg 400w\" sizes=\"(max-width: 480px) 100vw, 480px\" \/><\/p>\n","protected":false},"excerpt":{"rendered":"<p>Plaque lat\u00e9rale en acier inox AISI 316 poli miroir, r\u00e9sistante \u00e0 la corrosion, installations ext\u00e9rieures m\u00eame \u00e0 proximit\u00e9 de la mer<\/p>\n","protected":false},"featured_media":61065,"template":"","meta":{"_acf_changed":false},"product_brand":[],"product_cat":[4122],"product_tag":[4690,4785,4320,4792],"class_list":{"0":"post-61064","1":"product","2":"type-product","3":"status-publish","4":"has-post-thumbnail","6":"product_cat-accessoires-balustrades-en-aisi-316-poli","7":"product_tag-aisi-316","8":"product_tag-finition-poli-miroir","9":"product_tag-main-courante-inox","10":"product_tag-plaque-laterale","11":"pa_marchio-inox-forniture","12":"pa_prodotto-plaque-laterale-o-100-x-424-mm-aisi-316-poli-miroir","14":"first","15":"instock","16":"taxable","17":"shipping-taxable","18":"purchasable","19":"product-type-simple"},"acf":[],"yoast_head":"<!-- This site is optimized with the Yoast SEO plugin v27.3 - https:\/\/yoast.com\/product\/yoast-seo-wordpress\/ -->\n<title>Plaque lat\u00e9rale en acier inox AISI 316 poli miroir - Inox Forniture<\/title>\n<meta name=\"description\" content=\"Plaque lat\u00e9rale en acier inox AISI 316 poli miroir, r\u00e9sistante \u00e0 la corrosion, id\u00e9ale pour environnements marins et industriels. Achetez-la en ligne\" \/>\n<meta name=\"robots\" content=\"index, follow, max-snippet:-1, max-image-preview:large, max-video-preview:-1\" \/>\n<link rel=\"canonical\" href=\"https:\/\/www.inoxforniture.it\/fr\/plaque-laterale-o-100-x-424-mm-aisi-316-poli-miroir\/\" \/>\n<meta property=\"og:locale\" content=\"fr_FR\" \/>\n<meta property=\"og:type\" content=\"article\" \/>\n<meta property=\"og:title\" content=\"Plaque lat\u00e9rale en acier inox AISI 316 poli miroir - Inox Forniture\" \/>\n<meta property=\"og:description\" content=\"Plaque lat\u00e9rale en acier inox AISI 316 poli miroir, r\u00e9sistante \u00e0 la corrosion, id\u00e9ale pour environnements marins et industriels. Achetez-la en ligne\" \/>\n<meta property=\"og:url\" content=\"https:\/\/www.inoxforniture.it\/fr\/plaque-laterale-o-100-x-424-mm-aisi-316-poli-miroir\/\" \/>\n<meta property=\"og:site_name\" content=\"Inox Forniture\" \/>\n<meta property=\"article:publisher\" content=\"https:\/\/www.facebook.com\/Inox.Forniture\" \/>\n<meta property=\"article:modified_time\" content=\"2026-01-23T17:36:43+00:00\" \/>\n<meta property=\"og:image\" content=\"https:\/\/www.inoxforniture.it\/wp-content\/uploads\/2016\/07\/c110178-l_1.jpg\" \/>\n\t<meta property=\"og:image:width\" content=\"480\" \/>\n\t<meta property=\"og:image:height\" content=\"480\" \/>\n\t<meta property=\"og:image:type\" content=\"image\/jpeg\" \/>\n<meta name=\"twitter:card\" content=\"summary_large_image\" \/>\n<meta name=\"twitter:site\" content=\"@InoxForniture\" \/>\n<script type=\"application\/ld+json\" class=\"yoast-schema-graph\">{\"@context\":\"https:\\\/\\\/schema.org\",\"@graph\":[{\"@type\":\"WebPage\",\"@id\":\"https:\\\/\\\/www.inoxforniture.it\\\/fr\\\/plaque-laterale-o-100-x-424-mm-aisi-316-poli-miroir\\\/\",\"url\":\"https:\\\/\\\/www.inoxforniture.it\\\/fr\\\/plaque-laterale-o-100-x-424-mm-aisi-316-poli-miroir\\\/\",\"name\":\"Plaque lat\u00e9rale en acier inox AISI 316 poli miroir - Inox Forniture\",\"isPartOf\":{\"@id\":\"https:\\\/\\\/www.inoxforniture.it\\\/#website\"},\"primaryImageOfPage\":{\"@id\":\"https:\\\/\\\/www.inoxforniture.it\\\/fr\\\/plaque-laterale-o-100-x-424-mm-aisi-316-poli-miroir\\\/#primaryimage\"},\"image\":{\"@id\":\"https:\\\/\\\/www.inoxforniture.it\\\/fr\\\/plaque-laterale-o-100-x-424-mm-aisi-316-poli-miroir\\\/#primaryimage\"},\"thumbnailUrl\":\"https:\\\/\\\/www.inoxforniture.it\\\/wp-content\\\/uploads\\\/2016\\\/07\\\/c110178-l_1.jpg\",\"datePublished\":\"2016-07-27T14:02:21+00:00\",\"dateModified\":\"2026-01-23T17:36:43+00:00\",\"description\":\"Plaque lat\u00e9rale en acier inox AISI 316 poli miroir, r\u00e9sistante \u00e0 la corrosion, id\u00e9ale pour environnements marins et industriels. Achetez-la en ligne\",\"breadcrumb\":{\"@id\":\"https:\\\/\\\/www.inoxforniture.it\\\/fr\\\/plaque-laterale-o-100-x-424-mm-aisi-316-poli-miroir\\\/#breadcrumb\"},\"inLanguage\":\"fr-FR\",\"potentialAction\":[{\"@type\":\"ReadAction\",\"target\":[\"https:\\\/\\\/www.inoxforniture.it\\\/fr\\\/plaque-laterale-o-100-x-424-mm-aisi-316-poli-miroir\\\/\"]}]},{\"@type\":\"ImageObject\",\"inLanguage\":\"fr-FR\",\"@id\":\"https:\\\/\\\/www.inoxforniture.it\\\/fr\\\/plaque-laterale-o-100-x-424-mm-aisi-316-poli-miroir\\\/#primaryimage\",\"url\":\"https:\\\/\\\/www.inoxforniture.it\\\/wp-content\\\/uploads\\\/2016\\\/07\\\/c110178-l_1.jpg\",\"contentUrl\":\"https:\\\/\\\/www.inoxforniture.it\\\/wp-content\\\/uploads\\\/2016\\\/07\\\/c110178-l_1.jpg\",\"width\":480,\"height\":480,\"caption\":\"Fixation \u00e0 90\u00b0 pour main courante en acier inox AISI 316 poli miroir, id\u00e9ale pour environnements marins et industriels\"},{\"@type\":\"BreadcrumbList\",\"@id\":\"https:\\\/\\\/www.inoxforniture.it\\\/fr\\\/plaque-laterale-o-100-x-424-mm-aisi-316-poli-miroir\\\/#breadcrumb\",\"itemListElement\":[{\"@type\":\"ListItem\",\"position\":1,\"name\":\"Accueil\",\"item\":\"https:\\\/\\\/www.inoxforniture.it\\\/\"},{\"@type\":\"ListItem\",\"position\":2,\"name\":\"Boutique\",\"item\":\"https:\\\/\\\/www.inoxforniture.it\\\/fr\\\/boutique\\\/\"},{\"@type\":\"ListItem\",\"position\":3,\"name\":\"Syst\u00e8mes pour garde-corps et balustrades\",\"item\":\"https:\\\/\\\/www.inoxforniture.it\\\/fr\\\/systemes-pour-garde-corps-et-balustrades\\\/\"},{\"@type\":\"ListItem\",\"position\":4,\"name\":\"Accessoires balustrades en AISI 316 POLI\",\"item\":\"https:\\\/\\\/www.inoxforniture.it\\\/fr\\\/accessoires-balustrades-en-aisi-316-poli\\\/\"},{\"@type\":\"ListItem\",\"position\":5,\"name\":\"PLAQUE LAT\u00c9RALE \u00d8 100 x 42,4 mm. AISI 316 POLI MIROIR\"}]},{\"@type\":\"WebSite\",\"@id\":\"https:\\\/\\\/www.inoxforniture.it\\\/#website\",\"url\":\"https:\\\/\\\/www.inoxforniture.it\\\/\",\"name\":\"Inox Forniture\",\"description\":\"\",\"publisher\":{\"@id\":\"https:\\\/\\\/www.inoxforniture.it\\\/#organization\"},\"potentialAction\":[{\"@type\":\"SearchAction\",\"target\":{\"@type\":\"EntryPoint\",\"urlTemplate\":\"https:\\\/\\\/www.inoxforniture.it\\\/?s={search_term_string}\"},\"query-input\":{\"@type\":\"PropertyValueSpecification\",\"valueRequired\":true,\"valueName\":\"search_term_string\"}}],\"inLanguage\":\"fr-FR\"},{\"@type\":\"Organization\",\"@id\":\"https:\\\/\\\/www.inoxforniture.it\\\/#organization\",\"name\":\"Inox Forniture srl\",\"url\":\"https:\\\/\\\/www.inoxforniture.it\\\/\",\"logo\":{\"@type\":\"ImageObject\",\"inLanguage\":\"fr-FR\",\"@id\":\"https:\\\/\\\/www.inoxforniture.it\\\/#\\\/schema\\\/logo\\\/image\\\/\",\"url\":\"https:\\\/\\\/www.inoxforniture.it\\\/wp-content\\\/uploads\\\/2021\\\/01\\\/logo_inox.png\",\"contentUrl\":\"https:\\\/\\\/www.inoxforniture.it\\\/wp-content\\\/uploads\\\/2021\\\/01\\\/logo_inox.png\",\"width\":230,\"height\":44,\"caption\":\"Inox Forniture srl\"},\"image\":{\"@id\":\"https:\\\/\\\/www.inoxforniture.it\\\/#\\\/schema\\\/logo\\\/image\\\/\"},\"sameAs\":[\"https:\\\/\\\/www.facebook.com\\\/Inox.Forniture\",\"https:\\\/\\\/x.com\\\/InoxForniture\"]}]}<\/script>\n<!-- \/ Yoast SEO plugin. -->","yoast_head_json":{"title":"Plaque lat\u00e9rale en acier inox AISI 316 poli miroir - Inox Forniture","description":"Plaque lat\u00e9rale en acier inox AISI 316 poli miroir, r\u00e9sistante \u00e0 la corrosion, id\u00e9ale pour environnements marins et industriels. Achetez-la en ligne","robots":{"index":"index","follow":"follow","max-snippet":"max-snippet:-1","max-image-preview":"max-image-preview:large","max-video-preview":"max-video-preview:-1"},"canonical":"https:\/\/www.inoxforniture.it\/fr\/plaque-laterale-o-100-x-424-mm-aisi-316-poli-miroir\/","og_locale":"fr_FR","og_type":"article","og_title":"Plaque lat\u00e9rale en acier inox AISI 316 poli miroir - Inox Forniture","og_description":"Plaque lat\u00e9rale en acier inox AISI 316 poli miroir, r\u00e9sistante \u00e0 la corrosion, id\u00e9ale pour environnements marins et industriels. Achetez-la en ligne","og_url":"https:\/\/www.inoxforniture.it\/fr\/plaque-laterale-o-100-x-424-mm-aisi-316-poli-miroir\/","og_site_name":"Inox Forniture","article_publisher":"https:\/\/www.facebook.com\/Inox.Forniture","article_modified_time":"2026-01-23T17:36:43+00:00","og_image":[{"width":480,"height":480,"url":"https:\/\/www.inoxforniture.it\/wp-content\/uploads\/2016\/07\/c110178-l_1.jpg","type":"image\/jpeg"}],"twitter_card":"summary_large_image","twitter_site":"@InoxForniture","schema":{"@context":"https:\/\/schema.org","@graph":[{"@type":"WebPage","@id":"https:\/\/www.inoxforniture.it\/fr\/plaque-laterale-o-100-x-424-mm-aisi-316-poli-miroir\/","url":"https:\/\/www.inoxforniture.it\/fr\/plaque-laterale-o-100-x-424-mm-aisi-316-poli-miroir\/","name":"Plaque lat\u00e9rale en acier inox AISI 316 poli miroir - Inox Forniture","isPartOf":{"@id":"https:\/\/www.inoxforniture.it\/#website"},"primaryImageOfPage":{"@id":"https:\/\/www.inoxforniture.it\/fr\/plaque-laterale-o-100-x-424-mm-aisi-316-poli-miroir\/#primaryimage"},"image":{"@id":"https:\/\/www.inoxforniture.it\/fr\/plaque-laterale-o-100-x-424-mm-aisi-316-poli-miroir\/#primaryimage"},"thumbnailUrl":"https:\/\/www.inoxforniture.it\/wp-content\/uploads\/2016\/07\/c110178-l_1.jpg","datePublished":"2016-07-27T14:02:21+00:00","dateModified":"2026-01-23T17:36:43+00:00","description":"Plaque lat\u00e9rale en acier inox AISI 316 poli miroir, r\u00e9sistante \u00e0 la corrosion, id\u00e9ale pour environnements marins et industriels. Achetez-la en ligne","breadcrumb":{"@id":"https:\/\/www.inoxforniture.it\/fr\/plaque-laterale-o-100-x-424-mm-aisi-316-poli-miroir\/#breadcrumb"},"inLanguage":"fr-FR","potentialAction":[{"@type":"ReadAction","target":["https:\/\/www.inoxforniture.it\/fr\/plaque-laterale-o-100-x-424-mm-aisi-316-poli-miroir\/"]}]},{"@type":"ImageObject","inLanguage":"fr-FR","@id":"https:\/\/www.inoxforniture.it\/fr\/plaque-laterale-o-100-x-424-mm-aisi-316-poli-miroir\/#primaryimage","url":"https:\/\/www.inoxforniture.it\/wp-content\/uploads\/2016\/07\/c110178-l_1.jpg","contentUrl":"https:\/\/www.inoxforniture.it\/wp-content\/uploads\/2016\/07\/c110178-l_1.jpg","width":480,"height":480,"caption":"Fixation \u00e0 90\u00b0 pour main courante en acier inox AISI 316 poli miroir, id\u00e9ale pour environnements marins et industriels"},{"@type":"BreadcrumbList","@id":"https:\/\/www.inoxforniture.it\/fr\/plaque-laterale-o-100-x-424-mm-aisi-316-poli-miroir\/#breadcrumb","itemListElement":[{"@type":"ListItem","position":1,"name":"Accueil","item":"https:\/\/www.inoxforniture.it\/"},{"@type":"ListItem","position":2,"name":"Boutique","item":"https:\/\/www.inoxforniture.it\/fr\/boutique\/"},{"@type":"ListItem","position":3,"name":"Syst\u00e8mes pour garde-corps et balustrades","item":"https:\/\/www.inoxforniture.it\/fr\/systemes-pour-garde-corps-et-balustrades\/"},{"@type":"ListItem","position":4,"name":"Accessoires balustrades en AISI 316 POLI","item":"https:\/\/www.inoxforniture.it\/fr\/accessoires-balustrades-en-aisi-316-poli\/"},{"@type":"ListItem","position":5,"name":"PLAQUE LAT\u00c9RALE \u00d8 100 x 42,4 mm. AISI 316 POLI MIROIR"}]},{"@type":"WebSite","@id":"https:\/\/www.inoxforniture.it\/#website","url":"https:\/\/www.inoxforniture.it\/","name":"Inox Forniture","description":"","publisher":{"@id":"https:\/\/www.inoxforniture.it\/#organization"},"potentialAction":[{"@type":"SearchAction","target":{"@type":"EntryPoint","urlTemplate":"https:\/\/www.inoxforniture.it\/?s={search_term_string}"},"query-input":{"@type":"PropertyValueSpecification","valueRequired":true,"valueName":"search_term_string"}}],"inLanguage":"fr-FR"},{"@type":"Organization","@id":"https:\/\/www.inoxforniture.it\/#organization","name":"Inox Forniture srl","url":"https:\/\/www.inoxforniture.it\/","logo":{"@type":"ImageObject","inLanguage":"fr-FR","@id":"https:\/\/www.inoxforniture.it\/#\/schema\/logo\/image\/","url":"https:\/\/www.inoxforniture.it\/wp-content\/uploads\/2021\/01\/logo_inox.png","contentUrl":"https:\/\/www.inoxforniture.it\/wp-content\/uploads\/2021\/01\/logo_inox.png","width":230,"height":44,"caption":"Inox Forniture srl"},"image":{"@id":"https:\/\/www.inoxforniture.it\/#\/schema\/logo\/image\/"},"sameAs":["https:\/\/www.facebook.com\/Inox.Forniture","https:\/\/x.com\/InoxForniture"]}]}},"df_price":37.8,"df_sale_price":"","df_regular_price":37.8,"df_image_link":"https:\/\/www.inoxforniture.it\/wp-content\/uploads\/2016\/07\/c110178-l_1-300x300.jpg","tiered_pricing_type":"fixed","tiered_pricing_fixed_rules":{"6":30.24,"18":26.46,"50":24.57},"tiered_pricing_product_settings":{"layout":"default","base_unit_name":{"singular":null,"plural":null},"default_variation":null},"tiered_pricing_minimum_quantity":null,"tiered_pricing_roles_data":{"privato":{"product_id":61064,"role":"privato","pricing_type":"flat","regular_price":null,"sale_price":null,"discount":null,"discount_type":"sale_price","tiered_pricing_type":"fixed","percentage_rules":[],"fixed_rules":{"6":"30.2400","18":"26.4600","50":"24.5700"},"minimum":null},"azienda":{"product_id":61064,"role":"azienda","pricing_type":"flat","regular_price":30.24,"sale_price":null,"discount":null,"discount_type":"sale_price","tiered_pricing_type":"fixed","percentage_rules":[],"fixed_rules":{"18":"26.4600","50":"24.5700"},"minimum":null},"azienda_premium":{"product_id":61064,"role":"azienda_premium","pricing_type":"flat","regular_price":30.24,"sale_price":null,"discount":null,"discount_type":"sale_price","tiered_pricing_type":"fixed","percentage_rules":[],"fixed_rules":{"18":"26.4600","50":"24.5700"},"minimum":null}},"tiered_pricing_percentage_rules":[],"tiered_pricing_maximum_quantity":null,"tiered_pricing_quantity_step":null,"_links":{"self":[{"href":"https:\/\/www.inoxforniture.it\/fr\/wp-json\/wp\/v2\/product\/61064","targetHints":{"allow":["GET"]}}],"collection":[{"href":"https:\/\/www.inoxforniture.it\/fr\/wp-json\/wp\/v2\/product"}],"about":[{"href":"https:\/\/www.inoxforniture.it\/fr\/wp-json\/wp\/v2\/types\/product"}],"wp:featuredmedia":[{"embeddable":true,"href":"https:\/\/www.inoxforniture.it\/fr\/wp-json\/wp\/v2\/media\/61065"}],"wp:attachment":[{"href":"https:\/\/www.inoxforniture.it\/fr\/wp-json\/wp\/v2\/media?parent=61064"}],"wp:term":[{"taxonomy":"product_brand","embeddable":true,"href":"https:\/\/www.inoxforniture.it\/fr\/wp-json\/wp\/v2\/product_brand?post=61064"},{"taxonomy":"product_cat","embeddable":true,"href":"https:\/\/www.inoxforniture.it\/fr\/wp-json\/wp\/v2\/product_cat?post=61064"},{"taxonomy":"product_tag","embeddable":true,"href":"https:\/\/www.inoxforniture.it\/fr\/wp-json\/wp\/v2\/product_tag?post=61064"}],"curies":[{"name":"wp","href":"https:\/\/api.w.org\/{rel}","templated":true}]}}