{"id":61055,"date":"2016-07-27T16:02:21","date_gmt":"2016-07-27T14:02:21","guid":{"rendered":"https:\/\/www.inoxforniture.it\/fixation-a-90-o-424-main-courante-o-424-aisi-316-poli-miroir\/"},"modified":"2026-01-23T18:36:41","modified_gmt":"2026-01-23T17:36:41","slug":"fixation-a-90-o-424-main-courante-o-424-aisi-316-poli-miroir","status":"publish","type":"product","link":"https:\/\/www.inoxforniture.it\/fr\/fixation-a-90-o-424-main-courante-o-424-aisi-316-poli-miroir\/","title":{"rendered":"FIXATION \u00c0 90\u00b0 \u00d8 42,4 MAIN COURANTE \u00d8 42,4 AISI 316 POLI MIROIR"},"content":{"rendered":"<p>La fixation \u00e0 90\u00b0 pour main courante en acier inox AISI 316 poli miroir est con\u00e7ue pour garantir une connexion s\u00fbre et r\u00e9sistante entre la main courante et le montant. Gr\u00e2ce \u00e0 sa haute r\u00e9sistance \u00e0 la corrosion, elle est id\u00e9ale pour applications en environnements marins et industriels. La finition poli miroir offre non seulement un aspect \u00e9l\u00e9gant et professionnel, mais assure aussi une longue dur\u00e9e dans le temps, maintenant la main courante stable et s\u00fbre.  <\/p>\n","protected":false},"excerpt":{"rendered":"<p>Fixation \u00e0 90\u00b0 pour main courante en acier inox AISI 316 poli miroir, r\u00e9sistante \u00e0 la corrosion, installations ext\u00e9rieures m\u00eame \u00e0 proximit\u00e9 de la mer.<\/p>\n","protected":false},"featured_media":61056,"template":"","meta":{"_acf_changed":false},"product_brand":[],"product_cat":[4122],"product_tag":[4690,4785,4786,4320],"class_list":{"0":"post-61055","1":"product","2":"type-product","3":"status-publish","4":"has-post-thumbnail","6":"product_cat-accessoires-balustrades-en-aisi-316-poli","7":"product_tag-aisi-316","8":"product_tag-finition-poli-miroir","9":"product_tag-fixation-a-90","10":"product_tag-main-courante-inox","11":"pa_marchio-inox-forniture","12":"pa_prodotto-fixation-a-90-o-424-main-courante-o-424-aisi-316-poli-miroir","14":"first","15":"instock","16":"taxable","17":"shipping-taxable","18":"purchasable","19":"product-type-simple"},"acf":[],"yoast_head":"<!-- This site is optimized with the Yoast SEO plugin v27.3 - https:\/\/yoast.com\/product\/yoast-seo-wordpress\/ -->\n<title>Fixation \u00e0 90\u00b0 pour main courante inox AISI 316 poli miroir - Inox Forniture<\/title>\n<meta name=\"description\" content=\"Fixation \u00e0 90\u00b0 pour main courante en acier inox AISI 316 poli miroir, r\u00e9sistante \u00e0 la corrosion, id\u00e9ale pour environnements marins et industriels. Achetez en ligne.\" \/>\n<meta name=\"robots\" content=\"index, follow, max-snippet:-1, max-image-preview:large, max-video-preview:-1\" \/>\n<link rel=\"canonical\" href=\"https:\/\/www.inoxforniture.it\/fr\/fixation-a-90-o-424-main-courante-o-424-aisi-316-poli-miroir\/\" \/>\n<meta property=\"og:locale\" content=\"fr_FR\" \/>\n<meta property=\"og:type\" content=\"article\" \/>\n<meta property=\"og:title\" content=\"Fixation \u00e0 90\u00b0 pour main courante inox AISI 316 poli miroir - Inox Forniture\" \/>\n<meta property=\"og:description\" content=\"Fixation \u00e0 90\u00b0 pour main courante en acier inox AISI 316 poli miroir, r\u00e9sistante \u00e0 la corrosion, id\u00e9ale pour environnements marins et industriels. Achetez en ligne.\" \/>\n<meta property=\"og:url\" content=\"https:\/\/www.inoxforniture.it\/fr\/fixation-a-90-o-424-main-courante-o-424-aisi-316-poli-miroir\/\" \/>\n<meta property=\"og:site_name\" content=\"Inox Forniture\" \/>\n<meta property=\"article:publisher\" content=\"https:\/\/www.facebook.com\/Inox.Forniture\" \/>\n<meta property=\"article:modified_time\" content=\"2026-01-23T17:36:41+00:00\" \/>\n<meta property=\"og:image\" content=\"https:\/\/www.inoxforniture.it\/wp-content\/uploads\/2016\/07\/c110108-l_1.jpg\" \/>\n\t<meta property=\"og:image:width\" content=\"480\" \/>\n\t<meta property=\"og:image:height\" content=\"480\" \/>\n\t<meta property=\"og:image:type\" content=\"image\/jpeg\" \/>\n<meta name=\"twitter:card\" content=\"summary_large_image\" \/>\n<meta name=\"twitter:site\" content=\"@InoxForniture\" \/>\n<script type=\"application\/ld+json\" class=\"yoast-schema-graph\">{\"@context\":\"https:\\\/\\\/schema.org\",\"@graph\":[{\"@type\":\"WebPage\",\"@id\":\"https:\\\/\\\/www.inoxforniture.it\\\/fr\\\/fixation-a-90-o-424-main-courante-o-424-aisi-316-poli-miroir\\\/\",\"url\":\"https:\\\/\\\/www.inoxforniture.it\\\/fr\\\/fixation-a-90-o-424-main-courante-o-424-aisi-316-poli-miroir\\\/\",\"name\":\"Fixation \u00e0 90\u00b0 pour main courante inox AISI 316 poli miroir - Inox Forniture\",\"isPartOf\":{\"@id\":\"https:\\\/\\\/www.inoxforniture.it\\\/#website\"},\"primaryImageOfPage\":{\"@id\":\"https:\\\/\\\/www.inoxforniture.it\\\/fr\\\/fixation-a-90-o-424-main-courante-o-424-aisi-316-poli-miroir\\\/#primaryimage\"},\"image\":{\"@id\":\"https:\\\/\\\/www.inoxforniture.it\\\/fr\\\/fixation-a-90-o-424-main-courante-o-424-aisi-316-poli-miroir\\\/#primaryimage\"},\"thumbnailUrl\":\"https:\\\/\\\/www.inoxforniture.it\\\/wp-content\\\/uploads\\\/2016\\\/07\\\/c110108-l_1.jpg\",\"datePublished\":\"2016-07-27T14:02:21+00:00\",\"dateModified\":\"2026-01-23T17:36:41+00:00\",\"description\":\"Fixation \u00e0 90\u00b0 pour main courante en acier inox AISI 316 poli miroir, r\u00e9sistante \u00e0 la corrosion, id\u00e9ale pour environnements marins et industriels. Achetez en ligne.\",\"breadcrumb\":{\"@id\":\"https:\\\/\\\/www.inoxforniture.it\\\/fr\\\/fixation-a-90-o-424-main-courante-o-424-aisi-316-poli-miroir\\\/#breadcrumb\"},\"inLanguage\":\"fr-FR\",\"potentialAction\":[{\"@type\":\"ReadAction\",\"target\":[\"https:\\\/\\\/www.inoxforniture.it\\\/fr\\\/fixation-a-90-o-424-main-courante-o-424-aisi-316-poli-miroir\\\/\"]}]},{\"@type\":\"ImageObject\",\"inLanguage\":\"fr-FR\",\"@id\":\"https:\\\/\\\/www.inoxforniture.it\\\/fr\\\/fixation-a-90-o-424-main-courante-o-424-aisi-316-poli-miroir\\\/#primaryimage\",\"url\":\"https:\\\/\\\/www.inoxforniture.it\\\/wp-content\\\/uploads\\\/2016\\\/07\\\/c110108-l_1.jpg\",\"contentUrl\":\"https:\\\/\\\/www.inoxforniture.it\\\/wp-content\\\/uploads\\\/2016\\\/07\\\/c110108-l_1.jpg\",\"width\":480,\"height\":480,\"caption\":\"Fixation \u00e0 90\u00b0 pour main courante en acier inox AISI 316 poli miroir, id\u00e9ale pour environnements marins et industrielsFixation \u00e0 90\u00b0 pour main courante en acier inox AISI 316 poli miroir, id\u00e9ale pour environnements marins et industriels\"},{\"@type\":\"BreadcrumbList\",\"@id\":\"https:\\\/\\\/www.inoxforniture.it\\\/fr\\\/fixation-a-90-o-424-main-courante-o-424-aisi-316-poli-miroir\\\/#breadcrumb\",\"itemListElement\":[{\"@type\":\"ListItem\",\"position\":1,\"name\":\"Accueil\",\"item\":\"https:\\\/\\\/www.inoxforniture.it\\\/\"},{\"@type\":\"ListItem\",\"position\":2,\"name\":\"Boutique\",\"item\":\"https:\\\/\\\/www.inoxforniture.it\\\/fr\\\/boutique\\\/\"},{\"@type\":\"ListItem\",\"position\":3,\"name\":\"Syst\u00e8mes pour garde-corps et balustrades\",\"item\":\"https:\\\/\\\/www.inoxforniture.it\\\/fr\\\/systemes-pour-garde-corps-et-balustrades\\\/\"},{\"@type\":\"ListItem\",\"position\":4,\"name\":\"Accessoires balustrades en AISI 316 POLI\",\"item\":\"https:\\\/\\\/www.inoxforniture.it\\\/fr\\\/accessoires-balustrades-en-aisi-316-poli\\\/\"},{\"@type\":\"ListItem\",\"position\":5,\"name\":\"FIXATION \u00c0 90\u00b0 \u00d8 42,4 MAIN COURANTE \u00d8 42,4 AISI 316 POLI MIROIR\"}]},{\"@type\":\"WebSite\",\"@id\":\"https:\\\/\\\/www.inoxforniture.it\\\/#website\",\"url\":\"https:\\\/\\\/www.inoxforniture.it\\\/\",\"name\":\"Inox Forniture\",\"description\":\"\",\"publisher\":{\"@id\":\"https:\\\/\\\/www.inoxforniture.it\\\/#organization\"},\"potentialAction\":[{\"@type\":\"SearchAction\",\"target\":{\"@type\":\"EntryPoint\",\"urlTemplate\":\"https:\\\/\\\/www.inoxforniture.it\\\/?s={search_term_string}\"},\"query-input\":{\"@type\":\"PropertyValueSpecification\",\"valueRequired\":true,\"valueName\":\"search_term_string\"}}],\"inLanguage\":\"fr-FR\"},{\"@type\":\"Organization\",\"@id\":\"https:\\\/\\\/www.inoxforniture.it\\\/#organization\",\"name\":\"Inox Forniture srl\",\"url\":\"https:\\\/\\\/www.inoxforniture.it\\\/\",\"logo\":{\"@type\":\"ImageObject\",\"inLanguage\":\"fr-FR\",\"@id\":\"https:\\\/\\\/www.inoxforniture.it\\\/#\\\/schema\\\/logo\\\/image\\\/\",\"url\":\"https:\\\/\\\/www.inoxforniture.it\\\/wp-content\\\/uploads\\\/2021\\\/01\\\/logo_inox.png\",\"contentUrl\":\"https:\\\/\\\/www.inoxforniture.it\\\/wp-content\\\/uploads\\\/2021\\\/01\\\/logo_inox.png\",\"width\":230,\"height\":44,\"caption\":\"Inox Forniture srl\"},\"image\":{\"@id\":\"https:\\\/\\\/www.inoxforniture.it\\\/#\\\/schema\\\/logo\\\/image\\\/\"},\"sameAs\":[\"https:\\\/\\\/www.facebook.com\\\/Inox.Forniture\",\"https:\\\/\\\/x.com\\\/InoxForniture\"]}]}<\/script>\n<!-- \/ Yoast SEO plugin. -->","yoast_head_json":{"title":"Fixation \u00e0 90\u00b0 pour main courante inox AISI 316 poli miroir - Inox Forniture","description":"Fixation \u00e0 90\u00b0 pour main courante en acier inox AISI 316 poli miroir, r\u00e9sistante \u00e0 la corrosion, id\u00e9ale pour environnements marins et industriels. Achetez en ligne.","robots":{"index":"index","follow":"follow","max-snippet":"max-snippet:-1","max-image-preview":"max-image-preview:large","max-video-preview":"max-video-preview:-1"},"canonical":"https:\/\/www.inoxforniture.it\/fr\/fixation-a-90-o-424-main-courante-o-424-aisi-316-poli-miroir\/","og_locale":"fr_FR","og_type":"article","og_title":"Fixation \u00e0 90\u00b0 pour main courante inox AISI 316 poli miroir - Inox Forniture","og_description":"Fixation \u00e0 90\u00b0 pour main courante en acier inox AISI 316 poli miroir, r\u00e9sistante \u00e0 la corrosion, id\u00e9ale pour environnements marins et industriels. Achetez en ligne.","og_url":"https:\/\/www.inoxforniture.it\/fr\/fixation-a-90-o-424-main-courante-o-424-aisi-316-poli-miroir\/","og_site_name":"Inox Forniture","article_publisher":"https:\/\/www.facebook.com\/Inox.Forniture","article_modified_time":"2026-01-23T17:36:41+00:00","og_image":[{"width":480,"height":480,"url":"https:\/\/www.inoxforniture.it\/wp-content\/uploads\/2016\/07\/c110108-l_1.jpg","type":"image\/jpeg"}],"twitter_card":"summary_large_image","twitter_site":"@InoxForniture","schema":{"@context":"https:\/\/schema.org","@graph":[{"@type":"WebPage","@id":"https:\/\/www.inoxforniture.it\/fr\/fixation-a-90-o-424-main-courante-o-424-aisi-316-poli-miroir\/","url":"https:\/\/www.inoxforniture.it\/fr\/fixation-a-90-o-424-main-courante-o-424-aisi-316-poli-miroir\/","name":"Fixation \u00e0 90\u00b0 pour main courante inox AISI 316 poli miroir - Inox Forniture","isPartOf":{"@id":"https:\/\/www.inoxforniture.it\/#website"},"primaryImageOfPage":{"@id":"https:\/\/www.inoxforniture.it\/fr\/fixation-a-90-o-424-main-courante-o-424-aisi-316-poli-miroir\/#primaryimage"},"image":{"@id":"https:\/\/www.inoxforniture.it\/fr\/fixation-a-90-o-424-main-courante-o-424-aisi-316-poli-miroir\/#primaryimage"},"thumbnailUrl":"https:\/\/www.inoxforniture.it\/wp-content\/uploads\/2016\/07\/c110108-l_1.jpg","datePublished":"2016-07-27T14:02:21+00:00","dateModified":"2026-01-23T17:36:41+00:00","description":"Fixation \u00e0 90\u00b0 pour main courante en acier inox AISI 316 poli miroir, r\u00e9sistante \u00e0 la corrosion, id\u00e9ale pour environnements marins et industriels. Achetez en ligne.","breadcrumb":{"@id":"https:\/\/www.inoxforniture.it\/fr\/fixation-a-90-o-424-main-courante-o-424-aisi-316-poli-miroir\/#breadcrumb"},"inLanguage":"fr-FR","potentialAction":[{"@type":"ReadAction","target":["https:\/\/www.inoxforniture.it\/fr\/fixation-a-90-o-424-main-courante-o-424-aisi-316-poli-miroir\/"]}]},{"@type":"ImageObject","inLanguage":"fr-FR","@id":"https:\/\/www.inoxforniture.it\/fr\/fixation-a-90-o-424-main-courante-o-424-aisi-316-poli-miroir\/#primaryimage","url":"https:\/\/www.inoxforniture.it\/wp-content\/uploads\/2016\/07\/c110108-l_1.jpg","contentUrl":"https:\/\/www.inoxforniture.it\/wp-content\/uploads\/2016\/07\/c110108-l_1.jpg","width":480,"height":480,"caption":"Fixation \u00e0 90\u00b0 pour main courante en acier inox AISI 316 poli miroir, id\u00e9ale pour environnements marins et industrielsFixation \u00e0 90\u00b0 pour main courante en acier inox AISI 316 poli miroir, id\u00e9ale pour environnements marins et industriels"},{"@type":"BreadcrumbList","@id":"https:\/\/www.inoxforniture.it\/fr\/fixation-a-90-o-424-main-courante-o-424-aisi-316-poli-miroir\/#breadcrumb","itemListElement":[{"@type":"ListItem","position":1,"name":"Accueil","item":"https:\/\/www.inoxforniture.it\/"},{"@type":"ListItem","position":2,"name":"Boutique","item":"https:\/\/www.inoxforniture.it\/fr\/boutique\/"},{"@type":"ListItem","position":3,"name":"Syst\u00e8mes pour garde-corps et balustrades","item":"https:\/\/www.inoxforniture.it\/fr\/systemes-pour-garde-corps-et-balustrades\/"},{"@type":"ListItem","position":4,"name":"Accessoires balustrades en AISI 316 POLI","item":"https:\/\/www.inoxforniture.it\/fr\/accessoires-balustrades-en-aisi-316-poli\/"},{"@type":"ListItem","position":5,"name":"FIXATION \u00c0 90\u00b0 \u00d8 42,4 MAIN COURANTE \u00d8 42,4 AISI 316 POLI MIROIR"}]},{"@type":"WebSite","@id":"https:\/\/www.inoxforniture.it\/#website","url":"https:\/\/www.inoxforniture.it\/","name":"Inox Forniture","description":"","publisher":{"@id":"https:\/\/www.inoxforniture.it\/#organization"},"potentialAction":[{"@type":"SearchAction","target":{"@type":"EntryPoint","urlTemplate":"https:\/\/www.inoxforniture.it\/?s={search_term_string}"},"query-input":{"@type":"PropertyValueSpecification","valueRequired":true,"valueName":"search_term_string"}}],"inLanguage":"fr-FR"},{"@type":"Organization","@id":"https:\/\/www.inoxforniture.it\/#organization","name":"Inox Forniture srl","url":"https:\/\/www.inoxforniture.it\/","logo":{"@type":"ImageObject","inLanguage":"fr-FR","@id":"https:\/\/www.inoxforniture.it\/#\/schema\/logo\/image\/","url":"https:\/\/www.inoxforniture.it\/wp-content\/uploads\/2021\/01\/logo_inox.png","contentUrl":"https:\/\/www.inoxforniture.it\/wp-content\/uploads\/2021\/01\/logo_inox.png","width":230,"height":44,"caption":"Inox Forniture srl"},"image":{"@id":"https:\/\/www.inoxforniture.it\/#\/schema\/logo\/image\/"},"sameAs":["https:\/\/www.facebook.com\/Inox.Forniture","https:\/\/x.com\/InoxForniture"]}]}},"df_price":17.5,"df_sale_price":"","df_regular_price":17.5,"df_image_link":"https:\/\/www.inoxforniture.it\/wp-content\/uploads\/2016\/07\/c110108-l_1-300x300.jpg","tiered_pricing_type":"fixed","tiered_pricing_fixed_rules":{"4":14,"12":12.25,"50":11.375},"tiered_pricing_product_settings":{"layout":"default","base_unit_name":{"singular":null,"plural":null},"default_variation":null},"tiered_pricing_minimum_quantity":null,"tiered_pricing_roles_data":{"privato":{"product_id":61055,"role":"privato","pricing_type":"flat","regular_price":null,"sale_price":null,"discount":null,"discount_type":"sale_price","tiered_pricing_type":"fixed","percentage_rules":[],"fixed_rules":{"4":"14.0000","12":"12.2500","50":"11.3750"},"minimum":null},"azienda":{"product_id":61055,"role":"azienda","pricing_type":"flat","regular_price":14,"sale_price":null,"discount":null,"discount_type":"sale_price","tiered_pricing_type":"fixed","percentage_rules":[],"fixed_rules":{"12":"12.2500","50":"11.3750"},"minimum":null},"azienda_premium":{"product_id":61055,"role":"azienda_premium","pricing_type":"flat","regular_price":14,"sale_price":null,"discount":null,"discount_type":"sale_price","tiered_pricing_type":"fixed","percentage_rules":[],"fixed_rules":{"12":"12.2500","50":"11.3750"},"minimum":null}},"tiered_pricing_percentage_rules":[],"tiered_pricing_maximum_quantity":null,"tiered_pricing_quantity_step":null,"_links":{"self":[{"href":"https:\/\/www.inoxforniture.it\/fr\/wp-json\/wp\/v2\/product\/61055","targetHints":{"allow":["GET"]}}],"collection":[{"href":"https:\/\/www.inoxforniture.it\/fr\/wp-json\/wp\/v2\/product"}],"about":[{"href":"https:\/\/www.inoxforniture.it\/fr\/wp-json\/wp\/v2\/types\/product"}],"wp:featuredmedia":[{"embeddable":true,"href":"https:\/\/www.inoxforniture.it\/fr\/wp-json\/wp\/v2\/media\/61056"}],"wp:attachment":[{"href":"https:\/\/www.inoxforniture.it\/fr\/wp-json\/wp\/v2\/media?parent=61055"}],"wp:term":[{"taxonomy":"product_brand","embeddable":true,"href":"https:\/\/www.inoxforniture.it\/fr\/wp-json\/wp\/v2\/product_brand?post=61055"},{"taxonomy":"product_cat","embeddable":true,"href":"https:\/\/www.inoxforniture.it\/fr\/wp-json\/wp\/v2\/product_cat?post=61055"},{"taxonomy":"product_tag","embeddable":true,"href":"https:\/\/www.inoxforniture.it\/fr\/wp-json\/wp\/v2\/product_tag?post=61055"}],"curies":[{"name":"wp","href":"https:\/\/api.w.org\/{rel}","templated":true}]}}