{"id":61014,"date":"2021-10-22T17:00:46","date_gmt":"2021-10-22T15:00:46","guid":{"rendered":"https:\/\/www.inoxforniture.it\/support-type-4-pour-main-courante-o-424-aisi-304-brossee\/"},"modified":"2026-04-03T09:11:41","modified_gmt":"2026-04-03T07:11:41","slug":"support-type-4-pour-main-courante-o-424-aisi-304-brossee","status":"publish","type":"product","link":"https:\/\/www.inoxforniture.it\/fr\/support-type-4-pour-main-courante-o-424-aisi-304-brossee\/","title":{"rendered":"SUPPORT TYPE 4 POUR MAIN COURANTE \u00d8 42,4 AISI 304 BROSS\u00c9E"},"content":{"rendered":"<p>Support inox AISI 304 bross\u00e9 pour main courante murale pour tube de 42,4 x 2,0.<\/p>\n<p>Ce support est livr\u00e9 avec une rosace de couverture pour cacher les vis qui le fixent au mur.<br \/>\n<img fetchpriority=\"high\" decoding=\"async\" class=\"alignnone wp-image-23295 size-full\" src=\"https:\/\/www.inoxforniture.it\/wp-content\/uploads\/2021\/10\/C110011_2-600x600-1.jpg\" alt=\"\" width=\"600\" height=\"600\" srcset=\"https:\/\/www.inoxforniture.it\/wp-content\/uploads\/2021\/10\/C110011_2-600x600-1.jpg 600w, https:\/\/www.inoxforniture.it\/wp-content\/uploads\/2021\/10\/C110011_2-600x600-1-400x400.jpg 400w\" sizes=\"(max-width: 600px) 100vw, 600px\" \/><\/p>\n<hr>\n<p><span style=\"color: #008000;\"><strong><span style=\"font-size: 18px;\">FIXATION<\/span><\/strong><\/span><br \/>\n<span style=\"color: #000000; font-size: 17px;\">La visserie de fixation murale et \u00e0 la main courante n&rsquo;est pas incluse, mais peut \u00eatre achet\u00e9e sur notre site selon vos besoins et pr\u00e9f\u00e9rences de fixation.<\/span><br \/>\n<span style=\"color: #000000;\"><strong><span style=\"font-size: 17px;\">Fixation du support au mur en ma\u00e7onnerie :<\/span><\/strong><\/span><br \/>\n<span style=\"font-size: 17px;\"><span style=\"color: #000000;\">&#8211; N\u00b0 3 Vis autotaraudeuses<\/span> <a href=\"https:\/\/www.inoxforniture.it\/fr\/vis-autotaraudeuse-din-7981-inox-a2\/?attribute_pa_prodotto=a2-48x-45\" target=\"_blank\" rel=\"noopener\">DIN A2 7981 4,8&#215;45 81G0056<\/a> <span style=\"color: #000000;\">+ N\u00b0 3 Chevilles VK.S en nylon 85N0003<\/span><\/span><br \/>\n<span style=\"color: #000000;\"><strong><span style=\"font-size: 17px;\">Fixation du support au mur en bois :<\/span><\/strong><\/span><br \/>\n<span style=\"font-size: 17px;\"><span style=\"color: #000000;\">&#8211; N\u00b0 3 Vis autotaraudeuses<\/span> <a href=\"https:\/\/www.inoxforniture.it\/fr\/vis-autotaraudeuse-din-7981-inox-a2\/?attribute_pa_prodotto=a2-48x-45\" target=\"_blank\" rel=\"noopener\">DIN A2 7981 4,8&#215;45 81G0056<\/a><\/span><br \/>\n<span style=\"color: #000000;\"><strong><span style=\"font-size: 17px;\">Fixation du support au mur m\u00e9tallique :<\/span><\/strong><\/span><br \/>\n<span style=\"font-size: 17px;\"><span style=\"color: #000000;\">&#8211; N\u00b0 3 Vis<\/span> <a href=\"https:\/\/www.inoxforniture.it\/fr\/vis-metrique-din-912-inox-a2\/\" target=\"_blank\" rel=\"noopener\">DIN 912 A2 M 6x la longueur n\u00e9cessaire 8130000<\/a><\/span><\/p>\n<p><span style=\"color: #000000;\"><strong><span style=\"font-size: 17px;\">Fixation du support \u00e0 la main courante inox AISI 304 \u00d842,4&#215;2 :<\/span><\/strong><\/span><br \/>\n<span style=\"font-size: 17px;\"><span style=\"color: #000000;\">&#8211; N\u00b0 2 Rivets inox A2<\/span> <a href=\"https:\/\/www.inoxforniture.it\/fr\/rivets-tout-inox-a2\/?attribute_pa_prodotto=48x10\" target=\"_blank\" rel=\"noopener\">4,8&#215;10 8410016<\/a> (Disponible \u00e9galement la <a href=\"https:\/\/www.inoxforniture.it\/fr\/riveteuse-dx65\/\" target=\"_blank\" rel=\"noopener\">riveteuse DX65<\/a> )<\/span><br \/>\n<span style=\"font-size: 17px;\"><span style=\"color: #000000;\">&#8211; En alternative N\u00b0 2 Vis<\/span> <a href=\"https:\/\/www.inoxforniture.it\/fr\/vis-iso-7380-inox-a2\/?attribute_pa_prodotto=vis-iso-7380-a2-m-5x10\" target=\"_blank\" rel=\"noopener\">ISO 7380 A2 M 5&#215;10<\/a><\/span><br \/>\n<span style=\"font-size: 17px;\"><span style=\"color: #000000;\">&#8211; En alternative N\u00b0 2 Vis autotaraudeuses<\/span> <a href=\"https:\/\/www.inoxforniture.it\/fr\/vis-autotaraudeuse-din-7981-inox-a2\/?attribute_pa_prodotto=a2-42x-13\" target=\"_blank\" rel=\"noopener\">DIN 7981 A2 4,2x 13 81G0037<\/a><span style=\"color: #000000;\"> (pr\u00e9-per\u00e7age \u00d83,2 n\u00e9cessaire)<\/span><\/span><br \/>\n<span style=\"color: #000000;\"><strong><span style=\"font-size: 17px;\">Fixation du support \u00e0 la main courante en bois :<\/span><\/strong><\/span><br \/>\n<span style=\"font-size: 17px;\"><span style=\"color: #000000;\">&#8211; N\u00b0 2 Vis autotaraudeuses DIN<\/span> <a href=\"https:\/\/www.inoxforniture.it\/fr\/vis-autotaraudeuse-din-7981-inox-a2\/?attribute_pa_prodotto=a2-48x-25\" target=\"_blank\" rel=\"noopener\">7981 A2 4,8x 25 81G0053<\/a><\/span><\/p>\n<hr>\n<p>&nbsp;<\/p>\n","protected":false},"excerpt":{"rendered":"<p>Support inox AISI 304 bross\u00e9 pour main courante murale pour tube de 42,4 x 2,0.<br \/>\nCe support est livr\u00e9 avec une rosace de couverture pour cacher les vis qui le fixent au mur.<\/p>\n","protected":false},"featured_media":61015,"template":"","meta":{"_acf_changed":false},"product_brand":[],"product_cat":[4109],"product_tag":[],"class_list":{"0":"post-61014","1":"product","2":"type-product","3":"status-publish","4":"has-post-thumbnail","6":"product_cat-fixations-main-courante","7":"pa_prodotto-support-type-4-pour-main-courante-o-424-aisi-304-brossee","9":"first","10":"instock","11":"taxable","12":"shipping-taxable","13":"purchasable","14":"product-type-simple"},"acf":[],"yoast_head":"<!-- This site is optimized with the Yoast SEO plugin v27.3 - https:\/\/yoast.com\/product\/yoast-seo-wordpress\/ -->\n<title>Inox Forniture - Support inox pour main courante murale<\/title>\n<meta name=\"description\" content=\"Achetez en ligne. Support inox AISI 304 pour fixer la main courante au mur. Complet avec rosace de couverture pour cacher les vis de fixation.\" \/>\n<meta name=\"robots\" content=\"index, follow, max-snippet:-1, max-image-preview:large, max-video-preview:-1\" \/>\n<link rel=\"canonical\" href=\"https:\/\/www.inoxforniture.it\/fr\/support-type-4-pour-main-courante-o-424-aisi-304-brossee\/\" \/>\n<meta property=\"og:locale\" content=\"fr_FR\" \/>\n<meta property=\"og:type\" content=\"article\" \/>\n<meta property=\"og:title\" content=\"Inox Forniture - Support inox pour main courante murale\" \/>\n<meta property=\"og:description\" content=\"Achetez en ligne. Support inox AISI 304 pour fixer la main courante au mur. Complet avec rosace de couverture pour cacher les vis de fixation.\" \/>\n<meta property=\"og:url\" content=\"https:\/\/www.inoxforniture.it\/fr\/support-type-4-pour-main-courante-o-424-aisi-304-brossee\/\" \/>\n<meta property=\"og:site_name\" content=\"Inox Forniture\" \/>\n<meta property=\"article:publisher\" content=\"https:\/\/www.facebook.com\/Inox.Forniture\" \/>\n<meta property=\"article:modified_time\" content=\"2026-04-03T07:11:41+00:00\" \/>\n<meta property=\"og:image\" content=\"https:\/\/www.inoxforniture.it\/wp-content\/uploads\/2021\/10\/C110011_1.jpg\" \/>\n\t<meta property=\"og:image:width\" content=\"480\" \/>\n\t<meta property=\"og:image:height\" content=\"480\" \/>\n\t<meta property=\"og:image:type\" content=\"image\/jpeg\" \/>\n<meta name=\"twitter:card\" content=\"summary_large_image\" \/>\n<meta name=\"twitter:site\" content=\"@InoxForniture\" \/>\n<meta name=\"twitter:label1\" content=\"Dur\u00e9e de lecture estim\u00e9e\" \/>\n\t<meta name=\"twitter:data1\" content=\"2 minutes\" \/>\n<script type=\"application\/ld+json\" class=\"yoast-schema-graph\">{\"@context\":\"https:\\\/\\\/schema.org\",\"@graph\":[{\"@type\":\"WebPage\",\"@id\":\"https:\\\/\\\/www.inoxforniture.it\\\/fr\\\/support-type-4-pour-main-courante-o-424-aisi-304-brossee\\\/\",\"url\":\"https:\\\/\\\/www.inoxforniture.it\\\/fr\\\/support-type-4-pour-main-courante-o-424-aisi-304-brossee\\\/\",\"name\":\"Inox Forniture - Support inox pour main courante murale\",\"isPartOf\":{\"@id\":\"https:\\\/\\\/www.inoxforniture.it\\\/#website\"},\"primaryImageOfPage\":{\"@id\":\"https:\\\/\\\/www.inoxforniture.it\\\/fr\\\/support-type-4-pour-main-courante-o-424-aisi-304-brossee\\\/#primaryimage\"},\"image\":{\"@id\":\"https:\\\/\\\/www.inoxforniture.it\\\/fr\\\/support-type-4-pour-main-courante-o-424-aisi-304-brossee\\\/#primaryimage\"},\"thumbnailUrl\":\"https:\\\/\\\/www.inoxforniture.it\\\/wp-content\\\/uploads\\\/2021\\\/10\\\/C110011_1.jpg\",\"datePublished\":\"2021-10-22T15:00:46+00:00\",\"dateModified\":\"2026-04-03T07:11:41+00:00\",\"description\":\"Achetez en ligne. Support inox AISI 304 pour fixer la main courante au mur. Complet avec rosace de couverture pour cacher les vis de fixation.\",\"breadcrumb\":{\"@id\":\"https:\\\/\\\/www.inoxforniture.it\\\/fr\\\/support-type-4-pour-main-courante-o-424-aisi-304-brossee\\\/#breadcrumb\"},\"inLanguage\":\"fr-FR\",\"potentialAction\":[{\"@type\":\"ReadAction\",\"target\":[\"https:\\\/\\\/www.inoxforniture.it\\\/fr\\\/support-type-4-pour-main-courante-o-424-aisi-304-brossee\\\/\"]}]},{\"@type\":\"ImageObject\",\"inLanguage\":\"fr-FR\",\"@id\":\"https:\\\/\\\/www.inoxforniture.it\\\/fr\\\/support-type-4-pour-main-courante-o-424-aisi-304-brossee\\\/#primaryimage\",\"url\":\"https:\\\/\\\/www.inoxforniture.it\\\/wp-content\\\/uploads\\\/2021\\\/10\\\/C110011_1.jpg\",\"contentUrl\":\"https:\\\/\\\/www.inoxforniture.it\\\/wp-content\\\/uploads\\\/2021\\\/10\\\/C110011_1.jpg\",\"width\":480,\"height\":480,\"caption\":\"Support inox pour main courante avec cache-platine\"},{\"@type\":\"BreadcrumbList\",\"@id\":\"https:\\\/\\\/www.inoxforniture.it\\\/fr\\\/support-type-4-pour-main-courante-o-424-aisi-304-brossee\\\/#breadcrumb\",\"itemListElement\":[{\"@type\":\"ListItem\",\"position\":1,\"name\":\"Accueil\",\"item\":\"https:\\\/\\\/www.inoxforniture.it\\\/\"},{\"@type\":\"ListItem\",\"position\":2,\"name\":\"Boutique\",\"item\":\"https:\\\/\\\/www.inoxforniture.it\\\/fr\\\/boutique\\\/\"},{\"@type\":\"ListItem\",\"position\":3,\"name\":\"Syst\u00e8mes pour garde-corps et balustrades\",\"item\":\"https:\\\/\\\/www.inoxforniture.it\\\/fr\\\/systemes-pour-garde-corps-et-balustrades\\\/\"},{\"@type\":\"ListItem\",\"position\":4,\"name\":\"Fixations main courante\",\"item\":\"https:\\\/\\\/www.inoxforniture.it\\\/fr\\\/fixations-main-courante\\\/\"},{\"@type\":\"ListItem\",\"position\":5,\"name\":\"SUPPORT TYPE 4 POUR MAIN COURANTE \u00d8 42,4 AISI 304 BROSS\u00c9E\"}]},{\"@type\":\"WebSite\",\"@id\":\"https:\\\/\\\/www.inoxforniture.it\\\/#website\",\"url\":\"https:\\\/\\\/www.inoxforniture.it\\\/\",\"name\":\"Inox Forniture\",\"description\":\"\",\"publisher\":{\"@id\":\"https:\\\/\\\/www.inoxforniture.it\\\/#organization\"},\"potentialAction\":[{\"@type\":\"SearchAction\",\"target\":{\"@type\":\"EntryPoint\",\"urlTemplate\":\"https:\\\/\\\/www.inoxforniture.it\\\/?s={search_term_string}\"},\"query-input\":{\"@type\":\"PropertyValueSpecification\",\"valueRequired\":true,\"valueName\":\"search_term_string\"}}],\"inLanguage\":\"fr-FR\"},{\"@type\":\"Organization\",\"@id\":\"https:\\\/\\\/www.inoxforniture.it\\\/#organization\",\"name\":\"Inox Forniture srl\",\"url\":\"https:\\\/\\\/www.inoxforniture.it\\\/\",\"logo\":{\"@type\":\"ImageObject\",\"inLanguage\":\"fr-FR\",\"@id\":\"https:\\\/\\\/www.inoxforniture.it\\\/#\\\/schema\\\/logo\\\/image\\\/\",\"url\":\"https:\\\/\\\/www.inoxforniture.it\\\/wp-content\\\/uploads\\\/2021\\\/01\\\/logo_inox.png\",\"contentUrl\":\"https:\\\/\\\/www.inoxforniture.it\\\/wp-content\\\/uploads\\\/2021\\\/01\\\/logo_inox.png\",\"width\":230,\"height\":44,\"caption\":\"Inox Forniture srl\"},\"image\":{\"@id\":\"https:\\\/\\\/www.inoxforniture.it\\\/#\\\/schema\\\/logo\\\/image\\\/\"},\"sameAs\":[\"https:\\\/\\\/www.facebook.com\\\/Inox.Forniture\",\"https:\\\/\\\/x.com\\\/InoxForniture\"]}]}<\/script>\n<!-- \/ Yoast SEO plugin. -->","yoast_head_json":{"title":"Inox Forniture - Support inox pour main courante murale","description":"Achetez en ligne. Support inox AISI 304 pour fixer la main courante au mur. Complet avec rosace de couverture pour cacher les vis de fixation.","robots":{"index":"index","follow":"follow","max-snippet":"max-snippet:-1","max-image-preview":"max-image-preview:large","max-video-preview":"max-video-preview:-1"},"canonical":"https:\/\/www.inoxforniture.it\/fr\/support-type-4-pour-main-courante-o-424-aisi-304-brossee\/","og_locale":"fr_FR","og_type":"article","og_title":"Inox Forniture - Support inox pour main courante murale","og_description":"Achetez en ligne. Support inox AISI 304 pour fixer la main courante au mur. Complet avec rosace de couverture pour cacher les vis de fixation.","og_url":"https:\/\/www.inoxforniture.it\/fr\/support-type-4-pour-main-courante-o-424-aisi-304-brossee\/","og_site_name":"Inox Forniture","article_publisher":"https:\/\/www.facebook.com\/Inox.Forniture","article_modified_time":"2026-04-03T07:11:41+00:00","og_image":[{"width":480,"height":480,"url":"https:\/\/www.inoxforniture.it\/wp-content\/uploads\/2021\/10\/C110011_1.jpg","type":"image\/jpeg"}],"twitter_card":"summary_large_image","twitter_site":"@InoxForniture","twitter_misc":{"Dur\u00e9e de lecture estim\u00e9e":"2 minutes"},"schema":{"@context":"https:\/\/schema.org","@graph":[{"@type":"WebPage","@id":"https:\/\/www.inoxforniture.it\/fr\/support-type-4-pour-main-courante-o-424-aisi-304-brossee\/","url":"https:\/\/www.inoxforniture.it\/fr\/support-type-4-pour-main-courante-o-424-aisi-304-brossee\/","name":"Inox Forniture - Support inox pour main courante murale","isPartOf":{"@id":"https:\/\/www.inoxforniture.it\/#website"},"primaryImageOfPage":{"@id":"https:\/\/www.inoxforniture.it\/fr\/support-type-4-pour-main-courante-o-424-aisi-304-brossee\/#primaryimage"},"image":{"@id":"https:\/\/www.inoxforniture.it\/fr\/support-type-4-pour-main-courante-o-424-aisi-304-brossee\/#primaryimage"},"thumbnailUrl":"https:\/\/www.inoxforniture.it\/wp-content\/uploads\/2021\/10\/C110011_1.jpg","datePublished":"2021-10-22T15:00:46+00:00","dateModified":"2026-04-03T07:11:41+00:00","description":"Achetez en ligne. Support inox AISI 304 pour fixer la main courante au mur. Complet avec rosace de couverture pour cacher les vis de fixation.","breadcrumb":{"@id":"https:\/\/www.inoxforniture.it\/fr\/support-type-4-pour-main-courante-o-424-aisi-304-brossee\/#breadcrumb"},"inLanguage":"fr-FR","potentialAction":[{"@type":"ReadAction","target":["https:\/\/www.inoxforniture.it\/fr\/support-type-4-pour-main-courante-o-424-aisi-304-brossee\/"]}]},{"@type":"ImageObject","inLanguage":"fr-FR","@id":"https:\/\/www.inoxforniture.it\/fr\/support-type-4-pour-main-courante-o-424-aisi-304-brossee\/#primaryimage","url":"https:\/\/www.inoxforniture.it\/wp-content\/uploads\/2021\/10\/C110011_1.jpg","contentUrl":"https:\/\/www.inoxforniture.it\/wp-content\/uploads\/2021\/10\/C110011_1.jpg","width":480,"height":480,"caption":"Support inox pour main courante avec cache-platine"},{"@type":"BreadcrumbList","@id":"https:\/\/www.inoxforniture.it\/fr\/support-type-4-pour-main-courante-o-424-aisi-304-brossee\/#breadcrumb","itemListElement":[{"@type":"ListItem","position":1,"name":"Accueil","item":"https:\/\/www.inoxforniture.it\/"},{"@type":"ListItem","position":2,"name":"Boutique","item":"https:\/\/www.inoxforniture.it\/fr\/boutique\/"},{"@type":"ListItem","position":3,"name":"Syst\u00e8mes pour garde-corps et balustrades","item":"https:\/\/www.inoxforniture.it\/fr\/systemes-pour-garde-corps-et-balustrades\/"},{"@type":"ListItem","position":4,"name":"Fixations main courante","item":"https:\/\/www.inoxforniture.it\/fr\/fixations-main-courante\/"},{"@type":"ListItem","position":5,"name":"SUPPORT TYPE 4 POUR MAIN COURANTE \u00d8 42,4 AISI 304 BROSS\u00c9E"}]},{"@type":"WebSite","@id":"https:\/\/www.inoxforniture.it\/#website","url":"https:\/\/www.inoxforniture.it\/","name":"Inox Forniture","description":"","publisher":{"@id":"https:\/\/www.inoxforniture.it\/#organization"},"potentialAction":[{"@type":"SearchAction","target":{"@type":"EntryPoint","urlTemplate":"https:\/\/www.inoxforniture.it\/?s={search_term_string}"},"query-input":{"@type":"PropertyValueSpecification","valueRequired":true,"valueName":"search_term_string"}}],"inLanguage":"fr-FR"},{"@type":"Organization","@id":"https:\/\/www.inoxforniture.it\/#organization","name":"Inox Forniture srl","url":"https:\/\/www.inoxforniture.it\/","logo":{"@type":"ImageObject","inLanguage":"fr-FR","@id":"https:\/\/www.inoxforniture.it\/#\/schema\/logo\/image\/","url":"https:\/\/www.inoxforniture.it\/wp-content\/uploads\/2021\/01\/logo_inox.png","contentUrl":"https:\/\/www.inoxforniture.it\/wp-content\/uploads\/2021\/01\/logo_inox.png","width":230,"height":44,"caption":"Inox Forniture srl"},"image":{"@id":"https:\/\/www.inoxforniture.it\/#\/schema\/logo\/image\/"},"sameAs":["https:\/\/www.facebook.com\/Inox.Forniture","https:\/\/x.com\/InoxForniture"]}]}},"df_price":6.5,"df_sale_price":"","df_regular_price":6.5,"df_image_link":"https:\/\/www.inoxforniture.it\/wp-content\/uploads\/2021\/10\/C110011_1-300x300.jpg","tiered_pricing_type":"fixed","tiered_pricing_fixed_rules":{"6":5.2,"18":4.55,"50":4.225},"tiered_pricing_product_settings":{"layout":"default","base_unit_name":{"singular":null,"plural":null},"default_variation":null},"tiered_pricing_minimum_quantity":null,"tiered_pricing_roles_data":{"privato":{"product_id":61014,"role":"privato","pricing_type":"flat","regular_price":null,"sale_price":null,"discount":null,"discount_type":"sale_price","tiered_pricing_type":"fixed","percentage_rules":[],"fixed_rules":{"6":"5.2000","18":"4.5500","50":"4.2250"},"minimum":null},"azienda":{"product_id":61014,"role":"azienda","pricing_type":"flat","regular_price":5.2,"sale_price":null,"discount":null,"discount_type":"sale_price","tiered_pricing_type":"fixed","percentage_rules":[],"fixed_rules":{"18":"4.5500","50":"4.2250"},"minimum":null},"azienda_premium":{"product_id":61014,"role":"azienda_premium","pricing_type":"flat","regular_price":5.2,"sale_price":null,"discount":null,"discount_type":"sale_price","tiered_pricing_type":"fixed","percentage_rules":[],"fixed_rules":{"18":"4.5500","50":"4.2250"},"minimum":null}},"tiered_pricing_percentage_rules":[],"tiered_pricing_maximum_quantity":null,"tiered_pricing_quantity_step":null,"_links":{"self":[{"href":"https:\/\/www.inoxforniture.it\/fr\/wp-json\/wp\/v2\/product\/61014","targetHints":{"allow":["GET"]}}],"collection":[{"href":"https:\/\/www.inoxforniture.it\/fr\/wp-json\/wp\/v2\/product"}],"about":[{"href":"https:\/\/www.inoxforniture.it\/fr\/wp-json\/wp\/v2\/types\/product"}],"wp:featuredmedia":[{"embeddable":true,"href":"https:\/\/www.inoxforniture.it\/fr\/wp-json\/wp\/v2\/media\/61015"}],"wp:attachment":[{"href":"https:\/\/www.inoxforniture.it\/fr\/wp-json\/wp\/v2\/media?parent=61014"}],"wp:term":[{"taxonomy":"product_brand","embeddable":true,"href":"https:\/\/www.inoxforniture.it\/fr\/wp-json\/wp\/v2\/product_brand?post=61014"},{"taxonomy":"product_cat","embeddable":true,"href":"https:\/\/www.inoxforniture.it\/fr\/wp-json\/wp\/v2\/product_cat?post=61014"},{"taxonomy":"product_tag","embeddable":true,"href":"https:\/\/www.inoxforniture.it\/fr\/wp-json\/wp\/v2\/product_tag?post=61014"}],"curies":[{"name":"wp","href":"https:\/\/api.w.org\/{rel}","templated":true}]}}