{"id":60891,"date":"2014-10-17T13:38:40","date_gmt":"2014-10-17T11:38:40","guid":{"rendered":"https:\/\/www.inoxforniture.it\/raccord-articule-pour-rond-o-12-aisi-304-brossee\/"},"modified":"2026-01-23T18:33:49","modified_gmt":"2026-01-23T17:33:49","slug":"raccord-articule-pour-rond-o-12-aisi-304-brossee","status":"publish","type":"product","link":"https:\/\/www.inoxforniture.it\/fr\/raccord-articule-pour-rond-o-12-aisi-304-brossee\/","title":{"rendered":"RACCORD ARTICUL\u00c9 POUR ROND \u00d8 12 AISI 304 BROSS\u00c9E"},"content":{"rendered":"<p>Pour rond ou tube de 12 mm<br \/>\nPratique et polyvalent, permet de raccorder aussi bien le rond plein de 12 mm que le tube de diam\u00e8tre ext\u00e9rieur 12 mm.<br \/>\nPermet de raccorder facilement des angles entre 90\u00b0 et 180\u00b0<br \/>\nLe tube ou la barre s&rsquo;ins\u00e8re \u00e0 l&rsquo;int\u00e9rieur du raccord, donc m\u00eame si l&rsquo;extr\u00e9mit\u00e9 du tube ou de la barre n&rsquo;est pas coup\u00e9e parfaitement, elle sera cach\u00e9e par le raccord.<\/p>\n","protected":false},"excerpt":{"rendered":"<p>Pour rond ou tube de diam\u00e8tre ext\u00e9rieur 12 mm.<br \/>\nRaccord 90\u00b0 &#8211; 180\u00b0.<\/p>\n","protected":false},"featured_media":60892,"template":"","meta":{"_acf_changed":false},"product_brand":[],"product_cat":[4113],"product_tag":[],"class_list":{"0":"post-60891","1":"product","2":"type-product","3":"status-publish","4":"has-post-thumbnail","6":"product_cat-accessoires-balustrades-avec-rond","7":"pa_marchio-inox-forniture","8":"pa_prodotto-raccord-articule-pour-rond-o-12-aisi-304-brossee","10":"first","11":"instock","12":"taxable","13":"shipping-taxable","14":"purchasable","15":"product-type-simple"},"acf":[],"yoast_head":"<!-- This site is optimized with the Yoast SEO plugin v27.3 - https:\/\/yoast.com\/product\/yoast-seo-wordpress\/ -->\n<title>Inox Forniture - RACCORD ARTICUL\u00c9 ROND \u00d812 AISI 304 BROSS\u00c9E<\/title>\n<meta name=\"description\" content=\"Raccord articul\u00e9 en acier inoxydable pour tube ou rond \u00d812 mm. Permet de raccorder facilement des angles entre 90\u00b0 et 180\u00b0.\" \/>\n<meta name=\"robots\" content=\"index, follow, max-snippet:-1, max-image-preview:large, max-video-preview:-1\" \/>\n<link rel=\"canonical\" href=\"https:\/\/www.inoxforniture.it\/fr\/raccord-articule-pour-rond-o-12-aisi-304-brossee\/\" \/>\n<meta property=\"og:locale\" content=\"fr_FR\" \/>\n<meta property=\"og:type\" content=\"article\" \/>\n<meta property=\"og:title\" content=\"Inox Forniture - RACCORD ARTICUL\u00c9 ROND \u00d812 AISI 304 BROSS\u00c9E\" \/>\n<meta property=\"og:description\" content=\"Raccord articul\u00e9 en acier inoxydable pour tube ou rond \u00d812 mm. Permet de raccorder facilement des angles entre 90\u00b0 et 180\u00b0.\" \/>\n<meta property=\"og:url\" content=\"https:\/\/www.inoxforniture.it\/fr\/raccord-articule-pour-rond-o-12-aisi-304-brossee\/\" \/>\n<meta property=\"og:site_name\" content=\"Inox Forniture\" \/>\n<meta property=\"article:publisher\" content=\"https:\/\/www.facebook.com\/Inox.Forniture\" \/>\n<meta property=\"article:modified_time\" content=\"2026-01-23T17:33:49+00:00\" \/>\n<meta property=\"og:image\" content=\"https:\/\/www.inoxforniture.it\/wp-content\/uploads\/2014\/10\/c110121_1_1.jpg\" \/>\n\t<meta property=\"og:image:width\" content=\"480\" \/>\n\t<meta property=\"og:image:height\" content=\"480\" \/>\n\t<meta property=\"og:image:type\" content=\"image\/jpeg\" \/>\n<meta name=\"twitter:card\" content=\"summary_large_image\" \/>\n<meta name=\"twitter:site\" content=\"@InoxForniture\" \/>\n<script type=\"application\/ld+json\" class=\"yoast-schema-graph\">{\"@context\":\"https:\\\/\\\/schema.org\",\"@graph\":[{\"@type\":\"WebPage\",\"@id\":\"https:\\\/\\\/www.inoxforniture.it\\\/fr\\\/raccord-articule-pour-rond-o-12-aisi-304-brossee\\\/\",\"url\":\"https:\\\/\\\/www.inoxforniture.it\\\/fr\\\/raccord-articule-pour-rond-o-12-aisi-304-brossee\\\/\",\"name\":\"Inox Forniture - RACCORD ARTICUL\u00c9 ROND \u00d812 AISI 304 BROSS\u00c9E\",\"isPartOf\":{\"@id\":\"https:\\\/\\\/www.inoxforniture.it\\\/#website\"},\"primaryImageOfPage\":{\"@id\":\"https:\\\/\\\/www.inoxforniture.it\\\/fr\\\/raccord-articule-pour-rond-o-12-aisi-304-brossee\\\/#primaryimage\"},\"image\":{\"@id\":\"https:\\\/\\\/www.inoxforniture.it\\\/fr\\\/raccord-articule-pour-rond-o-12-aisi-304-brossee\\\/#primaryimage\"},\"thumbnailUrl\":\"https:\\\/\\\/www.inoxforniture.it\\\/wp-content\\\/uploads\\\/2014\\\/10\\\/c110121_1_1.jpg\",\"datePublished\":\"2014-10-17T11:38:40+00:00\",\"dateModified\":\"2026-01-23T17:33:49+00:00\",\"description\":\"Raccord articul\u00e9 en acier inoxydable pour tube ou rond \u00d812 mm. Permet de raccorder facilement des angles entre 90\u00b0 et 180\u00b0.\",\"breadcrumb\":{\"@id\":\"https:\\\/\\\/www.inoxforniture.it\\\/fr\\\/raccord-articule-pour-rond-o-12-aisi-304-brossee\\\/#breadcrumb\"},\"inLanguage\":\"fr-FR\",\"potentialAction\":[{\"@type\":\"ReadAction\",\"target\":[\"https:\\\/\\\/www.inoxforniture.it\\\/fr\\\/raccord-articule-pour-rond-o-12-aisi-304-brossee\\\/\"]}]},{\"@type\":\"ImageObject\",\"inLanguage\":\"fr-FR\",\"@id\":\"https:\\\/\\\/www.inoxforniture.it\\\/fr\\\/raccord-articule-pour-rond-o-12-aisi-304-brossee\\\/#primaryimage\",\"url\":\"https:\\\/\\\/www.inoxforniture.it\\\/wp-content\\\/uploads\\\/2014\\\/10\\\/c110121_1_1.jpg\",\"contentUrl\":\"https:\\\/\\\/www.inoxforniture.it\\\/wp-content\\\/uploads\\\/2014\\\/10\\\/c110121_1_1.jpg\",\"width\":480,\"height\":480,\"caption\":\"RACCORD ARTICUL\u00c9 POUR ROND \u00d8 12 AISI 304 BROSS\u00c9E-0\"},{\"@type\":\"BreadcrumbList\",\"@id\":\"https:\\\/\\\/www.inoxforniture.it\\\/fr\\\/raccord-articule-pour-rond-o-12-aisi-304-brossee\\\/#breadcrumb\",\"itemListElement\":[{\"@type\":\"ListItem\",\"position\":1,\"name\":\"Accueil\",\"item\":\"https:\\\/\\\/www.inoxforniture.it\\\/\"},{\"@type\":\"ListItem\",\"position\":2,\"name\":\"Boutique\",\"item\":\"https:\\\/\\\/www.inoxforniture.it\\\/fr\\\/boutique\\\/\"},{\"@type\":\"ListItem\",\"position\":3,\"name\":\"Syst\u00e8mes pour garde-corps et balustrades\",\"item\":\"https:\\\/\\\/www.inoxforniture.it\\\/fr\\\/systemes-pour-garde-corps-et-balustrades\\\/\"},{\"@type\":\"ListItem\",\"position\":4,\"name\":\"Accessori balaustre con tondino\",\"item\":\"https:\\\/\\\/www.inoxforniture.it\\\/accessori-balaustre-con-tondino\\\/\"},{\"@type\":\"ListItem\",\"position\":5,\"name\":\"RACCORD ARTICUL\u00c9 POUR ROND \u00d8 12 AISI 304 BROSS\u00c9E\"}]},{\"@type\":\"WebSite\",\"@id\":\"https:\\\/\\\/www.inoxforniture.it\\\/#website\",\"url\":\"https:\\\/\\\/www.inoxforniture.it\\\/\",\"name\":\"Inox Forniture\",\"description\":\"\",\"publisher\":{\"@id\":\"https:\\\/\\\/www.inoxforniture.it\\\/#organization\"},\"potentialAction\":[{\"@type\":\"SearchAction\",\"target\":{\"@type\":\"EntryPoint\",\"urlTemplate\":\"https:\\\/\\\/www.inoxforniture.it\\\/?s={search_term_string}\"},\"query-input\":{\"@type\":\"PropertyValueSpecification\",\"valueRequired\":true,\"valueName\":\"search_term_string\"}}],\"inLanguage\":\"fr-FR\"},{\"@type\":\"Organization\",\"@id\":\"https:\\\/\\\/www.inoxforniture.it\\\/#organization\",\"name\":\"Inox Forniture srl\",\"url\":\"https:\\\/\\\/www.inoxforniture.it\\\/\",\"logo\":{\"@type\":\"ImageObject\",\"inLanguage\":\"fr-FR\",\"@id\":\"https:\\\/\\\/www.inoxforniture.it\\\/#\\\/schema\\\/logo\\\/image\\\/\",\"url\":\"https:\\\/\\\/www.inoxforniture.it\\\/wp-content\\\/uploads\\\/2021\\\/01\\\/logo_inox.png\",\"contentUrl\":\"https:\\\/\\\/www.inoxforniture.it\\\/wp-content\\\/uploads\\\/2021\\\/01\\\/logo_inox.png\",\"width\":230,\"height\":44,\"caption\":\"Inox Forniture srl\"},\"image\":{\"@id\":\"https:\\\/\\\/www.inoxforniture.it\\\/#\\\/schema\\\/logo\\\/image\\\/\"},\"sameAs\":[\"https:\\\/\\\/www.facebook.com\\\/Inox.Forniture\",\"https:\\\/\\\/x.com\\\/InoxForniture\"]}]}<\/script>\n<!-- \/ Yoast SEO plugin. -->","yoast_head_json":{"title":"Inox Forniture - RACCORD ARTICUL\u00c9 ROND \u00d812 AISI 304 BROSS\u00c9E","description":"Raccord articul\u00e9 en acier inoxydable pour tube ou rond \u00d812 mm. Permet de raccorder facilement des angles entre 90\u00b0 et 180\u00b0.","robots":{"index":"index","follow":"follow","max-snippet":"max-snippet:-1","max-image-preview":"max-image-preview:large","max-video-preview":"max-video-preview:-1"},"canonical":"https:\/\/www.inoxforniture.it\/fr\/raccord-articule-pour-rond-o-12-aisi-304-brossee\/","og_locale":"fr_FR","og_type":"article","og_title":"Inox Forniture - RACCORD ARTICUL\u00c9 ROND \u00d812 AISI 304 BROSS\u00c9E","og_description":"Raccord articul\u00e9 en acier inoxydable pour tube ou rond \u00d812 mm. Permet de raccorder facilement des angles entre 90\u00b0 et 180\u00b0.","og_url":"https:\/\/www.inoxforniture.it\/fr\/raccord-articule-pour-rond-o-12-aisi-304-brossee\/","og_site_name":"Inox Forniture","article_publisher":"https:\/\/www.facebook.com\/Inox.Forniture","article_modified_time":"2026-01-23T17:33:49+00:00","og_image":[{"width":480,"height":480,"url":"https:\/\/www.inoxforniture.it\/wp-content\/uploads\/2014\/10\/c110121_1_1.jpg","type":"image\/jpeg"}],"twitter_card":"summary_large_image","twitter_site":"@InoxForniture","schema":{"@context":"https:\/\/schema.org","@graph":[{"@type":"WebPage","@id":"https:\/\/www.inoxforniture.it\/fr\/raccord-articule-pour-rond-o-12-aisi-304-brossee\/","url":"https:\/\/www.inoxforniture.it\/fr\/raccord-articule-pour-rond-o-12-aisi-304-brossee\/","name":"Inox Forniture - RACCORD ARTICUL\u00c9 ROND \u00d812 AISI 304 BROSS\u00c9E","isPartOf":{"@id":"https:\/\/www.inoxforniture.it\/#website"},"primaryImageOfPage":{"@id":"https:\/\/www.inoxforniture.it\/fr\/raccord-articule-pour-rond-o-12-aisi-304-brossee\/#primaryimage"},"image":{"@id":"https:\/\/www.inoxforniture.it\/fr\/raccord-articule-pour-rond-o-12-aisi-304-brossee\/#primaryimage"},"thumbnailUrl":"https:\/\/www.inoxforniture.it\/wp-content\/uploads\/2014\/10\/c110121_1_1.jpg","datePublished":"2014-10-17T11:38:40+00:00","dateModified":"2026-01-23T17:33:49+00:00","description":"Raccord articul\u00e9 en acier inoxydable pour tube ou rond \u00d812 mm. Permet de raccorder facilement des angles entre 90\u00b0 et 180\u00b0.","breadcrumb":{"@id":"https:\/\/www.inoxforniture.it\/fr\/raccord-articule-pour-rond-o-12-aisi-304-brossee\/#breadcrumb"},"inLanguage":"fr-FR","potentialAction":[{"@type":"ReadAction","target":["https:\/\/www.inoxforniture.it\/fr\/raccord-articule-pour-rond-o-12-aisi-304-brossee\/"]}]},{"@type":"ImageObject","inLanguage":"fr-FR","@id":"https:\/\/www.inoxforniture.it\/fr\/raccord-articule-pour-rond-o-12-aisi-304-brossee\/#primaryimage","url":"https:\/\/www.inoxforniture.it\/wp-content\/uploads\/2014\/10\/c110121_1_1.jpg","contentUrl":"https:\/\/www.inoxforniture.it\/wp-content\/uploads\/2014\/10\/c110121_1_1.jpg","width":480,"height":480,"caption":"RACCORD ARTICUL\u00c9 POUR ROND \u00d8 12 AISI 304 BROSS\u00c9E-0"},{"@type":"BreadcrumbList","@id":"https:\/\/www.inoxforniture.it\/fr\/raccord-articule-pour-rond-o-12-aisi-304-brossee\/#breadcrumb","itemListElement":[{"@type":"ListItem","position":1,"name":"Accueil","item":"https:\/\/www.inoxforniture.it\/"},{"@type":"ListItem","position":2,"name":"Boutique","item":"https:\/\/www.inoxforniture.it\/fr\/boutique\/"},{"@type":"ListItem","position":3,"name":"Syst\u00e8mes pour garde-corps et balustrades","item":"https:\/\/www.inoxforniture.it\/fr\/systemes-pour-garde-corps-et-balustrades\/"},{"@type":"ListItem","position":4,"name":"Accessori balaustre con tondino","item":"https:\/\/www.inoxforniture.it\/accessori-balaustre-con-tondino\/"},{"@type":"ListItem","position":5,"name":"RACCORD ARTICUL\u00c9 POUR ROND \u00d8 12 AISI 304 BROSS\u00c9E"}]},{"@type":"WebSite","@id":"https:\/\/www.inoxforniture.it\/#website","url":"https:\/\/www.inoxforniture.it\/","name":"Inox Forniture","description":"","publisher":{"@id":"https:\/\/www.inoxforniture.it\/#organization"},"potentialAction":[{"@type":"SearchAction","target":{"@type":"EntryPoint","urlTemplate":"https:\/\/www.inoxforniture.it\/?s={search_term_string}"},"query-input":{"@type":"PropertyValueSpecification","valueRequired":true,"valueName":"search_term_string"}}],"inLanguage":"fr-FR"},{"@type":"Organization","@id":"https:\/\/www.inoxforniture.it\/#organization","name":"Inox Forniture srl","url":"https:\/\/www.inoxforniture.it\/","logo":{"@type":"ImageObject","inLanguage":"fr-FR","@id":"https:\/\/www.inoxforniture.it\/#\/schema\/logo\/image\/","url":"https:\/\/www.inoxforniture.it\/wp-content\/uploads\/2021\/01\/logo_inox.png","contentUrl":"https:\/\/www.inoxforniture.it\/wp-content\/uploads\/2021\/01\/logo_inox.png","width":230,"height":44,"caption":"Inox Forniture srl"},"image":{"@id":"https:\/\/www.inoxforniture.it\/#\/schema\/logo\/image\/"},"sameAs":["https:\/\/www.facebook.com\/Inox.Forniture","https:\/\/x.com\/InoxForniture"]}]}},"df_price":2.7,"df_sale_price":"","df_regular_price":2.7,"df_image_link":"https:\/\/www.inoxforniture.it\/wp-content\/uploads\/2014\/10\/c110121_1_1-300x300.jpg","tiered_pricing_type":"fixed","tiered_pricing_fixed_rules":{"20":2.16,"60":1.89,"200":1.755},"tiered_pricing_product_settings":{"layout":"default","base_unit_name":{"singular":null,"plural":null},"default_variation":null},"tiered_pricing_minimum_quantity":null,"tiered_pricing_roles_data":{"privato":{"product_id":60891,"role":"privato","pricing_type":"flat","regular_price":null,"sale_price":null,"discount":null,"discount_type":"sale_price","tiered_pricing_type":"fixed","percentage_rules":[],"fixed_rules":{"20":"2.1600","60":"1.8900","200":"1.7550"},"minimum":null},"azienda":{"product_id":60891,"role":"azienda","pricing_type":"flat","regular_price":2.16,"sale_price":null,"discount":null,"discount_type":"sale_price","tiered_pricing_type":"fixed","percentage_rules":[],"fixed_rules":{"60":"1.8900","200":"1.7550"},"minimum":null},"azienda_premium":{"product_id":60891,"role":"azienda_premium","pricing_type":"flat","regular_price":2.16,"sale_price":null,"discount":null,"discount_type":"sale_price","tiered_pricing_type":"fixed","percentage_rules":[],"fixed_rules":{"60":"1.8900","200":"1.7550"},"minimum":null}},"tiered_pricing_percentage_rules":[],"tiered_pricing_maximum_quantity":null,"tiered_pricing_quantity_step":null,"_links":{"self":[{"href":"https:\/\/www.inoxforniture.it\/fr\/wp-json\/wp\/v2\/product\/60891","targetHints":{"allow":["GET"]}}],"collection":[{"href":"https:\/\/www.inoxforniture.it\/fr\/wp-json\/wp\/v2\/product"}],"about":[{"href":"https:\/\/www.inoxforniture.it\/fr\/wp-json\/wp\/v2\/types\/product"}],"wp:featuredmedia":[{"embeddable":true,"href":"https:\/\/www.inoxforniture.it\/fr\/wp-json\/wp\/v2\/media\/60892"}],"wp:attachment":[{"href":"https:\/\/www.inoxforniture.it\/fr\/wp-json\/wp\/v2\/media?parent=60891"}],"wp:term":[{"taxonomy":"product_brand","embeddable":true,"href":"https:\/\/www.inoxforniture.it\/fr\/wp-json\/wp\/v2\/product_brand?post=60891"},{"taxonomy":"product_cat","embeddable":true,"href":"https:\/\/www.inoxforniture.it\/fr\/wp-json\/wp\/v2\/product_cat?post=60891"},{"taxonomy":"product_tag","embeddable":true,"href":"https:\/\/www.inoxforniture.it\/fr\/wp-json\/wp\/v2\/product_tag?post=60891"}],"curies":[{"name":"wp","href":"https:\/\/api.w.org\/{rel}","templated":true}]}}