{"id":60760,"date":"2014-10-17T13:38:41","date_gmt":"2014-10-17T11:38:41","guid":{"rendered":"https:\/\/www.inoxforniture.it\/plaque-laterale-o-100-x-424-mm-aisi-304-brossee\/"},"modified":"2026-01-23T18:34:12","modified_gmt":"2026-01-23T17:34:12","slug":"plaque-laterale-o-100-x-424-mm-aisi-304-brossee","status":"publish","type":"product","link":"https:\/\/www.inoxforniture.it\/fr\/plaque-laterale-o-100-x-424-mm-aisi-304-brossee\/","title":{"rendered":"PLAQUE LAT\u00c9RALE \u00d8 100 x 42,4 mm. AISI 304 BROSS\u00c9E"},"content":{"rendered":"<p>&#8211; Diam\u00e8tre ext\u00e9rieur 100 pour tube de 42,4 mm.<\/p>\n<p>&#8211; Dans les balustrades avec fixation murale, sert \u00e0 fixer chaque montant au mur.<\/p>\n<p>&#8211; Pour la fixer au poteau, il suffit de percer le tube, ins\u00e9rer l&rsquo;\u00e2me d\u00e9j\u00e0 filet\u00e9e \u00e0 l&rsquo;int\u00e9rieur et bloquer le tout avec les deux vis comprises dans la plaque.<\/p>\n<p>&#8211; Cette plaque est compatible avec un <a href=\"https:\/\/www.inoxforniture.it\/fr\/bouchon-bombe-pour-tube-o-424-x-20-aisi-304-brossee\/\">bouchon pour tube de 42,4 mm<\/a>., qui sert \u00e0 fermer la partie inf\u00e9rieure du montant.<\/p>\n<p><img fetchpriority=\"high\" decoding=\"async\" class=\" size-full wp-image-3426\" title=\"Plaque lat\u00e9rale inox bross\u00e9 pour tube de 42,4\" src=\"https:\/\/www.inoxforniture.it\/wp-content\/uploads\/2014\/10\/Imm_C110344-1.jpg\" alt=\"Plaque lat\u00e9rale inox bross\u00e9 pour tube de 42,4\" width=\"480\" height=\"480\" srcset=\"https:\/\/www.inoxforniture.it\/wp-content\/uploads\/2014\/10\/Imm_C110344-1.jpg 480w, https:\/\/www.inoxforniture.it\/wp-content\/uploads\/2014\/10\/Imm_C110344-1-400x400.jpg 400w\" sizes=\"(max-width: 480px) 100vw, 480px\" \/><\/p>\n","protected":false},"excerpt":{"rendered":"<p>&#8211; Diam\u00e8tre ext\u00e9rieur 100 pour tube de 42,4 mm.<\/p>\n","protected":false},"featured_media":60761,"template":"","meta":{"_acf_changed":false},"product_brand":[],"product_cat":[4104],"product_tag":[],"class_list":{"0":"post-60760","1":"product","2":"type-product","3":"status-publish","4":"has-post-thumbnail","6":"product_cat-fixations-au-sol-et-murales","7":"pa_marchio-inox-forniture","8":"pa_prodotto-plaque-laterale-o-100-x-424-mm-aisi-304-brossee","10":"first","11":"instock","12":"taxable","13":"shipping-taxable","14":"purchasable","15":"product-type-simple"},"acf":[],"yoast_head":"<!-- This site is optimized with the Yoast SEO plugin v27.3 - https:\/\/yoast.com\/product\/yoast-seo-wordpress\/ -->\n<title>Inox Forniture - Plaque inox bross\u00e9e fixation lat\u00e9rale pour garde-corps<\/title>\n<meta name=\"description\" content=\"Plaque en acier inox AISI 304 bross\u00e9 pour garde-corps. Id\u00e9ale aussi bien pour escaliers que pour balcons ou cl\u00f4tures. Facile \u00e0 fixer au montant.\" \/>\n<meta name=\"robots\" content=\"index, follow, max-snippet:-1, max-image-preview:large, max-video-preview:-1\" \/>\n<link rel=\"canonical\" href=\"https:\/\/www.inoxforniture.it\/fr\/plaque-laterale-o-100-x-424-mm-aisi-304-brossee\/\" \/>\n<meta property=\"og:locale\" content=\"fr_FR\" \/>\n<meta property=\"og:type\" content=\"article\" \/>\n<meta property=\"og:title\" content=\"Inox Forniture - Plaque inox bross\u00e9e fixation lat\u00e9rale pour garde-corps\" \/>\n<meta property=\"og:description\" content=\"Plaque en acier inox AISI 304 bross\u00e9 pour garde-corps. Id\u00e9ale aussi bien pour escaliers que pour balcons ou cl\u00f4tures. Facile \u00e0 fixer au montant.\" \/>\n<meta property=\"og:url\" content=\"https:\/\/www.inoxforniture.it\/fr\/plaque-laterale-o-100-x-424-mm-aisi-304-brossee\/\" \/>\n<meta property=\"og:site_name\" content=\"Inox Forniture\" \/>\n<meta property=\"article:publisher\" content=\"https:\/\/www.facebook.com\/Inox.Forniture\" \/>\n<meta property=\"article:modified_time\" content=\"2026-01-23T17:34:12+00:00\" \/>\n<meta property=\"og:image\" content=\"https:\/\/www.inoxforniture.it\/wp-content\/uploads\/2014\/10\/c110344_01.png\" \/>\n\t<meta property=\"og:image:width\" content=\"480\" \/>\n\t<meta property=\"og:image:height\" content=\"480\" \/>\n\t<meta property=\"og:image:type\" content=\"image\/png\" \/>\n<meta name=\"twitter:card\" content=\"summary_large_image\" \/>\n<meta name=\"twitter:site\" content=\"@InoxForniture\" \/>\n<script type=\"application\/ld+json\" class=\"yoast-schema-graph\">{\"@context\":\"https:\\\/\\\/schema.org\",\"@graph\":[{\"@type\":\"WebPage\",\"@id\":\"https:\\\/\\\/www.inoxforniture.it\\\/fr\\\/plaque-laterale-o-100-x-424-mm-aisi-304-brossee\\\/\",\"url\":\"https:\\\/\\\/www.inoxforniture.it\\\/fr\\\/plaque-laterale-o-100-x-424-mm-aisi-304-brossee\\\/\",\"name\":\"Inox Forniture - Plaque inox bross\u00e9e fixation lat\u00e9rale pour garde-corps\",\"isPartOf\":{\"@id\":\"https:\\\/\\\/www.inoxforniture.it\\\/#website\"},\"primaryImageOfPage\":{\"@id\":\"https:\\\/\\\/www.inoxforniture.it\\\/fr\\\/plaque-laterale-o-100-x-424-mm-aisi-304-brossee\\\/#primaryimage\"},\"image\":{\"@id\":\"https:\\\/\\\/www.inoxforniture.it\\\/fr\\\/plaque-laterale-o-100-x-424-mm-aisi-304-brossee\\\/#primaryimage\"},\"thumbnailUrl\":\"https:\\\/\\\/www.inoxforniture.it\\\/wp-content\\\/uploads\\\/2014\\\/10\\\/c110344_01.png\",\"datePublished\":\"2014-10-17T11:38:41+00:00\",\"dateModified\":\"2026-01-23T17:34:12+00:00\",\"description\":\"Plaque en acier inox AISI 304 bross\u00e9 pour garde-corps. Id\u00e9ale aussi bien pour escaliers que pour balcons ou cl\u00f4tures. Facile \u00e0 fixer au montant.\",\"breadcrumb\":{\"@id\":\"https:\\\/\\\/www.inoxforniture.it\\\/fr\\\/plaque-laterale-o-100-x-424-mm-aisi-304-brossee\\\/#breadcrumb\"},\"inLanguage\":\"fr-FR\",\"potentialAction\":[{\"@type\":\"ReadAction\",\"target\":[\"https:\\\/\\\/www.inoxforniture.it\\\/fr\\\/plaque-laterale-o-100-x-424-mm-aisi-304-brossee\\\/\"]}]},{\"@type\":\"ImageObject\",\"inLanguage\":\"fr-FR\",\"@id\":\"https:\\\/\\\/www.inoxforniture.it\\\/fr\\\/plaque-laterale-o-100-x-424-mm-aisi-304-brossee\\\/#primaryimage\",\"url\":\"https:\\\/\\\/www.inoxforniture.it\\\/wp-content\\\/uploads\\\/2014\\\/10\\\/c110344_01.png\",\"contentUrl\":\"https:\\\/\\\/www.inoxforniture.it\\\/wp-content\\\/uploads\\\/2014\\\/10\\\/c110344_01.png\",\"width\":480,\"height\":480,\"caption\":\"PLAQUE LAT\u00c9RALE \u00d8 100 x 42,4 mm. AISI 304 BROSS\u00c9E-0\"},{\"@type\":\"BreadcrumbList\",\"@id\":\"https:\\\/\\\/www.inoxforniture.it\\\/fr\\\/plaque-laterale-o-100-x-424-mm-aisi-304-brossee\\\/#breadcrumb\",\"itemListElement\":[{\"@type\":\"ListItem\",\"position\":1,\"name\":\"Accueil\",\"item\":\"https:\\\/\\\/www.inoxforniture.it\\\/\"},{\"@type\":\"ListItem\",\"position\":2,\"name\":\"Boutique\",\"item\":\"https:\\\/\\\/www.inoxforniture.it\\\/fr\\\/boutique\\\/\"},{\"@type\":\"ListItem\",\"position\":3,\"name\":\"Syst\u00e8mes pour garde-corps et balustrades\",\"item\":\"https:\\\/\\\/www.inoxforniture.it\\\/fr\\\/systemes-pour-garde-corps-et-balustrades\\\/\"},{\"@type\":\"ListItem\",\"position\":4,\"name\":\"Fixations au sol et murales\",\"item\":\"https:\\\/\\\/www.inoxforniture.it\\\/fr\\\/fixations-au-sol-et-murales\\\/\"},{\"@type\":\"ListItem\",\"position\":5,\"name\":\"PLAQUE LAT\u00c9RALE \u00d8 100 x 42,4 mm. AISI 304 BROSS\u00c9E\"}]},{\"@type\":\"WebSite\",\"@id\":\"https:\\\/\\\/www.inoxforniture.it\\\/#website\",\"url\":\"https:\\\/\\\/www.inoxforniture.it\\\/\",\"name\":\"Inox Forniture\",\"description\":\"\",\"publisher\":{\"@id\":\"https:\\\/\\\/www.inoxforniture.it\\\/#organization\"},\"potentialAction\":[{\"@type\":\"SearchAction\",\"target\":{\"@type\":\"EntryPoint\",\"urlTemplate\":\"https:\\\/\\\/www.inoxforniture.it\\\/?s={search_term_string}\"},\"query-input\":{\"@type\":\"PropertyValueSpecification\",\"valueRequired\":true,\"valueName\":\"search_term_string\"}}],\"inLanguage\":\"fr-FR\"},{\"@type\":\"Organization\",\"@id\":\"https:\\\/\\\/www.inoxforniture.it\\\/#organization\",\"name\":\"Inox Forniture srl\",\"url\":\"https:\\\/\\\/www.inoxforniture.it\\\/\",\"logo\":{\"@type\":\"ImageObject\",\"inLanguage\":\"fr-FR\",\"@id\":\"https:\\\/\\\/www.inoxforniture.it\\\/#\\\/schema\\\/logo\\\/image\\\/\",\"url\":\"https:\\\/\\\/www.inoxforniture.it\\\/wp-content\\\/uploads\\\/2021\\\/01\\\/logo_inox.png\",\"contentUrl\":\"https:\\\/\\\/www.inoxforniture.it\\\/wp-content\\\/uploads\\\/2021\\\/01\\\/logo_inox.png\",\"width\":230,\"height\":44,\"caption\":\"Inox Forniture srl\"},\"image\":{\"@id\":\"https:\\\/\\\/www.inoxforniture.it\\\/#\\\/schema\\\/logo\\\/image\\\/\"},\"sameAs\":[\"https:\\\/\\\/www.facebook.com\\\/Inox.Forniture\",\"https:\\\/\\\/x.com\\\/InoxForniture\"]}]}<\/script>\n<!-- \/ Yoast SEO plugin. -->","yoast_head_json":{"title":"Inox Forniture - Plaque inox bross\u00e9e fixation lat\u00e9rale pour garde-corps","description":"Plaque en acier inox AISI 304 bross\u00e9 pour garde-corps. Id\u00e9ale aussi bien pour escaliers que pour balcons ou cl\u00f4tures. Facile \u00e0 fixer au montant.","robots":{"index":"index","follow":"follow","max-snippet":"max-snippet:-1","max-image-preview":"max-image-preview:large","max-video-preview":"max-video-preview:-1"},"canonical":"https:\/\/www.inoxforniture.it\/fr\/plaque-laterale-o-100-x-424-mm-aisi-304-brossee\/","og_locale":"fr_FR","og_type":"article","og_title":"Inox Forniture - Plaque inox bross\u00e9e fixation lat\u00e9rale pour garde-corps","og_description":"Plaque en acier inox AISI 304 bross\u00e9 pour garde-corps. Id\u00e9ale aussi bien pour escaliers que pour balcons ou cl\u00f4tures. Facile \u00e0 fixer au montant.","og_url":"https:\/\/www.inoxforniture.it\/fr\/plaque-laterale-o-100-x-424-mm-aisi-304-brossee\/","og_site_name":"Inox Forniture","article_publisher":"https:\/\/www.facebook.com\/Inox.Forniture","article_modified_time":"2026-01-23T17:34:12+00:00","og_image":[{"width":480,"height":480,"url":"https:\/\/www.inoxforniture.it\/wp-content\/uploads\/2014\/10\/c110344_01.png","type":"image\/png"}],"twitter_card":"summary_large_image","twitter_site":"@InoxForniture","schema":{"@context":"https:\/\/schema.org","@graph":[{"@type":"WebPage","@id":"https:\/\/www.inoxforniture.it\/fr\/plaque-laterale-o-100-x-424-mm-aisi-304-brossee\/","url":"https:\/\/www.inoxforniture.it\/fr\/plaque-laterale-o-100-x-424-mm-aisi-304-brossee\/","name":"Inox Forniture - Plaque inox bross\u00e9e fixation lat\u00e9rale pour garde-corps","isPartOf":{"@id":"https:\/\/www.inoxforniture.it\/#website"},"primaryImageOfPage":{"@id":"https:\/\/www.inoxforniture.it\/fr\/plaque-laterale-o-100-x-424-mm-aisi-304-brossee\/#primaryimage"},"image":{"@id":"https:\/\/www.inoxforniture.it\/fr\/plaque-laterale-o-100-x-424-mm-aisi-304-brossee\/#primaryimage"},"thumbnailUrl":"https:\/\/www.inoxforniture.it\/wp-content\/uploads\/2014\/10\/c110344_01.png","datePublished":"2014-10-17T11:38:41+00:00","dateModified":"2026-01-23T17:34:12+00:00","description":"Plaque en acier inox AISI 304 bross\u00e9 pour garde-corps. Id\u00e9ale aussi bien pour escaliers que pour balcons ou cl\u00f4tures. Facile \u00e0 fixer au montant.","breadcrumb":{"@id":"https:\/\/www.inoxforniture.it\/fr\/plaque-laterale-o-100-x-424-mm-aisi-304-brossee\/#breadcrumb"},"inLanguage":"fr-FR","potentialAction":[{"@type":"ReadAction","target":["https:\/\/www.inoxforniture.it\/fr\/plaque-laterale-o-100-x-424-mm-aisi-304-brossee\/"]}]},{"@type":"ImageObject","inLanguage":"fr-FR","@id":"https:\/\/www.inoxforniture.it\/fr\/plaque-laterale-o-100-x-424-mm-aisi-304-brossee\/#primaryimage","url":"https:\/\/www.inoxforniture.it\/wp-content\/uploads\/2014\/10\/c110344_01.png","contentUrl":"https:\/\/www.inoxforniture.it\/wp-content\/uploads\/2014\/10\/c110344_01.png","width":480,"height":480,"caption":"PLAQUE LAT\u00c9RALE \u00d8 100 x 42,4 mm. AISI 304 BROSS\u00c9E-0"},{"@type":"BreadcrumbList","@id":"https:\/\/www.inoxforniture.it\/fr\/plaque-laterale-o-100-x-424-mm-aisi-304-brossee\/#breadcrumb","itemListElement":[{"@type":"ListItem","position":1,"name":"Accueil","item":"https:\/\/www.inoxforniture.it\/"},{"@type":"ListItem","position":2,"name":"Boutique","item":"https:\/\/www.inoxforniture.it\/fr\/boutique\/"},{"@type":"ListItem","position":3,"name":"Syst\u00e8mes pour garde-corps et balustrades","item":"https:\/\/www.inoxforniture.it\/fr\/systemes-pour-garde-corps-et-balustrades\/"},{"@type":"ListItem","position":4,"name":"Fixations au sol et murales","item":"https:\/\/www.inoxforniture.it\/fr\/fixations-au-sol-et-murales\/"},{"@type":"ListItem","position":5,"name":"PLAQUE LAT\u00c9RALE \u00d8 100 x 42,4 mm. AISI 304 BROSS\u00c9E"}]},{"@type":"WebSite","@id":"https:\/\/www.inoxforniture.it\/#website","url":"https:\/\/www.inoxforniture.it\/","name":"Inox Forniture","description":"","publisher":{"@id":"https:\/\/www.inoxforniture.it\/#organization"},"potentialAction":[{"@type":"SearchAction","target":{"@type":"EntryPoint","urlTemplate":"https:\/\/www.inoxforniture.it\/?s={search_term_string}"},"query-input":{"@type":"PropertyValueSpecification","valueRequired":true,"valueName":"search_term_string"}}],"inLanguage":"fr-FR"},{"@type":"Organization","@id":"https:\/\/www.inoxforniture.it\/#organization","name":"Inox Forniture srl","url":"https:\/\/www.inoxforniture.it\/","logo":{"@type":"ImageObject","inLanguage":"fr-FR","@id":"https:\/\/www.inoxforniture.it\/#\/schema\/logo\/image\/","url":"https:\/\/www.inoxforniture.it\/wp-content\/uploads\/2021\/01\/logo_inox.png","contentUrl":"https:\/\/www.inoxforniture.it\/wp-content\/uploads\/2021\/01\/logo_inox.png","width":230,"height":44,"caption":"Inox Forniture srl"},"image":{"@id":"https:\/\/www.inoxforniture.it\/#\/schema\/logo\/image\/"},"sameAs":["https:\/\/www.facebook.com\/Inox.Forniture","https:\/\/x.com\/InoxForniture"]}]}},"df_price":22.55,"df_sale_price":"","df_regular_price":22.55,"df_image_link":"https:\/\/www.inoxforniture.it\/wp-content\/uploads\/2014\/10\/c110344_01-300x300.png","tiered_pricing_type":"fixed","tiered_pricing_fixed_rules":{"6":18.04,"18":15.785,"50":14.6575},"tiered_pricing_product_settings":{"layout":"default","base_unit_name":{"singular":null,"plural":null},"default_variation":null},"tiered_pricing_minimum_quantity":null,"tiered_pricing_roles_data":{"privato":{"product_id":60760,"role":"privato","pricing_type":"flat","regular_price":null,"sale_price":null,"discount":null,"discount_type":"sale_price","tiered_pricing_type":"fixed","percentage_rules":[],"fixed_rules":{"6":"18.0400","18":"15.7850","50":"14.6575"},"minimum":null},"azienda":{"product_id":60760,"role":"azienda","pricing_type":"flat","regular_price":18.04,"sale_price":null,"discount":null,"discount_type":"sale_price","tiered_pricing_type":"fixed","percentage_rules":[],"fixed_rules":{"18":"15.7850","50":"14.6575"},"minimum":null},"azienda_premium":{"product_id":60760,"role":"azienda_premium","pricing_type":"flat","regular_price":18.04,"sale_price":null,"discount":null,"discount_type":"sale_price","tiered_pricing_type":"fixed","percentage_rules":[],"fixed_rules":{"18":"15.7850","50":"14.6575"},"minimum":null}},"tiered_pricing_percentage_rules":[],"tiered_pricing_maximum_quantity":null,"tiered_pricing_quantity_step":null,"_links":{"self":[{"href":"https:\/\/www.inoxforniture.it\/fr\/wp-json\/wp\/v2\/product\/60760","targetHints":{"allow":["GET"]}}],"collection":[{"href":"https:\/\/www.inoxforniture.it\/fr\/wp-json\/wp\/v2\/product"}],"about":[{"href":"https:\/\/www.inoxforniture.it\/fr\/wp-json\/wp\/v2\/types\/product"}],"wp:featuredmedia":[{"embeddable":true,"href":"https:\/\/www.inoxforniture.it\/fr\/wp-json\/wp\/v2\/media\/60761"}],"wp:attachment":[{"href":"https:\/\/www.inoxforniture.it\/fr\/wp-json\/wp\/v2\/media?parent=60760"}],"wp:term":[{"taxonomy":"product_brand","embeddable":true,"href":"https:\/\/www.inoxforniture.it\/fr\/wp-json\/wp\/v2\/product_brand?post=60760"},{"taxonomy":"product_cat","embeddable":true,"href":"https:\/\/www.inoxforniture.it\/fr\/wp-json\/wp\/v2\/product_cat?post=60760"},{"taxonomy":"product_tag","embeddable":true,"href":"https:\/\/www.inoxforniture.it\/fr\/wp-json\/wp\/v2\/product_tag?post=60760"}],"curies":[{"name":"wp","href":"https:\/\/api.w.org\/{rel}","templated":true}]}}