{"id":60716,"date":"2014-10-17T13:38:39","date_gmt":"2014-10-17T13:38:39","guid":{"rendered":"https:\/\/www.inoxforniture.it\/support-type-1-pour-main-courante-o-337-aisi-304-brosse\/"},"modified":"2026-01-27T14:38:37","modified_gmt":"2026-01-27T13:38:37","slug":"support-type-1-pour-main-courante-o-337-aisi-304-brosse","status":"publish","type":"product","link":"https:\/\/www.inoxforniture.it\/fr\/support-type-1-pour-main-courante-o-337-aisi-304-brosse\/","title":{"rendered":"SUPPORT TYPE 1 POUR MAIN COURANTE \u00d8 33,7 AISI 304 BROSS\u00c9"},"content":{"rendered":"<p><span style=\"font-size: 17px;\">Support en acier inox AISI 304 bross\u00e9 recommand\u00e9 pour usage int\u00e9rieur. Ce support, gr\u00e2ce \u00e0 sa facilit\u00e9 d&rsquo;installation, est certainement le plus utilis\u00e9. Il est \u00e9galement appr\u00e9ci\u00e9 pour sa rigidit\u00e9 particuli\u00e8re, \u00e9tant constitu\u00e9 d&rsquo;une seule pi\u00e8ce de fonderie. Adapt\u00e9 pour accueillir des tubes m\u00e9talliques ou mains courantes en bois de diam\u00e8tre 33,7.   <\/span><\/p>\n<p><img fetchpriority=\"high\" decoding=\"async\" class=\" size-full wp-image-3070\" title=\"Support main courante de 33,7 aisi 304\" src=\"https:\/\/www.inoxforniture.it\/wp-content\/uploads\/2014\/10\/Imm_C110016-1.jpg\" alt=\"Support main courante de 33,7 aisi 304\" width=\"480\" height=\"480\" srcset=\"https:\/\/www.inoxforniture.it\/wp-content\/uploads\/2014\/10\/Imm_C110016-1.jpg 480w, https:\/\/www.inoxforniture.it\/wp-content\/uploads\/2014\/10\/Imm_C110016-1-400x400.jpg 400w\" sizes=\"(max-width: 480px) 100vw, 480px\" \/><\/p>\n<hr>\n<p><span style=\"color: #008000;\"><strong><span style=\"font-size: 18px;\">FIXATION<\/span><\/strong><\/span><br \/>\n<span style=\"color: #000000; font-size: 17px;\">La visserie de fixation murale et \u00e0 la main courante n&rsquo;est pas comprise, mais peut \u00eatre achet\u00e9e sur notre site selon les besoins et pr\u00e9f\u00e9rences de fixation.<\/span><br \/>\n<span style=\"color: #000000;\"><strong><span style=\"font-size: 17px;\">Fixation du support au mur de ma\u00e7onnerie :<\/span><\/strong><\/span><br \/>\n<span style=\"font-size: 17px;\"><span style=\"color: #000000;\">&#8211; N\u00b0 3 Vis autotaraudeuses<\/span> <a href=\"https:\/\/www.inoxforniture.it\/fr\/vis-autotaraudeuse-din-7981-inox-a2\/?attribute_pa_prodotto=a2-55x-50\" target=\"_blank\" rel=\"noopener\">DIN A2 7981 5,5&#215;50 81G0069<\/a> <span style=\"color: #000000;\">+ N\u00b0 3 Chevilles VK.S en nylon 85N0003<\/span><\/span><br \/>\n<span style=\"color: #000000;\"><strong><span style=\"font-size: 17px;\">Fixation du support au mur en bois :<\/span><\/strong><\/span><br \/>\n<span style=\"font-size: 17px;\"><span style=\"color: #000000;\">&#8211; N\u00b0 3 Vis autotaraudeuses<\/span> <a href=\"https:\/\/www.inoxforniture.it\/fr\/vis-autotaraudeuse-din-7981-inox-a2\/?attribute_pa_prodotto=a2-55x-50\" target=\"_blank\" rel=\"noopener\">DIN A2 7981 5,5&#215;50 81G0069<\/a><\/span><br \/>\n<span style=\"color: #000000;\"><strong><span style=\"font-size: 17px;\">Fixation du support au mur m\u00e9tallique :<\/span><\/strong><\/span><br \/>\n<span style=\"font-size: 17px;\"><span style=\"color: #000000;\">&#8211; N\u00b0 3 Vis<\/span> <a href=\"https:\/\/www.inoxforniture.it\/fr\/vis-iso-7380-inox-a2\/\" target=\"_blank\" rel=\"noopener\">ISO 7380 A2 M 6x la longueur n\u00e9cessaire 81Q0000<\/a><\/span><\/p>\n<p><span style=\"color: #000000;\"><strong><span style=\"font-size: 17px;\">Fixation du support \u00e0 la main courante inox AISI 304 \u00d842,4&#215;2 :<\/span><\/strong><\/span><br \/>\n<span style=\"font-size: 17px;\"><span style=\"color: #000000;\">&#8211; N\u00b0 2 Rivets inox A2<\/span> <a href=\"https:\/\/www.inoxforniture.it\/fr\/rivets-tout-inox-a2\/?attribute_pa_prodotto=48x10\" target=\"_blank\" rel=\"noopener\">4,8&#215;10 8410016<\/a> (Disponible \u00e9galement la <a href=\"https:\/\/www.inoxforniture.it\/fr\/riveteuse-dx65\/\" target=\"_blank\" rel=\"noopener\">riveteuse DX65<\/a> )<\/span><br \/>\n<span style=\"font-size: 17px;\"><span style=\"color: #000000;\">&#8211; En alternative N\u00b0 2 Vis<\/span> <a href=\"https:\/\/www.inoxforniture.it\/fr\/vis-iso-7380-inox-a2\/?attribute_pa_prodotto=vis-iso-7380-a2-m-5x10\" target=\"_blank\" rel=\"noopener\">ISO 7380 A2 M 5&#215;10<\/a><\/span><br \/>\n<span style=\"font-size: 17px;\"><span style=\"color: #000000;\">&#8211; En alternative N\u00b0 2 Vis autotaraudeuses<\/span> <a href=\"https:\/\/www.inoxforniture.it\/fr\/vis-autotaraudeuse-din-7981-inox-a2\/?attribute_pa_prodotto=a2-42x-13\" target=\"_blank\" rel=\"noopener\">DIN 7981 A2 4,2x 13 81G0037<\/a><span style=\"color: #000000;\"> (pr\u00e9-per\u00e7age \u00d83,2 n\u00e9cessaire)<\/span><\/span><br \/>\n<span style=\"color: #000000;\"><strong><span style=\"font-size: 17px;\">Fixation du support \u00e0 la main courante en bois :<\/span><\/strong><\/span><br \/>\n<span style=\"font-size: 17px;\"><span style=\"color: #000000;\">&#8211; N\u00b0 2 Vis autotaraudeuses DIN<\/span> <a href=\"https:\/\/www.inoxforniture.it\/fr\/vis-autotaraudeuse-din-7981-inox-a2\/?attribute_pa_prodotto=a2-48x-25\" target=\"_blank\" rel=\"noopener\">7981 A2 4,8x 25 81G0053<\/a><\/span><\/p>\n<hr>\n<p>&nbsp;<\/p>\n","protected":false},"excerpt":{"rendered":"<p>Support en acier inox AISI 304 bross\u00e9 recommand\u00e9 pour usage int\u00e9rieur. Ce support, gr\u00e2ce \u00e0 sa facilit\u00e9 d&rsquo;installation, est certainement le plus utilis\u00e9. <\/p>\n","protected":false},"featured_media":60717,"template":"","meta":{"_acf_changed":false},"product_brand":[],"product_cat":[4109],"product_tag":[],"class_list":{"0":"post-60716","1":"product","2":"type-product","3":"status-publish","4":"has-post-thumbnail","6":"product_cat-fixations-main-courante","7":"pa_marchio-inox-forniture","8":"pa_prodotto-support-type-1-pour-main-courante-o-337-aisi-304-brosse","10":"first","11":"instock","12":"taxable","13":"shipping-taxable","14":"purchasable","15":"product-type-simple"},"acf":[],"yoast_head":"<!-- This site is optimized with the Yoast SEO plugin v27.3 - https:\/\/yoast.com\/product\/yoast-seo-wordpress\/ -->\n<title>SUPPORT MAIN COURANTE \u00d8 33,7 AISI 304 BROSS\u00c9 - Inox Forniture<\/title>\n<meta name=\"description\" content=\"Achetez en ligne. Support inox pour main courante murale. Avec ses trois trous de fixation murale, c&#039;est le support le plus utilis\u00e9 et facile \u00e0 installer.\" \/>\n<meta name=\"robots\" content=\"index, follow, max-snippet:-1, max-image-preview:large, max-video-preview:-1\" \/>\n<link rel=\"canonical\" href=\"https:\/\/www.inoxforniture.it\/fr\/support-type-1-pour-main-courante-o-337-aisi-304-brosse\/\" \/>\n<meta property=\"og:locale\" content=\"fr_FR\" \/>\n<meta property=\"og:type\" content=\"article\" \/>\n<meta property=\"og:title\" content=\"SUPPORT MAIN COURANTE \u00d8 33,7 AISI 304 BROSS\u00c9 - Inox Forniture\" \/>\n<meta property=\"og:description\" content=\"Achetez en ligne. Support inox pour main courante murale. Avec ses trois trous de fixation murale, c&#039;est le support le plus utilis\u00e9 et facile \u00e0 installer.\" \/>\n<meta property=\"og:url\" content=\"https:\/\/www.inoxforniture.it\/fr\/support-type-1-pour-main-courante-o-337-aisi-304-brosse\/\" \/>\n<meta property=\"og:site_name\" content=\"Inox Forniture\" \/>\n<meta property=\"article:publisher\" content=\"https:\/\/www.facebook.com\/Inox.Forniture\" \/>\n<meta property=\"article:modified_time\" content=\"2026-01-27T13:38:37+00:00\" \/>\n<meta property=\"og:image\" content=\"https:\/\/www.inoxforniture.it\/wp-content\/uploads\/2014\/10\/c110016_1_4.jpg\" \/>\n\t<meta property=\"og:image:width\" content=\"480\" \/>\n\t<meta property=\"og:image:height\" content=\"480\" \/>\n\t<meta property=\"og:image:type\" content=\"image\/jpeg\" \/>\n<meta name=\"twitter:card\" content=\"summary_large_image\" \/>\n<meta name=\"twitter:site\" content=\"@InoxForniture\" \/>\n<meta name=\"twitter:label1\" content=\"Dur\u00e9e de lecture estim\u00e9e\" \/>\n\t<meta name=\"twitter:data1\" content=\"2 minutes\" \/>\n<script type=\"application\/ld+json\" class=\"yoast-schema-graph\">{\"@context\":\"https:\\\/\\\/schema.org\",\"@graph\":[{\"@type\":\"WebPage\",\"@id\":\"https:\\\/\\\/www.inoxforniture.it\\\/fr\\\/support-type-1-pour-main-courante-o-337-aisi-304-brosse\\\/\",\"url\":\"https:\\\/\\\/www.inoxforniture.it\\\/fr\\\/support-type-1-pour-main-courante-o-337-aisi-304-brosse\\\/\",\"name\":\"SUPPORT MAIN COURANTE \u00d8 33,7 AISI 304 BROSS\u00c9 - Inox Forniture\",\"isPartOf\":{\"@id\":\"https:\\\/\\\/www.inoxforniture.it\\\/#website\"},\"primaryImageOfPage\":{\"@id\":\"https:\\\/\\\/www.inoxforniture.it\\\/fr\\\/support-type-1-pour-main-courante-o-337-aisi-304-brosse\\\/#primaryimage\"},\"image\":{\"@id\":\"https:\\\/\\\/www.inoxforniture.it\\\/fr\\\/support-type-1-pour-main-courante-o-337-aisi-304-brosse\\\/#primaryimage\"},\"thumbnailUrl\":\"https:\\\/\\\/www.inoxforniture.it\\\/wp-content\\\/uploads\\\/2014\\\/10\\\/c110016_1_4.jpg\",\"datePublished\":\"2014-10-17T13:38:39+00:00\",\"dateModified\":\"2026-01-27T13:38:37+00:00\",\"description\":\"Achetez en ligne. Support inox pour main courante murale. Avec ses trois trous de fixation murale, c'est le support le plus utilis\u00e9 et facile \u00e0 installer.\",\"breadcrumb\":{\"@id\":\"https:\\\/\\\/www.inoxforniture.it\\\/fr\\\/support-type-1-pour-main-courante-o-337-aisi-304-brosse\\\/#breadcrumb\"},\"inLanguage\":\"fr-FR\",\"potentialAction\":[{\"@type\":\"ReadAction\",\"target\":[\"https:\\\/\\\/www.inoxforniture.it\\\/fr\\\/support-type-1-pour-main-courante-o-337-aisi-304-brosse\\\/\"]}]},{\"@type\":\"ImageObject\",\"inLanguage\":\"fr-FR\",\"@id\":\"https:\\\/\\\/www.inoxforniture.it\\\/fr\\\/support-type-1-pour-main-courante-o-337-aisi-304-brosse\\\/#primaryimage\",\"url\":\"https:\\\/\\\/www.inoxforniture.it\\\/wp-content\\\/uploads\\\/2014\\\/10\\\/c110016_1_4.jpg\",\"contentUrl\":\"https:\\\/\\\/www.inoxforniture.it\\\/wp-content\\\/uploads\\\/2014\\\/10\\\/c110016_1_4.jpg\",\"width\":480,\"height\":480,\"caption\":\"SUPPORT TYPE 1 POUR MAIN COURANTE \u00d8 33,7 AISI 304 BROSS\u00c9-0\"},{\"@type\":\"BreadcrumbList\",\"@id\":\"https:\\\/\\\/www.inoxforniture.it\\\/fr\\\/support-type-1-pour-main-courante-o-337-aisi-304-brosse\\\/#breadcrumb\",\"itemListElement\":[{\"@type\":\"ListItem\",\"position\":1,\"name\":\"Accueil\",\"item\":\"https:\\\/\\\/www.inoxforniture.it\\\/\"},{\"@type\":\"ListItem\",\"position\":2,\"name\":\"Boutique\",\"item\":\"https:\\\/\\\/www.inoxforniture.it\\\/fr\\\/boutique\\\/\"},{\"@type\":\"ListItem\",\"position\":3,\"name\":\"Syst\u00e8mes pour garde-corps et balustrades\",\"item\":\"https:\\\/\\\/www.inoxforniture.it\\\/fr\\\/systemes-pour-garde-corps-et-balustrades\\\/\"},{\"@type\":\"ListItem\",\"position\":4,\"name\":\"Fixations main courante\",\"item\":\"https:\\\/\\\/www.inoxforniture.it\\\/fr\\\/fixations-main-courante\\\/\"},{\"@type\":\"ListItem\",\"position\":5,\"name\":\"SUPPORT TYPE 1 POUR MAIN COURANTE \u00d8 33,7 AISI 304 BROSS\u00c9\"}]},{\"@type\":\"WebSite\",\"@id\":\"https:\\\/\\\/www.inoxforniture.it\\\/#website\",\"url\":\"https:\\\/\\\/www.inoxforniture.it\\\/\",\"name\":\"Inox Forniture\",\"description\":\"\",\"publisher\":{\"@id\":\"https:\\\/\\\/www.inoxforniture.it\\\/#organization\"},\"potentialAction\":[{\"@type\":\"SearchAction\",\"target\":{\"@type\":\"EntryPoint\",\"urlTemplate\":\"https:\\\/\\\/www.inoxforniture.it\\\/?s={search_term_string}\"},\"query-input\":{\"@type\":\"PropertyValueSpecification\",\"valueRequired\":true,\"valueName\":\"search_term_string\"}}],\"inLanguage\":\"fr-FR\"},{\"@type\":\"Organization\",\"@id\":\"https:\\\/\\\/www.inoxforniture.it\\\/#organization\",\"name\":\"Inox Forniture srl\",\"url\":\"https:\\\/\\\/www.inoxforniture.it\\\/\",\"logo\":{\"@type\":\"ImageObject\",\"inLanguage\":\"fr-FR\",\"@id\":\"https:\\\/\\\/www.inoxforniture.it\\\/#\\\/schema\\\/logo\\\/image\\\/\",\"url\":\"https:\\\/\\\/www.inoxforniture.it\\\/wp-content\\\/uploads\\\/2021\\\/01\\\/logo_inox.png\",\"contentUrl\":\"https:\\\/\\\/www.inoxforniture.it\\\/wp-content\\\/uploads\\\/2021\\\/01\\\/logo_inox.png\",\"width\":230,\"height\":44,\"caption\":\"Inox Forniture srl\"},\"image\":{\"@id\":\"https:\\\/\\\/www.inoxforniture.it\\\/#\\\/schema\\\/logo\\\/image\\\/\"},\"sameAs\":[\"https:\\\/\\\/www.facebook.com\\\/Inox.Forniture\",\"https:\\\/\\\/x.com\\\/InoxForniture\"]}]}<\/script>\n<!-- \/ Yoast SEO plugin. -->","yoast_head_json":{"title":"SUPPORT MAIN COURANTE \u00d8 33,7 AISI 304 BROSS\u00c9 - Inox Forniture","description":"Achetez en ligne. Support inox pour main courante murale. Avec ses trois trous de fixation murale, c'est le support le plus utilis\u00e9 et facile \u00e0 installer.","robots":{"index":"index","follow":"follow","max-snippet":"max-snippet:-1","max-image-preview":"max-image-preview:large","max-video-preview":"max-video-preview:-1"},"canonical":"https:\/\/www.inoxforniture.it\/fr\/support-type-1-pour-main-courante-o-337-aisi-304-brosse\/","og_locale":"fr_FR","og_type":"article","og_title":"SUPPORT MAIN COURANTE \u00d8 33,7 AISI 304 BROSS\u00c9 - Inox Forniture","og_description":"Achetez en ligne. Support inox pour main courante murale. Avec ses trois trous de fixation murale, c'est le support le plus utilis\u00e9 et facile \u00e0 installer.","og_url":"https:\/\/www.inoxforniture.it\/fr\/support-type-1-pour-main-courante-o-337-aisi-304-brosse\/","og_site_name":"Inox Forniture","article_publisher":"https:\/\/www.facebook.com\/Inox.Forniture","article_modified_time":"2026-01-27T13:38:37+00:00","og_image":[{"width":480,"height":480,"url":"https:\/\/www.inoxforniture.it\/wp-content\/uploads\/2014\/10\/c110016_1_4.jpg","type":"image\/jpeg"}],"twitter_card":"summary_large_image","twitter_site":"@InoxForniture","twitter_misc":{"Dur\u00e9e de lecture estim\u00e9e":"2 minutes"},"schema":{"@context":"https:\/\/schema.org","@graph":[{"@type":"WebPage","@id":"https:\/\/www.inoxforniture.it\/fr\/support-type-1-pour-main-courante-o-337-aisi-304-brosse\/","url":"https:\/\/www.inoxforniture.it\/fr\/support-type-1-pour-main-courante-o-337-aisi-304-brosse\/","name":"SUPPORT MAIN COURANTE \u00d8 33,7 AISI 304 BROSS\u00c9 - Inox Forniture","isPartOf":{"@id":"https:\/\/www.inoxforniture.it\/#website"},"primaryImageOfPage":{"@id":"https:\/\/www.inoxforniture.it\/fr\/support-type-1-pour-main-courante-o-337-aisi-304-brosse\/#primaryimage"},"image":{"@id":"https:\/\/www.inoxforniture.it\/fr\/support-type-1-pour-main-courante-o-337-aisi-304-brosse\/#primaryimage"},"thumbnailUrl":"https:\/\/www.inoxforniture.it\/wp-content\/uploads\/2014\/10\/c110016_1_4.jpg","datePublished":"2014-10-17T13:38:39+00:00","dateModified":"2026-01-27T13:38:37+00:00","description":"Achetez en ligne. Support inox pour main courante murale. Avec ses trois trous de fixation murale, c'est le support le plus utilis\u00e9 et facile \u00e0 installer.","breadcrumb":{"@id":"https:\/\/www.inoxforniture.it\/fr\/support-type-1-pour-main-courante-o-337-aisi-304-brosse\/#breadcrumb"},"inLanguage":"fr-FR","potentialAction":[{"@type":"ReadAction","target":["https:\/\/www.inoxforniture.it\/fr\/support-type-1-pour-main-courante-o-337-aisi-304-brosse\/"]}]},{"@type":"ImageObject","inLanguage":"fr-FR","@id":"https:\/\/www.inoxforniture.it\/fr\/support-type-1-pour-main-courante-o-337-aisi-304-brosse\/#primaryimage","url":"https:\/\/www.inoxforniture.it\/wp-content\/uploads\/2014\/10\/c110016_1_4.jpg","contentUrl":"https:\/\/www.inoxforniture.it\/wp-content\/uploads\/2014\/10\/c110016_1_4.jpg","width":480,"height":480,"caption":"SUPPORT TYPE 1 POUR MAIN COURANTE \u00d8 33,7 AISI 304 BROSS\u00c9-0"},{"@type":"BreadcrumbList","@id":"https:\/\/www.inoxforniture.it\/fr\/support-type-1-pour-main-courante-o-337-aisi-304-brosse\/#breadcrumb","itemListElement":[{"@type":"ListItem","position":1,"name":"Accueil","item":"https:\/\/www.inoxforniture.it\/"},{"@type":"ListItem","position":2,"name":"Boutique","item":"https:\/\/www.inoxforniture.it\/fr\/boutique\/"},{"@type":"ListItem","position":3,"name":"Syst\u00e8mes pour garde-corps et balustrades","item":"https:\/\/www.inoxforniture.it\/fr\/systemes-pour-garde-corps-et-balustrades\/"},{"@type":"ListItem","position":4,"name":"Fixations main courante","item":"https:\/\/www.inoxforniture.it\/fr\/fixations-main-courante\/"},{"@type":"ListItem","position":5,"name":"SUPPORT TYPE 1 POUR MAIN COURANTE \u00d8 33,7 AISI 304 BROSS\u00c9"}]},{"@type":"WebSite","@id":"https:\/\/www.inoxforniture.it\/#website","url":"https:\/\/www.inoxforniture.it\/","name":"Inox Forniture","description":"","publisher":{"@id":"https:\/\/www.inoxforniture.it\/#organization"},"potentialAction":[{"@type":"SearchAction","target":{"@type":"EntryPoint","urlTemplate":"https:\/\/www.inoxforniture.it\/?s={search_term_string}"},"query-input":{"@type":"PropertyValueSpecification","valueRequired":true,"valueName":"search_term_string"}}],"inLanguage":"fr-FR"},{"@type":"Organization","@id":"https:\/\/www.inoxforniture.it\/#organization","name":"Inox Forniture srl","url":"https:\/\/www.inoxforniture.it\/","logo":{"@type":"ImageObject","inLanguage":"fr-FR","@id":"https:\/\/www.inoxforniture.it\/#\/schema\/logo\/image\/","url":"https:\/\/www.inoxforniture.it\/wp-content\/uploads\/2021\/01\/logo_inox.png","contentUrl":"https:\/\/www.inoxforniture.it\/wp-content\/uploads\/2021\/01\/logo_inox.png","width":230,"height":44,"caption":"Inox Forniture srl"},"image":{"@id":"https:\/\/www.inoxforniture.it\/#\/schema\/logo\/image\/"},"sameAs":["https:\/\/www.facebook.com\/Inox.Forniture","https:\/\/x.com\/InoxForniture"]}]}},"df_price":11.2,"df_sale_price":"","df_regular_price":11.2,"df_image_link":"https:\/\/www.inoxforniture.it\/wp-content\/uploads\/2014\/10\/c110016_1_4-300x300.jpg","tiered_pricing_type":"fixed","tiered_pricing_fixed_rules":{"6":8.96,"18":7.84,"50":7.28},"tiered_pricing_product_settings":{"layout":"default","base_unit_name":{"singular":null,"plural":null},"default_variation":null},"tiered_pricing_minimum_quantity":null,"tiered_pricing_roles_data":{"privato":{"product_id":60716,"role":"privato","pricing_type":"flat","regular_price":null,"sale_price":null,"discount":null,"discount_type":"sale_price","tiered_pricing_type":"fixed","percentage_rules":[],"fixed_rules":{"6":"8.9600","18":"7.8400","50":"7.2800"},"minimum":null},"azienda":{"product_id":60716,"role":"azienda","pricing_type":"flat","regular_price":8.96,"sale_price":null,"discount":null,"discount_type":"sale_price","tiered_pricing_type":"fixed","percentage_rules":[],"fixed_rules":{"18":"7.8400","50":"7.2800"},"minimum":null},"azienda_premium":{"product_id":60716,"role":"azienda_premium","pricing_type":"flat","regular_price":8.96,"sale_price":null,"discount":null,"discount_type":"sale_price","tiered_pricing_type":"fixed","percentage_rules":[],"fixed_rules":{"18":"7.8400","50":"7.2800"},"minimum":null}},"tiered_pricing_percentage_rules":[],"tiered_pricing_maximum_quantity":null,"tiered_pricing_quantity_step":null,"_links":{"self":[{"href":"https:\/\/www.inoxforniture.it\/fr\/wp-json\/wp\/v2\/product\/60716","targetHints":{"allow":["GET"]}}],"collection":[{"href":"https:\/\/www.inoxforniture.it\/fr\/wp-json\/wp\/v2\/product"}],"about":[{"href":"https:\/\/www.inoxforniture.it\/fr\/wp-json\/wp\/v2\/types\/product"}],"wp:featuredmedia":[{"embeddable":true,"href":"https:\/\/www.inoxforniture.it\/fr\/wp-json\/wp\/v2\/media\/60717"}],"wp:attachment":[{"href":"https:\/\/www.inoxforniture.it\/fr\/wp-json\/wp\/v2\/media?parent=60716"}],"wp:term":[{"taxonomy":"product_brand","embeddable":true,"href":"https:\/\/www.inoxforniture.it\/fr\/wp-json\/wp\/v2\/product_brand?post=60716"},{"taxonomy":"product_cat","embeddable":true,"href":"https:\/\/www.inoxforniture.it\/fr\/wp-json\/wp\/v2\/product_cat?post=60716"},{"taxonomy":"product_tag","embeddable":true,"href":"https:\/\/www.inoxforniture.it\/fr\/wp-json\/wp\/v2\/product_tag?post=60716"}],"curies":[{"name":"wp","href":"https:\/\/api.w.org\/{rel}","templated":true}]}}