{"id":60671,"date":"2014-10-17T13:38:40","date_gmt":"2014-10-17T11:38:40","guid":{"rendered":"https:\/\/www.inoxforniture.it\/te-pour-tube-o-424-x-2-aisi-316-brossee\/"},"modified":"2026-01-23T18:33:59","modified_gmt":"2026-01-23T17:33:59","slug":"te-pour-tube-o-424-x-2-aisi-316-brossee","status":"publish","type":"product","link":"https:\/\/www.inoxforniture.it\/fr\/te-pour-tube-o-424-x-2-aisi-316-brossee\/","title":{"rendered":"T\u00c9 POUR TUBE \u00d8 42,4 x 2 AISI 316 BROSS\u00c9E"},"content":{"rendered":"<p>Le t\u00e9 pour tube \u00d8 42,4 x 2 AISI 316 bross\u00e9e est un raccord en acier inoxydable de haute qualit\u00e9, id\u00e9al pour la r\u00e9alisation de balustrades et structures en acier. Con\u00e7u pour des tubes de 42,4 mm de diam\u00e8tre et 2 mm d&rsquo;\u00e9paisseur, ce produit offre une r\u00e9sistance et une durabilit\u00e9 exceptionnelles. Parfait pour les applications int\u00e9rieures et ext\u00e9rieures, le t\u00e9 assure une installation simple et s\u00fbre.  <\/p>\n","protected":false},"excerpt":{"rendered":"<p>T\u00e9 en acier inoxydable AISI 316 bross\u00e9e pour tubes \u00d8 42,4 x 2 mm, id\u00e9al pour balustrades et structures en acier.<\/p>\n","protected":false},"featured_media":60672,"template":"","meta":{"_acf_changed":false},"product_brand":[],"product_cat":[4120],"product_tag":[4351,4690,4678,4691],"class_list":{"0":"post-60671","1":"product","2":"type-product","3":"status-publish","4":"has-post-thumbnail","6":"product_cat-raccords","7":"product_tag-acier-inoxydable","8":"product_tag-aisi-316","9":"product_tag-raccord-tubes","10":"product_tag-te","11":"pa_marchio-inox-forniture","12":"pa_prodotto-te-pour-tube-o-424-x-2-aisi-316-brossee","14":"first","15":"instock","16":"taxable","17":"shipping-taxable","18":"purchasable","19":"product-type-simple"},"acf":[],"yoast_head":"<!-- This site is optimized with the Yoast SEO plugin v27.3 - https:\/\/yoast.com\/product\/yoast-seo-wordpress\/ -->\n<title>T\u00e9 pour tube \u00d8 42,4 x2 AISI 316 bross\u00e9e - Inox Forniture<\/title>\n<meta name=\"description\" content=\"T\u00e9 en acier inoxydable AISI 316 bross\u00e9e pour tubes \u00d8 42,4 x 2 mm. Id\u00e9al pour balustrades et structures en acier. Achetez en ligne sur Inox Forniture.\" \/>\n<meta name=\"robots\" content=\"index, follow, max-snippet:-1, max-image-preview:large, max-video-preview:-1\" \/>\n<link rel=\"canonical\" href=\"https:\/\/www.inoxforniture.it\/fr\/te-pour-tube-o-424-x-2-aisi-316-brossee\/\" \/>\n<meta property=\"og:locale\" content=\"fr_FR\" \/>\n<meta property=\"og:type\" content=\"article\" \/>\n<meta property=\"og:title\" content=\"T\u00e9 pour tube \u00d8 42,4 x2 AISI 316 bross\u00e9e - Inox Forniture\" \/>\n<meta property=\"og:description\" content=\"T\u00e9 en acier inoxydable AISI 316 bross\u00e9e pour tubes \u00d8 42,4 x 2 mm. Id\u00e9al pour balustrades et structures en acier. Achetez en ligne sur Inox Forniture.\" \/>\n<meta property=\"og:url\" content=\"https:\/\/www.inoxforniture.it\/fr\/te-pour-tube-o-424-x-2-aisi-316-brossee\/\" \/>\n<meta property=\"og:site_name\" content=\"Inox Forniture\" \/>\n<meta property=\"article:publisher\" content=\"https:\/\/www.facebook.com\/Inox.Forniture\" \/>\n<meta property=\"article:modified_time\" content=\"2026-01-23T17:33:59+00:00\" \/>\n<meta property=\"og:image\" content=\"https:\/\/www.inoxforniture.it\/wp-content\/uploads\/2014\/10\/c110203_1_1.jpg\" \/>\n\t<meta property=\"og:image:width\" content=\"480\" \/>\n\t<meta property=\"og:image:height\" content=\"480\" \/>\n\t<meta property=\"og:image:type\" content=\"image\/jpeg\" \/>\n<meta name=\"twitter:card\" content=\"summary_large_image\" \/>\n<meta name=\"twitter:site\" content=\"@InoxForniture\" \/>\n<script type=\"application\/ld+json\" class=\"yoast-schema-graph\">{\"@context\":\"https:\\\/\\\/schema.org\",\"@graph\":[{\"@type\":\"WebPage\",\"@id\":\"https:\\\/\\\/www.inoxforniture.it\\\/fr\\\/te-pour-tube-o-424-x-2-aisi-316-brossee\\\/\",\"url\":\"https:\\\/\\\/www.inoxforniture.it\\\/fr\\\/te-pour-tube-o-424-x-2-aisi-316-brossee\\\/\",\"name\":\"T\u00e9 pour tube \u00d8 42,4 x2 AISI 316 bross\u00e9e - Inox Forniture\",\"isPartOf\":{\"@id\":\"https:\\\/\\\/www.inoxforniture.it\\\/#website\"},\"primaryImageOfPage\":{\"@id\":\"https:\\\/\\\/www.inoxforniture.it\\\/fr\\\/te-pour-tube-o-424-x-2-aisi-316-brossee\\\/#primaryimage\"},\"image\":{\"@id\":\"https:\\\/\\\/www.inoxforniture.it\\\/fr\\\/te-pour-tube-o-424-x-2-aisi-316-brossee\\\/#primaryimage\"},\"thumbnailUrl\":\"https:\\\/\\\/www.inoxforniture.it\\\/wp-content\\\/uploads\\\/2014\\\/10\\\/c110203_1_1.jpg\",\"datePublished\":\"2014-10-17T11:38:40+00:00\",\"dateModified\":\"2026-01-23T17:33:59+00:00\",\"description\":\"T\u00e9 en acier inoxydable AISI 316 bross\u00e9e pour tubes \u00d8 42,4 x 2 mm. Id\u00e9al pour balustrades et structures en acier. Achetez en ligne sur Inox Forniture.\",\"breadcrumb\":{\"@id\":\"https:\\\/\\\/www.inoxforniture.it\\\/fr\\\/te-pour-tube-o-424-x-2-aisi-316-brossee\\\/#breadcrumb\"},\"inLanguage\":\"fr-FR\",\"potentialAction\":[{\"@type\":\"ReadAction\",\"target\":[\"https:\\\/\\\/www.inoxforniture.it\\\/fr\\\/te-pour-tube-o-424-x-2-aisi-316-brossee\\\/\"]}]},{\"@type\":\"ImageObject\",\"inLanguage\":\"fr-FR\",\"@id\":\"https:\\\/\\\/www.inoxforniture.it\\\/fr\\\/te-pour-tube-o-424-x-2-aisi-316-brossee\\\/#primaryimage\",\"url\":\"https:\\\/\\\/www.inoxforniture.it\\\/wp-content\\\/uploads\\\/2014\\\/10\\\/c110203_1_1.jpg\",\"contentUrl\":\"https:\\\/\\\/www.inoxforniture.it\\\/wp-content\\\/uploads\\\/2014\\\/10\\\/c110203_1_1.jpg\",\"width\":480,\"height\":480,\"caption\":\"T\u00e9 pour tube \u00d8 42,4 x 2 AISI 316 bross\u00e9e, id\u00e9al pour balustrades et structures en acier.\"},{\"@type\":\"BreadcrumbList\",\"@id\":\"https:\\\/\\\/www.inoxforniture.it\\\/fr\\\/te-pour-tube-o-424-x-2-aisi-316-brossee\\\/#breadcrumb\",\"itemListElement\":[{\"@type\":\"ListItem\",\"position\":1,\"name\":\"Accueil\",\"item\":\"https:\\\/\\\/www.inoxforniture.it\\\/\"},{\"@type\":\"ListItem\",\"position\":2,\"name\":\"Boutique\",\"item\":\"https:\\\/\\\/www.inoxforniture.it\\\/fr\\\/boutique\\\/\"},{\"@type\":\"ListItem\",\"position\":3,\"name\":\"Syst\u00e8mes pour garde-corps et balustrades\",\"item\":\"https:\\\/\\\/www.inoxforniture.it\\\/fr\\\/systemes-pour-garde-corps-et-balustrades\\\/\"},{\"@type\":\"ListItem\",\"position\":4,\"name\":\"Raccords\",\"item\":\"https:\\\/\\\/www.inoxforniture.it\\\/fr\\\/raccords\\\/\"},{\"@type\":\"ListItem\",\"position\":5,\"name\":\"T\u00c9 POUR TUBE \u00d8 42,4 x 2 AISI 316 BROSS\u00c9E\"}]},{\"@type\":\"WebSite\",\"@id\":\"https:\\\/\\\/www.inoxforniture.it\\\/#website\",\"url\":\"https:\\\/\\\/www.inoxforniture.it\\\/\",\"name\":\"Inox Forniture\",\"description\":\"\",\"publisher\":{\"@id\":\"https:\\\/\\\/www.inoxforniture.it\\\/#organization\"},\"potentialAction\":[{\"@type\":\"SearchAction\",\"target\":{\"@type\":\"EntryPoint\",\"urlTemplate\":\"https:\\\/\\\/www.inoxforniture.it\\\/?s={search_term_string}\"},\"query-input\":{\"@type\":\"PropertyValueSpecification\",\"valueRequired\":true,\"valueName\":\"search_term_string\"}}],\"inLanguage\":\"fr-FR\"},{\"@type\":\"Organization\",\"@id\":\"https:\\\/\\\/www.inoxforniture.it\\\/#organization\",\"name\":\"Inox Forniture srl\",\"url\":\"https:\\\/\\\/www.inoxforniture.it\\\/\",\"logo\":{\"@type\":\"ImageObject\",\"inLanguage\":\"fr-FR\",\"@id\":\"https:\\\/\\\/www.inoxforniture.it\\\/#\\\/schema\\\/logo\\\/image\\\/\",\"url\":\"https:\\\/\\\/www.inoxforniture.it\\\/wp-content\\\/uploads\\\/2021\\\/01\\\/logo_inox.png\",\"contentUrl\":\"https:\\\/\\\/www.inoxforniture.it\\\/wp-content\\\/uploads\\\/2021\\\/01\\\/logo_inox.png\",\"width\":230,\"height\":44,\"caption\":\"Inox Forniture srl\"},\"image\":{\"@id\":\"https:\\\/\\\/www.inoxforniture.it\\\/#\\\/schema\\\/logo\\\/image\\\/\"},\"sameAs\":[\"https:\\\/\\\/www.facebook.com\\\/Inox.Forniture\",\"https:\\\/\\\/x.com\\\/InoxForniture\"]}]}<\/script>\n<!-- \/ Yoast SEO plugin. -->","yoast_head_json":{"title":"T\u00e9 pour tube \u00d8 42,4 x2 AISI 316 bross\u00e9e - Inox Forniture","description":"T\u00e9 en acier inoxydable AISI 316 bross\u00e9e pour tubes \u00d8 42,4 x 2 mm. Id\u00e9al pour balustrades et structures en acier. Achetez en ligne sur Inox Forniture.","robots":{"index":"index","follow":"follow","max-snippet":"max-snippet:-1","max-image-preview":"max-image-preview:large","max-video-preview":"max-video-preview:-1"},"canonical":"https:\/\/www.inoxforniture.it\/fr\/te-pour-tube-o-424-x-2-aisi-316-brossee\/","og_locale":"fr_FR","og_type":"article","og_title":"T\u00e9 pour tube \u00d8 42,4 x2 AISI 316 bross\u00e9e - Inox Forniture","og_description":"T\u00e9 en acier inoxydable AISI 316 bross\u00e9e pour tubes \u00d8 42,4 x 2 mm. Id\u00e9al pour balustrades et structures en acier. Achetez en ligne sur Inox Forniture.","og_url":"https:\/\/www.inoxforniture.it\/fr\/te-pour-tube-o-424-x-2-aisi-316-brossee\/","og_site_name":"Inox Forniture","article_publisher":"https:\/\/www.facebook.com\/Inox.Forniture","article_modified_time":"2026-01-23T17:33:59+00:00","og_image":[{"width":480,"height":480,"url":"https:\/\/www.inoxforniture.it\/wp-content\/uploads\/2014\/10\/c110203_1_1.jpg","type":"image\/jpeg"}],"twitter_card":"summary_large_image","twitter_site":"@InoxForniture","schema":{"@context":"https:\/\/schema.org","@graph":[{"@type":"WebPage","@id":"https:\/\/www.inoxforniture.it\/fr\/te-pour-tube-o-424-x-2-aisi-316-brossee\/","url":"https:\/\/www.inoxforniture.it\/fr\/te-pour-tube-o-424-x-2-aisi-316-brossee\/","name":"T\u00e9 pour tube \u00d8 42,4 x2 AISI 316 bross\u00e9e - Inox Forniture","isPartOf":{"@id":"https:\/\/www.inoxforniture.it\/#website"},"primaryImageOfPage":{"@id":"https:\/\/www.inoxforniture.it\/fr\/te-pour-tube-o-424-x-2-aisi-316-brossee\/#primaryimage"},"image":{"@id":"https:\/\/www.inoxforniture.it\/fr\/te-pour-tube-o-424-x-2-aisi-316-brossee\/#primaryimage"},"thumbnailUrl":"https:\/\/www.inoxforniture.it\/wp-content\/uploads\/2014\/10\/c110203_1_1.jpg","datePublished":"2014-10-17T11:38:40+00:00","dateModified":"2026-01-23T17:33:59+00:00","description":"T\u00e9 en acier inoxydable AISI 316 bross\u00e9e pour tubes \u00d8 42,4 x 2 mm. Id\u00e9al pour balustrades et structures en acier. Achetez en ligne sur Inox Forniture.","breadcrumb":{"@id":"https:\/\/www.inoxforniture.it\/fr\/te-pour-tube-o-424-x-2-aisi-316-brossee\/#breadcrumb"},"inLanguage":"fr-FR","potentialAction":[{"@type":"ReadAction","target":["https:\/\/www.inoxforniture.it\/fr\/te-pour-tube-o-424-x-2-aisi-316-brossee\/"]}]},{"@type":"ImageObject","inLanguage":"fr-FR","@id":"https:\/\/www.inoxforniture.it\/fr\/te-pour-tube-o-424-x-2-aisi-316-brossee\/#primaryimage","url":"https:\/\/www.inoxforniture.it\/wp-content\/uploads\/2014\/10\/c110203_1_1.jpg","contentUrl":"https:\/\/www.inoxforniture.it\/wp-content\/uploads\/2014\/10\/c110203_1_1.jpg","width":480,"height":480,"caption":"T\u00e9 pour tube \u00d8 42,4 x 2 AISI 316 bross\u00e9e, id\u00e9al pour balustrades et structures en acier."},{"@type":"BreadcrumbList","@id":"https:\/\/www.inoxforniture.it\/fr\/te-pour-tube-o-424-x-2-aisi-316-brossee\/#breadcrumb","itemListElement":[{"@type":"ListItem","position":1,"name":"Accueil","item":"https:\/\/www.inoxforniture.it\/"},{"@type":"ListItem","position":2,"name":"Boutique","item":"https:\/\/www.inoxforniture.it\/fr\/boutique\/"},{"@type":"ListItem","position":3,"name":"Syst\u00e8mes pour garde-corps et balustrades","item":"https:\/\/www.inoxforniture.it\/fr\/systemes-pour-garde-corps-et-balustrades\/"},{"@type":"ListItem","position":4,"name":"Raccords","item":"https:\/\/www.inoxforniture.it\/fr\/raccords\/"},{"@type":"ListItem","position":5,"name":"T\u00c9 POUR TUBE \u00d8 42,4 x 2 AISI 316 BROSS\u00c9E"}]},{"@type":"WebSite","@id":"https:\/\/www.inoxforniture.it\/#website","url":"https:\/\/www.inoxforniture.it\/","name":"Inox Forniture","description":"","publisher":{"@id":"https:\/\/www.inoxforniture.it\/#organization"},"potentialAction":[{"@type":"SearchAction","target":{"@type":"EntryPoint","urlTemplate":"https:\/\/www.inoxforniture.it\/?s={search_term_string}"},"query-input":{"@type":"PropertyValueSpecification","valueRequired":true,"valueName":"search_term_string"}}],"inLanguage":"fr-FR"},{"@type":"Organization","@id":"https:\/\/www.inoxforniture.it\/#organization","name":"Inox Forniture srl","url":"https:\/\/www.inoxforniture.it\/","logo":{"@type":"ImageObject","inLanguage":"fr-FR","@id":"https:\/\/www.inoxforniture.it\/#\/schema\/logo\/image\/","url":"https:\/\/www.inoxforniture.it\/wp-content\/uploads\/2021\/01\/logo_inox.png","contentUrl":"https:\/\/www.inoxforniture.it\/wp-content\/uploads\/2021\/01\/logo_inox.png","width":230,"height":44,"caption":"Inox Forniture srl"},"image":{"@id":"https:\/\/www.inoxforniture.it\/#\/schema\/logo\/image\/"},"sameAs":["https:\/\/www.facebook.com\/Inox.Forniture","https:\/\/x.com\/InoxForniture"]}]}},"df_price":24.2,"df_sale_price":"","df_regular_price":24.2,"df_image_link":"https:\/\/www.inoxforniture.it\/wp-content\/uploads\/2014\/10\/c110203_1_1-300x300.jpg","tiered_pricing_type":"fixed","tiered_pricing_fixed_rules":{"5":19.36,"15":16.94,"50":15.73},"tiered_pricing_product_settings":{"layout":"default","base_unit_name":{"singular":null,"plural":null},"default_variation":null},"tiered_pricing_minimum_quantity":null,"tiered_pricing_roles_data":{"privato":{"product_id":60671,"role":"privato","pricing_type":"flat","regular_price":null,"sale_price":null,"discount":null,"discount_type":"sale_price","tiered_pricing_type":"fixed","percentage_rules":[],"fixed_rules":{"5":"19.3600","15":"16.9400","50":"15.7300"},"minimum":null},"azienda":{"product_id":60671,"role":"azienda","pricing_type":"flat","regular_price":19.36,"sale_price":null,"discount":null,"discount_type":"sale_price","tiered_pricing_type":"fixed","percentage_rules":[],"fixed_rules":{"15":"16.9400","50":"15.7300"},"minimum":null},"azienda_premium":{"product_id":60671,"role":"azienda_premium","pricing_type":"flat","regular_price":19.36,"sale_price":null,"discount":null,"discount_type":"sale_price","tiered_pricing_type":"fixed","percentage_rules":[],"fixed_rules":{"15":"16.9400","50":"15.7300"},"minimum":null}},"tiered_pricing_percentage_rules":[],"tiered_pricing_maximum_quantity":null,"tiered_pricing_quantity_step":null,"_links":{"self":[{"href":"https:\/\/www.inoxforniture.it\/fr\/wp-json\/wp\/v2\/product\/60671","targetHints":{"allow":["GET"]}}],"collection":[{"href":"https:\/\/www.inoxforniture.it\/fr\/wp-json\/wp\/v2\/product"}],"about":[{"href":"https:\/\/www.inoxforniture.it\/fr\/wp-json\/wp\/v2\/types\/product"}],"wp:featuredmedia":[{"embeddable":true,"href":"https:\/\/www.inoxforniture.it\/fr\/wp-json\/wp\/v2\/media\/60672"}],"wp:attachment":[{"href":"https:\/\/www.inoxforniture.it\/fr\/wp-json\/wp\/v2\/media?parent=60671"}],"wp:term":[{"taxonomy":"product_brand","embeddable":true,"href":"https:\/\/www.inoxforniture.it\/fr\/wp-json\/wp\/v2\/product_brand?post=60671"},{"taxonomy":"product_cat","embeddable":true,"href":"https:\/\/www.inoxforniture.it\/fr\/wp-json\/wp\/v2\/product_cat?post=60671"},{"taxonomy":"product_tag","embeddable":true,"href":"https:\/\/www.inoxforniture.it\/fr\/wp-json\/wp\/v2\/product_tag?post=60671"}],"curies":[{"name":"wp","href":"https:\/\/api.w.org\/{rel}","templated":true}]}}