{"id":60521,"date":"2014-10-17T11:29:10","date_gmt":"2014-10-17T09:29:10","guid":{"rendered":"https:\/\/www.inoxforniture.it\/verrou-a-tige-plate-inox-aisi-304-largeur-27-longueur-100\/"},"modified":"2026-01-23T18:33:32","modified_gmt":"2026-01-23T17:33:32","slug":"verrou-a-tige-plate-inox-aisi-304-largeur-27-longueur-100","status":"publish","type":"product","link":"https:\/\/www.inoxforniture.it\/fr\/verrou-a-tige-plate-inox-aisi-304-largeur-27-longueur-100\/","title":{"rendered":"Verrou \u00e0 tige plate INOX AISI 304 Largeur 27 Longueur 100"},"content":{"rendered":"<p>&#8211; Verrou transversal ultra l\u00e9ger \u00e0 tige plate tout inox.<br \/>\n&#8211; Verrou transversal ultra l\u00e9ger \u00e0 tige plate en acier inoxydable.<\/p>\n","protected":false},"excerpt":{"rendered":"<p>&#8211; Verrou transversal ultra l\u00e9ger \u00e0 tige plate tout inox.<br \/>\n&#8211; Verrou transversal ultra l\u00e9ger \u00e0 tige plate en acier inoxydable.<\/p>\n","protected":false},"featured_media":60522,"template":"","meta":{"_acf_changed":false},"product_brand":[],"product_cat":[4128],"product_tag":[4532,4531,4533,4534,4530],"class_list":{"0":"post-60521","1":"product","2":"type-product","3":"status-publish","4":"has-post-thumbnail","6":"product_cat-verrous","7":"product_tag-loquet-inox","8":"product_tag-pene-inox","9":"product_tag-verrou-a-pene-inox","10":"product_tag-verrou-de-surete-inox","11":"product_tag-verrou-inox","12":"pa_marchio-inox-forniture","13":"pa_prodotto-verrou-a-tige-plate-inox-largeur-27-longueur-100","15":"first","16":"instock","17":"taxable","18":"shipping-taxable","19":"purchasable","20":"product-type-simple"},"acf":[],"yoast_head":"<!-- This site is optimized with the Yoast SEO plugin v27.3 - https:\/\/yoast.com\/product\/yoast-seo-wordpress\/ -->\n<title>Verrou \u00e0 tige plate INOX AISI 304 Largeur 27 Longueur 100 - Inox Forniture<\/title>\n<meta name=\"robots\" content=\"index, follow, max-snippet:-1, max-image-preview:large, max-video-preview:-1\" \/>\n<link rel=\"canonical\" href=\"https:\/\/www.inoxforniture.it\/fr\/verrou-a-tige-plate-inox-aisi-304-largeur-27-longueur-100\/\" \/>\n<meta property=\"og:locale\" content=\"fr_FR\" \/>\n<meta property=\"og:type\" content=\"article\" \/>\n<meta property=\"og:title\" content=\"Verrou \u00e0 tige plate INOX AISI 304 Largeur 27 Longueur 100 - Inox Forniture\" \/>\n<meta property=\"og:description\" content=\"- Verrou transversal ultra l\u00e9ger \u00e0 tige plate tout inox. - Verrou transversal ultra l\u00e9ger \u00e0 tige plate en acier inoxydable.\" \/>\n<meta property=\"og:url\" content=\"https:\/\/www.inoxforniture.it\/fr\/verrou-a-tige-plate-inox-aisi-304-largeur-27-longueur-100\/\" \/>\n<meta property=\"og:site_name\" content=\"Inox Forniture\" \/>\n<meta property=\"article:publisher\" content=\"https:\/\/www.facebook.com\/Inox.Forniture\" \/>\n<meta property=\"article:modified_time\" content=\"2026-01-23T17:33:32+00:00\" \/>\n<meta property=\"og:image\" content=\"https:\/\/www.inoxforniture.it\/wp-content\/uploads\/2014\/10\/9360002_1_1.jpg\" \/>\n\t<meta property=\"og:image:width\" content=\"480\" \/>\n\t<meta property=\"og:image:height\" content=\"480\" \/>\n\t<meta property=\"og:image:type\" content=\"image\/jpeg\" \/>\n<meta name=\"twitter:card\" content=\"summary_large_image\" \/>\n<meta name=\"twitter:site\" content=\"@InoxForniture\" \/>\n<script type=\"application\/ld+json\" class=\"yoast-schema-graph\">{\"@context\":\"https:\\\/\\\/schema.org\",\"@graph\":[{\"@type\":\"WebPage\",\"@id\":\"https:\\\/\\\/www.inoxforniture.it\\\/fr\\\/verrou-a-tige-plate-inox-aisi-304-largeur-27-longueur-100\\\/\",\"url\":\"https:\\\/\\\/www.inoxforniture.it\\\/fr\\\/verrou-a-tige-plate-inox-aisi-304-largeur-27-longueur-100\\\/\",\"name\":\"Verrou \u00e0 tige plate INOX AISI 304 Largeur 27 Longueur 100 - Inox Forniture\",\"isPartOf\":{\"@id\":\"https:\\\/\\\/www.inoxforniture.it\\\/#website\"},\"primaryImageOfPage\":{\"@id\":\"https:\\\/\\\/www.inoxforniture.it\\\/fr\\\/verrou-a-tige-plate-inox-aisi-304-largeur-27-longueur-100\\\/#primaryimage\"},\"image\":{\"@id\":\"https:\\\/\\\/www.inoxforniture.it\\\/fr\\\/verrou-a-tige-plate-inox-aisi-304-largeur-27-longueur-100\\\/#primaryimage\"},\"thumbnailUrl\":\"https:\\\/\\\/www.inoxforniture.it\\\/wp-content\\\/uploads\\\/2014\\\/10\\\/9360002_1_1.jpg\",\"datePublished\":\"2014-10-17T09:29:10+00:00\",\"dateModified\":\"2026-01-23T17:33:32+00:00\",\"breadcrumb\":{\"@id\":\"https:\\\/\\\/www.inoxforniture.it\\\/fr\\\/verrou-a-tige-plate-inox-aisi-304-largeur-27-longueur-100\\\/#breadcrumb\"},\"inLanguage\":\"fr-FR\",\"potentialAction\":[{\"@type\":\"ReadAction\",\"target\":[\"https:\\\/\\\/www.inoxforniture.it\\\/fr\\\/verrou-a-tige-plate-inox-aisi-304-largeur-27-longueur-100\\\/\"]}]},{\"@type\":\"ImageObject\",\"inLanguage\":\"fr-FR\",\"@id\":\"https:\\\/\\\/www.inoxforniture.it\\\/fr\\\/verrou-a-tige-plate-inox-aisi-304-largeur-27-longueur-100\\\/#primaryimage\",\"url\":\"https:\\\/\\\/www.inoxforniture.it\\\/wp-content\\\/uploads\\\/2014\\\/10\\\/9360002_1_1.jpg\",\"contentUrl\":\"https:\\\/\\\/www.inoxforniture.it\\\/wp-content\\\/uploads\\\/2014\\\/10\\\/9360002_1_1.jpg\",\"width\":480,\"height\":480,\"caption\":\"Verrou \u00e0 tige plate INOX AISI 304 Largeur 27 Longueur 100-0\"},{\"@type\":\"BreadcrumbList\",\"@id\":\"https:\\\/\\\/www.inoxforniture.it\\\/fr\\\/verrou-a-tige-plate-inox-aisi-304-largeur-27-longueur-100\\\/#breadcrumb\",\"itemListElement\":[{\"@type\":\"ListItem\",\"position\":1,\"name\":\"Accueil\",\"item\":\"https:\\\/\\\/www.inoxforniture.it\\\/\"},{\"@type\":\"ListItem\",\"position\":2,\"name\":\"Boutique\",\"item\":\"https:\\\/\\\/www.inoxforniture.it\\\/fr\\\/boutique\\\/\"},{\"@type\":\"ListItem\",\"position\":3,\"name\":\"Quincaillerie inox\",\"item\":\"https:\\\/\\\/www.inoxforniture.it\\\/fr\\\/quincaillerie-inox\\\/\"},{\"@type\":\"ListItem\",\"position\":4,\"name\":\"Charni\u00e8res, fermetures et poign\u00e9es\",\"item\":\"https:\\\/\\\/www.inoxforniture.it\\\/fr\\\/charnieres-fermetures-et-poignees\\\/\"},{\"@type\":\"ListItem\",\"position\":5,\"name\":\"Verrous\",\"item\":\"https:\\\/\\\/www.inoxforniture.it\\\/fr\\\/verrous\\\/\"},{\"@type\":\"ListItem\",\"position\":6,\"name\":\"Verrou \u00e0 tige plate INOX AISI 304 Largeur 27 Longueur 100\"}]},{\"@type\":\"WebSite\",\"@id\":\"https:\\\/\\\/www.inoxforniture.it\\\/#website\",\"url\":\"https:\\\/\\\/www.inoxforniture.it\\\/\",\"name\":\"Inox Forniture\",\"description\":\"\",\"publisher\":{\"@id\":\"https:\\\/\\\/www.inoxforniture.it\\\/#organization\"},\"potentialAction\":[{\"@type\":\"SearchAction\",\"target\":{\"@type\":\"EntryPoint\",\"urlTemplate\":\"https:\\\/\\\/www.inoxforniture.it\\\/?s={search_term_string}\"},\"query-input\":{\"@type\":\"PropertyValueSpecification\",\"valueRequired\":true,\"valueName\":\"search_term_string\"}}],\"inLanguage\":\"fr-FR\"},{\"@type\":\"Organization\",\"@id\":\"https:\\\/\\\/www.inoxforniture.it\\\/#organization\",\"name\":\"Inox Forniture srl\",\"url\":\"https:\\\/\\\/www.inoxforniture.it\\\/\",\"logo\":{\"@type\":\"ImageObject\",\"inLanguage\":\"fr-FR\",\"@id\":\"https:\\\/\\\/www.inoxforniture.it\\\/#\\\/schema\\\/logo\\\/image\\\/\",\"url\":\"https:\\\/\\\/www.inoxforniture.it\\\/wp-content\\\/uploads\\\/2021\\\/01\\\/logo_inox.png\",\"contentUrl\":\"https:\\\/\\\/www.inoxforniture.it\\\/wp-content\\\/uploads\\\/2021\\\/01\\\/logo_inox.png\",\"width\":230,\"height\":44,\"caption\":\"Inox Forniture srl\"},\"image\":{\"@id\":\"https:\\\/\\\/www.inoxforniture.it\\\/#\\\/schema\\\/logo\\\/image\\\/\"},\"sameAs\":[\"https:\\\/\\\/www.facebook.com\\\/Inox.Forniture\",\"https:\\\/\\\/x.com\\\/InoxForniture\"]}]}<\/script>\n<!-- \/ Yoast SEO plugin. -->","yoast_head_json":{"title":"Verrou \u00e0 tige plate INOX AISI 304 Largeur 27 Longueur 100 - Inox Forniture","robots":{"index":"index","follow":"follow","max-snippet":"max-snippet:-1","max-image-preview":"max-image-preview:large","max-video-preview":"max-video-preview:-1"},"canonical":"https:\/\/www.inoxforniture.it\/fr\/verrou-a-tige-plate-inox-aisi-304-largeur-27-longueur-100\/","og_locale":"fr_FR","og_type":"article","og_title":"Verrou \u00e0 tige plate INOX AISI 304 Largeur 27 Longueur 100 - Inox Forniture","og_description":"- Verrou transversal ultra l\u00e9ger \u00e0 tige plate tout inox. - Verrou transversal ultra l\u00e9ger \u00e0 tige plate en acier inoxydable.","og_url":"https:\/\/www.inoxforniture.it\/fr\/verrou-a-tige-plate-inox-aisi-304-largeur-27-longueur-100\/","og_site_name":"Inox Forniture","article_publisher":"https:\/\/www.facebook.com\/Inox.Forniture","article_modified_time":"2026-01-23T17:33:32+00:00","og_image":[{"width":480,"height":480,"url":"https:\/\/www.inoxforniture.it\/wp-content\/uploads\/2014\/10\/9360002_1_1.jpg","type":"image\/jpeg"}],"twitter_card":"summary_large_image","twitter_site":"@InoxForniture","schema":{"@context":"https:\/\/schema.org","@graph":[{"@type":"WebPage","@id":"https:\/\/www.inoxforniture.it\/fr\/verrou-a-tige-plate-inox-aisi-304-largeur-27-longueur-100\/","url":"https:\/\/www.inoxforniture.it\/fr\/verrou-a-tige-plate-inox-aisi-304-largeur-27-longueur-100\/","name":"Verrou \u00e0 tige plate INOX AISI 304 Largeur 27 Longueur 100 - Inox Forniture","isPartOf":{"@id":"https:\/\/www.inoxforniture.it\/#website"},"primaryImageOfPage":{"@id":"https:\/\/www.inoxforniture.it\/fr\/verrou-a-tige-plate-inox-aisi-304-largeur-27-longueur-100\/#primaryimage"},"image":{"@id":"https:\/\/www.inoxforniture.it\/fr\/verrou-a-tige-plate-inox-aisi-304-largeur-27-longueur-100\/#primaryimage"},"thumbnailUrl":"https:\/\/www.inoxforniture.it\/wp-content\/uploads\/2014\/10\/9360002_1_1.jpg","datePublished":"2014-10-17T09:29:10+00:00","dateModified":"2026-01-23T17:33:32+00:00","breadcrumb":{"@id":"https:\/\/www.inoxforniture.it\/fr\/verrou-a-tige-plate-inox-aisi-304-largeur-27-longueur-100\/#breadcrumb"},"inLanguage":"fr-FR","potentialAction":[{"@type":"ReadAction","target":["https:\/\/www.inoxforniture.it\/fr\/verrou-a-tige-plate-inox-aisi-304-largeur-27-longueur-100\/"]}]},{"@type":"ImageObject","inLanguage":"fr-FR","@id":"https:\/\/www.inoxforniture.it\/fr\/verrou-a-tige-plate-inox-aisi-304-largeur-27-longueur-100\/#primaryimage","url":"https:\/\/www.inoxforniture.it\/wp-content\/uploads\/2014\/10\/9360002_1_1.jpg","contentUrl":"https:\/\/www.inoxforniture.it\/wp-content\/uploads\/2014\/10\/9360002_1_1.jpg","width":480,"height":480,"caption":"Verrou \u00e0 tige plate INOX AISI 304 Largeur 27 Longueur 100-0"},{"@type":"BreadcrumbList","@id":"https:\/\/www.inoxforniture.it\/fr\/verrou-a-tige-plate-inox-aisi-304-largeur-27-longueur-100\/#breadcrumb","itemListElement":[{"@type":"ListItem","position":1,"name":"Accueil","item":"https:\/\/www.inoxforniture.it\/"},{"@type":"ListItem","position":2,"name":"Boutique","item":"https:\/\/www.inoxforniture.it\/fr\/boutique\/"},{"@type":"ListItem","position":3,"name":"Quincaillerie inox","item":"https:\/\/www.inoxforniture.it\/fr\/quincaillerie-inox\/"},{"@type":"ListItem","position":4,"name":"Charni\u00e8res, fermetures et poign\u00e9es","item":"https:\/\/www.inoxforniture.it\/fr\/charnieres-fermetures-et-poignees\/"},{"@type":"ListItem","position":5,"name":"Verrous","item":"https:\/\/www.inoxforniture.it\/fr\/verrous\/"},{"@type":"ListItem","position":6,"name":"Verrou \u00e0 tige plate INOX AISI 304 Largeur 27 Longueur 100"}]},{"@type":"WebSite","@id":"https:\/\/www.inoxforniture.it\/#website","url":"https:\/\/www.inoxforniture.it\/","name":"Inox Forniture","description":"","publisher":{"@id":"https:\/\/www.inoxforniture.it\/#organization"},"potentialAction":[{"@type":"SearchAction","target":{"@type":"EntryPoint","urlTemplate":"https:\/\/www.inoxforniture.it\/?s={search_term_string}"},"query-input":{"@type":"PropertyValueSpecification","valueRequired":true,"valueName":"search_term_string"}}],"inLanguage":"fr-FR"},{"@type":"Organization","@id":"https:\/\/www.inoxforniture.it\/#organization","name":"Inox Forniture srl","url":"https:\/\/www.inoxforniture.it\/","logo":{"@type":"ImageObject","inLanguage":"fr-FR","@id":"https:\/\/www.inoxforniture.it\/#\/schema\/logo\/image\/","url":"https:\/\/www.inoxforniture.it\/wp-content\/uploads\/2021\/01\/logo_inox.png","contentUrl":"https:\/\/www.inoxforniture.it\/wp-content\/uploads\/2021\/01\/logo_inox.png","width":230,"height":44,"caption":"Inox Forniture srl"},"image":{"@id":"https:\/\/www.inoxforniture.it\/#\/schema\/logo\/image\/"},"sameAs":["https:\/\/www.facebook.com\/Inox.Forniture","https:\/\/x.com\/InoxForniture"]}]}},"df_price":5.76,"df_sale_price":"","df_regular_price":5.76,"df_image_link":"https:\/\/www.inoxforniture.it\/wp-content\/uploads\/2014\/10\/9360002_1_1-300x300.jpg","tiered_pricing_type":"fixed","tiered_pricing_fixed_rules":{"10":4.61,"20":4.04,"80":3.75},"tiered_pricing_product_settings":{"layout":"default","base_unit_name":{"singular":null,"plural":null},"default_variation":null},"tiered_pricing_minimum_quantity":null,"tiered_pricing_roles_data":{"privato":{"product_id":60521,"role":"privato","pricing_type":"flat","regular_price":null,"sale_price":null,"discount":null,"discount_type":"sale_price","tiered_pricing_type":"fixed","percentage_rules":[],"fixed_rules":{"10":"4.61","20":"4.04","80":"3.75"},"minimum":null},"azienda":{"product_id":60521,"role":"azienda","pricing_type":"flat","regular_price":4.61,"sale_price":null,"discount":null,"discount_type":"sale_price","tiered_pricing_type":"fixed","percentage_rules":[],"fixed_rules":{"20":"4.04","80":"3.75"},"minimum":null},"azienda_premium":{"product_id":60521,"role":"azienda_premium","pricing_type":"flat","regular_price":4.61,"sale_price":null,"discount":null,"discount_type":"sale_price","tiered_pricing_type":"fixed","percentage_rules":[],"fixed_rules":{"20":"4.04","80":"3.75"},"minimum":null}},"tiered_pricing_percentage_rules":[],"tiered_pricing_maximum_quantity":null,"tiered_pricing_quantity_step":null,"_links":{"self":[{"href":"https:\/\/www.inoxforniture.it\/fr\/wp-json\/wp\/v2\/product\/60521","targetHints":{"allow":["GET"]}}],"collection":[{"href":"https:\/\/www.inoxforniture.it\/fr\/wp-json\/wp\/v2\/product"}],"about":[{"href":"https:\/\/www.inoxforniture.it\/fr\/wp-json\/wp\/v2\/types\/product"}],"wp:featuredmedia":[{"embeddable":true,"href":"https:\/\/www.inoxforniture.it\/fr\/wp-json\/wp\/v2\/media\/60522"}],"wp:attachment":[{"href":"https:\/\/www.inoxforniture.it\/fr\/wp-json\/wp\/v2\/media?parent=60521"}],"wp:term":[{"taxonomy":"product_brand","embeddable":true,"href":"https:\/\/www.inoxforniture.it\/fr\/wp-json\/wp\/v2\/product_brand?post=60521"},{"taxonomy":"product_cat","embeddable":true,"href":"https:\/\/www.inoxforniture.it\/fr\/wp-json\/wp\/v2\/product_cat?post=60521"},{"taxonomy":"product_tag","embeddable":true,"href":"https:\/\/www.inoxforniture.it\/fr\/wp-json\/wp\/v2\/product_tag?post=60521"}],"curies":[{"name":"wp","href":"https:\/\/api.w.org\/{rel}","templated":true}]}}