{"id":59145,"date":"2015-04-08T16:17:20","date_gmt":"2015-04-08T14:17:20","guid":{"rendered":"https:\/\/www.inoxforniture.it\/vis-autoperceuse-he-a2-48-x-16\/"},"modified":"2026-01-23T18:36:11","modified_gmt":"2026-01-23T17:36:11","slug":"vis-autoperceuse-he-a2-48-x-16","status":"publish","type":"product","link":"https:\/\/www.inoxforniture.it\/fr\/vis-autoperceuse-he-a2-48-x-16\/","title":{"rendered":"Vis autoperceuse HE A2 4,8 x 16"},"content":{"rendered":"<p>Vis BIM\u00c9TALLIQUE (Acier INOX A2 + Acier au carbone) T\u00eate Hexagonale avec fausse Rondelle, autoper\u00e7ante, finition sp\u00e9ciale Silver.<\/p>\n<table style=\"width: 700px;\" border=\"0\">\n<tbody>\n<tr>\n<td style=\"width: 350px;\" align=\"center\">\n<p><img decoding=\"async\" class=\" size-full wp-image-8182\" title=\"Vis autoperceuse pour assemblage inox\" src=\"https:\/\/www.inoxforniture.it\/wp-content\/uploads\/2015\/04\/8A301.JPG\" alt=\"Vis autoperceuse pour assemblage inox\" width=\"250\" height=\"156\"><\/p>\n<p style=\"text-align: justify;\"><span style=\"font-size: medium;\"><strong>Description<\/strong><\/span><\/p>\n<p style=\"text-align: justify;\">Vis \u00e0 t\u00eate hexagonale avec fausse rondelle plate et encoche sous t\u00eate, autoperceuse, <strong>en acier inoxydable A2 (AISI 304).<\/strong><br \/>&#8211; Cl\u00e9 : <strong>8<\/strong><br \/>&#8211; Sans pr\u00e9-per\u00e7age n\u00e9cessaire<br \/>&#8211; Capacit\u00e9 maximale de per\u00e7age : <strong>1,5+1,5 en aluminium<\/strong><br \/>&#8211; Vitesse de per\u00e7age : <strong>1800 \u2013 2500 tr\/min<\/strong><\/p>\n<\/td>\n<td style=\"width: 350px;\" align=\"center\">\n<p>&nbsp;<\/p>\n<p style=\"text-align: center;\"><span style=\"font-size: medium;\"><strong>S\u00e9quence d&rsquo;installation<\/strong><\/span><\/p>\n<p><img decoding=\"async\" class=\" size-full wp-image-8177\" title=\"S\u00e9quence d'installation vis pour coutures\" src=\"https:\/\/www.inoxforniture.it\/wp-content\/uploads\/2015\/04\/8A203.JPG\" alt=\"S\u00e9quence d'installation vis pour coutures\" width=\"300\" height=\"129\"><\/p>\n<\/td>\n<\/tr>\n<\/tbody>\n<\/table>\n<table style=\"width: 700px;\" border=\"0\">\n<tbody>\n<tr>\n<td>\n<p><span style=\"font-size: medium;\"><strong>Utilisation<\/strong><\/span><\/p>\n<p><img decoding=\"async\" class=\" alignleft size-full wp-image-8183\" style=\"float: left;\" title=\"Utilisation Vis autoperforante pour coutures INOX\" src=\"https:\/\/www.inoxforniture.it\/wp-content\/uploads\/2015\/04\/8A302.JPG\" alt=\"Utilisation Vis autoperforante pour coutures INOX\" width=\"118\" height=\"130\"><\/p>\n<p>Pour la fixation de diff\u00e9rentes pi\u00e8ces sur des profil\u00e9s aluminium d&rsquo;\u00e9paisseur max 3 mm (\u00e9paisseur max per\u00e7able). <strong>Sans pr\u00e9-per\u00e7age n\u00e9cessaire<\/strong>, garantit une r\u00e9duction importante du temps de montage et de main-d&rsquo;\u0153uvre.<\/p>\n<\/td>\n<\/tr>\n<\/tbody>\n<\/table>\n<p>&nbsp;<\/p>\n","protected":false},"excerpt":{"rendered":"<p><span>Vis \u00e0 t\u00eate hexagonale avec fausse rondelle plate et encoche sous t\u00eate, autoperceuse, <\/span><strong>en acier inoxydable A2 (AISI 304).<\/strong><br \/><span>&#8211; Cl\u00e9 : <\/span><strong>8<\/strong><br \/><span>&#8211; Ne n\u00e9cessite pas de pr\u00e9-per\u00e7age<\/span><br \/><span>&#8211; Capacit\u00e9 maximale de per\u00e7age : <\/span><strong>1,5+1,5 en aluminium<\/strong><br \/><span>&#8211; Vitesse de per\u00e7age : <\/span><strong>1800 \u2013 2500 tr\/min<\/strong><\/p>\n","protected":false},"featured_media":59146,"template":"","meta":{"_acf_changed":false},"product_brand":[],"product_cat":[4138],"product_tag":[4593,4526,4618],"class_list":{"0":"post-59145","1":"product","2":"type-product","3":"status-publish","4":"has-post-thumbnail","6":"product_cat-fixations-pour-couvertures","7":"product_tag-autoperceuse-inox","8":"product_tag-fausse-rondelle-inox","9":"product_tag-vis-inox-pour-assemblage","10":"pa_marchio-tecfi","11":"pa_prodotto-vis-autoperceuse-he-a2-48-x-16","13":"first","14":"instock","15":"taxable","16":"shipping-taxable","17":"purchasable","18":"product-type-simple"},"acf":[],"yoast_head":"<!-- This site is optimized with the Yoast SEO plugin v27.3 - https:\/\/yoast.com\/product\/yoast-seo-wordpress\/ -->\n<title>Vis \u00e0 t\u00eate hexagonale avec fausse rondelle plate et encoche sous t\u00eate, autoperceuse, en acier inoxydable A2 (AISI 304).<\/title>\n<meta name=\"description\" content=\"Vis \u00e0 t\u00eate hexagonale avec fausse rondelle plate et encoche sous t\u00eate, autoperceuse, en acier inoxydable A2 (AISI 304). - Cl\u00e9 : 8 - Sans pr\u00e9-per\u00e7age n\u00e9cessaire - Capacit\u00e9 maximale de per\u00e7age : 1,5+1,5 en aluminium - Vitesse de per\u00e7age : 1800 \u2013 2500 tr\/min\" \/>\n<meta name=\"robots\" content=\"index, follow, max-snippet:-1, max-image-preview:large, max-video-preview:-1\" \/>\n<link rel=\"canonical\" href=\"https:\/\/www.inoxforniture.it\/fr\/vis-autoperceuse-he-a2-48-x-16\/\" \/>\n<meta property=\"og:locale\" content=\"fr_FR\" \/>\n<meta property=\"og:type\" content=\"article\" \/>\n<meta property=\"og:title\" content=\"Vis \u00e0 t\u00eate hexagonale avec fausse rondelle plate et encoche sous t\u00eate, autoperceuse, en acier inoxydable A2 (AISI 304).\" \/>\n<meta property=\"og:description\" content=\"Vis \u00e0 t\u00eate hexagonale avec fausse rondelle plate et encoche sous t\u00eate, autoperceuse, en acier inoxydable A2 (AISI 304). - Cl\u00e9 : 8 - Sans pr\u00e9-per\u00e7age n\u00e9cessaire - Capacit\u00e9 maximale de per\u00e7age : 1,5+1,5 en aluminium - Vitesse de per\u00e7age : 1800 \u2013 2500 tr\/min\" \/>\n<meta property=\"og:url\" content=\"https:\/\/www.inoxforniture.it\/fr\/vis-autoperceuse-he-a2-48-x-16\/\" \/>\n<meta property=\"og:site_name\" content=\"Inox Forniture\" \/>\n<meta property=\"article:publisher\" content=\"https:\/\/www.facebook.com\/Inox.Forniture\" \/>\n<meta property=\"article:modified_time\" content=\"2026-01-23T17:36:11+00:00\" \/>\n<meta property=\"og:image\" content=\"https:\/\/www.inoxforniture.it\/wp-content\/uploads\/2015\/04\/8a30000_1_1.jpg\" \/>\n\t<meta property=\"og:image:width\" content=\"480\" \/>\n\t<meta property=\"og:image:height\" content=\"480\" \/>\n\t<meta property=\"og:image:type\" content=\"image\/jpeg\" \/>\n<meta name=\"twitter:card\" content=\"summary_large_image\" \/>\n<meta name=\"twitter:site\" content=\"@InoxForniture\" \/>\n<meta name=\"twitter:label1\" content=\"Dur\u00e9e de lecture estim\u00e9e\" \/>\n\t<meta name=\"twitter:data1\" content=\"1 minute\" \/>\n<script type=\"application\/ld+json\" class=\"yoast-schema-graph\">{\"@context\":\"https:\\\/\\\/schema.org\",\"@graph\":[{\"@type\":\"WebPage\",\"@id\":\"https:\\\/\\\/www.inoxforniture.it\\\/fr\\\/vis-autoperceuse-he-a2-48-x-16\\\/\",\"url\":\"https:\\\/\\\/www.inoxforniture.it\\\/fr\\\/vis-autoperceuse-he-a2-48-x-16\\\/\",\"name\":\"Vis \u00e0 t\u00eate hexagonale avec fausse rondelle plate et encoche sous t\u00eate, autoperceuse, en acier inoxydable A2 (AISI 304).\",\"isPartOf\":{\"@id\":\"https:\\\/\\\/www.inoxforniture.it\\\/#website\"},\"primaryImageOfPage\":{\"@id\":\"https:\\\/\\\/www.inoxforniture.it\\\/fr\\\/vis-autoperceuse-he-a2-48-x-16\\\/#primaryimage\"},\"image\":{\"@id\":\"https:\\\/\\\/www.inoxforniture.it\\\/fr\\\/vis-autoperceuse-he-a2-48-x-16\\\/#primaryimage\"},\"thumbnailUrl\":\"https:\\\/\\\/www.inoxforniture.it\\\/wp-content\\\/uploads\\\/2015\\\/04\\\/8a30000_1_1.jpg\",\"datePublished\":\"2015-04-08T14:17:20+00:00\",\"dateModified\":\"2026-01-23T17:36:11+00:00\",\"description\":\"Vis \u00e0 t\u00eate hexagonale avec fausse rondelle plate et encoche sous t\u00eate, autoperceuse, en acier inoxydable A2 (AISI 304). - Cl\u00e9 : 8 - Sans pr\u00e9-per\u00e7age n\u00e9cessaire - Capacit\u00e9 maximale de per\u00e7age : 1,5+1,5 en aluminium - Vitesse de per\u00e7age : 1800 \u2013 2500 tr\\\/min\",\"breadcrumb\":{\"@id\":\"https:\\\/\\\/www.inoxforniture.it\\\/fr\\\/vis-autoperceuse-he-a2-48-x-16\\\/#breadcrumb\"},\"inLanguage\":\"fr-FR\",\"potentialAction\":[{\"@type\":\"ReadAction\",\"target\":[\"https:\\\/\\\/www.inoxforniture.it\\\/fr\\\/vis-autoperceuse-he-a2-48-x-16\\\/\"]}]},{\"@type\":\"ImageObject\",\"inLanguage\":\"fr-FR\",\"@id\":\"https:\\\/\\\/www.inoxforniture.it\\\/fr\\\/vis-autoperceuse-he-a2-48-x-16\\\/#primaryimage\",\"url\":\"https:\\\/\\\/www.inoxforniture.it\\\/wp-content\\\/uploads\\\/2015\\\/04\\\/8a30000_1_1.jpg\",\"contentUrl\":\"https:\\\/\\\/www.inoxforniture.it\\\/wp-content\\\/uploads\\\/2015\\\/04\\\/8a30000_1_1.jpg\",\"width\":480,\"height\":480,\"caption\":\"Vis autoperceuse HE A2 4,8 x 16-0\"},{\"@type\":\"BreadcrumbList\",\"@id\":\"https:\\\/\\\/www.inoxforniture.it\\\/fr\\\/vis-autoperceuse-he-a2-48-x-16\\\/#breadcrumb\",\"itemListElement\":[{\"@type\":\"ListItem\",\"position\":1,\"name\":\"Accueil\",\"item\":\"https:\\\/\\\/www.inoxforniture.it\\\/\"},{\"@type\":\"ListItem\",\"position\":2,\"name\":\"Boutique\",\"item\":\"https:\\\/\\\/www.inoxforniture.it\\\/fr\\\/boutique\\\/\"},{\"@type\":\"ListItem\",\"position\":3,\"name\":\"Quincaillerie inox\",\"item\":\"https:\\\/\\\/www.inoxforniture.it\\\/fr\\\/quincaillerie-inox\\\/\"},{\"@type\":\"ListItem\",\"position\":4,\"name\":\"Visserie et fixation\",\"item\":\"https:\\\/\\\/www.inoxforniture.it\\\/fr\\\/visserie-et-fixation\\\/\"},{\"@type\":\"ListItem\",\"position\":5,\"name\":\"Fixations pour couvertures\",\"item\":\"https:\\\/\\\/www.inoxforniture.it\\\/fr\\\/fixations-pour-couvertures\\\/\"},{\"@type\":\"ListItem\",\"position\":6,\"name\":\"Vis autoperceuse HE A2 4,8 x 16\"}]},{\"@type\":\"WebSite\",\"@id\":\"https:\\\/\\\/www.inoxforniture.it\\\/#website\",\"url\":\"https:\\\/\\\/www.inoxforniture.it\\\/\",\"name\":\"Inox Forniture\",\"description\":\"\",\"publisher\":{\"@id\":\"https:\\\/\\\/www.inoxforniture.it\\\/#organization\"},\"potentialAction\":[{\"@type\":\"SearchAction\",\"target\":{\"@type\":\"EntryPoint\",\"urlTemplate\":\"https:\\\/\\\/www.inoxforniture.it\\\/?s={search_term_string}\"},\"query-input\":{\"@type\":\"PropertyValueSpecification\",\"valueRequired\":true,\"valueName\":\"search_term_string\"}}],\"inLanguage\":\"fr-FR\"},{\"@type\":\"Organization\",\"@id\":\"https:\\\/\\\/www.inoxforniture.it\\\/#organization\",\"name\":\"Inox Forniture srl\",\"url\":\"https:\\\/\\\/www.inoxforniture.it\\\/\",\"logo\":{\"@type\":\"ImageObject\",\"inLanguage\":\"fr-FR\",\"@id\":\"https:\\\/\\\/www.inoxforniture.it\\\/#\\\/schema\\\/logo\\\/image\\\/\",\"url\":\"https:\\\/\\\/www.inoxforniture.it\\\/wp-content\\\/uploads\\\/2021\\\/01\\\/logo_inox.png\",\"contentUrl\":\"https:\\\/\\\/www.inoxforniture.it\\\/wp-content\\\/uploads\\\/2021\\\/01\\\/logo_inox.png\",\"width\":230,\"height\":44,\"caption\":\"Inox Forniture srl\"},\"image\":{\"@id\":\"https:\\\/\\\/www.inoxforniture.it\\\/#\\\/schema\\\/logo\\\/image\\\/\"},\"sameAs\":[\"https:\\\/\\\/www.facebook.com\\\/Inox.Forniture\",\"https:\\\/\\\/x.com\\\/InoxForniture\"]}]}<\/script>\n<!-- \/ Yoast SEO plugin. -->","yoast_head_json":{"title":"Vis \u00e0 t\u00eate hexagonale avec fausse rondelle plate et encoche sous t\u00eate, autoperceuse, en acier inoxydable A2 (AISI 304).","description":"Vis \u00e0 t\u00eate hexagonale avec fausse rondelle plate et encoche sous t\u00eate, autoperceuse, en acier inoxydable A2 (AISI 304). - Cl\u00e9 : 8 - Sans pr\u00e9-per\u00e7age n\u00e9cessaire - Capacit\u00e9 maximale de per\u00e7age : 1,5+1,5 en aluminium - Vitesse de per\u00e7age : 1800 \u2013 2500 tr\/min","robots":{"index":"index","follow":"follow","max-snippet":"max-snippet:-1","max-image-preview":"max-image-preview:large","max-video-preview":"max-video-preview:-1"},"canonical":"https:\/\/www.inoxforniture.it\/fr\/vis-autoperceuse-he-a2-48-x-16\/","og_locale":"fr_FR","og_type":"article","og_title":"Vis \u00e0 t\u00eate hexagonale avec fausse rondelle plate et encoche sous t\u00eate, autoperceuse, en acier inoxydable A2 (AISI 304).","og_description":"Vis \u00e0 t\u00eate hexagonale avec fausse rondelle plate et encoche sous t\u00eate, autoperceuse, en acier inoxydable A2 (AISI 304). - Cl\u00e9 : 8 - Sans pr\u00e9-per\u00e7age n\u00e9cessaire - Capacit\u00e9 maximale de per\u00e7age : 1,5+1,5 en aluminium - Vitesse de per\u00e7age : 1800 \u2013 2500 tr\/min","og_url":"https:\/\/www.inoxforniture.it\/fr\/vis-autoperceuse-he-a2-48-x-16\/","og_site_name":"Inox Forniture","article_publisher":"https:\/\/www.facebook.com\/Inox.Forniture","article_modified_time":"2026-01-23T17:36:11+00:00","og_image":[{"width":480,"height":480,"url":"https:\/\/www.inoxforniture.it\/wp-content\/uploads\/2015\/04\/8a30000_1_1.jpg","type":"image\/jpeg"}],"twitter_card":"summary_large_image","twitter_site":"@InoxForniture","twitter_misc":{"Dur\u00e9e de lecture estim\u00e9e":"1 minute"},"schema":{"@context":"https:\/\/schema.org","@graph":[{"@type":"WebPage","@id":"https:\/\/www.inoxforniture.it\/fr\/vis-autoperceuse-he-a2-48-x-16\/","url":"https:\/\/www.inoxforniture.it\/fr\/vis-autoperceuse-he-a2-48-x-16\/","name":"Vis \u00e0 t\u00eate hexagonale avec fausse rondelle plate et encoche sous t\u00eate, autoperceuse, en acier inoxydable A2 (AISI 304).","isPartOf":{"@id":"https:\/\/www.inoxforniture.it\/#website"},"primaryImageOfPage":{"@id":"https:\/\/www.inoxforniture.it\/fr\/vis-autoperceuse-he-a2-48-x-16\/#primaryimage"},"image":{"@id":"https:\/\/www.inoxforniture.it\/fr\/vis-autoperceuse-he-a2-48-x-16\/#primaryimage"},"thumbnailUrl":"https:\/\/www.inoxforniture.it\/wp-content\/uploads\/2015\/04\/8a30000_1_1.jpg","datePublished":"2015-04-08T14:17:20+00:00","dateModified":"2026-01-23T17:36:11+00:00","description":"Vis \u00e0 t\u00eate hexagonale avec fausse rondelle plate et encoche sous t\u00eate, autoperceuse, en acier inoxydable A2 (AISI 304). - Cl\u00e9 : 8 - Sans pr\u00e9-per\u00e7age n\u00e9cessaire - Capacit\u00e9 maximale de per\u00e7age : 1,5+1,5 en aluminium - Vitesse de per\u00e7age : 1800 \u2013 2500 tr\/min","breadcrumb":{"@id":"https:\/\/www.inoxforniture.it\/fr\/vis-autoperceuse-he-a2-48-x-16\/#breadcrumb"},"inLanguage":"fr-FR","potentialAction":[{"@type":"ReadAction","target":["https:\/\/www.inoxforniture.it\/fr\/vis-autoperceuse-he-a2-48-x-16\/"]}]},{"@type":"ImageObject","inLanguage":"fr-FR","@id":"https:\/\/www.inoxforniture.it\/fr\/vis-autoperceuse-he-a2-48-x-16\/#primaryimage","url":"https:\/\/www.inoxforniture.it\/wp-content\/uploads\/2015\/04\/8a30000_1_1.jpg","contentUrl":"https:\/\/www.inoxforniture.it\/wp-content\/uploads\/2015\/04\/8a30000_1_1.jpg","width":480,"height":480,"caption":"Vis autoperceuse HE A2 4,8 x 16-0"},{"@type":"BreadcrumbList","@id":"https:\/\/www.inoxforniture.it\/fr\/vis-autoperceuse-he-a2-48-x-16\/#breadcrumb","itemListElement":[{"@type":"ListItem","position":1,"name":"Accueil","item":"https:\/\/www.inoxforniture.it\/"},{"@type":"ListItem","position":2,"name":"Boutique","item":"https:\/\/www.inoxforniture.it\/fr\/boutique\/"},{"@type":"ListItem","position":3,"name":"Quincaillerie inox","item":"https:\/\/www.inoxforniture.it\/fr\/quincaillerie-inox\/"},{"@type":"ListItem","position":4,"name":"Visserie et fixation","item":"https:\/\/www.inoxforniture.it\/fr\/visserie-et-fixation\/"},{"@type":"ListItem","position":5,"name":"Fixations pour couvertures","item":"https:\/\/www.inoxforniture.it\/fr\/fixations-pour-couvertures\/"},{"@type":"ListItem","position":6,"name":"Vis autoperceuse HE A2 4,8 x 16"}]},{"@type":"WebSite","@id":"https:\/\/www.inoxforniture.it\/#website","url":"https:\/\/www.inoxforniture.it\/","name":"Inox Forniture","description":"","publisher":{"@id":"https:\/\/www.inoxforniture.it\/#organization"},"potentialAction":[{"@type":"SearchAction","target":{"@type":"EntryPoint","urlTemplate":"https:\/\/www.inoxforniture.it\/?s={search_term_string}"},"query-input":{"@type":"PropertyValueSpecification","valueRequired":true,"valueName":"search_term_string"}}],"inLanguage":"fr-FR"},{"@type":"Organization","@id":"https:\/\/www.inoxforniture.it\/#organization","name":"Inox Forniture srl","url":"https:\/\/www.inoxforniture.it\/","logo":{"@type":"ImageObject","inLanguage":"fr-FR","@id":"https:\/\/www.inoxforniture.it\/#\/schema\/logo\/image\/","url":"https:\/\/www.inoxforniture.it\/wp-content\/uploads\/2021\/01\/logo_inox.png","contentUrl":"https:\/\/www.inoxforniture.it\/wp-content\/uploads\/2021\/01\/logo_inox.png","width":230,"height":44,"caption":"Inox Forniture srl"},"image":{"@id":"https:\/\/www.inoxforniture.it\/#\/schema\/logo\/image\/"},"sameAs":["https:\/\/www.facebook.com\/Inox.Forniture","https:\/\/x.com\/InoxForniture"]}]}},"df_price":0.181,"df_sale_price":"","df_regular_price":0.181,"df_image_link":"https:\/\/www.inoxforniture.it\/wp-content\/uploads\/2015\/04\/8a30000_1_1-300x300.jpg","tiered_pricing_type":"fixed","tiered_pricing_fixed_rules":{"500":0.1448,"1000":0.1267,"4000":0.1177},"tiered_pricing_product_settings":{"layout":"default","base_unit_name":{"singular":null,"plural":null},"default_variation":null},"tiered_pricing_minimum_quantity":null,"tiered_pricing_roles_data":{"privato":{"product_id":59145,"role":"privato","pricing_type":"flat","regular_price":null,"sale_price":null,"discount":null,"discount_type":"sale_price","tiered_pricing_type":"fixed","percentage_rules":[],"fixed_rules":{"500":"0.1448","1000":"0.1267","4000":"0.1177"},"minimum":null},"azienda":{"product_id":59145,"role":"azienda","pricing_type":"flat","regular_price":0.1448,"sale_price":null,"discount":null,"discount_type":"sale_price","tiered_pricing_type":"fixed","percentage_rules":[],"fixed_rules":{"1000":"0.1267","4000":"0.1177"},"minimum":null},"azienda_premium":{"product_id":59145,"role":"azienda_premium","pricing_type":"flat","regular_price":0.1448,"sale_price":null,"discount":null,"discount_type":"sale_price","tiered_pricing_type":"fixed","percentage_rules":[],"fixed_rules":{"1000":"0.1267","4000":"0.1177"},"minimum":null}},"tiered_pricing_percentage_rules":[],"tiered_pricing_maximum_quantity":null,"tiered_pricing_quantity_step":null,"_links":{"self":[{"href":"https:\/\/www.inoxforniture.it\/fr\/wp-json\/wp\/v2\/product\/59145","targetHints":{"allow":["GET"]}}],"collection":[{"href":"https:\/\/www.inoxforniture.it\/fr\/wp-json\/wp\/v2\/product"}],"about":[{"href":"https:\/\/www.inoxforniture.it\/fr\/wp-json\/wp\/v2\/types\/product"}],"wp:featuredmedia":[{"embeddable":true,"href":"https:\/\/www.inoxforniture.it\/fr\/wp-json\/wp\/v2\/media\/59146"}],"wp:attachment":[{"href":"https:\/\/www.inoxforniture.it\/fr\/wp-json\/wp\/v2\/media?parent=59145"}],"wp:term":[{"taxonomy":"product_brand","embeddable":true,"href":"https:\/\/www.inoxforniture.it\/fr\/wp-json\/wp\/v2\/product_brand?post=59145"},{"taxonomy":"product_cat","embeddable":true,"href":"https:\/\/www.inoxforniture.it\/fr\/wp-json\/wp\/v2\/product_cat?post=59145"},{"taxonomy":"product_tag","embeddable":true,"href":"https:\/\/www.inoxforniture.it\/fr\/wp-json\/wp\/v2\/product_tag?post=59145"}],"curies":[{"name":"wp","href":"https:\/\/api.w.org\/{rel}","templated":true}]}}