{"id":59087,"date":"2015-04-09T08:46:09","date_gmt":"2015-04-09T06:46:09","guid":{"rendered":"https:\/\/www.inoxforniture.it\/vis-autoperceuse-inox-a2-bimetallique-a-tete-hexagonale-avec-rondelle-detancheite\/"},"modified":"2026-01-23T18:36:13","modified_gmt":"2026-01-23T17:36:13","slug":"vis-autoperceuse-inox-a2-bimetallique-a-tete-hexagonale-avec-rondelle-detancheite","status":"publish","type":"product","link":"https:\/\/www.inoxforniture.it\/fr\/vis-autoperceuse-inox-a2-bimetallique-a-tete-hexagonale-avec-rondelle-detancheite\/","title":{"rendered":"Vis autoperceuse INOX A2 bim\u00e9tallique \u00e0 t\u00eate hexagonale avec rondelle d&rsquo;\u00e9tanch\u00e9it\u00e9"},"content":{"rendered":"<p>Vis BIM\u00c9TALLIQUE (Acier INOX A2 + Acier au carbone) T\u00eate Hexagonale avec fausse Rondelle, autoper\u00e7ante, finition sp\u00e9ciale Silver.<\/p>\n<table style=\"width: 700px;\" border=\"0\">\n<tbody>\n<tr>\n<td style=\"width: 350px;\" align=\"center\">\n<p><img decoding=\"async\" class=\" size-full wp-image-8190\" title=\"Vis bim\u00e9tallique autoperceuse INOX\" src=\"https:\/\/www.inoxforniture.it\/wp-content\/uploads\/2015\/04\/8A101.JPG\" alt=\"Vis bim\u00e9tallique autoperceuse INOX\" width=\"250\" height=\"186\"><\/p>\n<p style=\"text-align: justify;\"><span style=\"font-size: medium;\"><strong>Description<\/strong><\/span><br \/>Vis <strong>BIM\u00c9TALLIQUE<\/strong> \u00e0 t\u00eate hexagonale avec rondelle d&rsquo;\u00e9tanch\u00e9it\u00e9 plate et encoche sous t\u00eate, autoperceuse ; <strong>corps en acier INOX A2<\/strong> et pointe en acier au carbone c\u00e9ment\u00e9, finition Silver sp\u00e9ciale (<strong>minimum 1 000 heures de r\u00e9sistance au brouillard salin pour la partie en acier au carbone<\/strong>).<br \/>&#8211; Cl\u00e9 : <strong>8<\/strong><br \/>&#8211; Ne n\u00e9cessite pas de pr\u00e9-per\u00e7age<br \/>&#8211; Capacit\u00e9 maximale de per\u00e7age : <strong>6 mm<\/strong><br \/>&#8211; Vitesse de per\u00e7age : <strong>1000 \u2013 1500 tr\/min<\/strong><\/p>\n<\/td>\n<td style=\"width: 350px;\" align=\"center\">\n<p><img fetchpriority=\"high\" decoding=\"async\" class=\" size-full wp-image-8191\" title=\"Tableau Vis bim\u00e9tallique autoperceuse INOX\" src=\"https:\/\/www.inoxforniture.it\/wp-content\/uploads\/2015\/04\/Tab_8A10000.jpg\" alt=\"Tableau Vis bim\u00e9tallique autoperceuse INOX\" width=\"350\" height=\"293\"><\/p>\n<p style=\"text-align: center;\"><span style=\"font-size: medium;\"><strong>S\u00e9quence d&rsquo;installation<\/strong><\/span><\/p>\n<p><img decoding=\"async\" class=\" size-full wp-image-8192\" style=\"display: block; margin-left: auto; margin-right: auto;\" src=\"https:\/\/www.inoxforniture.it\/wp-content\/uploads\/2015\/04\/8A103.JPG\" alt=\"\" width=\"300\" height=\"130\"><\/p>\n<\/td>\n<\/tr>\n<\/tbody>\n<\/table>\n<table style=\"width: 700px;\" border=\"0\">\n<tbody>\n<tr>\n<td>\n<p><span style=\"font-size: medium;\"><strong>Utilisation<\/strong><\/span><\/p>\n<p><img loading=\"lazy\" decoding=\"async\" class=\" alignleft size-full wp-image-8193\" style=\"float: left;\" title=\"Utilisation Vis bim\u00e9tallique autoperceuse INOX\" src=\"https:\/\/www.inoxforniture.it\/wp-content\/uploads\/2015\/04\/8A102.JPG\" alt=\"Utilisation Vis bim\u00e9tallique autoperceuse INOX\" width=\"120\" height=\"130\"><\/p>\n<p>Pour la fixation de t\u00f4les nervur\u00e9es (m\u00eame isol\u00e9es) et ondul\u00e9es, sur supports m\u00e9talliques ; <strong>ne n\u00e9cessite pas de pr\u00e9-per\u00e7age<\/strong>, garantit une r\u00e9duction importante des temps de montage et de la main-d&rsquo;\u0153uvre utilis\u00e9e.<br \/>Le corps en <strong>Acier Inox<\/strong> permet d&rsquo;obtenir l&rsquo;une des meilleures r\u00e9sistances \u00e0 la corrosion en milieu salin et acide, tandis que la pointe en acier au carbone garantit les <strong>hautes performances de per\u00e7age<\/strong> des vis autoperceuses Tecfi.<\/p>\n<\/td>\n<\/tr>\n<\/tbody>\n<\/table>\n<p>&nbsp;<\/p>\n","protected":false},"excerpt":{"rendered":"<p><span>Vis <\/span><strong>BIM\u00c9TALLIQUE<\/strong><span> \u00e0 t\u00eate hexagonale avec rondelle d&rsquo;\u00e9tanch\u00e9it\u00e9 plate et encoche sous t\u00eate, autoperceuse ; <\/span><strong>corps en acier INOX A2<\/strong><span> et pointe en acier au carbone c\u00e9ment\u00e9, finition Silver sp\u00e9ciale (<\/span><strong>minimum 1 000 heures de r\u00e9sistance au brouillard salin pour la partie en acier au carbone<\/strong><span>).<\/span><br \/><span>&#8211; Cl\u00e9 : <strong>8<\/strong><\/span><br \/><span>&#8211; Ne n\u00e9cessite pas de pr\u00e9-per\u00e7age<\/span><br \/><span>&#8211; Capacit\u00e9 maximale de per\u00e7age : <strong>6 mm<\/strong><\/span><br \/><span>&#8211; Vitesse de per\u00e7age : <strong>1000 \u2013 1500 tr\/min<\/strong><\/span><\/p>\n","protected":false},"featured_media":59100,"template":"","meta":{"_acf_changed":false},"product_brand":[],"product_cat":[4138],"product_tag":[4593,4594,4595],"class_list":{"0":"post-59087","1":"product","2":"type-product","3":"status-publish","4":"has-post-thumbnail","6":"product_cat-fixations-pour-couvertures","7":"product_tag-autoperceuse-inox","8":"product_tag-bimetallique","9":"product_tag-rondelle-detancheite","10":"pa_marchio-tecfi","11":"pa_prodotto-55-x-110-filetage-60-mm","12":"pa_prodotto-55-x-130-filetage-60-mm","13":"pa_prodotto-55-x-150-filetage-60-mm","14":"pa_prodotto-55-x-180-filetage-60-mm","15":"pa_prodotto-55-x-200-filetage-60-mm","16":"pa_prodotto-55-x-26","17":"pa_prodotto-55-x-30","18":"pa_prodotto-55-x-40","19":"pa_prodotto-55-x-50","20":"pa_prodotto-55-x-70-filetage-60-mm","21":"pa_prodotto-55-x-90-filetage-60-mm","23":"first","24":"instock","25":"taxable","26":"shipping-taxable","27":"purchasable","28":"product-type-variable"},"acf":[],"yoast_head":"<!-- This site is optimized with the Yoast SEO plugin v27.3 - https:\/\/yoast.com\/product\/yoast-seo-wordpress\/ -->\n<title>Vis BIM\u00c9TALLIQUE \u00e0 t\u00eate hexagonale avec rondelle d&#039;\u00e9tanch\u00e9it\u00e9 plate et encoche sous t\u00eate, autoperceuse<\/title>\n<meta name=\"description\" content=\"Vis BIM\u00c9TALLIQUE \u00e0 t\u00eate hexagonale avec rondelle d&#039;\u00e9tanch\u00e9it\u00e9 plate et encoche sous t\u00eate, autoperceuse ; corps en acier INOX A2 et pointe en acier au carbone c\u00e9ment\u00e9, finition Silver sp\u00e9ciale (minimum 1 000 heures de r\u00e9sistance au brouillard salin pour la partie en ac\" \/>\n<meta name=\"robots\" content=\"index, follow, max-snippet:-1, max-image-preview:large, max-video-preview:-1\" \/>\n<link rel=\"canonical\" href=\"https:\/\/www.inoxforniture.it\/fr\/vis-autoperceuse-inox-a2-bimetallique-a-tete-hexagonale-avec-rondelle-detancheite\/\" \/>\n<meta property=\"og:locale\" content=\"fr_FR\" \/>\n<meta property=\"og:type\" content=\"article\" \/>\n<meta property=\"og:title\" content=\"Vis BIM\u00c9TALLIQUE \u00e0 t\u00eate hexagonale avec rondelle d&#039;\u00e9tanch\u00e9it\u00e9 plate et encoche sous t\u00eate, autoperceuse\" \/>\n<meta property=\"og:description\" content=\"Vis BIM\u00c9TALLIQUE \u00e0 t\u00eate hexagonale avec rondelle d&#039;\u00e9tanch\u00e9it\u00e9 plate et encoche sous t\u00eate, autoperceuse ; corps en acier INOX A2 et pointe en acier au carbone c\u00e9ment\u00e9, finition Silver sp\u00e9ciale (minimum 1 000 heures de r\u00e9sistance au brouillard salin pour la partie en ac\" \/>\n<meta property=\"og:url\" content=\"https:\/\/www.inoxforniture.it\/fr\/vis-autoperceuse-inox-a2-bimetallique-a-tete-hexagonale-avec-rondelle-detancheite\/\" \/>\n<meta property=\"og:site_name\" content=\"Inox Forniture\" \/>\n<meta property=\"article:publisher\" content=\"https:\/\/www.facebook.com\/Inox.Forniture\" \/>\n<meta property=\"article:modified_time\" content=\"2026-01-23T17:36:13+00:00\" \/>\n<meta property=\"og:image\" content=\"https:\/\/www.inoxforniture.it\/wp-content\/uploads\/2015\/04\/8a10000_1_1.jpg\" \/>\n\t<meta property=\"og:image:width\" content=\"480\" \/>\n\t<meta property=\"og:image:height\" content=\"480\" \/>\n\t<meta property=\"og:image:type\" content=\"image\/jpeg\" \/>\n<meta name=\"twitter:card\" content=\"summary_large_image\" \/>\n<meta name=\"twitter:site\" content=\"@InoxForniture\" \/>\n<meta name=\"twitter:label1\" content=\"Dur\u00e9e de lecture estim\u00e9e\" \/>\n\t<meta name=\"twitter:data1\" content=\"1 minute\" \/>\n<script type=\"application\/ld+json\" class=\"yoast-schema-graph\">{\"@context\":\"https:\\\/\\\/schema.org\",\"@graph\":[{\"@type\":\"WebPage\",\"@id\":\"https:\\\/\\\/www.inoxforniture.it\\\/fr\\\/vis-autoperceuse-inox-a2-bimetallique-a-tete-hexagonale-avec-rondelle-detancheite\\\/\",\"url\":\"https:\\\/\\\/www.inoxforniture.it\\\/fr\\\/vis-autoperceuse-inox-a2-bimetallique-a-tete-hexagonale-avec-rondelle-detancheite\\\/\",\"name\":\"Vis BIM\u00c9TALLIQUE \u00e0 t\u00eate hexagonale avec rondelle d'\u00e9tanch\u00e9it\u00e9 plate et encoche sous t\u00eate, autoperceuse\",\"isPartOf\":{\"@id\":\"https:\\\/\\\/www.inoxforniture.it\\\/#website\"},\"primaryImageOfPage\":{\"@id\":\"https:\\\/\\\/www.inoxforniture.it\\\/fr\\\/vis-autoperceuse-inox-a2-bimetallique-a-tete-hexagonale-avec-rondelle-detancheite\\\/#primaryimage\"},\"image\":{\"@id\":\"https:\\\/\\\/www.inoxforniture.it\\\/fr\\\/vis-autoperceuse-inox-a2-bimetallique-a-tete-hexagonale-avec-rondelle-detancheite\\\/#primaryimage\"},\"thumbnailUrl\":\"https:\\\/\\\/www.inoxforniture.it\\\/wp-content\\\/uploads\\\/2015\\\/04\\\/8a10000_1_1.jpg\",\"datePublished\":\"2015-04-09T06:46:09+00:00\",\"dateModified\":\"2026-01-23T17:36:13+00:00\",\"description\":\"Vis BIM\u00c9TALLIQUE \u00e0 t\u00eate hexagonale avec rondelle d'\u00e9tanch\u00e9it\u00e9 plate et encoche sous t\u00eate, autoperceuse ; corps en acier INOX A2 et pointe en acier au carbone c\u00e9ment\u00e9, finition Silver sp\u00e9ciale (minimum 1 000 heures de r\u00e9sistance au brouillard salin pour la partie en ac\",\"breadcrumb\":{\"@id\":\"https:\\\/\\\/www.inoxforniture.it\\\/fr\\\/vis-autoperceuse-inox-a2-bimetallique-a-tete-hexagonale-avec-rondelle-detancheite\\\/#breadcrumb\"},\"inLanguage\":\"fr-FR\",\"potentialAction\":[{\"@type\":\"ReadAction\",\"target\":[\"https:\\\/\\\/www.inoxforniture.it\\\/fr\\\/vis-autoperceuse-inox-a2-bimetallique-a-tete-hexagonale-avec-rondelle-detancheite\\\/\"]}]},{\"@type\":\"ImageObject\",\"inLanguage\":\"fr-FR\",\"@id\":\"https:\\\/\\\/www.inoxforniture.it\\\/fr\\\/vis-autoperceuse-inox-a2-bimetallique-a-tete-hexagonale-avec-rondelle-detancheite\\\/#primaryimage\",\"url\":\"https:\\\/\\\/www.inoxforniture.it\\\/wp-content\\\/uploads\\\/2015\\\/04\\\/8a10000_1_1.jpg\",\"contentUrl\":\"https:\\\/\\\/www.inoxforniture.it\\\/wp-content\\\/uploads\\\/2015\\\/04\\\/8a10000_1_1.jpg\",\"width\":480,\"height\":480,\"caption\":\"Vis autoperceuse INOX A2 bim\u00e9tallique \u00e0 t\u00eate hexagonale avec rondelle d'\u00e9tanch\u00e9it\u00e9-0\"},{\"@type\":\"BreadcrumbList\",\"@id\":\"https:\\\/\\\/www.inoxforniture.it\\\/fr\\\/vis-autoperceuse-inox-a2-bimetallique-a-tete-hexagonale-avec-rondelle-detancheite\\\/#breadcrumb\",\"itemListElement\":[{\"@type\":\"ListItem\",\"position\":1,\"name\":\"Accueil\",\"item\":\"https:\\\/\\\/www.inoxforniture.it\\\/\"},{\"@type\":\"ListItem\",\"position\":2,\"name\":\"Boutique\",\"item\":\"https:\\\/\\\/www.inoxforniture.it\\\/fr\\\/boutique\\\/\"},{\"@type\":\"ListItem\",\"position\":3,\"name\":\"Quincaillerie inox\",\"item\":\"https:\\\/\\\/www.inoxforniture.it\\\/fr\\\/quincaillerie-inox\\\/\"},{\"@type\":\"ListItem\",\"position\":4,\"name\":\"Visserie et fixation\",\"item\":\"https:\\\/\\\/www.inoxforniture.it\\\/fr\\\/visserie-et-fixation\\\/\"},{\"@type\":\"ListItem\",\"position\":5,\"name\":\"Fixations pour couvertures\",\"item\":\"https:\\\/\\\/www.inoxforniture.it\\\/fr\\\/fixations-pour-couvertures\\\/\"},{\"@type\":\"ListItem\",\"position\":6,\"name\":\"Vis autoperceuse INOX A2 bim\u00e9tallique \u00e0 t\u00eate hexagonale avec rondelle d&#8217;\u00e9tanch\u00e9it\u00e9\"}]},{\"@type\":\"WebSite\",\"@id\":\"https:\\\/\\\/www.inoxforniture.it\\\/#website\",\"url\":\"https:\\\/\\\/www.inoxforniture.it\\\/\",\"name\":\"Inox Forniture\",\"description\":\"\",\"publisher\":{\"@id\":\"https:\\\/\\\/www.inoxforniture.it\\\/#organization\"},\"potentialAction\":[{\"@type\":\"SearchAction\",\"target\":{\"@type\":\"EntryPoint\",\"urlTemplate\":\"https:\\\/\\\/www.inoxforniture.it\\\/?s={search_term_string}\"},\"query-input\":{\"@type\":\"PropertyValueSpecification\",\"valueRequired\":true,\"valueName\":\"search_term_string\"}}],\"inLanguage\":\"fr-FR\"},{\"@type\":\"Organization\",\"@id\":\"https:\\\/\\\/www.inoxforniture.it\\\/#organization\",\"name\":\"Inox Forniture srl\",\"url\":\"https:\\\/\\\/www.inoxforniture.it\\\/\",\"logo\":{\"@type\":\"ImageObject\",\"inLanguage\":\"fr-FR\",\"@id\":\"https:\\\/\\\/www.inoxforniture.it\\\/#\\\/schema\\\/logo\\\/image\\\/\",\"url\":\"https:\\\/\\\/www.inoxforniture.it\\\/wp-content\\\/uploads\\\/2021\\\/01\\\/logo_inox.png\",\"contentUrl\":\"https:\\\/\\\/www.inoxforniture.it\\\/wp-content\\\/uploads\\\/2021\\\/01\\\/logo_inox.png\",\"width\":230,\"height\":44,\"caption\":\"Inox Forniture srl\"},\"image\":{\"@id\":\"https:\\\/\\\/www.inoxforniture.it\\\/#\\\/schema\\\/logo\\\/image\\\/\"},\"sameAs\":[\"https:\\\/\\\/www.facebook.com\\\/Inox.Forniture\",\"https:\\\/\\\/x.com\\\/InoxForniture\"]}]}<\/script>\n<!-- \/ Yoast SEO plugin. -->","yoast_head_json":{"title":"Vis BIM\u00c9TALLIQUE \u00e0 t\u00eate hexagonale avec rondelle d'\u00e9tanch\u00e9it\u00e9 plate et encoche sous t\u00eate, autoperceuse","description":"Vis BIM\u00c9TALLIQUE \u00e0 t\u00eate hexagonale avec rondelle d'\u00e9tanch\u00e9it\u00e9 plate et encoche sous t\u00eate, autoperceuse ; corps en acier INOX A2 et pointe en acier au carbone c\u00e9ment\u00e9, finition Silver sp\u00e9ciale (minimum 1 000 heures de r\u00e9sistance au brouillard salin pour la partie en ac","robots":{"index":"index","follow":"follow","max-snippet":"max-snippet:-1","max-image-preview":"max-image-preview:large","max-video-preview":"max-video-preview:-1"},"canonical":"https:\/\/www.inoxforniture.it\/fr\/vis-autoperceuse-inox-a2-bimetallique-a-tete-hexagonale-avec-rondelle-detancheite\/","og_locale":"fr_FR","og_type":"article","og_title":"Vis BIM\u00c9TALLIQUE \u00e0 t\u00eate hexagonale avec rondelle d'\u00e9tanch\u00e9it\u00e9 plate et encoche sous t\u00eate, autoperceuse","og_description":"Vis BIM\u00c9TALLIQUE \u00e0 t\u00eate hexagonale avec rondelle d'\u00e9tanch\u00e9it\u00e9 plate et encoche sous t\u00eate, autoperceuse ; corps en acier INOX A2 et pointe en acier au carbone c\u00e9ment\u00e9, finition Silver sp\u00e9ciale (minimum 1 000 heures de r\u00e9sistance au brouillard salin pour la partie en ac","og_url":"https:\/\/www.inoxforniture.it\/fr\/vis-autoperceuse-inox-a2-bimetallique-a-tete-hexagonale-avec-rondelle-detancheite\/","og_site_name":"Inox Forniture","article_publisher":"https:\/\/www.facebook.com\/Inox.Forniture","article_modified_time":"2026-01-23T17:36:13+00:00","og_image":[{"width":480,"height":480,"url":"https:\/\/www.inoxforniture.it\/wp-content\/uploads\/2015\/04\/8a10000_1_1.jpg","type":"image\/jpeg"}],"twitter_card":"summary_large_image","twitter_site":"@InoxForniture","twitter_misc":{"Dur\u00e9e de lecture estim\u00e9e":"1 minute"},"schema":{"@context":"https:\/\/schema.org","@graph":[{"@type":"WebPage","@id":"https:\/\/www.inoxforniture.it\/fr\/vis-autoperceuse-inox-a2-bimetallique-a-tete-hexagonale-avec-rondelle-detancheite\/","url":"https:\/\/www.inoxforniture.it\/fr\/vis-autoperceuse-inox-a2-bimetallique-a-tete-hexagonale-avec-rondelle-detancheite\/","name":"Vis BIM\u00c9TALLIQUE \u00e0 t\u00eate hexagonale avec rondelle d'\u00e9tanch\u00e9it\u00e9 plate et encoche sous t\u00eate, autoperceuse","isPartOf":{"@id":"https:\/\/www.inoxforniture.it\/#website"},"primaryImageOfPage":{"@id":"https:\/\/www.inoxforniture.it\/fr\/vis-autoperceuse-inox-a2-bimetallique-a-tete-hexagonale-avec-rondelle-detancheite\/#primaryimage"},"image":{"@id":"https:\/\/www.inoxforniture.it\/fr\/vis-autoperceuse-inox-a2-bimetallique-a-tete-hexagonale-avec-rondelle-detancheite\/#primaryimage"},"thumbnailUrl":"https:\/\/www.inoxforniture.it\/wp-content\/uploads\/2015\/04\/8a10000_1_1.jpg","datePublished":"2015-04-09T06:46:09+00:00","dateModified":"2026-01-23T17:36:13+00:00","description":"Vis BIM\u00c9TALLIQUE \u00e0 t\u00eate hexagonale avec rondelle d'\u00e9tanch\u00e9it\u00e9 plate et encoche sous t\u00eate, autoperceuse ; corps en acier INOX A2 et pointe en acier au carbone c\u00e9ment\u00e9, finition Silver sp\u00e9ciale (minimum 1 000 heures de r\u00e9sistance au brouillard salin pour la partie en ac","breadcrumb":{"@id":"https:\/\/www.inoxforniture.it\/fr\/vis-autoperceuse-inox-a2-bimetallique-a-tete-hexagonale-avec-rondelle-detancheite\/#breadcrumb"},"inLanguage":"fr-FR","potentialAction":[{"@type":"ReadAction","target":["https:\/\/www.inoxforniture.it\/fr\/vis-autoperceuse-inox-a2-bimetallique-a-tete-hexagonale-avec-rondelle-detancheite\/"]}]},{"@type":"ImageObject","inLanguage":"fr-FR","@id":"https:\/\/www.inoxforniture.it\/fr\/vis-autoperceuse-inox-a2-bimetallique-a-tete-hexagonale-avec-rondelle-detancheite\/#primaryimage","url":"https:\/\/www.inoxforniture.it\/wp-content\/uploads\/2015\/04\/8a10000_1_1.jpg","contentUrl":"https:\/\/www.inoxforniture.it\/wp-content\/uploads\/2015\/04\/8a10000_1_1.jpg","width":480,"height":480,"caption":"Vis autoperceuse INOX A2 bim\u00e9tallique \u00e0 t\u00eate hexagonale avec rondelle d'\u00e9tanch\u00e9it\u00e9-0"},{"@type":"BreadcrumbList","@id":"https:\/\/www.inoxforniture.it\/fr\/vis-autoperceuse-inox-a2-bimetallique-a-tete-hexagonale-avec-rondelle-detancheite\/#breadcrumb","itemListElement":[{"@type":"ListItem","position":1,"name":"Accueil","item":"https:\/\/www.inoxforniture.it\/"},{"@type":"ListItem","position":2,"name":"Boutique","item":"https:\/\/www.inoxforniture.it\/fr\/boutique\/"},{"@type":"ListItem","position":3,"name":"Quincaillerie inox","item":"https:\/\/www.inoxforniture.it\/fr\/quincaillerie-inox\/"},{"@type":"ListItem","position":4,"name":"Visserie et fixation","item":"https:\/\/www.inoxforniture.it\/fr\/visserie-et-fixation\/"},{"@type":"ListItem","position":5,"name":"Fixations pour couvertures","item":"https:\/\/www.inoxforniture.it\/fr\/fixations-pour-couvertures\/"},{"@type":"ListItem","position":6,"name":"Vis autoperceuse INOX A2 bim\u00e9tallique \u00e0 t\u00eate hexagonale avec rondelle d&#8217;\u00e9tanch\u00e9it\u00e9"}]},{"@type":"WebSite","@id":"https:\/\/www.inoxforniture.it\/#website","url":"https:\/\/www.inoxforniture.it\/","name":"Inox Forniture","description":"","publisher":{"@id":"https:\/\/www.inoxforniture.it\/#organization"},"potentialAction":[{"@type":"SearchAction","target":{"@type":"EntryPoint","urlTemplate":"https:\/\/www.inoxforniture.it\/?s={search_term_string}"},"query-input":{"@type":"PropertyValueSpecification","valueRequired":true,"valueName":"search_term_string"}}],"inLanguage":"fr-FR"},{"@type":"Organization","@id":"https:\/\/www.inoxforniture.it\/#organization","name":"Inox Forniture srl","url":"https:\/\/www.inoxforniture.it\/","logo":{"@type":"ImageObject","inLanguage":"fr-FR","@id":"https:\/\/www.inoxforniture.it\/#\/schema\/logo\/image\/","url":"https:\/\/www.inoxforniture.it\/wp-content\/uploads\/2021\/01\/logo_inox.png","contentUrl":"https:\/\/www.inoxforniture.it\/wp-content\/uploads\/2021\/01\/logo_inox.png","width":230,"height":44,"caption":"Inox Forniture srl"},"image":{"@id":"https:\/\/www.inoxforniture.it\/#\/schema\/logo\/image\/"},"sameAs":["https:\/\/www.facebook.com\/Inox.Forniture","https:\/\/x.com\/InoxForniture"]}]}},"df_price":0.8672,"df_sale_price":"","df_regular_price":0.8672,"df_image_link":"https:\/\/www.inoxforniture.it\/wp-content\/uploads\/2015\/04\/8a10000_1_1-300x300.jpg","tiered_pricing_type":"fixed","tiered_pricing_fixed_rules":[],"tiered_pricing_product_settings":{"layout":"default","base_unit_name":{"singular":null,"plural":null},"default_variation":null},"tiered_pricing_minimum_quantity":null,"tiered_pricing_roles_data":{"privato":{"product_id":59087,"role":"privato","pricing_type":"flat","regular_price":null,"sale_price":null,"discount":null,"discount_type":"sale_price","tiered_pricing_type":"fixed","percentage_rules":[],"fixed_rules":[],"minimum":null},"azienda":{"product_id":59087,"role":"azienda","pricing_type":"flat","regular_price":null,"sale_price":null,"discount":null,"discount_type":"sale_price","tiered_pricing_type":"fixed","percentage_rules":[],"fixed_rules":[],"minimum":null},"azienda_premium":{"product_id":59087,"role":"azienda_premium","pricing_type":"flat","regular_price":null,"sale_price":null,"discount":null,"discount_type":"sale_price","tiered_pricing_type":"fixed","percentage_rules":[],"fixed_rules":[],"minimum":null}},"tiered_pricing_percentage_rules":[],"tiered_pricing_maximum_quantity":null,"tiered_pricing_quantity_step":null,"_links":{"self":[{"href":"https:\/\/www.inoxforniture.it\/fr\/wp-json\/wp\/v2\/product\/59087","targetHints":{"allow":["GET"]}}],"collection":[{"href":"https:\/\/www.inoxforniture.it\/fr\/wp-json\/wp\/v2\/product"}],"about":[{"href":"https:\/\/www.inoxforniture.it\/fr\/wp-json\/wp\/v2\/types\/product"}],"wp:featuredmedia":[{"embeddable":true,"href":"https:\/\/www.inoxforniture.it\/fr\/wp-json\/wp\/v2\/media\/59100"}],"wp:attachment":[{"href":"https:\/\/www.inoxforniture.it\/fr\/wp-json\/wp\/v2\/media?parent=59087"}],"wp:term":[{"taxonomy":"product_brand","embeddable":true,"href":"https:\/\/www.inoxforniture.it\/fr\/wp-json\/wp\/v2\/product_brand?post=59087"},{"taxonomy":"product_cat","embeddable":true,"href":"https:\/\/www.inoxforniture.it\/fr\/wp-json\/wp\/v2\/product_cat?post=59087"},{"taxonomy":"product_tag","embeddable":true,"href":"https:\/\/www.inoxforniture.it\/fr\/wp-json\/wp\/v2\/product_tag?post=59087"}],"curies":[{"name":"wp","href":"https:\/\/api.w.org\/{rel}","templated":true}]}}