{"id":59036,"date":"2015-04-09T08:46:09","date_gmt":"2015-04-09T06:46:09","guid":{"rendered":"https:\/\/www.inoxforniture.it\/cheville-nylon-6-vis-goutte-de-suif-a2-cuivree-38-rondelle\/"},"modified":"2026-01-23T18:36:16","modified_gmt":"2026-01-23T17:36:16","slug":"cheville-nylon-6-vis-goutte-de-suif-a2-cuivree-38-rondelle","status":"publish","type":"product","link":"https:\/\/www.inoxforniture.it\/fr\/cheville-nylon-6-vis-goutte-de-suif-a2-cuivree-38-rondelle\/","title":{"rendered":"Cheville Nylon 6 + Vis Goutte de Suif A2 Cuivr\u00e9e 3,8 + Rondelle"},"content":{"rendered":"<p>&#8211; Cheville en Nylon<br \/>\n&#8211; Vis \u00e0 percussion T\u00eate Goutte de Suif + rondelle en Cuivre\/EPDM \u00d8 20 mm<br \/>\n&#8211; Vis acier INOX A2<br \/>\n&#8211; Finition Cuivr\u00e9e<\/p>\n","protected":false},"excerpt":{"rendered":"<p>&#8211; Cheville en Nylon<br \/>\n&#8211; Vis \u00e0 percussion T\u00eate Goutte de Suif + rondelle en Cuivre\/EPDM \u00d8 20 mm<br \/>\n&#8211; Vis acier INOX A2<br \/>\n&#8211; Finition Cuivr\u00e9e<\/p>\n","protected":false},"featured_media":59037,"template":"","meta":{"_acf_changed":false},"product_brand":[],"product_cat":[4138],"product_tag":[],"class_list":{"0":"post-59036","1":"product","2":"type-product","3":"status-publish","4":"has-post-thumbnail","6":"product_cat-fixations-pour-couvertures","7":"pa_marchio-tecfi","9":"pa_prodotto-cheville-6x35-vis-38x40-rondelle-2","10":"pa_prodotto-cheville-6x50-vis-38x55-rondelle","11":"pa_prodotto-cheville-6x55-vis-38x60-rondelle","12":"pa_prodotto-6a-tassello6x35vite3_8x40rond","13":"pa_prodotto-tassello-6x50-vite-38x55-rondella","14":"pa_prodotto-b6-tassello6x55vite3_8x60rond","16":"first","17":"instock","18":"taxable","19":"shipping-taxable","20":"purchasable","21":"product-type-variable"},"acf":[],"yoast_head":"<!-- This site is optimized with the Yoast SEO plugin v27.3 - https:\/\/yoast.com\/product\/yoast-seo-wordpress\/ -->\n<title>Cheville Nylon 6 + Vis Goutte de Suif A2 Cuivr\u00e9e 3,8 + Rondelle - Inox Forniture<\/title>\n<meta name=\"robots\" content=\"index, follow, max-snippet:-1, max-image-preview:large, max-video-preview:-1\" \/>\n<link rel=\"canonical\" href=\"https:\/\/www.inoxforniture.it\/fr\/cheville-nylon-6-vis-goutte-de-suif-a2-cuivree-38-rondelle\/\" \/>\n<meta property=\"og:locale\" content=\"fr_FR\" \/>\n<meta property=\"og:type\" content=\"article\" \/>\n<meta property=\"og:title\" content=\"Cheville Nylon 6 + Vis Goutte de Suif A2 Cuivr\u00e9e 3,8 + Rondelle - Inox Forniture\" \/>\n<meta property=\"og:description\" content=\"- Cheville en Nylon - Vis \u00e0 percussion T\u00eate Goutte de Suif + rondelle en Cuivre\/EPDM \u00d8 20 mm - Vis acier INOX A2 - Finition Cuivr\u00e9e\" \/>\n<meta property=\"og:url\" content=\"https:\/\/www.inoxforniture.it\/fr\/cheville-nylon-6-vis-goutte-de-suif-a2-cuivree-38-rondelle\/\" \/>\n<meta property=\"og:site_name\" content=\"Inox Forniture\" \/>\n<meta property=\"article:publisher\" content=\"https:\/\/www.facebook.com\/Inox.Forniture\" \/>\n<meta property=\"article:modified_time\" content=\"2026-01-23T17:36:16+00:00\" \/>\n<meta property=\"og:image\" content=\"https:\/\/www.inoxforniture.it\/wp-content\/uploads\/2015\/04\/8ab0000_1_1.jpg\" \/>\n\t<meta property=\"og:image:width\" content=\"480\" \/>\n\t<meta property=\"og:image:height\" content=\"480\" \/>\n\t<meta property=\"og:image:type\" content=\"image\/jpeg\" \/>\n<meta name=\"twitter:card\" content=\"summary_large_image\" \/>\n<meta name=\"twitter:site\" content=\"@InoxForniture\" \/>\n<script type=\"application\/ld+json\" class=\"yoast-schema-graph\">{\"@context\":\"https:\\\/\\\/schema.org\",\"@graph\":[{\"@type\":\"WebPage\",\"@id\":\"https:\\\/\\\/www.inoxforniture.it\\\/fr\\\/cheville-nylon-6-vis-goutte-de-suif-a2-cuivree-38-rondelle\\\/\",\"url\":\"https:\\\/\\\/www.inoxforniture.it\\\/fr\\\/cheville-nylon-6-vis-goutte-de-suif-a2-cuivree-38-rondelle\\\/\",\"name\":\"Cheville Nylon 6 + Vis Goutte de Suif A2 Cuivr\u00e9e 3,8 + Rondelle - Inox Forniture\",\"isPartOf\":{\"@id\":\"https:\\\/\\\/www.inoxforniture.it\\\/#website\"},\"primaryImageOfPage\":{\"@id\":\"https:\\\/\\\/www.inoxforniture.it\\\/fr\\\/cheville-nylon-6-vis-goutte-de-suif-a2-cuivree-38-rondelle\\\/#primaryimage\"},\"image\":{\"@id\":\"https:\\\/\\\/www.inoxforniture.it\\\/fr\\\/cheville-nylon-6-vis-goutte-de-suif-a2-cuivree-38-rondelle\\\/#primaryimage\"},\"thumbnailUrl\":\"https:\\\/\\\/www.inoxforniture.it\\\/wp-content\\\/uploads\\\/2015\\\/04\\\/8ab0000_1_1.jpg\",\"datePublished\":\"2015-04-09T06:46:09+00:00\",\"dateModified\":\"2026-01-23T17:36:16+00:00\",\"breadcrumb\":{\"@id\":\"https:\\\/\\\/www.inoxforniture.it\\\/fr\\\/cheville-nylon-6-vis-goutte-de-suif-a2-cuivree-38-rondelle\\\/#breadcrumb\"},\"inLanguage\":\"fr-FR\",\"potentialAction\":[{\"@type\":\"ReadAction\",\"target\":[\"https:\\\/\\\/www.inoxforniture.it\\\/fr\\\/cheville-nylon-6-vis-goutte-de-suif-a2-cuivree-38-rondelle\\\/\"]}]},{\"@type\":\"ImageObject\",\"inLanguage\":\"fr-FR\",\"@id\":\"https:\\\/\\\/www.inoxforniture.it\\\/fr\\\/cheville-nylon-6-vis-goutte-de-suif-a2-cuivree-38-rondelle\\\/#primaryimage\",\"url\":\"https:\\\/\\\/www.inoxforniture.it\\\/wp-content\\\/uploads\\\/2015\\\/04\\\/8ab0000_1_1.jpg\",\"contentUrl\":\"https:\\\/\\\/www.inoxforniture.it\\\/wp-content\\\/uploads\\\/2015\\\/04\\\/8ab0000_1_1.jpg\",\"width\":480,\"height\":480,\"caption\":\"Cheville Nylon 6 + Vis Goutte de Suif A2 Cuivr\u00e9e 3,8 + Rondelle-0\"},{\"@type\":\"BreadcrumbList\",\"@id\":\"https:\\\/\\\/www.inoxforniture.it\\\/fr\\\/cheville-nylon-6-vis-goutte-de-suif-a2-cuivree-38-rondelle\\\/#breadcrumb\",\"itemListElement\":[{\"@type\":\"ListItem\",\"position\":1,\"name\":\"Accueil\",\"item\":\"https:\\\/\\\/www.inoxforniture.it\\\/\"},{\"@type\":\"ListItem\",\"position\":2,\"name\":\"Boutique\",\"item\":\"https:\\\/\\\/www.inoxforniture.it\\\/fr\\\/boutique\\\/\"},{\"@type\":\"ListItem\",\"position\":3,\"name\":\"Quincaillerie inox\",\"item\":\"https:\\\/\\\/www.inoxforniture.it\\\/fr\\\/quincaillerie-inox\\\/\"},{\"@type\":\"ListItem\",\"position\":4,\"name\":\"Visserie et fixation\",\"item\":\"https:\\\/\\\/www.inoxforniture.it\\\/fr\\\/visserie-et-fixation\\\/\"},{\"@type\":\"ListItem\",\"position\":5,\"name\":\"Fixations pour couvertures\",\"item\":\"https:\\\/\\\/www.inoxforniture.it\\\/fr\\\/fixations-pour-couvertures\\\/\"},{\"@type\":\"ListItem\",\"position\":6,\"name\":\"Cheville Nylon 6 + Vis Goutte de Suif A2 Cuivr\u00e9e 3,8 + Rondelle\"}]},{\"@type\":\"WebSite\",\"@id\":\"https:\\\/\\\/www.inoxforniture.it\\\/#website\",\"url\":\"https:\\\/\\\/www.inoxforniture.it\\\/\",\"name\":\"Inox Forniture\",\"description\":\"\",\"publisher\":{\"@id\":\"https:\\\/\\\/www.inoxforniture.it\\\/#organization\"},\"potentialAction\":[{\"@type\":\"SearchAction\",\"target\":{\"@type\":\"EntryPoint\",\"urlTemplate\":\"https:\\\/\\\/www.inoxforniture.it\\\/?s={search_term_string}\"},\"query-input\":{\"@type\":\"PropertyValueSpecification\",\"valueRequired\":true,\"valueName\":\"search_term_string\"}}],\"inLanguage\":\"fr-FR\"},{\"@type\":\"Organization\",\"@id\":\"https:\\\/\\\/www.inoxforniture.it\\\/#organization\",\"name\":\"Inox Forniture srl\",\"url\":\"https:\\\/\\\/www.inoxforniture.it\\\/\",\"logo\":{\"@type\":\"ImageObject\",\"inLanguage\":\"fr-FR\",\"@id\":\"https:\\\/\\\/www.inoxforniture.it\\\/#\\\/schema\\\/logo\\\/image\\\/\",\"url\":\"https:\\\/\\\/www.inoxforniture.it\\\/wp-content\\\/uploads\\\/2021\\\/01\\\/logo_inox.png\",\"contentUrl\":\"https:\\\/\\\/www.inoxforniture.it\\\/wp-content\\\/uploads\\\/2021\\\/01\\\/logo_inox.png\",\"width\":230,\"height\":44,\"caption\":\"Inox Forniture srl\"},\"image\":{\"@id\":\"https:\\\/\\\/www.inoxforniture.it\\\/#\\\/schema\\\/logo\\\/image\\\/\"},\"sameAs\":[\"https:\\\/\\\/www.facebook.com\\\/Inox.Forniture\",\"https:\\\/\\\/x.com\\\/InoxForniture\"]}]}<\/script>\n<!-- \/ Yoast SEO plugin. -->","yoast_head_json":{"title":"Cheville Nylon 6 + Vis Goutte de Suif A2 Cuivr\u00e9e 3,8 + Rondelle - Inox Forniture","robots":{"index":"index","follow":"follow","max-snippet":"max-snippet:-1","max-image-preview":"max-image-preview:large","max-video-preview":"max-video-preview:-1"},"canonical":"https:\/\/www.inoxforniture.it\/fr\/cheville-nylon-6-vis-goutte-de-suif-a2-cuivree-38-rondelle\/","og_locale":"fr_FR","og_type":"article","og_title":"Cheville Nylon 6 + Vis Goutte de Suif A2 Cuivr\u00e9e 3,8 + Rondelle - Inox Forniture","og_description":"- Cheville en Nylon - Vis \u00e0 percussion T\u00eate Goutte de Suif + rondelle en Cuivre\/EPDM \u00d8 20 mm - Vis acier INOX A2 - Finition Cuivr\u00e9e","og_url":"https:\/\/www.inoxforniture.it\/fr\/cheville-nylon-6-vis-goutte-de-suif-a2-cuivree-38-rondelle\/","og_site_name":"Inox Forniture","article_publisher":"https:\/\/www.facebook.com\/Inox.Forniture","article_modified_time":"2026-01-23T17:36:16+00:00","og_image":[{"width":480,"height":480,"url":"https:\/\/www.inoxforniture.it\/wp-content\/uploads\/2015\/04\/8ab0000_1_1.jpg","type":"image\/jpeg"}],"twitter_card":"summary_large_image","twitter_site":"@InoxForniture","schema":{"@context":"https:\/\/schema.org","@graph":[{"@type":"WebPage","@id":"https:\/\/www.inoxforniture.it\/fr\/cheville-nylon-6-vis-goutte-de-suif-a2-cuivree-38-rondelle\/","url":"https:\/\/www.inoxforniture.it\/fr\/cheville-nylon-6-vis-goutte-de-suif-a2-cuivree-38-rondelle\/","name":"Cheville Nylon 6 + Vis Goutte de Suif A2 Cuivr\u00e9e 3,8 + Rondelle - Inox Forniture","isPartOf":{"@id":"https:\/\/www.inoxforniture.it\/#website"},"primaryImageOfPage":{"@id":"https:\/\/www.inoxforniture.it\/fr\/cheville-nylon-6-vis-goutte-de-suif-a2-cuivree-38-rondelle\/#primaryimage"},"image":{"@id":"https:\/\/www.inoxforniture.it\/fr\/cheville-nylon-6-vis-goutte-de-suif-a2-cuivree-38-rondelle\/#primaryimage"},"thumbnailUrl":"https:\/\/www.inoxforniture.it\/wp-content\/uploads\/2015\/04\/8ab0000_1_1.jpg","datePublished":"2015-04-09T06:46:09+00:00","dateModified":"2026-01-23T17:36:16+00:00","breadcrumb":{"@id":"https:\/\/www.inoxforniture.it\/fr\/cheville-nylon-6-vis-goutte-de-suif-a2-cuivree-38-rondelle\/#breadcrumb"},"inLanguage":"fr-FR","potentialAction":[{"@type":"ReadAction","target":["https:\/\/www.inoxforniture.it\/fr\/cheville-nylon-6-vis-goutte-de-suif-a2-cuivree-38-rondelle\/"]}]},{"@type":"ImageObject","inLanguage":"fr-FR","@id":"https:\/\/www.inoxforniture.it\/fr\/cheville-nylon-6-vis-goutte-de-suif-a2-cuivree-38-rondelle\/#primaryimage","url":"https:\/\/www.inoxforniture.it\/wp-content\/uploads\/2015\/04\/8ab0000_1_1.jpg","contentUrl":"https:\/\/www.inoxforniture.it\/wp-content\/uploads\/2015\/04\/8ab0000_1_1.jpg","width":480,"height":480,"caption":"Cheville Nylon 6 + Vis Goutte de Suif A2 Cuivr\u00e9e 3,8 + Rondelle-0"},{"@type":"BreadcrumbList","@id":"https:\/\/www.inoxforniture.it\/fr\/cheville-nylon-6-vis-goutte-de-suif-a2-cuivree-38-rondelle\/#breadcrumb","itemListElement":[{"@type":"ListItem","position":1,"name":"Accueil","item":"https:\/\/www.inoxforniture.it\/"},{"@type":"ListItem","position":2,"name":"Boutique","item":"https:\/\/www.inoxforniture.it\/fr\/boutique\/"},{"@type":"ListItem","position":3,"name":"Quincaillerie inox","item":"https:\/\/www.inoxforniture.it\/fr\/quincaillerie-inox\/"},{"@type":"ListItem","position":4,"name":"Visserie et fixation","item":"https:\/\/www.inoxforniture.it\/fr\/visserie-et-fixation\/"},{"@type":"ListItem","position":5,"name":"Fixations pour couvertures","item":"https:\/\/www.inoxforniture.it\/fr\/fixations-pour-couvertures\/"},{"@type":"ListItem","position":6,"name":"Cheville Nylon 6 + Vis Goutte de Suif A2 Cuivr\u00e9e 3,8 + Rondelle"}]},{"@type":"WebSite","@id":"https:\/\/www.inoxforniture.it\/#website","url":"https:\/\/www.inoxforniture.it\/","name":"Inox Forniture","description":"","publisher":{"@id":"https:\/\/www.inoxforniture.it\/#organization"},"potentialAction":[{"@type":"SearchAction","target":{"@type":"EntryPoint","urlTemplate":"https:\/\/www.inoxforniture.it\/?s={search_term_string}"},"query-input":{"@type":"PropertyValueSpecification","valueRequired":true,"valueName":"search_term_string"}}],"inLanguage":"fr-FR"},{"@type":"Organization","@id":"https:\/\/www.inoxforniture.it\/#organization","name":"Inox Forniture srl","url":"https:\/\/www.inoxforniture.it\/","logo":{"@type":"ImageObject","inLanguage":"fr-FR","@id":"https:\/\/www.inoxforniture.it\/#\/schema\/logo\/image\/","url":"https:\/\/www.inoxforniture.it\/wp-content\/uploads\/2021\/01\/logo_inox.png","contentUrl":"https:\/\/www.inoxforniture.it\/wp-content\/uploads\/2021\/01\/logo_inox.png","width":230,"height":44,"caption":"Inox Forniture srl"},"image":{"@id":"https:\/\/www.inoxforniture.it\/#\/schema\/logo\/image\/"},"sameAs":["https:\/\/www.facebook.com\/Inox.Forniture","https:\/\/x.com\/InoxForniture"]}]}},"df_price":0.5032,"df_sale_price":"","df_regular_price":0.5032,"df_image_link":"https:\/\/www.inoxforniture.it\/wp-content\/uploads\/2015\/04\/8ab0000_1_1-300x300.jpg","tiered_pricing_type":"fixed","tiered_pricing_fixed_rules":[],"tiered_pricing_product_settings":{"layout":"default","base_unit_name":{"singular":null,"plural":null},"default_variation":null},"tiered_pricing_minimum_quantity":null,"tiered_pricing_roles_data":{"privato":{"product_id":59036,"role":"privato","pricing_type":"flat","regular_price":null,"sale_price":null,"discount":null,"discount_type":"sale_price","tiered_pricing_type":"fixed","percentage_rules":[],"fixed_rules":[],"minimum":null},"azienda":{"product_id":59036,"role":"azienda","pricing_type":"flat","regular_price":null,"sale_price":null,"discount":null,"discount_type":"sale_price","tiered_pricing_type":"fixed","percentage_rules":[],"fixed_rules":[],"minimum":null},"azienda_premium":{"product_id":59036,"role":"azienda_premium","pricing_type":"flat","regular_price":null,"sale_price":null,"discount":null,"discount_type":"sale_price","tiered_pricing_type":"fixed","percentage_rules":[],"fixed_rules":[],"minimum":null}},"tiered_pricing_percentage_rules":[],"tiered_pricing_maximum_quantity":null,"tiered_pricing_quantity_step":null,"_links":{"self":[{"href":"https:\/\/www.inoxforniture.it\/fr\/wp-json\/wp\/v2\/product\/59036","targetHints":{"allow":["GET"]}}],"collection":[{"href":"https:\/\/www.inoxforniture.it\/fr\/wp-json\/wp\/v2\/product"}],"about":[{"href":"https:\/\/www.inoxforniture.it\/fr\/wp-json\/wp\/v2\/types\/product"}],"wp:featuredmedia":[{"embeddable":true,"href":"https:\/\/www.inoxforniture.it\/fr\/wp-json\/wp\/v2\/media\/59037"}],"wp:attachment":[{"href":"https:\/\/www.inoxforniture.it\/fr\/wp-json\/wp\/v2\/media?parent=59036"}],"wp:term":[{"taxonomy":"product_brand","embeddable":true,"href":"https:\/\/www.inoxforniture.it\/fr\/wp-json\/wp\/v2\/product_brand?post=59036"},{"taxonomy":"product_cat","embeddable":true,"href":"https:\/\/www.inoxforniture.it\/fr\/wp-json\/wp\/v2\/product_cat?post=59036"},{"taxonomy":"product_tag","embeddable":true,"href":"https:\/\/www.inoxforniture.it\/fr\/wp-json\/wp\/v2\/product_tag?post=59036"}],"curies":[{"name":"wp","href":"https:\/\/api.w.org\/{rel}","templated":true}]}}