{"id":58989,"date":"2014-10-17T11:29:09","date_gmt":"2014-10-17T09:29:09","guid":{"rendered":"https:\/\/www.inoxforniture.it\/gond-inox-aisi-304-a-roulements-pour-portails-d-50-mm-partie-inferieure\/"},"modified":"2026-01-23T18:33:26","modified_gmt":"2026-01-23T17:33:26","slug":"gond-inox-aisi-304-a-roulements-pour-portails-d-50-mm-partie-inferieure","status":"publish","type":"product","link":"https:\/\/www.inoxforniture.it\/fr\/gond-inox-aisi-304-a-roulements-pour-portails-d-50-mm-partie-inferieure\/","title":{"rendered":"GOND INOX AISI 304 \u00c0 ROULEMENTS POUR PORTAILS D.50 MM PARTIE INF\u00c9RIEURE"},"content":{"rendered":"<p>&#8211; Gond \u00e0 roulements pour portails en inox &#8211; partie inf\u00e9rieure.<br \/>\n&#8211; Gond \u00e0 roulements en acier inoxydable pour portails &#8211; partie inf\u00e9rieure.<\/p>\n","protected":false},"excerpt":{"rendered":"<p>&#8211; Gond \u00e0 roulements pour portails en inox &#8211; partie inf\u00e9rieure.<br \/>\n&#8211; Capacit\u00e9 1 paire 500 kg.<br \/>\n&#8211; Gond \u00e0 roulements en acier inoxydable pour portails &#8211; partie inf\u00e9rieure &#8211; Charge maximale 500 kg.<\/p>\n","protected":false},"featured_media":58990,"template":"","meta":{"_acf_changed":false},"product_brand":[],"product_cat":[4102],"product_tag":[],"class_list":{"0":"post-58989","1":"product","2":"type-product","3":"status-publish","4":"has-post-thumbnail","6":"product_cat-composants-pour-portails","7":"pa_marchio-ibfm","8":"pa_prodotto-gond-a-roulements-pour-portails-d-50-mm-partie-inferieure","10":"first","11":"instock","12":"taxable","13":"shipping-taxable","14":"purchasable","15":"product-type-simple"},"acf":[],"yoast_head":"<!-- This site is optimized with the Yoast SEO plugin v27.3 - https:\/\/yoast.com\/product\/yoast-seo-wordpress\/ -->\n<title>GOND INOX AISI 304 \u00c0 ROULEMENTS POUR PORTAILS D.50 MM PARTIE INF\u00c9RIEURE - Inox Forniture<\/title>\n<meta name=\"robots\" content=\"index, follow, max-snippet:-1, max-image-preview:large, max-video-preview:-1\" \/>\n<link rel=\"canonical\" href=\"https:\/\/www.inoxforniture.it\/fr\/gond-inox-aisi-304-a-roulements-pour-portails-d-50-mm-partie-inferieure\/\" \/>\n<meta property=\"og:locale\" content=\"fr_FR\" \/>\n<meta property=\"og:type\" content=\"article\" \/>\n<meta property=\"og:title\" content=\"GOND INOX AISI 304 \u00c0 ROULEMENTS POUR PORTAILS D.50 MM PARTIE INF\u00c9RIEURE - Inox Forniture\" \/>\n<meta property=\"og:description\" content=\"- Gond \u00e0 roulements pour portails en inox - partie inf\u00e9rieure. - Capacit\u00e9 1 paire 500 kg. - Gond \u00e0 roulements en acier inoxydable pour portails - partie inf\u00e9rieure - Charge maximale 500 kg.\" \/>\n<meta property=\"og:url\" content=\"https:\/\/www.inoxforniture.it\/fr\/gond-inox-aisi-304-a-roulements-pour-portails-d-50-mm-partie-inferieure\/\" \/>\n<meta property=\"og:site_name\" content=\"Inox Forniture\" \/>\n<meta property=\"article:publisher\" content=\"https:\/\/www.facebook.com\/Inox.Forniture\" \/>\n<meta property=\"article:modified_time\" content=\"2026-01-23T17:33:26+00:00\" \/>\n<meta property=\"og:image\" content=\"https:\/\/www.inoxforniture.it\/wp-content\/uploads\/2014\/10\/9180006_1_1.jpg\" \/>\n\t<meta property=\"og:image:width\" content=\"480\" \/>\n\t<meta property=\"og:image:height\" content=\"480\" \/>\n\t<meta property=\"og:image:type\" content=\"image\/jpeg\" \/>\n<meta name=\"twitter:card\" content=\"summary_large_image\" \/>\n<meta name=\"twitter:site\" content=\"@InoxForniture\" \/>\n<script type=\"application\/ld+json\" class=\"yoast-schema-graph\">{\"@context\":\"https:\\\/\\\/schema.org\",\"@graph\":[{\"@type\":\"WebPage\",\"@id\":\"https:\\\/\\\/www.inoxforniture.it\\\/fr\\\/gond-inox-aisi-304-a-roulements-pour-portails-d-50-mm-partie-inferieure\\\/\",\"url\":\"https:\\\/\\\/www.inoxforniture.it\\\/fr\\\/gond-inox-aisi-304-a-roulements-pour-portails-d-50-mm-partie-inferieure\\\/\",\"name\":\"GOND INOX AISI 304 \u00c0 ROULEMENTS POUR PORTAILS D.50 MM PARTIE INF\u00c9RIEURE - Inox Forniture\",\"isPartOf\":{\"@id\":\"https:\\\/\\\/www.inoxforniture.it\\\/#website\"},\"primaryImageOfPage\":{\"@id\":\"https:\\\/\\\/www.inoxforniture.it\\\/fr\\\/gond-inox-aisi-304-a-roulements-pour-portails-d-50-mm-partie-inferieure\\\/#primaryimage\"},\"image\":{\"@id\":\"https:\\\/\\\/www.inoxforniture.it\\\/fr\\\/gond-inox-aisi-304-a-roulements-pour-portails-d-50-mm-partie-inferieure\\\/#primaryimage\"},\"thumbnailUrl\":\"https:\\\/\\\/www.inoxforniture.it\\\/wp-content\\\/uploads\\\/2014\\\/10\\\/9180006_1_1.jpg\",\"datePublished\":\"2014-10-17T09:29:09+00:00\",\"dateModified\":\"2026-01-23T17:33:26+00:00\",\"breadcrumb\":{\"@id\":\"https:\\\/\\\/www.inoxforniture.it\\\/fr\\\/gond-inox-aisi-304-a-roulements-pour-portails-d-50-mm-partie-inferieure\\\/#breadcrumb\"},\"inLanguage\":\"fr-FR\",\"potentialAction\":[{\"@type\":\"ReadAction\",\"target\":[\"https:\\\/\\\/www.inoxforniture.it\\\/fr\\\/gond-inox-aisi-304-a-roulements-pour-portails-d-50-mm-partie-inferieure\\\/\"]}]},{\"@type\":\"ImageObject\",\"inLanguage\":\"fr-FR\",\"@id\":\"https:\\\/\\\/www.inoxforniture.it\\\/fr\\\/gond-inox-aisi-304-a-roulements-pour-portails-d-50-mm-partie-inferieure\\\/#primaryimage\",\"url\":\"https:\\\/\\\/www.inoxforniture.it\\\/wp-content\\\/uploads\\\/2014\\\/10\\\/9180006_1_1.jpg\",\"contentUrl\":\"https:\\\/\\\/www.inoxforniture.it\\\/wp-content\\\/uploads\\\/2014\\\/10\\\/9180006_1_1.jpg\",\"width\":480,\"height\":480,\"caption\":\"GOND INOX AISI 304 \u00c0 ROULEMENTS POUR PORTAILS D.50 MM PARTIE INF\u00c9RIEURE-0\"},{\"@type\":\"BreadcrumbList\",\"@id\":\"https:\\\/\\\/www.inoxforniture.it\\\/fr\\\/gond-inox-aisi-304-a-roulements-pour-portails-d-50-mm-partie-inferieure\\\/#breadcrumb\",\"itemListElement\":[{\"@type\":\"ListItem\",\"position\":1,\"name\":\"Accueil\",\"item\":\"https:\\\/\\\/www.inoxforniture.it\\\/\"},{\"@type\":\"ListItem\",\"position\":2,\"name\":\"Boutique\",\"item\":\"https:\\\/\\\/www.inoxforniture.it\\\/fr\\\/boutique\\\/\"},{\"@type\":\"ListItem\",\"position\":3,\"name\":\"Quincaillerie inox\",\"item\":\"https:\\\/\\\/www.inoxforniture.it\\\/fr\\\/quincaillerie-inox\\\/\"},{\"@type\":\"ListItem\",\"position\":4,\"name\":\"Composants pour portails\",\"item\":\"https:\\\/\\\/www.inoxforniture.it\\\/fr\\\/composants-pour-portails\\\/\"},{\"@type\":\"ListItem\",\"position\":5,\"name\":\"GOND INOX AISI 304 \u00c0 ROULEMENTS POUR PORTAILS D.50 MM PARTIE INF\u00c9RIEURE\"}]},{\"@type\":\"WebSite\",\"@id\":\"https:\\\/\\\/www.inoxforniture.it\\\/#website\",\"url\":\"https:\\\/\\\/www.inoxforniture.it\\\/\",\"name\":\"Inox Forniture\",\"description\":\"\",\"publisher\":{\"@id\":\"https:\\\/\\\/www.inoxforniture.it\\\/#organization\"},\"potentialAction\":[{\"@type\":\"SearchAction\",\"target\":{\"@type\":\"EntryPoint\",\"urlTemplate\":\"https:\\\/\\\/www.inoxforniture.it\\\/?s={search_term_string}\"},\"query-input\":{\"@type\":\"PropertyValueSpecification\",\"valueRequired\":true,\"valueName\":\"search_term_string\"}}],\"inLanguage\":\"fr-FR\"},{\"@type\":\"Organization\",\"@id\":\"https:\\\/\\\/www.inoxforniture.it\\\/#organization\",\"name\":\"Inox Forniture srl\",\"url\":\"https:\\\/\\\/www.inoxforniture.it\\\/\",\"logo\":{\"@type\":\"ImageObject\",\"inLanguage\":\"fr-FR\",\"@id\":\"https:\\\/\\\/www.inoxforniture.it\\\/#\\\/schema\\\/logo\\\/image\\\/\",\"url\":\"https:\\\/\\\/www.inoxforniture.it\\\/wp-content\\\/uploads\\\/2021\\\/01\\\/logo_inox.png\",\"contentUrl\":\"https:\\\/\\\/www.inoxforniture.it\\\/wp-content\\\/uploads\\\/2021\\\/01\\\/logo_inox.png\",\"width\":230,\"height\":44,\"caption\":\"Inox Forniture srl\"},\"image\":{\"@id\":\"https:\\\/\\\/www.inoxforniture.it\\\/#\\\/schema\\\/logo\\\/image\\\/\"},\"sameAs\":[\"https:\\\/\\\/www.facebook.com\\\/Inox.Forniture\",\"https:\\\/\\\/x.com\\\/InoxForniture\"]}]}<\/script>\n<!-- \/ Yoast SEO plugin. -->","yoast_head_json":{"title":"GOND INOX AISI 304 \u00c0 ROULEMENTS POUR PORTAILS D.50 MM PARTIE INF\u00c9RIEURE - Inox Forniture","robots":{"index":"index","follow":"follow","max-snippet":"max-snippet:-1","max-image-preview":"max-image-preview:large","max-video-preview":"max-video-preview:-1"},"canonical":"https:\/\/www.inoxforniture.it\/fr\/gond-inox-aisi-304-a-roulements-pour-portails-d-50-mm-partie-inferieure\/","og_locale":"fr_FR","og_type":"article","og_title":"GOND INOX AISI 304 \u00c0 ROULEMENTS POUR PORTAILS D.50 MM PARTIE INF\u00c9RIEURE - Inox Forniture","og_description":"- Gond \u00e0 roulements pour portails en inox - partie inf\u00e9rieure. - Capacit\u00e9 1 paire 500 kg. - Gond \u00e0 roulements en acier inoxydable pour portails - partie inf\u00e9rieure - Charge maximale 500 kg.","og_url":"https:\/\/www.inoxforniture.it\/fr\/gond-inox-aisi-304-a-roulements-pour-portails-d-50-mm-partie-inferieure\/","og_site_name":"Inox Forniture","article_publisher":"https:\/\/www.facebook.com\/Inox.Forniture","article_modified_time":"2026-01-23T17:33:26+00:00","og_image":[{"width":480,"height":480,"url":"https:\/\/www.inoxforniture.it\/wp-content\/uploads\/2014\/10\/9180006_1_1.jpg","type":"image\/jpeg"}],"twitter_card":"summary_large_image","twitter_site":"@InoxForniture","schema":{"@context":"https:\/\/schema.org","@graph":[{"@type":"WebPage","@id":"https:\/\/www.inoxforniture.it\/fr\/gond-inox-aisi-304-a-roulements-pour-portails-d-50-mm-partie-inferieure\/","url":"https:\/\/www.inoxforniture.it\/fr\/gond-inox-aisi-304-a-roulements-pour-portails-d-50-mm-partie-inferieure\/","name":"GOND INOX AISI 304 \u00c0 ROULEMENTS POUR PORTAILS D.50 MM PARTIE INF\u00c9RIEURE - Inox Forniture","isPartOf":{"@id":"https:\/\/www.inoxforniture.it\/#website"},"primaryImageOfPage":{"@id":"https:\/\/www.inoxforniture.it\/fr\/gond-inox-aisi-304-a-roulements-pour-portails-d-50-mm-partie-inferieure\/#primaryimage"},"image":{"@id":"https:\/\/www.inoxforniture.it\/fr\/gond-inox-aisi-304-a-roulements-pour-portails-d-50-mm-partie-inferieure\/#primaryimage"},"thumbnailUrl":"https:\/\/www.inoxforniture.it\/wp-content\/uploads\/2014\/10\/9180006_1_1.jpg","datePublished":"2014-10-17T09:29:09+00:00","dateModified":"2026-01-23T17:33:26+00:00","breadcrumb":{"@id":"https:\/\/www.inoxforniture.it\/fr\/gond-inox-aisi-304-a-roulements-pour-portails-d-50-mm-partie-inferieure\/#breadcrumb"},"inLanguage":"fr-FR","potentialAction":[{"@type":"ReadAction","target":["https:\/\/www.inoxforniture.it\/fr\/gond-inox-aisi-304-a-roulements-pour-portails-d-50-mm-partie-inferieure\/"]}]},{"@type":"ImageObject","inLanguage":"fr-FR","@id":"https:\/\/www.inoxforniture.it\/fr\/gond-inox-aisi-304-a-roulements-pour-portails-d-50-mm-partie-inferieure\/#primaryimage","url":"https:\/\/www.inoxforniture.it\/wp-content\/uploads\/2014\/10\/9180006_1_1.jpg","contentUrl":"https:\/\/www.inoxforniture.it\/wp-content\/uploads\/2014\/10\/9180006_1_1.jpg","width":480,"height":480,"caption":"GOND INOX AISI 304 \u00c0 ROULEMENTS POUR PORTAILS D.50 MM PARTIE INF\u00c9RIEURE-0"},{"@type":"BreadcrumbList","@id":"https:\/\/www.inoxforniture.it\/fr\/gond-inox-aisi-304-a-roulements-pour-portails-d-50-mm-partie-inferieure\/#breadcrumb","itemListElement":[{"@type":"ListItem","position":1,"name":"Accueil","item":"https:\/\/www.inoxforniture.it\/"},{"@type":"ListItem","position":2,"name":"Boutique","item":"https:\/\/www.inoxforniture.it\/fr\/boutique\/"},{"@type":"ListItem","position":3,"name":"Quincaillerie inox","item":"https:\/\/www.inoxforniture.it\/fr\/quincaillerie-inox\/"},{"@type":"ListItem","position":4,"name":"Composants pour portails","item":"https:\/\/www.inoxforniture.it\/fr\/composants-pour-portails\/"},{"@type":"ListItem","position":5,"name":"GOND INOX AISI 304 \u00c0 ROULEMENTS POUR PORTAILS D.50 MM PARTIE INF\u00c9RIEURE"}]},{"@type":"WebSite","@id":"https:\/\/www.inoxforniture.it\/#website","url":"https:\/\/www.inoxforniture.it\/","name":"Inox Forniture","description":"","publisher":{"@id":"https:\/\/www.inoxforniture.it\/#organization"},"potentialAction":[{"@type":"SearchAction","target":{"@type":"EntryPoint","urlTemplate":"https:\/\/www.inoxforniture.it\/?s={search_term_string}"},"query-input":{"@type":"PropertyValueSpecification","valueRequired":true,"valueName":"search_term_string"}}],"inLanguage":"fr-FR"},{"@type":"Organization","@id":"https:\/\/www.inoxforniture.it\/#organization","name":"Inox Forniture srl","url":"https:\/\/www.inoxforniture.it\/","logo":{"@type":"ImageObject","inLanguage":"fr-FR","@id":"https:\/\/www.inoxforniture.it\/#\/schema\/logo\/image\/","url":"https:\/\/www.inoxforniture.it\/wp-content\/uploads\/2021\/01\/logo_inox.png","contentUrl":"https:\/\/www.inoxforniture.it\/wp-content\/uploads\/2021\/01\/logo_inox.png","width":230,"height":44,"caption":"Inox Forniture srl"},"image":{"@id":"https:\/\/www.inoxforniture.it\/#\/schema\/logo\/image\/"},"sameAs":["https:\/\/www.facebook.com\/Inox.Forniture","https:\/\/x.com\/InoxForniture"]}]}},"df_price":64.93,"df_sale_price":"","df_regular_price":64.93,"df_image_link":"https:\/\/www.inoxforniture.it\/wp-content\/uploads\/2014\/10\/9180006_1_1-300x300.jpg","tiered_pricing_type":"fixed","tiered_pricing_fixed_rules":{"2":51.95,"4":45.46,"16":42.21},"tiered_pricing_product_settings":{"layout":"default","base_unit_name":{"singular":null,"plural":null},"default_variation":null},"tiered_pricing_minimum_quantity":null,"tiered_pricing_roles_data":{"privato":{"product_id":58989,"role":"privato","pricing_type":"flat","regular_price":null,"sale_price":null,"discount":null,"discount_type":"sale_price","tiered_pricing_type":"fixed","percentage_rules":[],"fixed_rules":{"2":"51.95","4":"45.46","16":"42.21"},"minimum":null},"azienda":{"product_id":58989,"role":"azienda","pricing_type":"flat","regular_price":51.95,"sale_price":null,"discount":null,"discount_type":"sale_price","tiered_pricing_type":"fixed","percentage_rules":[],"fixed_rules":{"4":"45.46","16":"42.21"},"minimum":null},"azienda_premium":{"product_id":58989,"role":"azienda_premium","pricing_type":"flat","regular_price":51.95,"sale_price":null,"discount":null,"discount_type":"sale_price","tiered_pricing_type":"fixed","percentage_rules":[],"fixed_rules":{"4":"45.46","16":"42.21"},"minimum":null}},"tiered_pricing_percentage_rules":[],"tiered_pricing_maximum_quantity":null,"tiered_pricing_quantity_step":null,"_links":{"self":[{"href":"https:\/\/www.inoxforniture.it\/fr\/wp-json\/wp\/v2\/product\/58989","targetHints":{"allow":["GET"]}}],"collection":[{"href":"https:\/\/www.inoxforniture.it\/fr\/wp-json\/wp\/v2\/product"}],"about":[{"href":"https:\/\/www.inoxforniture.it\/fr\/wp-json\/wp\/v2\/types\/product"}],"wp:featuredmedia":[{"embeddable":true,"href":"https:\/\/www.inoxforniture.it\/fr\/wp-json\/wp\/v2\/media\/58990"}],"wp:attachment":[{"href":"https:\/\/www.inoxforniture.it\/fr\/wp-json\/wp\/v2\/media?parent=58989"}],"wp:term":[{"taxonomy":"product_brand","embeddable":true,"href":"https:\/\/www.inoxforniture.it\/fr\/wp-json\/wp\/v2\/product_brand?post=58989"},{"taxonomy":"product_cat","embeddable":true,"href":"https:\/\/www.inoxforniture.it\/fr\/wp-json\/wp\/v2\/product_cat?post=58989"},{"taxonomy":"product_tag","embeddable":true,"href":"https:\/\/www.inoxforniture.it\/fr\/wp-json\/wp\/v2\/product_tag?post=58989"}],"curies":[{"name":"wp","href":"https:\/\/api.w.org\/{rel}","templated":true}]}}