{"id":58956,"date":"2015-04-08T16:17:20","date_gmt":"2015-04-08T14:17:20","guid":{"rendered":"https:\/\/www.inoxforniture.it\/vis-te-autoperforante-a2-bimetallique-6-x-25-rondelle-a2-epdm\/"},"modified":"2026-01-23T18:36:10","modified_gmt":"2026-01-23T17:36:10","slug":"vis-te-autoperforante-a2-bimetallique-6-x-25-rondelle-a2-epdm","status":"publish","type":"product","link":"https:\/\/www.inoxforniture.it\/fr\/vis-te-autoperforante-a2-bimetallique-6-x-25-rondelle-a2-epdm\/","title":{"rendered":"Vis TE Autoperforante A2 Bim\u00e9tallique 6 X 25 + Rondelle A2\/EPDM"},"content":{"rendered":"<p>Vis BIM\u00c9TALLIQUE (Acier INOX A2 + Acier au carbone) T\u00eate Hexagonale avec fausse Rondelle, autoper\u00e7ante, finition sp\u00e9ciale Silver.<\/p>\n<table style=\"width: 700px;\" border=\"0\">\n<tbody>\n<tr>\n<td style=\"width: 350px;\" align=\"center\">\n<p><img decoding=\"async\" class=\" size-full wp-image-8176\" title=\"Vis Bim\u00e9tallique autoperforante pour coutures inox\" src=\"https:\/\/www.inoxforniture.it\/wp-content\/uploads\/2015\/04\/8A201.JPG\" alt=\"Vis Bim\u00e9tallique autoperforante pour coutures inox\" width=\"250\" height=\"159\"><\/p>\n<p style=\"text-align: justify;\"><span style=\"font-size: medium;\"><strong>Description<\/strong><\/span><\/p>\n<p style=\"text-align: justify;\">Vis <strong>BIM\u00c9TALLIQUE<\/strong> T\u00eate Hexagonale fausse Rondelle avec filetage sp\u00e9cial, autoperforante, assembl\u00e9e avec rondelle (\u00d814 mm) <strong>en Acier INOX A2 (AISI 304)<\/strong>\/EPDM. <strong>Corps en Acier INOX A2<\/strong>, pointe <strong>r\u00e9duite<\/strong> en Acier au carbone c\u00e9ment\u00e9, zingu\u00e9e (exempte de CrVI).<br \/>&#8211; Pointe r\u00e9duite pour coutures<br \/>&#8211; Cl\u00e9 : <strong>8<\/strong><br \/>&#8211; Ne n\u00e9cessite pas de pr\u00e9-per\u00e7age<br \/>&#8211; \u00c9paisseur minimum fixable : <strong>0,6 + 0,6 mm<\/strong><br \/>&#8211; \u00c9paisseur maximum fixable : <strong>1+1 mm<\/strong><br \/>&#8211; Vitesse de per\u00e7age : <strong>1000 \u2013 1800 rpm<\/strong><\/p>\n<\/td>\n<td style=\"width: 350px;\" align=\"center\">\n<p>&nbsp;<\/p>\n<p style=\"text-align: center;\"><span style=\"font-size: medium;\"><strong>S\u00e9quence d&rsquo;installation<\/strong><\/span><\/p>\n<p><img decoding=\"async\" class=\" size-full wp-image-8177\" title=\"S\u00e9quence d'installation vis pour coutures\" src=\"https:\/\/www.inoxforniture.it\/wp-content\/uploads\/2015\/04\/8A203.JPG\" alt=\"S\u00e9quence d'installation vis pour coutures\" width=\"300\" height=\"129\"><\/p>\n<\/td>\n<\/tr>\n<\/tbody>\n<\/table>\n<table style=\"width: 700px;\" border=\"0\">\n<tbody>\n<tr>\n<td>\n<p><span style=\"font-size: medium;\"><strong>Utilisation<\/strong><\/span><\/p>\n<p><img decoding=\"async\" class=\" alignleft size-full wp-image-8178\" style=\"float: left;\" title=\"Utilisation Vis autoperforante pour coutures INOX\" src=\"https:\/\/www.inoxforniture.it\/wp-content\/uploads\/2015\/04\/8A202.JPG\" alt=\"Utilisation Vis autoperforante pour coutures INOX\" width=\"118\" height=\"130\">Pour la fixation sur t\u00f4les d&rsquo;\u00e9paisseur r\u00e9duite. <strong>Ne n\u00e9cessite pas de pr\u00e9-per\u00e7age.<\/strong><\/p>\n<\/td>\n<\/tr>\n<\/tbody>\n<\/table>\n<p>&nbsp;<\/p>\n","protected":false},"excerpt":{"rendered":"<p><span>Vis <\/span><strong>BIM\u00c9TALLIQUE<\/strong><span> T\u00eate Hexagonale fausse Rondelle avec filetage sp\u00e9cial, autoperforante, assembl\u00e9e avec rondelle (\u00d814 mm) <\/span><strong>en Acier INOX A2 (AISI 304)<\/strong><span>\/EPDM. <\/span><strong>Corps en Acier INOX A2<\/strong><span>, pointe <\/span><strong>r\u00e9duite<\/strong><span> en Acier au carbone c\u00e9ment\u00e9, zingu\u00e9e (exempte de CrVI).<\/span><br \/><span>&#8211; Pointe r\u00e9duite pour coutures<\/span><br \/><span>&#8211; Cl\u00e9 : <\/span><strong>8<\/strong><br \/><span>&#8211; Ne n\u00e9cessite pas de pr\u00e9-per\u00e7age<\/span><br \/><span>&#8211; \u00c9paisseur minimum fixable : <\/span><strong>0,6 + 0,6 mm<\/strong><br \/><span>&#8211; \u00c9paisseur maximum fixable : <\/span><strong>1+1 mm<\/strong><br \/><span>&#8211; Vitesse de per\u00e7age : <\/span><strong>1000 \u2013 1800 rpm<\/strong><\/p>\n","protected":false},"featured_media":58957,"template":"","meta":{"_acf_changed":false},"product_brand":[],"product_cat":[4138],"product_tag":[4526,4537],"class_list":{"0":"post-58956","1":"product","2":"type-product","3":"status-publish","4":"has-post-thumbnail","6":"product_cat-fixations-pour-couvertures","7":"product_tag-fausse-rondelle-inox","8":"product_tag-vis-autoperforante-inox","9":"pa_marchio-tecfi","10":"pa_prodotto-vis-te-autoperforante-a2-bimetallique-6-x-25-rondelle-a2-epdm","12":"first","13":"onbackorder","14":"taxable","15":"shipping-taxable","16":"purchasable","17":"product-type-simple"},"acf":[],"yoast_head":"<!-- This site is optimized with the Yoast SEO plugin v27.3 - https:\/\/yoast.com\/product\/yoast-seo-wordpress\/ -->\n<title>Vis BIM\u00c9TALLIQUE T\u00eate Hexagonale fausse Rondelle avec filetage sp\u00e9cial, autoperforante<\/title>\n<meta name=\"description\" content=\"Vis BIM\u00c9TALLIQUE T\u00eate Hexagonale fausse Rondelle avec filetage sp\u00e9cial, autoperforante, assembl\u00e9e avec rondelle (\u00d814 mm) en Acier INOX A2 (AISI 304)\/EPDM. Corps en Acier INOX A2, pointe r\u00e9duite en Acier au carbone c\u00e9ment\u00e9, zingu\u00e9e (exempte de CrVI).\" \/>\n<meta name=\"robots\" content=\"index, follow, max-snippet:-1, max-image-preview:large, max-video-preview:-1\" \/>\n<link rel=\"canonical\" href=\"https:\/\/www.inoxforniture.it\/fr\/vis-te-autoperforante-a2-bimetallique-6-x-25-rondelle-a2-epdm\/\" \/>\n<meta property=\"og:locale\" content=\"fr_FR\" \/>\n<meta property=\"og:type\" content=\"article\" \/>\n<meta property=\"og:title\" content=\"Vis BIM\u00c9TALLIQUE T\u00eate Hexagonale fausse Rondelle avec filetage sp\u00e9cial, autoperforante\" \/>\n<meta property=\"og:description\" content=\"Vis BIM\u00c9TALLIQUE T\u00eate Hexagonale fausse Rondelle avec filetage sp\u00e9cial, autoperforante, assembl\u00e9e avec rondelle (\u00d814 mm) en Acier INOX A2 (AISI 304)\/EPDM. Corps en Acier INOX A2, pointe r\u00e9duite en Acier au carbone c\u00e9ment\u00e9, zingu\u00e9e (exempte de CrVI).\" \/>\n<meta property=\"og:url\" content=\"https:\/\/www.inoxforniture.it\/fr\/vis-te-autoperforante-a2-bimetallique-6-x-25-rondelle-a2-epdm\/\" \/>\n<meta property=\"og:site_name\" content=\"Inox Forniture\" \/>\n<meta property=\"article:publisher\" content=\"https:\/\/www.facebook.com\/Inox.Forniture\" \/>\n<meta property=\"article:modified_time\" content=\"2026-01-23T17:36:10+00:00\" \/>\n<meta property=\"og:image\" content=\"https:\/\/www.inoxforniture.it\/wp-content\/uploads\/2015\/04\/8a20000_1_1.jpg\" \/>\n\t<meta property=\"og:image:width\" content=\"480\" \/>\n\t<meta property=\"og:image:height\" content=\"480\" \/>\n\t<meta property=\"og:image:type\" content=\"image\/jpeg\" \/>\n<meta name=\"twitter:card\" content=\"summary_large_image\" \/>\n<meta name=\"twitter:site\" content=\"@InoxForniture\" \/>\n<meta name=\"twitter:label1\" content=\"Dur\u00e9e de lecture estim\u00e9e\" \/>\n\t<meta name=\"twitter:data1\" content=\"1 minute\" \/>\n<script type=\"application\/ld+json\" class=\"yoast-schema-graph\">{\"@context\":\"https:\\\/\\\/schema.org\",\"@graph\":[{\"@type\":\"WebPage\",\"@id\":\"https:\\\/\\\/www.inoxforniture.it\\\/fr\\\/vis-te-autoperforante-a2-bimetallique-6-x-25-rondelle-a2-epdm\\\/\",\"url\":\"https:\\\/\\\/www.inoxforniture.it\\\/fr\\\/vis-te-autoperforante-a2-bimetallique-6-x-25-rondelle-a2-epdm\\\/\",\"name\":\"Vis BIM\u00c9TALLIQUE T\u00eate Hexagonale fausse Rondelle avec filetage sp\u00e9cial, autoperforante\",\"isPartOf\":{\"@id\":\"https:\\\/\\\/www.inoxforniture.it\\\/#website\"},\"primaryImageOfPage\":{\"@id\":\"https:\\\/\\\/www.inoxforniture.it\\\/fr\\\/vis-te-autoperforante-a2-bimetallique-6-x-25-rondelle-a2-epdm\\\/#primaryimage\"},\"image\":{\"@id\":\"https:\\\/\\\/www.inoxforniture.it\\\/fr\\\/vis-te-autoperforante-a2-bimetallique-6-x-25-rondelle-a2-epdm\\\/#primaryimage\"},\"thumbnailUrl\":\"https:\\\/\\\/www.inoxforniture.it\\\/wp-content\\\/uploads\\\/2015\\\/04\\\/8a20000_1_1.jpg\",\"datePublished\":\"2015-04-08T14:17:20+00:00\",\"dateModified\":\"2026-01-23T17:36:10+00:00\",\"description\":\"Vis BIM\u00c9TALLIQUE T\u00eate Hexagonale fausse Rondelle avec filetage sp\u00e9cial, autoperforante, assembl\u00e9e avec rondelle (\u00d814 mm) en Acier INOX A2 (AISI 304)\\\/EPDM. Corps en Acier INOX A2, pointe r\u00e9duite en Acier au carbone c\u00e9ment\u00e9, zingu\u00e9e (exempte de CrVI).\",\"breadcrumb\":{\"@id\":\"https:\\\/\\\/www.inoxforniture.it\\\/fr\\\/vis-te-autoperforante-a2-bimetallique-6-x-25-rondelle-a2-epdm\\\/#breadcrumb\"},\"inLanguage\":\"fr-FR\",\"potentialAction\":[{\"@type\":\"ReadAction\",\"target\":[\"https:\\\/\\\/www.inoxforniture.it\\\/fr\\\/vis-te-autoperforante-a2-bimetallique-6-x-25-rondelle-a2-epdm\\\/\"]}]},{\"@type\":\"ImageObject\",\"inLanguage\":\"fr-FR\",\"@id\":\"https:\\\/\\\/www.inoxforniture.it\\\/fr\\\/vis-te-autoperforante-a2-bimetallique-6-x-25-rondelle-a2-epdm\\\/#primaryimage\",\"url\":\"https:\\\/\\\/www.inoxforniture.it\\\/wp-content\\\/uploads\\\/2015\\\/04\\\/8a20000_1_1.jpg\",\"contentUrl\":\"https:\\\/\\\/www.inoxforniture.it\\\/wp-content\\\/uploads\\\/2015\\\/04\\\/8a20000_1_1.jpg\",\"width\":480,\"height\":480,\"caption\":\"Vis TE Autoperforante A2 Bim\u00e9tallique 6 X 25 + Rondelle A2\\\/EPDM-0\"},{\"@type\":\"BreadcrumbList\",\"@id\":\"https:\\\/\\\/www.inoxforniture.it\\\/fr\\\/vis-te-autoperforante-a2-bimetallique-6-x-25-rondelle-a2-epdm\\\/#breadcrumb\",\"itemListElement\":[{\"@type\":\"ListItem\",\"position\":1,\"name\":\"Accueil\",\"item\":\"https:\\\/\\\/www.inoxforniture.it\\\/\"},{\"@type\":\"ListItem\",\"position\":2,\"name\":\"Boutique\",\"item\":\"https:\\\/\\\/www.inoxforniture.it\\\/fr\\\/boutique\\\/\"},{\"@type\":\"ListItem\",\"position\":3,\"name\":\"Quincaillerie inox\",\"item\":\"https:\\\/\\\/www.inoxforniture.it\\\/fr\\\/quincaillerie-inox\\\/\"},{\"@type\":\"ListItem\",\"position\":4,\"name\":\"Visserie et fixation\",\"item\":\"https:\\\/\\\/www.inoxforniture.it\\\/fr\\\/visserie-et-fixation\\\/\"},{\"@type\":\"ListItem\",\"position\":5,\"name\":\"Fixations pour couvertures\",\"item\":\"https:\\\/\\\/www.inoxforniture.it\\\/fr\\\/fixations-pour-couvertures\\\/\"},{\"@type\":\"ListItem\",\"position\":6,\"name\":\"Vis TE Autoperforante A2 Bim\u00e9tallique 6 X 25 + Rondelle A2\\\/EPDM\"}]},{\"@type\":\"WebSite\",\"@id\":\"https:\\\/\\\/www.inoxforniture.it\\\/#website\",\"url\":\"https:\\\/\\\/www.inoxforniture.it\\\/\",\"name\":\"Inox Forniture\",\"description\":\"\",\"publisher\":{\"@id\":\"https:\\\/\\\/www.inoxforniture.it\\\/#organization\"},\"potentialAction\":[{\"@type\":\"SearchAction\",\"target\":{\"@type\":\"EntryPoint\",\"urlTemplate\":\"https:\\\/\\\/www.inoxforniture.it\\\/?s={search_term_string}\"},\"query-input\":{\"@type\":\"PropertyValueSpecification\",\"valueRequired\":true,\"valueName\":\"search_term_string\"}}],\"inLanguage\":\"fr-FR\"},{\"@type\":\"Organization\",\"@id\":\"https:\\\/\\\/www.inoxforniture.it\\\/#organization\",\"name\":\"Inox Forniture srl\",\"url\":\"https:\\\/\\\/www.inoxforniture.it\\\/\",\"logo\":{\"@type\":\"ImageObject\",\"inLanguage\":\"fr-FR\",\"@id\":\"https:\\\/\\\/www.inoxforniture.it\\\/#\\\/schema\\\/logo\\\/image\\\/\",\"url\":\"https:\\\/\\\/www.inoxforniture.it\\\/wp-content\\\/uploads\\\/2021\\\/01\\\/logo_inox.png\",\"contentUrl\":\"https:\\\/\\\/www.inoxforniture.it\\\/wp-content\\\/uploads\\\/2021\\\/01\\\/logo_inox.png\",\"width\":230,\"height\":44,\"caption\":\"Inox Forniture srl\"},\"image\":{\"@id\":\"https:\\\/\\\/www.inoxforniture.it\\\/#\\\/schema\\\/logo\\\/image\\\/\"},\"sameAs\":[\"https:\\\/\\\/www.facebook.com\\\/Inox.Forniture\",\"https:\\\/\\\/x.com\\\/InoxForniture\"]}]}<\/script>\n<!-- \/ Yoast SEO plugin. -->","yoast_head_json":{"title":"Vis BIM\u00c9TALLIQUE T\u00eate Hexagonale fausse Rondelle avec filetage sp\u00e9cial, autoperforante","description":"Vis BIM\u00c9TALLIQUE T\u00eate Hexagonale fausse Rondelle avec filetage sp\u00e9cial, autoperforante, assembl\u00e9e avec rondelle (\u00d814 mm) en Acier INOX A2 (AISI 304)\/EPDM. Corps en Acier INOX A2, pointe r\u00e9duite en Acier au carbone c\u00e9ment\u00e9, zingu\u00e9e (exempte de CrVI).","robots":{"index":"index","follow":"follow","max-snippet":"max-snippet:-1","max-image-preview":"max-image-preview:large","max-video-preview":"max-video-preview:-1"},"canonical":"https:\/\/www.inoxforniture.it\/fr\/vis-te-autoperforante-a2-bimetallique-6-x-25-rondelle-a2-epdm\/","og_locale":"fr_FR","og_type":"article","og_title":"Vis BIM\u00c9TALLIQUE T\u00eate Hexagonale fausse Rondelle avec filetage sp\u00e9cial, autoperforante","og_description":"Vis BIM\u00c9TALLIQUE T\u00eate Hexagonale fausse Rondelle avec filetage sp\u00e9cial, autoperforante, assembl\u00e9e avec rondelle (\u00d814 mm) en Acier INOX A2 (AISI 304)\/EPDM. Corps en Acier INOX A2, pointe r\u00e9duite en Acier au carbone c\u00e9ment\u00e9, zingu\u00e9e (exempte de CrVI).","og_url":"https:\/\/www.inoxforniture.it\/fr\/vis-te-autoperforante-a2-bimetallique-6-x-25-rondelle-a2-epdm\/","og_site_name":"Inox Forniture","article_publisher":"https:\/\/www.facebook.com\/Inox.Forniture","article_modified_time":"2026-01-23T17:36:10+00:00","og_image":[{"width":480,"height":480,"url":"https:\/\/www.inoxforniture.it\/wp-content\/uploads\/2015\/04\/8a20000_1_1.jpg","type":"image\/jpeg"}],"twitter_card":"summary_large_image","twitter_site":"@InoxForniture","twitter_misc":{"Dur\u00e9e de lecture estim\u00e9e":"1 minute"},"schema":{"@context":"https:\/\/schema.org","@graph":[{"@type":"WebPage","@id":"https:\/\/www.inoxforniture.it\/fr\/vis-te-autoperforante-a2-bimetallique-6-x-25-rondelle-a2-epdm\/","url":"https:\/\/www.inoxforniture.it\/fr\/vis-te-autoperforante-a2-bimetallique-6-x-25-rondelle-a2-epdm\/","name":"Vis BIM\u00c9TALLIQUE T\u00eate Hexagonale fausse Rondelle avec filetage sp\u00e9cial, autoperforante","isPartOf":{"@id":"https:\/\/www.inoxforniture.it\/#website"},"primaryImageOfPage":{"@id":"https:\/\/www.inoxforniture.it\/fr\/vis-te-autoperforante-a2-bimetallique-6-x-25-rondelle-a2-epdm\/#primaryimage"},"image":{"@id":"https:\/\/www.inoxforniture.it\/fr\/vis-te-autoperforante-a2-bimetallique-6-x-25-rondelle-a2-epdm\/#primaryimage"},"thumbnailUrl":"https:\/\/www.inoxforniture.it\/wp-content\/uploads\/2015\/04\/8a20000_1_1.jpg","datePublished":"2015-04-08T14:17:20+00:00","dateModified":"2026-01-23T17:36:10+00:00","description":"Vis BIM\u00c9TALLIQUE T\u00eate Hexagonale fausse Rondelle avec filetage sp\u00e9cial, autoperforante, assembl\u00e9e avec rondelle (\u00d814 mm) en Acier INOX A2 (AISI 304)\/EPDM. Corps en Acier INOX A2, pointe r\u00e9duite en Acier au carbone c\u00e9ment\u00e9, zingu\u00e9e (exempte de CrVI).","breadcrumb":{"@id":"https:\/\/www.inoxforniture.it\/fr\/vis-te-autoperforante-a2-bimetallique-6-x-25-rondelle-a2-epdm\/#breadcrumb"},"inLanguage":"fr-FR","potentialAction":[{"@type":"ReadAction","target":["https:\/\/www.inoxforniture.it\/fr\/vis-te-autoperforante-a2-bimetallique-6-x-25-rondelle-a2-epdm\/"]}]},{"@type":"ImageObject","inLanguage":"fr-FR","@id":"https:\/\/www.inoxforniture.it\/fr\/vis-te-autoperforante-a2-bimetallique-6-x-25-rondelle-a2-epdm\/#primaryimage","url":"https:\/\/www.inoxforniture.it\/wp-content\/uploads\/2015\/04\/8a20000_1_1.jpg","contentUrl":"https:\/\/www.inoxforniture.it\/wp-content\/uploads\/2015\/04\/8a20000_1_1.jpg","width":480,"height":480,"caption":"Vis TE Autoperforante A2 Bim\u00e9tallique 6 X 25 + Rondelle A2\/EPDM-0"},{"@type":"BreadcrumbList","@id":"https:\/\/www.inoxforniture.it\/fr\/vis-te-autoperforante-a2-bimetallique-6-x-25-rondelle-a2-epdm\/#breadcrumb","itemListElement":[{"@type":"ListItem","position":1,"name":"Accueil","item":"https:\/\/www.inoxforniture.it\/"},{"@type":"ListItem","position":2,"name":"Boutique","item":"https:\/\/www.inoxforniture.it\/fr\/boutique\/"},{"@type":"ListItem","position":3,"name":"Quincaillerie inox","item":"https:\/\/www.inoxforniture.it\/fr\/quincaillerie-inox\/"},{"@type":"ListItem","position":4,"name":"Visserie et fixation","item":"https:\/\/www.inoxforniture.it\/fr\/visserie-et-fixation\/"},{"@type":"ListItem","position":5,"name":"Fixations pour couvertures","item":"https:\/\/www.inoxforniture.it\/fr\/fixations-pour-couvertures\/"},{"@type":"ListItem","position":6,"name":"Vis TE Autoperforante A2 Bim\u00e9tallique 6 X 25 + Rondelle A2\/EPDM"}]},{"@type":"WebSite","@id":"https:\/\/www.inoxforniture.it\/#website","url":"https:\/\/www.inoxforniture.it\/","name":"Inox Forniture","description":"","publisher":{"@id":"https:\/\/www.inoxforniture.it\/#organization"},"potentialAction":[{"@type":"SearchAction","target":{"@type":"EntryPoint","urlTemplate":"https:\/\/www.inoxforniture.it\/?s={search_term_string}"},"query-input":{"@type":"PropertyValueSpecification","valueRequired":true,"valueName":"search_term_string"}}],"inLanguage":"fr-FR"},{"@type":"Organization","@id":"https:\/\/www.inoxforniture.it\/#organization","name":"Inox Forniture srl","url":"https:\/\/www.inoxforniture.it\/","logo":{"@type":"ImageObject","inLanguage":"fr-FR","@id":"https:\/\/www.inoxforniture.it\/#\/schema\/logo\/image\/","url":"https:\/\/www.inoxforniture.it\/wp-content\/uploads\/2021\/01\/logo_inox.png","contentUrl":"https:\/\/www.inoxforniture.it\/wp-content\/uploads\/2021\/01\/logo_inox.png","width":230,"height":44,"caption":"Inox Forniture srl"},"image":{"@id":"https:\/\/www.inoxforniture.it\/#\/schema\/logo\/image\/"},"sameAs":["https:\/\/www.facebook.com\/Inox.Forniture","https:\/\/x.com\/InoxForniture"]}]}},"df_price":1.0041,"df_sale_price":"","df_regular_price":1.0041,"df_image_link":"https:\/\/www.inoxforniture.it\/wp-content\/uploads\/2015\/04\/8a20000_1_1-300x300.jpg","tiered_pricing_type":"fixed","tiered_pricing_fixed_rules":{"200":0.8033,"400":0.7029,"1600":0.6527},"tiered_pricing_product_settings":{"layout":"default","base_unit_name":{"singular":null,"plural":null},"default_variation":null},"tiered_pricing_minimum_quantity":null,"tiered_pricing_roles_data":{"privato":{"product_id":58956,"role":"privato","pricing_type":"flat","regular_price":null,"sale_price":null,"discount":null,"discount_type":"sale_price","tiered_pricing_type":"fixed","percentage_rules":[],"fixed_rules":{"200":"0.8033","400":"0.7029","1600":"0.6527"},"minimum":null},"azienda":{"product_id":58956,"role":"azienda","pricing_type":"flat","regular_price":0.8033,"sale_price":null,"discount":null,"discount_type":"sale_price","tiered_pricing_type":"fixed","percentage_rules":[],"fixed_rules":{"400":"0.7029","1600":"0.6527"},"minimum":null},"azienda_premium":{"product_id":58956,"role":"azienda_premium","pricing_type":"flat","regular_price":0.8033,"sale_price":null,"discount":null,"discount_type":"sale_price","tiered_pricing_type":"fixed","percentage_rules":[],"fixed_rules":{"400":"0.7029","1600":"0.6527"},"minimum":null}},"tiered_pricing_percentage_rules":[],"tiered_pricing_maximum_quantity":null,"tiered_pricing_quantity_step":null,"_links":{"self":[{"href":"https:\/\/www.inoxforniture.it\/fr\/wp-json\/wp\/v2\/product\/58956","targetHints":{"allow":["GET"]}}],"collection":[{"href":"https:\/\/www.inoxforniture.it\/fr\/wp-json\/wp\/v2\/product"}],"about":[{"href":"https:\/\/www.inoxforniture.it\/fr\/wp-json\/wp\/v2\/types\/product"}],"wp:featuredmedia":[{"embeddable":true,"href":"https:\/\/www.inoxforniture.it\/fr\/wp-json\/wp\/v2\/media\/58957"}],"wp:attachment":[{"href":"https:\/\/www.inoxforniture.it\/fr\/wp-json\/wp\/v2\/media?parent=58956"}],"wp:term":[{"taxonomy":"product_brand","embeddable":true,"href":"https:\/\/www.inoxforniture.it\/fr\/wp-json\/wp\/v2\/product_brand?post=58956"},{"taxonomy":"product_cat","embeddable":true,"href":"https:\/\/www.inoxforniture.it\/fr\/wp-json\/wp\/v2\/product_cat?post=58956"},{"taxonomy":"product_tag","embeddable":true,"href":"https:\/\/www.inoxforniture.it\/fr\/wp-json\/wp\/v2\/product_tag?post=58956"}],"curies":[{"name":"wp","href":"https:\/\/api.w.org\/{rel}","templated":true}]}}