{"id":58934,"date":"2015-04-09T08:46:09","date_gmt":"2015-04-09T06:46:09","guid":{"rendered":"https:\/\/www.inoxforniture.it\/vis-pour-agglomere-inox-a2-certifiee-ce-th-rondelle\/"},"modified":"2026-01-23T18:36:14","modified_gmt":"2026-01-23T17:36:14","slug":"vis-pour-agglomere-inox-a2-certifiee-ce-th-rondelle","status":"publish","type":"product","link":"https:\/\/www.inoxforniture.it\/fr\/vis-pour-agglomere-inox-a2-certifiee-ce-th-rondelle\/","title":{"rendered":"Vis pour Agglom\u00e9r\u00e9 INOX A2 (Certifi\u00e9e CE) TH + Rondelle"},"content":{"rendered":"<p>Vis BIM\u00c9TALLIQUE (Acier INOX A2 + Acier au carbone) T\u00eate Hexagonale avec fausse Rondelle, autoper\u00e7ante, finition sp\u00e9ciale Silver.<\/p>\n<table style=\"width: 700px;\" border=\"0\">\n<tbody>\n<tr>\n<td style=\"width: 350px;\" align=\"center\">\n<p><img decoding=\"async\" class=\" size-full wp-image-8278\" title=\"Vis TH INOX pour bois avec fausse rondelle + rondelle INOX \/ EPDM\" src=\"https:\/\/www.inoxforniture.it\/wp-content\/uploads\/2015\/04\/8A501.JPG\" alt=\"Vis TH INOX pour bois avec fausse rondelle + rondelle INOX \/ EPDM\" width=\"250\" height=\"161\"><\/p>\n<p style=\"text-align: justify;\"><span style=\"font-size: medium;\"><strong>Description<\/strong><\/span><br \/>Vis T\u00eate Hexagonale avec fausse Rondelle, pour bois (filetage agglom\u00e9r\u00e9), en <strong>Acier INOX A2 (AISI 304).<\/strong> <strong>Certifi\u00e9e CE<\/strong> selon <strong>EN 14592:2008+A1:2012<\/strong>, pour applications structurelles en bois. Assembl\u00e9e avec <strong>rondelle parapluie INOX \/ EPDM<\/strong> <\/p>\n<\/td>\n<td style=\"width: 350px;\" align=\"center\">\n<p><img fetchpriority=\"high\" decoding=\"async\" class=\" size-full wp-image-8279\" title=\"Tableau Vis TH INOX pour bois avec fausse rondelle + rondelle INOX \/ EPDM\" src=\"https:\/\/www.inoxforniture.it\/wp-content\/uploads\/2015\/04\/Tab_8A50000.jpg\" alt=\"Tableau Vis TH INOX pour bois avec fausse rondelle + rondelle INOX \/ EPDMVis Bim\u00e9tallique autoper\u00e7ante INOX\" width=\"330\" height=\"365\"><\/p>\n<\/td>\n<\/tr>\n<\/tbody>\n<\/table>\n<table style=\"width: 700px;\" border=\"0\">\n<tbody>\n<tr>\n<td>\n<p><span style=\"font-size: medium;\"><strong>Utilisation<\/strong><\/span><\/p>\n<p><img decoding=\"async\" class=\" alignleft size-full wp-image-8232\" style=\"float: left;\" title=\"Utilisation Vis INOX TH pour bois avec fausse rondelle\" src=\"https:\/\/www.inoxforniture.it\/wp-content\/uploads\/2015\/04\/8A502.JPG\" alt=\"Utilisation Vis INOX TH pour bois avec fausse rondelle\" width=\"126\" height=\"130\"><\/p>\n<p>Pour la fixation de t\u00f4les grecqu\u00e9es et ondul\u00e9es, sur supports ligneux. <strong>Il est n\u00e9cessaire de pr\u00e9percer le support \u00e0 fixer sur le bois.<\/strong><\/p>\n<\/td>\n<\/tr>\n<\/tbody>\n<\/table>\n<p>&nbsp;<\/p>\n","protected":false},"excerpt":{"rendered":"<p><span>Vis T\u00eate Hexagonale avec fausse Rondelle, pour bois (filetage agglom\u00e9r\u00e9), en <\/span><strong>Acier INOX A2 (AISI 304).<\/strong><span> <\/span><strong>Certifi\u00e9e CE<\/strong><span> selon <\/span><strong>EN 14592:2008+A1:2012<\/strong><span>, pour applications structurelles en bois. Assembl\u00e9e avec <\/span><strong>rondelle parapluie INOX \/ EPDM<\/strong><\/p>\n","protected":false},"featured_media":58935,"template":"","meta":{"_acf_changed":false},"product_brand":[],"product_cat":[4138],"product_tag":[4526,4527,4528],"class_list":{"0":"post-58934","1":"product","2":"type-product","3":"status-publish","4":"has-post-thumbnail","6":"product_cat-fixations-pour-couvertures","7":"product_tag-fausse-rondelle-inox","8":"product_tag-vis-inox-pour-agglomere","9":"product_tag-vis-inox-pour-bois","10":"pa_marchio-tecfi","11":"pa_prodotto-64-x-100-filetage-60-rondelle","12":"pa_prodotto-64-x-110-filetage-60-rondelle","13":"pa_prodotto-64-x-120-filetage-80-rondelle","14":"pa_prodotto-64-x-130-filetage-80-rondelle","15":"pa_prodotto-64-x-150-filetage-80-rondelle","16":"pa_prodotto-64-x-160-filetage-80-rondelle","17":"pa_prodotto-64-x-180-filetage-80-rondelle","18":"pa_prodotto-64-x-200-filetage-80-rondelle","19":"pa_prodotto-64-x-40-filetage-36-rondelle","20":"pa_prodotto-64-x-60-filetage-36-rondelle","21":"pa_prodotto-64-x-65-filetage-60-rondelle","22":"pa_prodotto-64-x-70-filetage-60-rondelle","23":"pa_prodotto-64-x-80-filetage-60-rondelle","24":"pa_prodotto-64-x-90-filetage-60-rondelle","26":"first","27":"instock","28":"taxable","29":"shipping-taxable","30":"purchasable","31":"product-type-variable"},"acf":[],"yoast_head":"<!-- This site is optimized with the Yoast SEO plugin v27.3 - https:\/\/yoast.com\/product\/yoast-seo-wordpress\/ -->\n<title>Vis T\u00eate Hexagonale avec fausse Rondelle, pour bois (filetage agglom\u00e9r\u00e9), en Acier INOX A2 (AISI 304).<\/title>\n<meta name=\"description\" content=\"Vis T\u00eate Hexagonale avec fausse Rondelle, pour bois (filetage agglom\u00e9r\u00e9), en Acier INOX A2 (AISI 304). Certifi\u00e9e CE selon EN 14592:2008+A1:2012, pour applications structurelles en bois. Assembl\u00e9e avec rondelle parapluie INOX \/ EPDM\" \/>\n<meta name=\"robots\" content=\"index, follow, max-snippet:-1, max-image-preview:large, max-video-preview:-1\" \/>\n<link rel=\"canonical\" href=\"https:\/\/www.inoxforniture.it\/fr\/vis-pour-agglomere-inox-a2-certifiee-ce-th-rondelle\/\" \/>\n<meta property=\"og:locale\" content=\"fr_FR\" \/>\n<meta property=\"og:type\" content=\"article\" \/>\n<meta property=\"og:title\" content=\"Vis T\u00eate Hexagonale avec fausse Rondelle, pour bois (filetage agglom\u00e9r\u00e9), en Acier INOX A2 (AISI 304).\" \/>\n<meta property=\"og:description\" content=\"Vis T\u00eate Hexagonale avec fausse Rondelle, pour bois (filetage agglom\u00e9r\u00e9), en Acier INOX A2 (AISI 304). Certifi\u00e9e CE selon EN 14592:2008+A1:2012, pour applications structurelles en bois. Assembl\u00e9e avec rondelle parapluie INOX \/ EPDM\" \/>\n<meta property=\"og:url\" content=\"https:\/\/www.inoxforniture.it\/fr\/vis-pour-agglomere-inox-a2-certifiee-ce-th-rondelle\/\" \/>\n<meta property=\"og:site_name\" content=\"Inox Forniture\" \/>\n<meta property=\"article:publisher\" content=\"https:\/\/www.facebook.com\/Inox.Forniture\" \/>\n<meta property=\"article:modified_time\" content=\"2026-01-23T17:36:14+00:00\" \/>\n<meta property=\"og:image\" content=\"https:\/\/www.inoxforniture.it\/wp-content\/uploads\/2015\/04\/8a50000_1_1.jpg\" \/>\n\t<meta property=\"og:image:width\" content=\"480\" \/>\n\t<meta property=\"og:image:height\" content=\"480\" \/>\n\t<meta property=\"og:image:type\" content=\"image\/jpeg\" \/>\n<meta name=\"twitter:card\" content=\"summary_large_image\" \/>\n<meta name=\"twitter:site\" content=\"@InoxForniture\" \/>\n<script type=\"application\/ld+json\" class=\"yoast-schema-graph\">{\"@context\":\"https:\\\/\\\/schema.org\",\"@graph\":[{\"@type\":\"WebPage\",\"@id\":\"https:\\\/\\\/www.inoxforniture.it\\\/fr\\\/vis-pour-agglomere-inox-a2-certifiee-ce-th-rondelle\\\/\",\"url\":\"https:\\\/\\\/www.inoxforniture.it\\\/fr\\\/vis-pour-agglomere-inox-a2-certifiee-ce-th-rondelle\\\/\",\"name\":\"Vis T\u00eate Hexagonale avec fausse Rondelle, pour bois (filetage agglom\u00e9r\u00e9), en Acier INOX A2 (AISI 304).\",\"isPartOf\":{\"@id\":\"https:\\\/\\\/www.inoxforniture.it\\\/#website\"},\"primaryImageOfPage\":{\"@id\":\"https:\\\/\\\/www.inoxforniture.it\\\/fr\\\/vis-pour-agglomere-inox-a2-certifiee-ce-th-rondelle\\\/#primaryimage\"},\"image\":{\"@id\":\"https:\\\/\\\/www.inoxforniture.it\\\/fr\\\/vis-pour-agglomere-inox-a2-certifiee-ce-th-rondelle\\\/#primaryimage\"},\"thumbnailUrl\":\"https:\\\/\\\/www.inoxforniture.it\\\/wp-content\\\/uploads\\\/2015\\\/04\\\/8a50000_1_1.jpg\",\"datePublished\":\"2015-04-09T06:46:09+00:00\",\"dateModified\":\"2026-01-23T17:36:14+00:00\",\"description\":\"Vis T\u00eate Hexagonale avec fausse Rondelle, pour bois (filetage agglom\u00e9r\u00e9), en Acier INOX A2 (AISI 304). Certifi\u00e9e CE selon EN 14592:2008+A1:2012, pour applications structurelles en bois. Assembl\u00e9e avec rondelle parapluie INOX \\\/ EPDM\",\"breadcrumb\":{\"@id\":\"https:\\\/\\\/www.inoxforniture.it\\\/fr\\\/vis-pour-agglomere-inox-a2-certifiee-ce-th-rondelle\\\/#breadcrumb\"},\"inLanguage\":\"fr-FR\",\"potentialAction\":[{\"@type\":\"ReadAction\",\"target\":[\"https:\\\/\\\/www.inoxforniture.it\\\/fr\\\/vis-pour-agglomere-inox-a2-certifiee-ce-th-rondelle\\\/\"]}]},{\"@type\":\"ImageObject\",\"inLanguage\":\"fr-FR\",\"@id\":\"https:\\\/\\\/www.inoxforniture.it\\\/fr\\\/vis-pour-agglomere-inox-a2-certifiee-ce-th-rondelle\\\/#primaryimage\",\"url\":\"https:\\\/\\\/www.inoxforniture.it\\\/wp-content\\\/uploads\\\/2015\\\/04\\\/8a50000_1_1.jpg\",\"contentUrl\":\"https:\\\/\\\/www.inoxforniture.it\\\/wp-content\\\/uploads\\\/2015\\\/04\\\/8a50000_1_1.jpg\",\"width\":480,\"height\":480,\"caption\":\"Vis pour Agglom\u00e9r\u00e9 INOX A2 (Certifi\u00e9e CE) TH + Rondelle-0\"},{\"@type\":\"BreadcrumbList\",\"@id\":\"https:\\\/\\\/www.inoxforniture.it\\\/fr\\\/vis-pour-agglomere-inox-a2-certifiee-ce-th-rondelle\\\/#breadcrumb\",\"itemListElement\":[{\"@type\":\"ListItem\",\"position\":1,\"name\":\"Accueil\",\"item\":\"https:\\\/\\\/www.inoxforniture.it\\\/\"},{\"@type\":\"ListItem\",\"position\":2,\"name\":\"Boutique\",\"item\":\"https:\\\/\\\/www.inoxforniture.it\\\/fr\\\/boutique\\\/\"},{\"@type\":\"ListItem\",\"position\":3,\"name\":\"Quincaillerie inox\",\"item\":\"https:\\\/\\\/www.inoxforniture.it\\\/fr\\\/quincaillerie-inox\\\/\"},{\"@type\":\"ListItem\",\"position\":4,\"name\":\"Visserie et fixation\",\"item\":\"https:\\\/\\\/www.inoxforniture.it\\\/fr\\\/visserie-et-fixation\\\/\"},{\"@type\":\"ListItem\",\"position\":5,\"name\":\"Fixations pour couvertures\",\"item\":\"https:\\\/\\\/www.inoxforniture.it\\\/fr\\\/fixations-pour-couvertures\\\/\"},{\"@type\":\"ListItem\",\"position\":6,\"name\":\"Vis pour Agglom\u00e9r\u00e9 INOX A2 (Certifi\u00e9e CE) TH + Rondelle\"}]},{\"@type\":\"WebSite\",\"@id\":\"https:\\\/\\\/www.inoxforniture.it\\\/#website\",\"url\":\"https:\\\/\\\/www.inoxforniture.it\\\/\",\"name\":\"Inox Forniture\",\"description\":\"\",\"publisher\":{\"@id\":\"https:\\\/\\\/www.inoxforniture.it\\\/#organization\"},\"potentialAction\":[{\"@type\":\"SearchAction\",\"target\":{\"@type\":\"EntryPoint\",\"urlTemplate\":\"https:\\\/\\\/www.inoxforniture.it\\\/?s={search_term_string}\"},\"query-input\":{\"@type\":\"PropertyValueSpecification\",\"valueRequired\":true,\"valueName\":\"search_term_string\"}}],\"inLanguage\":\"fr-FR\"},{\"@type\":\"Organization\",\"@id\":\"https:\\\/\\\/www.inoxforniture.it\\\/#organization\",\"name\":\"Inox Forniture srl\",\"url\":\"https:\\\/\\\/www.inoxforniture.it\\\/\",\"logo\":{\"@type\":\"ImageObject\",\"inLanguage\":\"fr-FR\",\"@id\":\"https:\\\/\\\/www.inoxforniture.it\\\/#\\\/schema\\\/logo\\\/image\\\/\",\"url\":\"https:\\\/\\\/www.inoxforniture.it\\\/wp-content\\\/uploads\\\/2021\\\/01\\\/logo_inox.png\",\"contentUrl\":\"https:\\\/\\\/www.inoxforniture.it\\\/wp-content\\\/uploads\\\/2021\\\/01\\\/logo_inox.png\",\"width\":230,\"height\":44,\"caption\":\"Inox Forniture srl\"},\"image\":{\"@id\":\"https:\\\/\\\/www.inoxforniture.it\\\/#\\\/schema\\\/logo\\\/image\\\/\"},\"sameAs\":[\"https:\\\/\\\/www.facebook.com\\\/Inox.Forniture\",\"https:\\\/\\\/x.com\\\/InoxForniture\"]}]}<\/script>\n<!-- \/ Yoast SEO plugin. -->","yoast_head_json":{"title":"Vis T\u00eate Hexagonale avec fausse Rondelle, pour bois (filetage agglom\u00e9r\u00e9), en Acier INOX A2 (AISI 304).","description":"Vis T\u00eate Hexagonale avec fausse Rondelle, pour bois (filetage agglom\u00e9r\u00e9), en Acier INOX A2 (AISI 304). Certifi\u00e9e CE selon EN 14592:2008+A1:2012, pour applications structurelles en bois. Assembl\u00e9e avec rondelle parapluie INOX \/ EPDM","robots":{"index":"index","follow":"follow","max-snippet":"max-snippet:-1","max-image-preview":"max-image-preview:large","max-video-preview":"max-video-preview:-1"},"canonical":"https:\/\/www.inoxforniture.it\/fr\/vis-pour-agglomere-inox-a2-certifiee-ce-th-rondelle\/","og_locale":"fr_FR","og_type":"article","og_title":"Vis T\u00eate Hexagonale avec fausse Rondelle, pour bois (filetage agglom\u00e9r\u00e9), en Acier INOX A2 (AISI 304).","og_description":"Vis T\u00eate Hexagonale avec fausse Rondelle, pour bois (filetage agglom\u00e9r\u00e9), en Acier INOX A2 (AISI 304). Certifi\u00e9e CE selon EN 14592:2008+A1:2012, pour applications structurelles en bois. Assembl\u00e9e avec rondelle parapluie INOX \/ EPDM","og_url":"https:\/\/www.inoxforniture.it\/fr\/vis-pour-agglomere-inox-a2-certifiee-ce-th-rondelle\/","og_site_name":"Inox Forniture","article_publisher":"https:\/\/www.facebook.com\/Inox.Forniture","article_modified_time":"2026-01-23T17:36:14+00:00","og_image":[{"width":480,"height":480,"url":"https:\/\/www.inoxforniture.it\/wp-content\/uploads\/2015\/04\/8a50000_1_1.jpg","type":"image\/jpeg"}],"twitter_card":"summary_large_image","twitter_site":"@InoxForniture","schema":{"@context":"https:\/\/schema.org","@graph":[{"@type":"WebPage","@id":"https:\/\/www.inoxforniture.it\/fr\/vis-pour-agglomere-inox-a2-certifiee-ce-th-rondelle\/","url":"https:\/\/www.inoxforniture.it\/fr\/vis-pour-agglomere-inox-a2-certifiee-ce-th-rondelle\/","name":"Vis T\u00eate Hexagonale avec fausse Rondelle, pour bois (filetage agglom\u00e9r\u00e9), en Acier INOX A2 (AISI 304).","isPartOf":{"@id":"https:\/\/www.inoxforniture.it\/#website"},"primaryImageOfPage":{"@id":"https:\/\/www.inoxforniture.it\/fr\/vis-pour-agglomere-inox-a2-certifiee-ce-th-rondelle\/#primaryimage"},"image":{"@id":"https:\/\/www.inoxforniture.it\/fr\/vis-pour-agglomere-inox-a2-certifiee-ce-th-rondelle\/#primaryimage"},"thumbnailUrl":"https:\/\/www.inoxforniture.it\/wp-content\/uploads\/2015\/04\/8a50000_1_1.jpg","datePublished":"2015-04-09T06:46:09+00:00","dateModified":"2026-01-23T17:36:14+00:00","description":"Vis T\u00eate Hexagonale avec fausse Rondelle, pour bois (filetage agglom\u00e9r\u00e9), en Acier INOX A2 (AISI 304). Certifi\u00e9e CE selon EN 14592:2008+A1:2012, pour applications structurelles en bois. Assembl\u00e9e avec rondelle parapluie INOX \/ EPDM","breadcrumb":{"@id":"https:\/\/www.inoxforniture.it\/fr\/vis-pour-agglomere-inox-a2-certifiee-ce-th-rondelle\/#breadcrumb"},"inLanguage":"fr-FR","potentialAction":[{"@type":"ReadAction","target":["https:\/\/www.inoxforniture.it\/fr\/vis-pour-agglomere-inox-a2-certifiee-ce-th-rondelle\/"]}]},{"@type":"ImageObject","inLanguage":"fr-FR","@id":"https:\/\/www.inoxforniture.it\/fr\/vis-pour-agglomere-inox-a2-certifiee-ce-th-rondelle\/#primaryimage","url":"https:\/\/www.inoxforniture.it\/wp-content\/uploads\/2015\/04\/8a50000_1_1.jpg","contentUrl":"https:\/\/www.inoxforniture.it\/wp-content\/uploads\/2015\/04\/8a50000_1_1.jpg","width":480,"height":480,"caption":"Vis pour Agglom\u00e9r\u00e9 INOX A2 (Certifi\u00e9e CE) TH + Rondelle-0"},{"@type":"BreadcrumbList","@id":"https:\/\/www.inoxforniture.it\/fr\/vis-pour-agglomere-inox-a2-certifiee-ce-th-rondelle\/#breadcrumb","itemListElement":[{"@type":"ListItem","position":1,"name":"Accueil","item":"https:\/\/www.inoxforniture.it\/"},{"@type":"ListItem","position":2,"name":"Boutique","item":"https:\/\/www.inoxforniture.it\/fr\/boutique\/"},{"@type":"ListItem","position":3,"name":"Quincaillerie inox","item":"https:\/\/www.inoxforniture.it\/fr\/quincaillerie-inox\/"},{"@type":"ListItem","position":4,"name":"Visserie et fixation","item":"https:\/\/www.inoxforniture.it\/fr\/visserie-et-fixation\/"},{"@type":"ListItem","position":5,"name":"Fixations pour couvertures","item":"https:\/\/www.inoxforniture.it\/fr\/fixations-pour-couvertures\/"},{"@type":"ListItem","position":6,"name":"Vis pour Agglom\u00e9r\u00e9 INOX A2 (Certifi\u00e9e CE) TH + Rondelle"}]},{"@type":"WebSite","@id":"https:\/\/www.inoxforniture.it\/#website","url":"https:\/\/www.inoxforniture.it\/","name":"Inox Forniture","description":"","publisher":{"@id":"https:\/\/www.inoxforniture.it\/#organization"},"potentialAction":[{"@type":"SearchAction","target":{"@type":"EntryPoint","urlTemplate":"https:\/\/www.inoxforniture.it\/?s={search_term_string}"},"query-input":{"@type":"PropertyValueSpecification","valueRequired":true,"valueName":"search_term_string"}}],"inLanguage":"fr-FR"},{"@type":"Organization","@id":"https:\/\/www.inoxforniture.it\/#organization","name":"Inox Forniture srl","url":"https:\/\/www.inoxforniture.it\/","logo":{"@type":"ImageObject","inLanguage":"fr-FR","@id":"https:\/\/www.inoxforniture.it\/#\/schema\/logo\/image\/","url":"https:\/\/www.inoxforniture.it\/wp-content\/uploads\/2021\/01\/logo_inox.png","contentUrl":"https:\/\/www.inoxforniture.it\/wp-content\/uploads\/2021\/01\/logo_inox.png","width":230,"height":44,"caption":"Inox Forniture srl"},"image":{"@id":"https:\/\/www.inoxforniture.it\/#\/schema\/logo\/image\/"},"sameAs":["https:\/\/www.facebook.com\/Inox.Forniture","https:\/\/x.com\/InoxForniture"]}]}},"df_price":0.6605,"df_sale_price":"","df_regular_price":0.6605,"df_image_link":"https:\/\/www.inoxforniture.it\/wp-content\/uploads\/2015\/04\/8a50000_1_1-300x300.jpg","tiered_pricing_type":"fixed","tiered_pricing_fixed_rules":[],"tiered_pricing_product_settings":{"layout":"default","base_unit_name":{"singular":null,"plural":null},"default_variation":null},"tiered_pricing_minimum_quantity":null,"tiered_pricing_roles_data":{"privato":{"product_id":58934,"role":"privato","pricing_type":"flat","regular_price":null,"sale_price":null,"discount":null,"discount_type":"sale_price","tiered_pricing_type":"fixed","percentage_rules":[],"fixed_rules":[],"minimum":null},"azienda":{"product_id":58934,"role":"azienda","pricing_type":"flat","regular_price":null,"sale_price":null,"discount":null,"discount_type":"sale_price","tiered_pricing_type":"fixed","percentage_rules":[],"fixed_rules":[],"minimum":null},"azienda_premium":{"product_id":58934,"role":"azienda_premium","pricing_type":"flat","regular_price":null,"sale_price":null,"discount":null,"discount_type":"sale_price","tiered_pricing_type":"fixed","percentage_rules":[],"fixed_rules":[],"minimum":null}},"tiered_pricing_percentage_rules":[],"tiered_pricing_maximum_quantity":null,"tiered_pricing_quantity_step":null,"_links":{"self":[{"href":"https:\/\/www.inoxforniture.it\/fr\/wp-json\/wp\/v2\/product\/58934","targetHints":{"allow":["GET"]}}],"collection":[{"href":"https:\/\/www.inoxforniture.it\/fr\/wp-json\/wp\/v2\/product"}],"about":[{"href":"https:\/\/www.inoxforniture.it\/fr\/wp-json\/wp\/v2\/types\/product"}],"wp:featuredmedia":[{"embeddable":true,"href":"https:\/\/www.inoxforniture.it\/fr\/wp-json\/wp\/v2\/media\/58935"}],"wp:attachment":[{"href":"https:\/\/www.inoxforniture.it\/fr\/wp-json\/wp\/v2\/media?parent=58934"}],"wp:term":[{"taxonomy":"product_brand","embeddable":true,"href":"https:\/\/www.inoxforniture.it\/fr\/wp-json\/wp\/v2\/product_brand?post=58934"},{"taxonomy":"product_cat","embeddable":true,"href":"https:\/\/www.inoxforniture.it\/fr\/wp-json\/wp\/v2\/product_cat?post=58934"},{"taxonomy":"product_tag","embeddable":true,"href":"https:\/\/www.inoxforniture.it\/fr\/wp-json\/wp\/v2\/product_tag?post=58934"}],"curies":[{"name":"wp","href":"https:\/\/api.w.org\/{rel}","templated":true}]}}