{"id":58891,"date":"2021-10-22T17:00:46","date_gmt":"2021-10-22T15:00:46","guid":{"rendered":"https:\/\/www.inoxforniture.it\/outil-hydraulique-sertisseur-manuel\/"},"modified":"2026-01-23T18:37:45","modified_gmt":"2026-01-23T17:37:45","slug":"outil-hydraulique-sertisseur-manuel","status":"publish","type":"product","link":"https:\/\/www.inoxforniture.it\/fr\/outil-hydraulique-sertisseur-manuel\/","title":{"rendered":"OUTIL HYDRAULIQUE SERTISSEUR MANUEL"},"content":{"rendered":"<p>Outil hydraulique manuel 12 kN pour le sertissage des accessoires de c\u00e2ble.<br \/>\nAdapt\u00e9 pour un usage professionnel <strong>non<\/strong> intensif.<br \/>\nLa mallette comprend les matrices pour le sertissage d&rsquo;\u00e9l\u00e9ments m\u00eame tr\u00e8s volumineux.<br \/>\nPour les accessoires en acier inoxydable, le sertissage maximal recommand\u00e9 est du c\u00e2ble de 6 mm.<br \/>\nVous pouvez trouver le c\u00e2ble et tous les accessoires \u00e0 sertir \u00e0 ce <a href=\"https:\/\/www.inoxforniture.it\/fr\/accessoires-pour-cables-et-chaines\/\">lien<\/a>.<\/p>\n","protected":false},"excerpt":{"rendered":"<p>Outil hydraulique manuel 12 kN pour le sertissage des accessoires de c\u00e2ble.<br \/>\nAdapt\u00e9 pour un usage professionnel <strong>non<\/strong> intensif.<\/p>\n","protected":false},"featured_media":58892,"template":"","meta":{"_acf_changed":false},"product_brand":[],"product_cat":[4111],"product_tag":[],"class_list":{"0":"post-58891","1":"product","2":"type-product","3":"status-publish","4":"has-post-thumbnail","6":"product_cat-machines-et-outils","7":"pa_prodotto-outil-hydraulique-sertisseur-manuel","9":"first","10":"instock","11":"taxable","12":"shipping-taxable","13":"purchasable","14":"product-type-simple"},"acf":[],"yoast_head":"<!-- This site is optimized with the Yoast SEO plugin v27.3 - https:\/\/yoast.com\/product\/yoast-seo-wordpress\/ -->\n<title>Inox Forniture - OUTIL HYDRAULIQUE SERTISSEUR MANUEL<\/title>\n<meta name=\"description\" content=\"Outil professionnel pour usage non intensif. Adapt\u00e9 au sertissage des accessoires en acier inoxydable pour c\u00e2bles. Sertit les c\u00e2bles jusqu&#039;\u00e0 6 mm.\" \/>\n<meta name=\"robots\" content=\"index, follow, max-snippet:-1, max-image-preview:large, max-video-preview:-1\" \/>\n<link rel=\"canonical\" href=\"https:\/\/www.inoxforniture.it\/fr\/outil-hydraulique-sertisseur-manuel\/\" \/>\n<meta property=\"og:locale\" content=\"fr_FR\" \/>\n<meta property=\"og:type\" content=\"article\" \/>\n<meta property=\"og:title\" content=\"Inox Forniture - OUTIL HYDRAULIQUE SERTISSEUR MANUEL\" \/>\n<meta property=\"og:description\" content=\"Outil professionnel pour usage non intensif. Adapt\u00e9 au sertissage des accessoires en acier inoxydable pour c\u00e2bles. Sertit les c\u00e2bles jusqu&#039;\u00e0 6 mm.\" \/>\n<meta property=\"og:url\" content=\"https:\/\/www.inoxforniture.it\/fr\/outil-hydraulique-sertisseur-manuel\/\" \/>\n<meta property=\"og:site_name\" content=\"Inox Forniture\" \/>\n<meta property=\"article:publisher\" content=\"https:\/\/www.facebook.com\/Inox.Forniture\" \/>\n<meta property=\"article:modified_time\" content=\"2026-01-23T17:37:45+00:00\" \/>\n<meta property=\"og:image\" content=\"https:\/\/www.inoxforniture.it\/wp-content\/uploads\/2021\/10\/G510005_1.jpg\" \/>\n\t<meta property=\"og:image:width\" content=\"480\" \/>\n\t<meta property=\"og:image:height\" content=\"480\" \/>\n\t<meta property=\"og:image:type\" content=\"image\/jpeg\" \/>\n<meta name=\"twitter:card\" content=\"summary_large_image\" \/>\n<meta name=\"twitter:site\" content=\"@InoxForniture\" \/>\n<script type=\"application\/ld+json\" class=\"yoast-schema-graph\">{\"@context\":\"https:\\\/\\\/schema.org\",\"@graph\":[{\"@type\":\"WebPage\",\"@id\":\"https:\\\/\\\/www.inoxforniture.it\\\/fr\\\/outil-hydraulique-sertisseur-manuel\\\/\",\"url\":\"https:\\\/\\\/www.inoxforniture.it\\\/fr\\\/outil-hydraulique-sertisseur-manuel\\\/\",\"name\":\"Inox Forniture - OUTIL HYDRAULIQUE SERTISSEUR MANUEL\",\"isPartOf\":{\"@id\":\"https:\\\/\\\/www.inoxforniture.it\\\/#website\"},\"primaryImageOfPage\":{\"@id\":\"https:\\\/\\\/www.inoxforniture.it\\\/fr\\\/outil-hydraulique-sertisseur-manuel\\\/#primaryimage\"},\"image\":{\"@id\":\"https:\\\/\\\/www.inoxforniture.it\\\/fr\\\/outil-hydraulique-sertisseur-manuel\\\/#primaryimage\"},\"thumbnailUrl\":\"https:\\\/\\\/www.inoxforniture.it\\\/wp-content\\\/uploads\\\/2021\\\/10\\\/G510005_1.jpg\",\"datePublished\":\"2021-10-22T15:00:46+00:00\",\"dateModified\":\"2026-01-23T17:37:45+00:00\",\"description\":\"Outil professionnel pour usage non intensif. Adapt\u00e9 au sertissage des accessoires en acier inoxydable pour c\u00e2bles. Sertit les c\u00e2bles jusqu'\u00e0 6 mm.\",\"breadcrumb\":{\"@id\":\"https:\\\/\\\/www.inoxforniture.it\\\/fr\\\/outil-hydraulique-sertisseur-manuel\\\/#breadcrumb\"},\"inLanguage\":\"fr-FR\",\"potentialAction\":[{\"@type\":\"ReadAction\",\"target\":[\"https:\\\/\\\/www.inoxforniture.it\\\/fr\\\/outil-hydraulique-sertisseur-manuel\\\/\"]}]},{\"@type\":\"ImageObject\",\"inLanguage\":\"fr-FR\",\"@id\":\"https:\\\/\\\/www.inoxforniture.it\\\/fr\\\/outil-hydraulique-sertisseur-manuel\\\/#primaryimage\",\"url\":\"https:\\\/\\\/www.inoxforniture.it\\\/wp-content\\\/uploads\\\/2021\\\/10\\\/G510005_1.jpg\",\"contentUrl\":\"https:\\\/\\\/www.inoxforniture.it\\\/wp-content\\\/uploads\\\/2021\\\/10\\\/G510005_1.jpg\",\"width\":480,\"height\":480},{\"@type\":\"BreadcrumbList\",\"@id\":\"https:\\\/\\\/www.inoxforniture.it\\\/fr\\\/outil-hydraulique-sertisseur-manuel\\\/#breadcrumb\",\"itemListElement\":[{\"@type\":\"ListItem\",\"position\":1,\"name\":\"Accueil\",\"item\":\"https:\\\/\\\/www.inoxforniture.it\\\/\"},{\"@type\":\"ListItem\",\"position\":2,\"name\":\"Boutique\",\"item\":\"https:\\\/\\\/www.inoxforniture.it\\\/fr\\\/boutique\\\/\"},{\"@type\":\"ListItem\",\"position\":3,\"name\":\"Macchine e materiali\",\"item\":\"https:\\\/\\\/www.inoxforniture.it\\\/macchine-e-materiali\\\/\"},{\"@type\":\"ListItem\",\"position\":4,\"name\":\"Macchine ed utensili\",\"item\":\"https:\\\/\\\/www.inoxforniture.it\\\/macchine-ed-utensili\\\/\"},{\"@type\":\"ListItem\",\"position\":5,\"name\":\"OUTIL HYDRAULIQUE SERTISSEUR MANUEL\"}]},{\"@type\":\"WebSite\",\"@id\":\"https:\\\/\\\/www.inoxforniture.it\\\/#website\",\"url\":\"https:\\\/\\\/www.inoxforniture.it\\\/\",\"name\":\"Inox Forniture\",\"description\":\"\",\"publisher\":{\"@id\":\"https:\\\/\\\/www.inoxforniture.it\\\/#organization\"},\"potentialAction\":[{\"@type\":\"SearchAction\",\"target\":{\"@type\":\"EntryPoint\",\"urlTemplate\":\"https:\\\/\\\/www.inoxforniture.it\\\/?s={search_term_string}\"},\"query-input\":{\"@type\":\"PropertyValueSpecification\",\"valueRequired\":true,\"valueName\":\"search_term_string\"}}],\"inLanguage\":\"fr-FR\"},{\"@type\":\"Organization\",\"@id\":\"https:\\\/\\\/www.inoxforniture.it\\\/#organization\",\"name\":\"Inox Forniture srl\",\"url\":\"https:\\\/\\\/www.inoxforniture.it\\\/\",\"logo\":{\"@type\":\"ImageObject\",\"inLanguage\":\"fr-FR\",\"@id\":\"https:\\\/\\\/www.inoxforniture.it\\\/#\\\/schema\\\/logo\\\/image\\\/\",\"url\":\"https:\\\/\\\/www.inoxforniture.it\\\/wp-content\\\/uploads\\\/2021\\\/01\\\/logo_inox.png\",\"contentUrl\":\"https:\\\/\\\/www.inoxforniture.it\\\/wp-content\\\/uploads\\\/2021\\\/01\\\/logo_inox.png\",\"width\":230,\"height\":44,\"caption\":\"Inox Forniture srl\"},\"image\":{\"@id\":\"https:\\\/\\\/www.inoxforniture.it\\\/#\\\/schema\\\/logo\\\/image\\\/\"},\"sameAs\":[\"https:\\\/\\\/www.facebook.com\\\/Inox.Forniture\",\"https:\\\/\\\/x.com\\\/InoxForniture\"]}]}<\/script>\n<!-- \/ Yoast SEO plugin. -->","yoast_head_json":{"title":"Inox Forniture - OUTIL HYDRAULIQUE SERTISSEUR MANUEL","description":"Outil professionnel pour usage non intensif. Adapt\u00e9 au sertissage des accessoires en acier inoxydable pour c\u00e2bles. Sertit les c\u00e2bles jusqu'\u00e0 6 mm.","robots":{"index":"index","follow":"follow","max-snippet":"max-snippet:-1","max-image-preview":"max-image-preview:large","max-video-preview":"max-video-preview:-1"},"canonical":"https:\/\/www.inoxforniture.it\/fr\/outil-hydraulique-sertisseur-manuel\/","og_locale":"fr_FR","og_type":"article","og_title":"Inox Forniture - OUTIL HYDRAULIQUE SERTISSEUR MANUEL","og_description":"Outil professionnel pour usage non intensif. Adapt\u00e9 au sertissage des accessoires en acier inoxydable pour c\u00e2bles. Sertit les c\u00e2bles jusqu'\u00e0 6 mm.","og_url":"https:\/\/www.inoxforniture.it\/fr\/outil-hydraulique-sertisseur-manuel\/","og_site_name":"Inox Forniture","article_publisher":"https:\/\/www.facebook.com\/Inox.Forniture","article_modified_time":"2026-01-23T17:37:45+00:00","og_image":[{"width":480,"height":480,"url":"https:\/\/www.inoxforniture.it\/wp-content\/uploads\/2021\/10\/G510005_1.jpg","type":"image\/jpeg"}],"twitter_card":"summary_large_image","twitter_site":"@InoxForniture","schema":{"@context":"https:\/\/schema.org","@graph":[{"@type":"WebPage","@id":"https:\/\/www.inoxforniture.it\/fr\/outil-hydraulique-sertisseur-manuel\/","url":"https:\/\/www.inoxforniture.it\/fr\/outil-hydraulique-sertisseur-manuel\/","name":"Inox Forniture - OUTIL HYDRAULIQUE SERTISSEUR MANUEL","isPartOf":{"@id":"https:\/\/www.inoxforniture.it\/#website"},"primaryImageOfPage":{"@id":"https:\/\/www.inoxforniture.it\/fr\/outil-hydraulique-sertisseur-manuel\/#primaryimage"},"image":{"@id":"https:\/\/www.inoxforniture.it\/fr\/outil-hydraulique-sertisseur-manuel\/#primaryimage"},"thumbnailUrl":"https:\/\/www.inoxforniture.it\/wp-content\/uploads\/2021\/10\/G510005_1.jpg","datePublished":"2021-10-22T15:00:46+00:00","dateModified":"2026-01-23T17:37:45+00:00","description":"Outil professionnel pour usage non intensif. Adapt\u00e9 au sertissage des accessoires en acier inoxydable pour c\u00e2bles. Sertit les c\u00e2bles jusqu'\u00e0 6 mm.","breadcrumb":{"@id":"https:\/\/www.inoxforniture.it\/fr\/outil-hydraulique-sertisseur-manuel\/#breadcrumb"},"inLanguage":"fr-FR","potentialAction":[{"@type":"ReadAction","target":["https:\/\/www.inoxforniture.it\/fr\/outil-hydraulique-sertisseur-manuel\/"]}]},{"@type":"ImageObject","inLanguage":"fr-FR","@id":"https:\/\/www.inoxforniture.it\/fr\/outil-hydraulique-sertisseur-manuel\/#primaryimage","url":"https:\/\/www.inoxforniture.it\/wp-content\/uploads\/2021\/10\/G510005_1.jpg","contentUrl":"https:\/\/www.inoxforniture.it\/wp-content\/uploads\/2021\/10\/G510005_1.jpg","width":480,"height":480},{"@type":"BreadcrumbList","@id":"https:\/\/www.inoxforniture.it\/fr\/outil-hydraulique-sertisseur-manuel\/#breadcrumb","itemListElement":[{"@type":"ListItem","position":1,"name":"Accueil","item":"https:\/\/www.inoxforniture.it\/"},{"@type":"ListItem","position":2,"name":"Boutique","item":"https:\/\/www.inoxforniture.it\/fr\/boutique\/"},{"@type":"ListItem","position":3,"name":"Macchine e materiali","item":"https:\/\/www.inoxforniture.it\/macchine-e-materiali\/"},{"@type":"ListItem","position":4,"name":"Macchine ed utensili","item":"https:\/\/www.inoxforniture.it\/macchine-ed-utensili\/"},{"@type":"ListItem","position":5,"name":"OUTIL HYDRAULIQUE SERTISSEUR MANUEL"}]},{"@type":"WebSite","@id":"https:\/\/www.inoxforniture.it\/#website","url":"https:\/\/www.inoxforniture.it\/","name":"Inox Forniture","description":"","publisher":{"@id":"https:\/\/www.inoxforniture.it\/#organization"},"potentialAction":[{"@type":"SearchAction","target":{"@type":"EntryPoint","urlTemplate":"https:\/\/www.inoxforniture.it\/?s={search_term_string}"},"query-input":{"@type":"PropertyValueSpecification","valueRequired":true,"valueName":"search_term_string"}}],"inLanguage":"fr-FR"},{"@type":"Organization","@id":"https:\/\/www.inoxforniture.it\/#organization","name":"Inox Forniture srl","url":"https:\/\/www.inoxforniture.it\/","logo":{"@type":"ImageObject","inLanguage":"fr-FR","@id":"https:\/\/www.inoxforniture.it\/#\/schema\/logo\/image\/","url":"https:\/\/www.inoxforniture.it\/wp-content\/uploads\/2021\/01\/logo_inox.png","contentUrl":"https:\/\/www.inoxforniture.it\/wp-content\/uploads\/2021\/01\/logo_inox.png","width":230,"height":44,"caption":"Inox Forniture srl"},"image":{"@id":"https:\/\/www.inoxforniture.it\/#\/schema\/logo\/image\/"},"sameAs":["https:\/\/www.facebook.com\/Inox.Forniture","https:\/\/x.com\/InoxForniture"]}]}},"df_price":130,"df_sale_price":"","df_regular_price":130,"df_image_link":"https:\/\/www.inoxforniture.it\/wp-content\/uploads\/2021\/10\/G510005_1-300x300.jpg","tiered_pricing_type":"fixed","tiered_pricing_fixed_rules":{"2":104,"4":91,"6":84.5},"tiered_pricing_product_settings":{"layout":"default","base_unit_name":{"singular":null,"plural":null},"default_variation":null},"tiered_pricing_minimum_quantity":null,"tiered_pricing_roles_data":{"privato":{"product_id":58891,"role":"privato","pricing_type":"flat","regular_price":null,"sale_price":null,"discount":null,"discount_type":"sale_price","tiered_pricing_type":"fixed","percentage_rules":[],"fixed_rules":{"2":"104.0000","4":"91.0000","6":"84.5000"},"minimum":null},"azienda":{"product_id":58891,"role":"azienda","pricing_type":"flat","regular_price":104,"sale_price":null,"discount":null,"discount_type":"sale_price","tiered_pricing_type":"fixed","percentage_rules":[],"fixed_rules":{"4":"91.0000","6":"84.5000"},"minimum":null},"azienda_premium":{"product_id":58891,"role":"azienda_premium","pricing_type":"flat","regular_price":104,"sale_price":null,"discount":null,"discount_type":"sale_price","tiered_pricing_type":"fixed","percentage_rules":[],"fixed_rules":{"4":"91.0000","6":"84.5000"},"minimum":null}},"tiered_pricing_percentage_rules":[],"tiered_pricing_maximum_quantity":null,"tiered_pricing_quantity_step":null,"_links":{"self":[{"href":"https:\/\/www.inoxforniture.it\/fr\/wp-json\/wp\/v2\/product\/58891","targetHints":{"allow":["GET"]}}],"collection":[{"href":"https:\/\/www.inoxforniture.it\/fr\/wp-json\/wp\/v2\/product"}],"about":[{"href":"https:\/\/www.inoxforniture.it\/fr\/wp-json\/wp\/v2\/types\/product"}],"wp:featuredmedia":[{"embeddable":true,"href":"https:\/\/www.inoxforniture.it\/fr\/wp-json\/wp\/v2\/media\/58892"}],"wp:attachment":[{"href":"https:\/\/www.inoxforniture.it\/fr\/wp-json\/wp\/v2\/media?parent=58891"}],"wp:term":[{"taxonomy":"product_brand","embeddable":true,"href":"https:\/\/www.inoxforniture.it\/fr\/wp-json\/wp\/v2\/product_brand?post=58891"},{"taxonomy":"product_cat","embeddable":true,"href":"https:\/\/www.inoxforniture.it\/fr\/wp-json\/wp\/v2\/product_cat?post=58891"},{"taxonomy":"product_tag","embeddable":true,"href":"https:\/\/www.inoxforniture.it\/fr\/wp-json\/wp\/v2\/product_tag?post=58891"}],"curies":[{"name":"wp","href":"https:\/\/api.w.org\/{rel}","templated":true}]}}