{"id":58840,"date":"2014-10-17T13:41:37","date_gmt":"2014-10-17T11:41:37","guid":{"rendered":"https:\/\/www.inoxforniture.it\/barres-rondes-inox-aisi-304-etirees-longueur-3-m\/"},"modified":"2026-04-03T09:29:55","modified_gmt":"2026-04-03T07:29:55","slug":"barres-rondes-inox-aisi-304-etirees-longueur-3-m","status":"publish","type":"product","link":"https:\/\/www.inoxforniture.it\/fr\/barres-rondes-inox-aisi-304-etirees-longueur-3-m\/","title":{"rendered":"BARRES RONDES INOX AISI 304 \u00c9TIR\u00c9ES &#8211; LONGUEUR 3 M"},"content":{"rendered":"<p>Barre ronde \u00e9tir\u00e9e en acier inox AISI 304 finition industrielle fournie en barres de 3 m.<\/p>\n<p>Tableau poids th\u00e9orique des barres rondes, carr\u00e9es et hexagonales en acier inoxydable AISI 304 et AISI 316.<\/p>\n<p>Poids exprim\u00e9 en kg\/m.<\/p>\n<p><img fetchpriority=\"high\" decoding=\"async\" class=\" size-full wp-image-3810\" title=\"Tableau poids th\u00e9orique des barres en acier inox\" src=\"https:\/\/www.inoxforniture.it\/wp-content\/uploads\/2014\/10\/Tab_barre_tonde_-_quadre_-_esagonali.jpg\" alt=\"Tableau poids th\u00e9orique des barres rondes, carr\u00e9es et hexagonales en acier inoxydable AISI 304 et AISI 316\" width=\"750\" height=\"676\" srcset=\"https:\/\/www.inoxforniture.it\/wp-content\/uploads\/2014\/10\/Tab_barre_tonde_-_quadre_-_esagonali.jpg 750w, https:\/\/www.inoxforniture.it\/wp-content\/uploads\/2014\/10\/Tab_barre_tonde_-_quadre_-_esagonali-640x577.jpg 640w, https:\/\/www.inoxforniture.it\/wp-content\/uploads\/2014\/10\/Tab_barre_tonde_-_quadre_-_esagonali-400x361.jpg 400w, https:\/\/www.inoxforniture.it\/wp-content\/uploads\/2014\/10\/Tab_barre_tonde_-_quadre_-_esagonali-600x541.jpg 600w\" sizes=\"(max-width: 750px) 100vw, 750px\" \/><\/p>\n","protected":false},"excerpt":{"rendered":"<p>&#8211; Barre ronde \u00e9tir\u00e9e en acier inox AISI 304 finition industrielle.<br \/>\n&#8211; Fournie en barres de 3,0 m.<\/p>\n<p><strong>CHOISISSEZ LE DIAM\u00c8TRE CI-DESSOUS<\/strong><br \/>\nDiam\u00e8tre exprim\u00e9 en millim\u00e8tres.<br \/>\nUne fois le choix fait, le prix et la disponibilit\u00e9 seront visibles.<\/p>\n","protected":false},"featured_media":58841,"template":"","meta":{"_acf_changed":false},"product_brand":[],"product_cat":[4092],"product_tag":[4420,4419,4452,4418,4448,4447,4446,4423,4422,4453,4421,4451,4450,4449],"class_list":{"0":"post-58840","1":"product","2":"type-product","3":"status-publish","4":"has-post-thumbnail","6":"product_cat-tubes-et-barres","7":"product_tag-barre-acier-inox","8":"product_tag-barre-aisi-304","9":"product_tag-barre-etiree-inox","10":"product_tag-barre-inox","11":"product_tag-barre-ronde-acier-inox","12":"product_tag-barre-ronde-aisi-304","13":"product_tag-barre-ronde-inox","14":"product_tag-barres-acier-inox","15":"product_tag-barres-aisi-304","16":"product_tag-barres-etirees-inox","17":"product_tag-barres-inox","18":"product_tag-barres-rondes-acier-inox","19":"product_tag-barres-rondes-aisi-304","20":"product_tag-barres-rondes-inox","21":"pa_marchio-inox-forniture","22":"pa_prodotto-o10","23":"pa_prodotto-o12","24":"pa_prodotto-o14","25":"pa_prodotto-o16","26":"pa_prodotto-o20","27":"pa_prodotto-o3","28":"pa_prodotto-o4","29":"pa_prodotto-o5","30":"pa_prodotto-o6","31":"pa_prodotto-o8","33":"first","34":"instock","35":"taxable","36":"shipping-taxable","37":"purchasable","38":"product-type-variable"},"acf":[],"yoast_head":"<!-- This site is optimized with the Yoast SEO plugin v27.3 - https:\/\/yoast.com\/product\/yoast-seo-wordpress\/ -->\n<title>Inox Forniture - BARRES RONDES \u00c9TIR\u00c9ES INOX AISI 304<\/title>\n<meta name=\"description\" content=\"Achetez en ligne des barres rondes \u00e9tir\u00e9es en acier inox AISI 304. Les barres ont une longueur de 3 m\u00e8tres. Disponibles en diff\u00e9rents diam\u00e8tres.\" \/>\n<meta name=\"robots\" content=\"index, follow, max-snippet:-1, max-image-preview:large, max-video-preview:-1\" \/>\n<link rel=\"canonical\" href=\"https:\/\/www.inoxforniture.it\/fr\/barres-rondes-inox-aisi-304-etirees-longueur-3-m\/\" \/>\n<meta property=\"og:locale\" content=\"fr_FR\" \/>\n<meta property=\"og:type\" content=\"article\" \/>\n<meta property=\"og:title\" content=\"Inox Forniture - BARRES RONDES \u00c9TIR\u00c9ES INOX AISI 304\" \/>\n<meta property=\"og:description\" content=\"Achetez en ligne des barres rondes \u00e9tir\u00e9es en acier inox AISI 304. Les barres ont une longueur de 3 m\u00e8tres. Disponibles en diff\u00e9rents diam\u00e8tres.\" \/>\n<meta property=\"og:url\" content=\"https:\/\/www.inoxforniture.it\/fr\/barres-rondes-inox-aisi-304-etirees-longueur-3-m\/\" \/>\n<meta property=\"og:site_name\" content=\"Inox Forniture\" \/>\n<meta property=\"article:publisher\" content=\"https:\/\/www.facebook.com\/Inox.Forniture\" \/>\n<meta property=\"article:modified_time\" content=\"2026-04-03T07:29:55+00:00\" \/>\n<meta property=\"og:image\" content=\"https:\/\/www.inoxforniture.it\/wp-content\/uploads\/2014\/10\/4220000_1_1.jpg\" \/>\n\t<meta property=\"og:image:width\" content=\"480\" \/>\n\t<meta property=\"og:image:height\" content=\"480\" \/>\n\t<meta property=\"og:image:type\" content=\"image\/jpeg\" \/>\n<meta name=\"twitter:card\" content=\"summary_large_image\" \/>\n<meta name=\"twitter:site\" content=\"@InoxForniture\" \/>\n<script type=\"application\/ld+json\" class=\"yoast-schema-graph\">{\"@context\":\"https:\\\/\\\/schema.org\",\"@graph\":[{\"@type\":\"WebPage\",\"@id\":\"https:\\\/\\\/www.inoxforniture.it\\\/fr\\\/barres-rondes-inox-aisi-304-etirees-longueur-3-m\\\/\",\"url\":\"https:\\\/\\\/www.inoxforniture.it\\\/fr\\\/barres-rondes-inox-aisi-304-etirees-longueur-3-m\\\/\",\"name\":\"Inox Forniture - BARRES RONDES \u00c9TIR\u00c9ES INOX AISI 304\",\"isPartOf\":{\"@id\":\"https:\\\/\\\/www.inoxforniture.it\\\/#website\"},\"primaryImageOfPage\":{\"@id\":\"https:\\\/\\\/www.inoxforniture.it\\\/fr\\\/barres-rondes-inox-aisi-304-etirees-longueur-3-m\\\/#primaryimage\"},\"image\":{\"@id\":\"https:\\\/\\\/www.inoxforniture.it\\\/fr\\\/barres-rondes-inox-aisi-304-etirees-longueur-3-m\\\/#primaryimage\"},\"thumbnailUrl\":\"https:\\\/\\\/www.inoxforniture.it\\\/wp-content\\\/uploads\\\/2014\\\/10\\\/4220000_1_1.jpg\",\"datePublished\":\"2014-10-17T11:41:37+00:00\",\"dateModified\":\"2026-04-03T07:29:55+00:00\",\"description\":\"Achetez en ligne des barres rondes \u00e9tir\u00e9es en acier inox AISI 304. Les barres ont une longueur de 3 m\u00e8tres. Disponibles en diff\u00e9rents diam\u00e8tres.\",\"breadcrumb\":{\"@id\":\"https:\\\/\\\/www.inoxforniture.it\\\/fr\\\/barres-rondes-inox-aisi-304-etirees-longueur-3-m\\\/#breadcrumb\"},\"inLanguage\":\"fr-FR\",\"potentialAction\":[{\"@type\":\"ReadAction\",\"target\":[\"https:\\\/\\\/www.inoxforniture.it\\\/fr\\\/barres-rondes-inox-aisi-304-etirees-longueur-3-m\\\/\"]}]},{\"@type\":\"ImageObject\",\"inLanguage\":\"fr-FR\",\"@id\":\"https:\\\/\\\/www.inoxforniture.it\\\/fr\\\/barres-rondes-inox-aisi-304-etirees-longueur-3-m\\\/#primaryimage\",\"url\":\"https:\\\/\\\/www.inoxforniture.it\\\/wp-content\\\/uploads\\\/2014\\\/10\\\/4220000_1_1.jpg\",\"contentUrl\":\"https:\\\/\\\/www.inoxforniture.it\\\/wp-content\\\/uploads\\\/2014\\\/10\\\/4220000_1_1.jpg\",\"width\":480,\"height\":480,\"caption\":\"BARRES RONDES INOX AISI 304 \u00c9TIR\u00c9ES h9 - LONGUEUR 3 M-0\"},{\"@type\":\"BreadcrumbList\",\"@id\":\"https:\\\/\\\/www.inoxforniture.it\\\/fr\\\/barres-rondes-inox-aisi-304-etirees-longueur-3-m\\\/#breadcrumb\",\"itemListElement\":[{\"@type\":\"ListItem\",\"position\":1,\"name\":\"Accueil\",\"item\":\"https:\\\/\\\/www.inoxforniture.it\\\/\"},{\"@type\":\"ListItem\",\"position\":2,\"name\":\"Boutique\",\"item\":\"https:\\\/\\\/www.inoxforniture.it\\\/fr\\\/boutique\\\/\"},{\"@type\":\"ListItem\",\"position\":3,\"name\":\"Tubes et Barres\",\"item\":\"https:\\\/\\\/www.inoxforniture.it\\\/fr\\\/tubes-et-barres\\\/\"},{\"@type\":\"ListItem\",\"position\":4,\"name\":\"BARRES RONDES INOX AISI 304 \u00c9TIR\u00c9ES &#8211; LONGUEUR 3 M\"}]},{\"@type\":\"WebSite\",\"@id\":\"https:\\\/\\\/www.inoxforniture.it\\\/#website\",\"url\":\"https:\\\/\\\/www.inoxforniture.it\\\/\",\"name\":\"Inox Forniture\",\"description\":\"\",\"publisher\":{\"@id\":\"https:\\\/\\\/www.inoxforniture.it\\\/#organization\"},\"potentialAction\":[{\"@type\":\"SearchAction\",\"target\":{\"@type\":\"EntryPoint\",\"urlTemplate\":\"https:\\\/\\\/www.inoxforniture.it\\\/?s={search_term_string}\"},\"query-input\":{\"@type\":\"PropertyValueSpecification\",\"valueRequired\":true,\"valueName\":\"search_term_string\"}}],\"inLanguage\":\"fr-FR\"},{\"@type\":\"Organization\",\"@id\":\"https:\\\/\\\/www.inoxforniture.it\\\/#organization\",\"name\":\"Inox Forniture srl\",\"url\":\"https:\\\/\\\/www.inoxforniture.it\\\/\",\"logo\":{\"@type\":\"ImageObject\",\"inLanguage\":\"fr-FR\",\"@id\":\"https:\\\/\\\/www.inoxforniture.it\\\/#\\\/schema\\\/logo\\\/image\\\/\",\"url\":\"https:\\\/\\\/www.inoxforniture.it\\\/wp-content\\\/uploads\\\/2021\\\/01\\\/logo_inox.png\",\"contentUrl\":\"https:\\\/\\\/www.inoxforniture.it\\\/wp-content\\\/uploads\\\/2021\\\/01\\\/logo_inox.png\",\"width\":230,\"height\":44,\"caption\":\"Inox Forniture srl\"},\"image\":{\"@id\":\"https:\\\/\\\/www.inoxforniture.it\\\/#\\\/schema\\\/logo\\\/image\\\/\"},\"sameAs\":[\"https:\\\/\\\/www.facebook.com\\\/Inox.Forniture\",\"https:\\\/\\\/x.com\\\/InoxForniture\"]}]}<\/script>\n<!-- \/ Yoast SEO plugin. -->","yoast_head_json":{"title":"Inox Forniture - BARRES RONDES \u00c9TIR\u00c9ES INOX AISI 304","description":"Achetez en ligne des barres rondes \u00e9tir\u00e9es en acier inox AISI 304. Les barres ont une longueur de 3 m\u00e8tres. Disponibles en diff\u00e9rents diam\u00e8tres.","robots":{"index":"index","follow":"follow","max-snippet":"max-snippet:-1","max-image-preview":"max-image-preview:large","max-video-preview":"max-video-preview:-1"},"canonical":"https:\/\/www.inoxforniture.it\/fr\/barres-rondes-inox-aisi-304-etirees-longueur-3-m\/","og_locale":"fr_FR","og_type":"article","og_title":"Inox Forniture - BARRES RONDES \u00c9TIR\u00c9ES INOX AISI 304","og_description":"Achetez en ligne des barres rondes \u00e9tir\u00e9es en acier inox AISI 304. Les barres ont une longueur de 3 m\u00e8tres. Disponibles en diff\u00e9rents diam\u00e8tres.","og_url":"https:\/\/www.inoxforniture.it\/fr\/barres-rondes-inox-aisi-304-etirees-longueur-3-m\/","og_site_name":"Inox Forniture","article_publisher":"https:\/\/www.facebook.com\/Inox.Forniture","article_modified_time":"2026-04-03T07:29:55+00:00","og_image":[{"width":480,"height":480,"url":"https:\/\/www.inoxforniture.it\/wp-content\/uploads\/2014\/10\/4220000_1_1.jpg","type":"image\/jpeg"}],"twitter_card":"summary_large_image","twitter_site":"@InoxForniture","schema":{"@context":"https:\/\/schema.org","@graph":[{"@type":"WebPage","@id":"https:\/\/www.inoxforniture.it\/fr\/barres-rondes-inox-aisi-304-etirees-longueur-3-m\/","url":"https:\/\/www.inoxforniture.it\/fr\/barres-rondes-inox-aisi-304-etirees-longueur-3-m\/","name":"Inox Forniture - BARRES RONDES \u00c9TIR\u00c9ES INOX AISI 304","isPartOf":{"@id":"https:\/\/www.inoxforniture.it\/#website"},"primaryImageOfPage":{"@id":"https:\/\/www.inoxforniture.it\/fr\/barres-rondes-inox-aisi-304-etirees-longueur-3-m\/#primaryimage"},"image":{"@id":"https:\/\/www.inoxforniture.it\/fr\/barres-rondes-inox-aisi-304-etirees-longueur-3-m\/#primaryimage"},"thumbnailUrl":"https:\/\/www.inoxforniture.it\/wp-content\/uploads\/2014\/10\/4220000_1_1.jpg","datePublished":"2014-10-17T11:41:37+00:00","dateModified":"2026-04-03T07:29:55+00:00","description":"Achetez en ligne des barres rondes \u00e9tir\u00e9es en acier inox AISI 304. Les barres ont une longueur de 3 m\u00e8tres. Disponibles en diff\u00e9rents diam\u00e8tres.","breadcrumb":{"@id":"https:\/\/www.inoxforniture.it\/fr\/barres-rondes-inox-aisi-304-etirees-longueur-3-m\/#breadcrumb"},"inLanguage":"fr-FR","potentialAction":[{"@type":"ReadAction","target":["https:\/\/www.inoxforniture.it\/fr\/barres-rondes-inox-aisi-304-etirees-longueur-3-m\/"]}]},{"@type":"ImageObject","inLanguage":"fr-FR","@id":"https:\/\/www.inoxforniture.it\/fr\/barres-rondes-inox-aisi-304-etirees-longueur-3-m\/#primaryimage","url":"https:\/\/www.inoxforniture.it\/wp-content\/uploads\/2014\/10\/4220000_1_1.jpg","contentUrl":"https:\/\/www.inoxforniture.it\/wp-content\/uploads\/2014\/10\/4220000_1_1.jpg","width":480,"height":480,"caption":"BARRES RONDES INOX AISI 304 \u00c9TIR\u00c9ES h9 - LONGUEUR 3 M-0"},{"@type":"BreadcrumbList","@id":"https:\/\/www.inoxforniture.it\/fr\/barres-rondes-inox-aisi-304-etirees-longueur-3-m\/#breadcrumb","itemListElement":[{"@type":"ListItem","position":1,"name":"Accueil","item":"https:\/\/www.inoxforniture.it\/"},{"@type":"ListItem","position":2,"name":"Boutique","item":"https:\/\/www.inoxforniture.it\/fr\/boutique\/"},{"@type":"ListItem","position":3,"name":"Tubes et Barres","item":"https:\/\/www.inoxforniture.it\/fr\/tubes-et-barres\/"},{"@type":"ListItem","position":4,"name":"BARRES RONDES INOX AISI 304 \u00c9TIR\u00c9ES &#8211; LONGUEUR 3 M"}]},{"@type":"WebSite","@id":"https:\/\/www.inoxforniture.it\/#website","url":"https:\/\/www.inoxforniture.it\/","name":"Inox Forniture","description":"","publisher":{"@id":"https:\/\/www.inoxforniture.it\/#organization"},"potentialAction":[{"@type":"SearchAction","target":{"@type":"EntryPoint","urlTemplate":"https:\/\/www.inoxforniture.it\/?s={search_term_string}"},"query-input":{"@type":"PropertyValueSpecification","valueRequired":true,"valueName":"search_term_string"}}],"inLanguage":"fr-FR"},{"@type":"Organization","@id":"https:\/\/www.inoxforniture.it\/#organization","name":"Inox Forniture srl","url":"https:\/\/www.inoxforniture.it\/","logo":{"@type":"ImageObject","inLanguage":"fr-FR","@id":"https:\/\/www.inoxforniture.it\/#\/schema\/logo\/image\/","url":"https:\/\/www.inoxforniture.it\/wp-content\/uploads\/2021\/01\/logo_inox.png","contentUrl":"https:\/\/www.inoxforniture.it\/wp-content\/uploads\/2021\/01\/logo_inox.png","width":230,"height":44,"caption":"Inox Forniture srl"},"image":{"@id":"https:\/\/www.inoxforniture.it\/#\/schema\/logo\/image\/"},"sameAs":["https:\/\/www.facebook.com\/Inox.Forniture","https:\/\/x.com\/InoxForniture"]}]}},"df_price":1.87,"df_sale_price":"","df_regular_price":1.87,"df_image_link":"https:\/\/www.inoxforniture.it\/wp-content\/uploads\/2014\/10\/4220000_1_1-300x300.jpg","tiered_pricing_type":"fixed","tiered_pricing_fixed_rules":[],"tiered_pricing_product_settings":{"layout":"default","base_unit_name":{"singular":null,"plural":null},"default_variation":null},"tiered_pricing_minimum_quantity":null,"tiered_pricing_roles_data":{"privato":{"product_id":58840,"role":"privato","pricing_type":"flat","regular_price":null,"sale_price":null,"discount":null,"discount_type":"sale_price","tiered_pricing_type":"fixed","percentage_rules":[],"fixed_rules":[],"minimum":null},"azienda":{"product_id":58840,"role":"azienda","pricing_type":"flat","regular_price":null,"sale_price":null,"discount":null,"discount_type":"sale_price","tiered_pricing_type":"fixed","percentage_rules":[],"fixed_rules":[],"minimum":null},"azienda_premium":{"product_id":58840,"role":"azienda_premium","pricing_type":"flat","regular_price":null,"sale_price":null,"discount":null,"discount_type":"sale_price","tiered_pricing_type":"fixed","percentage_rules":[],"fixed_rules":[],"minimum":null}},"tiered_pricing_percentage_rules":[],"tiered_pricing_maximum_quantity":null,"tiered_pricing_quantity_step":null,"_links":{"self":[{"href":"https:\/\/www.inoxforniture.it\/fr\/wp-json\/wp\/v2\/product\/58840","targetHints":{"allow":["GET"]}}],"collection":[{"href":"https:\/\/www.inoxforniture.it\/fr\/wp-json\/wp\/v2\/product"}],"about":[{"href":"https:\/\/www.inoxforniture.it\/fr\/wp-json\/wp\/v2\/types\/product"}],"wp:featuredmedia":[{"embeddable":true,"href":"https:\/\/www.inoxforniture.it\/fr\/wp-json\/wp\/v2\/media\/58841"}],"wp:attachment":[{"href":"https:\/\/www.inoxforniture.it\/fr\/wp-json\/wp\/v2\/media?parent=58840"}],"wp:term":[{"taxonomy":"product_brand","embeddable":true,"href":"https:\/\/www.inoxforniture.it\/fr\/wp-json\/wp\/v2\/product_brand?post=58840"},{"taxonomy":"product_cat","embeddable":true,"href":"https:\/\/www.inoxforniture.it\/fr\/wp-json\/wp\/v2\/product_cat?post=58840"},{"taxonomy":"product_tag","embeddable":true,"href":"https:\/\/www.inoxforniture.it\/fr\/wp-json\/wp\/v2\/product_tag?post=58840"}],"curies":[{"name":"wp","href":"https:\/\/api.w.org\/{rel}","templated":true}]}}