{"id":58794,"date":"2014-10-17T13:41:37","date_gmt":"2014-10-17T11:41:37","guid":{"rendered":"https:\/\/www.inoxforniture.it\/cornieres-en-acier-inoxydable-aisi-304-laminees-a-chaud-longueur-3-m\/"},"modified":"2026-03-24T14:31:40","modified_gmt":"2026-03-24T13:31:40","slug":"cornieres-en-acier-inoxydable-aisi-304-laminees-a-chaud-longueur-3-m","status":"publish","type":"product","link":"https:\/\/www.inoxforniture.it\/fr\/cornieres-en-acier-inoxydable-aisi-304-laminees-a-chaud-longueur-3-m\/","title":{"rendered":"CORNI\u00c8RES EN ACIER INOXYDABLE AISI 304 LAMIN\u00c9ES \u00c0 CHAUD &#8211; LONGUEUR 3 M"},"content":{"rendered":"<p>Tableau du poids th\u00e9orique des corni\u00e8res \u00e0 ailes \u00e9gales en acier inoxydable AISI 304 et AISI 316.<\/p>\n<p>Poids exprim\u00e9 en kg\/m<\/p>\n<p><img fetchpriority=\"high\" decoding=\"async\" class=\" size-full wp-image-3833\" title=\"Tableau du poids th\u00e9orique des corni\u00e8res en acier inoxydable\" src=\"https:\/\/www.inoxforniture.it\/wp-content\/uploads\/2014\/10\/Tab_4510000.jpg\" alt=\"Tableau du poids th\u00e9orique des corni\u00e8res \u00e0 ailes \u00e9gales en acier inoxydable AISI 304 et AISI 316\" width=\"750\" height=\"412\" srcset=\"https:\/\/www.inoxforniture.it\/wp-content\/uploads\/2014\/10\/Tab_4510000.jpg 750w, https:\/\/www.inoxforniture.it\/wp-content\/uploads\/2014\/10\/Tab_4510000-640x352.jpg 640w, https:\/\/www.inoxforniture.it\/wp-content\/uploads\/2014\/10\/Tab_4510000-400x220.jpg 400w, https:\/\/www.inoxforniture.it\/wp-content\/uploads\/2014\/10\/Tab_4510000-600x330.jpg 600w\" sizes=\"(max-width: 750px) 100vw, 750px\" \/><\/p>\n","protected":false},"excerpt":{"rendered":"<p>&#8211; Ne conviennent pas \u00e0 un usage esth\u00e9tique<\/p>\n<p><strong>CHOISISSEZ LES DIMENSIONS EXT\u00c9RIEURES ET L&rsquo;\u00c9PAISSEUR CI-DESSOUS<\/strong><\/p>\n","protected":false},"featured_media":58795,"template":"","meta":{"_acf_changed":false},"product_brand":[],"product_cat":[4092],"product_tag":[4376,4377,4375,4379,4380,4378,4382,4381,4374,4373],"class_list":{"0":"post-58794","1":"product","2":"type-product","3":"status-publish","4":"has-post-thumbnail","6":"product_cat-tubes-et-barres","7":"product_tag-corniere-aisi-304","8":"product_tag-corniere-en-acier-inoxydable","9":"product_tag-corniere-inox","10":"product_tag-cornieres-aisi-304","11":"product_tag-cornieres-en-acier-inoxydable","12":"product_tag-cornieres-inox","13":"product_tag-profiles-aisi-304","14":"product_tag-profiles-en-acier","15":"product_tag-profiles-en-acier-inoxydable","16":"product_tag-profiles-inox","17":"pa_marchio-inox-forniture","18":"pa_prodotto-20x-20x-3","19":"pa_prodotto-25x-25x-3","20":"pa_prodotto-30x-30x-3","21":"pa_prodotto-35x-35x-4","22":"pa_prodotto-40x-40x-4","23":"pa_prodotto-50x-50x-5","24":"pa_prodotto-60x-60x-6","26":"first","27":"instock","28":"taxable","29":"shipping-taxable","30":"purchasable","31":"product-type-variable"},"acf":[],"yoast_head":"<!-- This site is optimized with the Yoast SEO plugin v27.3 - https:\/\/yoast.com\/product\/yoast-seo-wordpress\/ -->\n<title>Inox Forniture - corni\u00e8res en acier inoxydable AISI 304<\/title>\n<meta name=\"description\" content=\"Achetez en ligne des corni\u00e8res en acier inoxydable AISI 304. Disponibles en diff\u00e9rentes dimensions. Barres de 3 m\u00e8tres, disponibles sur demande \u00e9galement en 6 m\u00e8tres.\" \/>\n<meta name=\"robots\" content=\"index, follow, max-snippet:-1, max-image-preview:large, max-video-preview:-1\" \/>\n<link rel=\"canonical\" href=\"https:\/\/www.inoxforniture.it\/fr\/cornieres-en-acier-inoxydable-aisi-304-laminees-a-chaud-longueur-3-m\/\" \/>\n<meta property=\"og:locale\" content=\"fr_FR\" \/>\n<meta property=\"og:type\" content=\"article\" \/>\n<meta property=\"og:title\" content=\"Inox Forniture - corni\u00e8res en acier inoxydable AISI 304\" \/>\n<meta property=\"og:description\" content=\"Achetez en ligne des corni\u00e8res en acier inoxydable AISI 304. Disponibles en diff\u00e9rentes dimensions. Barres de 3 m\u00e8tres, disponibles sur demande \u00e9galement en 6 m\u00e8tres.\" \/>\n<meta property=\"og:url\" content=\"https:\/\/www.inoxforniture.it\/fr\/cornieres-en-acier-inoxydable-aisi-304-laminees-a-chaud-longueur-3-m\/\" \/>\n<meta property=\"og:site_name\" content=\"Inox Forniture\" \/>\n<meta property=\"article:publisher\" content=\"https:\/\/www.facebook.com\/Inox.Forniture\" \/>\n<meta property=\"article:modified_time\" content=\"2026-03-24T13:31:40+00:00\" \/>\n<meta property=\"og:image\" content=\"https:\/\/www.inoxforniture.it\/wp-content\/uploads\/2014\/10\/4510000_1.jpg\" \/>\n\t<meta property=\"og:image:width\" content=\"480\" \/>\n\t<meta property=\"og:image:height\" content=\"480\" \/>\n\t<meta property=\"og:image:type\" content=\"image\/jpeg\" \/>\n<meta name=\"twitter:card\" content=\"summary_large_image\" \/>\n<meta name=\"twitter:site\" content=\"@InoxForniture\" \/>\n<script type=\"application\/ld+json\" class=\"yoast-schema-graph\">{\"@context\":\"https:\\\/\\\/schema.org\",\"@graph\":[{\"@type\":\"WebPage\",\"@id\":\"https:\\\/\\\/www.inoxforniture.it\\\/fr\\\/cornieres-en-acier-inoxydable-aisi-304-laminees-a-chaud-longueur-3-m\\\/\",\"url\":\"https:\\\/\\\/www.inoxforniture.it\\\/fr\\\/cornieres-en-acier-inoxydable-aisi-304-laminees-a-chaud-longueur-3-m\\\/\",\"name\":\"Inox Forniture - corni\u00e8res en acier inoxydable AISI 304\",\"isPartOf\":{\"@id\":\"https:\\\/\\\/www.inoxforniture.it\\\/#website\"},\"primaryImageOfPage\":{\"@id\":\"https:\\\/\\\/www.inoxforniture.it\\\/fr\\\/cornieres-en-acier-inoxydable-aisi-304-laminees-a-chaud-longueur-3-m\\\/#primaryimage\"},\"image\":{\"@id\":\"https:\\\/\\\/www.inoxforniture.it\\\/fr\\\/cornieres-en-acier-inoxydable-aisi-304-laminees-a-chaud-longueur-3-m\\\/#primaryimage\"},\"thumbnailUrl\":\"https:\\\/\\\/www.inoxforniture.it\\\/wp-content\\\/uploads\\\/2014\\\/10\\\/4510000_1.jpg\",\"datePublished\":\"2014-10-17T11:41:37+00:00\",\"dateModified\":\"2026-03-24T13:31:40+00:00\",\"description\":\"Achetez en ligne des corni\u00e8res en acier inoxydable AISI 304. Disponibles en diff\u00e9rentes dimensions. Barres de 3 m\u00e8tres, disponibles sur demande \u00e9galement en 6 m\u00e8tres.\",\"breadcrumb\":{\"@id\":\"https:\\\/\\\/www.inoxforniture.it\\\/fr\\\/cornieres-en-acier-inoxydable-aisi-304-laminees-a-chaud-longueur-3-m\\\/#breadcrumb\"},\"inLanguage\":\"fr-FR\",\"potentialAction\":[{\"@type\":\"ReadAction\",\"target\":[\"https:\\\/\\\/www.inoxforniture.it\\\/fr\\\/cornieres-en-acier-inoxydable-aisi-304-laminees-a-chaud-longueur-3-m\\\/\"]}]},{\"@type\":\"ImageObject\",\"inLanguage\":\"fr-FR\",\"@id\":\"https:\\\/\\\/www.inoxforniture.it\\\/fr\\\/cornieres-en-acier-inoxydable-aisi-304-laminees-a-chaud-longueur-3-m\\\/#primaryimage\",\"url\":\"https:\\\/\\\/www.inoxforniture.it\\\/wp-content\\\/uploads\\\/2014\\\/10\\\/4510000_1.jpg\",\"contentUrl\":\"https:\\\/\\\/www.inoxforniture.it\\\/wp-content\\\/uploads\\\/2014\\\/10\\\/4510000_1.jpg\",\"width\":480,\"height\":480,\"caption\":\"CORNI\u00c8RES EN ACIER INOXYDABLE AISI 304 LAMIN\u00c9ES \u00c0 CHAUD - LONGUEUR 3 M-0\"},{\"@type\":\"BreadcrumbList\",\"@id\":\"https:\\\/\\\/www.inoxforniture.it\\\/fr\\\/cornieres-en-acier-inoxydable-aisi-304-laminees-a-chaud-longueur-3-m\\\/#breadcrumb\",\"itemListElement\":[{\"@type\":\"ListItem\",\"position\":1,\"name\":\"Accueil\",\"item\":\"https:\\\/\\\/www.inoxforniture.it\\\/\"},{\"@type\":\"ListItem\",\"position\":2,\"name\":\"Boutique\",\"item\":\"https:\\\/\\\/www.inoxforniture.it\\\/fr\\\/boutique\\\/\"},{\"@type\":\"ListItem\",\"position\":3,\"name\":\"Tubes et Barres\",\"item\":\"https:\\\/\\\/www.inoxforniture.it\\\/fr\\\/tubes-et-barres\\\/\"},{\"@type\":\"ListItem\",\"position\":4,\"name\":\"CORNI\u00c8RES EN ACIER INOXYDABLE AISI 304 LAMIN\u00c9ES \u00c0 CHAUD &#8211; LONGUEUR 3 M\"}]},{\"@type\":\"WebSite\",\"@id\":\"https:\\\/\\\/www.inoxforniture.it\\\/#website\",\"url\":\"https:\\\/\\\/www.inoxforniture.it\\\/\",\"name\":\"Inox Forniture\",\"description\":\"\",\"publisher\":{\"@id\":\"https:\\\/\\\/www.inoxforniture.it\\\/#organization\"},\"potentialAction\":[{\"@type\":\"SearchAction\",\"target\":{\"@type\":\"EntryPoint\",\"urlTemplate\":\"https:\\\/\\\/www.inoxforniture.it\\\/?s={search_term_string}\"},\"query-input\":{\"@type\":\"PropertyValueSpecification\",\"valueRequired\":true,\"valueName\":\"search_term_string\"}}],\"inLanguage\":\"fr-FR\"},{\"@type\":\"Organization\",\"@id\":\"https:\\\/\\\/www.inoxforniture.it\\\/#organization\",\"name\":\"Inox Forniture srl\",\"url\":\"https:\\\/\\\/www.inoxforniture.it\\\/\",\"logo\":{\"@type\":\"ImageObject\",\"inLanguage\":\"fr-FR\",\"@id\":\"https:\\\/\\\/www.inoxforniture.it\\\/#\\\/schema\\\/logo\\\/image\\\/\",\"url\":\"https:\\\/\\\/www.inoxforniture.it\\\/wp-content\\\/uploads\\\/2021\\\/01\\\/logo_inox.png\",\"contentUrl\":\"https:\\\/\\\/www.inoxforniture.it\\\/wp-content\\\/uploads\\\/2021\\\/01\\\/logo_inox.png\",\"width\":230,\"height\":44,\"caption\":\"Inox Forniture srl\"},\"image\":{\"@id\":\"https:\\\/\\\/www.inoxforniture.it\\\/#\\\/schema\\\/logo\\\/image\\\/\"},\"sameAs\":[\"https:\\\/\\\/www.facebook.com\\\/Inox.Forniture\",\"https:\\\/\\\/x.com\\\/InoxForniture\"]}]}<\/script>\n<!-- \/ Yoast SEO plugin. -->","yoast_head_json":{"title":"Inox Forniture - corni\u00e8res en acier inoxydable AISI 304","description":"Achetez en ligne des corni\u00e8res en acier inoxydable AISI 304. Disponibles en diff\u00e9rentes dimensions. Barres de 3 m\u00e8tres, disponibles sur demande \u00e9galement en 6 m\u00e8tres.","robots":{"index":"index","follow":"follow","max-snippet":"max-snippet:-1","max-image-preview":"max-image-preview:large","max-video-preview":"max-video-preview:-1"},"canonical":"https:\/\/www.inoxforniture.it\/fr\/cornieres-en-acier-inoxydable-aisi-304-laminees-a-chaud-longueur-3-m\/","og_locale":"fr_FR","og_type":"article","og_title":"Inox Forniture - corni\u00e8res en acier inoxydable AISI 304","og_description":"Achetez en ligne des corni\u00e8res en acier inoxydable AISI 304. Disponibles en diff\u00e9rentes dimensions. Barres de 3 m\u00e8tres, disponibles sur demande \u00e9galement en 6 m\u00e8tres.","og_url":"https:\/\/www.inoxforniture.it\/fr\/cornieres-en-acier-inoxydable-aisi-304-laminees-a-chaud-longueur-3-m\/","og_site_name":"Inox Forniture","article_publisher":"https:\/\/www.facebook.com\/Inox.Forniture","article_modified_time":"2026-03-24T13:31:40+00:00","og_image":[{"width":480,"height":480,"url":"https:\/\/www.inoxforniture.it\/wp-content\/uploads\/2014\/10\/4510000_1.jpg","type":"image\/jpeg"}],"twitter_card":"summary_large_image","twitter_site":"@InoxForniture","schema":{"@context":"https:\/\/schema.org","@graph":[{"@type":"WebPage","@id":"https:\/\/www.inoxforniture.it\/fr\/cornieres-en-acier-inoxydable-aisi-304-laminees-a-chaud-longueur-3-m\/","url":"https:\/\/www.inoxforniture.it\/fr\/cornieres-en-acier-inoxydable-aisi-304-laminees-a-chaud-longueur-3-m\/","name":"Inox Forniture - corni\u00e8res en acier inoxydable AISI 304","isPartOf":{"@id":"https:\/\/www.inoxforniture.it\/#website"},"primaryImageOfPage":{"@id":"https:\/\/www.inoxforniture.it\/fr\/cornieres-en-acier-inoxydable-aisi-304-laminees-a-chaud-longueur-3-m\/#primaryimage"},"image":{"@id":"https:\/\/www.inoxforniture.it\/fr\/cornieres-en-acier-inoxydable-aisi-304-laminees-a-chaud-longueur-3-m\/#primaryimage"},"thumbnailUrl":"https:\/\/www.inoxforniture.it\/wp-content\/uploads\/2014\/10\/4510000_1.jpg","datePublished":"2014-10-17T11:41:37+00:00","dateModified":"2026-03-24T13:31:40+00:00","description":"Achetez en ligne des corni\u00e8res en acier inoxydable AISI 304. Disponibles en diff\u00e9rentes dimensions. Barres de 3 m\u00e8tres, disponibles sur demande \u00e9galement en 6 m\u00e8tres.","breadcrumb":{"@id":"https:\/\/www.inoxforniture.it\/fr\/cornieres-en-acier-inoxydable-aisi-304-laminees-a-chaud-longueur-3-m\/#breadcrumb"},"inLanguage":"fr-FR","potentialAction":[{"@type":"ReadAction","target":["https:\/\/www.inoxforniture.it\/fr\/cornieres-en-acier-inoxydable-aisi-304-laminees-a-chaud-longueur-3-m\/"]}]},{"@type":"ImageObject","inLanguage":"fr-FR","@id":"https:\/\/www.inoxforniture.it\/fr\/cornieres-en-acier-inoxydable-aisi-304-laminees-a-chaud-longueur-3-m\/#primaryimage","url":"https:\/\/www.inoxforniture.it\/wp-content\/uploads\/2014\/10\/4510000_1.jpg","contentUrl":"https:\/\/www.inoxforniture.it\/wp-content\/uploads\/2014\/10\/4510000_1.jpg","width":480,"height":480,"caption":"CORNI\u00c8RES EN ACIER INOXYDABLE AISI 304 LAMIN\u00c9ES \u00c0 CHAUD - LONGUEUR 3 M-0"},{"@type":"BreadcrumbList","@id":"https:\/\/www.inoxforniture.it\/fr\/cornieres-en-acier-inoxydable-aisi-304-laminees-a-chaud-longueur-3-m\/#breadcrumb","itemListElement":[{"@type":"ListItem","position":1,"name":"Accueil","item":"https:\/\/www.inoxforniture.it\/"},{"@type":"ListItem","position":2,"name":"Boutique","item":"https:\/\/www.inoxforniture.it\/fr\/boutique\/"},{"@type":"ListItem","position":3,"name":"Tubes et Barres","item":"https:\/\/www.inoxforniture.it\/fr\/tubes-et-barres\/"},{"@type":"ListItem","position":4,"name":"CORNI\u00c8RES EN ACIER INOXYDABLE AISI 304 LAMIN\u00c9ES \u00c0 CHAUD &#8211; LONGUEUR 3 M"}]},{"@type":"WebSite","@id":"https:\/\/www.inoxforniture.it\/#website","url":"https:\/\/www.inoxforniture.it\/","name":"Inox Forniture","description":"","publisher":{"@id":"https:\/\/www.inoxforniture.it\/#organization"},"potentialAction":[{"@type":"SearchAction","target":{"@type":"EntryPoint","urlTemplate":"https:\/\/www.inoxforniture.it\/?s={search_term_string}"},"query-input":{"@type":"PropertyValueSpecification","valueRequired":true,"valueName":"search_term_string"}}],"inLanguage":"fr-FR"},{"@type":"Organization","@id":"https:\/\/www.inoxforniture.it\/#organization","name":"Inox Forniture srl","url":"https:\/\/www.inoxforniture.it\/","logo":{"@type":"ImageObject","inLanguage":"fr-FR","@id":"https:\/\/www.inoxforniture.it\/#\/schema\/logo\/image\/","url":"https:\/\/www.inoxforniture.it\/wp-content\/uploads\/2021\/01\/logo_inox.png","contentUrl":"https:\/\/www.inoxforniture.it\/wp-content\/uploads\/2021\/01\/logo_inox.png","width":230,"height":44,"caption":"Inox Forniture srl"},"image":{"@id":"https:\/\/www.inoxforniture.it\/#\/schema\/logo\/image\/"},"sameAs":["https:\/\/www.facebook.com\/Inox.Forniture","https:\/\/x.com\/InoxForniture"]}]}},"df_price":21.39,"df_sale_price":"","df_regular_price":21.39,"df_image_link":"https:\/\/www.inoxforniture.it\/wp-content\/uploads\/2014\/10\/4510000_1-300x300.jpg","tiered_pricing_type":"fixed","tiered_pricing_fixed_rules":[],"tiered_pricing_product_settings":{"layout":"default","base_unit_name":{"singular":null,"plural":null},"default_variation":null},"tiered_pricing_minimum_quantity":null,"tiered_pricing_roles_data":{"privato":{"product_id":58794,"role":"privato","pricing_type":"flat","regular_price":null,"sale_price":null,"discount":null,"discount_type":"sale_price","tiered_pricing_type":"fixed","percentage_rules":[],"fixed_rules":[],"minimum":null},"azienda":{"product_id":58794,"role":"azienda","pricing_type":"flat","regular_price":null,"sale_price":null,"discount":null,"discount_type":"sale_price","tiered_pricing_type":"fixed","percentage_rules":[],"fixed_rules":[],"minimum":null},"azienda_premium":{"product_id":58794,"role":"azienda_premium","pricing_type":"flat","regular_price":null,"sale_price":null,"discount":null,"discount_type":"sale_price","tiered_pricing_type":"fixed","percentage_rules":[],"fixed_rules":[],"minimum":null}},"tiered_pricing_percentage_rules":[],"tiered_pricing_maximum_quantity":null,"tiered_pricing_quantity_step":null,"_links":{"self":[{"href":"https:\/\/www.inoxforniture.it\/fr\/wp-json\/wp\/v2\/product\/58794","targetHints":{"allow":["GET"]}}],"collection":[{"href":"https:\/\/www.inoxforniture.it\/fr\/wp-json\/wp\/v2\/product"}],"about":[{"href":"https:\/\/www.inoxforniture.it\/fr\/wp-json\/wp\/v2\/types\/product"}],"wp:featuredmedia":[{"embeddable":true,"href":"https:\/\/www.inoxforniture.it\/fr\/wp-json\/wp\/v2\/media\/58795"}],"wp:attachment":[{"href":"https:\/\/www.inoxforniture.it\/fr\/wp-json\/wp\/v2\/media?parent=58794"}],"wp:term":[{"taxonomy":"product_brand","embeddable":true,"href":"https:\/\/www.inoxforniture.it\/fr\/wp-json\/wp\/v2\/product_brand?post=58794"},{"taxonomy":"product_cat","embeddable":true,"href":"https:\/\/www.inoxforniture.it\/fr\/wp-json\/wp\/v2\/product_cat?post=58794"},{"taxonomy":"product_tag","embeddable":true,"href":"https:\/\/www.inoxforniture.it\/fr\/wp-json\/wp\/v2\/product_tag?post=58794"}],"curies":[{"name":"wp","href":"https:\/\/api.w.org\/{rel}","templated":true}]}}